{"id":10012,"date":"2020-12-16T15:42:56","date_gmt":"2020-12-16T14:42:56","guid":{"rendered":"http:\/\/www.caudete.org\/ayuntamiento\/?page_id=10012"},"modified":"2020-12-16T15:47:30","modified_gmt":"2020-12-16T14:47:30","slug":"gastronomia-caudetana","status":"publish","type":"page","link":"https:\/\/www.caudete.org\/ayuntamiento\/gastronomia-caudetana\/","title":{"rendered":"Turismo &#8211; Gastronom\u00eda Caudetana"},"content":{"rendered":"<h5>Gastronom\u00eda t\u00edpica de Caudete<\/h5>\n<hr>\n<div id=\"cen_sec_not\">\n<div id=\"noticia\">\n<div id=\"recuadro_not\">\n<p style=\"text-align: justify;\">Le hacemos una selecci\u00f3n de los platos m\u00e1s t\u00edpicos. Todos ellos pueden encontrarse f\u00e1cilmente en los restaurantes locales.<\/p>\n<p style=\"text-align: justify;\">El plato m\u00e1s conocido de la gastronom\u00eda local es, sin duda, <b>los gazpachos al estilo caudetano<\/b>, pues sus ingredientes var\u00edan de otras recetas de la comarca. Nuestros gazpachos suele contener carne de caza o de corral (al gusto), setas, caracoles serranos, romero y prebella. Es muy f\u00e1cil que encontr\u00e9is este plato en las cartas de los restaurantes, pues es bastante demandado.<\/p>\n<p style=\"text-align: justify;\">La fr\u00edas ma\u00f1anas de invierno son el mejor momento para una buena <b>gachamiga <\/b>acompa\u00f1ada de una copa de vino. Este plato se suele decorar al centro con rica longaniza, morcilla y panceta. Es una opci\u00f3n ideal para compartir con amigos una ma\u00f1ana de s\u00e1bado o domingo. Muchos restaurantes locales lo preparan por encargo.<\/p>\n<p style=\"text-align: justify;\">Otro cl\u00e1sico de Caudete son las <b>habas<\/b>. Preparadas como aperitivo son exquisitas, con el punto picante que da la cayena. Es un plato que apetece en verano, como los <b>caracoles<\/b>, para tomar al fresco y acompa\u00f1ar con una rica cerveza.<\/p>\n<p style=\"text-align: justify;\">Pero las habas pueden ser tambi\u00e9n un contundente primer plato si las comemos calenticas y las acompa\u00f1amos de una salsa de tomate con jam\u00f3n serrano y chorizo.<\/p>\n<p style=\"text-align: justify;\">Un plato muy sano de la gastronom\u00eda caudetana es el <b>arroz caldoso con verduras <\/b>y, l\u00f3gicamente, las verduras son el ingrediente estrella: ra\u00edjos, ajos tiernos, bajocas y \u201cescarciles\u201d entre otras (as\u00ed se les llama en Caudete); y en contra de lo que pueda parecer, podemos disfrutar de este casero plato en muchos restaurantes de Caudete.<\/p>\n<p style=\"text-align: justify;\">Herencia de nuestro pasado valenciano es la famosa <b>paella de carne<\/b>. Los ingredientes aqu\u00ed usados le dan un toque de \u201cinterior\u201d: pollo, conejo, caracoles y bajocas, productos que hab\u00eda normalmente en todas las casas.<\/p>\n<p style=\"text-align: justify;\">Las <b>pelotas de relleno<\/b>, o relleno, como aqu\u00ed se le llama, tienen como ingredientes carne picada, huevo y pi\u00f1ones, entre otros. Tradicionalmente, los platos de carne eran reservados para los domingos o los d\u00edas de fiestas especiales, como en Moros y Cristinos. Testigo de esa tradici\u00f3n es que en ninguna mesa caudetana faltan las pelotas de relleno el 8 de septiembre, d\u00eda de la Virgen de Gracia.<\/p>\n<p style=\"text-align: justify;\">Anta\u00f1o, en Caudete, tambi\u00e9n se elaboraban frecuentemente las <b>pelotas de ma\u00edz<\/b>, un rico plato de vigilia que se prepara con harina de ma\u00edz y bacalao. Una vez hechas la pelotas se dejan cocer en un caldo de verduras con habichuelas.<\/p>\n<p style=\"text-align: justify;\">Otros platos t\u00edpicos de la cocina caudetana son: la <b>paella de menudo<\/b>, la <b>paella de costillas <\/b>y el <b>cocido <\/b>.<\/p>\n<p style=\"text-align: justify;\">Muchos de los platos de los que hemos hablado tienen un protagonismo especial los d\u00edas m\u00e1s importantes de a\u00f1o para cualquier caudetano: en <b>fiestas de Moros y Cristinos<\/b>. Hasta hoy se ha mantenido la tradici\u00f3n de elaborar un plato t\u00edpico cada d\u00eda de la fiesta: el d\u00eda 6 es el de los <b>gazpachos<\/b>, el d\u00eda 7, <b>paella<\/b>; para el d\u00eda 8, festividad de la virgen de Gracia, <b>pelotas de relleno<\/b>. \u00c9sta es una costumbre que se mantiene en las casas, pero tambi\u00e9n se ha trasladado a los restaurantes locales.<\/p>\n<p style=\"text-align: justify;\">Merece una menci\u00f3n especial el magn\u00edfico <b>aceite de oliva de Caudete<\/b>, rey de la dieta mediterr\u00e1nea y garant\u00eda de salud. El aceite caudetano es muy afamado y mucha gente se desplaza aqu\u00ed s\u00f3lo para conseguirlo. Elaborado con las variedades Cornicabra, Manzanet y changlot, y es muy apreciado por su excelente calidad. En las almazaras locales (y alg\u00fan que otro comercio) encontrar\u00e1 tanto aceite de oliva virgen como virgen extra o <b>virgen extra ecol\u00f3gico<\/b>.<\/p>\n<p style=\"text-align: justify;\">Los vinos caudetanos est\u00e1n acogidos a la <b>Denominaci\u00f3n Vinos de la Tierra de Castilla<\/b>. Caudete no es un pueblo grande, sin embargo aqu\u00ed hay cuatro bodegas, lo que da fe de la importancia de la producci\u00f3n vin\u00edcola local. Las bodegas locales organizan <b>visitas guiadas a grupos <\/b>para conocer las instalaciones y la forma de elaboraci\u00f3n de los aceites y vinos locales. En todos los casos se ofrecen degustaciones de sus productos y hasta se puede concertar la comida con la propia bodega.<\/p>\n<p style=\"text-align: justify;\">En <b>dulces y pastas <\/b>la opci\u00f3n es bastante amplia. Los <b>machacos <\/b>son la especialidad caudetana por excelencia (no los elaboran en ning\u00fan otro sitio). Es una pasta hojaldrada enrollada y envuelta en az\u00facar molida. Las pasteler\u00edas locales tambi\u00e9n elaboran rollos de vino, almendrados, polvorones, mantecados, pastas de aguardiente, tortas de carnaval, sin olvidar las famosas monas de Pascua; no en vano aqu\u00ed celebramos las Pascuas con todo su protocolo, jornada de campo y mona con chocolate incluido.<\/p>\n<p style=\"text-align: justify;\">Texto: Oficina Municipal de Turismo de Caudete.<\/p>\n<p style=\"text-align: justify;\">Bodegas y Almazaras que organizan visitas guiadas:<\/p>\n<p style=\"text-align: justify;\">&#8211; Almazara y conservas Agull\u00f3. Tf: 96-582-70-84<br \/>\n&#8211; Cooperativa del Campo San Isidro. Tf: 96-582-70-23<br \/>\n&#8211; Finca Casa Alarc\u00f3n. Tf: 96-582-82-66<br \/>\n&#8211; Bodega Santa Margarita. Tf: 965-979-003<br \/>\n&#8211; Bodega Casa Corredor. Tf: 600-94-84-60<\/p>\n<\/div>\n<div id=\"enlaces\">\n<h5 style=\"text-align: justify;\">Enlaces relacionados<\/h5>\n<hr>\n<ul>\n<li style=\"text-align: justify;\"><a href=\"http:\/\/www.almazaraagullo.com\" target=\"_blank\" rel=\"noopener nofollow\">www.almazaraagullo.com<\/a><\/li>\n<li style=\"text-align: justify;\"><a href=\"http:\/\/www.cooperativacaudete.com\" target=\"_blank\" rel=\"noopener nofollow\">www.cooperativacaudete.com<\/a><\/li>\n<li style=\"text-align: justify;\"><a href=\"http:\/\/www.santamargarita.es\" target=\"_blank\" rel=\"noopener nofollow\">www.santamargarita.es<\/a><\/li>\n<li style=\"text-align: justify;\"><a href=\"http:\/\/casacorredor.com\/#\/bodega\/historia-bodega\/\" target=\"_blank\" rel=\"noopener nofollow\">casacorredor.com\/#\/bodega\/historia-bodega\/<\/a><\/li>\n<\/ul>\nngg_shortcode_0_placeholder<\/div>\n<\/div>\n<\/div>\n","protected":false},"excerpt":{"rendered":"<p>Gastronom\u00eda t\u00edpica de Caudete Le hacemos una selecci\u00f3n de los platos m\u00e1s t\u00edpicos. Todos ellos pueden encontrarse f\u00e1cilmente en los restaurantes locales. El plato m\u00e1s conocido de la gastronom\u00eda local es, sin duda, los gazpachos al estilo caudetano, pues sus ingredientes var\u00edan de otras recetas de la comarca. Nuestros gazpachos suele contener carne de caza &hellip;<\/p>\n","protected":false},"author":1,"featured_media":0,"parent":0,"menu_order":0,"comment_status":"closed","ping_status":"closed","template":"","meta":{"ngg_post_thumbnail":0,"footnotes":""},"categories":[135],"tags":[],"class_list":["post-10012","page","type-page","status-publish","hentry","category-turismo-2"],"yoast_head":"<!-- This site is optimized with the Yoast SEO plugin v27.5 - https:\/\/yoast.com\/product\/yoast-seo-wordpress\/ -->\n<title>Turismo - Gastronom\u00eda Caudetana - MI Ayuntamiento de Caudete<\/title>\n<meta name=\"description\" content=\"P\u00e1gina Oficial del Ayuntamiento de Caudete (Albacete)\" \/>\n<meta name=\"robots\" content=\"index, follow, max-snippet:-1, max-image-preview:large, max-video-preview:-1\" \/>\n<link rel=\"canonical\" href=\"https:\/\/www.caudete.org\/ayuntamiento\/gastronomia-caudetana\/\" \/>\n<meta property=\"og:locale\" content=\"es_ES\" \/>\n<meta property=\"og:type\" content=\"article\" \/>\n<meta property=\"og:title\" content=\"Turismo - Gastronom\u00eda Caudetana - MI Ayuntamiento de Caudete\" \/>\n<meta property=\"og:description\" content=\"P\u00e1gina Oficial del Ayuntamiento de Caudete (Albacete)\" \/>\n<meta property=\"og:url\" content=\"https:\/\/www.caudete.org\/ayuntamiento\/gastronomia-caudetana\/\" \/>\n<meta property=\"og:site_name\" content=\"MI Ayuntamiento de Caudete\" \/>\n<meta property=\"article:publisher\" content=\"https:\/\/www.facebook.com\/ayuntamientocaudete\/\" \/>\n<meta property=\"article:modified_time\" content=\"2020-12-16T14:47:30+00:00\" \/>\n<meta name=\"twitter:card\" content=\"summary_large_image\" \/>\n<meta name=\"twitter:label1\" content=\"Tiempo de lectura\" \/>\n\t<meta name=\"twitter:data1\" content=\"4 minutos\" \/>\n<script type=\"application\/ld+json\" class=\"yoast-schema-graph\">{\"@context\":\"https:\\\/\\\/schema.org\",\"@graph\":[{\"@type\":\"WebPage\",\"@id\":\"https:\\\/\\\/www.caudete.org\\\/ayuntamiento\\\/gastronomia-caudetana\\\/\",\"url\":\"https:\\\/\\\/www.caudete.org\\\/ayuntamiento\\\/gastronomia-caudetana\\\/\",\"name\":\"Turismo - Gastronom\u00eda Caudetana - MI Ayuntamiento de Caudete\",\"isPartOf\":{\"@id\":\"https:\\\/\\\/www.caudete.org\\\/ayuntamiento\\\/#website\"},\"datePublished\":\"2020-12-16T14:42:56+00:00\",\"dateModified\":\"2020-12-16T14:47:30+00:00\",\"description\":\"P\u00e1gina Oficial del Ayuntamiento de Caudete (Albacete)\",\"breadcrumb\":{\"@id\":\"https:\\\/\\\/www.caudete.org\\\/ayuntamiento\\\/gastronomia-caudetana\\\/#breadcrumb\"},\"inLanguage\":\"es\",\"potentialAction\":[{\"@type\":\"ReadAction\",\"target\":[\"https:\\\/\\\/www.caudete.org\\\/ayuntamiento\\\/gastronomia-caudetana\\\/\"]}]},{\"@type\":\"BreadcrumbList\",\"@id\":\"https:\\\/\\\/www.caudete.org\\\/ayuntamiento\\\/gastronomia-caudetana\\\/#breadcrumb\",\"itemListElement\":[{\"@type\":\"ListItem\",\"position\":1,\"name\":\"Inicio\",\"item\":\"https:\\\/\\\/www.caudete.org\\\/ayuntamiento\\\/\"},{\"@type\":\"ListItem\",\"position\":2,\"name\":\"Turismo &#8211; Gastronom\u00eda Caudetana\"}]},{\"@type\":\"WebSite\",\"@id\":\"https:\\\/\\\/www.caudete.org\\\/ayuntamiento\\\/#website\",\"url\":\"https:\\\/\\\/www.caudete.org\\\/ayuntamiento\\\/\",\"name\":\"MI Ayuntamiento de Caudete\",\"description\":\"P\u00e1gina Oficial del MI Ayuntamiento de Caudete\",\"potentialAction\":[{\"@type\":\"SearchAction\",\"target\":{\"@type\":\"EntryPoint\",\"urlTemplate\":\"https:\\\/\\\/www.caudete.org\\\/ayuntamiento\\\/?s={search_term_string}\"},\"query-input\":{\"@type\":\"PropertyValueSpecification\",\"valueRequired\":true,\"valueName\":\"search_term_string\"}}],\"inLanguage\":\"es\"}]}<\/script>\n<!-- \/ Yoast SEO plugin. -->","yoast_head_json":{"title":"Turismo - Gastronom\u00eda Caudetana - MI Ayuntamiento de Caudete","description":"P\u00e1gina Oficial del Ayuntamiento de Caudete (Albacete)","robots":{"index":"index","follow":"follow","max-snippet":"max-snippet:-1","max-image-preview":"max-image-preview:large","max-video-preview":"max-video-preview:-1"},"canonical":"https:\/\/www.caudete.org\/ayuntamiento\/gastronomia-caudetana\/","og_locale":"es_ES","og_type":"article","og_title":"Turismo - Gastronom\u00eda Caudetana - MI Ayuntamiento de Caudete","og_description":"P\u00e1gina Oficial del Ayuntamiento de Caudete (Albacete)","og_url":"https:\/\/www.caudete.org\/ayuntamiento\/gastronomia-caudetana\/","og_site_name":"MI Ayuntamiento de Caudete","article_publisher":"https:\/\/www.facebook.com\/ayuntamientocaudete\/","article_modified_time":"2020-12-16T14:47:30+00:00","twitter_card":"summary_large_image","twitter_misc":{"Tiempo de lectura":"4 minutos"},"schema":{"@context":"https:\/\/schema.org","@graph":[{"@type":"WebPage","@id":"https:\/\/www.caudete.org\/ayuntamiento\/gastronomia-caudetana\/","url":"https:\/\/www.caudete.org\/ayuntamiento\/gastronomia-caudetana\/","name":"Turismo - Gastronom\u00eda Caudetana - MI Ayuntamiento de Caudete","isPartOf":{"@id":"https:\/\/www.caudete.org\/ayuntamiento\/#website"},"datePublished":"2020-12-16T14:42:56+00:00","dateModified":"2020-12-16T14:47:30+00:00","description":"P\u00e1gina Oficial del Ayuntamiento de Caudete (Albacete)","breadcrumb":{"@id":"https:\/\/www.caudete.org\/ayuntamiento\/gastronomia-caudetana\/#breadcrumb"},"inLanguage":"es","potentialAction":[{"@type":"ReadAction","target":["https:\/\/www.caudete.org\/ayuntamiento\/gastronomia-caudetana\/"]}]},{"@type":"BreadcrumbList","@id":"https:\/\/www.caudete.org\/ayuntamiento\/gastronomia-caudetana\/#breadcrumb","itemListElement":[{"@type":"ListItem","position":1,"name":"Inicio","item":"https:\/\/www.caudete.org\/ayuntamiento\/"},{"@type":"ListItem","position":2,"name":"Turismo &#8211; Gastronom\u00eda Caudetana"}]},{"@type":"WebSite","@id":"https:\/\/www.caudete.org\/ayuntamiento\/#website","url":"https:\/\/www.caudete.org\/ayuntamiento\/","name":"MI Ayuntamiento de Caudete","description":"P\u00e1gina Oficial del MI Ayuntamiento de Caudete","potentialAction":[{"@type":"SearchAction","target":{"@type":"EntryPoint","urlTemplate":"https:\/\/www.caudete.org\/ayuntamiento\/?s={search_term_string}"},"query-input":{"@type":"PropertyValueSpecification","valueRequired":true,"valueName":"search_term_string"}}],"inLanguage":"es"}]}},"_links":{"self":[{"href":"https:\/\/www.caudete.org\/ayuntamiento\/wp-json\/wp\/v2\/pages\/10012","targetHints":{"allow":["GET"]}}],"collection":[{"href":"https:\/\/www.caudete.org\/ayuntamiento\/wp-json\/wp\/v2\/pages"}],"about":[{"href":"https:\/\/www.caudete.org\/ayuntamiento\/wp-json\/wp\/v2\/types\/page"}],"author":[{"embeddable":true,"href":"https:\/\/www.caudete.org\/ayuntamiento\/wp-json\/wp\/v2\/users\/1"}],"replies":[{"embeddable":true,"href":"https:\/\/www.caudete.org\/ayuntamiento\/wp-json\/wp\/v2\/comments?post=10012"}],"version-history":[{"count":6,"href":"https:\/\/www.caudete.org\/ayuntamiento\/wp-json\/wp\/v2\/pages\/10012\/revisions"}],"predecessor-version":[{"id":10018,"href":"https:\/\/www.caudete.org\/ayuntamiento\/wp-json\/wp\/v2\/pages\/10012\/revisions\/10018"}],"wp:attachment":[{"href":"https:\/\/www.caudete.org\/ayuntamiento\/wp-json\/wp\/v2\/media?parent=10012"}],"wp:term":[{"taxonomy":"category","embeddable":true,"href":"https:\/\/www.caudete.org\/ayuntamiento\/wp-json\/wp\/v2\/categories?post=10012"},{"taxonomy":"post_tag","embeddable":true,"href":"https:\/\/www.caudete.org\/ayuntamiento\/wp-json\/wp\/v2\/tags?post=10012"}],"curies":[{"name":"wp","href":"https:\/\/api.w.org\/{rel}","templated":true}]}}