{"id":10020,"date":"2020-12-16T16:35:46","date_gmt":"2020-12-16T15:35:46","guid":{"rendered":"http:\/\/www.caudete.org\/ayuntamiento\/?page_id=10020"},"modified":"2020-12-16T16:38:43","modified_gmt":"2020-12-16T15:38:43","slug":"turismo-espacios-naturales","status":"publish","type":"page","link":"https:\/\/www.caudete.org\/ayuntamiento\/turismo-espacios-naturales\/","title":{"rendered":"Turismo &#8211; Espacios Naturales"},"content":{"rendered":"<p style=\"text-align: justify;\">Caudete ofrece una gran diversidad paisajista donde domina la vegetaci\u00f3n t\u00edpica del monte mediterr\u00e1neo: pino carrasco, pino pi\u00f1onero, encina y coscoja, con gran variedad, asimismo, de arbustos y plantas arom\u00e1ticas.<\/p>\n<p style=\"text-align: justify;\">El m\u00e1s bello espacio natural de Caudete es <b>Sierra Oliva, <\/b>m\u00e1s com\u00fanmente llamada Sierra Santa B\u00e1rbara. A pesar de sus 1.153 mts. de altitud el ascenso es sencillo y posee varias rutas por todo el paraje adaptadas tanto para la pr\u00e1ctica del senderismo como del cicloturismo.<\/p>\n<p style=\"text-align: justify;\">Encontramos en la cumbre de la sierra un estupendo mirador, una ermita en honor a <b>Santa B\u00e1rbara <\/b>y un parque e\u00f3lico siguiendo toda la l\u00ednea de cumbres. Las excelentes vistas sobre Caudete y parte de su t\u00e9rmino municipal, que desde all\u00ed se contemplan, justifican por s\u00ed solas el ascenso.<\/p>\n<p style=\"text-align: justify;\">El mayor tesoro etnol\u00f3gico de la sierra es su <b>pozo de nieve. <\/b>Originario de la <b>segunda mitad del s. XVIII, <\/b>es uno de los m\u00e1s espectaculares de toda la provincia. Situado a unos 1.000 mts. de altitud, en una vaguada conocida como paraje de La Tinajica, est\u00e1 construido en muro de mamposter\u00eda, con una profundidad de unos catorce metros y un di\u00e1metro pr\u00f3ximo a los ocho. Prolonga su estructura formando una falsa c\u00fapula hoy derruida, con tres bocas de carga o de luz. Es uno de los pocos pozos que conserva visible el orificio de desag\u00fce que escurr\u00eda las aguas de deshielo.<\/p>\n<p style=\"text-align: justify;\">La <b>Rambla del Para\u00edso, <\/b>a unos 750 mts. de altitud, es uno de los espacios con mayor biodiversidad de Caudete. Aqu\u00ed descubrimos una explosi\u00f3n de vegetaci\u00f3n poco com\u00fan por estas tierras, en la que bien vale la pena recrearse. La humedad de esta zona y su condici\u00f3n de umbr\u00eda hacen que encontremos aqu\u00ed manchas de frondosos encinares y arbustos poco comunes, como el espino negro y la sabina. Aparecen tambi\u00e9n otras especies arbustivas: coscoja, lentisco, madro\u00f1o y enebro, adem\u00e1s de varias plantas arom\u00e1ticas: espliego, romero o tomillo.<\/p>\n<p style=\"text-align: justify;\">El <b>Paraje de La Toconera <\/b>es uno de los espacios arb\u00f3reos m\u00e1s extensos de Caudete y posiblemente el m\u00e1s conocido por caudetanos y visitantes. Cuenta con una superficie de 108\u00b45 hect\u00e1reas y est\u00e1 declarado Espacio de Protecci\u00f3n Ecol\u00f3gica y Paisaj\u00edstica.<\/p>\n<p style=\"text-align: justify;\">La vegetaci\u00f3n de La Toconera corresponde al tipo monte mediterr\u00e1neo, compuesta principalmente por pino carrasco y donde aparecen, en las laderas de umbr\u00eda, algunas \u00e1reas de carrasca. La vegetaci\u00f3n arbustiva es muy variada: coscoja, lentisco, enebro, espino negro y sabina. Entre la rica variedad de plantas arom\u00e1ticas destacan: espliego, tomillo y romero. Encontraremos, adem\u00e1s otras especies como retama, esparto y aliaga.<\/p>\n<p style=\"text-align: justify;\">Emblema de este lugar es la conocida <b>\u201ccharca de los patos\u201d, <\/b>una peque\u00f1a laguna situada en el centro del paraje y habitada por aves durante todo el a\u00f1o.<\/p>\n<p style=\"text-align: justify;\">Curiosa es la elevaci\u00f3n conocida como <b>Piedra Agujereada <\/b>(722 mts. de altitud), formaci\u00f3n calc\u00e1rea caprichosamente modelada por la acci\u00f3n del viento y el agua. De f\u00e1cil acceso, ofrece desde la altura una panor\u00e1mica de gran belleza de todo el paraje.<\/p>\n<p style=\"text-align: justify;\">Otro espacio de singular inter\u00e9s es la microrreserva <b>Los Arenales de Caudete. <\/b>Este ecosistema, \u00fanico en la provincia, se localiza al sudeste del t\u00e9rmino municipal, en la ladera de solana de la Sierra del Cuchillo. Fue en 2004 catalogado como <b>H\u00e1bitat de Protecci\u00f3n Especial en Castilla &#8211; La Mancha <\/b>y posee una superficie de 125.04 hect\u00e1reas.<\/p>\n<p style=\"text-align: justify;\">El entorno reproduce espacios similares a las dunas y los arenales costeros con especies que son exclusivas de los arenales de interior. La microrreserva est\u00e1 formada por dep\u00f3sitos de arena de origen e\u00f3lico donde encuentra su ecosistema una flora sabul\u00edcola muy especializada, adaptada a la escasez de nutrientes y a la textura arenosa de estos suelos.<\/p>\n<p style=\"text-align: justify;\">Los arenales interiores como \u00e9ste son extremadamente raros, ocupando superficies peque\u00f1as en enclaves con condiciones bioclim\u00e1ticas muy espec\u00edficas.<\/p>\n<p style=\"text-align: justify;\">Texto: Oficina Municipal de Turismo de Caudete.<\/p>\nngg_shortcode_0_placeholder\n","protected":false},"excerpt":{"rendered":"<p>Caudete ofrece una gran diversidad paisajista donde domina la vegetaci\u00f3n t\u00edpica del monte mediterr\u00e1neo: pino carrasco, pino pi\u00f1onero, encina y coscoja, con gran variedad, asimismo, de arbustos y plantas arom\u00e1ticas. El m\u00e1s bello espacio natural de Caudete es Sierra Oliva, m\u00e1s com\u00fanmente llamada Sierra Santa B\u00e1rbara. A pesar de sus 1.153 mts. de altitud el &hellip;<\/p>\n","protected":false},"author":1,"featured_media":0,"parent":0,"menu_order":0,"comment_status":"closed","ping_status":"closed","template":"","meta":{"ngg_post_thumbnail":0,"footnotes":""},"categories":[135],"tags":[],"class_list":["post-10020","page","type-page","status-publish","hentry","category-turismo-2"],"yoast_head":"<!-- This site is optimized with the Yoast SEO plugin v27.5 - https:\/\/yoast.com\/product\/yoast-seo-wordpress\/ -->\n<title>Turismo - Espacios Naturales - MI Ayuntamiento de Caudete<\/title>\n<meta name=\"description\" content=\"P\u00e1gina Oficial del Ayuntamiento de Caudete (Albacete)\" \/>\n<meta name=\"robots\" content=\"index, follow, max-snippet:-1, max-image-preview:large, max-video-preview:-1\" \/>\n<link rel=\"canonical\" href=\"https:\/\/www.caudete.org\/ayuntamiento\/turismo-espacios-naturales\/\" \/>\n<meta property=\"og:locale\" content=\"es_ES\" \/>\n<meta property=\"og:type\" content=\"article\" \/>\n<meta property=\"og:title\" content=\"Turismo - Espacios Naturales - MI Ayuntamiento de Caudete\" \/>\n<meta property=\"og:description\" content=\"P\u00e1gina Oficial del Ayuntamiento de Caudete (Albacete)\" \/>\n<meta property=\"og:url\" content=\"https:\/\/www.caudete.org\/ayuntamiento\/turismo-espacios-naturales\/\" \/>\n<meta property=\"og:site_name\" content=\"MI Ayuntamiento de Caudete\" \/>\n<meta property=\"article:publisher\" content=\"https:\/\/www.facebook.com\/ayuntamientocaudete\/\" \/>\n<meta property=\"article:modified_time\" content=\"2020-12-16T15:38:43+00:00\" \/>\n<meta name=\"twitter:card\" content=\"summary_large_image\" \/>\n<meta name=\"twitter:label1\" content=\"Tiempo de lectura\" \/>\n\t<meta name=\"twitter:data1\" content=\"3 minutos\" \/>\n<script type=\"application\/ld+json\" class=\"yoast-schema-graph\">{\"@context\":\"https:\\\/\\\/schema.org\",\"@graph\":[{\"@type\":\"WebPage\",\"@id\":\"https:\\\/\\\/www.caudete.org\\\/ayuntamiento\\\/turismo-espacios-naturales\\\/\",\"url\":\"https:\\\/\\\/www.caudete.org\\\/ayuntamiento\\\/turismo-espacios-naturales\\\/\",\"name\":\"Turismo - Espacios Naturales - MI Ayuntamiento de Caudete\",\"isPartOf\":{\"@id\":\"https:\\\/\\\/www.caudete.org\\\/ayuntamiento\\\/#website\"},\"datePublished\":\"2020-12-16T15:35:46+00:00\",\"dateModified\":\"2020-12-16T15:38:43+00:00\",\"description\":\"P\u00e1gina Oficial del Ayuntamiento de Caudete (Albacete)\",\"breadcrumb\":{\"@id\":\"https:\\\/\\\/www.caudete.org\\\/ayuntamiento\\\/turismo-espacios-naturales\\\/#breadcrumb\"},\"inLanguage\":\"es\",\"potentialAction\":[{\"@type\":\"ReadAction\",\"target\":[\"https:\\\/\\\/www.caudete.org\\\/ayuntamiento\\\/turismo-espacios-naturales\\\/\"]}]},{\"@type\":\"BreadcrumbList\",\"@id\":\"https:\\\/\\\/www.caudete.org\\\/ayuntamiento\\\/turismo-espacios-naturales\\\/#breadcrumb\",\"itemListElement\":[{\"@type\":\"ListItem\",\"position\":1,\"name\":\"Inicio\",\"item\":\"https:\\\/\\\/www.caudete.org\\\/ayuntamiento\\\/\"},{\"@type\":\"ListItem\",\"position\":2,\"name\":\"Turismo &#8211; Espacios Naturales\"}]},{\"@type\":\"WebSite\",\"@id\":\"https:\\\/\\\/www.caudete.org\\\/ayuntamiento\\\/#website\",\"url\":\"https:\\\/\\\/www.caudete.org\\\/ayuntamiento\\\/\",\"name\":\"MI Ayuntamiento de Caudete\",\"description\":\"P\u00e1gina Oficial del MI Ayuntamiento de Caudete\",\"potentialAction\":[{\"@type\":\"SearchAction\",\"target\":{\"@type\":\"EntryPoint\",\"urlTemplate\":\"https:\\\/\\\/www.caudete.org\\\/ayuntamiento\\\/?s={search_term_string}\"},\"query-input\":{\"@type\":\"PropertyValueSpecification\",\"valueRequired\":true,\"valueName\":\"search_term_string\"}}],\"inLanguage\":\"es\"}]}<\/script>\n<!-- \/ Yoast SEO plugin. -->","yoast_head_json":{"title":"Turismo - Espacios Naturales - MI Ayuntamiento de Caudete","description":"P\u00e1gina Oficial del Ayuntamiento de Caudete (Albacete)","robots":{"index":"index","follow":"follow","max-snippet":"max-snippet:-1","max-image-preview":"max-image-preview:large","max-video-preview":"max-video-preview:-1"},"canonical":"https:\/\/www.caudete.org\/ayuntamiento\/turismo-espacios-naturales\/","og_locale":"es_ES","og_type":"article","og_title":"Turismo - Espacios Naturales - MI Ayuntamiento de Caudete","og_description":"P\u00e1gina Oficial del Ayuntamiento de Caudete (Albacete)","og_url":"https:\/\/www.caudete.org\/ayuntamiento\/turismo-espacios-naturales\/","og_site_name":"MI Ayuntamiento de Caudete","article_publisher":"https:\/\/www.facebook.com\/ayuntamientocaudete\/","article_modified_time":"2020-12-16T15:38:43+00:00","twitter_card":"summary_large_image","twitter_misc":{"Tiempo de lectura":"3 minutos"},"schema":{"@context":"https:\/\/schema.org","@graph":[{"@type":"WebPage","@id":"https:\/\/www.caudete.org\/ayuntamiento\/turismo-espacios-naturales\/","url":"https:\/\/www.caudete.org\/ayuntamiento\/turismo-espacios-naturales\/","name":"Turismo - Espacios Naturales - MI Ayuntamiento de Caudete","isPartOf":{"@id":"https:\/\/www.caudete.org\/ayuntamiento\/#website"},"datePublished":"2020-12-16T15:35:46+00:00","dateModified":"2020-12-16T15:38:43+00:00","description":"P\u00e1gina Oficial del Ayuntamiento de Caudete (Albacete)","breadcrumb":{"@id":"https:\/\/www.caudete.org\/ayuntamiento\/turismo-espacios-naturales\/#breadcrumb"},"inLanguage":"es","potentialAction":[{"@type":"ReadAction","target":["https:\/\/www.caudete.org\/ayuntamiento\/turismo-espacios-naturales\/"]}]},{"@type":"BreadcrumbList","@id":"https:\/\/www.caudete.org\/ayuntamiento\/turismo-espacios-naturales\/#breadcrumb","itemListElement":[{"@type":"ListItem","position":1,"name":"Inicio","item":"https:\/\/www.caudete.org\/ayuntamiento\/"},{"@type":"ListItem","position":2,"name":"Turismo &#8211; Espacios Naturales"}]},{"@type":"WebSite","@id":"https:\/\/www.caudete.org\/ayuntamiento\/#website","url":"https:\/\/www.caudete.org\/ayuntamiento\/","name":"MI Ayuntamiento de Caudete","description":"P\u00e1gina Oficial del MI Ayuntamiento de Caudete","potentialAction":[{"@type":"SearchAction","target":{"@type":"EntryPoint","urlTemplate":"https:\/\/www.caudete.org\/ayuntamiento\/?s={search_term_string}"},"query-input":{"@type":"PropertyValueSpecification","valueRequired":true,"valueName":"search_term_string"}}],"inLanguage":"es"}]}},"_links":{"self":[{"href":"https:\/\/www.caudete.org\/ayuntamiento\/wp-json\/wp\/v2\/pages\/10020","targetHints":{"allow":["GET"]}}],"collection":[{"href":"https:\/\/www.caudete.org\/ayuntamiento\/wp-json\/wp\/v2\/pages"}],"about":[{"href":"https:\/\/www.caudete.org\/ayuntamiento\/wp-json\/wp\/v2\/types\/page"}],"author":[{"embeddable":true,"href":"https:\/\/www.caudete.org\/ayuntamiento\/wp-json\/wp\/v2\/users\/1"}],"replies":[{"embeddable":true,"href":"https:\/\/www.caudete.org\/ayuntamiento\/wp-json\/wp\/v2\/comments?post=10020"}],"version-history":[{"count":3,"href":"https:\/\/www.caudete.org\/ayuntamiento\/wp-json\/wp\/v2\/pages\/10020\/revisions"}],"predecessor-version":[{"id":10030,"href":"https:\/\/www.caudete.org\/ayuntamiento\/wp-json\/wp\/v2\/pages\/10020\/revisions\/10030"}],"wp:attachment":[{"href":"https:\/\/www.caudete.org\/ayuntamiento\/wp-json\/wp\/v2\/media?parent=10020"}],"wp:term":[{"taxonomy":"category","embeddable":true,"href":"https:\/\/www.caudete.org\/ayuntamiento\/wp-json\/wp\/v2\/categories?post=10020"},{"taxonomy":"post_tag","embeddable":true,"href":"https:\/\/www.caudete.org\/ayuntamiento\/wp-json\/wp\/v2\/tags?post=10020"}],"curies":[{"name":"wp","href":"https:\/\/api.w.org\/{rel}","templated":true}]}}