{"id":10031,"date":"2020-12-16T16:42:26","date_gmt":"2020-12-16T15:42:26","guid":{"rendered":"http:\/\/www.caudete.org\/ayuntamiento\/?page_id=10031"},"modified":"2020-12-16T16:49:49","modified_gmt":"2020-12-16T15:49:49","slug":"actividades-aire-libre","status":"publish","type":"page","link":"https:\/\/www.caudete.org\/ayuntamiento\/actividades-aire-libre\/","title":{"rendered":"Turismo &#8211; Actividades Aire Libre"},"content":{"rendered":"<p style=\"text-align: justify;\">Entre los espacios naturales de Caudete destacamos particularmente Sierra L\u00e1cera, con el Paraje de La Toconera, y Sierra Oliva. Ambas son espacios particularmente propicios para la pr\u00e1ctica del senderismo.<\/p>\n<p style=\"text-align: justify;\"><b>Sierra Oliva <\/b>cuenta tambi\u00e9n con m\u00e1s de trescientas v\u00edas abiertas para la escalada deportiva y es, asimismo, un enclave excepcional para los aficionados al ala delta y al parapente, sobre todo en los meses de verano.<\/p>\n<p style=\"text-align: justify;\"><u><b>Ruta de senderismo de Caudete a Sierra Oliva PR-AB-50<\/b><\/u><\/p>\n<p style=\"text-align: justify;\">Puede accederse a la cumbre de <b>Sierra Oliva <\/b>siguiendo el sendero <b>PR-AB-50<\/b>, de car\u00e1cter circular y que cuenta con un recorrido total de 13,5 km.<br \/>\n\u00c9ste es un itinerario apto para casi todo el mundo que puede hacerse en unas 5 horas, incluidos un par de descansos para disfrutar de las vistas.<br \/>\nEl sendero alcanza su punto de mayor altitud en la cumbre de Sierra Oliva, a la altura de la ermita de Santa B\u00e1rbara (1.153 mts).<br \/>\nEl ascenso se realiza por la conocida como la &#8220;senda de la Sierra&#8221; y el descenso por la &#8220;senda de los Cantareros&#8221;.<\/p>\n<p style=\"text-align: justify;\">Para m\u00e1s informaci\u00f3n, se adjunta en pdf la topogu\u00eda del sendero, as\u00ed como el track del mismo. Para visualizar, el ordenador de destino debe haber descargado previamente &#8220;google earth&#8221;.<\/p>\n<p style=\"text-align: justify;\"><u><b>El Camino del Sureste<\/b><\/u><\/p>\n<p style=\"text-align: justify;\">Por nuestro t\u00e9rmino discurren: <b>el Camino de la Lana <\/b>y el <b>Camino del Sureste<\/b>. Ambos parten de Alicante y se bifurcan a la altura de Caudete. Nuestra localidad posee albergue de peregrinos, regentado por la Asoc. de Amigos del Camino de Caudete. Si tiene previsto pernoctar en \u00e9l, es conveniente que avise con antelaci\u00f3n suficiente al tel\u00e9fono 634-30-75-71.<\/p>\n<p style=\"text-align: justify;\">El Camino del Sureste pasa por diferentes comunidades tales como: Alicante, Albacete, Cuenca, Toledo, Madrid, \u00c1vila, Valladolid y Zamora. Es en la localidad zamorana de Benavente donde enlaza con el Camino Franc\u00e9s, en direcci\u00f3n Astorga, o la V\u00eda de la Plata, por el Camino Sanabr\u00e9s.<\/p>\n<p style=\"text-align: justify;\">Entre Caudete y Montelegre, el Camino del Sureste discurre durante 35 km por un tramo del m\u00edtico <b>Camino de An\u00edbal<\/b>, tambi\u00e9n llamado <b>v\u00eda Castulo-Saetabi <\/b>(Linares-X\u00e1tiva), posiblemente la m\u00e1s antigua v\u00eda de comunicaci\u00f3n de la Pen\u00ednsula, que en \u00e9poca \u00edbera y romana sigui\u00f3 siendo eje vertebrador del comercio en el sur pen\u00ednsular.<\/p>\n<p style=\"text-align: justify;\">Durante los 35 km hoy se\u00f1alizados entre Caudete y Montealegre el viandante disfrutar\u00e1 de restos de empedrado de la antigua calzada romana, <b>restos de mansion y mutatio<\/b>, as\u00ed como villas rurales de transformaci\u00f3na agr\u00edcola que se remontan a \u00e9poca romana.<\/p>\n<p style=\"text-align: justify;\"><u><b>Camino de la Lana<\/b><\/u><\/p>\n<p style=\"text-align: justify;\">Esta ruta parte de Alicante para discurrir por tierras de Albacete, Cuenca, Guadalajara y Burgos, enlazando all\u00ed con el Camino Franc\u00e9s.<\/p>\n<p style=\"text-align: justify;\">El <b>Camino de Lana <\/b>es la ruta ganadera que segu\u00edan los esquiladores y las caba\u00f1as ganaderas en sus traslados estacionales. Un\u00eda levante y las grandes zonas productoras de ovino (Albacete y Cuenca). Y conectaba, a su vez, estas zonas manchegas con Burgos, capital comercial de la lana desde la Edad Media(1).<\/p>\n<p style=\"text-align: justify;\">La importancia del comercio de la lana en las econom\u00edas medievales dio origen en el s. XIII a la Mesta, organizaci\u00f3n ganadera que organizaba los traslados de reba\u00f1os trashumantes.<\/p>\n<p style=\"text-align: justify;\">Teniendo en cuenta que otra gran riqueza de Castilla era el trigo, los reyes (empezando por Alfonso X) se ven en la necesidad de promulgar leyes para defender a ganaderos y agricultores, estableciendo caminos para el ganado (v\u00edas pecuarias) entre las tierras cultivadas (ca\u00f1adas, cuerdas, cordeles, etc.) y as\u00ed facilitar la trashumancia.<\/p>\n<p style=\"text-align: justify;\">En el caso de Caudete, probablemente desde el <b>s. XIII<\/b>, existir\u00edan v\u00edas pecuarias que conectar\u00edan la Sierra de Cuenca con nuestras tierras y el levante peninsular. El viaje de los ganados desde la Sierra de Cuenca se iniciaba a finales de octubre y en menos de un mes llegaban a tierras alicantinas con su ganado. All\u00ed permanec\u00edan hasta finales de abril, cuando retornaban a pasar el verano a la Sierra.<\/p>\n<p style=\"text-align: justify;\">Esta actividad trashumante queda atestiguada en la historia de Caudete con la <b>\u201cleyenda de pastor Juan L\u00f3pez\u201d (1414)<\/b>, procedente de Paracuellos de la Vega (Cuenca)(2). Seg\u00fan la tradici\u00f3n religiosa de Caudete, dicho pastor fue testigo de dos apariciones milagrosas de la Virgen de Gracia, una en Caudete y otra en Paracuellos.<\/p>\n<p style=\"text-align: justify;\">(1) En el Centro de Interpretaci\u00f3n del Patrimonio de Caudete se conserva copia de una Letra de Cambio con destino a Medina del Campo.<br \/>\n(2) Paracuellos de la Vega es hoy lugar de paso de la Ruta de La Lana del Camino de Santiago.<\/p>\n<p style=\"text-align: justify;\">Texto: Oficina Municipal de Turismo de Caudete.<\/p>\n<p><a href=\"http:\/\/caudete.org\/ayuntamiento\/eniusimg\/enius146\/2017\/01\/adjuntos_fichero_6ec74bab94f5f36a.kml\" target=\"_blank\" rel=\"noopener nofollow\">Track ruta senderismo Sierra Oliva&nbsp;<\/a><\/p>\n<p><a href=\"http:\/\/caudete.org\/ayuntamiento\/eniusimg\/enius146\/2017\/01\/adjuntos_fichero_359d30b070c2b66b.pdf\" class=\"mtli_attachment mtli_pdf\" target=\"_blank\" rel=\"noopener nofollow\">Topogu\u00eda del Sendero a Sierra Oliva<\/a><\/p>\nngg_shortcode_0_placeholder\n","protected":false},"excerpt":{"rendered":"<p>Entre los espacios naturales de Caudete destacamos particularmente Sierra L\u00e1cera, con el Paraje de La Toconera, y Sierra Oliva. Ambas son espacios particularmente propicios para la pr\u00e1ctica del senderismo. Sierra Oliva cuenta tambi\u00e9n con m\u00e1s de trescientas v\u00edas abiertas para la escalada deportiva y es, asimismo, un enclave excepcional para los aficionados al ala delta &hellip;<\/p>\n","protected":false},"author":1,"featured_media":0,"parent":0,"menu_order":0,"comment_status":"closed","ping_status":"closed","template":"","meta":{"ngg_post_thumbnail":0,"footnotes":""},"categories":[135],"tags":[],"class_list":["post-10031","page","type-page","status-publish","hentry","category-turismo-2"],"yoast_head":"<!-- This site is optimized with the Yoast SEO plugin v27.5 - https:\/\/yoast.com\/product\/yoast-seo-wordpress\/ -->\n<title>Turismo - Actividades Aire Libre - MI Ayuntamiento de Caudete<\/title>\n<meta name=\"description\" content=\"P\u00e1gina Oficial del Ayuntamiento de Caudete (Albacete)\" \/>\n<meta name=\"robots\" content=\"index, follow, max-snippet:-1, max-image-preview:large, max-video-preview:-1\" \/>\n<link rel=\"canonical\" href=\"https:\/\/www.caudete.org\/ayuntamiento\/actividades-aire-libre\/\" \/>\n<meta property=\"og:locale\" content=\"es_ES\" \/>\n<meta property=\"og:type\" content=\"article\" \/>\n<meta property=\"og:title\" content=\"Turismo - Actividades Aire Libre - MI Ayuntamiento de Caudete\" \/>\n<meta property=\"og:description\" content=\"P\u00e1gina Oficial del Ayuntamiento de Caudete (Albacete)\" \/>\n<meta property=\"og:url\" content=\"https:\/\/www.caudete.org\/ayuntamiento\/actividades-aire-libre\/\" \/>\n<meta property=\"og:site_name\" content=\"MI Ayuntamiento de Caudete\" \/>\n<meta property=\"article:publisher\" content=\"https:\/\/www.facebook.com\/ayuntamientocaudete\/\" \/>\n<meta property=\"article:modified_time\" content=\"2020-12-16T15:49:49+00:00\" \/>\n<meta name=\"twitter:card\" content=\"summary_large_image\" \/>\n<meta name=\"twitter:label1\" content=\"Tiempo de lectura\" \/>\n\t<meta name=\"twitter:data1\" content=\"4 minutos\" \/>\n<script type=\"application\/ld+json\" class=\"yoast-schema-graph\">{\"@context\":\"https:\\\/\\\/schema.org\",\"@graph\":[{\"@type\":\"WebPage\",\"@id\":\"https:\\\/\\\/www.caudete.org\\\/ayuntamiento\\\/actividades-aire-libre\\\/\",\"url\":\"https:\\\/\\\/www.caudete.org\\\/ayuntamiento\\\/actividades-aire-libre\\\/\",\"name\":\"Turismo - Actividades Aire Libre - MI Ayuntamiento de Caudete\",\"isPartOf\":{\"@id\":\"https:\\\/\\\/www.caudete.org\\\/ayuntamiento\\\/#website\"},\"datePublished\":\"2020-12-16T15:42:26+00:00\",\"dateModified\":\"2020-12-16T15:49:49+00:00\",\"description\":\"P\u00e1gina Oficial del Ayuntamiento de Caudete (Albacete)\",\"breadcrumb\":{\"@id\":\"https:\\\/\\\/www.caudete.org\\\/ayuntamiento\\\/actividades-aire-libre\\\/#breadcrumb\"},\"inLanguage\":\"es\",\"potentialAction\":[{\"@type\":\"ReadAction\",\"target\":[\"https:\\\/\\\/www.caudete.org\\\/ayuntamiento\\\/actividades-aire-libre\\\/\"]}]},{\"@type\":\"BreadcrumbList\",\"@id\":\"https:\\\/\\\/www.caudete.org\\\/ayuntamiento\\\/actividades-aire-libre\\\/#breadcrumb\",\"itemListElement\":[{\"@type\":\"ListItem\",\"position\":1,\"name\":\"Inicio\",\"item\":\"https:\\\/\\\/www.caudete.org\\\/ayuntamiento\\\/\"},{\"@type\":\"ListItem\",\"position\":2,\"name\":\"Turismo &#8211; Actividades Aire Libre\"}]},{\"@type\":\"WebSite\",\"@id\":\"https:\\\/\\\/www.caudete.org\\\/ayuntamiento\\\/#website\",\"url\":\"https:\\\/\\\/www.caudete.org\\\/ayuntamiento\\\/\",\"name\":\"MI Ayuntamiento de Caudete\",\"description\":\"P\u00e1gina Oficial del MI Ayuntamiento de Caudete\",\"potentialAction\":[{\"@type\":\"SearchAction\",\"target\":{\"@type\":\"EntryPoint\",\"urlTemplate\":\"https:\\\/\\\/www.caudete.org\\\/ayuntamiento\\\/?s={search_term_string}\"},\"query-input\":{\"@type\":\"PropertyValueSpecification\",\"valueRequired\":true,\"valueName\":\"search_term_string\"}}],\"inLanguage\":\"es\"}]}<\/script>\n<!-- \/ Yoast SEO plugin. -->","yoast_head_json":{"title":"Turismo - Actividades Aire Libre - MI Ayuntamiento de Caudete","description":"P\u00e1gina Oficial del Ayuntamiento de Caudete (Albacete)","robots":{"index":"index","follow":"follow","max-snippet":"max-snippet:-1","max-image-preview":"max-image-preview:large","max-video-preview":"max-video-preview:-1"},"canonical":"https:\/\/www.caudete.org\/ayuntamiento\/actividades-aire-libre\/","og_locale":"es_ES","og_type":"article","og_title":"Turismo - Actividades Aire Libre - MI Ayuntamiento de Caudete","og_description":"P\u00e1gina Oficial del Ayuntamiento de Caudete (Albacete)","og_url":"https:\/\/www.caudete.org\/ayuntamiento\/actividades-aire-libre\/","og_site_name":"MI Ayuntamiento de Caudete","article_publisher":"https:\/\/www.facebook.com\/ayuntamientocaudete\/","article_modified_time":"2020-12-16T15:49:49+00:00","twitter_card":"summary_large_image","twitter_misc":{"Tiempo de lectura":"4 minutos"},"schema":{"@context":"https:\/\/schema.org","@graph":[{"@type":"WebPage","@id":"https:\/\/www.caudete.org\/ayuntamiento\/actividades-aire-libre\/","url":"https:\/\/www.caudete.org\/ayuntamiento\/actividades-aire-libre\/","name":"Turismo - Actividades Aire Libre - MI Ayuntamiento de Caudete","isPartOf":{"@id":"https:\/\/www.caudete.org\/ayuntamiento\/#website"},"datePublished":"2020-12-16T15:42:26+00:00","dateModified":"2020-12-16T15:49:49+00:00","description":"P\u00e1gina Oficial del Ayuntamiento de Caudete (Albacete)","breadcrumb":{"@id":"https:\/\/www.caudete.org\/ayuntamiento\/actividades-aire-libre\/#breadcrumb"},"inLanguage":"es","potentialAction":[{"@type":"ReadAction","target":["https:\/\/www.caudete.org\/ayuntamiento\/actividades-aire-libre\/"]}]},{"@type":"BreadcrumbList","@id":"https:\/\/www.caudete.org\/ayuntamiento\/actividades-aire-libre\/#breadcrumb","itemListElement":[{"@type":"ListItem","position":1,"name":"Inicio","item":"https:\/\/www.caudete.org\/ayuntamiento\/"},{"@type":"ListItem","position":2,"name":"Turismo &#8211; Actividades Aire Libre"}]},{"@type":"WebSite","@id":"https:\/\/www.caudete.org\/ayuntamiento\/#website","url":"https:\/\/www.caudete.org\/ayuntamiento\/","name":"MI Ayuntamiento de Caudete","description":"P\u00e1gina Oficial del MI Ayuntamiento de Caudete","potentialAction":[{"@type":"SearchAction","target":{"@type":"EntryPoint","urlTemplate":"https:\/\/www.caudete.org\/ayuntamiento\/?s={search_term_string}"},"query-input":{"@type":"PropertyValueSpecification","valueRequired":true,"valueName":"search_term_string"}}],"inLanguage":"es"}]}},"_links":{"self":[{"href":"https:\/\/www.caudete.org\/ayuntamiento\/wp-json\/wp\/v2\/pages\/10031","targetHints":{"allow":["GET"]}}],"collection":[{"href":"https:\/\/www.caudete.org\/ayuntamiento\/wp-json\/wp\/v2\/pages"}],"about":[{"href":"https:\/\/www.caudete.org\/ayuntamiento\/wp-json\/wp\/v2\/types\/page"}],"author":[{"embeddable":true,"href":"https:\/\/www.caudete.org\/ayuntamiento\/wp-json\/wp\/v2\/users\/1"}],"replies":[{"embeddable":true,"href":"https:\/\/www.caudete.org\/ayuntamiento\/wp-json\/wp\/v2\/comments?post=10031"}],"version-history":[{"count":7,"href":"https:\/\/www.caudete.org\/ayuntamiento\/wp-json\/wp\/v2\/pages\/10031\/revisions"}],"predecessor-version":[{"id":10044,"href":"https:\/\/www.caudete.org\/ayuntamiento\/wp-json\/wp\/v2\/pages\/10031\/revisions\/10044"}],"wp:attachment":[{"href":"https:\/\/www.caudete.org\/ayuntamiento\/wp-json\/wp\/v2\/media?parent=10031"}],"wp:term":[{"taxonomy":"category","embeddable":true,"href":"https:\/\/www.caudete.org\/ayuntamiento\/wp-json\/wp\/v2\/categories?post=10031"},{"taxonomy":"post_tag","embeddable":true,"href":"https:\/\/www.caudete.org\/ayuntamiento\/wp-json\/wp\/v2\/tags?post=10031"}],"curies":[{"name":"wp","href":"https:\/\/api.w.org\/{rel}","templated":true}]}}