{"id":10119,"date":"2020-12-16T18:38:12","date_gmt":"2020-12-16T17:38:12","guid":{"rendered":"http:\/\/www.caudete.org\/ayuntamiento\/?page_id=10119"},"modified":"2020-12-16T18:42:31","modified_gmt":"2020-12-16T17:42:31","slug":"turismo-bailes-del-nino","status":"publish","type":"page","link":"https:\/\/www.caudete.org\/ayuntamiento\/turismo-bailes-del-nino\/","title":{"rendered":"Turismo &#8211; Bailes del Ni\u00f1o"},"content":{"rendered":"<p style=\"text-align: justify;\">Los tradicionales Bailes del Ni\u00f1o son organizados por la Cofrad\u00eda del Dulce Nombre de Jes\u00fas. Tienen lugar en Navidad, durante el 25 de diciembre, primer domingo de enero y el d\u00eda de Reyes. El d\u00eda 1 de enero se celebra la Procesi\u00f3n con la imagen del Ni\u00f1o Jes\u00fas, talla del s. XVIII que se conserva en Sta. Catalina.<\/p>\n<p style=\"text-align: justify;\">A finales del s. XVI, y tras consecutivas revueltas moriscas en la localidad, la Di\u00f3cesis de Orihuela, a la que Caudete pertenec\u00eda desde 1565, refuerza la estructura eclesi\u00e1stica de la zona. As\u00ed surge, en&nbsp;<b>1576,&nbsp;<\/b>la&nbsp;<b>Cofrad\u00eda del Dulce Nombre de Jes\u00fas,&nbsp;<\/b>para ensalzar en la localidad las celebraciones navide\u00f1as. Desde&nbsp;<b>1613&nbsp;<\/b>se tiene constancia de la celebraci\u00f3n de los &#8220;bailes&#8221; en la Plaza de la Iglesia.<\/p>\n<p style=\"text-align: justify;\">Los principales actos de esta fiesta navide\u00f1a tienen lugar alrededor del&nbsp;<b>\u201cReinado Infantil\u201d&nbsp;<\/b>y los dos&nbsp;<b>\u201cReinado adultos\u201d,&nbsp;<\/b>que se celebran en d\u00edas consecutivos. Reinado Infantil, el 25 de diciembre, Primer Reinado y Segundo Reinado Adultos, el primer domingo de enero (o \u00faltimo domingo de diciembre) y el d\u00eda de Reyes. Actualmente se juntan en la plaza m\u00e1s&nbsp;<b>250 parejas de bailadores.<\/b><\/p>\n<p style=\"text-align: justify;\">El d\u00eda 1 de enero tiene lugar la &#8220;Procesi\u00f3n con la imagen del Ni\u00f1o Jes\u00fas&#8221;,&nbsp;<b>talla del s. XVIII, de Roque L\u00f3pez,&nbsp;<\/b>disc\u00edpulo de Salzillo.<\/p>\n<p style=\"text-align: justify;\">Tras los bailes de la Plaza de la Iglesia, se celebra, esa noche,<b>\u201cLa Puja\u201d<\/b>. Este acto tiene ya lugar en un sal\u00f3n con escenario, donde se puja por bailar con los reyes los t\u00edpicos &#8220;chavitos&#8221;.<\/p>\n<p style=\"text-align: justify;\">Texto: Oficina Municipal de Turismo de Caudete.<\/p>\n<h5>Enlaces relacionados<\/h5>\n<hr>\n<ul>\n<li><a href=\"https:\/\/bailesnino.wordpress.com\/\" target=\"_blank\" rel=\"noopener nofollow\">P\u00e1gina Oficial Bailes del Ni\u00f1o &#8211; Asociaci\u00f3n Cultural<\/a><\/li>\n<\/ul>\nngg_shortcode_0_placeholder\n","protected":false},"excerpt":{"rendered":"<p>Los tradicionales Bailes del Ni\u00f1o son organizados por la Cofrad\u00eda del Dulce Nombre de Jes\u00fas. Tienen lugar en Navidad, durante el 25 de diciembre, primer domingo de enero y el d\u00eda de Reyes. El d\u00eda 1 de enero se celebra la Procesi\u00f3n con la imagen del Ni\u00f1o Jes\u00fas, talla del s. XVIII que se conserva &hellip;<\/p>\n","protected":false},"author":1,"featured_media":0,"parent":0,"menu_order":0,"comment_status":"closed","ping_status":"closed","template":"","meta":{"ngg_post_thumbnail":0,"footnotes":""},"categories":[135],"tags":[],"class_list":["post-10119","page","type-page","status-publish","hentry","category-turismo-2"],"yoast_head":"<!-- This site is optimized with the Yoast SEO plugin v27.5 - https:\/\/yoast.com\/product\/yoast-seo-wordpress\/ -->\n<title>Turismo - Bailes del Ni\u00f1o - MI Ayuntamiento de Caudete<\/title>\n<meta name=\"description\" content=\"P\u00e1gina Oficial del Ayuntamiento de Caudete (Albacete)\" \/>\n<meta name=\"robots\" content=\"index, follow, max-snippet:-1, max-image-preview:large, max-video-preview:-1\" \/>\n<link rel=\"canonical\" href=\"https:\/\/www.caudete.org\/ayuntamiento\/turismo-bailes-del-nino\/\" \/>\n<meta property=\"og:locale\" content=\"es_ES\" \/>\n<meta property=\"og:type\" content=\"article\" \/>\n<meta property=\"og:title\" content=\"Turismo - Bailes del Ni\u00f1o - MI Ayuntamiento de Caudete\" \/>\n<meta property=\"og:description\" content=\"P\u00e1gina Oficial del Ayuntamiento de Caudete (Albacete)\" \/>\n<meta property=\"og:url\" content=\"https:\/\/www.caudete.org\/ayuntamiento\/turismo-bailes-del-nino\/\" \/>\n<meta property=\"og:site_name\" content=\"MI Ayuntamiento de Caudete\" \/>\n<meta property=\"article:publisher\" content=\"https:\/\/www.facebook.com\/ayuntamientocaudete\/\" \/>\n<meta property=\"article:modified_time\" content=\"2020-12-16T17:42:31+00:00\" \/>\n<meta name=\"twitter:card\" content=\"summary_large_image\" \/>\n<meta name=\"twitter:label1\" content=\"Tiempo de lectura\" \/>\n\t<meta name=\"twitter:data1\" content=\"2 minutos\" \/>\n<script type=\"application\/ld+json\" class=\"yoast-schema-graph\">{\"@context\":\"https:\\\/\\\/schema.org\",\"@graph\":[{\"@type\":\"WebPage\",\"@id\":\"https:\\\/\\\/www.caudete.org\\\/ayuntamiento\\\/turismo-bailes-del-nino\\\/\",\"url\":\"https:\\\/\\\/www.caudete.org\\\/ayuntamiento\\\/turismo-bailes-del-nino\\\/\",\"name\":\"Turismo - Bailes del Ni\u00f1o - MI Ayuntamiento de Caudete\",\"isPartOf\":{\"@id\":\"https:\\\/\\\/www.caudete.org\\\/ayuntamiento\\\/#website\"},\"datePublished\":\"2020-12-16T17:38:12+00:00\",\"dateModified\":\"2020-12-16T17:42:31+00:00\",\"description\":\"P\u00e1gina Oficial del Ayuntamiento de Caudete (Albacete)\",\"breadcrumb\":{\"@id\":\"https:\\\/\\\/www.caudete.org\\\/ayuntamiento\\\/turismo-bailes-del-nino\\\/#breadcrumb\"},\"inLanguage\":\"es\",\"potentialAction\":[{\"@type\":\"ReadAction\",\"target\":[\"https:\\\/\\\/www.caudete.org\\\/ayuntamiento\\\/turismo-bailes-del-nino\\\/\"]}]},{\"@type\":\"BreadcrumbList\",\"@id\":\"https:\\\/\\\/www.caudete.org\\\/ayuntamiento\\\/turismo-bailes-del-nino\\\/#breadcrumb\",\"itemListElement\":[{\"@type\":\"ListItem\",\"position\":1,\"name\":\"Inicio\",\"item\":\"https:\\\/\\\/www.caudete.org\\\/ayuntamiento\\\/\"},{\"@type\":\"ListItem\",\"position\":2,\"name\":\"Turismo &#8211; Bailes del Ni\u00f1o\"}]},{\"@type\":\"WebSite\",\"@id\":\"https:\\\/\\\/www.caudete.org\\\/ayuntamiento\\\/#website\",\"url\":\"https:\\\/\\\/www.caudete.org\\\/ayuntamiento\\\/\",\"name\":\"MI Ayuntamiento de Caudete\",\"description\":\"P\u00e1gina Oficial del MI Ayuntamiento de Caudete\",\"potentialAction\":[{\"@type\":\"SearchAction\",\"target\":{\"@type\":\"EntryPoint\",\"urlTemplate\":\"https:\\\/\\\/www.caudete.org\\\/ayuntamiento\\\/?s={search_term_string}\"},\"query-input\":{\"@type\":\"PropertyValueSpecification\",\"valueRequired\":true,\"valueName\":\"search_term_string\"}}],\"inLanguage\":\"es\"}]}<\/script>\n<!-- \/ Yoast SEO plugin. -->","yoast_head_json":{"title":"Turismo - Bailes del Ni\u00f1o - MI Ayuntamiento de Caudete","description":"P\u00e1gina Oficial del Ayuntamiento de Caudete (Albacete)","robots":{"index":"index","follow":"follow","max-snippet":"max-snippet:-1","max-image-preview":"max-image-preview:large","max-video-preview":"max-video-preview:-1"},"canonical":"https:\/\/www.caudete.org\/ayuntamiento\/turismo-bailes-del-nino\/","og_locale":"es_ES","og_type":"article","og_title":"Turismo - Bailes del Ni\u00f1o - MI Ayuntamiento de Caudete","og_description":"P\u00e1gina Oficial del Ayuntamiento de Caudete (Albacete)","og_url":"https:\/\/www.caudete.org\/ayuntamiento\/turismo-bailes-del-nino\/","og_site_name":"MI Ayuntamiento de Caudete","article_publisher":"https:\/\/www.facebook.com\/ayuntamientocaudete\/","article_modified_time":"2020-12-16T17:42:31+00:00","twitter_card":"summary_large_image","twitter_misc":{"Tiempo de lectura":"2 minutos"},"schema":{"@context":"https:\/\/schema.org","@graph":[{"@type":"WebPage","@id":"https:\/\/www.caudete.org\/ayuntamiento\/turismo-bailes-del-nino\/","url":"https:\/\/www.caudete.org\/ayuntamiento\/turismo-bailes-del-nino\/","name":"Turismo - Bailes del Ni\u00f1o - MI Ayuntamiento de Caudete","isPartOf":{"@id":"https:\/\/www.caudete.org\/ayuntamiento\/#website"},"datePublished":"2020-12-16T17:38:12+00:00","dateModified":"2020-12-16T17:42:31+00:00","description":"P\u00e1gina Oficial del Ayuntamiento de Caudete (Albacete)","breadcrumb":{"@id":"https:\/\/www.caudete.org\/ayuntamiento\/turismo-bailes-del-nino\/#breadcrumb"},"inLanguage":"es","potentialAction":[{"@type":"ReadAction","target":["https:\/\/www.caudete.org\/ayuntamiento\/turismo-bailes-del-nino\/"]}]},{"@type":"BreadcrumbList","@id":"https:\/\/www.caudete.org\/ayuntamiento\/turismo-bailes-del-nino\/#breadcrumb","itemListElement":[{"@type":"ListItem","position":1,"name":"Inicio","item":"https:\/\/www.caudete.org\/ayuntamiento\/"},{"@type":"ListItem","position":2,"name":"Turismo &#8211; Bailes del Ni\u00f1o"}]},{"@type":"WebSite","@id":"https:\/\/www.caudete.org\/ayuntamiento\/#website","url":"https:\/\/www.caudete.org\/ayuntamiento\/","name":"MI Ayuntamiento de Caudete","description":"P\u00e1gina Oficial del MI Ayuntamiento de Caudete","potentialAction":[{"@type":"SearchAction","target":{"@type":"EntryPoint","urlTemplate":"https:\/\/www.caudete.org\/ayuntamiento\/?s={search_term_string}"},"query-input":{"@type":"PropertyValueSpecification","valueRequired":true,"valueName":"search_term_string"}}],"inLanguage":"es"}]}},"_links":{"self":[{"href":"https:\/\/www.caudete.org\/ayuntamiento\/wp-json\/wp\/v2\/pages\/10119","targetHints":{"allow":["GET"]}}],"collection":[{"href":"https:\/\/www.caudete.org\/ayuntamiento\/wp-json\/wp\/v2\/pages"}],"about":[{"href":"https:\/\/www.caudete.org\/ayuntamiento\/wp-json\/wp\/v2\/types\/page"}],"author":[{"embeddable":true,"href":"https:\/\/www.caudete.org\/ayuntamiento\/wp-json\/wp\/v2\/users\/1"}],"replies":[{"embeddable":true,"href":"https:\/\/www.caudete.org\/ayuntamiento\/wp-json\/wp\/v2\/comments?post=10119"}],"version-history":[{"count":6,"href":"https:\/\/www.caudete.org\/ayuntamiento\/wp-json\/wp\/v2\/pages\/10119\/revisions"}],"predecessor-version":[{"id":10131,"href":"https:\/\/www.caudete.org\/ayuntamiento\/wp-json\/wp\/v2\/pages\/10119\/revisions\/10131"}],"wp:attachment":[{"href":"https:\/\/www.caudete.org\/ayuntamiento\/wp-json\/wp\/v2\/media?parent=10119"}],"wp:term":[{"taxonomy":"category","embeddable":true,"href":"https:\/\/www.caudete.org\/ayuntamiento\/wp-json\/wp\/v2\/categories?post=10119"},{"taxonomy":"post_tag","embeddable":true,"href":"https:\/\/www.caudete.org\/ayuntamiento\/wp-json\/wp\/v2\/tags?post=10119"}],"curies":[{"name":"wp","href":"https:\/\/api.w.org\/{rel}","templated":true}]}}