{"id":10149,"date":"2020-12-16T18:52:51","date_gmt":"2020-12-16T17:52:51","guid":{"rendered":"http:\/\/www.caudete.org\/ayuntamiento\/?page_id=10149"},"modified":"2020-12-16T20:13:06","modified_gmt":"2020-12-16T19:13:06","slug":"turismo-museo-sala-de-mantos","status":"publish","type":"page","link":"https:\/\/www.caudete.org\/ayuntamiento\/turismo-museo-sala-de-mantos\/","title":{"rendered":"Turismo &#8211; Museo Sala de Mantos"},"content":{"rendered":"<h5>Museo Sala de Mantos de Nuestra Se\u00f1ora de Gracia<\/h5>\n<p style=\"text-align: justify;\">Titularidad de la Mayordom\u00eda y Cofrad\u00eda de Ntra. Sra. de Gracia y ubicado dentro del santuario, este museo cuenta con magn\u00edficas&nbsp;<b>obras de arte desde los ss. XIV al XX,&nbsp;<\/b>entre ellas, algunas esculturas, piezas de orfebrer\u00eda y cer\u00e1mica, varios \u00f3leos de inter\u00e9s y la colecci\u00f3n de mantos de la Virgen.<\/p>\n<p style=\"text-align: justify;\">El templo se ubica se un espacio privilegiado y de gran calidad medioambiental. Entre sus instalaciones, cuenta con dos zonas arboladas, fuentes, zona de ocio, zona infantil y aparcamiento.<\/p>\n<p style=\"text-align: justify;\">Entre las piezas de m\u00e1s antig\u00fcedad, destaca la&nbsp;<b>\u201cTabla de San Mart\u00edn\u201d (s. XV).&nbsp;<\/b>Cuenta la tradici\u00f3n que esta tabla apareci\u00f3 en la cripta en la que se descubrieron las im\u00e1genes de la Virgen de Gracia y San Blas. Es una pintura al \u00f3leo en&nbsp;<b>estilo g\u00f3tico flamenco,&nbsp;<\/b>fechada entre finales del s. XIV y principios del XV, que muestra al santo compartiendo su capa con un pobre que, en realidad, es una representaci\u00f3n de Jesucristo.<\/p>\n<p style=\"text-align: justify;\">Un cuadro barroco de inter\u00e9s es el que representa&nbsp;<b>\u201cLa Huida a Egipto\u201d, fechado en 1702&nbsp;<\/b>y atribuido a la escuela del pintor Juan de Juanes.<\/p>\n<p style=\"text-align: justify;\">La&nbsp;<b>colecci\u00f3n de mantos de la Virgen&nbsp;<\/b>est\u00e1 compuesta por m\u00e1s de quince diferentes mantos, desde el s. XVIII hasta nuestros d\u00edas, exquisitamente confeccionados en tis\u00fa, seda o terciopelo y bordados en oro y pedrer\u00eda.<\/p>\n<p style=\"text-align: justify;\">Se exhiben tambi\u00e9n en el museo dos esculturas de \u00e1ngeles, que formaron parte del antiguo retablo del altar mayor del s. XVIII, y algunos de los m\u00e1s valiosos ejemplares del Archivo Hist\u00f3rico de la Mayordom\u00eda, que se remonta a principios del s. XVII, junto a muchos otros objetos religiosos, como c\u00e1lices, casullas, encajes y piezas de orfebrer\u00eda.<\/p>\n<p style=\"text-align: justify;\">De singular belleza, y una de las joyas del templo, es el&nbsp;<b>pavimento cer\u00e1mico del camar\u00edn,&nbsp;<\/b>de factura valenciana y que data de&nbsp;<b>mediados del s. XVIII.&nbsp;<\/b>Dos tipos de composiciones hayamos en el espacio de camar\u00edn, una de ellas en estilo barroco y la otra rococ\u00f3. Ambas son un un placer para los sentido.<\/p>\n<p style=\"text-align: justify;\">Hallamos otro bello pavimento en la antigua Sala de Mantos, en estilo neoclasico y del primer tercio del s. XIX.<\/p>\n<p style=\"text-align: justify;\">El museo recibe&nbsp;<b>visitas de grupos&nbsp;<\/b>cualquier d\u00eda de la semana,&nbsp;<b>incluidos los fines de semana y festivos.&nbsp;<\/b>Dichas visitas son guiadas y tienen una duraci\u00f3n de una hora. Se conciertan, bajo petici\u00f3n previa, contactando con el Santuario (96-582-53-32) o con la Oficina de Turismo de Caudete (96-582-81-34).<\/p>\n<p style=\"text-align: justify;\">Texto: Oficina Municipal de Turismo de Caudete.<\/p>\n<p style=\"text-align: justify;\">Titularidad de la Mayordom\u00eda y Cofrad\u00eda de Ntra. Sra. de Gracia y ubicado dentro del santuario, este museo cuenta con magn\u00edficas&nbsp;<b>obras de arte desde los ss. XIV al XX,&nbsp;<\/b>entre ellas, algunas esculturas, piezas de orfebrer\u00eda y cer\u00e1mica, varios \u00f3leos de inter\u00e9s y la colecci\u00f3n de mantos de la Virgen.<\/p>\n<p style=\"text-align: justify;\">El templo se ubica se un espacio privilegiado y de gran calidad medioambiental. Entre sus instalaciones, cuenta con dos zonas arboladas, fuentes, zona de ocio, zona infantil y aparcamiento.<\/p>\n<p style=\"text-align: justify;\">Entre las piezas de m\u00e1s antig\u00fcedad, destaca la&nbsp;<b>\u201cTabla de San Mart\u00edn\u201d (s. XV).&nbsp;<\/b>Cuenta la tradici\u00f3n que esta tabla apareci\u00f3 en la cripta en la que se descubrieron las im\u00e1genes de la Virgen de Gracia y San Blas. Es una pintura al \u00f3leo en&nbsp;<b>estilo g\u00f3tico flamenco,&nbsp;<\/b>fechada entre finales del s. XIV y principios del XV, que muestra al santo compartiendo su capa con un pobre que, en realidad, es una representaci\u00f3n de Jesucristo.<\/p>\n<p style=\"text-align: justify;\">Un cuadro barroco de inter\u00e9s es el que representa&nbsp;<b>\u201cLa Huida a Egipto\u201d, fechado en 1702&nbsp;<\/b>y atribuido a la escuela del pintor Juan de Juanes.<\/p>\n<p style=\"text-align: justify;\">La&nbsp;<b>colecci\u00f3n de mantos de la Virgen&nbsp;<\/b>est\u00e1 compuesta por m\u00e1s de quince diferentes mantos, desde el s. XVIII hasta nuestros d\u00edas, exquisitamente confeccionados en tis\u00fa, seda o terciopelo y bordados en oro y pedrer\u00eda.<\/p>\n<p style=\"text-align: justify;\">Se exhiben tambi\u00e9n en el museo dos esculturas de \u00e1ngeles, que formaron parte del antiguo retablo del altar mayor del s. XVIII, y algunos de los m\u00e1s valiosos ejemplares del Archivo Hist\u00f3rico de la Mayordom\u00eda, que se remonta a principios del s. XVII, junto a muchos otros objetos religiosos, como c\u00e1lices, casullas, encajes y piezas de orfebrer\u00eda.<\/p>\n<p style=\"text-align: justify;\">De singular belleza, y una de las joyas del templo, es el&nbsp;<b>pavimento cer\u00e1mico del camar\u00edn,&nbsp;<\/b>de factura valenciana y que data de&nbsp;<b>mediados del s. XVIII.&nbsp;<\/b>Dos tipos de composiciones hayamos en el espacio de camar\u00edn, una de ellas en estilo barroco y la otra rococ\u00f3. Ambas son un un placer para los sentido.<\/p>\n<p style=\"text-align: justify;\">Hallamos otro bello pavimento en la antigua Sala de Mantos, en estilo neoclasico y del primer tercio del s. XIX.<\/p>\n<p style=\"text-align: justify;\">El museo recibe&nbsp;<b>visitas de grupos&nbsp;<\/b>cualquier d\u00eda de la semana,&nbsp;<b>incluidos los fines de semana y festivos.&nbsp;<\/b>Dichas visitas son guiadas y tienen una duraci\u00f3n de una hora. Se conciertan, bajo petici\u00f3n previa, contactando con el Santuario (96-582-53-32) o con la Oficina de Turismo de Caudete (96-582-81-34).<\/p>\n<p style=\"text-align: justify;\">Texto: Oficina Municipal de Turismo de Caudete.<\/p>\nngg_shortcode_0_placeholder\n","protected":false},"excerpt":{"rendered":"<p>Museo Sala de Mantos de Nuestra Se\u00f1ora de Gracia Titularidad de la Mayordom\u00eda y Cofrad\u00eda de Ntra. Sra. de Gracia y ubicado dentro del santuario, este museo cuenta con magn\u00edficas&nbsp;obras de arte desde los ss. XIV al XX,&nbsp;entre ellas, algunas esculturas, piezas de orfebrer\u00eda y cer\u00e1mica, varios \u00f3leos de inter\u00e9s y la colecci\u00f3n de mantos &hellip;<\/p>\n","protected":false},"author":1,"featured_media":0,"parent":0,"menu_order":0,"comment_status":"closed","ping_status":"closed","template":"","meta":{"ngg_post_thumbnail":0,"footnotes":""},"categories":[135],"tags":[],"class_list":["post-10149","page","type-page","status-publish","hentry","category-turismo-2"],"yoast_head":"<!-- This site is optimized with the Yoast SEO plugin v27.5 - https:\/\/yoast.com\/product\/yoast-seo-wordpress\/ -->\n<title>Turismo - Museo Sala de Mantos - MI Ayuntamiento de Caudete<\/title>\n<meta name=\"description\" content=\"P\u00e1gina Oficial del Ayuntamiento de Caudete (Albacete)\" \/>\n<meta name=\"robots\" content=\"index, follow, max-snippet:-1, max-image-preview:large, max-video-preview:-1\" \/>\n<link rel=\"canonical\" href=\"https:\/\/www.caudete.org\/ayuntamiento\/turismo-museo-sala-de-mantos\/\" \/>\n<meta property=\"og:locale\" content=\"es_ES\" \/>\n<meta property=\"og:type\" content=\"article\" \/>\n<meta property=\"og:title\" content=\"Turismo - Museo Sala de Mantos - MI Ayuntamiento de Caudete\" \/>\n<meta property=\"og:description\" content=\"P\u00e1gina Oficial del Ayuntamiento de Caudete (Albacete)\" \/>\n<meta property=\"og:url\" content=\"https:\/\/www.caudete.org\/ayuntamiento\/turismo-museo-sala-de-mantos\/\" \/>\n<meta property=\"og:site_name\" content=\"MI Ayuntamiento de Caudete\" \/>\n<meta property=\"article:publisher\" content=\"https:\/\/www.facebook.com\/ayuntamientocaudete\/\" \/>\n<meta property=\"article:modified_time\" content=\"2020-12-16T19:13:06+00:00\" \/>\n<meta name=\"twitter:card\" content=\"summary_large_image\" \/>\n<meta name=\"twitter:label1\" content=\"Tiempo de lectura\" \/>\n\t<meta name=\"twitter:data1\" content=\"5 minutos\" \/>\n<script type=\"application\/ld+json\" class=\"yoast-schema-graph\">{\"@context\":\"https:\\\/\\\/schema.org\",\"@graph\":[{\"@type\":\"WebPage\",\"@id\":\"https:\\\/\\\/www.caudete.org\\\/ayuntamiento\\\/turismo-museo-sala-de-mantos\\\/\",\"url\":\"https:\\\/\\\/www.caudete.org\\\/ayuntamiento\\\/turismo-museo-sala-de-mantos\\\/\",\"name\":\"Turismo - Museo Sala de Mantos - MI Ayuntamiento de Caudete\",\"isPartOf\":{\"@id\":\"https:\\\/\\\/www.caudete.org\\\/ayuntamiento\\\/#website\"},\"datePublished\":\"2020-12-16T17:52:51+00:00\",\"dateModified\":\"2020-12-16T19:13:06+00:00\",\"description\":\"P\u00e1gina Oficial del Ayuntamiento de Caudete (Albacete)\",\"breadcrumb\":{\"@id\":\"https:\\\/\\\/www.caudete.org\\\/ayuntamiento\\\/turismo-museo-sala-de-mantos\\\/#breadcrumb\"},\"inLanguage\":\"es\",\"potentialAction\":[{\"@type\":\"ReadAction\",\"target\":[\"https:\\\/\\\/www.caudete.org\\\/ayuntamiento\\\/turismo-museo-sala-de-mantos\\\/\"]}]},{\"@type\":\"BreadcrumbList\",\"@id\":\"https:\\\/\\\/www.caudete.org\\\/ayuntamiento\\\/turismo-museo-sala-de-mantos\\\/#breadcrumb\",\"itemListElement\":[{\"@type\":\"ListItem\",\"position\":1,\"name\":\"Inicio\",\"item\":\"https:\\\/\\\/www.caudete.org\\\/ayuntamiento\\\/\"},{\"@type\":\"ListItem\",\"position\":2,\"name\":\"Turismo &#8211; Museo Sala de Mantos\"}]},{\"@type\":\"WebSite\",\"@id\":\"https:\\\/\\\/www.caudete.org\\\/ayuntamiento\\\/#website\",\"url\":\"https:\\\/\\\/www.caudete.org\\\/ayuntamiento\\\/\",\"name\":\"MI Ayuntamiento de Caudete\",\"description\":\"P\u00e1gina Oficial del MI Ayuntamiento de Caudete\",\"potentialAction\":[{\"@type\":\"SearchAction\",\"target\":{\"@type\":\"EntryPoint\",\"urlTemplate\":\"https:\\\/\\\/www.caudete.org\\\/ayuntamiento\\\/?s={search_term_string}\"},\"query-input\":{\"@type\":\"PropertyValueSpecification\",\"valueRequired\":true,\"valueName\":\"search_term_string\"}}],\"inLanguage\":\"es\"}]}<\/script>\n<!-- \/ Yoast SEO plugin. -->","yoast_head_json":{"title":"Turismo - Museo Sala de Mantos - MI Ayuntamiento de Caudete","description":"P\u00e1gina Oficial del Ayuntamiento de Caudete (Albacete)","robots":{"index":"index","follow":"follow","max-snippet":"max-snippet:-1","max-image-preview":"max-image-preview:large","max-video-preview":"max-video-preview:-1"},"canonical":"https:\/\/www.caudete.org\/ayuntamiento\/turismo-museo-sala-de-mantos\/","og_locale":"es_ES","og_type":"article","og_title":"Turismo - Museo Sala de Mantos - MI Ayuntamiento de Caudete","og_description":"P\u00e1gina Oficial del Ayuntamiento de Caudete (Albacete)","og_url":"https:\/\/www.caudete.org\/ayuntamiento\/turismo-museo-sala-de-mantos\/","og_site_name":"MI Ayuntamiento de Caudete","article_publisher":"https:\/\/www.facebook.com\/ayuntamientocaudete\/","article_modified_time":"2020-12-16T19:13:06+00:00","twitter_card":"summary_large_image","twitter_misc":{"Tiempo de lectura":"5 minutos"},"schema":{"@context":"https:\/\/schema.org","@graph":[{"@type":"WebPage","@id":"https:\/\/www.caudete.org\/ayuntamiento\/turismo-museo-sala-de-mantos\/","url":"https:\/\/www.caudete.org\/ayuntamiento\/turismo-museo-sala-de-mantos\/","name":"Turismo - Museo Sala de Mantos - MI Ayuntamiento de Caudete","isPartOf":{"@id":"https:\/\/www.caudete.org\/ayuntamiento\/#website"},"datePublished":"2020-12-16T17:52:51+00:00","dateModified":"2020-12-16T19:13:06+00:00","description":"P\u00e1gina Oficial del Ayuntamiento de Caudete (Albacete)","breadcrumb":{"@id":"https:\/\/www.caudete.org\/ayuntamiento\/turismo-museo-sala-de-mantos\/#breadcrumb"},"inLanguage":"es","potentialAction":[{"@type":"ReadAction","target":["https:\/\/www.caudete.org\/ayuntamiento\/turismo-museo-sala-de-mantos\/"]}]},{"@type":"BreadcrumbList","@id":"https:\/\/www.caudete.org\/ayuntamiento\/turismo-museo-sala-de-mantos\/#breadcrumb","itemListElement":[{"@type":"ListItem","position":1,"name":"Inicio","item":"https:\/\/www.caudete.org\/ayuntamiento\/"},{"@type":"ListItem","position":2,"name":"Turismo &#8211; Museo Sala de Mantos"}]},{"@type":"WebSite","@id":"https:\/\/www.caudete.org\/ayuntamiento\/#website","url":"https:\/\/www.caudete.org\/ayuntamiento\/","name":"MI Ayuntamiento de Caudete","description":"P\u00e1gina Oficial del MI Ayuntamiento de Caudete","potentialAction":[{"@type":"SearchAction","target":{"@type":"EntryPoint","urlTemplate":"https:\/\/www.caudete.org\/ayuntamiento\/?s={search_term_string}"},"query-input":{"@type":"PropertyValueSpecification","valueRequired":true,"valueName":"search_term_string"}}],"inLanguage":"es"}]}},"_links":{"self":[{"href":"https:\/\/www.caudete.org\/ayuntamiento\/wp-json\/wp\/v2\/pages\/10149","targetHints":{"allow":["GET"]}}],"collection":[{"href":"https:\/\/www.caudete.org\/ayuntamiento\/wp-json\/wp\/v2\/pages"}],"about":[{"href":"https:\/\/www.caudete.org\/ayuntamiento\/wp-json\/wp\/v2\/types\/page"}],"author":[{"embeddable":true,"href":"https:\/\/www.caudete.org\/ayuntamiento\/wp-json\/wp\/v2\/users\/1"}],"replies":[{"embeddable":true,"href":"https:\/\/www.caudete.org\/ayuntamiento\/wp-json\/wp\/v2\/comments?post=10149"}],"version-history":[{"count":7,"href":"https:\/\/www.caudete.org\/ayuntamiento\/wp-json\/wp\/v2\/pages\/10149\/revisions"}],"predecessor-version":[{"id":10206,"href":"https:\/\/www.caudete.org\/ayuntamiento\/wp-json\/wp\/v2\/pages\/10149\/revisions\/10206"}],"wp:attachment":[{"href":"https:\/\/www.caudete.org\/ayuntamiento\/wp-json\/wp\/v2\/media?parent=10149"}],"wp:term":[{"taxonomy":"category","embeddable":true,"href":"https:\/\/www.caudete.org\/ayuntamiento\/wp-json\/wp\/v2\/categories?post=10149"},{"taxonomy":"post_tag","embeddable":true,"href":"https:\/\/www.caudete.org\/ayuntamiento\/wp-json\/wp\/v2\/tags?post=10149"}],"curies":[{"name":"wp","href":"https:\/\/api.w.org\/{rel}","templated":true}]}}