{"id":10188,"date":"2020-12-16T19:53:17","date_gmt":"2020-12-16T18:53:17","guid":{"rendered":"http:\/\/www.caudete.org\/ayuntamiento\/?page_id=10188"},"modified":"2020-12-16T22:11:34","modified_gmt":"2020-12-16T21:11:34","slug":"turismo-visita-por-caudete","status":"publish","type":"page","link":"https:\/\/www.caudete.org\/ayuntamiento\/turismo-visita-por-caudete\/","title":{"rendered":"Turismo &#8211; Visita por Caudete"},"content":{"rendered":"<p><img fetchpriority=\"high\" decoding=\"async\" class=\"aligncenter size-full wp-image-10202\" src=\"http:\/\/www.caudete.org\/ayuntamiento\/wp-content\/uploads\/2020\/12\/camino_virgen.jpg\" alt=\"\" width=\"1200\" height=\"455\" srcset=\"https:\/\/www.caudete.org\/ayuntamiento\/wp-content\/uploads\/2020\/12\/camino_virgen.jpg 1200w, https:\/\/www.caudete.org\/ayuntamiento\/wp-content\/uploads\/2020\/12\/camino_virgen-300x114.jpg 300w, https:\/\/www.caudete.org\/ayuntamiento\/wp-content\/uploads\/2020\/12\/camino_virgen-1024x388.jpg 1024w, https:\/\/www.caudete.org\/ayuntamiento\/wp-content\/uploads\/2020\/12\/camino_virgen-768x291.jpg 768w\" sizes=\"(max-width: 1200px) 100vw, 1200px\" \/><\/p>\n<p>&nbsp;<\/p>\n<h2 style=\"text-align: justify;\">CAUDETE<\/h2>\n<p style=\"text-align: justify;\">La <strong>Villa de Caudete<\/strong>, ubicada en la provincia de Albacete, es un lugar privilegiado por su situaci\u00f3n geogr\u00e1fica, cruce de caminos entre Valencia, Murcia y Alicante. Esta poblaci\u00f3n posee un singular y variado patrimonio arquitect\u00f3nico fruto de su condici\u00f3n de villa fronteriza, y donde se mezclan influencias castellanas, valencianas y aragonesas. De hecho, la villa de Caudete perteneci\u00f3 al Reino de Valencia entre 1304 y 1707.<\/p>\n<p style=\"text-align: justify;\">Recomendamos comenzar su recorrido por Caudete en el <b>casco antiguo de La Villa. <\/b>Este bello entramado de calles, de origen musulm\u00e1n y luego cristiano, fue recinto amurallado durante la Edad Media y conserva restos de una de sus antiguas puertas de entrada.<\/p>\n<p style=\"text-align: justify;\">F\u00e1cilmente accesible es hoy d\u00eda la <b>fortaleza Medieval de Caudete, <\/b>testigo de las luchas entre moros y cristianos, primero, y entre castellanos y aragoneses despu\u00e9s. Caudete, como muchos otros municipios situados en frontera durante la larga Edad Media, fue objeto de intensas batallas, que luego los monarcas compensaron con mercedes y privilegios. Caudete fue Villa Real y una de las 29 villas con derecho a voto en las Cortes del Reino de Valencia.<\/p>\n<p style=\"text-align: justify;\">Junto al Castillo encontramos la <b>Iglesia Parroquial de Santa Catalina, <\/b>simbiosis de estilos g\u00f3tico, renacentista y barroco. Construida posiblemente sobre la antigua mezquita, la parroquia es objeto de diferentes ampliaciones en los ss. XV, XVI y XVIII. Destaca por su belleza la b\u00f3veda estrellada g\u00f3tica, de 1550 y la c\u00fapula de media naranja t\u00edpica del barroco valenciano de 1762.<\/p>\n<p style=\"text-align: justify;\">En la calle Mayor,2 encontramos el <b>edificio del Ayuntamiento <\/b>que, en su origen, albergaba el P\u00f3sito (donde los concejos almacenaban cereales en previsi\u00f3n de \u00e9pocas de carest\u00eda) y el Peso Real de la harina (donde se garantizaban que las medidas y pesadas realizadas all\u00ed lo eran de forma exacta, uniforme y oficial). En la fachada encontramos el escudo de Caudete, con los t\u00edtulos de Real, Muy Noble, Muy Leal y Fidel\u00edsima villa, otorgados por los reyes Pedro IV y Alfonso V de Arag\u00f3n.<\/p>\n<p style=\"text-align: justify;\">La poblaci\u00f3n cuenta con tres singulares <u>museos <\/u>:<\/p>\n<p style=\"text-align: justify;\">&#8211; <b>El Museo de la Acuarela de Rafael Requena<\/b><br \/>\n&#8211; <b>El Centro de Interpretaci\u00f3n del Patrimonio Cultural de Caudete<\/b><br \/>\n&#8211; El Museo Sala de Mantos de Nuestra Se\u00f1ora de Gracia<\/p>\n<p style=\"text-align: justify;\">En la calles Abad\u00eda y Mayor; as\u00ed como las plazas de la Iglesia y del Carmen se emplazan varias bellas <b>casonas de los ss. XIX y XX, <\/b>a veces blasonadas, y de diferentes estilos: modernista, neomud\u00e9jar, castellano e incluso afrancesado (como es el caso del palacete de Francisco Albalat, Conde de San Carlos).<\/p>\n<p style=\"text-align: justify;\">Estos edificios nos hablan de un momento muy interesante en la historia del pa\u00eds, de la transici\u00f3n hacia una sociedad industrial, del despegue econ\u00f3mico, el desarrollo de las comunicaciones por carretera; circunstancias que evidenciaron desequilibrios sociales y aceleraron la creaci\u00f3n de los movimientos obreros. Esta \u00e9poca coincide con un momento muy ecl\u00e9ctico en cuanto a los estilos art\u00edsticos.<\/p>\n<p style=\"text-align: justify;\">En este espacio temporal nace y se desarrolla el <b>barrio de San Francisco, <\/b>compuesto por las casas del barrio, la <b>iglesia de San Francisco <\/b>y <b>la Plaza de Toros, <\/b>un conjunto arquitect\u00f3nico cuya construcci\u00f3n tiene una interesante historia detr\u00e1s.<\/p>\n<p style=\"text-align: justify;\">Otro edificio de gran inter\u00e9s es el <b>Santuario de Ntra. Sra. de Gracia, <\/b>un magn\u00edfico templo construido entre 1741 y 1758 y dedicado a la Patrona. El origen de edificio est\u00e1 asociado a la \u201cleyenda del pastor Juan L\u00f3pez\u201d.<br \/>\nUna de las joyas del santuario es el pavimento cer\u00e1mico del Camar\u00edn, de origen valenciano; una pieza \u00fanica del barroco pleno, ya muy rara de encontrar.<\/p>\n<p style=\"text-align: justify;\">Dentro del santuario se encuentra el <b>Museo Sala de Mantos, <\/b>que cuenta con una variada colecci\u00f3n de arte religioso entre los ss. XIV y XIX.<\/p>\n<p style=\"text-align: justify;\"><span style=\"font-size: 10pt;\"><em>Fotos cedidas por: Joaqu\u00edn Medina Jim\u00e9nez, Diego L\u00f3pez Rubio, Fotos Juan y Fotos Molina.<\/em><\/span><\/p>\n<p>&nbsp;<\/p>\nngg_shortcode_0_placeholder\n","protected":false},"excerpt":{"rendered":"<p>&nbsp; CAUDETE La Villa de Caudete, ubicada en la provincia de Albacete, es un lugar privilegiado por su situaci\u00f3n geogr\u00e1fica, cruce de caminos entre Valencia, Murcia y Alicante. Esta poblaci\u00f3n posee un singular y variado patrimonio arquitect\u00f3nico fruto de su condici\u00f3n de villa fronteriza, y donde se mezclan influencias castellanas, valencianas y aragonesas. De hecho, &hellip;<\/p>\n","protected":false},"author":1,"featured_media":0,"parent":0,"menu_order":0,"comment_status":"closed","ping_status":"closed","template":"","meta":{"ngg_post_thumbnail":0,"footnotes":""},"categories":[135],"tags":[],"class_list":["post-10188","page","type-page","status-publish","hentry","category-turismo-2"],"yoast_head":"<!-- This site is optimized with the Yoast SEO plugin v27.5 - https:\/\/yoast.com\/product\/yoast-seo-wordpress\/ -->\n<title>Turismo - Visita por Caudete - MI Ayuntamiento de Caudete<\/title>\n<meta name=\"description\" content=\"P\u00e1gina Oficial del Ayuntamiento de Caudete (Albacete)\" \/>\n<meta name=\"robots\" content=\"index, follow, max-snippet:-1, max-image-preview:large, max-video-preview:-1\" \/>\n<link rel=\"canonical\" href=\"https:\/\/www.caudete.org\/ayuntamiento\/turismo-visita-por-caudete\/\" \/>\n<meta property=\"og:locale\" content=\"es_ES\" \/>\n<meta property=\"og:type\" content=\"article\" \/>\n<meta property=\"og:title\" content=\"Turismo - Visita por Caudete - MI Ayuntamiento de Caudete\" \/>\n<meta property=\"og:description\" content=\"P\u00e1gina Oficial del Ayuntamiento de Caudete (Albacete)\" \/>\n<meta property=\"og:url\" content=\"https:\/\/www.caudete.org\/ayuntamiento\/turismo-visita-por-caudete\/\" \/>\n<meta property=\"og:site_name\" content=\"MI Ayuntamiento de Caudete\" \/>\n<meta property=\"article:publisher\" content=\"https:\/\/www.facebook.com\/ayuntamientocaudete\/\" \/>\n<meta property=\"article:modified_time\" content=\"2020-12-16T21:11:34+00:00\" \/>\n<meta property=\"og:image\" content=\"http:\/\/www.caudete.org\/ayuntamiento\/wp-content\/uploads\/2020\/12\/camino_virgen.jpg\" \/>\n<meta name=\"twitter:card\" content=\"summary_large_image\" \/>\n<meta name=\"twitter:label1\" content=\"Tiempo de lectura\" \/>\n\t<meta name=\"twitter:data1\" content=\"3 minutos\" \/>\n<script type=\"application\/ld+json\" class=\"yoast-schema-graph\">{\"@context\":\"https:\\\/\\\/schema.org\",\"@graph\":[{\"@type\":\"WebPage\",\"@id\":\"https:\\\/\\\/www.caudete.org\\\/ayuntamiento\\\/turismo-visita-por-caudete\\\/\",\"url\":\"https:\\\/\\\/www.caudete.org\\\/ayuntamiento\\\/turismo-visita-por-caudete\\\/\",\"name\":\"Turismo - Visita por Caudete - MI Ayuntamiento de Caudete\",\"isPartOf\":{\"@id\":\"https:\\\/\\\/www.caudete.org\\\/ayuntamiento\\\/#website\"},\"primaryImageOfPage\":{\"@id\":\"https:\\\/\\\/www.caudete.org\\\/ayuntamiento\\\/turismo-visita-por-caudete\\\/#primaryimage\"},\"image\":{\"@id\":\"https:\\\/\\\/www.caudete.org\\\/ayuntamiento\\\/turismo-visita-por-caudete\\\/#primaryimage\"},\"thumbnailUrl\":\"http:\\\/\\\/www.caudete.org\\\/ayuntamiento\\\/wp-content\\\/uploads\\\/2020\\\/12\\\/camino_virgen.jpg\",\"datePublished\":\"2020-12-16T18:53:17+00:00\",\"dateModified\":\"2020-12-16T21:11:34+00:00\",\"description\":\"P\u00e1gina Oficial del Ayuntamiento de Caudete (Albacete)\",\"breadcrumb\":{\"@id\":\"https:\\\/\\\/www.caudete.org\\\/ayuntamiento\\\/turismo-visita-por-caudete\\\/#breadcrumb\"},\"inLanguage\":\"es\",\"potentialAction\":[{\"@type\":\"ReadAction\",\"target\":[\"https:\\\/\\\/www.caudete.org\\\/ayuntamiento\\\/turismo-visita-por-caudete\\\/\"]}]},{\"@type\":\"ImageObject\",\"inLanguage\":\"es\",\"@id\":\"https:\\\/\\\/www.caudete.org\\\/ayuntamiento\\\/turismo-visita-por-caudete\\\/#primaryimage\",\"url\":\"https:\\\/\\\/www.caudete.org\\\/ayuntamiento\\\/wp-content\\\/uploads\\\/2020\\\/12\\\/camino_virgen.jpg\",\"contentUrl\":\"https:\\\/\\\/www.caudete.org\\\/ayuntamiento\\\/wp-content\\\/uploads\\\/2020\\\/12\\\/camino_virgen.jpg\",\"width\":1200,\"height\":455},{\"@type\":\"BreadcrumbList\",\"@id\":\"https:\\\/\\\/www.caudete.org\\\/ayuntamiento\\\/turismo-visita-por-caudete\\\/#breadcrumb\",\"itemListElement\":[{\"@type\":\"ListItem\",\"position\":1,\"name\":\"Inicio\",\"item\":\"https:\\\/\\\/www.caudete.org\\\/ayuntamiento\\\/\"},{\"@type\":\"ListItem\",\"position\":2,\"name\":\"Turismo &#8211; Visita por Caudete\"}]},{\"@type\":\"WebSite\",\"@id\":\"https:\\\/\\\/www.caudete.org\\\/ayuntamiento\\\/#website\",\"url\":\"https:\\\/\\\/www.caudete.org\\\/ayuntamiento\\\/\",\"name\":\"MI Ayuntamiento de Caudete\",\"description\":\"P\u00e1gina Oficial del MI Ayuntamiento de Caudete\",\"potentialAction\":[{\"@type\":\"SearchAction\",\"target\":{\"@type\":\"EntryPoint\",\"urlTemplate\":\"https:\\\/\\\/www.caudete.org\\\/ayuntamiento\\\/?s={search_term_string}\"},\"query-input\":{\"@type\":\"PropertyValueSpecification\",\"valueRequired\":true,\"valueName\":\"search_term_string\"}}],\"inLanguage\":\"es\"}]}<\/script>\n<!-- \/ Yoast SEO plugin. -->","yoast_head_json":{"title":"Turismo - Visita por Caudete - MI Ayuntamiento de Caudete","description":"P\u00e1gina Oficial del Ayuntamiento de Caudete (Albacete)","robots":{"index":"index","follow":"follow","max-snippet":"max-snippet:-1","max-image-preview":"max-image-preview:large","max-video-preview":"max-video-preview:-1"},"canonical":"https:\/\/www.caudete.org\/ayuntamiento\/turismo-visita-por-caudete\/","og_locale":"es_ES","og_type":"article","og_title":"Turismo - Visita por Caudete - MI Ayuntamiento de Caudete","og_description":"P\u00e1gina Oficial del Ayuntamiento de Caudete (Albacete)","og_url":"https:\/\/www.caudete.org\/ayuntamiento\/turismo-visita-por-caudete\/","og_site_name":"MI Ayuntamiento de Caudete","article_publisher":"https:\/\/www.facebook.com\/ayuntamientocaudete\/","article_modified_time":"2020-12-16T21:11:34+00:00","og_image":[{"url":"http:\/\/www.caudete.org\/ayuntamiento\/wp-content\/uploads\/2020\/12\/camino_virgen.jpg","type":"","width":"","height":""}],"twitter_card":"summary_large_image","twitter_misc":{"Tiempo de lectura":"3 minutos"},"schema":{"@context":"https:\/\/schema.org","@graph":[{"@type":"WebPage","@id":"https:\/\/www.caudete.org\/ayuntamiento\/turismo-visita-por-caudete\/","url":"https:\/\/www.caudete.org\/ayuntamiento\/turismo-visita-por-caudete\/","name":"Turismo - Visita por Caudete - MI Ayuntamiento de Caudete","isPartOf":{"@id":"https:\/\/www.caudete.org\/ayuntamiento\/#website"},"primaryImageOfPage":{"@id":"https:\/\/www.caudete.org\/ayuntamiento\/turismo-visita-por-caudete\/#primaryimage"},"image":{"@id":"https:\/\/www.caudete.org\/ayuntamiento\/turismo-visita-por-caudete\/#primaryimage"},"thumbnailUrl":"http:\/\/www.caudete.org\/ayuntamiento\/wp-content\/uploads\/2020\/12\/camino_virgen.jpg","datePublished":"2020-12-16T18:53:17+00:00","dateModified":"2020-12-16T21:11:34+00:00","description":"P\u00e1gina Oficial del Ayuntamiento de Caudete (Albacete)","breadcrumb":{"@id":"https:\/\/www.caudete.org\/ayuntamiento\/turismo-visita-por-caudete\/#breadcrumb"},"inLanguage":"es","potentialAction":[{"@type":"ReadAction","target":["https:\/\/www.caudete.org\/ayuntamiento\/turismo-visita-por-caudete\/"]}]},{"@type":"ImageObject","inLanguage":"es","@id":"https:\/\/www.caudete.org\/ayuntamiento\/turismo-visita-por-caudete\/#primaryimage","url":"https:\/\/www.caudete.org\/ayuntamiento\/wp-content\/uploads\/2020\/12\/camino_virgen.jpg","contentUrl":"https:\/\/www.caudete.org\/ayuntamiento\/wp-content\/uploads\/2020\/12\/camino_virgen.jpg","width":1200,"height":455},{"@type":"BreadcrumbList","@id":"https:\/\/www.caudete.org\/ayuntamiento\/turismo-visita-por-caudete\/#breadcrumb","itemListElement":[{"@type":"ListItem","position":1,"name":"Inicio","item":"https:\/\/www.caudete.org\/ayuntamiento\/"},{"@type":"ListItem","position":2,"name":"Turismo &#8211; Visita por Caudete"}]},{"@type":"WebSite","@id":"https:\/\/www.caudete.org\/ayuntamiento\/#website","url":"https:\/\/www.caudete.org\/ayuntamiento\/","name":"MI Ayuntamiento de Caudete","description":"P\u00e1gina Oficial del MI Ayuntamiento de Caudete","potentialAction":[{"@type":"SearchAction","target":{"@type":"EntryPoint","urlTemplate":"https:\/\/www.caudete.org\/ayuntamiento\/?s={search_term_string}"},"query-input":{"@type":"PropertyValueSpecification","valueRequired":true,"valueName":"search_term_string"}}],"inLanguage":"es"}]}},"_links":{"self":[{"href":"https:\/\/www.caudete.org\/ayuntamiento\/wp-json\/wp\/v2\/pages\/10188","targetHints":{"allow":["GET"]}}],"collection":[{"href":"https:\/\/www.caudete.org\/ayuntamiento\/wp-json\/wp\/v2\/pages"}],"about":[{"href":"https:\/\/www.caudete.org\/ayuntamiento\/wp-json\/wp\/v2\/types\/page"}],"author":[{"embeddable":true,"href":"https:\/\/www.caudete.org\/ayuntamiento\/wp-json\/wp\/v2\/users\/1"}],"replies":[{"embeddable":true,"href":"https:\/\/www.caudete.org\/ayuntamiento\/wp-json\/wp\/v2\/comments?post=10188"}],"version-history":[{"count":6,"href":"https:\/\/www.caudete.org\/ayuntamiento\/wp-json\/wp\/v2\/pages\/10188\/revisions"}],"predecessor-version":[{"id":10413,"href":"https:\/\/www.caudete.org\/ayuntamiento\/wp-json\/wp\/v2\/pages\/10188\/revisions\/10413"}],"wp:attachment":[{"href":"https:\/\/www.caudete.org\/ayuntamiento\/wp-json\/wp\/v2\/media?parent=10188"}],"wp:term":[{"taxonomy":"category","embeddable":true,"href":"https:\/\/www.caudete.org\/ayuntamiento\/wp-json\/wp\/v2\/categories?post=10188"},{"taxonomy":"post_tag","embeddable":true,"href":"https:\/\/www.caudete.org\/ayuntamiento\/wp-json\/wp\/v2\/tags?post=10188"}],"curies":[{"name":"wp","href":"https:\/\/api.w.org\/{rel}","templated":true}]}}