{"id":10414,"date":"2020-12-16T22:15:21","date_gmt":"2020-12-16T21:15:21","guid":{"rendered":"http:\/\/www.caudete.org\/ayuntamiento\/?page_id=10414"},"modified":"2020-12-16T22:35:25","modified_gmt":"2020-12-16T21:35:25","slug":"turismo-las-ermitas-y-sus-barrios","status":"publish","type":"page","link":"https:\/\/www.caudete.org\/ayuntamiento\/turismo-las-ermitas-y-sus-barrios\/","title":{"rendered":"Turismo &#8211; Las Ermitas y sus Barrios"},"content":{"rendered":"<h2>Ermita de Santa Ana<\/h2>\n<p style=\"text-align: justify;\">La ermita de Santa Ana se sit\u00faa en la parte alta de Caudete, un lugar ideal para tener una bella vista panor\u00e1mica de todo el municipio.<\/p>\n<p style=\"text-align: justify;\">Fue conocida desde el s. XVI como ermita de San Crist\u00f3bal, pero pasa en el s. XIX a llamarse de Santa Ana, nombre que tambi\u00e9n tom\u00f3 el barrio que la circunda.<\/p>\n<p style=\"text-align: justify;\">En 1564 la cr\u00f3nica de Mart\u00edn de Viciana ya cita esta antigua ermita.<\/p>\n<p style=\"text-align: justify;\">En 1781, el obispo de Orihuela, Josef Tormo, ordena la demolici\u00f3n de antiguo edificio, &#8220;por encontrarse muy derruida&#8221;, edific\u00e1ndose una nueva ermita. En su fachada exhibe una imagen del Sagrado Coraz\u00f3n de Jes\u00fas, que data de mediados del s. XX.<\/p>\n<p style=\"text-align: justify;\">Junto a la ermita encontramos la antigua casa del cuidador del edificio, hoy reconvertida en Albergue de Peregrinos del Camino de Santiago. El albergue est\u00e1 a cargo de la Asoc. de Amigos del Camino en Caudete, cuyo tel\u00e9fono de contacto es 634-30-75-71.<\/p>\n<p style=\"text-align: justify;\">&nbsp;<\/p>\nngg_shortcode_0_placeholder\n<h2 id=\"nom_seccion\">Barrio de Santa Ana<\/h2>\n<p style=\"text-align: justify;\">Este acogedor lugar todav\u00eda conserva el encanto de los antiguos n\u00facleos rurales, con sus fachada encaladas. Encontramos aqu\u00ed empinadas calles, tranquilas plazuelas y bellos ejemplos de arquitectura t\u00edpica popular.<\/p>\n<p style=\"text-align: justify;\">Un paseo por sus calles nos lleva al mirador de Santa Ana, situado junto a la ermita, y a su parque, una apacible arbolada con una estupenda vista sobre la sierra y todo el municipio.<\/p>\n<p style=\"text-align: justify;\">El barrio de Sta. Ana se consolid\u00f3 a lo largo del s. XIX, aunque ya se ocupaba desde el s. XVI. Tambi\u00e9n en la zona se han encontrado numerosos restos de asentamientos romanos.<\/p>\n<p style=\"text-align: justify;\">Aunque parte de este \u00e1rea pudo estar habitada en la edad media, formando uno de los arrabales de Caudete, es en el s. XVI cuando comienza el desarrollo urban\u00edstico de la zona, coincidiendo con el incremento poblacional y el desbordamiento del per\u00edmetro amurallada de &#8220;la villa&#8221;.<\/p>\n<p style=\"text-align: justify;\">En 1564 la c\u00f3nica de Mart\u00edn Viciana ya ubica en este lugar la ermita de San Crist\u00f3bal, que pasa en el s. XVIII a dedicarse a Santa Ana.<\/p>\n<p style=\"text-align: justify;\">A finales del s. XVIII la ermita es derruida y sustituida por otra, &#8220;por estar \u00e9sta muy derruida&#8221;.<\/p>\n<p style=\"text-align: justify;\">El Sagrado Coraz\u00f3n de Jes\u00fas que decora la fachada data de mediado del s. XX.<\/p>\n<p style=\"text-align: justify;\">&nbsp;<\/p>\nngg_shortcode_1_placeholder\n<h2>Ermita de San Ant\u00f3n<\/h2>\n<p>Junto al barrio de San Francisco, y ya a las afueras de la poblaci\u00f3n, encontramos la ermita de San Ant\u00f3n. Esta ermita, as\u00ed como su cofrad\u00eda, exist\u00edan ya en Caudete desde 1597.<\/p>\n<p>La devoci\u00f3n a San Antonio Abad estuvo muy arraigada en las antiguas comunidades agr\u00edcolas por tratarse de un santo protector de los animales en un momento en que las econom\u00edas dom\u00e9sticas ten\u00edan en \u00e9stos uno de sus principales sustentos y fuerza de trabajo.<\/p>\n<p>A pesar de paso del tiempo, ni la devoci\u00f3n a este santo ni su ermita han ca\u00eddo en el olvido de los caudetanos.<\/p>\n<p>&nbsp;<\/p>\nngg_shortcode_2_placeholder\n<h2>Lavadero de San Ant\u00f3n<\/h2>\n<p>Junto a la ermita de San Ant\u00f3n, encontramos el lavadero del mismo nombre, del que tenemos noticias en el Inventario de Bienes Inmuebles del Ayuntamiento en 1924, aunque su creaci\u00f3n ser\u00eda muy anterior.<\/p>\n<p>Aprovechaba este lavadero el agua de la Acequia Mayor de Bogarra, que canalizaba el agua para riego y uso humano de la parte sur del municipio.<\/p>\n<p>La Acequia Mayor de Bogarra llegaba hasta las tierras de riego de Bogarra.<\/p>\nngg_shortcode_3_placeholder\n","protected":false},"excerpt":{"rendered":"<p>Ermita de Santa Ana La ermita de Santa Ana se sit\u00faa en la parte alta de Caudete, un lugar ideal para tener una bella vista panor\u00e1mica de todo el municipio. Fue conocida desde el s. XVI como ermita de San Crist\u00f3bal, pero pasa en el s. XIX a llamarse de Santa Ana, nombre que tambi\u00e9n &hellip;<\/p>\n","protected":false},"author":1,"featured_media":0,"parent":0,"menu_order":0,"comment_status":"closed","ping_status":"closed","template":"","meta":{"ngg_post_thumbnail":0,"footnotes":""},"categories":[135],"tags":[],"class_list":["post-10414","page","type-page","status-publish","hentry","category-turismo-2"],"yoast_head":"<!-- This site is optimized with the Yoast SEO plugin v27.5 - https:\/\/yoast.com\/product\/yoast-seo-wordpress\/ -->\n<title>Turismo - Las Ermitas y sus Barrios - MI Ayuntamiento de Caudete<\/title>\n<meta name=\"description\" content=\"P\u00e1gina Oficial del Ayuntamiento de Caudete (Albacete)\" \/>\n<meta name=\"robots\" content=\"index, follow, max-snippet:-1, max-image-preview:large, max-video-preview:-1\" \/>\n<link rel=\"canonical\" href=\"https:\/\/www.caudete.org\/ayuntamiento\/turismo-las-ermitas-y-sus-barrios\/\" \/>\n<meta property=\"og:locale\" content=\"es_ES\" \/>\n<meta property=\"og:type\" content=\"article\" \/>\n<meta property=\"og:title\" content=\"Turismo - Las Ermitas y sus Barrios - MI Ayuntamiento de Caudete\" \/>\n<meta property=\"og:description\" content=\"P\u00e1gina Oficial del Ayuntamiento de Caudete (Albacete)\" \/>\n<meta property=\"og:url\" content=\"https:\/\/www.caudete.org\/ayuntamiento\/turismo-las-ermitas-y-sus-barrios\/\" \/>\n<meta property=\"og:site_name\" content=\"MI Ayuntamiento de Caudete\" \/>\n<meta property=\"article:publisher\" content=\"https:\/\/www.facebook.com\/ayuntamientocaudete\/\" \/>\n<meta property=\"article:modified_time\" content=\"2020-12-16T21:35:25+00:00\" \/>\n<meta name=\"twitter:card\" content=\"summary_large_image\" \/>\n<meta name=\"twitter:label1\" content=\"Tiempo de lectura\" \/>\n\t<meta name=\"twitter:data1\" content=\"3 minutos\" \/>\n<script type=\"application\/ld+json\" class=\"yoast-schema-graph\">{\"@context\":\"https:\\\/\\\/schema.org\",\"@graph\":[{\"@type\":\"WebPage\",\"@id\":\"https:\\\/\\\/www.caudete.org\\\/ayuntamiento\\\/turismo-las-ermitas-y-sus-barrios\\\/\",\"url\":\"https:\\\/\\\/www.caudete.org\\\/ayuntamiento\\\/turismo-las-ermitas-y-sus-barrios\\\/\",\"name\":\"Turismo - Las Ermitas y sus Barrios - MI Ayuntamiento de Caudete\",\"isPartOf\":{\"@id\":\"https:\\\/\\\/www.caudete.org\\\/ayuntamiento\\\/#website\"},\"datePublished\":\"2020-12-16T21:15:21+00:00\",\"dateModified\":\"2020-12-16T21:35:25+00:00\",\"description\":\"P\u00e1gina Oficial del Ayuntamiento de Caudete (Albacete)\",\"breadcrumb\":{\"@id\":\"https:\\\/\\\/www.caudete.org\\\/ayuntamiento\\\/turismo-las-ermitas-y-sus-barrios\\\/#breadcrumb\"},\"inLanguage\":\"es\",\"potentialAction\":[{\"@type\":\"ReadAction\",\"target\":[\"https:\\\/\\\/www.caudete.org\\\/ayuntamiento\\\/turismo-las-ermitas-y-sus-barrios\\\/\"]}]},{\"@type\":\"BreadcrumbList\",\"@id\":\"https:\\\/\\\/www.caudete.org\\\/ayuntamiento\\\/turismo-las-ermitas-y-sus-barrios\\\/#breadcrumb\",\"itemListElement\":[{\"@type\":\"ListItem\",\"position\":1,\"name\":\"Inicio\",\"item\":\"https:\\\/\\\/www.caudete.org\\\/ayuntamiento\\\/\"},{\"@type\":\"ListItem\",\"position\":2,\"name\":\"Turismo &#8211; Las Ermitas y sus Barrios\"}]},{\"@type\":\"WebSite\",\"@id\":\"https:\\\/\\\/www.caudete.org\\\/ayuntamiento\\\/#website\",\"url\":\"https:\\\/\\\/www.caudete.org\\\/ayuntamiento\\\/\",\"name\":\"MI Ayuntamiento de Caudete\",\"description\":\"P\u00e1gina Oficial del MI Ayuntamiento de Caudete\",\"potentialAction\":[{\"@type\":\"SearchAction\",\"target\":{\"@type\":\"EntryPoint\",\"urlTemplate\":\"https:\\\/\\\/www.caudete.org\\\/ayuntamiento\\\/?s={search_term_string}\"},\"query-input\":{\"@type\":\"PropertyValueSpecification\",\"valueRequired\":true,\"valueName\":\"search_term_string\"}}],\"inLanguage\":\"es\"}]}<\/script>\n<!-- \/ Yoast SEO plugin. -->","yoast_head_json":{"title":"Turismo - Las Ermitas y sus Barrios - MI Ayuntamiento de Caudete","description":"P\u00e1gina Oficial del Ayuntamiento de Caudete (Albacete)","robots":{"index":"index","follow":"follow","max-snippet":"max-snippet:-1","max-image-preview":"max-image-preview:large","max-video-preview":"max-video-preview:-1"},"canonical":"https:\/\/www.caudete.org\/ayuntamiento\/turismo-las-ermitas-y-sus-barrios\/","og_locale":"es_ES","og_type":"article","og_title":"Turismo - Las Ermitas y sus Barrios - MI Ayuntamiento de Caudete","og_description":"P\u00e1gina Oficial del Ayuntamiento de Caudete (Albacete)","og_url":"https:\/\/www.caudete.org\/ayuntamiento\/turismo-las-ermitas-y-sus-barrios\/","og_site_name":"MI Ayuntamiento de Caudete","article_publisher":"https:\/\/www.facebook.com\/ayuntamientocaudete\/","article_modified_time":"2020-12-16T21:35:25+00:00","twitter_card":"summary_large_image","twitter_misc":{"Tiempo de lectura":"3 minutos"},"schema":{"@context":"https:\/\/schema.org","@graph":[{"@type":"WebPage","@id":"https:\/\/www.caudete.org\/ayuntamiento\/turismo-las-ermitas-y-sus-barrios\/","url":"https:\/\/www.caudete.org\/ayuntamiento\/turismo-las-ermitas-y-sus-barrios\/","name":"Turismo - Las Ermitas y sus Barrios - MI Ayuntamiento de Caudete","isPartOf":{"@id":"https:\/\/www.caudete.org\/ayuntamiento\/#website"},"datePublished":"2020-12-16T21:15:21+00:00","dateModified":"2020-12-16T21:35:25+00:00","description":"P\u00e1gina Oficial del Ayuntamiento de Caudete (Albacete)","breadcrumb":{"@id":"https:\/\/www.caudete.org\/ayuntamiento\/turismo-las-ermitas-y-sus-barrios\/#breadcrumb"},"inLanguage":"es","potentialAction":[{"@type":"ReadAction","target":["https:\/\/www.caudete.org\/ayuntamiento\/turismo-las-ermitas-y-sus-barrios\/"]}]},{"@type":"BreadcrumbList","@id":"https:\/\/www.caudete.org\/ayuntamiento\/turismo-las-ermitas-y-sus-barrios\/#breadcrumb","itemListElement":[{"@type":"ListItem","position":1,"name":"Inicio","item":"https:\/\/www.caudete.org\/ayuntamiento\/"},{"@type":"ListItem","position":2,"name":"Turismo &#8211; Las Ermitas y sus Barrios"}]},{"@type":"WebSite","@id":"https:\/\/www.caudete.org\/ayuntamiento\/#website","url":"https:\/\/www.caudete.org\/ayuntamiento\/","name":"MI Ayuntamiento de Caudete","description":"P\u00e1gina Oficial del MI Ayuntamiento de Caudete","potentialAction":[{"@type":"SearchAction","target":{"@type":"EntryPoint","urlTemplate":"https:\/\/www.caudete.org\/ayuntamiento\/?s={search_term_string}"},"query-input":{"@type":"PropertyValueSpecification","valueRequired":true,"valueName":"search_term_string"}}],"inLanguage":"es"}]}},"_links":{"self":[{"href":"https:\/\/www.caudete.org\/ayuntamiento\/wp-json\/wp\/v2\/pages\/10414","targetHints":{"allow":["GET"]}}],"collection":[{"href":"https:\/\/www.caudete.org\/ayuntamiento\/wp-json\/wp\/v2\/pages"}],"about":[{"href":"https:\/\/www.caudete.org\/ayuntamiento\/wp-json\/wp\/v2\/types\/page"}],"author":[{"embeddable":true,"href":"https:\/\/www.caudete.org\/ayuntamiento\/wp-json\/wp\/v2\/users\/1"}],"replies":[{"embeddable":true,"href":"https:\/\/www.caudete.org\/ayuntamiento\/wp-json\/wp\/v2\/comments?post=10414"}],"version-history":[{"count":9,"href":"https:\/\/www.caudete.org\/ayuntamiento\/wp-json\/wp\/v2\/pages\/10414\/revisions"}],"predecessor-version":[{"id":10439,"href":"https:\/\/www.caudete.org\/ayuntamiento\/wp-json\/wp\/v2\/pages\/10414\/revisions\/10439"}],"wp:attachment":[{"href":"https:\/\/www.caudete.org\/ayuntamiento\/wp-json\/wp\/v2\/media?parent=10414"}],"wp:term":[{"taxonomy":"category","embeddable":true,"href":"https:\/\/www.caudete.org\/ayuntamiento\/wp-json\/wp\/v2\/categories?post=10414"},{"taxonomy":"post_tag","embeddable":true,"href":"https:\/\/www.caudete.org\/ayuntamiento\/wp-json\/wp\/v2\/tags?post=10414"}],"curies":[{"name":"wp","href":"https:\/\/api.w.org\/{rel}","templated":true}]}}