{"id":10809,"date":"2020-12-21T21:34:48","date_gmt":"2020-12-21T20:34:48","guid":{"rendered":"http:\/\/www.caudete.org\/ayuntamiento\/?page_id=10809"},"modified":"2024-06-21T18:38:56","modified_gmt":"2024-06-21T16:38:56","slug":"juventud-certamen-de-pintura-al-aire-libre","status":"publish","type":"page","link":"https:\/\/www.caudete.org\/ayuntamiento\/juventud-certamen-de-pintura-al-aire-libre\/","title":{"rendered":"Juventud &#8211; Certamen de Pintura al Aire Libre"},"content":{"rendered":"<p><a href=\"https:\/\/www.caudete.org\/ayuntamiento\/wp-content\/uploads\/2024\/06\/sala-joven-2.jpg\" rel='prettyPhoto'><img fetchpriority=\"high\" decoding=\"async\" class=\"aligncenter size-full wp-image-25332\" src=\"https:\/\/www.caudete.org\/ayuntamiento\/wp-content\/uploads\/2024\/06\/sala-joven-2.jpg\" alt=\"\" width=\"1980\" height=\"736\" srcset=\"https:\/\/www.caudete.org\/ayuntamiento\/wp-content\/uploads\/2024\/06\/sala-joven-2.jpg 1980w, https:\/\/www.caudete.org\/ayuntamiento\/wp-content\/uploads\/2024\/06\/sala-joven-2-300x112.jpg 300w, https:\/\/www.caudete.org\/ayuntamiento\/wp-content\/uploads\/2024\/06\/sala-joven-2-1024x381.jpg 1024w, https:\/\/www.caudete.org\/ayuntamiento\/wp-content\/uploads\/2024\/06\/sala-joven-2-768x285.jpg 768w, https:\/\/www.caudete.org\/ayuntamiento\/wp-content\/uploads\/2024\/06\/sala-joven-2-1536x571.jpg 1536w\" sizes=\"(max-width: 1980px) 100vw, 1980px\" \/><\/a><\/p>\n<p>&nbsp;<\/p>\n<h2>CERTAMEN PINTURA AL AIRE LIBRE<\/h2>\n<p style=\"text-align: justify;\">El<strong> Certamen de Pintura al Aire Libre \u201cVilla de Caudete\u201d<\/strong> est\u00e1 organizado por las <strong>Concejal\u00edas de Cultura y Juventud<\/strong>, y cuenta ya con diez ediciones.<\/p>\n<p style=\"text-align: justify;\">Tiene el objetivo principal de fomentar la creaci\u00f3n art\u00edstica en los j\u00f3venes de la localidad, y tambi\u00e9n en el \u00e1mbito nacional, promoviendo la participaci\u00f3n art\u00edstica\u00a0 y el descubrimiento de los nuevos artistas pl\u00e1sticos.<\/p>\n<p>&nbsp;<\/p>\n<div id=\"ngg-gallery-1947ac97b09c224551f4f12927b83800-1\" class=\"ngg-galleryoverview default-view \">\n<div id=\"ngg-image-0\" class=\"ngg-gallery-thumbnail-box \">\n<div class=\"ngg-gallery-thumbnail\"><\/div>\n<\/div>\n<div id=\"ngg-image-2\" class=\"ngg-gallery-thumbnail-box \">\n<div class=\"ngg-gallery-thumbnail\"><\/div>\n<\/div>\n<div class=\"ngg-clear\"><\/div>\n<\/div>\n","protected":false},"excerpt":{"rendered":"<p>&nbsp; CERTAMEN PINTURA AL AIRE LIBRE El Certamen de Pintura al Aire Libre \u201cVilla de Caudete\u201d est\u00e1 organizado por las Concejal\u00edas de Cultura y Juventud, y cuenta ya con diez ediciones. Tiene el objetivo principal de fomentar la creaci\u00f3n art\u00edstica en los j\u00f3venes de la localidad, y tambi\u00e9n en el \u00e1mbito nacional, promoviendo la participaci\u00f3n &hellip;<\/p>\n","protected":false},"author":1,"featured_media":0,"parent":0,"menu_order":0,"comment_status":"closed","ping_status":"closed","template":"","meta":{"ngg_post_thumbnail":0,"footnotes":""},"categories":[22],"tags":[],"class_list":["post-10809","page","type-page","status-publish","hentry","category-juventud"],"yoast_head":"<!-- This site is optimized with the Yoast SEO plugin v27.5 - https:\/\/yoast.com\/product\/yoast-seo-wordpress\/ -->\n<title>Juventud - Certamen de Pintura al Aire Libre - MI Ayuntamiento de Caudete<\/title>\n<meta name=\"description\" content=\"P\u00e1gina Oficial del Ayuntamiento de Caudete (Albacete)\" \/>\n<meta name=\"robots\" content=\"index, follow, max-snippet:-1, max-image-preview:large, max-video-preview:-1\" \/>\n<link rel=\"canonical\" href=\"https:\/\/www.caudete.org\/ayuntamiento\/juventud-certamen-de-pintura-al-aire-libre\/\" \/>\n<meta property=\"og:locale\" content=\"es_ES\" \/>\n<meta property=\"og:type\" content=\"article\" \/>\n<meta property=\"og:title\" content=\"Juventud - Certamen de Pintura al Aire Libre - MI Ayuntamiento de Caudete\" \/>\n<meta property=\"og:description\" content=\"P\u00e1gina Oficial del Ayuntamiento de Caudete (Albacete)\" \/>\n<meta property=\"og:url\" content=\"https:\/\/www.caudete.org\/ayuntamiento\/juventud-certamen-de-pintura-al-aire-libre\/\" \/>\n<meta property=\"og:site_name\" content=\"MI Ayuntamiento de Caudete\" \/>\n<meta property=\"article:publisher\" content=\"https:\/\/www.facebook.com\/ayuntamientocaudete\/\" \/>\n<meta property=\"article:modified_time\" content=\"2024-06-21T16:38:56+00:00\" \/>\n<meta property=\"og:image\" content=\"https:\/\/www.caudete.org\/ayuntamiento\/wp-content\/uploads\/2024\/06\/sala-joven-2.jpg\" \/>\n<meta name=\"twitter:card\" content=\"summary_large_image\" \/>\n<meta name=\"twitter:label1\" content=\"Tiempo de lectura\" \/>\n\t<meta name=\"twitter:data1\" content=\"1 minuto\" \/>\n<script type=\"application\/ld+json\" class=\"yoast-schema-graph\">{\"@context\":\"https:\\\/\\\/schema.org\",\"@graph\":[{\"@type\":\"WebPage\",\"@id\":\"https:\\\/\\\/www.caudete.org\\\/ayuntamiento\\\/juventud-certamen-de-pintura-al-aire-libre\\\/\",\"url\":\"https:\\\/\\\/www.caudete.org\\\/ayuntamiento\\\/juventud-certamen-de-pintura-al-aire-libre\\\/\",\"name\":\"Juventud - Certamen de Pintura al Aire Libre - MI Ayuntamiento de Caudete\",\"isPartOf\":{\"@id\":\"https:\\\/\\\/www.caudete.org\\\/ayuntamiento\\\/#website\"},\"primaryImageOfPage\":{\"@id\":\"https:\\\/\\\/www.caudete.org\\\/ayuntamiento\\\/juventud-certamen-de-pintura-al-aire-libre\\\/#primaryimage\"},\"image\":{\"@id\":\"https:\\\/\\\/www.caudete.org\\\/ayuntamiento\\\/juventud-certamen-de-pintura-al-aire-libre\\\/#primaryimage\"},\"thumbnailUrl\":\"https:\\\/\\\/www.caudete.org\\\/ayuntamiento\\\/wp-content\\\/uploads\\\/2024\\\/06\\\/sala-joven-2.jpg\",\"datePublished\":\"2020-12-21T20:34:48+00:00\",\"dateModified\":\"2024-06-21T16:38:56+00:00\",\"description\":\"P\u00e1gina Oficial del Ayuntamiento de Caudete (Albacete)\",\"breadcrumb\":{\"@id\":\"https:\\\/\\\/www.caudete.org\\\/ayuntamiento\\\/juventud-certamen-de-pintura-al-aire-libre\\\/#breadcrumb\"},\"inLanguage\":\"es\",\"potentialAction\":[{\"@type\":\"ReadAction\",\"target\":[\"https:\\\/\\\/www.caudete.org\\\/ayuntamiento\\\/juventud-certamen-de-pintura-al-aire-libre\\\/\"]}]},{\"@type\":\"ImageObject\",\"inLanguage\":\"es\",\"@id\":\"https:\\\/\\\/www.caudete.org\\\/ayuntamiento\\\/juventud-certamen-de-pintura-al-aire-libre\\\/#primaryimage\",\"url\":\"https:\\\/\\\/www.caudete.org\\\/ayuntamiento\\\/wp-content\\\/uploads\\\/2024\\\/06\\\/sala-joven-2.jpg\",\"contentUrl\":\"https:\\\/\\\/www.caudete.org\\\/ayuntamiento\\\/wp-content\\\/uploads\\\/2024\\\/06\\\/sala-joven-2.jpg\"},{\"@type\":\"BreadcrumbList\",\"@id\":\"https:\\\/\\\/www.caudete.org\\\/ayuntamiento\\\/juventud-certamen-de-pintura-al-aire-libre\\\/#breadcrumb\",\"itemListElement\":[{\"@type\":\"ListItem\",\"position\":1,\"name\":\"Inicio\",\"item\":\"https:\\\/\\\/www.caudete.org\\\/ayuntamiento\\\/\"},{\"@type\":\"ListItem\",\"position\":2,\"name\":\"Juventud &#8211; Certamen de Pintura al Aire Libre\"}]},{\"@type\":\"WebSite\",\"@id\":\"https:\\\/\\\/www.caudete.org\\\/ayuntamiento\\\/#website\",\"url\":\"https:\\\/\\\/www.caudete.org\\\/ayuntamiento\\\/\",\"name\":\"MI Ayuntamiento de Caudete\",\"description\":\"P\u00e1gina Oficial del MI Ayuntamiento de Caudete\",\"potentialAction\":[{\"@type\":\"SearchAction\",\"target\":{\"@type\":\"EntryPoint\",\"urlTemplate\":\"https:\\\/\\\/www.caudete.org\\\/ayuntamiento\\\/?s={search_term_string}\"},\"query-input\":{\"@type\":\"PropertyValueSpecification\",\"valueRequired\":true,\"valueName\":\"search_term_string\"}}],\"inLanguage\":\"es\"}]}<\/script>\n<!-- \/ Yoast SEO plugin. -->","yoast_head_json":{"title":"Juventud - Certamen de Pintura al Aire Libre - MI Ayuntamiento de Caudete","description":"P\u00e1gina Oficial del Ayuntamiento de Caudete (Albacete)","robots":{"index":"index","follow":"follow","max-snippet":"max-snippet:-1","max-image-preview":"max-image-preview:large","max-video-preview":"max-video-preview:-1"},"canonical":"https:\/\/www.caudete.org\/ayuntamiento\/juventud-certamen-de-pintura-al-aire-libre\/","og_locale":"es_ES","og_type":"article","og_title":"Juventud - Certamen de Pintura al Aire Libre - MI Ayuntamiento de Caudete","og_description":"P\u00e1gina Oficial del Ayuntamiento de Caudete (Albacete)","og_url":"https:\/\/www.caudete.org\/ayuntamiento\/juventud-certamen-de-pintura-al-aire-libre\/","og_site_name":"MI Ayuntamiento de Caudete","article_publisher":"https:\/\/www.facebook.com\/ayuntamientocaudete\/","article_modified_time":"2024-06-21T16:38:56+00:00","og_image":[{"url":"https:\/\/www.caudete.org\/ayuntamiento\/wp-content\/uploads\/2024\/06\/sala-joven-2.jpg","type":"","width":"","height":""}],"twitter_card":"summary_large_image","twitter_misc":{"Tiempo de lectura":"1 minuto"},"schema":{"@context":"https:\/\/schema.org","@graph":[{"@type":"WebPage","@id":"https:\/\/www.caudete.org\/ayuntamiento\/juventud-certamen-de-pintura-al-aire-libre\/","url":"https:\/\/www.caudete.org\/ayuntamiento\/juventud-certamen-de-pintura-al-aire-libre\/","name":"Juventud - Certamen de Pintura al Aire Libre - MI Ayuntamiento de Caudete","isPartOf":{"@id":"https:\/\/www.caudete.org\/ayuntamiento\/#website"},"primaryImageOfPage":{"@id":"https:\/\/www.caudete.org\/ayuntamiento\/juventud-certamen-de-pintura-al-aire-libre\/#primaryimage"},"image":{"@id":"https:\/\/www.caudete.org\/ayuntamiento\/juventud-certamen-de-pintura-al-aire-libre\/#primaryimage"},"thumbnailUrl":"https:\/\/www.caudete.org\/ayuntamiento\/wp-content\/uploads\/2024\/06\/sala-joven-2.jpg","datePublished":"2020-12-21T20:34:48+00:00","dateModified":"2024-06-21T16:38:56+00:00","description":"P\u00e1gina Oficial del Ayuntamiento de Caudete (Albacete)","breadcrumb":{"@id":"https:\/\/www.caudete.org\/ayuntamiento\/juventud-certamen-de-pintura-al-aire-libre\/#breadcrumb"},"inLanguage":"es","potentialAction":[{"@type":"ReadAction","target":["https:\/\/www.caudete.org\/ayuntamiento\/juventud-certamen-de-pintura-al-aire-libre\/"]}]},{"@type":"ImageObject","inLanguage":"es","@id":"https:\/\/www.caudete.org\/ayuntamiento\/juventud-certamen-de-pintura-al-aire-libre\/#primaryimage","url":"https:\/\/www.caudete.org\/ayuntamiento\/wp-content\/uploads\/2024\/06\/sala-joven-2.jpg","contentUrl":"https:\/\/www.caudete.org\/ayuntamiento\/wp-content\/uploads\/2024\/06\/sala-joven-2.jpg"},{"@type":"BreadcrumbList","@id":"https:\/\/www.caudete.org\/ayuntamiento\/juventud-certamen-de-pintura-al-aire-libre\/#breadcrumb","itemListElement":[{"@type":"ListItem","position":1,"name":"Inicio","item":"https:\/\/www.caudete.org\/ayuntamiento\/"},{"@type":"ListItem","position":2,"name":"Juventud &#8211; Certamen de Pintura al Aire Libre"}]},{"@type":"WebSite","@id":"https:\/\/www.caudete.org\/ayuntamiento\/#website","url":"https:\/\/www.caudete.org\/ayuntamiento\/","name":"MI Ayuntamiento de Caudete","description":"P\u00e1gina Oficial del MI Ayuntamiento de Caudete","potentialAction":[{"@type":"SearchAction","target":{"@type":"EntryPoint","urlTemplate":"https:\/\/www.caudete.org\/ayuntamiento\/?s={search_term_string}"},"query-input":{"@type":"PropertyValueSpecification","valueRequired":true,"valueName":"search_term_string"}}],"inLanguage":"es"}]}},"_links":{"self":[{"href":"https:\/\/www.caudete.org\/ayuntamiento\/wp-json\/wp\/v2\/pages\/10809","targetHints":{"allow":["GET"]}}],"collection":[{"href":"https:\/\/www.caudete.org\/ayuntamiento\/wp-json\/wp\/v2\/pages"}],"about":[{"href":"https:\/\/www.caudete.org\/ayuntamiento\/wp-json\/wp\/v2\/types\/page"}],"author":[{"embeddable":true,"href":"https:\/\/www.caudete.org\/ayuntamiento\/wp-json\/wp\/v2\/users\/1"}],"replies":[{"embeddable":true,"href":"https:\/\/www.caudete.org\/ayuntamiento\/wp-json\/wp\/v2\/comments?post=10809"}],"version-history":[{"count":11,"href":"https:\/\/www.caudete.org\/ayuntamiento\/wp-json\/wp\/v2\/pages\/10809\/revisions"}],"predecessor-version":[{"id":25382,"href":"https:\/\/www.caudete.org\/ayuntamiento\/wp-json\/wp\/v2\/pages\/10809\/revisions\/25382"}],"wp:attachment":[{"href":"https:\/\/www.caudete.org\/ayuntamiento\/wp-json\/wp\/v2\/media?parent=10809"}],"wp:term":[{"taxonomy":"category","embeddable":true,"href":"https:\/\/www.caudete.org\/ayuntamiento\/wp-json\/wp\/v2\/categories?post=10809"},{"taxonomy":"post_tag","embeddable":true,"href":"https:\/\/www.caudete.org\/ayuntamiento\/wp-json\/wp\/v2\/tags?post=10809"}],"curies":[{"name":"wp","href":"https:\/\/api.w.org\/{rel}","templated":true}]}}