{"id":10849,"date":"2020-12-21T22:07:18","date_gmt":"2020-12-21T21:07:18","guid":{"rendered":"http:\/\/www.caudete.org\/ayuntamiento\/?page_id=10849"},"modified":"2020-12-28T13:29:50","modified_gmt":"2020-12-28T12:29:50","slug":"juventud-plan-local-de-drogas","status":"publish","type":"page","link":"https:\/\/www.caudete.org\/ayuntamiento\/juventud-plan-local-de-drogas\/","title":{"rendered":"Juventud &#8211; Plan Local de Drogas"},"content":{"rendered":"<h2 style=\"text-align: justify;\">PLAN LOCAL DE DROGAS<\/h2>\n<p style=\"text-align: justify;\">El Plan de Drogas es un documento de trabajo en el que se planifican diversas acciones en cuesti\u00f3n de:<\/p>\n<p style=\"text-align: justify;\">1. Tratamiento y Abordaje de los problemas adictivos<\/p>\n<p style=\"text-align: justify;\">2. Prevenci\u00f3n de las drogodependencias.<\/p>\n<p style=\"text-align: justify;\">Un plan plurianual, promovido desde el Ayuntamiento de Caudete, y en el que participan tradicionalmente \u00e1reas de bienestar social, sanidad, juventud, deportes, educaci\u00f3n, seguridad ciudadana etc.<\/p>\n<p style=\"text-align: justify;\">En la actualidad, el plan anterior finaliz\u00f3, y se est\u00e1 en un proceso de estudio y elaboraci\u00f3n, junto a diversas concejal\u00edas y otros agentes sociales, con el objeto de disponer de una herramienta de planificaci\u00f3n y coordinaci\u00f3n, desde el 2021 hasta el 2024. Ser\u00eda el <strong>IV Plan de Drogodependencias<\/strong> y otras conductas adictivas.<\/p>\n<p style=\"text-align: justify;\">Adem\u00e1s de una parte diagn\u00f3stica, para evaluar en qu\u00e9 momento est\u00e1 nuestra localidad a nivel de edad de inicio, tipos de consumo m\u00e1s frecuentes, impactos, etc, habr\u00e1 un apartado de planificaci\u00f3n de actividades y programas, articulados en las siguientes \u00e1reas o apartados:<\/p>\n<ol style=\"text-align: justify;\">\n<li>\u00c1MBITO ESCOLAR: alumnado, docentes, prevenci\u00f3n universal, prevenci\u00f3n selectiva e indicada<\/li>\n<li>\u00c1MBITO COMUNITARIO: control de la oferta, ocio y formaci\u00f3n, medios de comunicaci\u00f3n, asociativa<\/li>\n<li>\u00c1MBITO ASISTENCIAL: coordinaci\u00f3n, inclusi\u00f3n.<\/li>\n<\/ol>\n","protected":false},"excerpt":{"rendered":"<p>PLAN LOCAL DE DROGAS El Plan de Drogas es un documento de trabajo en el que se planifican diversas acciones en cuesti\u00f3n de: 1. Tratamiento y Abordaje de los problemas adictivos 2. Prevenci\u00f3n de las drogodependencias. Un plan plurianual, promovido desde el Ayuntamiento de Caudete, y en el que participan tradicionalmente \u00e1reas de bienestar social, &hellip;<\/p>\n","protected":false},"author":1,"featured_media":0,"parent":0,"menu_order":0,"comment_status":"closed","ping_status":"closed","template":"","meta":{"ngg_post_thumbnail":0,"footnotes":""},"categories":[22],"tags":[],"class_list":["post-10849","page","type-page","status-publish","hentry","category-juventud"],"yoast_head":"<!-- This site is optimized with the Yoast SEO plugin v27.5 - https:\/\/yoast.com\/product\/yoast-seo-wordpress\/ -->\n<title>Juventud - Plan Local de Drogas - MI Ayuntamiento de Caudete<\/title>\n<meta name=\"description\" content=\"P\u00e1gina Oficial del Ayuntamiento de Caudete (Albacete)\" \/>\n<meta name=\"robots\" content=\"index, follow, max-snippet:-1, max-image-preview:large, max-video-preview:-1\" \/>\n<link rel=\"canonical\" href=\"https:\/\/www.caudete.org\/ayuntamiento\/juventud-plan-local-de-drogas\/\" \/>\n<meta property=\"og:locale\" content=\"es_ES\" \/>\n<meta property=\"og:type\" content=\"article\" \/>\n<meta property=\"og:title\" content=\"Juventud - Plan Local de Drogas - MI Ayuntamiento de Caudete\" \/>\n<meta property=\"og:description\" content=\"P\u00e1gina Oficial del Ayuntamiento de Caudete (Albacete)\" \/>\n<meta property=\"og:url\" content=\"https:\/\/www.caudete.org\/ayuntamiento\/juventud-plan-local-de-drogas\/\" \/>\n<meta property=\"og:site_name\" content=\"MI Ayuntamiento de Caudete\" \/>\n<meta property=\"article:publisher\" content=\"https:\/\/www.facebook.com\/ayuntamientocaudete\/\" \/>\n<meta property=\"article:modified_time\" content=\"2020-12-28T12:29:50+00:00\" \/>\n<meta name=\"twitter:card\" content=\"summary_large_image\" \/>\n<meta name=\"twitter:label1\" content=\"Tiempo de lectura\" \/>\n\t<meta name=\"twitter:data1\" content=\"1 minuto\" \/>\n<script type=\"application\/ld+json\" class=\"yoast-schema-graph\">{\"@context\":\"https:\\\/\\\/schema.org\",\"@graph\":[{\"@type\":\"WebPage\",\"@id\":\"https:\\\/\\\/www.caudete.org\\\/ayuntamiento\\\/juventud-plan-local-de-drogas\\\/\",\"url\":\"https:\\\/\\\/www.caudete.org\\\/ayuntamiento\\\/juventud-plan-local-de-drogas\\\/\",\"name\":\"Juventud - Plan Local de Drogas - MI Ayuntamiento de Caudete\",\"isPartOf\":{\"@id\":\"https:\\\/\\\/www.caudete.org\\\/ayuntamiento\\\/#website\"},\"datePublished\":\"2020-12-21T21:07:18+00:00\",\"dateModified\":\"2020-12-28T12:29:50+00:00\",\"description\":\"P\u00e1gina Oficial del Ayuntamiento de Caudete (Albacete)\",\"breadcrumb\":{\"@id\":\"https:\\\/\\\/www.caudete.org\\\/ayuntamiento\\\/juventud-plan-local-de-drogas\\\/#breadcrumb\"},\"inLanguage\":\"es\",\"potentialAction\":[{\"@type\":\"ReadAction\",\"target\":[\"https:\\\/\\\/www.caudete.org\\\/ayuntamiento\\\/juventud-plan-local-de-drogas\\\/\"]}]},{\"@type\":\"BreadcrumbList\",\"@id\":\"https:\\\/\\\/www.caudete.org\\\/ayuntamiento\\\/juventud-plan-local-de-drogas\\\/#breadcrumb\",\"itemListElement\":[{\"@type\":\"ListItem\",\"position\":1,\"name\":\"Inicio\",\"item\":\"https:\\\/\\\/www.caudete.org\\\/ayuntamiento\\\/\"},{\"@type\":\"ListItem\",\"position\":2,\"name\":\"Juventud &#8211; Plan Local de Drogas\"}]},{\"@type\":\"WebSite\",\"@id\":\"https:\\\/\\\/www.caudete.org\\\/ayuntamiento\\\/#website\",\"url\":\"https:\\\/\\\/www.caudete.org\\\/ayuntamiento\\\/\",\"name\":\"MI Ayuntamiento de Caudete\",\"description\":\"P\u00e1gina Oficial del MI Ayuntamiento de Caudete\",\"potentialAction\":[{\"@type\":\"SearchAction\",\"target\":{\"@type\":\"EntryPoint\",\"urlTemplate\":\"https:\\\/\\\/www.caudete.org\\\/ayuntamiento\\\/?s={search_term_string}\"},\"query-input\":{\"@type\":\"PropertyValueSpecification\",\"valueRequired\":true,\"valueName\":\"search_term_string\"}}],\"inLanguage\":\"es\"}]}<\/script>\n<!-- \/ Yoast SEO plugin. -->","yoast_head_json":{"title":"Juventud - Plan Local de Drogas - MI Ayuntamiento de Caudete","description":"P\u00e1gina Oficial del Ayuntamiento de Caudete (Albacete)","robots":{"index":"index","follow":"follow","max-snippet":"max-snippet:-1","max-image-preview":"max-image-preview:large","max-video-preview":"max-video-preview:-1"},"canonical":"https:\/\/www.caudete.org\/ayuntamiento\/juventud-plan-local-de-drogas\/","og_locale":"es_ES","og_type":"article","og_title":"Juventud - Plan Local de Drogas - MI Ayuntamiento de Caudete","og_description":"P\u00e1gina Oficial del Ayuntamiento de Caudete (Albacete)","og_url":"https:\/\/www.caudete.org\/ayuntamiento\/juventud-plan-local-de-drogas\/","og_site_name":"MI Ayuntamiento de Caudete","article_publisher":"https:\/\/www.facebook.com\/ayuntamientocaudete\/","article_modified_time":"2020-12-28T12:29:50+00:00","twitter_card":"summary_large_image","twitter_misc":{"Tiempo de lectura":"1 minuto"},"schema":{"@context":"https:\/\/schema.org","@graph":[{"@type":"WebPage","@id":"https:\/\/www.caudete.org\/ayuntamiento\/juventud-plan-local-de-drogas\/","url":"https:\/\/www.caudete.org\/ayuntamiento\/juventud-plan-local-de-drogas\/","name":"Juventud - Plan Local de Drogas - MI Ayuntamiento de Caudete","isPartOf":{"@id":"https:\/\/www.caudete.org\/ayuntamiento\/#website"},"datePublished":"2020-12-21T21:07:18+00:00","dateModified":"2020-12-28T12:29:50+00:00","description":"P\u00e1gina Oficial del Ayuntamiento de Caudete (Albacete)","breadcrumb":{"@id":"https:\/\/www.caudete.org\/ayuntamiento\/juventud-plan-local-de-drogas\/#breadcrumb"},"inLanguage":"es","potentialAction":[{"@type":"ReadAction","target":["https:\/\/www.caudete.org\/ayuntamiento\/juventud-plan-local-de-drogas\/"]}]},{"@type":"BreadcrumbList","@id":"https:\/\/www.caudete.org\/ayuntamiento\/juventud-plan-local-de-drogas\/#breadcrumb","itemListElement":[{"@type":"ListItem","position":1,"name":"Inicio","item":"https:\/\/www.caudete.org\/ayuntamiento\/"},{"@type":"ListItem","position":2,"name":"Juventud &#8211; Plan Local de Drogas"}]},{"@type":"WebSite","@id":"https:\/\/www.caudete.org\/ayuntamiento\/#website","url":"https:\/\/www.caudete.org\/ayuntamiento\/","name":"MI Ayuntamiento de Caudete","description":"P\u00e1gina Oficial del MI Ayuntamiento de Caudete","potentialAction":[{"@type":"SearchAction","target":{"@type":"EntryPoint","urlTemplate":"https:\/\/www.caudete.org\/ayuntamiento\/?s={search_term_string}"},"query-input":{"@type":"PropertyValueSpecification","valueRequired":true,"valueName":"search_term_string"}}],"inLanguage":"es"}]}},"_links":{"self":[{"href":"https:\/\/www.caudete.org\/ayuntamiento\/wp-json\/wp\/v2\/pages\/10849","targetHints":{"allow":["GET"]}}],"collection":[{"href":"https:\/\/www.caudete.org\/ayuntamiento\/wp-json\/wp\/v2\/pages"}],"about":[{"href":"https:\/\/www.caudete.org\/ayuntamiento\/wp-json\/wp\/v2\/types\/page"}],"author":[{"embeddable":true,"href":"https:\/\/www.caudete.org\/ayuntamiento\/wp-json\/wp\/v2\/users\/1"}],"replies":[{"embeddable":true,"href":"https:\/\/www.caudete.org\/ayuntamiento\/wp-json\/wp\/v2\/comments?post=10849"}],"version-history":[{"count":6,"href":"https:\/\/www.caudete.org\/ayuntamiento\/wp-json\/wp\/v2\/pages\/10849\/revisions"}],"predecessor-version":[{"id":11205,"href":"https:\/\/www.caudete.org\/ayuntamiento\/wp-json\/wp\/v2\/pages\/10849\/revisions\/11205"}],"wp:attachment":[{"href":"https:\/\/www.caudete.org\/ayuntamiento\/wp-json\/wp\/v2\/media?parent=10849"}],"wp:term":[{"taxonomy":"category","embeddable":true,"href":"https:\/\/www.caudete.org\/ayuntamiento\/wp-json\/wp\/v2\/categories?post=10849"},{"taxonomy":"post_tag","embeddable":true,"href":"https:\/\/www.caudete.org\/ayuntamiento\/wp-json\/wp\/v2\/tags?post=10849"}],"curies":[{"name":"wp","href":"https:\/\/api.w.org\/{rel}","templated":true}]}}