{"id":11559,"date":"2021-01-14T14:25:18","date_gmt":"2021-01-14T13:25:18","guid":{"rendered":"https:\/\/www.caudete.org\/ayuntamiento\/?page_id=11559"},"modified":"2025-09-30T09:08:49","modified_gmt":"2025-09-30T07:08:49","slug":"organos-colegiados","status":"publish","type":"page","link":"https:\/\/www.caudete.org\/ayuntamiento\/organos-colegiados\/","title":{"rendered":"\u00d3rganos Colegiados"},"content":{"rendered":"<p>&nbsp;<\/p>\n<table style=\"width: 100%;\">\n<tbody>\n<tr>\n<td colspan=\"3\" width=\"609\">\n<h2>PLENO<\/h2>\n<\/td>\n<\/tr>\n<tr>\n<td width=\"225\"><strong>Funcionamiento<\/strong><\/td>\n<td colspan=\"2\" width=\"385\">Arts.77 al 110 (inclusive) del Real Decreto 2568\/1986, de 28 de noviembre, por el que se aprueba el Reglamento de organizaci\u00f3n, funcionamiento y r\u00e9gimen jur\u00eddico de las Entidades Locales.<\/td>\n<\/tr>\n<tr>\n<td width=\"225\"><strong>Periodicidad<\/strong><\/td>\n<td colspan=\"2\" width=\"385\">Las Sesiones de Pleno Ordinarias se celebrar\u00e1n el \u00faltimo jueves de cada mes impar, a las 19:00h, con un margen de convocatoria de 10 d\u00edas (h\u00e1biles) por exceso o defecto, de forma justificada. (Acuerdo de Pleno de 28\/06\/2023)<\/td>\n<\/tr>\n<tr>\n<td width=\"225\"><strong>Presidente<\/strong><\/td>\n<td colspan=\"2\" width=\"385\">D. Jos\u00e9 Miguel Molla Nieto<\/td>\n<\/tr>\n<tr>\n<td width=\"225\"><strong>Secretario<\/strong><\/td>\n<td colspan=\"2\" width=\"385\">Acctal. D. Jos\u00e9 Calero Lajara<\/td>\n<\/tr>\n<tr>\n<td width=\"225\"><strong>Interventor<\/strong><\/td>\n<td colspan=\"2\" width=\"385\">D\u00f1a. Vanesa Mart\u00ednez Ruiz<\/td>\n<\/tr>\n<tr>\n<td width=\"225\"><strong>Grupos Municipales<\/strong><\/td>\n<td width=\"66\"><strong>Miembros<\/strong><\/td>\n<td width=\"318\"><strong>Portavoz<\/strong><\/td>\n<\/tr>\n<tr>\n<td width=\"225\">G.M. Partido Popular<\/td>\n<td width=\"66\">5<\/td>\n<td width=\"318\">D. Mois\u00e9s L\u00f3pez Mart\u00ednez<\/td>\n<\/tr>\n<tr>\n<td>G.M. VOX<\/td>\n<td>4<\/td>\n<td>D. Jos\u00e9 Miguel Molla Nieto<\/td>\n<\/tr>\n<tr>\n<td width=\"225\">G.M. Partido Socialista Obrero Espa\u00f1ol<\/td>\n<td width=\"66\">6<\/td>\n<td width=\"318\">D. Julen S\u00e1nchez P\u00e9rez<\/td>\n<\/tr>\n<tr>\n<td width=\"225\">G.M. Unidas Podemos<\/td>\n<td width=\"66\">1<\/td>\n<td width=\"318\">D. Vicent Salvador Rius Ba\u00f1uls<\/td>\n<\/tr>\n<tr>\n<td width=\"225\">G.M. Coalici\u00f3n Centro Democr\u00e1tico<\/td>\n<td width=\"66\">1<\/td>\n<td width=\"318\">D\u00f1a. Mar\u00eda Jos\u00e9 Serrano Escandell<\/td>\n<\/tr>\n<\/tbody>\n<\/table>\n<p>&nbsp;<\/p>\n<table style=\"width: 100%;\">\n<tbody>\n<tr>\n<td style=\"width: 111.932%;\" colspan=\"2\" width=\"576\">\n<h2>JUNTA DE GOBIERNO LOCAL<\/h2>\n<\/td>\n<\/tr>\n<tr>\n<td style=\"width: 33.91%;\" width=\"192\"><strong>Funcionamiento<\/strong><\/td>\n<td style=\"width: 78.0217%;\" width=\"384\">Arts.112 y 113 del Real Decreto 2568\/1986, de 28 de noviembre, por el que se aprueba el Reglamento de organizaci\u00f3n, funcionamiento y r\u00e9gimen jur\u00eddico de las Entidades Locales.<\/td>\n<\/tr>\n<tr>\n<td style=\"width: 33.91%;\" width=\"192\"><strong>Periodicidad<\/strong><\/td>\n<td style=\"width: 78.0217%;\" width=\"384\">Las Sesiones Ordinarias se celebrar\u00e1n 1\u00ba y 3\u00ba viernes de cada mes, a las 09.30h.<\/td>\n<\/tr>\n<tr>\n<td style=\"width: 33.91%;\" width=\"192\"><strong>Presidente<\/strong><\/td>\n<td style=\"width: 78.0217%;\" width=\"385\">D. Jos\u00e9 Miguel Molla Nieto<\/td>\n<\/tr>\n<tr>\n<td style=\"width: 33.91%;\" width=\"192\"><strong>Secretario<\/strong><\/td>\n<td style=\"width: 78.0217%;\" width=\"384\">Acctal. D. Jos\u00e9 Calero Lajara<\/td>\n<\/tr>\n<tr>\n<td style=\"width: 33.91%;\" width=\"192\"><strong>Interventor<\/strong><\/td>\n<td style=\"width: 78.0217%;\" width=\"384\">D\u00f1a. Vanesa Mart\u00ednez Ruiz<\/td>\n<\/tr>\n<tr>\n<td style=\"width: 33.91%;\" width=\"192\"><strong>Vocales<\/strong><\/td>\n<td style=\"width: 78.0217%;\" width=\"384\"><strong>Grupo Municipal<\/strong><\/td>\n<\/tr>\n<tr>\n<td style=\"width: 33.91%;\" width=\"192\">D. Mois\u00e9s L\u00f3pez Mart\u00ednez<\/td>\n<td style=\"width: 78.0217%;\" width=\"384\">Partido Popular<\/td>\n<\/tr>\n<tr>\n<td style=\"width: 33.91%;\" width=\"192\">D\u00f1a. Mar\u00eda Dolores Requena Azor\u00edn<\/td>\n<td style=\"width: 78.0217%;\" width=\"384\">Partido Popular<\/td>\n<\/tr>\n<tr>\n<td style=\"width: 33.91%;\" width=\"192\">D\u00f1a. Pilar Egea Serrano<\/td>\n<td style=\"width: 78.0217%;\" width=\"384\">Partido Popular<\/td>\n<\/tr>\n<tr>\n<td style=\"width: 33.91%;\" width=\"192\">D\u00f1a. Mar\u00eda Mart\u00ednez Garc\u00eda<\/td>\n<td style=\"width: 78.0217%;\" width=\"384\">VOX<\/td>\n<\/tr>\n<tr>\n<td style=\"width: 33.91%;\">D. Francisco Jos\u00e9 Castell\u00f3 Castell\u00f3<\/td>\n<td style=\"width: 78.0217%;\">VOX<\/td>\n<\/tr>\n<\/tbody>\n<\/table>\n<p><strong>\u00a0<\/strong><\/p>\n<table style=\"width: 100%; height: 915px;\">\n<tbody>\n<tr style=\"height: 75px;\">\n<td style=\"width: 73.2342%; height: 75px;\">\n<h2>Comisiones Informativas<\/h2>\n<\/td>\n<td style=\"width: 13.2342%; height: 75px;\"><\/td>\n<td style=\"width: 12.7881%; height: 75px;\"><\/td>\n<\/tr>\n<tr style=\"height: 24px;\">\n<td style=\"background-color: #cccccc; width: 73.2342%; height: 24px;\" width=\"183\"><\/td>\n<td style=\"background-color: #cccccc; width: 13.2342%; height: 24px;\" width=\"63\"><strong>Fecha creaci\u00f3n<\/strong><\/td>\n<td style=\"background-color: #cccccc; width: 12.7881%; height: 24px;\" width=\"83\"><strong>Tipo<\/strong><\/td>\n<\/tr>\n<tr>\n<td style=\"width: 73.2342%;\" align=\"left\" height=\"17\" data-sheets-value=\"{ &quot;1&quot;: 2, &quot;2&quot;: &quot;- Comisi\u00f3n Informativa de Asuntos Generales&quot;}\"><span style=\"font-family: georgia, palatino, serif;\">Comisi\u00f3n Informativa de Asuntos Generales<\/span><\/td>\n<td style=\"width: 13.2342%; height: 24px;\" width=\"63\"><span style=\"font-family: georgia, palatino, serif;\">28\/06\/2023<\/span><\/td>\n<td style=\"width: 12.7881%; height: 24px;\" width=\"83\"><span style=\"font-family: georgia, palatino, serif;\">Permanente<\/span><\/td>\n<\/tr>\n<tr>\n<td style=\"width: 73.2342%;\" align=\"left\" height=\"17\" data-sheets-value=\"{ &quot;1&quot;: 2, &quot;2&quot;: &quot;- Comisi\u00f3n Informativa de Bienestar e Igualdad Social y Familia&quot;}\"><span style=\"font-family: georgia, palatino, serif;\">Comisi\u00f3n Informativa de Bienestar e Igualdad Social y Familia<\/span><\/td>\n<td style=\"width: 13.2342%; height: 24px;\"><span style=\"font-family: georgia, palatino, serif;\">28\/06\/2023<\/span><\/td>\n<td style=\"width: 12.7881%; height: 24px;\"><span style=\"font-family: georgia, palatino, serif;\">Permanente<\/span><\/td>\n<\/tr>\n<tr>\n<td style=\"width: 73.2342%;\" align=\"left\" height=\"17\" data-sheets-value=\"{ &quot;1&quot;: 2, &quot;2&quot;: &quot;- Comisi\u00f3n Informativa de Comercio y Mercados&quot;}\"><span style=\"font-family: georgia, palatino, serif;\">Comisi\u00f3n Informativa de Comercio y Mercados<\/span><\/td>\n<td style=\"width: 13.2342%;\"><span style=\"font-family: georgia, palatino, serif;\">28\/06\/2023<\/span><\/td>\n<td style=\"width: 12.7881%;\"><span style=\"font-family: georgia, palatino, serif;\">Permanente<\/span><\/td>\n<\/tr>\n<tr>\n<td style=\"width: 73.2342%;\" align=\"left\" height=\"17\" data-sheets-value=\"{ &quot;1&quot;: 2, &quot;2&quot;: &quot;- Comisi\u00f3n Informativa de Cultura y M\u00fasica&quot;}\"><span style=\"font-family: georgia, palatino, serif;\">Comisi\u00f3n Informativa de Cultura y M\u00fasica<\/span><\/td>\n<td style=\"width: 13.2342%; height: 24px;\" width=\"63\"><span style=\"font-family: georgia, palatino, serif;\">28\/06\/2023<\/span><\/td>\n<td style=\"width: 12.7881%; height: 24px;\" width=\"83\"><span style=\"font-family: georgia, palatino, serif;\">Permanente<\/span><\/td>\n<\/tr>\n<tr>\n<td style=\"width: 73.2342%;\" align=\"left\" height=\"17\" data-sheets-value=\"{ &quot;1&quot;: 2, &quot;2&quot;: &quot;- Comisi\u00f3n Informativa de Deportes&quot;}\"><span style=\"font-family: georgia, palatino, serif;\">Comisi\u00f3n Informativa de Deportes<\/span><\/td>\n<td style=\"width: 13.2342%; height: 24px;\" width=\"63\"><span style=\"font-family: georgia, palatino, serif;\">28\/06\/2023<\/span><\/td>\n<td style=\"width: 12.7881%; height: 24px;\" width=\"83\"><span style=\"font-family: georgia, palatino, serif;\">Permanente<\/span><\/td>\n<\/tr>\n<tr>\n<td style=\"width: 73.2342%;\" align=\"left\" height=\"17\" data-sheets-value=\"{ &quot;1&quot;: 2, &quot;2&quot;: &quot;- Comisi\u00f3n Informativa de Econom\u00eda y Hacienda&quot;}\"><span style=\"font-family: georgia, palatino, serif;\">Comisi\u00f3n Informativa de Econom\u00eda y Hacienda<\/span><\/td>\n<td style=\"width: 13.2342%; height: 24px;\" width=\"63\"><span style=\"font-family: georgia, palatino, serif;\">28\/06\/2023<\/span><\/td>\n<td style=\"width: 12.7881%; height: 24px;\" width=\"83\"><span style=\"font-family: georgia, palatino, serif;\">Permanente<\/span><\/td>\n<\/tr>\n<tr>\n<td style=\"width: 73.2342%;\" align=\"left\" height=\"17\" data-sheets-value=\"{ &quot;1&quot;: 2, &quot;2&quot;: &quot;- Comisi\u00f3n Informativa de Educaci\u00f3n&quot;}\"><span style=\"font-family: georgia, palatino, serif;\">Comisi\u00f3n Informativa de Educaci\u00f3n<\/span><\/td>\n<td style=\"width: 13.2342%; height: 24px;\" width=\"63\"><span style=\"font-family: georgia, palatino, serif;\">28\/06\/2023<\/span><\/td>\n<td style=\"width: 12.7881%; height: 24px;\" width=\"83\"><span style=\"font-family: georgia, palatino, serif;\">Permanente<\/span><\/td>\n<\/tr>\n<tr>\n<td style=\"width: 73.2342%;\" align=\"left\" height=\"17\" data-sheets-value=\"{ &quot;1&quot;: 2, &quot;2&quot;: &quot;- Comisi\u00f3n Informativa de Especial de Cuentas&quot;}\"><span style=\"font-family: georgia, palatino, serif;\">Comisi\u00f3n Informativa de Especial de Cuentas<\/span><\/td>\n<td style=\"width: 13.2342%; height: 24px;\" width=\"63\"><span style=\"font-family: georgia, palatino, serif;\">28\/06\/2023<\/span><\/td>\n<td style=\"width: 12.7881%; height: 24px;\" width=\"83\"><span style=\"font-family: georgia, palatino, serif;\">Permanente<\/span><\/td>\n<\/tr>\n<tr>\n<td style=\"width: 73.2342%;\" align=\"left\" height=\"17\" data-sheets-value=\"{ &quot;1&quot;: 2, &quot;2&quot;: &quot;- Comisi\u00f3n Informativa de Fiestas&quot;}\"><span style=\"font-family: georgia, palatino, serif;\">Comisi\u00f3n Informativa de Fiestas<\/span><\/td>\n<td style=\"width: 13.2342%; height: 24px;\" width=\"63\"><span style=\"font-family: georgia, palatino, serif;\">28\/06\/2023<\/span><\/td>\n<td style=\"width: 12.7881%; height: 24px;\" width=\"83\"><span style=\"font-family: georgia, palatino, serif;\">Permanente<\/span><\/td>\n<\/tr>\n<tr>\n<td style=\"width: 73.2342%;\" align=\"left\" height=\"17\" data-sheets-value=\"{ &quot;1&quot;: 2, &quot;2&quot;: &quot;- Comisi\u00f3n Informativa de Juventud&quot;}\"><span style=\"font-family: georgia, palatino, serif;\">Comisi\u00f3n Informativa de Juventud<\/span><\/td>\n<td style=\"width: 13.2342%; height: 24px;\" width=\"63\"><span style=\"font-family: georgia, palatino, serif;\">28\/06\/2023<\/span><\/td>\n<td style=\"width: 12.7881%; height: 24px;\" width=\"83\"><span style=\"font-family: georgia, palatino, serif;\">Permanente<\/span><\/td>\n<\/tr>\n<tr>\n<td style=\"width: 73.2342%;\" align=\"left\" height=\"17\" data-sheets-value=\"{ &quot;1&quot;: 2, &quot;2&quot;: &quot;- Comisi\u00f3n Informativa de Mayores&quot;}\"><span style=\"font-family: georgia, palatino, serif;\">Comisi\u00f3n Informativa de Mayores<\/span><\/td>\n<td style=\"width: 13.2342%; height: 24px;\" width=\"63\"><span style=\"font-family: georgia, palatino, serif;\">28\/06\/2023<\/span><\/td>\n<td style=\"width: 12.7881%; height: 24px;\" width=\"83\"><span style=\"font-family: georgia, palatino, serif;\">Permanente<\/span><\/td>\n<\/tr>\n<tr>\n<td style=\"width: 73.2342%;\" align=\"left\" height=\"17\" data-sheets-value=\"{ &quot;1&quot;: 2, &quot;2&quot;: &quot;- Comisi\u00f3n Informativa de Medio Ambiente, Medio Rural y Servicios Municipales.&quot;}\"><span style=\"font-family: georgia, palatino, serif;\">Comisi\u00f3n Informativa de Medio Ambiente, Medio Rural y Servicios Municipales.<\/span><\/td>\n<td style=\"width: 13.2342%; height: 24px;\" width=\"63\"><span style=\"font-family: georgia, palatino, serif;\">28\/06\/2023<\/span><\/td>\n<td style=\"width: 12.7881%; height: 24px;\" width=\"83\"><span style=\"font-family: georgia, palatino, serif;\">Permanente<\/span><\/td>\n<\/tr>\n<tr>\n<td style=\"width: 73.2342%;\" align=\"left\" height=\"17\" data-sheets-value=\"{ &quot;1&quot;: 2, &quot;2&quot;: &quot;- Comisi\u00f3n Informativa de Medios de Comunicaci\u00f3n y Prensa&quot;}\"><span style=\"font-family: georgia, palatino, serif;\">Comisi\u00f3n Informativa de Medios de Comunicaci\u00f3n y Prensa<\/span><\/td>\n<td style=\"width: 13.2342%; height: 24px;\" width=\"63\"><span style=\"font-family: georgia, palatino, serif;\">28\/06\/2023<\/span><\/td>\n<td style=\"width: 12.7881%; height: 24px;\" width=\"83\"><span style=\"font-family: georgia, palatino, serif;\">Permanente<\/span><\/td>\n<\/tr>\n<tr>\n<td style=\"width: 73.2342%;\" align=\"left\" height=\"17\" data-sheets-value=\"{ &quot;1&quot;: 2, &quot;2&quot;: &quot;- Comisi\u00f3n Informativa de Obras y Urbanismo&quot;}\"><span style=\"font-family: georgia, palatino, serif;\">Comisi\u00f3n Informativa de Obras y Urbanismo<\/span><\/td>\n<td style=\"width: 13.2342%; height: 24px;\" width=\"63\"><span style=\"font-family: georgia, palatino, serif;\">28\/06\/2023<\/span><\/td>\n<td style=\"width: 12.7881%; height: 24px;\" width=\"83\"><span style=\"font-family: georgia, palatino, serif;\">Permanente<\/span><\/td>\n<\/tr>\n<tr>\n<td style=\"width: 73.2342%;\" align=\"left\" height=\"17\" data-sheets-value=\"{ &quot;1&quot;: 2, &quot;2&quot;: &quot;- Comisi\u00f3n Informativa de Participaci\u00f3n Ciudadana&quot;}\"><span style=\"font-family: georgia, palatino, serif;\">Comisi\u00f3n Informativa de Participaci\u00f3n Ciudadana<\/span><\/td>\n<td style=\"width: 13.2342%; height: 24px;\" width=\"63\"><span style=\"font-family: georgia, palatino, serif;\">28\/06\/2023<\/span><\/td>\n<td style=\"width: 12.7881%; height: 24px;\" width=\"83\"><span style=\"font-family: georgia, palatino, serif;\">Permanente<\/span><\/td>\n<\/tr>\n<tr>\n<td style=\"width: 73.2342%;\" align=\"left\" height=\"17\" data-sheets-value=\"{ &quot;1&quot;: 2, &quot;2&quot;: &quot;- Comisi\u00f3n Informativa de Promoci\u00f3n y Desarrollo Econ\u00f3mico&quot;}\"><span style=\"font-family: georgia, palatino, serif;\">Comisi\u00f3n Informativa de Promoci\u00f3n y Desarrollo Econ\u00f3mico<\/span><\/td>\n<td style=\"width: 13.2342%; height: 24px;\" width=\"63\"><span style=\"font-family: georgia, palatino, serif;\">28\/06\/2023<\/span><\/td>\n<td style=\"width: 12.7881%; height: 24px;\" width=\"83\"><span style=\"font-family: georgia, palatino, serif;\">Permanente<\/span><\/td>\n<\/tr>\n<tr>\n<td style=\"width: 73.2342%;\" align=\"left\" height=\"17\" data-sheets-value=\"{ &quot;1&quot;: 2, &quot;2&quot;: &quot;- Comisi\u00f3n Informativa de Recursos Humanos&quot;}\"><span style=\"font-family: georgia, palatino, serif;\">Comisi\u00f3n Informativa de Recursos Humanos<\/span><\/td>\n<td style=\"width: 13.2342%; height: 24px;\" width=\"63\"><span style=\"font-family: georgia, palatino, serif;\">28\/06\/2023<\/span><\/td>\n<td style=\"width: 12.7881%; height: 24px;\" width=\"83\"><span style=\"font-family: georgia, palatino, serif;\">Permanente<\/span><\/td>\n<\/tr>\n<tr>\n<td style=\"width: 73.2342%;\" align=\"left\" height=\"17\" data-sheets-value=\"{ &quot;1&quot;: 2, &quot;2&quot;: &quot;- Comisi\u00f3n Informativa de Relaciones Institucionales&quot;}\"><span style=\"font-family: georgia, palatino, serif;\">Comisi\u00f3n Informativa de Relaciones Institucionales<\/span><\/td>\n<td style=\"width: 13.2342%; height: 24px;\" width=\"63\"><span style=\"font-family: georgia, palatino, serif;\">28\/06\/2023<\/span><\/td>\n<td style=\"width: 12.7881%; height: 24px;\" width=\"83\"><span style=\"font-family: georgia, palatino, serif;\">Permanente<\/span><\/td>\n<\/tr>\n<tr>\n<td style=\"width: 73.2342%;\" align=\"left\" height=\"17\" data-sheets-value=\"{ &quot;1&quot;: 2, &quot;2&quot;: &quot;- Comisi\u00f3n Informativa de Sanidad&quot;}\"><span style=\"font-family: georgia, palatino, serif;\">Comisi\u00f3n Informativa de Sanidad<\/span><\/td>\n<td style=\"width: 13.2342%; height: 24px;\" width=\"63\"><span style=\"font-family: georgia, palatino, serif;\">28\/06\/2023<\/span><\/td>\n<td style=\"width: 12.7881%; height: 24px;\" width=\"83\"><span style=\"font-family: georgia, palatino, serif;\">Permanente<\/span><\/td>\n<\/tr>\n<tr>\n<td style=\"width: 73.2342%;\" align=\"left\" height=\"17\" data-sheets-value=\"{ &quot;1&quot;: 2, &quot;2&quot;: &quot;- Comisi\u00f3n Informativa de Seguridad Ciudadana y Emergencias&quot;}\"><span style=\"font-family: georgia, palatino, serif;\">Comisi\u00f3n Informativa de Seguridad Ciudadana y Emergencias<\/span><\/td>\n<td style=\"width: 13.2342%; height: 24px;\" width=\"63\"><span style=\"font-family: georgia, palatino, serif;\">28\/06\/2023<\/span><\/td>\n<td style=\"width: 12.7881%; height: 24px;\" width=\"83\"><span style=\"font-family: georgia, palatino, serif;\">Permanente<\/span><\/td>\n<\/tr>\n<tr>\n<td style=\"width: 73.2342%;\" align=\"left\" height=\"17\" data-sheets-value=\"{ &quot;1&quot;: 2, &quot;2&quot;: &quot;- Comisi\u00f3n Informativa de Turismo y Patrimonio Hist\u00f3rico&quot;}\"><span style=\"font-family: georgia, palatino, serif;\">Comisi\u00f3n Informativa de Turismo y Patrimonio Hist\u00f3rico<\/span><\/td>\n<td style=\"width: 13.2342%; height: 24px;\" width=\"63\"><span style=\"font-family: georgia, palatino, serif;\">28\/06\/2023<\/span><\/td>\n<td style=\"width: 12.7881%; height: 24px;\" width=\"83\"><span style=\"font-family: georgia, palatino, serif;\">Permanente<\/span><\/td>\n<\/tr>\n<tr>\n<td style=\"width: 73.2342%;\" align=\"left\" height=\"17\" data-sheets-value=\"{ &quot;1&quot;: 2, &quot;2&quot;: &quot;- Comisi\u00f3n Informativa del Ciclo Integral del Agua&quot;}\"><span style=\"font-family: georgia, palatino, serif;\">Comisi\u00f3n Informativa del Ciclo Integral del Agua<\/span><\/td>\n<td style=\"width: 13.2342%; height: 24px;\" width=\"63\"><span style=\"font-family: georgia, palatino, serif;\">28\/06\/2023<\/span><\/td>\n<td style=\"width: 12.7881%; height: 24px;\" width=\"83\"><span style=\"font-family: georgia, palatino, serif;\">Permanente<\/span><\/td>\n<\/tr>\n<\/tbody>\n<\/table>\n<p>&nbsp;<\/p>\n","protected":false},"excerpt":{"rendered":"<p>&nbsp; PLENO Funcionamiento Arts.77 al 110 (inclusive) del Real Decreto 2568\/1986, de 28 de noviembre, por el que se aprueba el Reglamento de organizaci\u00f3n, funcionamiento y r\u00e9gimen jur\u00eddico de las Entidades Locales. Periodicidad Las Sesiones de Pleno Ordinarias se celebrar\u00e1n el \u00faltimo jueves de cada mes impar, a las 19:00h, con un margen de convocatoria &hellip;<\/p>\n","protected":false},"author":1,"featured_media":0,"parent":0,"menu_order":0,"comment_status":"closed","ping_status":"closed","template":"","meta":{"ngg_post_thumbnail":0,"footnotes":""},"categories":[],"tags":[],"class_list":["post-11559","page","type-page","status-publish","hentry"],"yoast_head":"<!-- This site is optimized with the Yoast SEO plugin v27.5 - https:\/\/yoast.com\/product\/yoast-seo-wordpress\/ -->\n<title>\u00d3rganos Colegiados - MI Ayuntamiento de Caudete<\/title>\n<meta name=\"description\" content=\"P\u00e1gina Oficial del Ayuntamiento de Caudete (Albacete)\" \/>\n<meta name=\"robots\" content=\"index, follow, max-snippet:-1, max-image-preview:large, max-video-preview:-1\" \/>\n<link rel=\"canonical\" href=\"https:\/\/www.caudete.org\/ayuntamiento\/organos-colegiados\/\" \/>\n<meta property=\"og:locale\" content=\"es_ES\" \/>\n<meta property=\"og:type\" content=\"article\" \/>\n<meta property=\"og:title\" content=\"\u00d3rganos Colegiados - MI Ayuntamiento de Caudete\" \/>\n<meta property=\"og:description\" content=\"P\u00e1gina Oficial del Ayuntamiento de Caudete (Albacete)\" \/>\n<meta property=\"og:url\" content=\"https:\/\/www.caudete.org\/ayuntamiento\/organos-colegiados\/\" \/>\n<meta property=\"og:site_name\" content=\"MI Ayuntamiento de Caudete\" \/>\n<meta property=\"article:publisher\" content=\"https:\/\/www.facebook.com\/ayuntamientocaudete\/\" \/>\n<meta property=\"article:modified_time\" content=\"2025-09-30T07:08:49+00:00\" \/>\n<meta name=\"twitter:card\" content=\"summary_large_image\" \/>\n<meta name=\"twitter:label1\" content=\"Tiempo de lectura\" \/>\n\t<meta name=\"twitter:data1\" content=\"2 minutos\" \/>\n<script type=\"application\/ld+json\" class=\"yoast-schema-graph\">{\"@context\":\"https:\\\/\\\/schema.org\",\"@graph\":[{\"@type\":\"WebPage\",\"@id\":\"https:\\\/\\\/www.caudete.org\\\/ayuntamiento\\\/organos-colegiados\\\/\",\"url\":\"https:\\\/\\\/www.caudete.org\\\/ayuntamiento\\\/organos-colegiados\\\/\",\"name\":\"\u00d3rganos Colegiados - MI Ayuntamiento de Caudete\",\"isPartOf\":{\"@id\":\"https:\\\/\\\/www.caudete.org\\\/ayuntamiento\\\/#website\"},\"datePublished\":\"2021-01-14T13:25:18+00:00\",\"dateModified\":\"2025-09-30T07:08:49+00:00\",\"description\":\"P\u00e1gina Oficial del Ayuntamiento de Caudete (Albacete)\",\"breadcrumb\":{\"@id\":\"https:\\\/\\\/www.caudete.org\\\/ayuntamiento\\\/organos-colegiados\\\/#breadcrumb\"},\"inLanguage\":\"es\",\"potentialAction\":[{\"@type\":\"ReadAction\",\"target\":[\"https:\\\/\\\/www.caudete.org\\\/ayuntamiento\\\/organos-colegiados\\\/\"]}]},{\"@type\":\"BreadcrumbList\",\"@id\":\"https:\\\/\\\/www.caudete.org\\\/ayuntamiento\\\/organos-colegiados\\\/#breadcrumb\",\"itemListElement\":[{\"@type\":\"ListItem\",\"position\":1,\"name\":\"Inicio\",\"item\":\"https:\\\/\\\/www.caudete.org\\\/ayuntamiento\\\/\"},{\"@type\":\"ListItem\",\"position\":2,\"name\":\"\u00d3rganos Colegiados\"}]},{\"@type\":\"WebSite\",\"@id\":\"https:\\\/\\\/www.caudete.org\\\/ayuntamiento\\\/#website\",\"url\":\"https:\\\/\\\/www.caudete.org\\\/ayuntamiento\\\/\",\"name\":\"MI Ayuntamiento de Caudete\",\"description\":\"P\u00e1gina Oficial del MI Ayuntamiento de Caudete\",\"potentialAction\":[{\"@type\":\"SearchAction\",\"target\":{\"@type\":\"EntryPoint\",\"urlTemplate\":\"https:\\\/\\\/www.caudete.org\\\/ayuntamiento\\\/?s={search_term_string}\"},\"query-input\":{\"@type\":\"PropertyValueSpecification\",\"valueRequired\":true,\"valueName\":\"search_term_string\"}}],\"inLanguage\":\"es\"}]}<\/script>\n<!-- \/ Yoast SEO plugin. -->","yoast_head_json":{"title":"\u00d3rganos Colegiados - MI Ayuntamiento de Caudete","description":"P\u00e1gina Oficial del Ayuntamiento de Caudete (Albacete)","robots":{"index":"index","follow":"follow","max-snippet":"max-snippet:-1","max-image-preview":"max-image-preview:large","max-video-preview":"max-video-preview:-1"},"canonical":"https:\/\/www.caudete.org\/ayuntamiento\/organos-colegiados\/","og_locale":"es_ES","og_type":"article","og_title":"\u00d3rganos Colegiados - MI Ayuntamiento de Caudete","og_description":"P\u00e1gina Oficial del Ayuntamiento de Caudete (Albacete)","og_url":"https:\/\/www.caudete.org\/ayuntamiento\/organos-colegiados\/","og_site_name":"MI Ayuntamiento de Caudete","article_publisher":"https:\/\/www.facebook.com\/ayuntamientocaudete\/","article_modified_time":"2025-09-30T07:08:49+00:00","twitter_card":"summary_large_image","twitter_misc":{"Tiempo de lectura":"2 minutos"},"schema":{"@context":"https:\/\/schema.org","@graph":[{"@type":"WebPage","@id":"https:\/\/www.caudete.org\/ayuntamiento\/organos-colegiados\/","url":"https:\/\/www.caudete.org\/ayuntamiento\/organos-colegiados\/","name":"\u00d3rganos Colegiados - MI Ayuntamiento de Caudete","isPartOf":{"@id":"https:\/\/www.caudete.org\/ayuntamiento\/#website"},"datePublished":"2021-01-14T13:25:18+00:00","dateModified":"2025-09-30T07:08:49+00:00","description":"P\u00e1gina Oficial del Ayuntamiento de Caudete (Albacete)","breadcrumb":{"@id":"https:\/\/www.caudete.org\/ayuntamiento\/organos-colegiados\/#breadcrumb"},"inLanguage":"es","potentialAction":[{"@type":"ReadAction","target":["https:\/\/www.caudete.org\/ayuntamiento\/organos-colegiados\/"]}]},{"@type":"BreadcrumbList","@id":"https:\/\/www.caudete.org\/ayuntamiento\/organos-colegiados\/#breadcrumb","itemListElement":[{"@type":"ListItem","position":1,"name":"Inicio","item":"https:\/\/www.caudete.org\/ayuntamiento\/"},{"@type":"ListItem","position":2,"name":"\u00d3rganos Colegiados"}]},{"@type":"WebSite","@id":"https:\/\/www.caudete.org\/ayuntamiento\/#website","url":"https:\/\/www.caudete.org\/ayuntamiento\/","name":"MI Ayuntamiento de Caudete","description":"P\u00e1gina Oficial del MI Ayuntamiento de Caudete","potentialAction":[{"@type":"SearchAction","target":{"@type":"EntryPoint","urlTemplate":"https:\/\/www.caudete.org\/ayuntamiento\/?s={search_term_string}"},"query-input":{"@type":"PropertyValueSpecification","valueRequired":true,"valueName":"search_term_string"}}],"inLanguage":"es"}]}},"_links":{"self":[{"href":"https:\/\/www.caudete.org\/ayuntamiento\/wp-json\/wp\/v2\/pages\/11559","targetHints":{"allow":["GET"]}}],"collection":[{"href":"https:\/\/www.caudete.org\/ayuntamiento\/wp-json\/wp\/v2\/pages"}],"about":[{"href":"https:\/\/www.caudete.org\/ayuntamiento\/wp-json\/wp\/v2\/types\/page"}],"author":[{"embeddable":true,"href":"https:\/\/www.caudete.org\/ayuntamiento\/wp-json\/wp\/v2\/users\/1"}],"replies":[{"embeddable":true,"href":"https:\/\/www.caudete.org\/ayuntamiento\/wp-json\/wp\/v2\/comments?post=11559"}],"version-history":[{"count":24,"href":"https:\/\/www.caudete.org\/ayuntamiento\/wp-json\/wp\/v2\/pages\/11559\/revisions"}],"predecessor-version":[{"id":30787,"href":"https:\/\/www.caudete.org\/ayuntamiento\/wp-json\/wp\/v2\/pages\/11559\/revisions\/30787"}],"wp:attachment":[{"href":"https:\/\/www.caudete.org\/ayuntamiento\/wp-json\/wp\/v2\/media?parent=11559"}],"wp:term":[{"taxonomy":"category","embeddable":true,"href":"https:\/\/www.caudete.org\/ayuntamiento\/wp-json\/wp\/v2\/categories?post=11559"},{"taxonomy":"post_tag","embeddable":true,"href":"https:\/\/www.caudete.org\/ayuntamiento\/wp-json\/wp\/v2\/tags?post=11559"}],"curies":[{"name":"wp","href":"https:\/\/api.w.org\/{rel}","templated":true}]}}