{"id":11570,"date":"2021-01-14T14:39:25","date_gmt":"2021-01-14T13:39:25","guid":{"rendered":"https:\/\/www.caudete.org\/ayuntamiento\/?page_id=11570"},"modified":"2024-01-09T18:43:05","modified_gmt":"2024-01-09T17:43:05","slug":"representacion-municipal-en-otras-instituciones-y-entidades","status":"publish","type":"page","link":"https:\/\/www.caudete.org\/ayuntamiento\/representacion-municipal-en-otras-instituciones-y-entidades\/","title":{"rendered":"Representaci\u00f3n Municipal en otras instituciones y entidades"},"content":{"rendered":"<p style=\"text-align: justify;\"><span style=\"color: #ff0000;\"><strong>A NIVEL LOCAL<\/strong><\/span><\/p>\n<p style=\"text-align: justify;\">\u2022 <strong>Consejo Municipal Escolar<\/strong><\/p>\n<p style=\"text-align: justify;\">Presidente: D\u00aa M\u00aa Manuela Gonz\u00e1lez Solera (por delegaci\u00f3n)<\/p>\n<p style=\"text-align: justify;\">Vocales: un representante de cada grupo pol\u00edtico con representaci\u00f3n municipal (art\u00edculo 7 del Reglamento de Organizaci\u00f3n y Funcionamiento del Consejo Escolar)<\/p>\n<p style=\"text-align: justify;\">Concejal del Grupo PP, M\u00aa Pilar Egea Serrano<br \/>\nConcejal del Grupo VOX, D. Jos\u00e9 Miguel Moll\u00e1 Nieto<br \/>\nConcejal del Grupo PSOE, D\u00aa Joaquina Herrero Mart\u00ednez<br \/>\nConcejal del Grupo CCD, D\u00aa M\u00aa Jos\u00e9 Serrano Escandell<br \/>\nConcejal del Grupo UNIDAS POR CAUDETE, D. Pedro Ortu\u00f1o S\u00e1ez<\/p>\n<p style=\"text-align: justify;\">\u2022 <strong>Consejo de Bienestar Social<\/strong>: D\u00aa Mar\u00eda Mart\u00ednez Garc\u00eda<\/p>\n<p style=\"text-align: justify;\">\u2022 <strong>Consejo Local de Salud<\/strong>: D\u00aa Mar\u00eda Mart\u00ednez Garc\u00eda<\/p>\n<p style=\"text-align: justify;\">\u2022 <strong>Consejo Local de Medio Ambiente<\/strong><\/p>\n<p style=\"text-align: justify;\">Presidente: D. Francisco Jos\u00e9 Castell\u00f3 Castell\u00f3 (por delegaci\u00f3n)<\/p>\n<p style=\"text-align: justify;\">Vocales: un representante de cada grupo pol\u00edtico con representaci\u00f3n municipal (art\u00edculo 2 del Estatuto del Consejo Local de Medio Ambiente de Caudete)<\/p>\n<p style=\"text-align: justify;\">Concejal del Grupo UNIDAS POR CAUDETE, D. Pedro Ortu\u00f1o S\u00e1ez<br \/>\nConcejal del Grupo PSOE, D. Julen S\u00e1nchez P\u00e9rez<br \/>\nConcejal del Grupo PP, D. Mois\u00e9s L\u00f3pez Mart\u00ednez<br \/>\nConcejal del Grupo VOX, D. Jos\u00e9 Miguel Moll\u00e1 Nieto<br \/>\nConcejal del Grupo CCD, D\u00aa M\u00aa Jos\u00e9 Serrano Escandell<\/p>\n<p style=\"text-align: justify;\">\u2022<strong> Consejo Local de Seguridad, Orden C\u00edvico y Convivencia de Caudete<\/strong><\/p>\n<p style=\"text-align: justify;\">Presidente: D\u00aa M\u00aa Dolores Requena Azor\u00edn (por delegaci\u00f3n)<\/p>\n<p style=\"text-align: justify;\">Vocales: un concejal por cada grupo pol\u00edtico con representaci\u00f3n en el Ayuntamiento (art\u00edculo 4.d) de las Reglas de funcionamiento de dicho Consejo Local<\/p>\n<p style=\"text-align: justify;\">Concejal del Grupo UNIDAS POR CAUDETE, D. Pedro Ortu\u00f1o S\u00e1ez<br \/>\nConcejal del Grupo PSOE, D\u00aa Candelaria Fausto Mar\u00edn<br \/>\nConcejal del Grupo PP, D\u00aa M\u00aa Pilar Egea Serrano<br \/>\nConcejal del Grupo VOX, D. Jos\u00e9 Miguel Moll\u00e1 Nieto<br \/>\nConcejal del Grupo CCD, D\u00aa M\u00aa Jos\u00e9 Serrano Escandell<\/p>\n<p style=\"text-align: justify;\">\u2022 <strong>Consejo Municipal de la Mujer<\/strong><\/p>\n<p style=\"text-align: justify;\">Presidente: D\u00aa Mar\u00eda Mart\u00ednez Garc\u00eda (por delegaci\u00f3n)<\/p>\n<p style=\"text-align: justify;\">Vocales: una persona representante de cada grupo pol\u00edtico de la oposici\u00f3n municipal (art\u00edculo 5.f) de las Reglas de funcionamiento de dicho Consejo Local<\/p>\n<p style=\"text-align: justify;\">Concejal del Grupo UNIDAS POR CAUDETE, D. Pedro Ortu\u00f1o S\u00e1ez<br \/>\nConcejal del Grupo PSOE, D\u00aa Victoria Conejero Ba\u00f1\u00f3n<br \/>\nConcejal del Grupo PP, D\u00aa .M\u00aa Dolores Requena Azor\u00edn<br \/>\nConcejal del Grupo VOX, D. Francisco Medina Requena<br \/>\nConcejal del Grupo CCD, D\u00aa M\u00aa Jos\u00e9 Serrano Escandell<\/p>\n<p style=\"text-align: justify;\"><strong>\u2022 Comit\u00e9 Local de Cruz Roja Espa\u00f1ola<\/strong>: D\u00aa Mar\u00eda Mart\u00ednez Garc\u00eda<\/p>\n<p style=\"text-align: justify;\"><strong>\u2022 Sociedad Uni\u00f3n Musical \u201cSanta Cecilia\u201d:<\/strong> D\u00aa Mar\u00eda Manuela Gonz\u00e1lez Solera<\/p>\n<p style=\"text-align: justify;\">\u2022 <strong>Escuela Municipal de M\u00fasica y Danza:<\/strong> D\u00aa Mar\u00eda Manuela Gonz\u00e1lez Solera<\/p>\n<p style=\"text-align: justify;\">\u2022 <strong>Comisi\u00f3n Local de Pastos:<\/strong> D. Francisco Jos\u00e9 Castell\u00f3 Castell\u00f3<\/p>\n<p style=\"text-align: justify;\">\u2022<strong> Consejo Escolar Colegio \u201cAlc\u00e1zar y Serrano\u201d:<\/strong> D. Francisco Medina Requena<\/p>\n<p style=\"text-align: justify;\">\u2022<strong> Consejo Escolar Colegio \u201cEl Paseo\u201d:<\/strong> D\u00aa M\u00aa Dolores Requena Azor\u00edn<\/p>\n<p style=\"text-align: justify;\">\u2022 <strong>Consejo Escolar Colegio \u201cGloria Fuertes\u201d:<\/strong> D\u00aa Mar\u00eda Manuela Gonz\u00e1lez Solera<\/p>\n<p style=\"text-align: justify;\">\u2022<strong> Consejo Escolar Colegio \u201cAmor de Dios\u201d:<\/strong> D\u00aa Mar\u00eda Mart\u00ednez Garc\u00eda<\/p>\n<p style=\"text-align: justify;\">\u2022<strong> Consejo Escolar I.E.S. \u201cPintor Rafael Requena\u201d:<\/strong> D\u00aa M\u00aa Pilar Egea Serrano<\/p>\n<p style=\"text-align: justify;\">\u2022<strong> Comisi\u00f3n de Absentismo Escolar:<\/strong> D\u00aa Mar\u00eda Manuela Gonz\u00e1lez Solera<\/p>\n<p style=\"text-align: justify;\"><span style=\"color: #ff0000;\"><strong>A NIVEL PROVINCIAL<\/strong><\/span><\/p>\n<p style=\"text-align: justify;\"><strong>\u2022 Consorcio de Servicios Culturales:<\/strong> D\u00aa Mar\u00eda Manuela Gonz\u00e1lez Solera<\/p>\n<p style=\"text-align: justify;\">\u2022 <strong>Consorcio de Servicios Sociales:<\/strong> D\u00aa Mar\u00eda Mart\u00ednez Garc\u00eda<\/p>\n<p style=\"text-align: justify;\"><strong>\u2022 Consorcio de Medio Ambiente:<\/strong> D. Francisco Jos\u00e9 Castell\u00f3 Castell\u00f3<\/p>\n<p style=\"text-align: justify;\"><span style=\"color: #ff0000;\"><strong>A NIVEL INTERMUNICIPAL<\/strong><\/span><\/p>\n<p style=\"text-align: justify;\">\u2022 <strong>Mancomunidad Monteib\u00e9rico:<\/strong> D. Jos\u00e9 Miguel Moll\u00e1 Nieto &#8211; Suplente D. Mois\u00e9s L\u00f3pez Mart\u00ednez<\/p>\n<p style=\"text-align: justify;\">\u2022 <strong>Asociaci\u00f3n para el Desarrollo de la Comarca Monteib\u00e9rico-Corredor de Almansa:<\/strong> D\u00aa M\u00aa Dolores Requena Azor\u00edn &#8211; Suplente D. Mois\u00e9s L\u00f3pez Mart\u00ednez<\/p>\n<p style=\"text-align: justify;\">\u2022 <strong>Mancomunidad Montearag\u00f3n:<\/strong> D. Francisco Jos\u00e9 Castell\u00f3 Castell\u00f3 &#8211; Suplente D. Jos\u00e9 Miguel Moll\u00e1 Nieto<\/p>\n<p style=\"text-align: justify;\">\u2022<strong> Comunidad General Usuarios del Alto Vinalop\u00f3:<\/strong> D. Jos\u00e9 Miguel Moll\u00e1 Nieto &#8211; Suplente D. Mois\u00e9s L\u00f3pez Mart\u00ednez<\/p>\n<p style=\"text-align: justify;\">\u2022 <strong>Junta Central de Usuarios del Vinalop\u00f3, L\u2019Alacant\u00ed y Consorcio de Aguas de la Marina Baja:<\/strong> D. Jos\u00e9 Miguel Moll\u00e1 Nieto &#8211; Suplente D. Mois\u00e9s L\u00f3pez Mart\u00ednez<\/p>\n<p style=\"text-align: justify;\"><strong>\u2022 Junta de Explotaci\u00f3n Vinalop\u00f3-L&#8217;Alacant\u00ed:<\/strong> D. Jos\u00e9 Miguel Moll\u00e1 Nieto &#8211; Suplente D. Mois\u00e9s L\u00f3pez Mart\u00ednez<\/p>\n<p style=\"text-align: justify;\">\u2022<strong> Asociaci\u00f3n Regional de Zonas Industriales de Castilla-La Mancha (ZINCAMAN):<\/strong> D. Mois\u00e9s L\u00f3pez Mart\u00ednez &#8211; Suplente D\u00aa M\u00aa Dolores Requena Azor\u00edn<\/p>\n","protected":false},"excerpt":{"rendered":"<p>A NIVEL LOCAL \u2022 Consejo Municipal Escolar Presidente: D\u00aa M\u00aa Manuela Gonz\u00e1lez Solera (por delegaci\u00f3n) Vocales: un representante de cada grupo pol\u00edtico con representaci\u00f3n municipal (art\u00edculo 7 del Reglamento de Organizaci\u00f3n y Funcionamiento del Consejo Escolar) Concejal del Grupo PP, M\u00aa Pilar Egea Serrano Concejal del Grupo VOX, D. Jos\u00e9 Miguel Moll\u00e1 Nieto Concejal del &hellip;<\/p>\n","protected":false},"author":1,"featured_media":0,"parent":0,"menu_order":0,"comment_status":"closed","ping_status":"closed","template":"","meta":{"ngg_post_thumbnail":0,"footnotes":""},"categories":[],"tags":[],"class_list":["post-11570","page","type-page","status-publish","hentry"],"yoast_head":"<!-- This site is optimized with the Yoast SEO plugin v27.5 - https:\/\/yoast.com\/product\/yoast-seo-wordpress\/ -->\n<title>Representaci\u00f3n Municipal en otras instituciones y entidades - MI Ayuntamiento de Caudete<\/title>\n<meta name=\"description\" content=\"P\u00e1gina Oficial del Ayuntamiento de Caudete (Albacete)\" \/>\n<meta name=\"robots\" content=\"index, follow, max-snippet:-1, max-image-preview:large, max-video-preview:-1\" \/>\n<link rel=\"canonical\" href=\"https:\/\/www.caudete.org\/ayuntamiento\/representacion-municipal-en-otras-instituciones-y-entidades\/\" \/>\n<meta property=\"og:locale\" content=\"es_ES\" \/>\n<meta property=\"og:type\" content=\"article\" \/>\n<meta property=\"og:title\" content=\"Representaci\u00f3n Municipal en otras instituciones y entidades - MI Ayuntamiento de Caudete\" \/>\n<meta property=\"og:description\" content=\"P\u00e1gina Oficial del Ayuntamiento de Caudete (Albacete)\" \/>\n<meta property=\"og:url\" content=\"https:\/\/www.caudete.org\/ayuntamiento\/representacion-municipal-en-otras-instituciones-y-entidades\/\" \/>\n<meta property=\"og:site_name\" content=\"MI Ayuntamiento de Caudete\" \/>\n<meta property=\"article:publisher\" content=\"https:\/\/www.facebook.com\/ayuntamientocaudete\/\" \/>\n<meta property=\"article:modified_time\" content=\"2024-01-09T17:43:05+00:00\" \/>\n<meta name=\"twitter:card\" content=\"summary_large_image\" \/>\n<meta name=\"twitter:label1\" content=\"Tiempo de lectura\" \/>\n\t<meta name=\"twitter:data1\" content=\"3 minutos\" \/>\n<script type=\"application\/ld+json\" class=\"yoast-schema-graph\">{\"@context\":\"https:\\\/\\\/schema.org\",\"@graph\":[{\"@type\":\"WebPage\",\"@id\":\"https:\\\/\\\/www.caudete.org\\\/ayuntamiento\\\/representacion-municipal-en-otras-instituciones-y-entidades\\\/\",\"url\":\"https:\\\/\\\/www.caudete.org\\\/ayuntamiento\\\/representacion-municipal-en-otras-instituciones-y-entidades\\\/\",\"name\":\"Representaci\u00f3n Municipal en otras instituciones y entidades - MI Ayuntamiento de Caudete\",\"isPartOf\":{\"@id\":\"https:\\\/\\\/www.caudete.org\\\/ayuntamiento\\\/#website\"},\"datePublished\":\"2021-01-14T13:39:25+00:00\",\"dateModified\":\"2024-01-09T17:43:05+00:00\",\"description\":\"P\u00e1gina Oficial del Ayuntamiento de Caudete (Albacete)\",\"breadcrumb\":{\"@id\":\"https:\\\/\\\/www.caudete.org\\\/ayuntamiento\\\/representacion-municipal-en-otras-instituciones-y-entidades\\\/#breadcrumb\"},\"inLanguage\":\"es\",\"potentialAction\":[{\"@type\":\"ReadAction\",\"target\":[\"https:\\\/\\\/www.caudete.org\\\/ayuntamiento\\\/representacion-municipal-en-otras-instituciones-y-entidades\\\/\"]}]},{\"@type\":\"BreadcrumbList\",\"@id\":\"https:\\\/\\\/www.caudete.org\\\/ayuntamiento\\\/representacion-municipal-en-otras-instituciones-y-entidades\\\/#breadcrumb\",\"itemListElement\":[{\"@type\":\"ListItem\",\"position\":1,\"name\":\"Inicio\",\"item\":\"https:\\\/\\\/www.caudete.org\\\/ayuntamiento\\\/\"},{\"@type\":\"ListItem\",\"position\":2,\"name\":\"Representaci\u00f3n Municipal en otras instituciones y entidades\"}]},{\"@type\":\"WebSite\",\"@id\":\"https:\\\/\\\/www.caudete.org\\\/ayuntamiento\\\/#website\",\"url\":\"https:\\\/\\\/www.caudete.org\\\/ayuntamiento\\\/\",\"name\":\"MI Ayuntamiento de Caudete\",\"description\":\"P\u00e1gina Oficial del MI Ayuntamiento de Caudete\",\"potentialAction\":[{\"@type\":\"SearchAction\",\"target\":{\"@type\":\"EntryPoint\",\"urlTemplate\":\"https:\\\/\\\/www.caudete.org\\\/ayuntamiento\\\/?s={search_term_string}\"},\"query-input\":{\"@type\":\"PropertyValueSpecification\",\"valueRequired\":true,\"valueName\":\"search_term_string\"}}],\"inLanguage\":\"es\"}]}<\/script>\n<!-- \/ Yoast SEO plugin. -->","yoast_head_json":{"title":"Representaci\u00f3n Municipal en otras instituciones y entidades - MI Ayuntamiento de Caudete","description":"P\u00e1gina Oficial del Ayuntamiento de Caudete (Albacete)","robots":{"index":"index","follow":"follow","max-snippet":"max-snippet:-1","max-image-preview":"max-image-preview:large","max-video-preview":"max-video-preview:-1"},"canonical":"https:\/\/www.caudete.org\/ayuntamiento\/representacion-municipal-en-otras-instituciones-y-entidades\/","og_locale":"es_ES","og_type":"article","og_title":"Representaci\u00f3n Municipal en otras instituciones y entidades - MI Ayuntamiento de Caudete","og_description":"P\u00e1gina Oficial del Ayuntamiento de Caudete (Albacete)","og_url":"https:\/\/www.caudete.org\/ayuntamiento\/representacion-municipal-en-otras-instituciones-y-entidades\/","og_site_name":"MI Ayuntamiento de Caudete","article_publisher":"https:\/\/www.facebook.com\/ayuntamientocaudete\/","article_modified_time":"2024-01-09T17:43:05+00:00","twitter_card":"summary_large_image","twitter_misc":{"Tiempo de lectura":"3 minutos"},"schema":{"@context":"https:\/\/schema.org","@graph":[{"@type":"WebPage","@id":"https:\/\/www.caudete.org\/ayuntamiento\/representacion-municipal-en-otras-instituciones-y-entidades\/","url":"https:\/\/www.caudete.org\/ayuntamiento\/representacion-municipal-en-otras-instituciones-y-entidades\/","name":"Representaci\u00f3n Municipal en otras instituciones y entidades - MI Ayuntamiento de Caudete","isPartOf":{"@id":"https:\/\/www.caudete.org\/ayuntamiento\/#website"},"datePublished":"2021-01-14T13:39:25+00:00","dateModified":"2024-01-09T17:43:05+00:00","description":"P\u00e1gina Oficial del Ayuntamiento de Caudete (Albacete)","breadcrumb":{"@id":"https:\/\/www.caudete.org\/ayuntamiento\/representacion-municipal-en-otras-instituciones-y-entidades\/#breadcrumb"},"inLanguage":"es","potentialAction":[{"@type":"ReadAction","target":["https:\/\/www.caudete.org\/ayuntamiento\/representacion-municipal-en-otras-instituciones-y-entidades\/"]}]},{"@type":"BreadcrumbList","@id":"https:\/\/www.caudete.org\/ayuntamiento\/representacion-municipal-en-otras-instituciones-y-entidades\/#breadcrumb","itemListElement":[{"@type":"ListItem","position":1,"name":"Inicio","item":"https:\/\/www.caudete.org\/ayuntamiento\/"},{"@type":"ListItem","position":2,"name":"Representaci\u00f3n Municipal en otras instituciones y entidades"}]},{"@type":"WebSite","@id":"https:\/\/www.caudete.org\/ayuntamiento\/#website","url":"https:\/\/www.caudete.org\/ayuntamiento\/","name":"MI Ayuntamiento de Caudete","description":"P\u00e1gina Oficial del MI Ayuntamiento de Caudete","potentialAction":[{"@type":"SearchAction","target":{"@type":"EntryPoint","urlTemplate":"https:\/\/www.caudete.org\/ayuntamiento\/?s={search_term_string}"},"query-input":{"@type":"PropertyValueSpecification","valueRequired":true,"valueName":"search_term_string"}}],"inLanguage":"es"}]}},"_links":{"self":[{"href":"https:\/\/www.caudete.org\/ayuntamiento\/wp-json\/wp\/v2\/pages\/11570","targetHints":{"allow":["GET"]}}],"collection":[{"href":"https:\/\/www.caudete.org\/ayuntamiento\/wp-json\/wp\/v2\/pages"}],"about":[{"href":"https:\/\/www.caudete.org\/ayuntamiento\/wp-json\/wp\/v2\/types\/page"}],"author":[{"embeddable":true,"href":"https:\/\/www.caudete.org\/ayuntamiento\/wp-json\/wp\/v2\/users\/1"}],"replies":[{"embeddable":true,"href":"https:\/\/www.caudete.org\/ayuntamiento\/wp-json\/wp\/v2\/comments?post=11570"}],"version-history":[{"count":3,"href":"https:\/\/www.caudete.org\/ayuntamiento\/wp-json\/wp\/v2\/pages\/11570\/revisions"}],"predecessor-version":[{"id":24089,"href":"https:\/\/www.caudete.org\/ayuntamiento\/wp-json\/wp\/v2\/pages\/11570\/revisions\/24089"}],"wp:attachment":[{"href":"https:\/\/www.caudete.org\/ayuntamiento\/wp-json\/wp\/v2\/media?parent=11570"}],"wp:term":[{"taxonomy":"category","embeddable":true,"href":"https:\/\/www.caudete.org\/ayuntamiento\/wp-json\/wp\/v2\/categories?post=11570"},{"taxonomy":"post_tag","embeddable":true,"href":"https:\/\/www.caudete.org\/ayuntamiento\/wp-json\/wp\/v2\/tags?post=11570"}],"curies":[{"name":"wp","href":"https:\/\/api.w.org\/{rel}","templated":true}]}}