{"id":12463,"date":"2021-02-26T20:18:05","date_gmt":"2021-02-26T19:18:05","guid":{"rendered":"https:\/\/www.caudete.org\/ayuntamiento\/?page_id=12463"},"modified":"2021-04-15T20:04:33","modified_gmt":"2021-04-15T18:04:33","slug":"deportes-campanas-de-fomento","status":"publish","type":"page","link":"https:\/\/www.caudete.org\/ayuntamiento\/deportes-campanas-de-fomento\/","title":{"rendered":"Deportes &#8211; Campa\u00f1as de Fomento"},"content":{"rendered":"<p style=\"text-align: justify;\">En colaboraci\u00f3n con los Centros de Primaria del municipio cada curso se planifica una serie de actividades deportivas que tienen como fin el contribuir con la consolidaci\u00f3n de centros escolares comprometidos con el fomento y la pr\u00e1ctica deportiva entre sus escolares. Entre sus principales cometidos est\u00e1n la creaci\u00f3n de h\u00e1bitos deportivos y saludables, la educaci\u00f3n en valores a trav\u00e9s de la pr\u00e1ctica deportiva y el contribuir al aprendizaje de habilidades motrices b\u00e1sicas y espec\u00edficas.<\/p>\n<p>&nbsp;<\/p>\n<table cellspacing=\"0\" cellpadding=\"0\" border=\"1\">\n<tbody>\n<tr>\n<td style=\"text-align: center;\"><strong>ACTIVIDAD<\/strong><\/td>\n<td style=\"text-align: center;\"><strong>CURSOS<\/strong><\/td>\n<td style=\"text-align: center;\"><strong>UBICACI\u00d3N<\/strong><\/td>\n<\/tr>\n<tr>\n<td>Multideporte<br \/>\nActividad consistente en realizar actividades deportivas de educaci\u00f3n f\u00edsica de base y adaptaciones deportivas. Se aprovechar\u00e1n las jornadas para hacer una visita guiada por todas las instalaciones deportivas de la Ciudad Deportiva.<\/td>\n<td>1\u00ba y 2\u00ba<br \/>\n(respectivamente)<\/td>\n<td>Ciudad Deportiva Antonio Amor\u00f3s<\/td>\n<\/tr>\n<tr>\n<td>Tecnificaci\u00f3n de Baloncesto.<br \/>\nSesiones que tienen por objeto el trabajo y la mejora de los componentes t\u00e9cnicos de este deporte.<\/td>\n<td>5\u00ba y 6\u00ba<\/td>\n<td>Colegios<\/td>\n<\/tr>\n<tr>\n<td>Ven al Basket<br \/>\nJornadas de convivencia donde se realiza una competici\u00f3n interescolar con pruebas deportivas relacionadas con el baloncesto.<\/td>\n<td>3\u00ba y 4\u00ba<br \/>\n(respectivamente)<\/td>\n<td>Pabell\u00f3n Nuevo<\/td>\n<\/tr>\n<tr>\n<td>Patinaje Art\u00edstico<br \/>\nJornadas de iniciaci\u00f3n al patinaje sobre patines de cuatro ruedas.<\/td>\n<td>3\u00ba y 4\u00ba<br \/>\n(respectivamente)<\/td>\n<td>Pabell\u00f3n La Cruz<\/td>\n<\/tr>\n<tr>\n<td>Datchball<br \/>\nJornadas de competici\u00f3n sobre este incipiente deporte<\/td>\n<td>3\u00ba y 4\u00ba<br \/>\n(respectivamente)<\/td>\n<td>Ciudad Deportiva Antonio Amor\u00f3s<\/td>\n<\/tr>\n<tr>\n<td>Jornadas de Senderismo<\/td>\n<td>6\u00ba<\/td>\n<td>Toconera<\/td>\n<\/tr>\n<tr>\n<td>Olimpiadas de Atletismo<br \/>\nCompetici\u00f3n interescolar con la celebraci\u00f3n de las siguientes pruebas: 60 m vallas, 60 m lisos, resistencia, lanzamiento de peso, salto de longitud, salto de altura y carrera de relevos.<\/td>\n<td>5\u00ba y 6\u00ba<br \/>\n(respectivamente)<\/td>\n<td>Pistas de Atletismo<\/td>\n<\/tr>\n<tr>\n<td>Tenis de Mesa<br \/>\nCompetici\u00f3n realizada bajo el formato de copa durante el tiempo del recreo.<\/td>\n<td>5\u00ba y 6\u00ba<\/td>\n<td>Colegios<\/td>\n<\/tr>\n<tr>\n<td>Duatl\u00f3n<br \/>\nCarrera interescolar donde los escolares compiten bajo el formato de relevos de modo que uno participar\u00e1 en la carrera de pie y el otro en bicicleta.<\/td>\n<td>6\u00ba<\/td>\n<td>Ciudad Deportiva Antonio Amor\u00f3s<\/td>\n<\/tr>\n<\/tbody>\n<\/table>\n<p>&nbsp;<\/p>\n","protected":false},"excerpt":{"rendered":"<p>En colaboraci\u00f3n con los Centros de Primaria del municipio cada curso se planifica una serie de actividades deportivas que tienen como fin el contribuir con la consolidaci\u00f3n de centros escolares comprometidos con el fomento y la pr\u00e1ctica deportiva entre sus escolares. Entre sus principales cometidos est\u00e1n la creaci\u00f3n de h\u00e1bitos deportivos y saludables, la educaci\u00f3n &hellip;<\/p>\n","protected":false},"author":1,"featured_media":0,"parent":0,"menu_order":0,"comment_status":"closed","ping_status":"closed","template":"","meta":{"ngg_post_thumbnail":0,"footnotes":""},"categories":[122],"tags":[],"class_list":["post-12463","page","type-page","status-publish","hentry","category-deportes-2"],"yoast_head":"<!-- This site is optimized with the Yoast SEO plugin v27.4 - https:\/\/yoast.com\/product\/yoast-seo-wordpress\/ -->\n<title>Deportes - Campa\u00f1as de Fomento - MI Ayuntamiento de Caudete<\/title>\n<meta name=\"description\" content=\"P\u00e1gina Oficial del Ayuntamiento de Caudete (Albacete)\" \/>\n<meta name=\"robots\" content=\"index, follow, max-snippet:-1, max-image-preview:large, max-video-preview:-1\" \/>\n<link rel=\"canonical\" href=\"https:\/\/www.caudete.org\/ayuntamiento\/deportes-campanas-de-fomento\/\" \/>\n<meta property=\"og:locale\" content=\"es_ES\" \/>\n<meta property=\"og:type\" content=\"article\" \/>\n<meta property=\"og:title\" content=\"Deportes - Campa\u00f1as de Fomento - MI Ayuntamiento de Caudete\" \/>\n<meta property=\"og:description\" content=\"P\u00e1gina Oficial del Ayuntamiento de Caudete (Albacete)\" \/>\n<meta property=\"og:url\" content=\"https:\/\/www.caudete.org\/ayuntamiento\/deportes-campanas-de-fomento\/\" \/>\n<meta property=\"og:site_name\" content=\"MI Ayuntamiento de Caudete\" \/>\n<meta property=\"article:publisher\" content=\"https:\/\/www.facebook.com\/ayuntamientocaudete\/\" \/>\n<meta property=\"article:modified_time\" content=\"2021-04-15T18:04:33+00:00\" \/>\n<meta name=\"twitter:card\" content=\"summary_large_image\" \/>\n<meta name=\"twitter:label1\" content=\"Tiempo de lectura\" \/>\n\t<meta name=\"twitter:data1\" content=\"2 minutos\" \/>\n<script type=\"application\/ld+json\" class=\"yoast-schema-graph\">{\"@context\":\"https:\\\/\\\/schema.org\",\"@graph\":[{\"@type\":\"WebPage\",\"@id\":\"https:\\\/\\\/www.caudete.org\\\/ayuntamiento\\\/deportes-campanas-de-fomento\\\/\",\"url\":\"https:\\\/\\\/www.caudete.org\\\/ayuntamiento\\\/deportes-campanas-de-fomento\\\/\",\"name\":\"Deportes - Campa\u00f1as de Fomento - MI Ayuntamiento de Caudete\",\"isPartOf\":{\"@id\":\"https:\\\/\\\/www.caudete.org\\\/ayuntamiento\\\/#website\"},\"datePublished\":\"2021-02-26T19:18:05+00:00\",\"dateModified\":\"2021-04-15T18:04:33+00:00\",\"description\":\"P\u00e1gina Oficial del Ayuntamiento de Caudete (Albacete)\",\"breadcrumb\":{\"@id\":\"https:\\\/\\\/www.caudete.org\\\/ayuntamiento\\\/deportes-campanas-de-fomento\\\/#breadcrumb\"},\"inLanguage\":\"es\",\"potentialAction\":[{\"@type\":\"ReadAction\",\"target\":[\"https:\\\/\\\/www.caudete.org\\\/ayuntamiento\\\/deportes-campanas-de-fomento\\\/\"]}]},{\"@type\":\"BreadcrumbList\",\"@id\":\"https:\\\/\\\/www.caudete.org\\\/ayuntamiento\\\/deportes-campanas-de-fomento\\\/#breadcrumb\",\"itemListElement\":[{\"@type\":\"ListItem\",\"position\":1,\"name\":\"Inicio\",\"item\":\"https:\\\/\\\/www.caudete.org\\\/ayuntamiento\\\/\"},{\"@type\":\"ListItem\",\"position\":2,\"name\":\"Deportes &#8211; Campa\u00f1as de Fomento\"}]},{\"@type\":\"WebSite\",\"@id\":\"https:\\\/\\\/www.caudete.org\\\/ayuntamiento\\\/#website\",\"url\":\"https:\\\/\\\/www.caudete.org\\\/ayuntamiento\\\/\",\"name\":\"MI Ayuntamiento de Caudete\",\"description\":\"P\u00e1gina Oficial del MI Ayuntamiento de Caudete\",\"publisher\":{\"@id\":\"https:\\\/\\\/www.caudete.org\\\/ayuntamiento\\\/#organization\"},\"potentialAction\":[{\"@type\":\"SearchAction\",\"target\":{\"@type\":\"EntryPoint\",\"urlTemplate\":\"https:\\\/\\\/www.caudete.org\\\/ayuntamiento\\\/?s={search_term_string}\"},\"query-input\":{\"@type\":\"PropertyValueSpecification\",\"valueRequired\":true,\"valueName\":\"search_term_string\"}}],\"inLanguage\":\"es\"},{\"@type\":\"Organization\",\"@id\":\"https:\\\/\\\/www.caudete.org\\\/ayuntamiento\\\/#organization\",\"name\":\"Ayuntamiento de Caudete\",\"url\":\"https:\\\/\\\/www.caudete.org\\\/ayuntamiento\\\/\",\"logo\":{\"@type\":\"ImageObject\",\"inLanguage\":\"es\",\"@id\":\"https:\\\/\\\/www.caudete.org\\\/ayuntamiento\\\/#\\\/schema\\\/logo\\\/image\\\/\",\"url\":\"https:\\\/\\\/www.caudete.org\\\/ayuntamiento\\\/wp-content\\\/uploads\\\/2020\\\/11\\\/logo_ayuntamiento_caudete.jpg\",\"contentUrl\":\"https:\\\/\\\/www.caudete.org\\\/ayuntamiento\\\/wp-content\\\/uploads\\\/2020\\\/11\\\/logo_ayuntamiento_caudete.jpg\",\"width\":600,\"height\":150,\"caption\":\"Ayuntamiento de Caudete\"},\"image\":{\"@id\":\"https:\\\/\\\/www.caudete.org\\\/ayuntamiento\\\/#\\\/schema\\\/logo\\\/image\\\/\"},\"sameAs\":[\"https:\\\/\\\/www.facebook.com\\\/ayuntamientocaudete\\\/\",\"https:\\\/\\\/www.youtube.com\\\/channel\\\/UC6VztHaooNsGpw-tNoBEFnQ\"]}]}<\/script>\n<!-- \/ Yoast SEO plugin. -->","yoast_head_json":{"title":"Deportes - Campa\u00f1as de Fomento - MI Ayuntamiento de Caudete","description":"P\u00e1gina Oficial del Ayuntamiento de Caudete (Albacete)","robots":{"index":"index","follow":"follow","max-snippet":"max-snippet:-1","max-image-preview":"max-image-preview:large","max-video-preview":"max-video-preview:-1"},"canonical":"https:\/\/www.caudete.org\/ayuntamiento\/deportes-campanas-de-fomento\/","og_locale":"es_ES","og_type":"article","og_title":"Deportes - Campa\u00f1as de Fomento - MI Ayuntamiento de Caudete","og_description":"P\u00e1gina Oficial del Ayuntamiento de Caudete (Albacete)","og_url":"https:\/\/www.caudete.org\/ayuntamiento\/deportes-campanas-de-fomento\/","og_site_name":"MI Ayuntamiento de Caudete","article_publisher":"https:\/\/www.facebook.com\/ayuntamientocaudete\/","article_modified_time":"2021-04-15T18:04:33+00:00","twitter_card":"summary_large_image","twitter_misc":{"Tiempo de lectura":"2 minutos"},"schema":{"@context":"https:\/\/schema.org","@graph":[{"@type":"WebPage","@id":"https:\/\/www.caudete.org\/ayuntamiento\/deportes-campanas-de-fomento\/","url":"https:\/\/www.caudete.org\/ayuntamiento\/deportes-campanas-de-fomento\/","name":"Deportes - Campa\u00f1as de Fomento - MI Ayuntamiento de Caudete","isPartOf":{"@id":"https:\/\/www.caudete.org\/ayuntamiento\/#website"},"datePublished":"2021-02-26T19:18:05+00:00","dateModified":"2021-04-15T18:04:33+00:00","description":"P\u00e1gina Oficial del Ayuntamiento de Caudete (Albacete)","breadcrumb":{"@id":"https:\/\/www.caudete.org\/ayuntamiento\/deportes-campanas-de-fomento\/#breadcrumb"},"inLanguage":"es","potentialAction":[{"@type":"ReadAction","target":["https:\/\/www.caudete.org\/ayuntamiento\/deportes-campanas-de-fomento\/"]}]},{"@type":"BreadcrumbList","@id":"https:\/\/www.caudete.org\/ayuntamiento\/deportes-campanas-de-fomento\/#breadcrumb","itemListElement":[{"@type":"ListItem","position":1,"name":"Inicio","item":"https:\/\/www.caudete.org\/ayuntamiento\/"},{"@type":"ListItem","position":2,"name":"Deportes &#8211; Campa\u00f1as de Fomento"}]},{"@type":"WebSite","@id":"https:\/\/www.caudete.org\/ayuntamiento\/#website","url":"https:\/\/www.caudete.org\/ayuntamiento\/","name":"MI Ayuntamiento de Caudete","description":"P\u00e1gina Oficial del MI Ayuntamiento de Caudete","publisher":{"@id":"https:\/\/www.caudete.org\/ayuntamiento\/#organization"},"potentialAction":[{"@type":"SearchAction","target":{"@type":"EntryPoint","urlTemplate":"https:\/\/www.caudete.org\/ayuntamiento\/?s={search_term_string}"},"query-input":{"@type":"PropertyValueSpecification","valueRequired":true,"valueName":"search_term_string"}}],"inLanguage":"es"},{"@type":"Organization","@id":"https:\/\/www.caudete.org\/ayuntamiento\/#organization","name":"Ayuntamiento de Caudete","url":"https:\/\/www.caudete.org\/ayuntamiento\/","logo":{"@type":"ImageObject","inLanguage":"es","@id":"https:\/\/www.caudete.org\/ayuntamiento\/#\/schema\/logo\/image\/","url":"https:\/\/www.caudete.org\/ayuntamiento\/wp-content\/uploads\/2020\/11\/logo_ayuntamiento_caudete.jpg","contentUrl":"https:\/\/www.caudete.org\/ayuntamiento\/wp-content\/uploads\/2020\/11\/logo_ayuntamiento_caudete.jpg","width":600,"height":150,"caption":"Ayuntamiento de Caudete"},"image":{"@id":"https:\/\/www.caudete.org\/ayuntamiento\/#\/schema\/logo\/image\/"},"sameAs":["https:\/\/www.facebook.com\/ayuntamientocaudete\/","https:\/\/www.youtube.com\/channel\/UC6VztHaooNsGpw-tNoBEFnQ"]}]}},"_links":{"self":[{"href":"https:\/\/www.caudete.org\/ayuntamiento\/wp-json\/wp\/v2\/pages\/12463","targetHints":{"allow":["GET"]}}],"collection":[{"href":"https:\/\/www.caudete.org\/ayuntamiento\/wp-json\/wp\/v2\/pages"}],"about":[{"href":"https:\/\/www.caudete.org\/ayuntamiento\/wp-json\/wp\/v2\/types\/page"}],"author":[{"embeddable":true,"href":"https:\/\/www.caudete.org\/ayuntamiento\/wp-json\/wp\/v2\/users\/1"}],"replies":[{"embeddable":true,"href":"https:\/\/www.caudete.org\/ayuntamiento\/wp-json\/wp\/v2\/comments?post=12463"}],"version-history":[{"count":6,"href":"https:\/\/www.caudete.org\/ayuntamiento\/wp-json\/wp\/v2\/pages\/12463\/revisions"}],"predecessor-version":[{"id":13912,"href":"https:\/\/www.caudete.org\/ayuntamiento\/wp-json\/wp\/v2\/pages\/12463\/revisions\/13912"}],"wp:attachment":[{"href":"https:\/\/www.caudete.org\/ayuntamiento\/wp-json\/wp\/v2\/media?parent=12463"}],"wp:term":[{"taxonomy":"category","embeddable":true,"href":"https:\/\/www.caudete.org\/ayuntamiento\/wp-json\/wp\/v2\/categories?post=12463"},{"taxonomy":"post_tag","embeddable":true,"href":"https:\/\/www.caudete.org\/ayuntamiento\/wp-json\/wp\/v2\/tags?post=12463"}],"curies":[{"name":"wp","href":"https:\/\/api.w.org\/{rel}","templated":true}]}}