{"id":12539,"date":"2021-03-01T13:21:45","date_gmt":"2021-03-01T12:21:45","guid":{"rendered":"https:\/\/www.caudete.org\/ayuntamiento\/?page_id=12539"},"modified":"2022-01-26T14:28:23","modified_gmt":"2022-01-26T13:28:23","slug":"deportes-caudete-extreme-circuito","status":"publish","type":"page","link":"https:\/\/www.caudete.org\/ayuntamiento\/deportes-caudete-extreme-circuito\/","title":{"rendered":"Deportes &#8211; Caudete Extreme &#8211; Circuito"},"content":{"rendered":"<p class=\"tm7\" style=\"text-align: justify;\">El circuito absoluto es un recorrido de dificultad f\u00edsica y t\u00e9cnica medio\/alto, caracterizado por tener que completar una distancia total de 40 kil\u00f3metros, con un desnivel de 696 m, consider\u00e1ndose como de media distancia.<\/p>\n<p class=\"tm7\" style=\"text-align: justify;\">El trayecto trascurre por tres parajes naturales del municipio de Caudete; \u201cLa Toconera, Sierra Al\u00e1cera y Las Lomas. Se trata de un recorrido que combina constantemente pistas forestales, caminos rurales y sendas, haciendo que el itinerario sea muy entretenido, a la vez que exigente. El punto de m\u00e1xima altitud se establece en el kil\u00f3metro 14, antes del descenso por la primera senda. Entre el kil\u00f3metro 18 y 20 se pasa dos veces por la zona denominada Puente Alto, siendo un punto ideal para que el p\u00fablico pueda disfrutar del paso de la prueba. La l\u00ednea de meta quedar\u00e1 ubicada en las pistas de atletismo de la Ciudad Deportiva Antonio Amor\u00f3s. Se dispondr\u00e1, al menos, de un punto avituallamiento ubicado en el kil\u00f3metro 20.<\/p>\n<p class=\"tm7\" style=\"text-align: justify;\">Se trata por tanto de un recorrido exigente f\u00edsicamente y t\u00e9cnicamente con el paso por tres parajes naturales distintos que generan una gran satisfacci\u00f3n al corredor tras su finalizaci\u00f3n<\/p>\n<p class=\"tm7\" style=\"text-align: justify;\">El circuito corto comparte con el absoluto el mismo itinerario hasta el km 12, punto donde se tras un ligero ascenso se busca la l\u00ednea de meta, ubicada en la Ciudad Deportiva Antonio Amor\u00f3s, completando un recorrido de 18 km con un desnivel de 185 m.<\/p>\n<p class=\"Normal\" style=\"text-align: justify;\">&nbsp;<\/p>\n<p style=\"text-align: center;\"><a class=\"fasc-button fasc-size-large fasc-type-glossy fasc-ico-before dashicons-admin-post\" style=\"background-color: #336699; color: #ffffff;\" target=\"_blank\" href=\"https:\/\/caudete.org\/ayuntamiento\/d\/tracks\/RECORRIDO-CORTO.gpx\" rel=\"noopener nofollow\">Track Recorrido Corto<\/a><\/p>\n<p style=\"text-align: center;\"><a class=\"fasc-button fasc-size-large fasc-type-glossy fasc-ico-before dashicons-admin-post\" style=\"background-color: #336699; color: #ffffff;\" target=\"_blank\" href=\"https:\/\/caudete.org\/ayuntamiento\/d\/tracks\/RECORRIDO-LARGO.gpx\" rel=\"noopener nofollow\">Track Recorrido Largo<\/a><\/p>\n<p style=\"text-align: center;\">&nbsp;<\/p>\n<p style=\"text-align: center;\"><strong>Circuito Corto&nbsp;<\/strong><\/p>\n<p><a href=\"https:\/\/www.caudete.org\/ayuntamiento\/wp-content\/uploads\/2022\/01\/Plano-circuito-caudetecorto.jpg\" rel='prettyPhoto'><img fetchpriority=\"high\" decoding=\"async\" class=\"aligncenter size-full wp-image-17854\" src=\"https:\/\/www.caudete.org\/ayuntamiento\/wp-content\/uploads\/2022\/01\/Plano-circuito-caudetecorto.jpg\" alt=\"\" width=\"1366\" height=\"768\" srcset=\"https:\/\/www.caudete.org\/ayuntamiento\/wp-content\/uploads\/2022\/01\/Plano-circuito-caudetecorto.jpg 1366w, https:\/\/www.caudete.org\/ayuntamiento\/wp-content\/uploads\/2022\/01\/Plano-circuito-caudetecorto-300x169.jpg 300w, https:\/\/www.caudete.org\/ayuntamiento\/wp-content\/uploads\/2022\/01\/Plano-circuito-caudetecorto-1024x576.jpg 1024w, https:\/\/www.caudete.org\/ayuntamiento\/wp-content\/uploads\/2022\/01\/Plano-circuito-caudetecorto-768x432.jpg 768w\" sizes=\"(max-width: 1366px) 100vw, 1366px\" \/><\/a><\/p>\n<p>&nbsp;<\/p>\n<p style=\"text-align: center;\"><strong>Circuito Largo<\/strong><\/p>\n<p><a href=\"https:\/\/www.caudete.org\/ayuntamiento\/wp-content\/uploads\/2022\/01\/Plano-circuito-caudete-largo.jpg\" rel='prettyPhoto'><img decoding=\"async\" class=\"aligncenter size-full wp-image-17853\" src=\"https:\/\/www.caudete.org\/ayuntamiento\/wp-content\/uploads\/2022\/01\/Plano-circuito-caudete-largo.jpg\" alt=\"\" width=\"1366\" height=\"768\" srcset=\"https:\/\/www.caudete.org\/ayuntamiento\/wp-content\/uploads\/2022\/01\/Plano-circuito-caudete-largo.jpg 1366w, https:\/\/www.caudete.org\/ayuntamiento\/wp-content\/uploads\/2022\/01\/Plano-circuito-caudete-largo-300x169.jpg 300w, https:\/\/www.caudete.org\/ayuntamiento\/wp-content\/uploads\/2022\/01\/Plano-circuito-caudete-largo-1024x576.jpg 1024w, https:\/\/www.caudete.org\/ayuntamiento\/wp-content\/uploads\/2022\/01\/Plano-circuito-caudete-largo-768x432.jpg 768w\" sizes=\"(max-width: 1366px) 100vw, 1366px\" \/><\/a><\/p>\n","protected":false},"excerpt":{"rendered":"<p>El circuito absoluto es un recorrido de dificultad f\u00edsica y t\u00e9cnica medio\/alto, caracterizado por tener que completar una distancia total de 40 kil\u00f3metros, con un desnivel de 696 m, consider\u00e1ndose como de media distancia. El trayecto trascurre por tres parajes naturales del municipio de Caudete; \u201cLa Toconera, Sierra Al\u00e1cera y Las Lomas. Se trata de &hellip;<\/p>\n","protected":false},"author":1,"featured_media":0,"parent":0,"menu_order":0,"comment_status":"closed","ping_status":"closed","template":"","meta":{"ngg_post_thumbnail":0,"footnotes":""},"categories":[122],"tags":[],"class_list":["post-12539","page","type-page","status-publish","hentry","category-deportes-2"],"yoast_head":"<!-- This site is optimized with the Yoast SEO plugin v27.4 - https:\/\/yoast.com\/product\/yoast-seo-wordpress\/ -->\n<title>Deportes - Caudete Extreme - Circuito - MI Ayuntamiento de Caudete<\/title>\n<meta name=\"description\" content=\"P\u00e1gina Oficial del Ayuntamiento de Caudete (Albacete)\" \/>\n<meta name=\"robots\" content=\"index, follow, max-snippet:-1, max-image-preview:large, max-video-preview:-1\" \/>\n<link rel=\"canonical\" href=\"https:\/\/www.caudete.org\/ayuntamiento\/deportes-caudete-extreme-circuito\/\" \/>\n<meta property=\"og:locale\" content=\"es_ES\" \/>\n<meta property=\"og:type\" content=\"article\" \/>\n<meta property=\"og:title\" content=\"Deportes - Caudete Extreme - Circuito - MI Ayuntamiento de Caudete\" \/>\n<meta property=\"og:description\" content=\"P\u00e1gina Oficial del Ayuntamiento de Caudete (Albacete)\" \/>\n<meta property=\"og:url\" content=\"https:\/\/www.caudete.org\/ayuntamiento\/deportes-caudete-extreme-circuito\/\" \/>\n<meta property=\"og:site_name\" content=\"MI Ayuntamiento de Caudete\" \/>\n<meta property=\"article:publisher\" content=\"https:\/\/www.facebook.com\/ayuntamientocaudete\/\" \/>\n<meta property=\"article:modified_time\" content=\"2022-01-26T13:28:23+00:00\" \/>\n<meta property=\"og:image\" content=\"https:\/\/www.caudete.org\/ayuntamiento\/wp-content\/uploads\/2022\/01\/Plano-circuito-caudetecorto.jpg\" \/>\n<meta name=\"twitter:card\" content=\"summary_large_image\" \/>\n<meta name=\"twitter:label1\" content=\"Tiempo de lectura\" \/>\n\t<meta name=\"twitter:data1\" content=\"2 minutos\" \/>\n<script type=\"application\/ld+json\" class=\"yoast-schema-graph\">{\"@context\":\"https:\\\/\\\/schema.org\",\"@graph\":[{\"@type\":\"WebPage\",\"@id\":\"https:\\\/\\\/www.caudete.org\\\/ayuntamiento\\\/deportes-caudete-extreme-circuito\\\/\",\"url\":\"https:\\\/\\\/www.caudete.org\\\/ayuntamiento\\\/deportes-caudete-extreme-circuito\\\/\",\"name\":\"Deportes - Caudete Extreme - Circuito - MI Ayuntamiento de Caudete\",\"isPartOf\":{\"@id\":\"https:\\\/\\\/www.caudete.org\\\/ayuntamiento\\\/#website\"},\"primaryImageOfPage\":{\"@id\":\"https:\\\/\\\/www.caudete.org\\\/ayuntamiento\\\/deportes-caudete-extreme-circuito\\\/#primaryimage\"},\"image\":{\"@id\":\"https:\\\/\\\/www.caudete.org\\\/ayuntamiento\\\/deportes-caudete-extreme-circuito\\\/#primaryimage\"},\"thumbnailUrl\":\"https:\\\/\\\/www.caudete.org\\\/ayuntamiento\\\/wp-content\\\/uploads\\\/2022\\\/01\\\/Plano-circuito-caudetecorto.jpg\",\"datePublished\":\"2021-03-01T12:21:45+00:00\",\"dateModified\":\"2022-01-26T13:28:23+00:00\",\"description\":\"P\u00e1gina Oficial del Ayuntamiento de Caudete (Albacete)\",\"breadcrumb\":{\"@id\":\"https:\\\/\\\/www.caudete.org\\\/ayuntamiento\\\/deportes-caudete-extreme-circuito\\\/#breadcrumb\"},\"inLanguage\":\"es\",\"potentialAction\":[{\"@type\":\"ReadAction\",\"target\":[\"https:\\\/\\\/www.caudete.org\\\/ayuntamiento\\\/deportes-caudete-extreme-circuito\\\/\"]}]},{\"@type\":\"ImageObject\",\"inLanguage\":\"es\",\"@id\":\"https:\\\/\\\/www.caudete.org\\\/ayuntamiento\\\/deportes-caudete-extreme-circuito\\\/#primaryimage\",\"url\":\"https:\\\/\\\/www.caudete.org\\\/ayuntamiento\\\/wp-content\\\/uploads\\\/2022\\\/01\\\/Plano-circuito-caudetecorto.jpg\",\"contentUrl\":\"https:\\\/\\\/www.caudete.org\\\/ayuntamiento\\\/wp-content\\\/uploads\\\/2022\\\/01\\\/Plano-circuito-caudetecorto.jpg\",\"width\":1366,\"height\":768},{\"@type\":\"BreadcrumbList\",\"@id\":\"https:\\\/\\\/www.caudete.org\\\/ayuntamiento\\\/deportes-caudete-extreme-circuito\\\/#breadcrumb\",\"itemListElement\":[{\"@type\":\"ListItem\",\"position\":1,\"name\":\"Inicio\",\"item\":\"https:\\\/\\\/www.caudete.org\\\/ayuntamiento\\\/\"},{\"@type\":\"ListItem\",\"position\":2,\"name\":\"Deportes &#8211; Caudete Extreme &#8211; Circuito\"}]},{\"@type\":\"WebSite\",\"@id\":\"https:\\\/\\\/www.caudete.org\\\/ayuntamiento\\\/#website\",\"url\":\"https:\\\/\\\/www.caudete.org\\\/ayuntamiento\\\/\",\"name\":\"MI Ayuntamiento de Caudete\",\"description\":\"P\u00e1gina Oficial del MI Ayuntamiento de Caudete\",\"publisher\":{\"@id\":\"https:\\\/\\\/www.caudete.org\\\/ayuntamiento\\\/#organization\"},\"potentialAction\":[{\"@type\":\"SearchAction\",\"target\":{\"@type\":\"EntryPoint\",\"urlTemplate\":\"https:\\\/\\\/www.caudete.org\\\/ayuntamiento\\\/?s={search_term_string}\"},\"query-input\":{\"@type\":\"PropertyValueSpecification\",\"valueRequired\":true,\"valueName\":\"search_term_string\"}}],\"inLanguage\":\"es\"},{\"@type\":\"Organization\",\"@id\":\"https:\\\/\\\/www.caudete.org\\\/ayuntamiento\\\/#organization\",\"name\":\"Ayuntamiento de Caudete\",\"url\":\"https:\\\/\\\/www.caudete.org\\\/ayuntamiento\\\/\",\"logo\":{\"@type\":\"ImageObject\",\"inLanguage\":\"es\",\"@id\":\"https:\\\/\\\/www.caudete.org\\\/ayuntamiento\\\/#\\\/schema\\\/logo\\\/image\\\/\",\"url\":\"https:\\\/\\\/www.caudete.org\\\/ayuntamiento\\\/wp-content\\\/uploads\\\/2020\\\/11\\\/logo_ayuntamiento_caudete.jpg\",\"contentUrl\":\"https:\\\/\\\/www.caudete.org\\\/ayuntamiento\\\/wp-content\\\/uploads\\\/2020\\\/11\\\/logo_ayuntamiento_caudete.jpg\",\"width\":600,\"height\":150,\"caption\":\"Ayuntamiento de Caudete\"},\"image\":{\"@id\":\"https:\\\/\\\/www.caudete.org\\\/ayuntamiento\\\/#\\\/schema\\\/logo\\\/image\\\/\"},\"sameAs\":[\"https:\\\/\\\/www.facebook.com\\\/ayuntamientocaudete\\\/\",\"https:\\\/\\\/www.youtube.com\\\/channel\\\/UC6VztHaooNsGpw-tNoBEFnQ\"]}]}<\/script>\n<!-- \/ Yoast SEO plugin. -->","yoast_head_json":{"title":"Deportes - Caudete Extreme - Circuito - MI Ayuntamiento de Caudete","description":"P\u00e1gina Oficial del Ayuntamiento de Caudete (Albacete)","robots":{"index":"index","follow":"follow","max-snippet":"max-snippet:-1","max-image-preview":"max-image-preview:large","max-video-preview":"max-video-preview:-1"},"canonical":"https:\/\/www.caudete.org\/ayuntamiento\/deportes-caudete-extreme-circuito\/","og_locale":"es_ES","og_type":"article","og_title":"Deportes - Caudete Extreme - Circuito - MI Ayuntamiento de Caudete","og_description":"P\u00e1gina Oficial del Ayuntamiento de Caudete (Albacete)","og_url":"https:\/\/www.caudete.org\/ayuntamiento\/deportes-caudete-extreme-circuito\/","og_site_name":"MI Ayuntamiento de Caudete","article_publisher":"https:\/\/www.facebook.com\/ayuntamientocaudete\/","article_modified_time":"2022-01-26T13:28:23+00:00","og_image":[{"url":"https:\/\/www.caudete.org\/ayuntamiento\/wp-content\/uploads\/2022\/01\/Plano-circuito-caudetecorto.jpg","type":"","width":"","height":""}],"twitter_card":"summary_large_image","twitter_misc":{"Tiempo de lectura":"2 minutos"},"schema":{"@context":"https:\/\/schema.org","@graph":[{"@type":"WebPage","@id":"https:\/\/www.caudete.org\/ayuntamiento\/deportes-caudete-extreme-circuito\/","url":"https:\/\/www.caudete.org\/ayuntamiento\/deportes-caudete-extreme-circuito\/","name":"Deportes - Caudete Extreme - Circuito - MI Ayuntamiento de Caudete","isPartOf":{"@id":"https:\/\/www.caudete.org\/ayuntamiento\/#website"},"primaryImageOfPage":{"@id":"https:\/\/www.caudete.org\/ayuntamiento\/deportes-caudete-extreme-circuito\/#primaryimage"},"image":{"@id":"https:\/\/www.caudete.org\/ayuntamiento\/deportes-caudete-extreme-circuito\/#primaryimage"},"thumbnailUrl":"https:\/\/www.caudete.org\/ayuntamiento\/wp-content\/uploads\/2022\/01\/Plano-circuito-caudetecorto.jpg","datePublished":"2021-03-01T12:21:45+00:00","dateModified":"2022-01-26T13:28:23+00:00","description":"P\u00e1gina Oficial del Ayuntamiento de Caudete (Albacete)","breadcrumb":{"@id":"https:\/\/www.caudete.org\/ayuntamiento\/deportes-caudete-extreme-circuito\/#breadcrumb"},"inLanguage":"es","potentialAction":[{"@type":"ReadAction","target":["https:\/\/www.caudete.org\/ayuntamiento\/deportes-caudete-extreme-circuito\/"]}]},{"@type":"ImageObject","inLanguage":"es","@id":"https:\/\/www.caudete.org\/ayuntamiento\/deportes-caudete-extreme-circuito\/#primaryimage","url":"https:\/\/www.caudete.org\/ayuntamiento\/wp-content\/uploads\/2022\/01\/Plano-circuito-caudetecorto.jpg","contentUrl":"https:\/\/www.caudete.org\/ayuntamiento\/wp-content\/uploads\/2022\/01\/Plano-circuito-caudetecorto.jpg","width":1366,"height":768},{"@type":"BreadcrumbList","@id":"https:\/\/www.caudete.org\/ayuntamiento\/deportes-caudete-extreme-circuito\/#breadcrumb","itemListElement":[{"@type":"ListItem","position":1,"name":"Inicio","item":"https:\/\/www.caudete.org\/ayuntamiento\/"},{"@type":"ListItem","position":2,"name":"Deportes &#8211; Caudete Extreme &#8211; Circuito"}]},{"@type":"WebSite","@id":"https:\/\/www.caudete.org\/ayuntamiento\/#website","url":"https:\/\/www.caudete.org\/ayuntamiento\/","name":"MI Ayuntamiento de Caudete","description":"P\u00e1gina Oficial del MI Ayuntamiento de Caudete","publisher":{"@id":"https:\/\/www.caudete.org\/ayuntamiento\/#organization"},"potentialAction":[{"@type":"SearchAction","target":{"@type":"EntryPoint","urlTemplate":"https:\/\/www.caudete.org\/ayuntamiento\/?s={search_term_string}"},"query-input":{"@type":"PropertyValueSpecification","valueRequired":true,"valueName":"search_term_string"}}],"inLanguage":"es"},{"@type":"Organization","@id":"https:\/\/www.caudete.org\/ayuntamiento\/#organization","name":"Ayuntamiento de Caudete","url":"https:\/\/www.caudete.org\/ayuntamiento\/","logo":{"@type":"ImageObject","inLanguage":"es","@id":"https:\/\/www.caudete.org\/ayuntamiento\/#\/schema\/logo\/image\/","url":"https:\/\/www.caudete.org\/ayuntamiento\/wp-content\/uploads\/2020\/11\/logo_ayuntamiento_caudete.jpg","contentUrl":"https:\/\/www.caudete.org\/ayuntamiento\/wp-content\/uploads\/2020\/11\/logo_ayuntamiento_caudete.jpg","width":600,"height":150,"caption":"Ayuntamiento de Caudete"},"image":{"@id":"https:\/\/www.caudete.org\/ayuntamiento\/#\/schema\/logo\/image\/"},"sameAs":["https:\/\/www.facebook.com\/ayuntamientocaudete\/","https:\/\/www.youtube.com\/channel\/UC6VztHaooNsGpw-tNoBEFnQ"]}]}},"_links":{"self":[{"href":"https:\/\/www.caudete.org\/ayuntamiento\/wp-json\/wp\/v2\/pages\/12539","targetHints":{"allow":["GET"]}}],"collection":[{"href":"https:\/\/www.caudete.org\/ayuntamiento\/wp-json\/wp\/v2\/pages"}],"about":[{"href":"https:\/\/www.caudete.org\/ayuntamiento\/wp-json\/wp\/v2\/types\/page"}],"author":[{"embeddable":true,"href":"https:\/\/www.caudete.org\/ayuntamiento\/wp-json\/wp\/v2\/users\/1"}],"replies":[{"embeddable":true,"href":"https:\/\/www.caudete.org\/ayuntamiento\/wp-json\/wp\/v2\/comments?post=12539"}],"version-history":[{"count":13,"href":"https:\/\/www.caudete.org\/ayuntamiento\/wp-json\/wp\/v2\/pages\/12539\/revisions"}],"predecessor-version":[{"id":17926,"href":"https:\/\/www.caudete.org\/ayuntamiento\/wp-json\/wp\/v2\/pages\/12539\/revisions\/17926"}],"wp:attachment":[{"href":"https:\/\/www.caudete.org\/ayuntamiento\/wp-json\/wp\/v2\/media?parent=12539"}],"wp:term":[{"taxonomy":"category","embeddable":true,"href":"https:\/\/www.caudete.org\/ayuntamiento\/wp-json\/wp\/v2\/categories?post=12539"},{"taxonomy":"post_tag","embeddable":true,"href":"https:\/\/www.caudete.org\/ayuntamiento\/wp-json\/wp\/v2\/tags?post=12539"}],"curies":[{"name":"wp","href":"https:\/\/api.w.org\/{rel}","templated":true}]}}