{"id":12559,"date":"2021-03-01T13:43:55","date_gmt":"2021-03-01T12:43:55","guid":{"rendered":"https:\/\/www.caudete.org\/ayuntamiento\/?page_id=12559"},"modified":"2025-12-03T14:04:02","modified_gmt":"2025-12-03T13:04:02","slug":"deportes-san-silvestre-reglamento","status":"publish","type":"page","link":"https:\/\/www.caudete.org\/ayuntamiento\/deportes-san-silvestre-reglamento\/","title":{"rendered":"Deportes &#8211; San Silvestre &#8211; Reglamento"},"content":{"rendered":"<p><strong>Art\u00edculo 1.- <\/strong>La organizaci\u00f3n de la San Silvestre Caudetana corresponde\u00a0\u00a0 a la Concejal\u00eda de Deportes del M.I. Ayuntamiento de Caudete y al Club de Atletismo Antonio Amor\u00f3s, junto con la colaboraci\u00f3n de C\u00e1ritas Caudete, y con la especial implicaci\u00f3n de Protecci\u00f3n Civil Caudete. Podr\u00e1n participar todas las personas independientemente de su sexo, raza o edad. La prueba tendr\u00e1 lugar el s\u00e1bado 27 de diciembre de 2025 a las 19:00 horas.<\/p>\n<p><strong>Art\u00edculo 2<\/strong>.-El recorrido tendr\u00e1 una distancia total de 3.400 m.<\/p>\n<p><strong>Art\u00edculo 3<\/strong>.- La prueba se realizar\u00e1 sobre circuito urbano con salida y meta en la Plaza del Carmen. Las zonas t\u00e9cnicas y de servicios quedar\u00e1n ubicadas en la Plaza del Carmen.<\/p>\n<p><strong>Art\u00edculo 4<\/strong>.- El recorrido estar\u00e1 debidamente se\u00f1alizado y cerrado al tr\u00e1fico.<\/p>\n<p><strong>Art\u00edculo 5<\/strong>.- La descalificaci\u00f3n de un atleta en la prueba supone no optar a los premios de la misma. Puede ser por los siguientes motivos.<\/p>\n<p>&#8211; Por deterioro f\u00edsico del atleta.<br \/>\n&#8211; No llevar el dorsal perfectamente colocado en toda su extensi\u00f3n (en el pecho durante todo el recorrido) hasta su entrada a Meta.<br \/>\n&#8211; No atender las indicaciones de la Organizaci\u00f3n o jueces.<br \/>\n&#8211; Entrar fuera de control; previamente establecido.<br \/>\n&#8211; No inscribirse en la prueba y participar en la misma.<br \/>\n&#8211; No realizar el recorrido completo.<br \/>\n&#8211; Correr con el dorsal de otra persona.<br \/>\n&#8211; Por conductas antideportivas o contra el medio ambiente o el patrimonio municipal.<\/p>\n<p><strong>Art\u00edculo 6. <\/strong>Procedimiento ante una descalificaci\u00f3n:<\/p>\n<ul>\n<li>Se establece un plazo de 5 d\u00edas h\u00e1biles a partir de la celebraci\u00f3n de la prueba, para interponer cualquier reclamaci\u00f3n o denuncia. Dicha reclamaci\u00f3n se efectuar\u00e1 por escrito ante el Comit\u00e9 de Competici\u00f3n de la Prueba, por cualquier medio admitido en derecho.<\/li>\n<li>Examinada la denuncia y si el Comit\u00e9 lo estima oportuno, se dar\u00e1 traslado al interesado, dando el plazo improrrogable de 5 d\u00edas h\u00e1biles siguientes a la recepci\u00f3n, para que \u00e9ste conteste a dicho tr\u00e1mite de alegaciones, aportando cuantas pruebas considere oportunas.<\/li>\n<li>Transcurrido dicho plazo, con o sin presentaci\u00f3n de alegaciones, el Comit\u00e9 resolver\u00e1 lo que proceda, siendo su decisi\u00f3n \u00fanica e inapelable.<\/li>\n<li>El Comit\u00e9 se reserva el derecho de actuar de oficio cuando concurran causas excepcionales que as\u00ed lo aconsejen, siendo el tr\u00e1mite el mismo que para las reclamaciones o sanciones.<\/li>\n<\/ul>\n<p><strong>Art\u00edculo 7<\/strong>.- La organizaci\u00f3n se reserva la facultad de que, comprobada cualquier irregularidad, como falsificaci\u00f3n de datos, no completar el recorrido, etc, impedir la participaci\u00f3n en ediciones sucesivas, as\u00ed como comunicarlo al resto de organizaciones nacionales.<\/p>\n<p><strong>Art\u00edculo 8<\/strong>.- Los \u00fanicos veh\u00edculos autorizados a seguir la prueba son los designados por la Organizaci\u00f3n. Queda totalmente prohibido seguir a los corredores en cualquier veh\u00edculo no autorizado.<\/p>\n<p><strong>Art\u00edculo 9<\/strong>.- Las inscripciones se podr\u00e1n realizar hasta el jueves 25 de diciembre del 2025 o al llegar a los 450 inscritos<\/p>\n<p>A la retirada del dorsal se solicitar\u00e1 el D.N.I o documento an\u00e1logo.<\/p>\n<p><strong>Art\u00edculo 10<\/strong>.- La entrega de dorsales se efectuar\u00e1 en la Plaza del Carmen el s\u00e1bado 27 de diciembre de 17:30h a 19:00h.<\/p>\n<p><strong>Art\u00edculo 11<\/strong>.- Para lo no previsto en este reglamento ser\u00e1 resuelto con arreglo a los reglamentos de la I.A.A.F. y de la R.F.E.A.<\/p>\n<p><strong>Art\u00edculo 12<\/strong>.- La organizaci\u00f3n dispone de un seguro de responsabilidad civil. Asimismo la organizaci\u00f3n estar\u00e1 cubierta por un seguro de accidentes que cubrir\u00e1 los accidentes deportivos que se produzcan como consecuencia directa del desarrollo de la prueba, y nunca como derivaci\u00f3n de un padecimiento o tara latente, imprudencia, negligencia, inobservancia de las leyes y del articulado del reglamento&#8230;, ni las producidas en los desplazamientos hasta el lugar en que se desarrolle la prueba.<\/p>\n<p><strong>Art\u00edculo 13<\/strong>.- Una vez la inscripci\u00f3n sea aceptada, la cuota de inscripci\u00f3n no ser\u00e1 reembolsada, excepto en los siguientes casos:<\/p>\n<p>*Porque la prueba no se desarrolle.<\/p>\n<p>*Por no haber participado en la prueba al estar cubierto el cupo de participantes.<\/p>\n<p>*Por ingresos indebidos como consecuencia de errores de pago.<\/p>\n<p><strong>Art\u00edculo 14<\/strong>.- Todo atleta por el mero hecho de su inscripci\u00f3n, conoce y acepta todas las normas de reglamentos de esta competici\u00f3n y reconoce que se encuentra en perfectas condiciones f\u00edsicas, no padeciendo ninguna enfermedad que suponga riesgo para su persona o le incapacite para su participaci\u00f3n. De igual modo se hace responsable de los da\u00f1os que pudiera ocasionarse por su participaci\u00f3n.<\/p>\n<p><strong>Art\u00edculo 15<\/strong>: Todos los participantes, por el hecho de inscribirse, declaran conocer y aceptar el presente Reglamento y el Pliego de Descargo de Responsabilidades y Protecci\u00f3n de Datos. En caso de duda prevalecer\u00e1 el criterio de la Organizaci\u00f3n.<\/p>\n<p><strong>Art\u00edculo 16: Autorizaci\u00f3n protecci\u00f3n de datos<\/strong><\/p>\n<p>De acuerdo con el art\u00edculo 18.1 de la Constituci\u00f3n y la regulaci\u00f3n establecida en la Ley 1\/1982 sobre el derecho al honor, a la intimidad personal y familiar y a la propia imagen, el participante autoriza la captaci\u00f3n de im\u00e1genes en fotograf\u00eda o v\u00eddeo durante el transcurso de las actividades en las que participa, y a que \u00e9stas puedan ser reproducidas y difundidas por la entidad organizadora, propietaria o gestora con la finalidad informativa, docente, divulgativa o publicitaria en folletos, revistas, libros u otras publicaciones, v\u00eddeos, webs o redes sociales de la propia entidad o de entidades o asociaciones dependientes o relacionadas con ella, renunciando a cualquier compensaci\u00f3n econ\u00f3mica o indemnizaci\u00f3n a la que pudiera tener derecho.<\/p>\n<p>De conformidad con la normativa vigente en Protecci\u00f3n de Datos, se informa a los usuarios que los datos de car\u00e1cter personal que faciliten ser\u00e1n incorporados al sistema de tratamiento titularidad del Ayuntamiento de Caudete (en adelante, Ayuntamiento) con CIF P0202500E y domicilio social sito en C\/ Mayor, 2\u00a0 con la finalidad de gestionar, administrar, ampliar y mejorar los servicios prestados, para el env\u00edo por medios tradicionales y electr\u00f3nicos de informaci\u00f3n t\u00e9cnica, operativa y comercial acerca de productos y servicios que puedan resultar de inter\u00e9s a los usuarios. De igual modo el participante autoriza la cesi\u00f3n de datos de car\u00e1cter personal a terceros autorizados por el M.I. Ayuntamiento de Caudete. En cumplimiento con la normativa vigente, el Ayuntamiento informa que los datos ser\u00e1n conservados durante el plazo estrictamente necesario para cumplir con los fines indicados. Mientras los usuarios no nos comuniquen lo contrario, entenderemos que los datos no han sido modificados, que se comprometen a notificarnos cualquier variaci\u00f3n y que tenemos su consentimiento para utilizarlos para las finalidades mencionadas. El Ayuntamiento informa que proceder\u00e1 a tratar los datos de manera l\u00edcita, leal, transparente, limitada, adecuada, pertinente, exacta y actualizada. Es por ello por lo que el Ayuntamiento se compromete a adoptar todas las medidas razonables para que \u00e9stos se supriman o rectifiquen sin dilaci\u00f3n cuando sean inexactos.<\/p>\n<p>De acuerdo con los derechos que confiere la normativa vigente en Protecci\u00f3n de Datos, los usuarios podr\u00e1n ejercer los derechos de acceso, rectificaci\u00f3n, supresi\u00f3n, limitaci\u00f3n de tratamiento, portabilidad y oposici\u00f3n al tratamiento de sus datos de car\u00e1cter personal, as\u00ed como del consentimiento prestado para el tratamiento de \u00e9stos, dirigiendo su petici\u00f3n a la direcci\u00f3n postal m\u00e1s arriba referenciada o al correo electr\u00f3nico <a href=\"mailto:administracion@deportes.caudete.org\" target=\"_blank\" rel=\"nofollow\">administracion@deportes.caudete.org<\/a>.\u00a0 Los usuarios podr\u00e1n dirigirse a la Autoridad de Control competente para presentar las reclamaciones que consideren oportunas.<\/p>\n<p><strong>Art\u00edculo 17: Asunci\u00f3n de riesgos<\/strong><\/p>\n<p>El participante conoce la pol\u00edtica y procedimientos establecidos por la Concejal\u00eda de Deportes del Ayuntamiento de Caudete y tiene la oportunidad de hablar de sus necesidades espec\u00edficas en relaci\u00f3n con la pr\u00e1ctica de ejercicio f\u00edsico, y por tanto, voluntariamente\u00a0 solicita el derecho a participar en esta actividad deportiva. Adem\u00e1s, en consideraci\u00f3n con los factores anteriores, reconozce la existencia de riesgos relacionados con la pr\u00e1ctica del ejercicio f\u00edsico, asumiendo los riesgos y aceptando las responsabilidades por cualquier lesi\u00f3n sufrida durante la participaci\u00f3n en la actividad. M\u00e1s espec\u00edficamente, reconoce y acepta la responsabilidad por las lesiones que pueda sufrir en esas actividades que implican riesgo en cualquiera de las siguientes \u00e1reas:<\/p>\n<ul>\n<li>En el uso del equipamiento y materiales del programa.<\/li>\n<li>La participaci\u00f3n en actividades de grupo\/individual relacionadas con el ejercicio f\u00edsico y la actividad.<\/li>\n<li>Incidentes que ocurran en los espacios por donde trascurre el evento.<\/li>\n<\/ul>\n<p>Adem\u00e1s, el participante es conocedor de la importancia de someterme a un reconocimiento m\u00e9dico antes de iniciar o progresar en un programa de ejercicio f\u00edsico en relaci\u00f3n con la aptitud para la pr\u00e1ctica de ejercicio f\u00edsico y de los inconvenientes de su pr\u00e1ctica.<\/p>\n<p>La participaci\u00f3n en el evento implica que el corredor conoce perfectamente los riesgos y acepta toda la responsabilidad por exposici\u00f3n a los mismos, eximiendo al Ayuntamiento de Caudete, empleados, representantes, ejecutores y a cualquier otra persona.<\/p>\n<p>En las dependencias del \u00c1rea de Deportes existe informaci\u00f3n detallada a disposici\u00f3n del usuario que lo solicite sobre los beneficios y riesgos de la pr\u00e1ctica deportiva y el ejercicio f\u00edsico.<\/p>\n<p><strong>\u00a0<\/strong><strong>PLIEGO DE DESCARGO DE RESPONSABILIDADES Y PROTECCI\u00d3N<\/strong><\/p>\n<p>Por el s\u00f3lo hecho de inscribirse, el participante declara lo siguiente: \u201cMe encuentro en estado de salud \u00f3ptimo para participar en la XIII San Silvestre Caudetana 2025. Adem\u00e1s, eximo de toda responsabilidad a la Organizaci\u00f3n, patrocinadores u otras instituciones participantes ante cualquier accidente o lesi\u00f3n que pudiera sufrir antes, durante y\/o despu\u00e9s del evento deportivo, renunciando desde ya a cualquier acci\u00f3n legal contra de cualquiera de dichas entidades.<\/p>\n<p>Durante el desarrollo de la competici\u00f3n contribuir\u00e9 en lo posible con la Organizaci\u00f3n, para evitar accidentes personales.<\/p>\n<p>Autorizo adem\u00e1s a que la Organizaci\u00f3n haga uso publicitario de fotos, videos y cualquier otro tipo de material audiovisual en el que pueda figurar, aceptando la publicaci\u00f3n de mi nombre en la clasificaci\u00f3n de la prueba, en los medios de comunicaci\u00f3n y\/o Internet, sin esperar pago, compensaci\u00f3n o retribuci\u00f3n alguna por este concepto, salvo petici\u00f3n expresa por parte del corredor para que su imagen no sea utilizada en ning\u00fan medio de difusi\u00f3n oficial del circuito.<\/p>\n<p><strong>\u00a0<\/strong><strong>\u00a0<\/strong><\/p>\n<p><strong>CL\u00c1USULAS ADICIONALES<\/strong><\/p>\n<p><strong>Primera: <\/strong>La organizaci\u00f3n se reserva la potestad de cambiar los recorridos definidos, servicios ofertados o modificar el reglamento, circunstancias que ser\u00e1n comunicadas a los participantes.<\/p>\n<p><strong>Segunda: <\/strong>La organizaci\u00f3n de la Prueba declina toda responsabilidad de los da\u00f1os que los atletas pudieran ocasionar, ocasionarse o derivasen de la participaci\u00f3n de \u00e9stos en las pruebas.<\/p>\n<p><strong>Tercera: <\/strong>La inscripci\u00f3n a la Prueba supone la autorizaci\u00f3n para el uso de cualquier imagen del corredor en el entorno de la prueba salvo petici\u00f3n expresa por parte del corredor para que su imagen no sea utilizada en ning\u00fan medio de difusi\u00f3n oficial del circuito.<\/p>\n<p><strong>Todos los atletas inscritos aceptan el presente Reglamento.<\/strong><\/p>\n","protected":false},"excerpt":{"rendered":"<p>Art\u00edculo 1.- La organizaci\u00f3n de la San Silvestre Caudetana corresponde\u00a0\u00a0 a la Concejal\u00eda de Deportes del M.I. Ayuntamiento de Caudete y al Club de Atletismo Antonio Amor\u00f3s, junto con la colaboraci\u00f3n de C\u00e1ritas Caudete, y con la especial implicaci\u00f3n de Protecci\u00f3n Civil Caudete. Podr\u00e1n participar todas las personas independientemente de su sexo, raza o edad. &hellip;<\/p>\n","protected":false},"author":1,"featured_media":0,"parent":0,"menu_order":0,"comment_status":"closed","ping_status":"closed","template":"","meta":{"ngg_post_thumbnail":0,"footnotes":""},"categories":[122],"tags":[],"class_list":["post-12559","page","type-page","status-publish","hentry","category-deportes-2"],"yoast_head":"<!-- This site is optimized with the Yoast SEO plugin v27.4 - https:\/\/yoast.com\/product\/yoast-seo-wordpress\/ -->\n<title>Deportes - San Silvestre - Reglamento - MI Ayuntamiento de Caudete<\/title>\n<meta name=\"description\" content=\"P\u00e1gina Oficial del Ayuntamiento de Caudete (Albacete)\" \/>\n<meta name=\"robots\" content=\"index, follow, max-snippet:-1, max-image-preview:large, max-video-preview:-1\" \/>\n<link rel=\"canonical\" href=\"https:\/\/www.caudete.org\/ayuntamiento\/deportes-san-silvestre-reglamento\/\" \/>\n<meta property=\"og:locale\" content=\"es_ES\" \/>\n<meta property=\"og:type\" content=\"article\" \/>\n<meta property=\"og:title\" content=\"Deportes - San Silvestre - Reglamento - MI Ayuntamiento de Caudete\" \/>\n<meta property=\"og:description\" content=\"P\u00e1gina Oficial del Ayuntamiento de Caudete (Albacete)\" \/>\n<meta property=\"og:url\" content=\"https:\/\/www.caudete.org\/ayuntamiento\/deportes-san-silvestre-reglamento\/\" \/>\n<meta property=\"og:site_name\" content=\"MI Ayuntamiento de Caudete\" \/>\n<meta property=\"article:publisher\" content=\"https:\/\/www.facebook.com\/ayuntamientocaudete\/\" \/>\n<meta property=\"article:modified_time\" content=\"2025-12-03T13:04:02+00:00\" \/>\n<meta name=\"twitter:card\" content=\"summary_large_image\" \/>\n<meta name=\"twitter:label1\" content=\"Tiempo de lectura\" \/>\n\t<meta name=\"twitter:data1\" content=\"8 minutos\" \/>\n<script type=\"application\/ld+json\" class=\"yoast-schema-graph\">{\"@context\":\"https:\\\/\\\/schema.org\",\"@graph\":[{\"@type\":\"WebPage\",\"@id\":\"https:\\\/\\\/www.caudete.org\\\/ayuntamiento\\\/deportes-san-silvestre-reglamento\\\/\",\"url\":\"https:\\\/\\\/www.caudete.org\\\/ayuntamiento\\\/deportes-san-silvestre-reglamento\\\/\",\"name\":\"Deportes - San Silvestre - Reglamento - MI Ayuntamiento de Caudete\",\"isPartOf\":{\"@id\":\"https:\\\/\\\/www.caudete.org\\\/ayuntamiento\\\/#website\"},\"datePublished\":\"2021-03-01T12:43:55+00:00\",\"dateModified\":\"2025-12-03T13:04:02+00:00\",\"description\":\"P\u00e1gina Oficial del Ayuntamiento de Caudete (Albacete)\",\"breadcrumb\":{\"@id\":\"https:\\\/\\\/www.caudete.org\\\/ayuntamiento\\\/deportes-san-silvestre-reglamento\\\/#breadcrumb\"},\"inLanguage\":\"es\",\"potentialAction\":[{\"@type\":\"ReadAction\",\"target\":[\"https:\\\/\\\/www.caudete.org\\\/ayuntamiento\\\/deportes-san-silvestre-reglamento\\\/\"]}]},{\"@type\":\"BreadcrumbList\",\"@id\":\"https:\\\/\\\/www.caudete.org\\\/ayuntamiento\\\/deportes-san-silvestre-reglamento\\\/#breadcrumb\",\"itemListElement\":[{\"@type\":\"ListItem\",\"position\":1,\"name\":\"Inicio\",\"item\":\"https:\\\/\\\/www.caudete.org\\\/ayuntamiento\\\/\"},{\"@type\":\"ListItem\",\"position\":2,\"name\":\"Deportes &#8211; San Silvestre &#8211; Reglamento\"}]},{\"@type\":\"WebSite\",\"@id\":\"https:\\\/\\\/www.caudete.org\\\/ayuntamiento\\\/#website\",\"url\":\"https:\\\/\\\/www.caudete.org\\\/ayuntamiento\\\/\",\"name\":\"MI Ayuntamiento de Caudete\",\"description\":\"P\u00e1gina Oficial del MI Ayuntamiento de Caudete\",\"publisher\":{\"@id\":\"https:\\\/\\\/www.caudete.org\\\/ayuntamiento\\\/#organization\"},\"potentialAction\":[{\"@type\":\"SearchAction\",\"target\":{\"@type\":\"EntryPoint\",\"urlTemplate\":\"https:\\\/\\\/www.caudete.org\\\/ayuntamiento\\\/?s={search_term_string}\"},\"query-input\":{\"@type\":\"PropertyValueSpecification\",\"valueRequired\":true,\"valueName\":\"search_term_string\"}}],\"inLanguage\":\"es\"},{\"@type\":\"Organization\",\"@id\":\"https:\\\/\\\/www.caudete.org\\\/ayuntamiento\\\/#organization\",\"name\":\"Ayuntamiento de Caudete\",\"url\":\"https:\\\/\\\/www.caudete.org\\\/ayuntamiento\\\/\",\"logo\":{\"@type\":\"ImageObject\",\"inLanguage\":\"es\",\"@id\":\"https:\\\/\\\/www.caudete.org\\\/ayuntamiento\\\/#\\\/schema\\\/logo\\\/image\\\/\",\"url\":\"https:\\\/\\\/www.caudete.org\\\/ayuntamiento\\\/wp-content\\\/uploads\\\/2020\\\/11\\\/logo_ayuntamiento_caudete.jpg\",\"contentUrl\":\"https:\\\/\\\/www.caudete.org\\\/ayuntamiento\\\/wp-content\\\/uploads\\\/2020\\\/11\\\/logo_ayuntamiento_caudete.jpg\",\"width\":600,\"height\":150,\"caption\":\"Ayuntamiento de Caudete\"},\"image\":{\"@id\":\"https:\\\/\\\/www.caudete.org\\\/ayuntamiento\\\/#\\\/schema\\\/logo\\\/image\\\/\"},\"sameAs\":[\"https:\\\/\\\/www.facebook.com\\\/ayuntamientocaudete\\\/\",\"https:\\\/\\\/www.youtube.com\\\/channel\\\/UC6VztHaooNsGpw-tNoBEFnQ\"]}]}<\/script>\n<!-- \/ Yoast SEO plugin. -->","yoast_head_json":{"title":"Deportes - San Silvestre - Reglamento - MI Ayuntamiento de Caudete","description":"P\u00e1gina Oficial del Ayuntamiento de Caudete (Albacete)","robots":{"index":"index","follow":"follow","max-snippet":"max-snippet:-1","max-image-preview":"max-image-preview:large","max-video-preview":"max-video-preview:-1"},"canonical":"https:\/\/www.caudete.org\/ayuntamiento\/deportes-san-silvestre-reglamento\/","og_locale":"es_ES","og_type":"article","og_title":"Deportes - San Silvestre - Reglamento - MI Ayuntamiento de Caudete","og_description":"P\u00e1gina Oficial del Ayuntamiento de Caudete (Albacete)","og_url":"https:\/\/www.caudete.org\/ayuntamiento\/deportes-san-silvestre-reglamento\/","og_site_name":"MI Ayuntamiento de Caudete","article_publisher":"https:\/\/www.facebook.com\/ayuntamientocaudete\/","article_modified_time":"2025-12-03T13:04:02+00:00","twitter_card":"summary_large_image","twitter_misc":{"Tiempo de lectura":"8 minutos"},"schema":{"@context":"https:\/\/schema.org","@graph":[{"@type":"WebPage","@id":"https:\/\/www.caudete.org\/ayuntamiento\/deportes-san-silvestre-reglamento\/","url":"https:\/\/www.caudete.org\/ayuntamiento\/deportes-san-silvestre-reglamento\/","name":"Deportes - San Silvestre - Reglamento - MI Ayuntamiento de Caudete","isPartOf":{"@id":"https:\/\/www.caudete.org\/ayuntamiento\/#website"},"datePublished":"2021-03-01T12:43:55+00:00","dateModified":"2025-12-03T13:04:02+00:00","description":"P\u00e1gina Oficial del Ayuntamiento de Caudete (Albacete)","breadcrumb":{"@id":"https:\/\/www.caudete.org\/ayuntamiento\/deportes-san-silvestre-reglamento\/#breadcrumb"},"inLanguage":"es","potentialAction":[{"@type":"ReadAction","target":["https:\/\/www.caudete.org\/ayuntamiento\/deportes-san-silvestre-reglamento\/"]}]},{"@type":"BreadcrumbList","@id":"https:\/\/www.caudete.org\/ayuntamiento\/deportes-san-silvestre-reglamento\/#breadcrumb","itemListElement":[{"@type":"ListItem","position":1,"name":"Inicio","item":"https:\/\/www.caudete.org\/ayuntamiento\/"},{"@type":"ListItem","position":2,"name":"Deportes &#8211; San Silvestre &#8211; Reglamento"}]},{"@type":"WebSite","@id":"https:\/\/www.caudete.org\/ayuntamiento\/#website","url":"https:\/\/www.caudete.org\/ayuntamiento\/","name":"MI Ayuntamiento de Caudete","description":"P\u00e1gina Oficial del MI Ayuntamiento de Caudete","publisher":{"@id":"https:\/\/www.caudete.org\/ayuntamiento\/#organization"},"potentialAction":[{"@type":"SearchAction","target":{"@type":"EntryPoint","urlTemplate":"https:\/\/www.caudete.org\/ayuntamiento\/?s={search_term_string}"},"query-input":{"@type":"PropertyValueSpecification","valueRequired":true,"valueName":"search_term_string"}}],"inLanguage":"es"},{"@type":"Organization","@id":"https:\/\/www.caudete.org\/ayuntamiento\/#organization","name":"Ayuntamiento de Caudete","url":"https:\/\/www.caudete.org\/ayuntamiento\/","logo":{"@type":"ImageObject","inLanguage":"es","@id":"https:\/\/www.caudete.org\/ayuntamiento\/#\/schema\/logo\/image\/","url":"https:\/\/www.caudete.org\/ayuntamiento\/wp-content\/uploads\/2020\/11\/logo_ayuntamiento_caudete.jpg","contentUrl":"https:\/\/www.caudete.org\/ayuntamiento\/wp-content\/uploads\/2020\/11\/logo_ayuntamiento_caudete.jpg","width":600,"height":150,"caption":"Ayuntamiento de Caudete"},"image":{"@id":"https:\/\/www.caudete.org\/ayuntamiento\/#\/schema\/logo\/image\/"},"sameAs":["https:\/\/www.facebook.com\/ayuntamientocaudete\/","https:\/\/www.youtube.com\/channel\/UC6VztHaooNsGpw-tNoBEFnQ"]}]}},"_links":{"self":[{"href":"https:\/\/www.caudete.org\/ayuntamiento\/wp-json\/wp\/v2\/pages\/12559","targetHints":{"allow":["GET"]}}],"collection":[{"href":"https:\/\/www.caudete.org\/ayuntamiento\/wp-json\/wp\/v2\/pages"}],"about":[{"href":"https:\/\/www.caudete.org\/ayuntamiento\/wp-json\/wp\/v2\/types\/page"}],"author":[{"embeddable":true,"href":"https:\/\/www.caudete.org\/ayuntamiento\/wp-json\/wp\/v2\/users\/1"}],"replies":[{"embeddable":true,"href":"https:\/\/www.caudete.org\/ayuntamiento\/wp-json\/wp\/v2\/comments?post=12559"}],"version-history":[{"count":26,"href":"https:\/\/www.caudete.org\/ayuntamiento\/wp-json\/wp\/v2\/pages\/12559\/revisions"}],"predecessor-version":[{"id":31746,"href":"https:\/\/www.caudete.org\/ayuntamiento\/wp-json\/wp\/v2\/pages\/12559\/revisions\/31746"}],"wp:attachment":[{"href":"https:\/\/www.caudete.org\/ayuntamiento\/wp-json\/wp\/v2\/media?parent=12559"}],"wp:term":[{"taxonomy":"category","embeddable":true,"href":"https:\/\/www.caudete.org\/ayuntamiento\/wp-json\/wp\/v2\/categories?post=12559"},{"taxonomy":"post_tag","embeddable":true,"href":"https:\/\/www.caudete.org\/ayuntamiento\/wp-json\/wp\/v2\/tags?post=12559"}],"curies":[{"name":"wp","href":"https:\/\/api.w.org\/{rel}","templated":true}]}}