{"id":15519,"date":"2021-07-27T13:31:32","date_gmt":"2021-07-27T11:31:32","guid":{"rendered":"https:\/\/www.caudete.org\/ayuntamiento\/?page_id=15519"},"modified":"2021-09-01T18:59:10","modified_gmt":"2021-09-01T16:59:10","slug":"bienestar-social-e-igualdad-centro-municipal-de-servicios-sociales","status":"publish","type":"page","link":"https:\/\/www.caudete.org\/ayuntamiento\/bienestar-social-e-igualdad-centro-municipal-de-servicios-sociales\/","title":{"rendered":"Bienestar Social e Igualdad &#8211; Centro Municipal de Servicios Sociales"},"content":{"rendered":"<p><img fetchpriority=\"high\" decoding=\"async\" class=\"aligncenter wp-image-15625\" src=\"https:\/\/www.caudete.org\/ayuntamiento\/wp-content\/uploads\/2021\/07\/servicios_sociales.jpg\" alt=\"\" width=\"700\" height=\"270\" srcset=\"https:\/\/www.caudete.org\/ayuntamiento\/wp-content\/uploads\/2021\/07\/servicios_sociales.jpg 900w, https:\/\/www.caudete.org\/ayuntamiento\/wp-content\/uploads\/2021\/07\/servicios_sociales-300x116.jpg 300w, https:\/\/www.caudete.org\/ayuntamiento\/wp-content\/uploads\/2021\/07\/servicios_sociales-768x296.jpg 768w\" sizes=\"(max-width: 700px) 100vw, 700px\" \/><\/p>\n<hr>\n<p style=\"text-align: justify;\">Los Servicios Sociales son un conjunto de servicios y actuaciones orientados a promover el bienestar social, prevenir las situaciones de riesgo y compensar la falta de apoyo social en situaciones de dependencia, vulnerabilidad social o exclusi\u00f3n.<\/p>\n<p style=\"text-align: justify;\">El Centro Municipal de Servicios Sociales est\u00e1 situado en la Calle Paracuellos de la Vega, 3 y su horario de atenci\u00f3n presencial y telef\u00f3nica es de<strong> 9:00 a 14:00 horas<\/strong>.<\/p>\n<p style=\"text-align: justify;\">\u2022 Tel\u00e9fono: <strong>96 582 79 33<\/strong><br \/>\n\u2022 Correo electr\u00f3nico: <a href=\"mailto:informacion@serviciossociales.caudete.org\" target=\"_blank\" rel=\"nofollow\">informacion@serviciossociales.caudete.org<\/a><\/p>\n<hr>\n<p style=\"text-align: justify;\"><strong>Prestamos los siguientes servicios:<\/strong><\/p>\n<h2 style=\"text-align: justify;\">PROGRAMA DE APOYO PERSONAL Y ATENCI\u00d3N INDIVIDUALIZADA<\/h2>\n<p><a href=\"https:\/\/www.caudete.org\/ayuntamiento\/wp-content\/uploads\/2021\/09\/despacho.jpg\" rel='prettyPhoto'><img decoding=\"async\" class=\"aligncenter size-full wp-image-15940\" src=\"https:\/\/www.caudete.org\/ayuntamiento\/wp-content\/uploads\/2021\/09\/despacho.jpg\" alt=\"\" width=\"1024\" height=\"546\" srcset=\"https:\/\/www.caudete.org\/ayuntamiento\/wp-content\/uploads\/2021\/09\/despacho.jpg 1024w, https:\/\/www.caudete.org\/ayuntamiento\/wp-content\/uploads\/2021\/09\/despacho-300x160.jpg 300w, https:\/\/www.caudete.org\/ayuntamiento\/wp-content\/uploads\/2021\/09\/despacho-768x410.jpg 768w\" sizes=\"(max-width: 1024px) 100vw, 1024px\" \/><\/a><\/p>\n<p style=\"text-align: justify;\">Facilita a la ciudadan\u00eda conocimiento y el acceso a los recursos sociales a trav\u00e9s de una relaci\u00f3n de la ayuda profesional en el abordaje de diferentes problem\u00e1ticas y necesidades. A su vez, ofrece la posibilidad de una atenci\u00f3n psicoterap\u00e9utica, para dar soporte y orientaci\u00f3n a cualquier persona o familia que muestre problemas de tipo interpersonal o psicol\u00f3gico.<\/p>\n<p style=\"text-align: justify;\"><strong>Acceso mediante cita previa<\/strong><\/p>\n<p style=\"text-align: justify;\">\u2022 I.V.O. \u2013 Lunes, martes, mi\u00e9rcoles y jueves, de 10:30 a 13:00 horas<br \/>\n\u2022 Atenci\u00f3n Psicoterape\u00fatica \u2013 Lunes, martes, mi\u00e9rcoles y jueves, de 8:00 a 14:00 horas<\/p>\n<h2 style=\"text-align: justify;\">PROGRAMA DE APOYO A LA FAMILIA O UNIDAD DE CONVIVENCIA<\/h2>\n<p><a href=\"https:\/\/www.caudete.org\/ayuntamiento\/wp-content\/uploads\/2021\/09\/manos_familia.jpg\" rel='prettyPhoto'><img decoding=\"async\" class=\"aligncenter size-full wp-image-15941\" src=\"https:\/\/www.caudete.org\/ayuntamiento\/wp-content\/uploads\/2021\/09\/manos_familia.jpg\" alt=\"\" width=\"1024\" height=\"560\" srcset=\"https:\/\/www.caudete.org\/ayuntamiento\/wp-content\/uploads\/2021\/09\/manos_familia.jpg 1024w, https:\/\/www.caudete.org\/ayuntamiento\/wp-content\/uploads\/2021\/09\/manos_familia-300x164.jpg 300w, https:\/\/www.caudete.org\/ayuntamiento\/wp-content\/uploads\/2021\/09\/manos_familia-768x420.jpg 768w\" sizes=\"(max-width: 1024px) 100vw, 1024px\" \/><\/a><\/p>\n<p style=\"text-align: justify;\">Es un programa socio-educativo destinado a asegurar que la familia pueda proporcionar al menor un entorno estable y seguro para su desarrollo personal, tanto f\u00edsico como ps\u00edquico, emocional y cognitivo, modificando aquellos factores que son o podr\u00edan ser causas del efecto contrario.<\/p>\n<p style=\"text-align: justify;\">La demanda puede proceder de la propia familia, del menor, as\u00ed como de profesionales del sistema educativo, sanitario, etc., entidades del tercer sector o de la propia vecindad.<\/p>\n<p style=\"text-align: justify;\"><strong>Atenci\u00f3n con cita previa, salvo urgencias sociales<\/strong><\/p>\n<p style=\"text-align: justify;\"><a href=\"https:\/\/infanciayfamilias.castillalamancha.es\/\" target=\"_blank\" rel=\"nofollow\">PORTAL DE INFANCIA Y FAMILIA CASTILLA LA MANCHA<\/a><\/p>\n<h2 style=\"text-align: justify;\">AYUDA A DOMICILIO Y TELEASISTENCIA<\/h2>\n<p><a href=\"https:\/\/www.caudete.org\/ayuntamiento\/wp-content\/uploads\/2021\/09\/manos_anciana.jpg\" rel='prettyPhoto'><img loading=\"lazy\" decoding=\"async\" class=\"size-full wp-image-15942 aligncenter\" src=\"https:\/\/www.caudete.org\/ayuntamiento\/wp-content\/uploads\/2021\/09\/manos_anciana.jpg\" alt=\"\" width=\"1024\" height=\"503\" srcset=\"https:\/\/www.caudete.org\/ayuntamiento\/wp-content\/uploads\/2021\/09\/manos_anciana.jpg 1024w, https:\/\/www.caudete.org\/ayuntamiento\/wp-content\/uploads\/2021\/09\/manos_anciana-300x147.jpg 300w, https:\/\/www.caudete.org\/ayuntamiento\/wp-content\/uploads\/2021\/09\/manos_anciana-768x377.jpg 768w\" sizes=\"(max-width: 1024px) 100vw, 1024px\" \/><\/a><\/p>\n<p style=\"text-align: justify;\">Destinado a atender las situaciones de dependencia que dificultan a la persona o unidad familiar desenvolverse con autonom\u00eda en su domicilio y entorno habitual, favoreciendo las condiciones necesarias que hagan posible la permanencia en su medio habitual de convivencia en las condiciones adecuadas.<\/p>\n<p style=\"text-align: justify;\">SERVICIO DE AYUDA A DOMICILIO | Tramitaci\u00f3n presencial<\/p>\n<p style=\"text-align: justify;\">COMIDA A DOMICILIO | Tramitaci\u00f3n presencial<\/p>\n<p style=\"text-align: justify;\">TELEASISTENCIA | Tramitaci\u00f3n presencial<\/p>\n<p style=\"text-align: justify;\"><a href=\"https:\/\/www.jccm.es\/tramitesygestiones\/servicio-de-teleasistencia\" target=\"_blank\" rel=\"nofollow\">SERVICIO DE TELEASISTENCIA<\/a><\/p>\n<h2 style=\"text-align: justify;\">INCLUSI\u00d3N SOCIAL (ETI)<\/h2>\n<p><a href=\"https:\/\/www.caudete.org\/ayuntamiento\/wp-content\/uploads\/2021\/09\/inclusion.jpg\" rel='prettyPhoto'><img loading=\"lazy\" decoding=\"async\" class=\"aligncenter size-full wp-image-15944\" src=\"https:\/\/www.caudete.org\/ayuntamiento\/wp-content\/uploads\/2021\/09\/inclusion.jpg\" alt=\"\" width=\"1024\" height=\"537\" srcset=\"https:\/\/www.caudete.org\/ayuntamiento\/wp-content\/uploads\/2021\/09\/inclusion.jpg 1024w, https:\/\/www.caudete.org\/ayuntamiento\/wp-content\/uploads\/2021\/09\/inclusion-300x157.jpg 300w, https:\/\/www.caudete.org\/ayuntamiento\/wp-content\/uploads\/2021\/09\/inclusion-768x403.jpg 768w\" sizes=\"(max-width: 1024px) 100vw, 1024px\" \/><\/a><\/p>\n<p style=\"text-align: justify;\">Es un programa destinado a potenciar los aprendizajes y habilidades sociales de las personas, familias y grupos que se encuentran en situaci\u00f3n o riesgo de exclusi\u00f3n social.<\/p>\n<p style=\"text-align: justify;\">&#8211; INTERVENCIONES INDIVIDUALIZADAS Y GRUPALES<br \/>\n&#8211; MEDIACI\u00d3N COMUNITARIA<\/p>\n<p style=\"text-align: justify;\">Colaboraci\u00f3n con entidades del tercer sector que desarrollan programas para favorecer la inclusi\u00f3n social.<\/p>\n<h2 style=\"text-align: justify;\">FOMENTO DE LA PARTICIPACI\u00d3N SOCIAL<\/h2>\n<p><a href=\"https:\/\/www.caudete.org\/ayuntamiento\/wp-content\/uploads\/2021\/09\/fomento.jpg\" rel='prettyPhoto'><img loading=\"lazy\" decoding=\"async\" class=\"aligncenter size-full wp-image-15945\" src=\"https:\/\/www.caudete.org\/ayuntamiento\/wp-content\/uploads\/2021\/09\/fomento.jpg\" alt=\"\" width=\"1024\" height=\"545\" srcset=\"https:\/\/www.caudete.org\/ayuntamiento\/wp-content\/uploads\/2021\/09\/fomento.jpg 1024w, https:\/\/www.caudete.org\/ayuntamiento\/wp-content\/uploads\/2021\/09\/fomento-300x160.jpg 300w, https:\/\/www.caudete.org\/ayuntamiento\/wp-content\/uploads\/2021\/09\/fomento-768x409.jpg 768w\" sizes=\"(max-width: 1024px) 100vw, 1024px\" \/><\/a><\/p>\n<ul>\n<li>Colaboraci\u00f3n con todo el entramado asociativo local (asociaciones sociales, sociosanitarias y de cooperaci\u00f3n internacional)<\/li>\n<li>Fomento del voluntariado y de acciones solidarias y de defensa de los Derechos Humanos en nuestro municipio<\/li>\n<\/ul>\n<h2>Listado de asociaciones locales<\/h2>\n<table width=\"1054\">\n<tbody>\n<tr>\n<td width=\"359\">PLATAFORMA DEL VOLUNTARIADO<\/td>\n<td width=\"410\"><a href=\"https:\/\/www.facebook.com\/voluntariado.caudete.9\/\" target=\"_blank\" rel=\"nofollow\">Facebook<\/a><\/td>\n<td width=\"284\">&nbsp;<\/td>\n<\/tr>\n<tr>\n<td width=\"359\">ACAFEM<\/td>\n<td width=\"410\"><a href=\"mailto:acafem@hotmail.com\" target=\"_blank\" rel=\"nofollow\">acafem@hotmail.com<\/a><\/td>\n<td width=\"284\">&nbsp;<\/td>\n<\/tr>\n<tr>\n<td width=\"359\">ADICA (diab\u00e9ticos)<\/td>\n<td width=\"410\"><a href=\"mailto:raul-esteve@hotmail.com\" target=\"_blank\" rel=\"nofollow\">raul-esteve@hotmail.com<\/a><\/td>\n<td width=\"284\">&nbsp;<\/td>\n<\/tr>\n<tr>\n<td width=\"359\">ALZHEIMER<\/td>\n<td width=\"410\"><a href=\"mailto:alzheimer@caudete.org\" target=\"_blank\" rel=\"nofollow\">alzheimer@caudete.org<\/a><\/td>\n<td width=\"284\">&nbsp;<\/td>\n<\/tr>\n<tr>\n<td width=\"359\">ARCA<\/td>\n<td width=\"410\"><a href=\"mailto:jmanuel334@msn.com\" target=\"_blank\" rel=\"nofollow\">jmanuel334@msn.com<\/a><\/td>\n<td width=\"284\">&nbsp;<\/td>\n<\/tr>\n<tr>\n<td width=\"359\">ASPRONA (discapacidad intelectual)<\/td>\n<td width=\"410\"><a href=\"mailto:aspronacaudete@hotmail.com\" target=\"_blank\" rel=\"nofollow\">aspronacaudete@hotmail.com<\/a><\/td>\n<td width=\"284\">&nbsp;<\/td>\n<\/tr>\n<tr>\n<td width=\"359\">CARITAS<\/td>\n<td width=\"410\"><a href=\"mailto:catitascaudete@hotmail.com\" target=\"_blank\" rel=\"nofollow\">catitascaudete@hotmail.com<\/a><\/td>\n<td width=\"284\">&nbsp;<\/td>\n<\/tr>\n<tr>\n<td width=\"359\">CRUZ ROJA<\/td>\n<td width=\"410\"><a href=\"mailto:milancaudete@gmail.com\" target=\"_blank\" rel=\"nofollow\">milancaudete@gmail.com<\/a><\/td>\n<td width=\"284\">&nbsp;<\/td>\n<\/tr>\n<tr>\n<td width=\"359\">AVANCE (fibromialgia)<\/td>\n<td width=\"410\"><a href=\"mailto:avanceca1@gmail.com\" target=\"_blank\" rel=\"nofollow\">avanceca1@gmail.com<\/a><\/td>\n<td width=\"284\">&nbsp;<\/td>\n<\/tr>\n<tr>\n<td width=\"359\">GRUPO MAS (voluntariado mayores)<\/td>\n<td width=\"410\"><a href=\"mailto:animador@serviciossociales.caudete.org\" target=\"_blank\" rel=\"nofollow\">animador@serviciossociales.caudete.org<\/a><\/td>\n<td width=\"284\">&nbsp;<\/td>\n<\/tr>\n<tr>\n<td width=\"359\">MANOS UNIDAS<\/td>\n<td width=\"410\"><a href=\"mailto:albacete@manosunidas.org\" target=\"_blank\" rel=\"nofollow\">albacete@manosunidas.org<\/a><\/td>\n<td width=\"284\">&nbsp;<\/td>\n<\/tr>\n<tr>\n<td width=\"359\">PADRE USERA<\/td>\n<td width=\"410\"><a href=\"mailto:apusera@gmail.com\" target=\"_blank\" rel=\"nofollow\">apusera@gmail.com<\/a><\/td>\n<td width=\"284\">&nbsp;<\/td>\n<\/tr>\n<tr>\n<td width=\"359\">FUNADACION DIAGRAMA<\/td>\n<td width=\"410\"><a href=\"mailto:mnoblejas@diagrama.org\" target=\"_blank\" rel=\"nofollow\">mnoblejas@diagrama.org<\/a><\/td>\n<td width=\"284\">&nbsp;<\/td>\n<\/tr>\n<tr>\n<td width=\"359\">SOMOS LA LECHE (lactancia materna)<\/td>\n<td width=\"410\"><a href=\"mailto:somoslaleche@gmail.com\" target=\"_blank\" rel=\"nofollow\">somoslaleche@gmail.com<\/a><\/td>\n<td width=\"284\">&nbsp;<\/td>\n<\/tr>\n<tr>\n<td width=\"359\">ACALUCA<\/td>\n<td width=\"410\"><a href=\"mailto:acaluca2015@gmail.com\" target=\"_blank\" rel=\"nofollow\">acaluca2015@gmail.com<\/a><\/td>\n<td width=\"284\">&nbsp;<\/td>\n<\/tr>\n<tr>\n<td width=\"359\">CAUDETE SE MUEVE<\/td>\n<td width=\"410\"><a href=\"mailto:caudetesemueve@gmail.com\" target=\"_blank\" rel=\"nofollow\">caudetesemueve@gmail.com<\/a><\/td>\n<td width=\"284\">&nbsp;<\/td>\n<\/tr>\n<tr>\n<td width=\"359\">RADAH-KUNDA<\/td>\n<td width=\"410\"><a href=\"mailto:jaeshree.jtd@gmail.com\" target=\"_blank\" rel=\"nofollow\">jaeshree.jtd@gmail.com<\/a><\/td>\n<td width=\"284\">&nbsp;<\/td>\n<\/tr>\n<\/tbody>\n<\/table>\n<p>&nbsp;<\/p>\n<h2>Localizaci\u00f3n<\/h2>\n<div align=\"center\"><iframe style=\"border: 0;\" src=\"https:\/\/www.google.com\/maps\/embed?pb=!1m18!1m12!1m3!1d3113.640310233507!2d-0.990822884387969!3d38.70310576597766!2m3!1f0!2f0!3f0!3m2!1i1024!2i768!4f13.1!3m3!1m2!1s0xd615931bcb43d43%3A0x3a46ba223ede8ee1!2sC.%20Paracuellos%20de%20la%20Vega%2C%203%2C%2002660%20Caudete%2C%20Albacete!5e0!3m2!1ses!2ses!4v1630515250927!5m2!1ses!2ses\" width=\"800\" height=\"600\" allowfullscreen=\"allowfullscreen\"><span data-mce-type=\"bookmark\" style=\"display: inline-block; width: 0px; overflow: hidden; line-height: 0;\" class=\"mce_SELRES_start\">\ufeff<\/span><\/iframe><\/div>\n<p><a href=\"https:\/\/www.caudete.org\/ayuntamiento\/wp-content\/uploads\/2021\/07\/centro_servicios_sociales.jpg\" rel='prettyPhoto'><img loading=\"lazy\" decoding=\"async\" class=\"aligncenter size-full wp-image-15535\" src=\"https:\/\/www.caudete.org\/ayuntamiento\/wp-content\/uploads\/2021\/07\/centro_servicios_sociales.jpg\" alt=\"\" width=\"800\" height=\"389\" srcset=\"https:\/\/www.caudete.org\/ayuntamiento\/wp-content\/uploads\/2021\/07\/centro_servicios_sociales.jpg 800w, https:\/\/www.caudete.org\/ayuntamiento\/wp-content\/uploads\/2021\/07\/centro_servicios_sociales-300x146.jpg 300w, https:\/\/www.caudete.org\/ayuntamiento\/wp-content\/uploads\/2021\/07\/centro_servicios_sociales-768x373.jpg 768w\" sizes=\"(max-width: 800px) 100vw, 800px\" \/><\/a><\/p>\n","protected":false},"excerpt":{"rendered":"<p>Los Servicios Sociales son un conjunto de servicios y actuaciones orientados a promover el bienestar social, prevenir las situaciones de riesgo y compensar la falta de apoyo social en situaciones de dependencia, vulnerabilidad social o exclusi\u00f3n. El Centro Municipal de Servicios Sociales est\u00e1 situado en la Calle Paracuellos de la Vega, 3 y su horario &hellip;<\/p>\n","protected":false},"author":1,"featured_media":0,"parent":0,"menu_order":0,"comment_status":"closed","ping_status":"closed","template":"","meta":{"ngg_post_thumbnail":0,"footnotes":""},"categories":[682],"tags":[],"class_list":["post-15519","page","type-page","status-publish","hentry","category-bienestar-social-2"],"yoast_head":"<!-- This site is optimized with the Yoast SEO plugin v27.3 - https:\/\/yoast.com\/product\/yoast-seo-wordpress\/ -->\n<title>Bienestar Social e Igualdad - Centro Municipal de Servicios Sociales - MI Ayuntamiento de Caudete<\/title>\n<meta name=\"description\" content=\"P\u00e1gina Oficial del Ayuntamiento de Caudete (Albacete)\" \/>\n<meta name=\"robots\" content=\"index, follow, max-snippet:-1, max-image-preview:large, max-video-preview:-1\" \/>\n<link rel=\"canonical\" href=\"https:\/\/www.caudete.org\/ayuntamiento\/bienestar-social-e-igualdad-centro-municipal-de-servicios-sociales\/\" \/>\n<meta property=\"og:locale\" content=\"es_ES\" \/>\n<meta property=\"og:type\" content=\"article\" \/>\n<meta property=\"og:title\" content=\"Bienestar Social e Igualdad - Centro Municipal de Servicios Sociales - MI Ayuntamiento de Caudete\" \/>\n<meta property=\"og:description\" content=\"P\u00e1gina Oficial del Ayuntamiento de Caudete (Albacete)\" \/>\n<meta property=\"og:url\" content=\"https:\/\/www.caudete.org\/ayuntamiento\/bienestar-social-e-igualdad-centro-municipal-de-servicios-sociales\/\" \/>\n<meta property=\"og:site_name\" content=\"MI Ayuntamiento de Caudete\" \/>\n<meta property=\"article:publisher\" content=\"https:\/\/www.facebook.com\/ayuntamientocaudete\/\" \/>\n<meta property=\"article:modified_time\" content=\"2021-09-01T16:59:10+00:00\" \/>\n<meta property=\"og:image\" content=\"https:\/\/www.caudete.org\/ayuntamiento\/wp-content\/uploads\/2021\/07\/servicios_sociales.jpg\" \/>\n<meta name=\"twitter:card\" content=\"summary_large_image\" \/>\n<meta name=\"twitter:label1\" content=\"Tiempo de lectura\" \/>\n\t<meta name=\"twitter:data1\" content=\"4 minutos\" \/>\n<script type=\"application\/ld+json\" class=\"yoast-schema-graph\">{\"@context\":\"https:\\\/\\\/schema.org\",\"@graph\":[{\"@type\":\"WebPage\",\"@id\":\"https:\\\/\\\/www.caudete.org\\\/ayuntamiento\\\/bienestar-social-e-igualdad-centro-municipal-de-servicios-sociales\\\/\",\"url\":\"https:\\\/\\\/www.caudete.org\\\/ayuntamiento\\\/bienestar-social-e-igualdad-centro-municipal-de-servicios-sociales\\\/\",\"name\":\"Bienestar Social e Igualdad - Centro Municipal de Servicios Sociales - MI Ayuntamiento de Caudete\",\"isPartOf\":{\"@id\":\"https:\\\/\\\/www.caudete.org\\\/ayuntamiento\\\/#website\"},\"primaryImageOfPage\":{\"@id\":\"https:\\\/\\\/www.caudete.org\\\/ayuntamiento\\\/bienestar-social-e-igualdad-centro-municipal-de-servicios-sociales\\\/#primaryimage\"},\"image\":{\"@id\":\"https:\\\/\\\/www.caudete.org\\\/ayuntamiento\\\/bienestar-social-e-igualdad-centro-municipal-de-servicios-sociales\\\/#primaryimage\"},\"thumbnailUrl\":\"https:\\\/\\\/www.caudete.org\\\/ayuntamiento\\\/wp-content\\\/uploads\\\/2021\\\/07\\\/servicios_sociales.jpg\",\"datePublished\":\"2021-07-27T11:31:32+00:00\",\"dateModified\":\"2021-09-01T16:59:10+00:00\",\"description\":\"P\u00e1gina Oficial del Ayuntamiento de Caudete (Albacete)\",\"breadcrumb\":{\"@id\":\"https:\\\/\\\/www.caudete.org\\\/ayuntamiento\\\/bienestar-social-e-igualdad-centro-municipal-de-servicios-sociales\\\/#breadcrumb\"},\"inLanguage\":\"es\",\"potentialAction\":[{\"@type\":\"ReadAction\",\"target\":[\"https:\\\/\\\/www.caudete.org\\\/ayuntamiento\\\/bienestar-social-e-igualdad-centro-municipal-de-servicios-sociales\\\/\"]}]},{\"@type\":\"ImageObject\",\"inLanguage\":\"es\",\"@id\":\"https:\\\/\\\/www.caudete.org\\\/ayuntamiento\\\/bienestar-social-e-igualdad-centro-municipal-de-servicios-sociales\\\/#primaryimage\",\"url\":\"https:\\\/\\\/www.caudete.org\\\/ayuntamiento\\\/wp-content\\\/uploads\\\/2021\\\/07\\\/servicios_sociales.jpg\",\"contentUrl\":\"https:\\\/\\\/www.caudete.org\\\/ayuntamiento\\\/wp-content\\\/uploads\\\/2021\\\/07\\\/servicios_sociales.jpg\",\"width\":900,\"height\":347},{\"@type\":\"BreadcrumbList\",\"@id\":\"https:\\\/\\\/www.caudete.org\\\/ayuntamiento\\\/bienestar-social-e-igualdad-centro-municipal-de-servicios-sociales\\\/#breadcrumb\",\"itemListElement\":[{\"@type\":\"ListItem\",\"position\":1,\"name\":\"Inicio\",\"item\":\"https:\\\/\\\/www.caudete.org\\\/ayuntamiento\\\/\"},{\"@type\":\"ListItem\",\"position\":2,\"name\":\"Bienestar Social e Igualdad &#8211; Centro Municipal de Servicios Sociales\"}]},{\"@type\":\"WebSite\",\"@id\":\"https:\\\/\\\/www.caudete.org\\\/ayuntamiento\\\/#website\",\"url\":\"https:\\\/\\\/www.caudete.org\\\/ayuntamiento\\\/\",\"name\":\"MI Ayuntamiento de Caudete\",\"description\":\"P\u00e1gina Oficial del MI Ayuntamiento de Caudete\",\"publisher\":{\"@id\":\"https:\\\/\\\/www.caudete.org\\\/ayuntamiento\\\/#organization\"},\"potentialAction\":[{\"@type\":\"SearchAction\",\"target\":{\"@type\":\"EntryPoint\",\"urlTemplate\":\"https:\\\/\\\/www.caudete.org\\\/ayuntamiento\\\/?s={search_term_string}\"},\"query-input\":{\"@type\":\"PropertyValueSpecification\",\"valueRequired\":true,\"valueName\":\"search_term_string\"}}],\"inLanguage\":\"es\"},{\"@type\":\"Organization\",\"@id\":\"https:\\\/\\\/www.caudete.org\\\/ayuntamiento\\\/#organization\",\"name\":\"Ayuntamiento de Caudete\",\"url\":\"https:\\\/\\\/www.caudete.org\\\/ayuntamiento\\\/\",\"logo\":{\"@type\":\"ImageObject\",\"inLanguage\":\"es\",\"@id\":\"https:\\\/\\\/www.caudete.org\\\/ayuntamiento\\\/#\\\/schema\\\/logo\\\/image\\\/\",\"url\":\"https:\\\/\\\/www.caudete.org\\\/ayuntamiento\\\/wp-content\\\/uploads\\\/2020\\\/11\\\/logo_ayuntamiento_caudete.jpg\",\"contentUrl\":\"https:\\\/\\\/www.caudete.org\\\/ayuntamiento\\\/wp-content\\\/uploads\\\/2020\\\/11\\\/logo_ayuntamiento_caudete.jpg\",\"width\":600,\"height\":150,\"caption\":\"Ayuntamiento de Caudete\"},\"image\":{\"@id\":\"https:\\\/\\\/www.caudete.org\\\/ayuntamiento\\\/#\\\/schema\\\/logo\\\/image\\\/\"},\"sameAs\":[\"https:\\\/\\\/www.facebook.com\\\/ayuntamientocaudete\\\/\",\"https:\\\/\\\/www.youtube.com\\\/channel\\\/UC6VztHaooNsGpw-tNoBEFnQ\"]}]}<\/script>\n<!-- \/ Yoast SEO plugin. -->","yoast_head_json":{"title":"Bienestar Social e Igualdad - Centro Municipal de Servicios Sociales - MI Ayuntamiento de Caudete","description":"P\u00e1gina Oficial del Ayuntamiento de Caudete (Albacete)","robots":{"index":"index","follow":"follow","max-snippet":"max-snippet:-1","max-image-preview":"max-image-preview:large","max-video-preview":"max-video-preview:-1"},"canonical":"https:\/\/www.caudete.org\/ayuntamiento\/bienestar-social-e-igualdad-centro-municipal-de-servicios-sociales\/","og_locale":"es_ES","og_type":"article","og_title":"Bienestar Social e Igualdad - Centro Municipal de Servicios Sociales - MI Ayuntamiento de Caudete","og_description":"P\u00e1gina Oficial del Ayuntamiento de Caudete (Albacete)","og_url":"https:\/\/www.caudete.org\/ayuntamiento\/bienestar-social-e-igualdad-centro-municipal-de-servicios-sociales\/","og_site_name":"MI Ayuntamiento de Caudete","article_publisher":"https:\/\/www.facebook.com\/ayuntamientocaudete\/","article_modified_time":"2021-09-01T16:59:10+00:00","og_image":[{"url":"https:\/\/www.caudete.org\/ayuntamiento\/wp-content\/uploads\/2021\/07\/servicios_sociales.jpg","type":"","width":"","height":""}],"twitter_card":"summary_large_image","twitter_misc":{"Tiempo de lectura":"4 minutos"},"schema":{"@context":"https:\/\/schema.org","@graph":[{"@type":"WebPage","@id":"https:\/\/www.caudete.org\/ayuntamiento\/bienestar-social-e-igualdad-centro-municipal-de-servicios-sociales\/","url":"https:\/\/www.caudete.org\/ayuntamiento\/bienestar-social-e-igualdad-centro-municipal-de-servicios-sociales\/","name":"Bienestar Social e Igualdad - Centro Municipal de Servicios Sociales - MI Ayuntamiento de Caudete","isPartOf":{"@id":"https:\/\/www.caudete.org\/ayuntamiento\/#website"},"primaryImageOfPage":{"@id":"https:\/\/www.caudete.org\/ayuntamiento\/bienestar-social-e-igualdad-centro-municipal-de-servicios-sociales\/#primaryimage"},"image":{"@id":"https:\/\/www.caudete.org\/ayuntamiento\/bienestar-social-e-igualdad-centro-municipal-de-servicios-sociales\/#primaryimage"},"thumbnailUrl":"https:\/\/www.caudete.org\/ayuntamiento\/wp-content\/uploads\/2021\/07\/servicios_sociales.jpg","datePublished":"2021-07-27T11:31:32+00:00","dateModified":"2021-09-01T16:59:10+00:00","description":"P\u00e1gina Oficial del Ayuntamiento de Caudete (Albacete)","breadcrumb":{"@id":"https:\/\/www.caudete.org\/ayuntamiento\/bienestar-social-e-igualdad-centro-municipal-de-servicios-sociales\/#breadcrumb"},"inLanguage":"es","potentialAction":[{"@type":"ReadAction","target":["https:\/\/www.caudete.org\/ayuntamiento\/bienestar-social-e-igualdad-centro-municipal-de-servicios-sociales\/"]}]},{"@type":"ImageObject","inLanguage":"es","@id":"https:\/\/www.caudete.org\/ayuntamiento\/bienestar-social-e-igualdad-centro-municipal-de-servicios-sociales\/#primaryimage","url":"https:\/\/www.caudete.org\/ayuntamiento\/wp-content\/uploads\/2021\/07\/servicios_sociales.jpg","contentUrl":"https:\/\/www.caudete.org\/ayuntamiento\/wp-content\/uploads\/2021\/07\/servicios_sociales.jpg","width":900,"height":347},{"@type":"BreadcrumbList","@id":"https:\/\/www.caudete.org\/ayuntamiento\/bienestar-social-e-igualdad-centro-municipal-de-servicios-sociales\/#breadcrumb","itemListElement":[{"@type":"ListItem","position":1,"name":"Inicio","item":"https:\/\/www.caudete.org\/ayuntamiento\/"},{"@type":"ListItem","position":2,"name":"Bienestar Social e Igualdad &#8211; Centro Municipal de Servicios Sociales"}]},{"@type":"WebSite","@id":"https:\/\/www.caudete.org\/ayuntamiento\/#website","url":"https:\/\/www.caudete.org\/ayuntamiento\/","name":"MI Ayuntamiento de Caudete","description":"P\u00e1gina Oficial del MI Ayuntamiento de Caudete","publisher":{"@id":"https:\/\/www.caudete.org\/ayuntamiento\/#organization"},"potentialAction":[{"@type":"SearchAction","target":{"@type":"EntryPoint","urlTemplate":"https:\/\/www.caudete.org\/ayuntamiento\/?s={search_term_string}"},"query-input":{"@type":"PropertyValueSpecification","valueRequired":true,"valueName":"search_term_string"}}],"inLanguage":"es"},{"@type":"Organization","@id":"https:\/\/www.caudete.org\/ayuntamiento\/#organization","name":"Ayuntamiento de Caudete","url":"https:\/\/www.caudete.org\/ayuntamiento\/","logo":{"@type":"ImageObject","inLanguage":"es","@id":"https:\/\/www.caudete.org\/ayuntamiento\/#\/schema\/logo\/image\/","url":"https:\/\/www.caudete.org\/ayuntamiento\/wp-content\/uploads\/2020\/11\/logo_ayuntamiento_caudete.jpg","contentUrl":"https:\/\/www.caudete.org\/ayuntamiento\/wp-content\/uploads\/2020\/11\/logo_ayuntamiento_caudete.jpg","width":600,"height":150,"caption":"Ayuntamiento de Caudete"},"image":{"@id":"https:\/\/www.caudete.org\/ayuntamiento\/#\/schema\/logo\/image\/"},"sameAs":["https:\/\/www.facebook.com\/ayuntamientocaudete\/","https:\/\/www.youtube.com\/channel\/UC6VztHaooNsGpw-tNoBEFnQ"]}]}},"_links":{"self":[{"href":"https:\/\/www.caudete.org\/ayuntamiento\/wp-json\/wp\/v2\/pages\/15519","targetHints":{"allow":["GET"]}}],"collection":[{"href":"https:\/\/www.caudete.org\/ayuntamiento\/wp-json\/wp\/v2\/pages"}],"about":[{"href":"https:\/\/www.caudete.org\/ayuntamiento\/wp-json\/wp\/v2\/types\/page"}],"author":[{"embeddable":true,"href":"https:\/\/www.caudete.org\/ayuntamiento\/wp-json\/wp\/v2\/users\/1"}],"replies":[{"embeddable":true,"href":"https:\/\/www.caudete.org\/ayuntamiento\/wp-json\/wp\/v2\/comments?post=15519"}],"version-history":[{"count":17,"href":"https:\/\/www.caudete.org\/ayuntamiento\/wp-json\/wp\/v2\/pages\/15519\/revisions"}],"predecessor-version":[{"id":15950,"href":"https:\/\/www.caudete.org\/ayuntamiento\/wp-json\/wp\/v2\/pages\/15519\/revisions\/15950"}],"wp:attachment":[{"href":"https:\/\/www.caudete.org\/ayuntamiento\/wp-json\/wp\/v2\/media?parent=15519"}],"wp:term":[{"taxonomy":"category","embeddable":true,"href":"https:\/\/www.caudete.org\/ayuntamiento\/wp-json\/wp\/v2\/categories?post=15519"},{"taxonomy":"post_tag","embeddable":true,"href":"https:\/\/www.caudete.org\/ayuntamiento\/wp-json\/wp\/v2\/tags?post=15519"}],"curies":[{"name":"wp","href":"https:\/\/api.w.org\/{rel}","templated":true}]}}