{"id":15539,"date":"2021-07-27T14:26:58","date_gmt":"2021-07-27T12:26:58","guid":{"rendered":"https:\/\/www.caudete.org\/ayuntamiento\/?page_id=15539"},"modified":"2021-07-28T19:13:09","modified_gmt":"2021-07-28T17:13:09","slug":"bienestar-social-e-igualdad-tramitacion-de-prestaciones","status":"publish","type":"page","link":"https:\/\/www.caudete.org\/ayuntamiento\/bienestar-social-e-igualdad-tramitacion-de-prestaciones\/","title":{"rendered":"Bienestar Social e Igualdad &#8211; Tramitaci\u00f3n de Prestaciones"},"content":{"rendered":"<p><a href=\"https:\/\/www.caudete.org\/ayuntamiento\/wp-content\/uploads\/2021\/07\/ayuda_domicilio.jpg\" rel='prettyPhoto'><img fetchpriority=\"high\" decoding=\"async\" class=\"aligncenter size-full wp-image-15553\" src=\"https:\/\/www.caudete.org\/ayuntamiento\/wp-content\/uploads\/2021\/07\/ayuda_domicilio.jpg\" alt=\"\" width=\"900\" height=\"349\" srcset=\"https:\/\/www.caudete.org\/ayuntamiento\/wp-content\/uploads\/2021\/07\/ayuda_domicilio.jpg 900w, https:\/\/www.caudete.org\/ayuntamiento\/wp-content\/uploads\/2021\/07\/ayuda_domicilio-300x116.jpg 300w, https:\/\/www.caudete.org\/ayuntamiento\/wp-content\/uploads\/2021\/07\/ayuda_domicilio-768x298.jpg 768w\" sizes=\"(max-width: 900px) 100vw, 900px\" \/><\/a><\/p>\n<p><span style=\"font-size: 18pt; color: #808080;\">MODELOS Y ENLACES<\/span><\/p>\n<h2>A) PARA TRAMITACI\u00d3N online JCCM<\/h2>\n<p>Gen\u00e9rico, para cualquier tr\u00e1mite:<\/p>\n<p><a href=\"https:\/\/www.jccm.es\/tramitesygestiones\/organismo\/\" target=\"_blank\" rel=\"nofollow\">https:\/\/www.jccm.es\/tramitesygestiones\/organismo\/<\/a><\/p>\n<p><strong>FAMILIA NUMEROSA<\/strong><\/p>\n<p>\u2022 Solicitud y renovaci\u00f3n del t\u00edtulo<\/p>\n<p><a href=\"https:\/\/www.jccm.es\/tramitesygestiones\/titulo-de-familia-numerosa\" target=\"_blank\" rel=\"nofollow\">https:\/\/www.jccm.es\/tramitesygestiones\/titulo-de-familia-numerosa<\/a><\/p>\n<p>\u2022 Solicitud y renovaci\u00f3n de Ayuda Econ\u00f3mica a familias numerosas<\/p>\n<p><a href=\"https:\/\/www.jccm.es\/tramitesygestiones\/ayuda-familias-numerosas\" target=\"_blank\" rel=\"nofollow\">https:\/\/www.jccm.es\/tramitesygestiones\/ayuda-familias-numerosas<\/a><\/p>\n<p>\u2022 Deducci\u00f3n de familia numerosa, por ascendiente con dos hijos o por personas con discapacidad a cargo<\/p>\n<p><a href=\"https:\/\/www.agenciatributaria.gob.es\/AEAT.sede\/procedimientoini\/G613.shtml\" target=\"_blank\" rel=\"nofollow\">https:\/\/www.agenciatributaria.gob.es\/AEAT.sede\/procedimientoini\/G613.shtml<\/a><\/p>\n<p><strong>PENSIONES NO CONTRIBUTIVAS<\/strong><\/p>\n<p>\u2022 SOLICITUD PENSIONES NO CONTRIBUTIVAS DE LA SEGURIDAD SOCIAL POR INVALIDEZ Y JUBILACI\u00d3N<\/p>\n<p><a href=\"https:\/\/www.jccm.es\/tramitesygestiones\/pensiones-no-contributivas-de-la-seguridad-social-por-invalidez-y-mayores-de-65\" target=\"_blank\" rel=\"nofollow\">https:\/\/www.jccm.es\/tramitesygestiones\/pensiones-no-contributivas-de-la-seguridad-social-por-invalidez-y-mayores-de-65<\/a><\/p>\n<p>\u2022 COMPLEMENTO PARA TITULARES DE PENSI\u00d3N NO CONTRIBUTIVA QUE RESIDAN EN UNA VIVIENDA ALQUILADA<\/p>\n<p><a href=\"https:\/\/www.jccm.es\/tramitesygestiones\/complemento-para-titulares-de-pension-no-contributiva-que-residan-en-una-vivienda\" target=\"_blank\" rel=\"nofollow\">https:\/\/www.jccm.es\/tramitesygestiones\/complemento-para-titulares-de-pension-no-contributiva-que-residan-en-una-vivienda<\/a><\/p>\n<p><strong>DISCAPACIDAD<\/strong><\/p>\n<p>\u2022 RECONOCIMIENTO DECLARACI\u00d3N Y CALIFICACI\u00d3N GRADO DISCAPACIDAD<\/p>\n<p><a href=\"https:\/\/www.jccm.es\/tramitesygestiones\/reconocimiento-del-grado-de-discapacidad\" target=\"_blank\" rel=\"nofollow\">https:\/\/www.jccm.es\/tramitesygestiones\/reconocimiento-del-grado-de-discapacidad<\/a><\/p>\n<p>\u2022 TARJETA ACREDITATIVA DE GRADO DE DISCAPACIDAD<\/p>\n<p><a href=\"https:\/\/www.jccm.es\/tramitesygestiones\/tarjeta-acreditativa-de-grado-de-discapacidad\" target=\"_blank\" rel=\"nofollow\">https:\/\/www.jccm.es\/tramitesygestiones\/tarjeta-acreditativa-de-grado-de-discapacidad<\/a><\/p>\n<p>\u2022 TARJETA DE ESTACIONAMIENTO PARA PERSONAS CON DISCAPACIDAD CON MOVILIDAD REDUCIDA<\/p>\n<p><a href=\"https:\/\/www.jccm.es\/tramitesygestiones\/tarjeta-de-estacionamiento-para-personas-con-discapacidad-con-movilidad-reducida\" target=\"_blank\" rel=\"nofollow\">https:\/\/www.jccm.es\/tramitesygestiones\/tarjeta-de-estacionamiento-para-personas-con-discapacidad-con-movilidad-reducida<\/a><\/p>\n<p><strong>DEPENDENCIA<\/strong><\/p>\n<p>\u2022 SOLICITUD DE RECONOCIMIENTO DE LA SITUACI\u00d3N DE DEPENDENCIA Y DEL DERECHO DE ACCESO A LOS SERVICIOS Y PRESTACIONES ECON\u00d3MICAS DEL SISTEMA PARA LA AUTONOM\u00cdA Y ATENCI\u00d3N A LA DEPENDENCIA EN CASTILLA LA MANCHA<\/p>\n<p><a href=\"https:\/\/www.jccm.es\/tramitesygestiones\/reconocimiento-de-la-situacion-de-dependencia-y-del-derecho-de-acceso-los\" target=\"_blank\" rel=\"nofollow\">https:\/\/www.jccm.es\/tramitesygestiones\/reconocimiento-de-la-situacion-de-dependencia-y-del-derecho-de-acceso-los<\/a><\/p>\n<p>\u2022 SOLICITUD DE REVISI\u00d3N EN EL MARCO DEL SISTEMA PARA LA AUTONOM\u00cdA Y ATENCI\u00d3N A LA DEPENDENCIA (SAAD)<\/p>\n<p><a href=\"https:\/\/www.jccm.es\/tramitesygestiones\/revision-en-el-marco-del-sitema-para-la-autonomia-y-atencion-la-dependencia-saad\" target=\"_blank\" rel=\"nofollow\">https:\/\/www.jccm.es\/tramitesygestiones\/revision-en-el-marco-del-sitema-para-la-autonomia-y-atencion-la-dependencia-saad<\/a><\/p>\n<p>\u2022 TELEASISTENCIA<\/p>\n<p><a href=\"https:\/\/www.jccm.es\/tramitesygestiones\/servicio-de-teleasistencia\" target=\"_blank\" rel=\"nofollow\">https:\/\/www.jccm.es\/tramitesygestiones\/servicio-de-teleasistencia<\/a><\/p>\n<p>\u2022 AYUDAS ECON\u00d3MICAS DE APOYO POR ACOGIMIENTO FAMILIAR DE MENORES<\/p>\n<p><a href=\"https:\/\/www.jccm.es\/tramitesygestiones\/ayudas-economicas-de-apoyo-por-acogimiento-familiar-de-menores\" target=\"_blank\" rel=\"nofollow\">https:\/\/www.jccm.es\/tramitesygestiones\/ayudas-economicas-de-apoyo-por-acogimiento-familiar-de-menores<\/a><\/p>\n<h2>B) TRAMITACIONES CON LA SEGURIDAD SOCIAL<\/h2>\n<p><strong>Tr\u00e1mites con la Seguridad Social<\/strong><\/p>\n<p><a href=\"https:\/\/tramites.seg-social.es\" target=\"_blank\" rel=\"nofollow\">https:\/\/tramites.seg-social.es<\/a><\/p>\n<p><strong>Ingreso M\u00ednimo Vital. Solicitud online:<\/strong><\/p>\n<p><a href=\"https:\/\/imv.seg-social.es\/\" target=\"_blank\" rel=\"nofollow\">https:\/\/imv.seg-social.es\/<\/a><\/p>\n<p><strong>SEPE<\/strong><\/p>\n<p><a href=\"https:\/\/www.sepe.es\/HomeSepe\/Personas.html\" target=\"_blank\" rel=\"nofollow\">https:\/\/www.sepe.es\/HomeSepe\/Personas.html<\/a><\/p>\n<p><strong>AGENCIA TRIBUTARIA<\/strong><\/p>\n<p><a href=\"https:\/\/www.agenciatributaria.es\/\" target=\"_blank\" rel=\"nofollow\">https:\/\/www.agenciatributaria.es\/<\/a><\/p>\n","protected":false},"excerpt":{"rendered":"<p>MODELOS Y ENLACES A) PARA TRAMITACI\u00d3N online JCCM Gen\u00e9rico, para cualquier tr\u00e1mite: https:\/\/www.jccm.es\/tramitesygestiones\/organismo\/ FAMILIA NUMEROSA \u2022 Solicitud y renovaci\u00f3n del t\u00edtulo https:\/\/www.jccm.es\/tramitesygestiones\/titulo-de-familia-numerosa \u2022 Solicitud y renovaci\u00f3n de Ayuda Econ\u00f3mica a familias numerosas https:\/\/www.jccm.es\/tramitesygestiones\/ayuda-familias-numerosas \u2022 Deducci\u00f3n de familia numerosa, por ascendiente con dos hijos o por personas con discapacidad a cargo https:\/\/www.agenciatributaria.gob.es\/AEAT.sede\/procedimientoini\/G613.shtml PENSIONES NO CONTRIBUTIVAS \u2022 &hellip;<\/p>\n","protected":false},"author":1,"featured_media":0,"parent":0,"menu_order":0,"comment_status":"closed","ping_status":"closed","template":"","meta":{"ngg_post_thumbnail":0,"footnotes":""},"categories":[682],"tags":[],"class_list":["post-15539","page","type-page","status-publish","hentry","category-bienestar-social-2"],"yoast_head":"<!-- This site is optimized with the Yoast SEO plugin v27.5 - https:\/\/yoast.com\/product\/yoast-seo-wordpress\/ -->\n<title>Bienestar Social e Igualdad - Tramitaci\u00f3n de Prestaciones - MI Ayuntamiento de Caudete<\/title>\n<meta name=\"description\" content=\"P\u00e1gina Oficial del Ayuntamiento de Caudete (Albacete)\" \/>\n<meta name=\"robots\" content=\"index, follow, max-snippet:-1, max-image-preview:large, max-video-preview:-1\" \/>\n<link rel=\"canonical\" href=\"https:\/\/www.caudete.org\/ayuntamiento\/bienestar-social-e-igualdad-tramitacion-de-prestaciones\/\" \/>\n<meta property=\"og:locale\" content=\"es_ES\" \/>\n<meta property=\"og:type\" content=\"article\" \/>\n<meta property=\"og:title\" content=\"Bienestar Social e Igualdad - Tramitaci\u00f3n de Prestaciones - MI Ayuntamiento de Caudete\" \/>\n<meta property=\"og:description\" content=\"P\u00e1gina Oficial del Ayuntamiento de Caudete (Albacete)\" \/>\n<meta property=\"og:url\" content=\"https:\/\/www.caudete.org\/ayuntamiento\/bienestar-social-e-igualdad-tramitacion-de-prestaciones\/\" \/>\n<meta property=\"og:site_name\" content=\"MI Ayuntamiento de Caudete\" \/>\n<meta property=\"article:publisher\" content=\"https:\/\/www.facebook.com\/ayuntamientocaudete\/\" \/>\n<meta property=\"article:modified_time\" content=\"2021-07-28T17:13:09+00:00\" \/>\n<meta property=\"og:image\" content=\"https:\/\/www.caudete.org\/ayuntamiento\/wp-content\/uploads\/2021\/07\/ayuda_domicilio.jpg\" \/>\n<meta name=\"twitter:card\" content=\"summary_large_image\" \/>\n<meta name=\"twitter:label1\" content=\"Tiempo de lectura\" \/>\n\t<meta name=\"twitter:data1\" content=\"2 minutos\" \/>\n<script type=\"application\/ld+json\" class=\"yoast-schema-graph\">{\"@context\":\"https:\\\/\\\/schema.org\",\"@graph\":[{\"@type\":\"WebPage\",\"@id\":\"https:\\\/\\\/www.caudete.org\\\/ayuntamiento\\\/bienestar-social-e-igualdad-tramitacion-de-prestaciones\\\/\",\"url\":\"https:\\\/\\\/www.caudete.org\\\/ayuntamiento\\\/bienestar-social-e-igualdad-tramitacion-de-prestaciones\\\/\",\"name\":\"Bienestar Social e Igualdad - Tramitaci\u00f3n de Prestaciones - MI Ayuntamiento de Caudete\",\"isPartOf\":{\"@id\":\"https:\\\/\\\/www.caudete.org\\\/ayuntamiento\\\/#website\"},\"primaryImageOfPage\":{\"@id\":\"https:\\\/\\\/www.caudete.org\\\/ayuntamiento\\\/bienestar-social-e-igualdad-tramitacion-de-prestaciones\\\/#primaryimage\"},\"image\":{\"@id\":\"https:\\\/\\\/www.caudete.org\\\/ayuntamiento\\\/bienestar-social-e-igualdad-tramitacion-de-prestaciones\\\/#primaryimage\"},\"thumbnailUrl\":\"https:\\\/\\\/www.caudete.org\\\/ayuntamiento\\\/wp-content\\\/uploads\\\/2021\\\/07\\\/ayuda_domicilio.jpg\",\"datePublished\":\"2021-07-27T12:26:58+00:00\",\"dateModified\":\"2021-07-28T17:13:09+00:00\",\"description\":\"P\u00e1gina Oficial del Ayuntamiento de Caudete (Albacete)\",\"breadcrumb\":{\"@id\":\"https:\\\/\\\/www.caudete.org\\\/ayuntamiento\\\/bienestar-social-e-igualdad-tramitacion-de-prestaciones\\\/#breadcrumb\"},\"inLanguage\":\"es\",\"potentialAction\":[{\"@type\":\"ReadAction\",\"target\":[\"https:\\\/\\\/www.caudete.org\\\/ayuntamiento\\\/bienestar-social-e-igualdad-tramitacion-de-prestaciones\\\/\"]}]},{\"@type\":\"ImageObject\",\"inLanguage\":\"es\",\"@id\":\"https:\\\/\\\/www.caudete.org\\\/ayuntamiento\\\/bienestar-social-e-igualdad-tramitacion-de-prestaciones\\\/#primaryimage\",\"url\":\"https:\\\/\\\/www.caudete.org\\\/ayuntamiento\\\/wp-content\\\/uploads\\\/2021\\\/07\\\/ayuda_domicilio.jpg\",\"contentUrl\":\"https:\\\/\\\/www.caudete.org\\\/ayuntamiento\\\/wp-content\\\/uploads\\\/2021\\\/07\\\/ayuda_domicilio.jpg\",\"width\":900,\"height\":349},{\"@type\":\"BreadcrumbList\",\"@id\":\"https:\\\/\\\/www.caudete.org\\\/ayuntamiento\\\/bienestar-social-e-igualdad-tramitacion-de-prestaciones\\\/#breadcrumb\",\"itemListElement\":[{\"@type\":\"ListItem\",\"position\":1,\"name\":\"Inicio\",\"item\":\"https:\\\/\\\/www.caudete.org\\\/ayuntamiento\\\/\"},{\"@type\":\"ListItem\",\"position\":2,\"name\":\"Bienestar Social e Igualdad &#8211; Tramitaci\u00f3n de Prestaciones\"}]},{\"@type\":\"WebSite\",\"@id\":\"https:\\\/\\\/www.caudete.org\\\/ayuntamiento\\\/#website\",\"url\":\"https:\\\/\\\/www.caudete.org\\\/ayuntamiento\\\/\",\"name\":\"MI Ayuntamiento de Caudete\",\"description\":\"P\u00e1gina Oficial del MI Ayuntamiento de Caudete\",\"potentialAction\":[{\"@type\":\"SearchAction\",\"target\":{\"@type\":\"EntryPoint\",\"urlTemplate\":\"https:\\\/\\\/www.caudete.org\\\/ayuntamiento\\\/?s={search_term_string}\"},\"query-input\":{\"@type\":\"PropertyValueSpecification\",\"valueRequired\":true,\"valueName\":\"search_term_string\"}}],\"inLanguage\":\"es\"}]}<\/script>\n<!-- \/ Yoast SEO plugin. -->","yoast_head_json":{"title":"Bienestar Social e Igualdad - Tramitaci\u00f3n de Prestaciones - MI Ayuntamiento de Caudete","description":"P\u00e1gina Oficial del Ayuntamiento de Caudete (Albacete)","robots":{"index":"index","follow":"follow","max-snippet":"max-snippet:-1","max-image-preview":"max-image-preview:large","max-video-preview":"max-video-preview:-1"},"canonical":"https:\/\/www.caudete.org\/ayuntamiento\/bienestar-social-e-igualdad-tramitacion-de-prestaciones\/","og_locale":"es_ES","og_type":"article","og_title":"Bienestar Social e Igualdad - Tramitaci\u00f3n de Prestaciones - MI Ayuntamiento de Caudete","og_description":"P\u00e1gina Oficial del Ayuntamiento de Caudete (Albacete)","og_url":"https:\/\/www.caudete.org\/ayuntamiento\/bienestar-social-e-igualdad-tramitacion-de-prestaciones\/","og_site_name":"MI Ayuntamiento de Caudete","article_publisher":"https:\/\/www.facebook.com\/ayuntamientocaudete\/","article_modified_time":"2021-07-28T17:13:09+00:00","og_image":[{"url":"https:\/\/www.caudete.org\/ayuntamiento\/wp-content\/uploads\/2021\/07\/ayuda_domicilio.jpg","type":"","width":"","height":""}],"twitter_card":"summary_large_image","twitter_misc":{"Tiempo de lectura":"2 minutos"},"schema":{"@context":"https:\/\/schema.org","@graph":[{"@type":"WebPage","@id":"https:\/\/www.caudete.org\/ayuntamiento\/bienestar-social-e-igualdad-tramitacion-de-prestaciones\/","url":"https:\/\/www.caudete.org\/ayuntamiento\/bienestar-social-e-igualdad-tramitacion-de-prestaciones\/","name":"Bienestar Social e Igualdad - Tramitaci\u00f3n de Prestaciones - MI Ayuntamiento de Caudete","isPartOf":{"@id":"https:\/\/www.caudete.org\/ayuntamiento\/#website"},"primaryImageOfPage":{"@id":"https:\/\/www.caudete.org\/ayuntamiento\/bienestar-social-e-igualdad-tramitacion-de-prestaciones\/#primaryimage"},"image":{"@id":"https:\/\/www.caudete.org\/ayuntamiento\/bienestar-social-e-igualdad-tramitacion-de-prestaciones\/#primaryimage"},"thumbnailUrl":"https:\/\/www.caudete.org\/ayuntamiento\/wp-content\/uploads\/2021\/07\/ayuda_domicilio.jpg","datePublished":"2021-07-27T12:26:58+00:00","dateModified":"2021-07-28T17:13:09+00:00","description":"P\u00e1gina Oficial del Ayuntamiento de Caudete (Albacete)","breadcrumb":{"@id":"https:\/\/www.caudete.org\/ayuntamiento\/bienestar-social-e-igualdad-tramitacion-de-prestaciones\/#breadcrumb"},"inLanguage":"es","potentialAction":[{"@type":"ReadAction","target":["https:\/\/www.caudete.org\/ayuntamiento\/bienestar-social-e-igualdad-tramitacion-de-prestaciones\/"]}]},{"@type":"ImageObject","inLanguage":"es","@id":"https:\/\/www.caudete.org\/ayuntamiento\/bienestar-social-e-igualdad-tramitacion-de-prestaciones\/#primaryimage","url":"https:\/\/www.caudete.org\/ayuntamiento\/wp-content\/uploads\/2021\/07\/ayuda_domicilio.jpg","contentUrl":"https:\/\/www.caudete.org\/ayuntamiento\/wp-content\/uploads\/2021\/07\/ayuda_domicilio.jpg","width":900,"height":349},{"@type":"BreadcrumbList","@id":"https:\/\/www.caudete.org\/ayuntamiento\/bienestar-social-e-igualdad-tramitacion-de-prestaciones\/#breadcrumb","itemListElement":[{"@type":"ListItem","position":1,"name":"Inicio","item":"https:\/\/www.caudete.org\/ayuntamiento\/"},{"@type":"ListItem","position":2,"name":"Bienestar Social e Igualdad &#8211; Tramitaci\u00f3n de Prestaciones"}]},{"@type":"WebSite","@id":"https:\/\/www.caudete.org\/ayuntamiento\/#website","url":"https:\/\/www.caudete.org\/ayuntamiento\/","name":"MI Ayuntamiento de Caudete","description":"P\u00e1gina Oficial del MI Ayuntamiento de Caudete","potentialAction":[{"@type":"SearchAction","target":{"@type":"EntryPoint","urlTemplate":"https:\/\/www.caudete.org\/ayuntamiento\/?s={search_term_string}"},"query-input":{"@type":"PropertyValueSpecification","valueRequired":true,"valueName":"search_term_string"}}],"inLanguage":"es"}]}},"_links":{"self":[{"href":"https:\/\/www.caudete.org\/ayuntamiento\/wp-json\/wp\/v2\/pages\/15539","targetHints":{"allow":["GET"]}}],"collection":[{"href":"https:\/\/www.caudete.org\/ayuntamiento\/wp-json\/wp\/v2\/pages"}],"about":[{"href":"https:\/\/www.caudete.org\/ayuntamiento\/wp-json\/wp\/v2\/types\/page"}],"author":[{"embeddable":true,"href":"https:\/\/www.caudete.org\/ayuntamiento\/wp-json\/wp\/v2\/users\/1"}],"replies":[{"embeddable":true,"href":"https:\/\/www.caudete.org\/ayuntamiento\/wp-json\/wp\/v2\/comments?post=15539"}],"version-history":[{"count":9,"href":"https:\/\/www.caudete.org\/ayuntamiento\/wp-json\/wp\/v2\/pages\/15539\/revisions"}],"predecessor-version":[{"id":15606,"href":"https:\/\/www.caudete.org\/ayuntamiento\/wp-json\/wp\/v2\/pages\/15539\/revisions\/15606"}],"wp:attachment":[{"href":"https:\/\/www.caudete.org\/ayuntamiento\/wp-json\/wp\/v2\/media?parent=15539"}],"wp:term":[{"taxonomy":"category","embeddable":true,"href":"https:\/\/www.caudete.org\/ayuntamiento\/wp-json\/wp\/v2\/categories?post=15539"},{"taxonomy":"post_tag","embeddable":true,"href":"https:\/\/www.caudete.org\/ayuntamiento\/wp-json\/wp\/v2\/tags?post=15539"}],"curies":[{"name":"wp","href":"https:\/\/api.w.org\/{rel}","templated":true}]}}