{"id":21548,"date":"2023-03-01T12:34:31","date_gmt":"2023-03-01T11:34:31","guid":{"rendered":"https:\/\/www.caudete.org\/ayuntamiento\/?page_id=21548"},"modified":"2023-03-03T12:53:21","modified_gmt":"2023-03-03T11:53:21","slug":"deportes-orientacion","status":"publish","type":"page","link":"https:\/\/www.caudete.org\/ayuntamiento\/deportes-orientacion\/","title":{"rendered":"Deportes &#8211; Orientaci\u00f3n"},"content":{"rendered":"<h2 style=\"text-align: justify;\">\u00bfQU\u00c9 ES EL DEPORTE DE ORIENTACI\u00d3N?<\/h2>\n<p style=\"text-align: justify;\"><a href=\"https:\/\/www.caudete.org\/ayuntamiento\/deportes-orientacion\/orientacion1\/\" rel=\"attachment wp-att-21552\"><img fetchpriority=\"high\" decoding=\"async\" class=\"size-full wp-image-21552 alignleft\" src=\"https:\/\/www.caudete.org\/ayuntamiento\/wp-content\/uploads\/2023\/03\/orientacion1.jpg\" rel='prettyPhoto' alt=\"\" width=\"279\" height=\"278\" srcset=\"https:\/\/www.caudete.org\/ayuntamiento\/wp-content\/uploads\/2023\/03\/orientacion1.jpg 279w, https:\/\/www.caudete.org\/ayuntamiento\/wp-content\/uploads\/2023\/03\/orientacion1-150x150.jpg 150w, https:\/\/www.caudete.org\/ayuntamiento\/wp-content\/uploads\/2023\/03\/orientacion1-60x60.jpg 60w\" sizes=\"(max-width: 279px) 100vw, 279px\" \/><\/a>Consiste en visitar un n\u00famero de puntos marcados en el terreno, bas\u00e1ndonos en la informaci\u00f3n que nos da un mapa y con la ayuda de una br\u00fajula si fuese necesario.<\/p>\n<h2 style=\"text-align: justify;\">\u00bfQU\u00c9 SON LOS CIRCUITOS PERMANENTES DE ORIENTACI\u00d3N?<\/h2>\n<p style=\"text-align: justify;\">Un circuito de orientaci\u00f3n permanente consiste en una zona sobre la que se sit\u00faan una serie de puntos de control de forma permanente. Los puntos de control se pueden agrupar a su vez de m\u00faltiples formas para elaborar distintos recorridos. La existencia de un circuito de orientaci\u00f3n permanente resulta de gran inter\u00e9s para la difusi\u00f3n y entrenamiento de este deporte.<\/p>\n<p style=\"text-align: justify;\">Un circuito de orientaci\u00f3n permanente puede cumplir varios objetivos:<\/p>\n<ul style=\"text-align: justify;\">\n<li>Presentar una nueva actividad de ocio<\/li>\n<li>Fomentar la difusi\u00f3n del deporte de orientaci\u00f3n<\/li>\n<li>Servir como lugar de entrenamiento, en especial por sus caracter\u00edsticas para menores de edad<\/li>\n<li>Realizaci\u00f3n de actividades por parte de grupos, incluidos los escolares, ya que la pr\u00e1ctica del deporte de orientaci\u00f3n se haya recogida dentro del curr\u00edculum de la educaci\u00f3n obligatoria<\/li>\n<\/ul>\n<h2 style=\"text-align: justify;\">CIRCUITO PERMANENTE CIUDAD DEPORTIVA ANTONIO AMOR\u00d3S<\/h2>\n<p style=\"text-align: justify;\"><a href=\"https:\/\/www.caudete.org\/ayuntamiento\/deportes-orientacion\/orientacion2\/\" rel=\"attachment wp-att-21553\"><img decoding=\"async\" class=\"size-full wp-image-21553 alignleft\" src=\"https:\/\/www.caudete.org\/ayuntamiento\/wp-content\/uploads\/2023\/03\/orientacion2.jpg\" rel='prettyPhoto' alt=\"\" width=\"259\" height=\"300\"><\/a>El MI Ayuntamiento de Caudete, a trav\u00e9s de su Concejal\u00eda de Deportes y en colaboraci\u00f3n con el club KUDT-O ha instalado dentro del recinto de la ciudad deportiva un total de 23 balizas o puntos de control, junto con carteles de salida y meta, constituyendo de esta forma el primer circuito permanente de orientaci\u00f3n de nuestra poblaci\u00f3n y de Castilla La Mancha.<\/p>\n<p style=\"text-align: justify;\">En este Circuito Permanente de Orientaci\u00f3n los puntos de control est\u00e1n identificados mediante una baliza en placa de metacrilato en los que figura el control y el sistema de marcaje para comprobar posteriormente si se ha realizado correctamente el recorrido.<\/p>\n<p style=\"text-align: justify;\">Este circuito permitir\u00e1 practicar la orientaci\u00f3n a todo aquel que lo desee de una forma f\u00e1cil y c\u00f3moda pues no supondr\u00e1 tener que realizar ning\u00fan esfuerzo a\u00f1adido a las ganas de correr y orientarse.<\/p>\n<p style=\"text-align: justify;\">Y lo mejor de todo LO PODEMOS HACER EN FAMILIA.<\/p>\n<h2 style=\"text-align: justify;\">\u00bfQU\u00c9 NECESITAMOS?<\/h2>\n<p style=\"text-align: justify;\">Un mapa, una br\u00fajula (en nuestro caso no es imprescindible) y ganas de hacer deporte.<\/p>\n<p style=\"text-align: justify;\">Un mapa que nos indicar\u00e1 en que posici\u00f3n est\u00e1n las balizas a lo largo y ancho de la ciudad deportiva.<\/p>\n<p style=\"text-align: justify;\">Una br\u00fajula que nos ayudar\u00e1 a orientar el mapa y colocarlo en la posici\u00f3n correcta para encontrar nuestras balizas.<\/p>\n<p style=\"text-align: justify;\">Los mapas est\u00e1n disponibles en la oficina de deportes de la ciudad deportiva y en la p\u00e1gina web del club KUDT-O (www.caudeteorientacion.blogspot.com.es) desde donde se podr\u00e1n descargar e imprimir de forma gratuita.<\/p>\n<p style=\"text-align: justify;\">Estos mapas contemplan varios recorridos seg\u00fan la dificultad que queramos practicar y se renovaran peri\u00f3dicamente con la finalidad que cada recorrido sea un nuevo reto a superar.<\/p>\n<h2 style=\"text-align: justify;\">TIPOS DE RECORRIDO<\/h2>\n<p style=\"text-align: justify;\">Todos los recorridos son aptos para ser realizados por personas con diversidad funcional f\u00edsica (movilidad reducida)<\/p>\n<p style=\"text-align: justify;\">AMARILLO: Recorrido (lineal) apto para todos, Distancia entre 700-900 mts<\/p>\n<p style=\"text-align: justify;\">NARANJA: Recorrido con distancia y dificultad intermedia, Distancia entre 1500 y 2000 mts.<\/p>\n<p style=\"text-align: justify;\">ROJO: Recorrido largo y dif\u00edcil t\u00e9cnicamente, Distancia entre 2000 y 3000 mts.<\/p>\n<p style=\"text-align: justify;\">SCORE: Recorrido libre, el corredor escoge la forma de llegar a todos los puntos. Este recorrido no dispone de sistema para comprobar si se ha realizado correctamente. Distancia en recorrido ideal 1200 mts<\/p>\n<h2 style=\"text-align: justify;\">\u00bfQU\u00c9 DEBEMOS HACER?<\/h2>\n<p style=\"text-align: justify;\"><a href=\"https:\/\/www.caudete.org\/ayuntamiento\/deportes-orientacion\/orientacion3\/\" rel=\"attachment wp-att-21554\"><img decoding=\"async\" class=\"size-full wp-image-21554 alignleft\" src=\"https:\/\/www.caudete.org\/ayuntamiento\/wp-content\/uploads\/2023\/03\/orientacion3.jpg\" rel='prettyPhoto' alt=\"\" width=\"427\" height=\"172\" srcset=\"https:\/\/www.caudete.org\/ayuntamiento\/wp-content\/uploads\/2023\/03\/orientacion3.jpg 427w, https:\/\/www.caudete.org\/ayuntamiento\/wp-content\/uploads\/2023\/03\/orientacion3-300x121.jpg 300w\" sizes=\"(max-width: 427px) 100vw, 427px\" \/><\/a>Pues muy sencillo: nos colocamos en el tri\u00e1ngulo de salida y recorremos todos los puntos indicados en el mapa siguiendo el orden establecido hasta llegar a la posici\u00f3n de meta. El m\u00e1s r\u00e1pido GANA.<\/p>\n<p style=\"text-align: justify;\">Ahora ya solo nos queda coger un mapa y hacer nuestro recorrido en el menor tiempo posible.<\/p>\n<p style=\"text-align: justify;\">El campo de c\u00e9sped artificial est\u00e1 <strong>PROHIBIDO ATRAVESARLO<\/strong>, y ser\u00e1 considerado <strong>zona privada<\/strong> a todos los efectos.<\/p>\n<h2 style=\"text-align: justify;\">TOMA DE TIEMPOS MEDIANTE CODIGOS QR<\/h2>\n<p style=\"text-align: justify;\"><a href=\"https:\/\/www.caudete.org\/ayuntamiento\/deportes-orientacion\/orientacion4\/\" rel=\"attachment wp-att-21555\"><img loading=\"lazy\" decoding=\"async\" class=\"size-full wp-image-21555 alignleft\" src=\"https:\/\/www.caudete.org\/ayuntamiento\/wp-content\/uploads\/2023\/03\/orientacion4.jpg\" rel='prettyPhoto' alt=\"\" width=\"277\" height=\"156\"><\/a>Como podr\u00e1s observar tanto el mapa como los carteles de salida y meta disponen de unos c\u00f3digos QR que nos permitir\u00e1n cronometrar nuestra carrera y compararla con otros corredores. Para ello DESCARGATE el tutorial \u201cCONTROL DE TIEMPOS CORREDORES\u201d y sigue sus instrucciones. Si tienes dudas ponte en contacto con los responsables de la Oficina de Deportes donde te ampliar\u00e1n la informaci\u00f3n o con el Club KUDT-O donde estar\u00e1n encantados de resolver tus preguntas.<\/p>\n<p>&nbsp;<\/p>\n<p>&nbsp;<\/p>\n<h2>TUTORIALES<\/h2>\n<p><a href=\"https:\/\/www.caudete.org\/ayuntamiento\/deportes-orientacion\/orientacion6\/\" rel=\"attachment wp-att-21558\"><img loading=\"lazy\" decoding=\"async\" class=\"size-full wp-image-21558 alignleft\" src=\"https:\/\/www.caudete.org\/ayuntamiento\/wp-content\/uploads\/2023\/03\/orientacion6.jpg\" rel='prettyPhoto' alt=\"\" width=\"178\" height=\"118\"><\/a><\/p>\n<p>&nbsp;<\/p>\n<p><a href=\"https:\/\/drive.google.com\/file\/d\/1UZsJdqx7q1z7AuklQL0oiAqGm_BS5OeG\/view?usp=sharing\" target=\"_blank\" rel=\"noopener nofollow\">Tutorial de Control&nbsp; de Tiempos de Corredores<\/a><\/p>\n<p>&nbsp;<\/p>\n<p>&nbsp;<\/p>\n<p><a href=\"https:\/\/www.caudete.org\/ayuntamiento\/deportes-orientacion\/orientacion5\/\" rel=\"attachment wp-att-21557\"><img loading=\"lazy\" decoding=\"async\" class=\"size-full wp-image-21557 alignleft\" src=\"https:\/\/www.caudete.org\/ayuntamiento\/wp-content\/uploads\/2023\/03\/orientacion5.jpg\" rel='prettyPhoto' alt=\"\" width=\"187\" height=\"118\"><\/a><\/p>\n<p>&nbsp;<\/p>\n<p><a href=\"https:\/\/drive.google.com\/file\/d\/1p_qu-mw3UGeHiSNHU50g-Iqwn8zYH1as\/view?usp=sharing\" target=\"_blank\" rel=\"noopener nofollow\">Tutorial de Control de Tiempos para Cronometradores<\/a><\/p>\n<p>&nbsp;<\/p>\n<p>&nbsp;<\/p>\n<hr>\n<h2>APPS<\/h2>\n<p><a href=\"https:\/\/www.caudete.org\/ayuntamiento\/deportes-orientacion\/orientacion8\/\" rel=\"attachment wp-att-21562\"><img loading=\"lazy\" decoding=\"async\" class=\"size-full wp-image-21562 alignleft\" src=\"https:\/\/www.caudete.org\/ayuntamiento\/wp-content\/uploads\/2023\/03\/orientacion8.jpg\" rel='prettyPhoto' alt=\"\" width=\"143\" height=\"107\"><\/a><\/p>\n<p>&nbsp;<\/p>\n<p><a href=\"https:\/\/goo.su\/fekpD\" target=\"_blank\" rel=\"noopener nofollow\">App Corredor<\/a><\/p>\n<p>&nbsp;<\/p>\n<p>&nbsp;<\/p>\n<p><a href=\"https:\/\/www.caudete.org\/ayuntamiento\/deportes-orientacion\/orientacion7\/\" rel=\"attachment wp-att-21561\"><img loading=\"lazy\" decoding=\"async\" class=\"size-full wp-image-21561 alignleft\" src=\"https:\/\/www.caudete.org\/ayuntamiento\/wp-content\/uploads\/2023\/03\/orientacion7.jpg\" rel='prettyPhoto' alt=\"\" width=\"141\" height=\"106\"><\/a><\/p>\n<p>&nbsp;<\/p>\n<p><a href=\"https:\/\/goo.su\/HJlTwli\" target=\"_blank\" rel=\"noopener nofollow\">App Esc\u00e1ner<\/a><\/p>\n<p>&nbsp;<\/p>\n<p style=\"text-align: left;\">&nbsp;<\/p>\n<p><a href=\"https:\/\/www.caudete.org\/ayuntamiento\/deportes-orientacion\/orientacion9\/\" rel=\"attachment wp-att-21563\"><img loading=\"lazy\" decoding=\"async\" class=\"size-full wp-image-21563 alignleft\" src=\"https:\/\/www.caudete.org\/ayuntamiento\/wp-content\/uploads\/2023\/03\/orientacion9.jpg\" rel='prettyPhoto' alt=\"\" width=\"169\" height=\"137\"><\/a><\/p>\n<p>&nbsp;<\/p>\n<p><a href=\"https:\/\/goo.su\/RIblTGZ\" target=\"_blank\" rel=\"noopener nofollow\">App Cronometrador<\/a><\/p>\n<p>&nbsp;<\/p>\n<p>&nbsp;<\/p>\n<hr>\n<h2>RECORRIDOS<\/h2>\n<p>&nbsp;<\/p>\n<table style=\"border-collapse: collapse; width: 100%;\">\n<tbody>\n<tr>\n<td style=\"width: 25%;\"><a href=\"https:\/\/drive.google.com\/file\/d\/17DMzBXaNhrq6bqwoS6pjjBk7fToYxh-X\/view?usp=share_link\" target=\"_blank\" rel=\"attachment noopener wp-att-21568\" rel=\"nofollow\"><img loading=\"lazy\" decoding=\"async\" class=\"aligncenter wp-image-21568 size-full\" src=\"https:\/\/www.caudete.org\/ayuntamiento\/wp-content\/uploads\/2023\/03\/amarillo-r1.jpg\" rel='prettyPhoto' alt=\"\" width=\"116\" height=\"167\"><\/a><\/p>\n<p style=\"text-align: center;\"><strong>AMARILLO R1<\/strong><\/p>\n<\/td>\n<td style=\"width: 25%;\"><a href=\"https:\/\/drive.google.com\/file\/d\/1DJ2GspWE3xE1LyqBVeuMU52Pg_OrETgY\/view?usp=share_link\" target=\"_blank\" rel=\"attachment noopener wp-att-21569\" rel=\"nofollow\"><img loading=\"lazy\" decoding=\"async\" class=\"aligncenter wp-image-21569 size-full\" src=\"https:\/\/www.caudete.org\/ayuntamiento\/wp-content\/uploads\/2023\/03\/amarillo-r2.jpg\" rel='prettyPhoto' alt=\"\" width=\"114\" height=\"164\"><\/a><\/p>\n<p style=\"text-align: center;\"><strong>AMARILLO R2<\/strong><\/p>\n<\/td>\n<td style=\"width: 25%;\"><a href=\"https:\/\/drive.google.com\/file\/d\/1SHhTUTqxMoHdRuwyewVr4iSXHvqMYarJ\/view?usp=share_link\" target=\"_blank\" rel=\"attachment noopener wp-att-21570\" rel=\"nofollow\"><img loading=\"lazy\" decoding=\"async\" class=\"aligncenter wp-image-21570 size-full\" src=\"https:\/\/www.caudete.org\/ayuntamiento\/wp-content\/uploads\/2023\/03\/naranja-r3.jpg\" rel='prettyPhoto' alt=\"\" width=\"114\" height=\"164\"><\/a><\/p>\n<p style=\"text-align: center;\"><strong>NARANJA R3<\/strong><\/p>\n<\/td>\n<td style=\"width: 25%;\"><a href=\"https:\/\/drive.google.com\/file\/d\/1NEmndKZZMhAg7A-Yxg9BJPXXdU_MlQIj\/view?usp=share_link\" target=\"_blank\" rel=\"attachment noopener wp-att-21571\" rel=\"nofollow\"><img loading=\"lazy\" decoding=\"async\" class=\"aligncenter wp-image-21571 size-full\" src=\"https:\/\/www.caudete.org\/ayuntamiento\/wp-content\/uploads\/2023\/03\/naranja-r4.jpg\" rel='prettyPhoto' alt=\"\" width=\"118\" height=\"170\"><\/a><\/p>\n<p style=\"text-align: center;\"><strong>NARANJA R4<\/strong><\/p>\n<\/td>\n<\/tr>\n<tr>\n<td style=\"width: 25%;\"><a href=\"https:\/\/drive.google.com\/file\/d\/1KHG5LK1-qMoCULKJPUsD1sfOIqmdpkE1\/view?usp=share_link\" target=\"_blank\" rel=\"attachment noopener wp-att-21572\" rel=\"nofollow\"><img loading=\"lazy\" decoding=\"async\" class=\"aligncenter wp-image-21572 size-full\" src=\"https:\/\/www.caudete.org\/ayuntamiento\/wp-content\/uploads\/2023\/03\/rojo-r5.jpg\" rel='prettyPhoto' alt=\"\" width=\"118\" height=\"170\"><\/a><\/p>\n<p style=\"text-align: center;\"><strong>ROJO R5<\/strong><\/p>\n<\/td>\n<td style=\"width: 25%;\"><a href=\"https:\/\/drive.google.com\/file\/d\/1LrSzZrxedqn7imrfryglENPnVVLoOYyk\/view?usp=share_link\" target=\"_blank\" rel=\"attachment noopener wp-att-21573\" rel=\"nofollow\"><img loading=\"lazy\" decoding=\"async\" class=\"aligncenter wp-image-21573 size-full\" src=\"https:\/\/www.caudete.org\/ayuntamiento\/wp-content\/uploads\/2023\/03\/rojo-r6.jpg\" rel='prettyPhoto' alt=\"\" width=\"117\" height=\"169\"><\/a><\/p>\n<p style=\"text-align: center;\"><strong>ROJO R6<\/strong><\/p>\n<\/td>\n<td style=\"width: 25%;\"><a href=\"https:\/\/drive.google.com\/file\/d\/1YE1BNo3En7qy6fm2xyy8eYb0ZrqttwLb\/view?usp=share_link\" target=\"_blank\" rel=\"attachment noopener wp-att-21574\" rel=\"nofollow\"><img loading=\"lazy\" decoding=\"async\" class=\"aligncenter wp-image-21574 size-full\" src=\"https:\/\/www.caudete.org\/ayuntamiento\/wp-content\/uploads\/2023\/03\/score-1.jpg\" rel='prettyPhoto' alt=\"\" width=\"120\" height=\"173\"><\/a><\/p>\n<p style=\"text-align: center;\"><strong>SCORE1<\/strong><\/p>\n<\/td>\n<td style=\"width: 25%;\"><a href=\"https:\/\/drive.google.com\/file\/d\/17veqRVgTq5e1ElKMnCtf_qg1qoQftShu\/view?usp=share_link\" target=\"_blank\" rel=\"attachment noopener wp-att-21575\" rel=\"nofollow\"><img loading=\"lazy\" decoding=\"async\" class=\"aligncenter wp-image-21575 size-full\" src=\"https:\/\/www.caudete.org\/ayuntamiento\/wp-content\/uploads\/2023\/03\/score-2.jpg\" rel='prettyPhoto' alt=\"\" width=\"120\" height=\"173\"><\/a><\/p>\n<p style=\"text-align: center;\"><strong>SCORE2<\/strong><\/p>\n<\/td>\n<\/tr>\n<\/tbody>\n<\/table>\n<p>&nbsp;<\/p>\n<p>&nbsp;<\/p>\n<p style=\"text-align: justify;\"><strong>Contacto Oficina de Deportes<\/strong><\/p>\n<p style=\"text-align: justify;\"><strong>965 827 316<\/strong><br \/>\n<a href=\"mailto:administracion@deportes.caudete.org\" target=\"_blank\" rel=\"noopener nofollow\">administracion@deportes.caudete.org<\/a><\/p>\n<p style=\"text-align: justify;\"><strong>Contacto KUDT-O<\/strong><\/p>\n<p style=\"text-align: justify;\"><a href=\"mailto:caudeteorientacion@gmail.com\" target=\"_blank\" rel=\"noopener nofollow\">caudeteorientacion@gmail.com<\/a><\/p>\n","protected":false},"excerpt":{"rendered":"<p>\u00bfQU\u00c9 ES EL DEPORTE DE ORIENTACI\u00d3N? Consiste en visitar un n\u00famero de puntos marcados en el terreno, bas\u00e1ndonos en la informaci\u00f3n que nos da un mapa y con la ayuda de una br\u00fajula si fuese necesario. \u00bfQU\u00c9 SON LOS CIRCUITOS PERMANENTES DE ORIENTACI\u00d3N? Un circuito de orientaci\u00f3n permanente consiste en una zona sobre la que &hellip;<\/p>\n","protected":false},"author":1,"featured_media":0,"parent":0,"menu_order":0,"comment_status":"closed","ping_status":"closed","template":"","meta":{"ngg_post_thumbnail":0,"footnotes":""},"categories":[122],"tags":[],"class_list":["post-21548","page","type-page","status-publish","hentry","category-deportes-2"],"yoast_head":"<!-- This site is optimized with the Yoast SEO plugin v27.4 - https:\/\/yoast.com\/product\/yoast-seo-wordpress\/ -->\n<title>Deportes - Orientaci\u00f3n - MI Ayuntamiento de Caudete<\/title>\n<meta name=\"description\" content=\"P\u00e1gina Oficial del Ayuntamiento de Caudete (Albacete)\" \/>\n<meta name=\"robots\" content=\"index, follow, max-snippet:-1, max-image-preview:large, max-video-preview:-1\" \/>\n<link rel=\"canonical\" href=\"https:\/\/www.caudete.org\/ayuntamiento\/deportes-orientacion\/\" \/>\n<meta property=\"og:locale\" content=\"es_ES\" \/>\n<meta property=\"og:type\" content=\"article\" \/>\n<meta property=\"og:title\" content=\"Deportes - Orientaci\u00f3n - MI Ayuntamiento de Caudete\" \/>\n<meta property=\"og:description\" content=\"P\u00e1gina Oficial del Ayuntamiento de Caudete (Albacete)\" \/>\n<meta property=\"og:url\" content=\"https:\/\/www.caudete.org\/ayuntamiento\/deportes-orientacion\/\" \/>\n<meta property=\"og:site_name\" content=\"MI Ayuntamiento de Caudete\" \/>\n<meta property=\"article:publisher\" content=\"https:\/\/www.facebook.com\/ayuntamientocaudete\/\" \/>\n<meta property=\"article:modified_time\" content=\"2023-03-03T11:53:21+00:00\" \/>\n<meta property=\"og:image\" content=\"https:\/\/www.caudete.org\/ayuntamiento\/wp-content\/uploads\/2023\/03\/orientacion1.jpg\" \/>\n<meta name=\"twitter:card\" content=\"summary_large_image\" \/>\n<meta name=\"twitter:label1\" content=\"Tiempo de lectura\" \/>\n\t<meta name=\"twitter:data1\" content=\"7 minutos\" \/>\n<script type=\"application\/ld+json\" class=\"yoast-schema-graph\">{\"@context\":\"https:\\\/\\\/schema.org\",\"@graph\":[{\"@type\":\"WebPage\",\"@id\":\"https:\\\/\\\/www.caudete.org\\\/ayuntamiento\\\/deportes-orientacion\\\/\",\"url\":\"https:\\\/\\\/www.caudete.org\\\/ayuntamiento\\\/deportes-orientacion\\\/\",\"name\":\"Deportes - Orientaci\u00f3n - MI Ayuntamiento de Caudete\",\"isPartOf\":{\"@id\":\"https:\\\/\\\/www.caudete.org\\\/ayuntamiento\\\/#website\"},\"primaryImageOfPage\":{\"@id\":\"https:\\\/\\\/www.caudete.org\\\/ayuntamiento\\\/deportes-orientacion\\\/#primaryimage\"},\"image\":{\"@id\":\"https:\\\/\\\/www.caudete.org\\\/ayuntamiento\\\/deportes-orientacion\\\/#primaryimage\"},\"thumbnailUrl\":\"https:\\\/\\\/www.caudete.org\\\/ayuntamiento\\\/wp-content\\\/uploads\\\/2023\\\/03\\\/orientacion1.jpg\",\"datePublished\":\"2023-03-01T11:34:31+00:00\",\"dateModified\":\"2023-03-03T11:53:21+00:00\",\"description\":\"P\u00e1gina Oficial del Ayuntamiento de Caudete (Albacete)\",\"breadcrumb\":{\"@id\":\"https:\\\/\\\/www.caudete.org\\\/ayuntamiento\\\/deportes-orientacion\\\/#breadcrumb\"},\"inLanguage\":\"es\",\"potentialAction\":[{\"@type\":\"ReadAction\",\"target\":[\"https:\\\/\\\/www.caudete.org\\\/ayuntamiento\\\/deportes-orientacion\\\/\"]}]},{\"@type\":\"ImageObject\",\"inLanguage\":\"es\",\"@id\":\"https:\\\/\\\/www.caudete.org\\\/ayuntamiento\\\/deportes-orientacion\\\/#primaryimage\",\"url\":\"https:\\\/\\\/www.caudete.org\\\/ayuntamiento\\\/wp-content\\\/uploads\\\/2023\\\/03\\\/orientacion1.jpg\",\"contentUrl\":\"https:\\\/\\\/www.caudete.org\\\/ayuntamiento\\\/wp-content\\\/uploads\\\/2023\\\/03\\\/orientacion1.jpg\",\"width\":279,\"height\":278},{\"@type\":\"BreadcrumbList\",\"@id\":\"https:\\\/\\\/www.caudete.org\\\/ayuntamiento\\\/deportes-orientacion\\\/#breadcrumb\",\"itemListElement\":[{\"@type\":\"ListItem\",\"position\":1,\"name\":\"Inicio\",\"item\":\"https:\\\/\\\/www.caudete.org\\\/ayuntamiento\\\/\"},{\"@type\":\"ListItem\",\"position\":2,\"name\":\"Deportes &#8211; Orientaci\u00f3n\"}]},{\"@type\":\"WebSite\",\"@id\":\"https:\\\/\\\/www.caudete.org\\\/ayuntamiento\\\/#website\",\"url\":\"https:\\\/\\\/www.caudete.org\\\/ayuntamiento\\\/\",\"name\":\"MI Ayuntamiento de Caudete\",\"description\":\"P\u00e1gina Oficial del MI Ayuntamiento de Caudete\",\"publisher\":{\"@id\":\"https:\\\/\\\/www.caudete.org\\\/ayuntamiento\\\/#organization\"},\"potentialAction\":[{\"@type\":\"SearchAction\",\"target\":{\"@type\":\"EntryPoint\",\"urlTemplate\":\"https:\\\/\\\/www.caudete.org\\\/ayuntamiento\\\/?s={search_term_string}\"},\"query-input\":{\"@type\":\"PropertyValueSpecification\",\"valueRequired\":true,\"valueName\":\"search_term_string\"}}],\"inLanguage\":\"es\"},{\"@type\":\"Organization\",\"@id\":\"https:\\\/\\\/www.caudete.org\\\/ayuntamiento\\\/#organization\",\"name\":\"Ayuntamiento de Caudete\",\"url\":\"https:\\\/\\\/www.caudete.org\\\/ayuntamiento\\\/\",\"logo\":{\"@type\":\"ImageObject\",\"inLanguage\":\"es\",\"@id\":\"https:\\\/\\\/www.caudete.org\\\/ayuntamiento\\\/#\\\/schema\\\/logo\\\/image\\\/\",\"url\":\"https:\\\/\\\/www.caudete.org\\\/ayuntamiento\\\/wp-content\\\/uploads\\\/2020\\\/11\\\/logo_ayuntamiento_caudete.jpg\",\"contentUrl\":\"https:\\\/\\\/www.caudete.org\\\/ayuntamiento\\\/wp-content\\\/uploads\\\/2020\\\/11\\\/logo_ayuntamiento_caudete.jpg\",\"width\":600,\"height\":150,\"caption\":\"Ayuntamiento de Caudete\"},\"image\":{\"@id\":\"https:\\\/\\\/www.caudete.org\\\/ayuntamiento\\\/#\\\/schema\\\/logo\\\/image\\\/\"},\"sameAs\":[\"https:\\\/\\\/www.facebook.com\\\/ayuntamientocaudete\\\/\",\"https:\\\/\\\/www.youtube.com\\\/channel\\\/UC6VztHaooNsGpw-tNoBEFnQ\"]}]}<\/script>\n<!-- \/ Yoast SEO plugin. -->","yoast_head_json":{"title":"Deportes - Orientaci\u00f3n - MI Ayuntamiento de Caudete","description":"P\u00e1gina Oficial del Ayuntamiento de Caudete (Albacete)","robots":{"index":"index","follow":"follow","max-snippet":"max-snippet:-1","max-image-preview":"max-image-preview:large","max-video-preview":"max-video-preview:-1"},"canonical":"https:\/\/www.caudete.org\/ayuntamiento\/deportes-orientacion\/","og_locale":"es_ES","og_type":"article","og_title":"Deportes - Orientaci\u00f3n - MI Ayuntamiento de Caudete","og_description":"P\u00e1gina Oficial del Ayuntamiento de Caudete (Albacete)","og_url":"https:\/\/www.caudete.org\/ayuntamiento\/deportes-orientacion\/","og_site_name":"MI Ayuntamiento de Caudete","article_publisher":"https:\/\/www.facebook.com\/ayuntamientocaudete\/","article_modified_time":"2023-03-03T11:53:21+00:00","og_image":[{"url":"https:\/\/www.caudete.org\/ayuntamiento\/wp-content\/uploads\/2023\/03\/orientacion1.jpg","type":"","width":"","height":""}],"twitter_card":"summary_large_image","twitter_misc":{"Tiempo de lectura":"7 minutos"},"schema":{"@context":"https:\/\/schema.org","@graph":[{"@type":"WebPage","@id":"https:\/\/www.caudete.org\/ayuntamiento\/deportes-orientacion\/","url":"https:\/\/www.caudete.org\/ayuntamiento\/deportes-orientacion\/","name":"Deportes - Orientaci\u00f3n - MI Ayuntamiento de Caudete","isPartOf":{"@id":"https:\/\/www.caudete.org\/ayuntamiento\/#website"},"primaryImageOfPage":{"@id":"https:\/\/www.caudete.org\/ayuntamiento\/deportes-orientacion\/#primaryimage"},"image":{"@id":"https:\/\/www.caudete.org\/ayuntamiento\/deportes-orientacion\/#primaryimage"},"thumbnailUrl":"https:\/\/www.caudete.org\/ayuntamiento\/wp-content\/uploads\/2023\/03\/orientacion1.jpg","datePublished":"2023-03-01T11:34:31+00:00","dateModified":"2023-03-03T11:53:21+00:00","description":"P\u00e1gina Oficial del Ayuntamiento de Caudete (Albacete)","breadcrumb":{"@id":"https:\/\/www.caudete.org\/ayuntamiento\/deportes-orientacion\/#breadcrumb"},"inLanguage":"es","potentialAction":[{"@type":"ReadAction","target":["https:\/\/www.caudete.org\/ayuntamiento\/deportes-orientacion\/"]}]},{"@type":"ImageObject","inLanguage":"es","@id":"https:\/\/www.caudete.org\/ayuntamiento\/deportes-orientacion\/#primaryimage","url":"https:\/\/www.caudete.org\/ayuntamiento\/wp-content\/uploads\/2023\/03\/orientacion1.jpg","contentUrl":"https:\/\/www.caudete.org\/ayuntamiento\/wp-content\/uploads\/2023\/03\/orientacion1.jpg","width":279,"height":278},{"@type":"BreadcrumbList","@id":"https:\/\/www.caudete.org\/ayuntamiento\/deportes-orientacion\/#breadcrumb","itemListElement":[{"@type":"ListItem","position":1,"name":"Inicio","item":"https:\/\/www.caudete.org\/ayuntamiento\/"},{"@type":"ListItem","position":2,"name":"Deportes &#8211; Orientaci\u00f3n"}]},{"@type":"WebSite","@id":"https:\/\/www.caudete.org\/ayuntamiento\/#website","url":"https:\/\/www.caudete.org\/ayuntamiento\/","name":"MI Ayuntamiento de Caudete","description":"P\u00e1gina Oficial del MI Ayuntamiento de Caudete","publisher":{"@id":"https:\/\/www.caudete.org\/ayuntamiento\/#organization"},"potentialAction":[{"@type":"SearchAction","target":{"@type":"EntryPoint","urlTemplate":"https:\/\/www.caudete.org\/ayuntamiento\/?s={search_term_string}"},"query-input":{"@type":"PropertyValueSpecification","valueRequired":true,"valueName":"search_term_string"}}],"inLanguage":"es"},{"@type":"Organization","@id":"https:\/\/www.caudete.org\/ayuntamiento\/#organization","name":"Ayuntamiento de Caudete","url":"https:\/\/www.caudete.org\/ayuntamiento\/","logo":{"@type":"ImageObject","inLanguage":"es","@id":"https:\/\/www.caudete.org\/ayuntamiento\/#\/schema\/logo\/image\/","url":"https:\/\/www.caudete.org\/ayuntamiento\/wp-content\/uploads\/2020\/11\/logo_ayuntamiento_caudete.jpg","contentUrl":"https:\/\/www.caudete.org\/ayuntamiento\/wp-content\/uploads\/2020\/11\/logo_ayuntamiento_caudete.jpg","width":600,"height":150,"caption":"Ayuntamiento de Caudete"},"image":{"@id":"https:\/\/www.caudete.org\/ayuntamiento\/#\/schema\/logo\/image\/"},"sameAs":["https:\/\/www.facebook.com\/ayuntamientocaudete\/","https:\/\/www.youtube.com\/channel\/UC6VztHaooNsGpw-tNoBEFnQ"]}]}},"_links":{"self":[{"href":"https:\/\/www.caudete.org\/ayuntamiento\/wp-json\/wp\/v2\/pages\/21548","targetHints":{"allow":["GET"]}}],"collection":[{"href":"https:\/\/www.caudete.org\/ayuntamiento\/wp-json\/wp\/v2\/pages"}],"about":[{"href":"https:\/\/www.caudete.org\/ayuntamiento\/wp-json\/wp\/v2\/types\/page"}],"author":[{"embeddable":true,"href":"https:\/\/www.caudete.org\/ayuntamiento\/wp-json\/wp\/v2\/users\/1"}],"replies":[{"embeddable":true,"href":"https:\/\/www.caudete.org\/ayuntamiento\/wp-json\/wp\/v2\/comments?post=21548"}],"version-history":[{"count":14,"href":"https:\/\/www.caudete.org\/ayuntamiento\/wp-json\/wp\/v2\/pages\/21548\/revisions"}],"predecessor-version":[{"id":21597,"href":"https:\/\/www.caudete.org\/ayuntamiento\/wp-json\/wp\/v2\/pages\/21548\/revisions\/21597"}],"wp:attachment":[{"href":"https:\/\/www.caudete.org\/ayuntamiento\/wp-json\/wp\/v2\/media?parent=21548"}],"wp:term":[{"taxonomy":"category","embeddable":true,"href":"https:\/\/www.caudete.org\/ayuntamiento\/wp-json\/wp\/v2\/categories?post=21548"},{"taxonomy":"post_tag","embeddable":true,"href":"https:\/\/www.caudete.org\/ayuntamiento\/wp-json\/wp\/v2\/tags?post=21548"}],"curies":[{"name":"wp","href":"https:\/\/api.w.org\/{rel}","templated":true}]}}