{"id":24978,"date":"2024-04-25T18:02:37","date_gmt":"2024-04-25T16:02:37","guid":{"rendered":"https:\/\/www.caudete.org\/ayuntamiento\/?page_id=24978"},"modified":"2024-04-25T18:33:58","modified_gmt":"2024-04-25T16:33:58","slug":"juventud-sala-de-estudios","status":"publish","type":"page","link":"https:\/\/www.caudete.org\/ayuntamiento\/juventud-sala-de-estudios\/","title":{"rendered":"Juventud &#8211; Sala de Estudios"},"content":{"rendered":"<p><a href=\"https:\/\/www.caudete.org\/ayuntamiento\/wp-content\/uploads\/2024\/04\/sala-estudios.jpg\" rel='prettyPhoto'><img fetchpriority=\"high\" decoding=\"async\" class=\"aligncenter size-full wp-image-24987\" src=\"https:\/\/www.caudete.org\/ayuntamiento\/wp-content\/uploads\/2024\/04\/sala-estudios.jpg\" alt=\"\" width=\"840\" height=\"400\" srcset=\"https:\/\/www.caudete.org\/ayuntamiento\/wp-content\/uploads\/2024\/04\/sala-estudios.jpg 840w, https:\/\/www.caudete.org\/ayuntamiento\/wp-content\/uploads\/2024\/04\/sala-estudios-300x143.jpg 300w, https:\/\/www.caudete.org\/ayuntamiento\/wp-content\/uploads\/2024\/04\/sala-estudios-768x366.jpg 768w\" sizes=\"(max-width: 840px) 100vw, 840px\" \/><\/a><\/p>\n<p>&nbsp;<\/p>\n<h3>SALA DE ESTUDIOS<\/h3>\n<p class=\"tm10\"><span class=\"tm11\">Sala para el estudio individual, con acceso a WIFI y tomas de corriente para equipos inform\u00e1ticos con aforo limitado.<\/span><\/p>\n<p class=\"tm10\"><span class=\"tm11\">Vigilancia con circuito cerrado de televisi\u00f3n con grabaci\u00f3n, alarmas de intrusi\u00f3n, control de climatizaci\u00f3n e iluminaci\u00f3n.<\/span><\/p>\n<p class=\"tm13\"><span class=\"tm11\">Contacto y comunicaci\u00f3n de incidencias: <\/span><strong><span class=\"tm11\">605 672 918 <\/span><\/strong><span class=\"tm11\">\/ <\/span><strong><span class=\"tm11\">965 827 034<\/span><\/strong><\/p>\n<p class=\"tm17\"><strong><span class=\"tm18\">HORARIO<\/span><\/strong><\/p>\n<p class=\"tm17\"><span class=\"tm11\">De 8:30 a 21:30 horas, de lunes a domingo, ininterrumpidamente<\/span><\/p>\n<p class=\"tm10\"><span class=\"tm11\"><strong>Aforo:<\/strong> 12 puestos<\/span><\/p>\n<p class=\"tm13\"><strong><span class=\"tm11\">Requisitos de acceso<\/span><\/strong><\/p>\n<p class=\"tm20\"><span class=\"tm11\">1. Tener cumplidos los 16 a\u00f1os o cumplirlos en el a\u00f1o vigente, y sin l\u00edmite de edad. En caso de no tener cumplidos los 18 a\u00f1os, deber\u00e1n contar con la autorizaci\u00f3n expresa de sus padres o tutores.<\/span><\/p>\n<p class=\"tm20\"><span class=\"tm11\">2. Justificaci\u00f3n de ser estudiante. Para ello\u00a0bastar\u00e1 con la aportaci\u00f3n de la matr\u00edcula del Centro Educativo en el que curse estudios. En caso de estudiantes de oposiciones, mediante declaraci\u00f3n jurada.<\/span><\/p>\n<p class=\"tm10\"><span class=\"tm11\">Para la utilizaci\u00f3n de la <strong>SALA DE ESTUDIOS<\/strong> deber\u00e1:<\/span><\/p>\n<p class=\"tm22\"><span class=\"tm23\">\u2022 <\/span><span class=\"tm11\">Rellenar formulario de solicitud para la impresi\u00f3n de la tarjeta de acceso a <strong>Sala de Estudios<\/strong> (Formulario de solicitud para descargar)<\/span><\/p>\n<p class=\"tm22\"><span class=\"tm23\">\u2022 <\/span><span class=\"tm11\">Una fotocopia de DNI. En caso de ser menor, se adjuntar\u00e1 una autorizaci\u00f3n firmada por su tutor con fotocopia del DNI del mismo<\/span><\/p>\n<p class=\"tm22\"><span class=\"tm23\">\u2022 <\/span><span class=\"tm11\">Para mayores de 18 a\u00f1os, fotocopia de matr\u00edcula del Centro Educativo en el que curse estudios, o declaraci\u00f3n jurada en caso de ser estudiante de oposiciones<\/span><\/p>\n<p class=\"tm10\"><span class=\"tm11\">La vigencia de la autorizaci\u00f3n ser\u00e1 de un a\u00f1o, renovable por anualidades unitarias siempre que se mantenga el cumplimiento de los hechos que permitieron otorgar la autorizaci\u00f3n.<\/span><\/p>\n<hr \/>\n<p>&nbsp;<\/p>\n<p class=\"tm13\"><strong><span class=\"tm11\">CARN\u00c9 SALA DE ESTUDIOS<\/span><\/strong><\/p>\n<p class=\"tm10\"><span class=\"tm11\">La tramitaci\u00f3n del carn\u00e9 puedes realizarla en el <strong>Centro de Informaci\u00f3n Juvenil<\/strong>.<\/span><\/p>\n<p class=\"tm10\"><span class=\"tm11\">\u00a0<\/span><\/p>\n<p class=\"tm13\"><span class=\"tm24\"> <img decoding=\"async\" class=\"aligncenter wp-image-24985\" src=\"https:\/\/www.caudete.org\/ayuntamiento\/wp-content\/uploads\/2024\/04\/Sala-Joven-Tarjetas-02.jpg\" alt=\"\" width=\"600\" height=\"391\" srcset=\"https:\/\/www.caudete.org\/ayuntamiento\/wp-content\/uploads\/2024\/04\/Sala-Joven-Tarjetas-02.jpg 1053w, https:\/\/www.caudete.org\/ayuntamiento\/wp-content\/uploads\/2024\/04\/Sala-Joven-Tarjetas-02-300x195.jpg 300w, https:\/\/www.caudete.org\/ayuntamiento\/wp-content\/uploads\/2024\/04\/Sala-Joven-Tarjetas-02-1024x667.jpg 1024w, https:\/\/www.caudete.org\/ayuntamiento\/wp-content\/uploads\/2024\/04\/Sala-Joven-Tarjetas-02-768x500.jpg 768w\" sizes=\"(max-width: 600px) 100vw, 600px\" \/><\/span><\/p>\n<p class=\"tm13\"><span class=\"tm24\">\u00a0<\/span><\/p>\n<p class=\"tm13\"><span class=\"tm24\">\u00a0<\/span><\/p>\n<p class=\"tm13\"><strong><span class=\"tm24\">SOLICITUD DE CARN\u00c9 SALA DE ESTUDIOS<\/span><\/strong><\/p>\n<p><a href=\"https:\/\/www.caudete.org\/ayuntamiento\/wp-content\/uploads\/2024\/04\/SOLICITUD-USO-SALA-ESTUDIOS.pdf\" class=\"mtli_attachment mtli_pdf\" target=\"_blank\" rel=\"noopener\">Descargar<\/a><\/p>\n<p class=\"tm13\"><strong><span class=\"tm24\">NORMATIVA SALA ESTUDIOS<\/span><\/strong><\/p>\n<p><a href=\"https:\/\/www.caudete.org\/ayuntamiento\/wp-content\/uploads\/2024\/04\/NORMATIVA-USO-SALA-ESTUDIOS.pdf\" class=\"mtli_attachment mtli_pdf\" target=\"_blank\" rel=\"noopener\">Descargar<\/a><\/p>\n<hr \/>\n<p class=\"tm13\"><strong><span class=\"tm11\">Direcci\u00f3n<\/span><\/strong><\/p>\n<p class=\"tm10\"><span class=\"tm11\">Calle Jos\u00e9 Ruiz Ruiz, 6<\/span><\/p>\n<p class=\"tm13\"><strong><span class=\"tm11\">M\u00e1s informaci\u00f3n<\/span><\/strong><\/p>\n<p class=\"tm13\"><span class=\"tm11\">Tel\u00e9fono <\/span><strong><span class=\"tm11\">965 828 284<\/span><\/strong><span class=\"tm11\">\/ <\/span><span class=\"tm11\"><strong>666 475 792<\/strong> <\/span><span class=\"tm11\">(Whatsapp) en horario de atenci\u00f3n al p\u00fablico.<\/span><\/p>\n<p>&nbsp;<\/p>\n<p><a href=\"https:\/\/www.caudete.org\/ayuntamiento\/wp-content\/uploads\/2024\/04\/WhatsApp-Image-2023-05-17-at-16.56.31.jpeg\" rel='prettyPhoto'><img decoding=\"async\" class=\"aligncenter size-full wp-image-24927\" src=\"https:\/\/www.caudete.org\/ayuntamiento\/wp-content\/uploads\/2024\/04\/WhatsApp-Image-2023-05-17-at-16.56.31.jpeg\" alt=\"\" width=\"2000\" height=\"1500\" srcset=\"https:\/\/www.caudete.org\/ayuntamiento\/wp-content\/uploads\/2024\/04\/WhatsApp-Image-2023-05-17-at-16.56.31.jpeg 2000w, https:\/\/www.caudete.org\/ayuntamiento\/wp-content\/uploads\/2024\/04\/WhatsApp-Image-2023-05-17-at-16.56.31-300x225.jpeg 300w, https:\/\/www.caudete.org\/ayuntamiento\/wp-content\/uploads\/2024\/04\/WhatsApp-Image-2023-05-17-at-16.56.31-1024x768.jpeg 1024w, https:\/\/www.caudete.org\/ayuntamiento\/wp-content\/uploads\/2024\/04\/WhatsApp-Image-2023-05-17-at-16.56.31-768x576.jpeg 768w, https:\/\/www.caudete.org\/ayuntamiento\/wp-content\/uploads\/2024\/04\/WhatsApp-Image-2023-05-17-at-16.56.31-1536x1152.jpeg 1536w\" sizes=\"(max-width: 2000px) 100vw, 2000px\" \/><\/a><\/p>\n<p>&nbsp;<\/p>\n","protected":false},"excerpt":{"rendered":"<p>&nbsp; SALA DE ESTUDIOS Sala para el estudio individual, con acceso a WIFI y tomas de corriente para equipos inform\u00e1ticos con aforo limitado. Vigilancia con circuito cerrado de televisi\u00f3n con grabaci\u00f3n, alarmas de intrusi\u00f3n, control de climatizaci\u00f3n e iluminaci\u00f3n. Contacto y comunicaci\u00f3n de incidencias: 605 672 918 \/ 965 827 034 HORARIO De 8:30 a &hellip;<\/p>\n","protected":false},"author":1,"featured_media":0,"parent":0,"menu_order":0,"comment_status":"closed","ping_status":"closed","template":"","meta":{"ngg_post_thumbnail":0,"footnotes":""},"categories":[22],"tags":[],"class_list":["post-24978","page","type-page","status-publish","hentry","category-juventud"],"yoast_head":"<!-- This site is optimized with the Yoast SEO plugin v27.5 - https:\/\/yoast.com\/product\/yoast-seo-wordpress\/ -->\n<title>Juventud - Sala de Estudios - MI Ayuntamiento de Caudete<\/title>\n<meta name=\"description\" content=\"P\u00e1gina Oficial del Ayuntamiento de Caudete (Albacete)\" \/>\n<meta name=\"robots\" content=\"index, follow, max-snippet:-1, max-image-preview:large, max-video-preview:-1\" \/>\n<link rel=\"canonical\" href=\"https:\/\/www.caudete.org\/ayuntamiento\/juventud-sala-de-estudios\/\" \/>\n<meta property=\"og:locale\" content=\"es_ES\" \/>\n<meta property=\"og:type\" content=\"article\" \/>\n<meta property=\"og:title\" content=\"Juventud - Sala de Estudios - MI Ayuntamiento de Caudete\" \/>\n<meta property=\"og:description\" content=\"P\u00e1gina Oficial del Ayuntamiento de Caudete (Albacete)\" \/>\n<meta property=\"og:url\" content=\"https:\/\/www.caudete.org\/ayuntamiento\/juventud-sala-de-estudios\/\" \/>\n<meta property=\"og:site_name\" content=\"MI Ayuntamiento de Caudete\" \/>\n<meta property=\"article:publisher\" content=\"https:\/\/www.facebook.com\/ayuntamientocaudete\/\" \/>\n<meta property=\"article:modified_time\" content=\"2024-04-25T16:33:58+00:00\" \/>\n<meta property=\"og:image\" content=\"https:\/\/www.caudete.org\/ayuntamiento\/wp-content\/uploads\/2024\/04\/sala-estudios.jpg\" \/>\n<meta name=\"twitter:card\" content=\"summary_large_image\" \/>\n<meta name=\"twitter:label1\" content=\"Tiempo de lectura\" \/>\n\t<meta name=\"twitter:data1\" content=\"2 minutos\" \/>\n<script type=\"application\/ld+json\" class=\"yoast-schema-graph\">{\"@context\":\"https:\\\/\\\/schema.org\",\"@graph\":[{\"@type\":\"WebPage\",\"@id\":\"https:\\\/\\\/www.caudete.org\\\/ayuntamiento\\\/juventud-sala-de-estudios\\\/\",\"url\":\"https:\\\/\\\/www.caudete.org\\\/ayuntamiento\\\/juventud-sala-de-estudios\\\/\",\"name\":\"Juventud - Sala de Estudios - MI Ayuntamiento de Caudete\",\"isPartOf\":{\"@id\":\"https:\\\/\\\/www.caudete.org\\\/ayuntamiento\\\/#website\"},\"primaryImageOfPage\":{\"@id\":\"https:\\\/\\\/www.caudete.org\\\/ayuntamiento\\\/juventud-sala-de-estudios\\\/#primaryimage\"},\"image\":{\"@id\":\"https:\\\/\\\/www.caudete.org\\\/ayuntamiento\\\/juventud-sala-de-estudios\\\/#primaryimage\"},\"thumbnailUrl\":\"https:\\\/\\\/www.caudete.org\\\/ayuntamiento\\\/wp-content\\\/uploads\\\/2024\\\/04\\\/sala-estudios.jpg\",\"datePublished\":\"2024-04-25T16:02:37+00:00\",\"dateModified\":\"2024-04-25T16:33:58+00:00\",\"description\":\"P\u00e1gina Oficial del Ayuntamiento de Caudete (Albacete)\",\"breadcrumb\":{\"@id\":\"https:\\\/\\\/www.caudete.org\\\/ayuntamiento\\\/juventud-sala-de-estudios\\\/#breadcrumb\"},\"inLanguage\":\"es\",\"potentialAction\":[{\"@type\":\"ReadAction\",\"target\":[\"https:\\\/\\\/www.caudete.org\\\/ayuntamiento\\\/juventud-sala-de-estudios\\\/\"]}]},{\"@type\":\"ImageObject\",\"inLanguage\":\"es\",\"@id\":\"https:\\\/\\\/www.caudete.org\\\/ayuntamiento\\\/juventud-sala-de-estudios\\\/#primaryimage\",\"url\":\"https:\\\/\\\/www.caudete.org\\\/ayuntamiento\\\/wp-content\\\/uploads\\\/2024\\\/04\\\/sala-estudios.jpg\",\"contentUrl\":\"https:\\\/\\\/www.caudete.org\\\/ayuntamiento\\\/wp-content\\\/uploads\\\/2024\\\/04\\\/sala-estudios.jpg\"},{\"@type\":\"BreadcrumbList\",\"@id\":\"https:\\\/\\\/www.caudete.org\\\/ayuntamiento\\\/juventud-sala-de-estudios\\\/#breadcrumb\",\"itemListElement\":[{\"@type\":\"ListItem\",\"position\":1,\"name\":\"Inicio\",\"item\":\"https:\\\/\\\/www.caudete.org\\\/ayuntamiento\\\/\"},{\"@type\":\"ListItem\",\"position\":2,\"name\":\"Juventud &#8211; Sala de Estudios\"}]},{\"@type\":\"WebSite\",\"@id\":\"https:\\\/\\\/www.caudete.org\\\/ayuntamiento\\\/#website\",\"url\":\"https:\\\/\\\/www.caudete.org\\\/ayuntamiento\\\/\",\"name\":\"MI Ayuntamiento de Caudete\",\"description\":\"P\u00e1gina Oficial del MI Ayuntamiento de Caudete\",\"potentialAction\":[{\"@type\":\"SearchAction\",\"target\":{\"@type\":\"EntryPoint\",\"urlTemplate\":\"https:\\\/\\\/www.caudete.org\\\/ayuntamiento\\\/?s={search_term_string}\"},\"query-input\":{\"@type\":\"PropertyValueSpecification\",\"valueRequired\":true,\"valueName\":\"search_term_string\"}}],\"inLanguage\":\"es\"}]}<\/script>\n<!-- \/ Yoast SEO plugin. -->","yoast_head_json":{"title":"Juventud - Sala de Estudios - MI Ayuntamiento de Caudete","description":"P\u00e1gina Oficial del Ayuntamiento de Caudete (Albacete)","robots":{"index":"index","follow":"follow","max-snippet":"max-snippet:-1","max-image-preview":"max-image-preview:large","max-video-preview":"max-video-preview:-1"},"canonical":"https:\/\/www.caudete.org\/ayuntamiento\/juventud-sala-de-estudios\/","og_locale":"es_ES","og_type":"article","og_title":"Juventud - Sala de Estudios - MI Ayuntamiento de Caudete","og_description":"P\u00e1gina Oficial del Ayuntamiento de Caudete (Albacete)","og_url":"https:\/\/www.caudete.org\/ayuntamiento\/juventud-sala-de-estudios\/","og_site_name":"MI Ayuntamiento de Caudete","article_publisher":"https:\/\/www.facebook.com\/ayuntamientocaudete\/","article_modified_time":"2024-04-25T16:33:58+00:00","og_image":[{"url":"https:\/\/www.caudete.org\/ayuntamiento\/wp-content\/uploads\/2024\/04\/sala-estudios.jpg","type":"","width":"","height":""}],"twitter_card":"summary_large_image","twitter_misc":{"Tiempo de lectura":"2 minutos"},"schema":{"@context":"https:\/\/schema.org","@graph":[{"@type":"WebPage","@id":"https:\/\/www.caudete.org\/ayuntamiento\/juventud-sala-de-estudios\/","url":"https:\/\/www.caudete.org\/ayuntamiento\/juventud-sala-de-estudios\/","name":"Juventud - Sala de Estudios - MI Ayuntamiento de Caudete","isPartOf":{"@id":"https:\/\/www.caudete.org\/ayuntamiento\/#website"},"primaryImageOfPage":{"@id":"https:\/\/www.caudete.org\/ayuntamiento\/juventud-sala-de-estudios\/#primaryimage"},"image":{"@id":"https:\/\/www.caudete.org\/ayuntamiento\/juventud-sala-de-estudios\/#primaryimage"},"thumbnailUrl":"https:\/\/www.caudete.org\/ayuntamiento\/wp-content\/uploads\/2024\/04\/sala-estudios.jpg","datePublished":"2024-04-25T16:02:37+00:00","dateModified":"2024-04-25T16:33:58+00:00","description":"P\u00e1gina Oficial del Ayuntamiento de Caudete (Albacete)","breadcrumb":{"@id":"https:\/\/www.caudete.org\/ayuntamiento\/juventud-sala-de-estudios\/#breadcrumb"},"inLanguage":"es","potentialAction":[{"@type":"ReadAction","target":["https:\/\/www.caudete.org\/ayuntamiento\/juventud-sala-de-estudios\/"]}]},{"@type":"ImageObject","inLanguage":"es","@id":"https:\/\/www.caudete.org\/ayuntamiento\/juventud-sala-de-estudios\/#primaryimage","url":"https:\/\/www.caudete.org\/ayuntamiento\/wp-content\/uploads\/2024\/04\/sala-estudios.jpg","contentUrl":"https:\/\/www.caudete.org\/ayuntamiento\/wp-content\/uploads\/2024\/04\/sala-estudios.jpg"},{"@type":"BreadcrumbList","@id":"https:\/\/www.caudete.org\/ayuntamiento\/juventud-sala-de-estudios\/#breadcrumb","itemListElement":[{"@type":"ListItem","position":1,"name":"Inicio","item":"https:\/\/www.caudete.org\/ayuntamiento\/"},{"@type":"ListItem","position":2,"name":"Juventud &#8211; Sala de Estudios"}]},{"@type":"WebSite","@id":"https:\/\/www.caudete.org\/ayuntamiento\/#website","url":"https:\/\/www.caudete.org\/ayuntamiento\/","name":"MI Ayuntamiento de Caudete","description":"P\u00e1gina Oficial del MI Ayuntamiento de Caudete","potentialAction":[{"@type":"SearchAction","target":{"@type":"EntryPoint","urlTemplate":"https:\/\/www.caudete.org\/ayuntamiento\/?s={search_term_string}"},"query-input":{"@type":"PropertyValueSpecification","valueRequired":true,"valueName":"search_term_string"}}],"inLanguage":"es"}]}},"_links":{"self":[{"href":"https:\/\/www.caudete.org\/ayuntamiento\/wp-json\/wp\/v2\/pages\/24978","targetHints":{"allow":["GET"]}}],"collection":[{"href":"https:\/\/www.caudete.org\/ayuntamiento\/wp-json\/wp\/v2\/pages"}],"about":[{"href":"https:\/\/www.caudete.org\/ayuntamiento\/wp-json\/wp\/v2\/types\/page"}],"author":[{"embeddable":true,"href":"https:\/\/www.caudete.org\/ayuntamiento\/wp-json\/wp\/v2\/users\/1"}],"replies":[{"embeddable":true,"href":"https:\/\/www.caudete.org\/ayuntamiento\/wp-json\/wp\/v2\/comments?post=24978"}],"version-history":[{"count":7,"href":"https:\/\/www.caudete.org\/ayuntamiento\/wp-json\/wp\/v2\/pages\/24978\/revisions"}],"predecessor-version":[{"id":24992,"href":"https:\/\/www.caudete.org\/ayuntamiento\/wp-json\/wp\/v2\/pages\/24978\/revisions\/24992"}],"wp:attachment":[{"href":"https:\/\/www.caudete.org\/ayuntamiento\/wp-json\/wp\/v2\/media?parent=24978"}],"wp:term":[{"taxonomy":"category","embeddable":true,"href":"https:\/\/www.caudete.org\/ayuntamiento\/wp-json\/wp\/v2\/categories?post=24978"},{"taxonomy":"post_tag","embeddable":true,"href":"https:\/\/www.caudete.org\/ayuntamiento\/wp-json\/wp\/v2\/tags?post=24978"}],"curies":[{"name":"wp","href":"https:\/\/api.w.org\/{rel}","templated":true}]}}