{"id":25398,"date":"2024-06-21T19:00:09","date_gmt":"2024-06-21T17:00:09","guid":{"rendered":"https:\/\/www.caudete.org\/ayuntamiento\/?page_id=25398"},"modified":"2024-06-21T19:59:49","modified_gmt":"2024-06-21T17:59:49","slug":"sanidad-asistencia-sanitaria","status":"publish","type":"page","link":"https:\/\/www.caudete.org\/ayuntamiento\/sanidad-asistencia-sanitaria\/","title":{"rendered":"Sanidad &#8211; Asistencia Sanitaria"},"content":{"rendered":"<h2>CENTRO DE SALUD<\/h2>\n<p>El Centro de Salud es un espacio perteneciente al \u00c1rea de Salud de Almansa, que atiende las patolog\u00edas generales de la poblaci\u00f3n de Caudete, as\u00ed como las urgencias. Tambi\u00e9n es PAC (punto de atenci\u00f3n continuada),\u00a0 centro registro de voluntades anticipadas y presta otros servicios administrativos de tipo socio-sanitario. La mayor\u00eda de las especialidades m\u00e9dico quir\u00fargicas son derivadas y atendidas en el Hospital de Almansa.<\/p>\n<p>Direcci\u00f3n: <strong>Avenida de Villena S\/N 02660 Caudete (Albacete)<\/strong><\/p>\n<p><strong>Abierto 24 horas<\/strong><\/p>\n<table class=\" alignleft\" style=\"width: 100%; height: 56px;\">\n<tbody>\n<tr style=\"height: 28px;\">\n<td style=\"height: 28px;\" width=\"321\"><span style=\"font-size: 14pt;\">CENTRALITA Y ATENCI\u00d3N PRIMARIA<\/span><\/td>\n<td style=\"height: 28px;\" width=\"321\"><span style=\"font-size: 14pt;\">96 582 5145<\/span><\/td>\n<\/tr>\n<tr style=\"height: 28px;\">\n<td style=\"height: 28px;\" width=\"321\"><span style=\"font-size: 14pt;\">URGENCIAS<\/span><\/td>\n<td style=\"height: 28px;\" width=\"321\"><span style=\"font-size: 14pt;\">96 582 53 35<\/span><\/td>\n<\/tr>\n<\/tbody>\n<\/table>\n<p>&nbsp;<\/p>\n<h2><a href=\"https:\/\/www.caudete.org\/ayuntamiento\/wp-content\/uploads\/2024\/06\/CENTRO-SALUD-CAUDETE1.jpg\" rel='prettyPhoto'><img fetchpriority=\"high\" decoding=\"async\" class=\"aligncenter size-full wp-image-25422\" src=\"https:\/\/www.caudete.org\/ayuntamiento\/wp-content\/uploads\/2024\/06\/CENTRO-SALUD-CAUDETE1.jpg\" alt=\"\" width=\"1200\" height=\"641\" srcset=\"https:\/\/www.caudete.org\/ayuntamiento\/wp-content\/uploads\/2024\/06\/CENTRO-SALUD-CAUDETE1.jpg 1200w, https:\/\/www.caudete.org\/ayuntamiento\/wp-content\/uploads\/2024\/06\/CENTRO-SALUD-CAUDETE1-300x160.jpg 300w, https:\/\/www.caudete.org\/ayuntamiento\/wp-content\/uploads\/2024\/06\/CENTRO-SALUD-CAUDETE1-1024x547.jpg 1024w, https:\/\/www.caudete.org\/ayuntamiento\/wp-content\/uploads\/2024\/06\/CENTRO-SALUD-CAUDETE1-768x410.jpg 768w\" sizes=\"(max-width: 1200px) 100vw, 1200px\" \/><\/a><\/h2>\n<p><a href=\"https:\/\/www.caudete.org\/ayuntamiento\/wp-content\/uploads\/2024\/06\/CENTRO-SALUD-CAUDETE3.jpg\" rel='prettyPhoto'><img decoding=\"async\" class=\"aligncenter size-full wp-image-25424\" src=\"https:\/\/www.caudete.org\/ayuntamiento\/wp-content\/uploads\/2024\/06\/CENTRO-SALUD-CAUDETE3.jpg\" alt=\"\" width=\"1200\" height=\"806\" srcset=\"https:\/\/www.caudete.org\/ayuntamiento\/wp-content\/uploads\/2024\/06\/CENTRO-SALUD-CAUDETE3.jpg 1200w, https:\/\/www.caudete.org\/ayuntamiento\/wp-content\/uploads\/2024\/06\/CENTRO-SALUD-CAUDETE3-300x202.jpg 300w, https:\/\/www.caudete.org\/ayuntamiento\/wp-content\/uploads\/2024\/06\/CENTRO-SALUD-CAUDETE3-1024x688.jpg 1024w, https:\/\/www.caudete.org\/ayuntamiento\/wp-content\/uploads\/2024\/06\/CENTRO-SALUD-CAUDETE3-768x516.jpg 768w\" sizes=\"(max-width: 1200px) 100vw, 1200px\" \/><\/a><\/p>\n<h2><\/h2>\n<h2>HOSPITAL GENERAL DE ALMANSA<\/h2>\n<p>Es el hospital de referencia para la poblaci\u00f3n de Caudete. Adem\u00e1s de su servicio de urgencias, all\u00ed se centralizan la mayor parte de las especialidades m\u00e9dicas y quir\u00fargicas, consultas externas, hospitalizaci\u00f3n y cuidados paliativos.<\/p>\n<p>Direcci\u00f3n:<strong> Avda. Circunvalaci\u00f3n, s\/n | Almansa (Albacete)<\/strong><\/p>\n<p>Tel\u00e9fono: <strong>967 33 95 00<\/strong><\/p>\n<p>&nbsp;<\/p>\n<p><a href=\"https:\/\/www.caudete.org\/ayuntamiento\/wp-content\/uploads\/2024\/06\/HOSPITAL-ALMANSA1.jpg\" rel='prettyPhoto'><img decoding=\"async\" class=\"aligncenter size-full wp-image-25436\" src=\"https:\/\/www.caudete.org\/ayuntamiento\/wp-content\/uploads\/2024\/06\/HOSPITAL-ALMANSA1.jpg\" alt=\"\" width=\"1200\" height=\"565\" srcset=\"https:\/\/www.caudete.org\/ayuntamiento\/wp-content\/uploads\/2024\/06\/HOSPITAL-ALMANSA1.jpg 1200w, https:\/\/www.caudete.org\/ayuntamiento\/wp-content\/uploads\/2024\/06\/HOSPITAL-ALMANSA1-300x141.jpg 300w, https:\/\/www.caudete.org\/ayuntamiento\/wp-content\/uploads\/2024\/06\/HOSPITAL-ALMANSA1-1024x482.jpg 1024w, https:\/\/www.caudete.org\/ayuntamiento\/wp-content\/uploads\/2024\/06\/HOSPITAL-ALMANSA1-768x362.jpg 768w\" sizes=\"(max-width: 1200px) 100vw, 1200px\" \/><\/a><\/p>\n<h2>TEL\u00c9FONOS DE INTER\u00c9S<\/h2>\n<table class=\" alignleft\" style=\"width: 100%;\" width=\"100%\">\n<tbody>\n<tr style=\"height: 28px;\">\n<td style=\"height: 28px;\" width=\"321\"><span style=\"font-size: 12pt;\">CENTRALITA HOSPITAL &#8211;\u00a0 967339500<\/span><\/td>\n<td style=\"height: 28px;\" width=\"321\"><span style=\"font-size: 12pt;\">Admisi\u00f3n Urgencias &#8211; 967339502<\/span><\/td>\n<\/tr>\n<tr style=\"height: 28px;\">\n<td style=\"height: 28px;\" width=\"321\"><span style=\"font-size: 12pt;\">Toco\/Ginecolog\u00eda &#8211; 967339702<\/span><\/td>\n<td style=\"height: 28px;\" width=\"321\"><span style=\"font-size: 12pt;\">Admisi\u00f3n Consultas externas &#8211; 967339503<\/span><\/td>\n<\/tr>\n<tr style=\"height: 28px;\">\n<td style=\"height: 28px;\" width=\"321\"><span style=\"font-size: 12pt;\">Traumatolog\u00eda &#8211; 967339703<\/span><\/td>\n<td style=\"height: 28px;\" width=\"321\"><span style=\"font-size: 12pt;\">Admisi\u00f3n Traslados &#8211; 967339504<\/span><\/td>\n<\/tr>\n<tr style=\"height: 28px;\">\n<td style=\"height: 28px;\" width=\"321\"><span style=\"font-size: 12pt;\">Pediatr\u00eda &#8211; 967339704<\/span><\/td>\n<td style=\"height: 28px;\" width=\"321\"><span style=\"font-size: 12pt;\">Atenci\u00f3n al paciente &#8211; 967339505<\/span><\/td>\n<\/tr>\n<tr style=\"height: 28px;\">\n<td style=\"height: 28px;\" width=\"321\"><span style=\"font-size: 12pt;\">Rehabilitaci\u00f3n &#8211; 967339705<\/span><\/td>\n<td style=\"height: 28px;\" width=\"321\"><span style=\"font-size: 12pt;\">Admisi\u00f3n Radiolog\u00eda &#8211; 967339507<\/span><\/td>\n<\/tr>\n<tr style=\"height: 28px;\">\n<td style=\"height: 28px;\" width=\"321\"><span style=\"font-size: 12pt;\">Anestesia &#8211; 967339706<\/span><\/td>\n<td style=\"height: 28px;\" width=\"321\"><span style=\"font-size: 12pt;\">Admisi\u00f3n Laboratorio &#8211; 967339509<\/span><\/td>\n<\/tr>\n<tr style=\"height: 28px;\">\n<td style=\"height: 28px;\" width=\"321\"><span style=\"font-size: 12pt;\">Psiquiatr\u00eda &#8211; 967339707<\/span><\/td>\n<td style=\"height: 28px;\" width=\"321\"><span style=\"font-size: 12pt;\">Control Cuidados Especiales &#8211; 967339511<\/span><\/td>\n<\/tr>\n<tr style=\"height: 28px;\">\n<td style=\"height: 28px;\" width=\"321\"><span style=\"font-size: 12pt;\">Neumolog\u00eda &#8211; 967339708<\/span><\/td>\n<td style=\"height: 28px;\" width=\"321\"><span style=\"font-size: 12pt;\">Admisi\u00f3n Quir\u00f3fanos &#8211; 967339512<\/span><\/td>\n<\/tr>\n<tr style=\"height: 28px;\">\n<td style=\"height: 28px;\" width=\"321\"><span style=\"font-size: 12pt;\">Endocrino &#8211; 967339709<\/span><\/td>\n<td style=\"height: 28px;\" width=\"321\"><span style=\"font-size: 12pt;\">Admisi\u00f3n Urgencias &#8211; 967339514<\/span><\/td>\n<\/tr>\n<tr style=\"height: 28px;\">\n<td style=\"height: 28px;\" width=\"321\"><span style=\"font-size: 12pt;\">Oftalmolog\u00eda &#8211; 967339711<\/span><\/td>\n<td style=\"height: 28px;\" width=\"321\"><span style=\"font-size: 12pt;\">Mantenimiento &#8211; 967339521<\/span><\/td>\n<\/tr>\n<tr style=\"height: 28px;\">\n<td style=\"height: 28px;\" width=\"321\"><span style=\"font-size: 12pt;\">Otorrino &#8211; 967339712<\/span><\/td>\n<td style=\"height: 28px;\" width=\"321\"><span style=\"font-size: 12pt;\">Seguridad &#8211; 967339522<\/span><\/td>\n<\/tr>\n<tr style=\"height: 28px;\">\n<td style=\"height: 28px;\" width=\"321\"><span style=\"font-size: 12pt;\">Geriatr\u00eda &#8211; 967339713<\/span><\/td>\n<td style=\"height: 28px;\" width=\"321\"><span style=\"font-size: 12pt;\">Registro &#8211; 967339525<\/span><\/td>\n<\/tr>\n<tr style=\"height: 28px;\">\n<td style=\"height: 28px;\" width=\"321\"><span style=\"font-size: 12pt;\">Neurofisiolog\u00eda &#8211; 967339715<\/span><\/td>\n<td style=\"height: 28px;\" width=\"321\"><span style=\"font-size: 12pt;\">Secretar\u00eda Gerencia &#8211; 967339526<\/span><\/td>\n<\/tr>\n<tr style=\"height: 28px;\">\n<td style=\"height: 28px;\" width=\"321\"><span style=\"font-size: 12pt;\">Digestivo &#8211; 967339718<\/span><\/td>\n<td style=\"height: 28px;\" width=\"321\"><span style=\"font-size: 12pt;\">Administraci\u00f3n Farmacia &#8211; 967339528<\/span><\/td>\n<\/tr>\n<tr style=\"height: 28px;\">\n<td style=\"height: 28px;\" width=\"321\"><span style=\"font-size: 12pt;\">Cardiolog\u00eda &#8211; 967339719<\/span><\/td>\n<td style=\"height: 28px;\" width=\"321\"><span style=\"font-size: 12pt;\">Secretar\u00eda Gesti\u00f3n &#8211; 967339529<\/span><\/td>\n<\/tr>\n<tr style=\"height: 28px;\">\n<td style=\"height: 28px;\" width=\"321\"><span style=\"font-size: 12pt;\">Gimnasio Fisioterapia &#8211; 967339720<\/span><\/td>\n<td style=\"height: 28px;\" width=\"321\"><span style=\"font-size: 12pt;\">Personal &#8211; 967339534<\/span><\/td>\n<\/tr>\n<tr style=\"height: 28px;\">\n<td style=\"height: 28px;\" width=\"321\"><span style=\"font-size: 12pt;\">Medicina Interna &#8211; 967339721<\/span><\/td>\n<td style=\"height: 28px;\" width=\"321\"><span style=\"font-size: 12pt;\">Suministros &#8211; 967339536<\/span><\/td>\n<\/tr>\n<tr style=\"height: 28px;\">\n<td style=\"height: 28px;\" width=\"321\"><span style=\"font-size: 12pt;\">Urolog\u00eda &#8211; 967339724<\/span><\/td>\n<td style=\"height: 28px;\" width=\"321\"><span style=\"font-size: 12pt;\">Contabilidad &#8211; 967339538<\/span><\/td>\n<\/tr>\n<tr style=\"height: 28px;\">\n<td style=\"height: 28px;\" width=\"321\"><span style=\"font-size: 12pt;\">Reumatolog\u00eda &#8211; 967339725<\/span><\/td>\n<td style=\"height: 28px;\" width=\"321\"><span style=\"font-size: 12pt;\">Cafeter\u00eda &#8211; 967339571<\/span><\/td>\n<\/tr>\n<tr style=\"height: 28px;\">\n<td style=\"height: 28px;\" width=\"321\"><span style=\"font-size: 12pt;\">Neurolog\u00eda &#8211; 967339726<\/span><\/td>\n<td style=\"height: 28px;\" width=\"321\"><span style=\"font-size: 12pt;\">Servicio Ambulancias &#8211; 967339574<\/span><\/td>\n<\/tr>\n<tr style=\"height: 28px;\">\n<td style=\"height: 28px;\" width=\"321\"><span style=\"font-size: 12pt;\">Cirug\u00eda &#8211; 967339727<\/span><\/td>\n<td style=\"height: 28px;\" width=\"321\"><span style=\"font-size: 12pt;\">Servicio de Inform\u00e1tica &#8211; 967339542<\/span><\/td>\n<\/tr>\n<tr style=\"height: 28px;\">\n<td style=\"height: 28px;\" width=\"321\"><span style=\"font-size: 12pt;\">Matrona &#8211; 967339728<\/span><\/td>\n<td style=\"height: 28px;\" width=\"321\"><\/td>\n<\/tr>\n<tr style=\"height: 28px;\">\n<td style=\"height: 28px;\" width=\"321\"><span style=\"font-size: 12pt;\">Alergia &#8211; 967339729<\/span><\/td>\n<td style=\"height: 28px;\" width=\"321\"><\/td>\n<\/tr>\n<tr style=\"height: 28px;\">\n<td style=\"height: 28px;\" width=\"321\"><span style=\"font-size: 12pt;\">Dermatolog\u00eda &#8211; 967339732<\/span><\/td>\n<td style=\"height: 28px;\" width=\"321\"><\/td>\n<\/tr>\n<\/tbody>\n<\/table>\n<p><a href=\"https:\/\/www.caudete.org\/ayuntamiento\/wp-content\/uploads\/2024\/06\/hospital-de-almansa-caudete-digital.jpg\" rel='prettyPhoto'><img loading=\"lazy\" decoding=\"async\" class=\"aligncenter size-full wp-image-25456\" src=\"https:\/\/www.caudete.org\/ayuntamiento\/wp-content\/uploads\/2024\/06\/hospital-de-almansa-caudete-digital.jpg\" alt=\"\" width=\"1024\" height=\"560\" srcset=\"https:\/\/www.caudete.org\/ayuntamiento\/wp-content\/uploads\/2024\/06\/hospital-de-almansa-caudete-digital.jpg 1024w, https:\/\/www.caudete.org\/ayuntamiento\/wp-content\/uploads\/2024\/06\/hospital-de-almansa-caudete-digital-300x164.jpg 300w, https:\/\/www.caudete.org\/ayuntamiento\/wp-content\/uploads\/2024\/06\/hospital-de-almansa-caudete-digital-768x420.jpg 768w\" sizes=\"(max-width: 1024px) 100vw, 1024px\" \/><\/a><\/p>\n<h2>P\u00c1GINA WEB<\/h2>\n<p><a href=\"https:\/\/sanidad.castillalamancha.es\" target=\"_blank\" rel=\"noopener nofollow\">https:\/\/sanidad.castillalamancha.es<\/a><\/p>\n","protected":false},"excerpt":{"rendered":"<p>CENTRO DE SALUD El Centro de Salud es un espacio perteneciente al \u00c1rea de Salud de Almansa, que atiende las patolog\u00edas generales de la poblaci\u00f3n de Caudete, as\u00ed como las urgencias. Tambi\u00e9n es PAC (punto de atenci\u00f3n continuada),\u00a0 centro registro de voluntades anticipadas y presta otros servicios administrativos de tipo socio-sanitario. La mayor\u00eda de las &hellip;<\/p>\n","protected":false},"author":1,"featured_media":0,"parent":0,"menu_order":0,"comment_status":"closed","ping_status":"closed","template":"","meta":{"ngg_post_thumbnail":0,"footnotes":""},"categories":[868],"tags":[],"class_list":["post-25398","page","type-page","status-publish","hentry","category-sanidad-2"],"yoast_head":"<!-- This site is optimized with the Yoast SEO plugin v27.5 - https:\/\/yoast.com\/product\/yoast-seo-wordpress\/ -->\n<title>Sanidad - Asistencia Sanitaria - MI Ayuntamiento de Caudete<\/title>\n<meta name=\"description\" content=\"P\u00e1gina Oficial del Ayuntamiento de Caudete (Albacete)\" \/>\n<meta name=\"robots\" content=\"index, follow, max-snippet:-1, max-image-preview:large, max-video-preview:-1\" \/>\n<link rel=\"canonical\" href=\"https:\/\/www.caudete.org\/ayuntamiento\/sanidad-asistencia-sanitaria\/\" \/>\n<meta property=\"og:locale\" content=\"es_ES\" \/>\n<meta property=\"og:type\" content=\"article\" \/>\n<meta property=\"og:title\" content=\"Sanidad - Asistencia Sanitaria - MI Ayuntamiento de Caudete\" \/>\n<meta property=\"og:description\" content=\"P\u00e1gina Oficial del Ayuntamiento de Caudete (Albacete)\" \/>\n<meta property=\"og:url\" content=\"https:\/\/www.caudete.org\/ayuntamiento\/sanidad-asistencia-sanitaria\/\" \/>\n<meta property=\"og:site_name\" content=\"MI Ayuntamiento de Caudete\" \/>\n<meta property=\"article:publisher\" content=\"https:\/\/www.facebook.com\/ayuntamientocaudete\/\" \/>\n<meta property=\"article:modified_time\" content=\"2024-06-21T17:59:49+00:00\" \/>\n<meta property=\"og:image\" content=\"https:\/\/www.caudete.org\/ayuntamiento\/wp-content\/uploads\/2024\/06\/CENTRO-SALUD-CAUDETE1.jpg\" \/>\n<meta name=\"twitter:card\" content=\"summary_large_image\" \/>\n<meta name=\"twitter:label1\" content=\"Tiempo de lectura\" \/>\n\t<meta name=\"twitter:data1\" content=\"2 minutos\" \/>\n<script type=\"application\/ld+json\" class=\"yoast-schema-graph\">{\"@context\":\"https:\\\/\\\/schema.org\",\"@graph\":[{\"@type\":\"WebPage\",\"@id\":\"https:\\\/\\\/www.caudete.org\\\/ayuntamiento\\\/sanidad-asistencia-sanitaria\\\/\",\"url\":\"https:\\\/\\\/www.caudete.org\\\/ayuntamiento\\\/sanidad-asistencia-sanitaria\\\/\",\"name\":\"Sanidad - Asistencia Sanitaria - MI Ayuntamiento de Caudete\",\"isPartOf\":{\"@id\":\"https:\\\/\\\/www.caudete.org\\\/ayuntamiento\\\/#website\"},\"primaryImageOfPage\":{\"@id\":\"https:\\\/\\\/www.caudete.org\\\/ayuntamiento\\\/sanidad-asistencia-sanitaria\\\/#primaryimage\"},\"image\":{\"@id\":\"https:\\\/\\\/www.caudete.org\\\/ayuntamiento\\\/sanidad-asistencia-sanitaria\\\/#primaryimage\"},\"thumbnailUrl\":\"https:\\\/\\\/www.caudete.org\\\/ayuntamiento\\\/wp-content\\\/uploads\\\/2024\\\/06\\\/CENTRO-SALUD-CAUDETE1.jpg\",\"datePublished\":\"2024-06-21T17:00:09+00:00\",\"dateModified\":\"2024-06-21T17:59:49+00:00\",\"description\":\"P\u00e1gina Oficial del Ayuntamiento de Caudete (Albacete)\",\"breadcrumb\":{\"@id\":\"https:\\\/\\\/www.caudete.org\\\/ayuntamiento\\\/sanidad-asistencia-sanitaria\\\/#breadcrumb\"},\"inLanguage\":\"es\",\"potentialAction\":[{\"@type\":\"ReadAction\",\"target\":[\"https:\\\/\\\/www.caudete.org\\\/ayuntamiento\\\/sanidad-asistencia-sanitaria\\\/\"]}]},{\"@type\":\"ImageObject\",\"inLanguage\":\"es\",\"@id\":\"https:\\\/\\\/www.caudete.org\\\/ayuntamiento\\\/sanidad-asistencia-sanitaria\\\/#primaryimage\",\"url\":\"https:\\\/\\\/www.caudete.org\\\/ayuntamiento\\\/wp-content\\\/uploads\\\/2024\\\/06\\\/CENTRO-SALUD-CAUDETE1.jpg\",\"contentUrl\":\"https:\\\/\\\/www.caudete.org\\\/ayuntamiento\\\/wp-content\\\/uploads\\\/2024\\\/06\\\/CENTRO-SALUD-CAUDETE1.jpg\"},{\"@type\":\"BreadcrumbList\",\"@id\":\"https:\\\/\\\/www.caudete.org\\\/ayuntamiento\\\/sanidad-asistencia-sanitaria\\\/#breadcrumb\",\"itemListElement\":[{\"@type\":\"ListItem\",\"position\":1,\"name\":\"Inicio\",\"item\":\"https:\\\/\\\/www.caudete.org\\\/ayuntamiento\\\/\"},{\"@type\":\"ListItem\",\"position\":2,\"name\":\"Sanidad &#8211; Asistencia Sanitaria\"}]},{\"@type\":\"WebSite\",\"@id\":\"https:\\\/\\\/www.caudete.org\\\/ayuntamiento\\\/#website\",\"url\":\"https:\\\/\\\/www.caudete.org\\\/ayuntamiento\\\/\",\"name\":\"MI Ayuntamiento de Caudete\",\"description\":\"P\u00e1gina Oficial del MI Ayuntamiento de Caudete\",\"potentialAction\":[{\"@type\":\"SearchAction\",\"target\":{\"@type\":\"EntryPoint\",\"urlTemplate\":\"https:\\\/\\\/www.caudete.org\\\/ayuntamiento\\\/?s={search_term_string}\"},\"query-input\":{\"@type\":\"PropertyValueSpecification\",\"valueRequired\":true,\"valueName\":\"search_term_string\"}}],\"inLanguage\":\"es\"}]}<\/script>\n<!-- \/ Yoast SEO plugin. -->","yoast_head_json":{"title":"Sanidad - Asistencia Sanitaria - MI Ayuntamiento de Caudete","description":"P\u00e1gina Oficial del Ayuntamiento de Caudete (Albacete)","robots":{"index":"index","follow":"follow","max-snippet":"max-snippet:-1","max-image-preview":"max-image-preview:large","max-video-preview":"max-video-preview:-1"},"canonical":"https:\/\/www.caudete.org\/ayuntamiento\/sanidad-asistencia-sanitaria\/","og_locale":"es_ES","og_type":"article","og_title":"Sanidad - Asistencia Sanitaria - MI Ayuntamiento de Caudete","og_description":"P\u00e1gina Oficial del Ayuntamiento de Caudete (Albacete)","og_url":"https:\/\/www.caudete.org\/ayuntamiento\/sanidad-asistencia-sanitaria\/","og_site_name":"MI Ayuntamiento de Caudete","article_publisher":"https:\/\/www.facebook.com\/ayuntamientocaudete\/","article_modified_time":"2024-06-21T17:59:49+00:00","og_image":[{"url":"https:\/\/www.caudete.org\/ayuntamiento\/wp-content\/uploads\/2024\/06\/CENTRO-SALUD-CAUDETE1.jpg","type":"","width":"","height":""}],"twitter_card":"summary_large_image","twitter_misc":{"Tiempo de lectura":"2 minutos"},"schema":{"@context":"https:\/\/schema.org","@graph":[{"@type":"WebPage","@id":"https:\/\/www.caudete.org\/ayuntamiento\/sanidad-asistencia-sanitaria\/","url":"https:\/\/www.caudete.org\/ayuntamiento\/sanidad-asistencia-sanitaria\/","name":"Sanidad - Asistencia Sanitaria - MI Ayuntamiento de Caudete","isPartOf":{"@id":"https:\/\/www.caudete.org\/ayuntamiento\/#website"},"primaryImageOfPage":{"@id":"https:\/\/www.caudete.org\/ayuntamiento\/sanidad-asistencia-sanitaria\/#primaryimage"},"image":{"@id":"https:\/\/www.caudete.org\/ayuntamiento\/sanidad-asistencia-sanitaria\/#primaryimage"},"thumbnailUrl":"https:\/\/www.caudete.org\/ayuntamiento\/wp-content\/uploads\/2024\/06\/CENTRO-SALUD-CAUDETE1.jpg","datePublished":"2024-06-21T17:00:09+00:00","dateModified":"2024-06-21T17:59:49+00:00","description":"P\u00e1gina Oficial del Ayuntamiento de Caudete (Albacete)","breadcrumb":{"@id":"https:\/\/www.caudete.org\/ayuntamiento\/sanidad-asistencia-sanitaria\/#breadcrumb"},"inLanguage":"es","potentialAction":[{"@type":"ReadAction","target":["https:\/\/www.caudete.org\/ayuntamiento\/sanidad-asistencia-sanitaria\/"]}]},{"@type":"ImageObject","inLanguage":"es","@id":"https:\/\/www.caudete.org\/ayuntamiento\/sanidad-asistencia-sanitaria\/#primaryimage","url":"https:\/\/www.caudete.org\/ayuntamiento\/wp-content\/uploads\/2024\/06\/CENTRO-SALUD-CAUDETE1.jpg","contentUrl":"https:\/\/www.caudete.org\/ayuntamiento\/wp-content\/uploads\/2024\/06\/CENTRO-SALUD-CAUDETE1.jpg"},{"@type":"BreadcrumbList","@id":"https:\/\/www.caudete.org\/ayuntamiento\/sanidad-asistencia-sanitaria\/#breadcrumb","itemListElement":[{"@type":"ListItem","position":1,"name":"Inicio","item":"https:\/\/www.caudete.org\/ayuntamiento\/"},{"@type":"ListItem","position":2,"name":"Sanidad &#8211; Asistencia Sanitaria"}]},{"@type":"WebSite","@id":"https:\/\/www.caudete.org\/ayuntamiento\/#website","url":"https:\/\/www.caudete.org\/ayuntamiento\/","name":"MI Ayuntamiento de Caudete","description":"P\u00e1gina Oficial del MI Ayuntamiento de Caudete","potentialAction":[{"@type":"SearchAction","target":{"@type":"EntryPoint","urlTemplate":"https:\/\/www.caudete.org\/ayuntamiento\/?s={search_term_string}"},"query-input":{"@type":"PropertyValueSpecification","valueRequired":true,"valueName":"search_term_string"}}],"inLanguage":"es"}]}},"_links":{"self":[{"href":"https:\/\/www.caudete.org\/ayuntamiento\/wp-json\/wp\/v2\/pages\/25398","targetHints":{"allow":["GET"]}}],"collection":[{"href":"https:\/\/www.caudete.org\/ayuntamiento\/wp-json\/wp\/v2\/pages"}],"about":[{"href":"https:\/\/www.caudete.org\/ayuntamiento\/wp-json\/wp\/v2\/types\/page"}],"author":[{"embeddable":true,"href":"https:\/\/www.caudete.org\/ayuntamiento\/wp-json\/wp\/v2\/users\/1"}],"replies":[{"embeddable":true,"href":"https:\/\/www.caudete.org\/ayuntamiento\/wp-json\/wp\/v2\/comments?post=25398"}],"version-history":[{"count":15,"href":"https:\/\/www.caudete.org\/ayuntamiento\/wp-json\/wp\/v2\/pages\/25398\/revisions"}],"predecessor-version":[{"id":25406,"href":"https:\/\/www.caudete.org\/ayuntamiento\/wp-json\/wp\/v2\/pages\/25398\/revisions\/25406"}],"wp:attachment":[{"href":"https:\/\/www.caudete.org\/ayuntamiento\/wp-json\/wp\/v2\/media?parent=25398"}],"wp:term":[{"taxonomy":"category","embeddable":true,"href":"https:\/\/www.caudete.org\/ayuntamiento\/wp-json\/wp\/v2\/categories?post=25398"},{"taxonomy":"post_tag","embeddable":true,"href":"https:\/\/www.caudete.org\/ayuntamiento\/wp-json\/wp\/v2\/tags?post=25398"}],"curies":[{"name":"wp","href":"https:\/\/api.w.org\/{rel}","templated":true}]}}