{"id":25460,"date":"2024-06-21T20:27:03","date_gmt":"2024-06-21T18:27:03","guid":{"rendered":"https:\/\/www.caudete.org\/ayuntamiento\/?page_id=25460"},"modified":"2024-06-21T20:27:40","modified_gmt":"2024-06-21T18:27:40","slug":"sanidad-donaciones-de-sangre","status":"publish","type":"page","link":"https:\/\/www.caudete.org\/ayuntamiento\/sanidad-donaciones-de-sangre\/","title":{"rendered":"Sanidad &#8211; Donaciones de Sangre"},"content":{"rendered":"<p><a href=\"https:\/\/www.caudete.org\/ayuntamiento\/wp-content\/uploads\/2024\/06\/DONACION-SANGRE2.jpg\" rel='prettyPhoto'><img fetchpriority=\"high\" decoding=\"async\" class=\"aligncenter size-full wp-image-25427\" src=\"https:\/\/www.caudete.org\/ayuntamiento\/wp-content\/uploads\/2024\/06\/DONACION-SANGRE2.jpg\" alt=\"\" width=\"1200\" height=\"751\" srcset=\"https:\/\/www.caudete.org\/ayuntamiento\/wp-content\/uploads\/2024\/06\/DONACION-SANGRE2.jpg 1200w, https:\/\/www.caudete.org\/ayuntamiento\/wp-content\/uploads\/2024\/06\/DONACION-SANGRE2-300x188.jpg 300w, https:\/\/www.caudete.org\/ayuntamiento\/wp-content\/uploads\/2024\/06\/DONACION-SANGRE2-1024x641.jpg 1024w, https:\/\/www.caudete.org\/ayuntamiento\/wp-content\/uploads\/2024\/06\/DONACION-SANGRE2-768x481.jpg 768w\" sizes=\"(max-width: 1200px) 100vw, 1200px\" \/><\/a><\/p>\n<h2>HERMANDAD DE DONANTES DE SANGRE DE ALBACETE<\/h2>\n<p>La Hermandad de Donantes de Sangre de Albacete es una asociaci\u00f3n socio-sanitaria sin \u00e1nimo de lucro, fundada en 1971, declarada de Utilidad P\u00fablica. La unidad m\u00f3vil de la Hermandad de Donan-tes realiza las extracciones desde hace d\u00e9cadas en el municipio de Caudete, en colaboraci\u00f3n con el M.I. Ayuntamiento. En los \u00faltimos a\u00f1os las extracciones se desarrollan de modo prioritario en el espa-cio socio cultural municipal LA SALA, junto al Polideportivo Municipal, Avenida de la Libertad N.\u00ba 4, normalmente en horario de tarde.<\/p>\n<h2>RECOMENDACIONES<\/h2>\n<ul>\n<li>Os recordamos que pod\u00e9is venir: Mujeres, 3 veces al a\u00f1o. Hombres, 4 veces al a\u00f1o<\/li>\n<li>Entre donaci\u00f3n y donaci\u00f3n deben pasar, al menos, dos meses<\/li>\n<li>No estar en ayunas<\/li>\n<li>No haber consumido alcohol<\/li>\n<li>Completar cuestionario con datos de filiaci\u00f3n y preguntas de salud<\/li>\n<li>Reconocimiento m\u00e9dico. Toma de tensi\u00f3n y comprobaci\u00f3n nivel hemoglobina.<\/li>\n<\/ul>\n<p>Tanto la Hermandad de Donantes como el Ayuntamiento de Caudete agradecen a todas las personas donantes este acto solidario, sencillo y an\u00f3nimo, que contribuye a salvar vidas, a la vez que animan a quienes no sean donantes a que colaboren en esta acci\u00f3n solidaria.<\/p>\n<p><a href=\"https:\/\/www.caudete.org\/ayuntamiento\/wp-content\/uploads\/2024\/06\/DONACION-SANGRE4.jpg\" rel='prettyPhoto'><img decoding=\"async\" class=\"aligncenter size-full wp-image-25429\" src=\"https:\/\/www.caudete.org\/ayuntamiento\/wp-content\/uploads\/2024\/06\/DONACION-SANGRE4.jpg\" alt=\"\" width=\"1200\" height=\"560\" srcset=\"https:\/\/www.caudete.org\/ayuntamiento\/wp-content\/uploads\/2024\/06\/DONACION-SANGRE4.jpg 1200w, https:\/\/www.caudete.org\/ayuntamiento\/wp-content\/uploads\/2024\/06\/DONACION-SANGRE4-300x140.jpg 300w, https:\/\/www.caudete.org\/ayuntamiento\/wp-content\/uploads\/2024\/06\/DONACION-SANGRE4-1024x478.jpg 1024w, https:\/\/www.caudete.org\/ayuntamiento\/wp-content\/uploads\/2024\/06\/DONACION-SANGRE4-768x358.jpg 768w\" sizes=\"(max-width: 1200px) 100vw, 1200px\" \/><\/a><\/p>\n<p>&nbsp;<\/p>\n<h2>CONTACTO Y M\u00c1S INFORMACI\u00d3N<\/h2>\n<p><strong>ALBACETE<\/strong><\/p>\n<p><a href=\"https:\/\/donantesdealbacete.org\" target=\"_blank\" rel=\"noopener nofollow\">https:\/\/donantesdealbacete.org<\/a><\/p>\n<p>Vest\u00edbulo del Hospital General. C\/ Hermanos Falc\u00f3, 37. 02008 Albacete. Telf. <strong>967 24 30 72<\/strong>. M\u00f3vil <strong>695 585 314<\/strong><\/p>\n<p><a href=\"mailto:donantes@donantesdealbacete.org\" target=\"_blank\" rel=\"noopener nofollow\">donantes@donantesdealbacete.org<\/a><\/p>\n<p><a href=\"mailto:hdsa3@hotmail.com\" target=\"_blank\" rel=\"noopener nofollow\">hdsa3@hotmail.com<\/a><\/p>\n<p><strong>CAUDETE<\/strong><\/p>\n<p>Delegado local: Javier Puche Ba\u00f1\u00f3n, animador Socio-Cultural del Centro de Mayores. <strong>96582 79 33<\/strong> (Ext.603)<\/p>\n<p>&nbsp;<\/p>\n<p><a href=\"https:\/\/www.caudete.org\/ayuntamiento\/wp-content\/uploads\/2024\/06\/DONACION-SANGRE5.jpg\" rel='prettyPhoto'><img decoding=\"async\" class=\"aligncenter size-full wp-image-25430\" src=\"https:\/\/www.caudete.org\/ayuntamiento\/wp-content\/uploads\/2024\/06\/DONACION-SANGRE5.jpg\" alt=\"\" width=\"1200\" height=\"664\" srcset=\"https:\/\/www.caudete.org\/ayuntamiento\/wp-content\/uploads\/2024\/06\/DONACION-SANGRE5.jpg 1200w, https:\/\/www.caudete.org\/ayuntamiento\/wp-content\/uploads\/2024\/06\/DONACION-SANGRE5-300x166.jpg 300w, https:\/\/www.caudete.org\/ayuntamiento\/wp-content\/uploads\/2024\/06\/DONACION-SANGRE5-1024x567.jpg 1024w, https:\/\/www.caudete.org\/ayuntamiento\/wp-content\/uploads\/2024\/06\/DONACION-SANGRE5-768x425.jpg 768w\" sizes=\"(max-width: 1200px) 100vw, 1200px\" \/><\/a><\/p>\n<p><a href=\"https:\/\/www.caudete.org\/ayuntamiento\/wp-content\/uploads\/2024\/06\/DONACION-SANGRE3.jpg\" rel='prettyPhoto'><img loading=\"lazy\" decoding=\"async\" class=\"aligncenter size-full wp-image-25428\" src=\"https:\/\/www.caudete.org\/ayuntamiento\/wp-content\/uploads\/2024\/06\/DONACION-SANGRE3.jpg\" alt=\"\" width=\"1200\" height=\"289\" srcset=\"https:\/\/www.caudete.org\/ayuntamiento\/wp-content\/uploads\/2024\/06\/DONACION-SANGRE3.jpg 1200w, https:\/\/www.caudete.org\/ayuntamiento\/wp-content\/uploads\/2024\/06\/DONACION-SANGRE3-300x72.jpg 300w, https:\/\/www.caudete.org\/ayuntamiento\/wp-content\/uploads\/2024\/06\/DONACION-SANGRE3-1024x247.jpg 1024w, https:\/\/www.caudete.org\/ayuntamiento\/wp-content\/uploads\/2024\/06\/DONACION-SANGRE3-768x185.jpg 768w\" sizes=\"(max-width: 1200px) 100vw, 1200px\" \/><\/a><\/p>\n","protected":false},"excerpt":{"rendered":"<p>HERMANDAD DE DONANTES DE SANGRE DE ALBACETE La Hermandad de Donantes de Sangre de Albacete es una asociaci\u00f3n socio-sanitaria sin \u00e1nimo de lucro, fundada en 1971, declarada de Utilidad P\u00fablica. La unidad m\u00f3vil de la Hermandad de Donan-tes realiza las extracciones desde hace d\u00e9cadas en el municipio de Caudete, en colaboraci\u00f3n con el M.I. Ayuntamiento. &hellip;<\/p>\n","protected":false},"author":1,"featured_media":0,"parent":0,"menu_order":0,"comment_status":"closed","ping_status":"closed","template":"","meta":{"ngg_post_thumbnail":0,"footnotes":""},"categories":[868],"tags":[],"class_list":["post-25460","page","type-page","status-publish","hentry","category-sanidad-2"],"yoast_head":"<!-- This site is optimized with the Yoast SEO plugin v27.5 - https:\/\/yoast.com\/product\/yoast-seo-wordpress\/ -->\n<title>Sanidad - Donaciones de Sangre - MI Ayuntamiento de Caudete<\/title>\n<meta name=\"description\" content=\"P\u00e1gina Oficial del Ayuntamiento de Caudete (Albacete)\" \/>\n<meta name=\"robots\" content=\"index, follow, max-snippet:-1, max-image-preview:large, max-video-preview:-1\" \/>\n<link rel=\"canonical\" href=\"https:\/\/www.caudete.org\/ayuntamiento\/sanidad-donaciones-de-sangre\/\" \/>\n<meta property=\"og:locale\" content=\"es_ES\" \/>\n<meta property=\"og:type\" content=\"article\" \/>\n<meta property=\"og:title\" content=\"Sanidad - Donaciones de Sangre - MI Ayuntamiento de Caudete\" \/>\n<meta property=\"og:description\" content=\"P\u00e1gina Oficial del Ayuntamiento de Caudete (Albacete)\" \/>\n<meta property=\"og:url\" content=\"https:\/\/www.caudete.org\/ayuntamiento\/sanidad-donaciones-de-sangre\/\" \/>\n<meta property=\"og:site_name\" content=\"MI Ayuntamiento de Caudete\" \/>\n<meta property=\"article:publisher\" content=\"https:\/\/www.facebook.com\/ayuntamientocaudete\/\" \/>\n<meta property=\"article:modified_time\" content=\"2024-06-21T18:27:40+00:00\" \/>\n<meta property=\"og:image\" content=\"https:\/\/www.caudete.org\/ayuntamiento\/wp-content\/uploads\/2024\/06\/DONACION-SANGRE2.jpg\" \/>\n<meta name=\"twitter:card\" content=\"summary_large_image\" \/>\n<meta name=\"twitter:label1\" content=\"Tiempo de lectura\" \/>\n\t<meta name=\"twitter:data1\" content=\"2 minutos\" \/>\n<script type=\"application\/ld+json\" class=\"yoast-schema-graph\">{\"@context\":\"https:\\\/\\\/schema.org\",\"@graph\":[{\"@type\":\"WebPage\",\"@id\":\"https:\\\/\\\/www.caudete.org\\\/ayuntamiento\\\/sanidad-donaciones-de-sangre\\\/\",\"url\":\"https:\\\/\\\/www.caudete.org\\\/ayuntamiento\\\/sanidad-donaciones-de-sangre\\\/\",\"name\":\"Sanidad - Donaciones de Sangre - MI Ayuntamiento de Caudete\",\"isPartOf\":{\"@id\":\"https:\\\/\\\/www.caudete.org\\\/ayuntamiento\\\/#website\"},\"primaryImageOfPage\":{\"@id\":\"https:\\\/\\\/www.caudete.org\\\/ayuntamiento\\\/sanidad-donaciones-de-sangre\\\/#primaryimage\"},\"image\":{\"@id\":\"https:\\\/\\\/www.caudete.org\\\/ayuntamiento\\\/sanidad-donaciones-de-sangre\\\/#primaryimage\"},\"thumbnailUrl\":\"https:\\\/\\\/www.caudete.org\\\/ayuntamiento\\\/wp-content\\\/uploads\\\/2024\\\/06\\\/DONACION-SANGRE2.jpg\",\"datePublished\":\"2024-06-21T18:27:03+00:00\",\"dateModified\":\"2024-06-21T18:27:40+00:00\",\"description\":\"P\u00e1gina Oficial del Ayuntamiento de Caudete (Albacete)\",\"breadcrumb\":{\"@id\":\"https:\\\/\\\/www.caudete.org\\\/ayuntamiento\\\/sanidad-donaciones-de-sangre\\\/#breadcrumb\"},\"inLanguage\":\"es\",\"potentialAction\":[{\"@type\":\"ReadAction\",\"target\":[\"https:\\\/\\\/www.caudete.org\\\/ayuntamiento\\\/sanidad-donaciones-de-sangre\\\/\"]}]},{\"@type\":\"ImageObject\",\"inLanguage\":\"es\",\"@id\":\"https:\\\/\\\/www.caudete.org\\\/ayuntamiento\\\/sanidad-donaciones-de-sangre\\\/#primaryimage\",\"url\":\"https:\\\/\\\/www.caudete.org\\\/ayuntamiento\\\/wp-content\\\/uploads\\\/2024\\\/06\\\/DONACION-SANGRE2.jpg\",\"contentUrl\":\"https:\\\/\\\/www.caudete.org\\\/ayuntamiento\\\/wp-content\\\/uploads\\\/2024\\\/06\\\/DONACION-SANGRE2.jpg\",\"width\":1200,\"height\":751},{\"@type\":\"BreadcrumbList\",\"@id\":\"https:\\\/\\\/www.caudete.org\\\/ayuntamiento\\\/sanidad-donaciones-de-sangre\\\/#breadcrumb\",\"itemListElement\":[{\"@type\":\"ListItem\",\"position\":1,\"name\":\"Inicio\",\"item\":\"https:\\\/\\\/www.caudete.org\\\/ayuntamiento\\\/\"},{\"@type\":\"ListItem\",\"position\":2,\"name\":\"Sanidad &#8211; Donaciones de Sangre\"}]},{\"@type\":\"WebSite\",\"@id\":\"https:\\\/\\\/www.caudete.org\\\/ayuntamiento\\\/#website\",\"url\":\"https:\\\/\\\/www.caudete.org\\\/ayuntamiento\\\/\",\"name\":\"MI Ayuntamiento de Caudete\",\"description\":\"P\u00e1gina Oficial del MI Ayuntamiento de Caudete\",\"potentialAction\":[{\"@type\":\"SearchAction\",\"target\":{\"@type\":\"EntryPoint\",\"urlTemplate\":\"https:\\\/\\\/www.caudete.org\\\/ayuntamiento\\\/?s={search_term_string}\"},\"query-input\":{\"@type\":\"PropertyValueSpecification\",\"valueRequired\":true,\"valueName\":\"search_term_string\"}}],\"inLanguage\":\"es\"}]}<\/script>\n<!-- \/ Yoast SEO plugin. -->","yoast_head_json":{"title":"Sanidad - Donaciones de Sangre - MI Ayuntamiento de Caudete","description":"P\u00e1gina Oficial del Ayuntamiento de Caudete (Albacete)","robots":{"index":"index","follow":"follow","max-snippet":"max-snippet:-1","max-image-preview":"max-image-preview:large","max-video-preview":"max-video-preview:-1"},"canonical":"https:\/\/www.caudete.org\/ayuntamiento\/sanidad-donaciones-de-sangre\/","og_locale":"es_ES","og_type":"article","og_title":"Sanidad - Donaciones de Sangre - MI Ayuntamiento de Caudete","og_description":"P\u00e1gina Oficial del Ayuntamiento de Caudete (Albacete)","og_url":"https:\/\/www.caudete.org\/ayuntamiento\/sanidad-donaciones-de-sangre\/","og_site_name":"MI Ayuntamiento de Caudete","article_publisher":"https:\/\/www.facebook.com\/ayuntamientocaudete\/","article_modified_time":"2024-06-21T18:27:40+00:00","og_image":[{"url":"https:\/\/www.caudete.org\/ayuntamiento\/wp-content\/uploads\/2024\/06\/DONACION-SANGRE2.jpg","type":"","width":"","height":""}],"twitter_card":"summary_large_image","twitter_misc":{"Tiempo de lectura":"2 minutos"},"schema":{"@context":"https:\/\/schema.org","@graph":[{"@type":"WebPage","@id":"https:\/\/www.caudete.org\/ayuntamiento\/sanidad-donaciones-de-sangre\/","url":"https:\/\/www.caudete.org\/ayuntamiento\/sanidad-donaciones-de-sangre\/","name":"Sanidad - Donaciones de Sangre - MI Ayuntamiento de Caudete","isPartOf":{"@id":"https:\/\/www.caudete.org\/ayuntamiento\/#website"},"primaryImageOfPage":{"@id":"https:\/\/www.caudete.org\/ayuntamiento\/sanidad-donaciones-de-sangre\/#primaryimage"},"image":{"@id":"https:\/\/www.caudete.org\/ayuntamiento\/sanidad-donaciones-de-sangre\/#primaryimage"},"thumbnailUrl":"https:\/\/www.caudete.org\/ayuntamiento\/wp-content\/uploads\/2024\/06\/DONACION-SANGRE2.jpg","datePublished":"2024-06-21T18:27:03+00:00","dateModified":"2024-06-21T18:27:40+00:00","description":"P\u00e1gina Oficial del Ayuntamiento de Caudete (Albacete)","breadcrumb":{"@id":"https:\/\/www.caudete.org\/ayuntamiento\/sanidad-donaciones-de-sangre\/#breadcrumb"},"inLanguage":"es","potentialAction":[{"@type":"ReadAction","target":["https:\/\/www.caudete.org\/ayuntamiento\/sanidad-donaciones-de-sangre\/"]}]},{"@type":"ImageObject","inLanguage":"es","@id":"https:\/\/www.caudete.org\/ayuntamiento\/sanidad-donaciones-de-sangre\/#primaryimage","url":"https:\/\/www.caudete.org\/ayuntamiento\/wp-content\/uploads\/2024\/06\/DONACION-SANGRE2.jpg","contentUrl":"https:\/\/www.caudete.org\/ayuntamiento\/wp-content\/uploads\/2024\/06\/DONACION-SANGRE2.jpg","width":1200,"height":751},{"@type":"BreadcrumbList","@id":"https:\/\/www.caudete.org\/ayuntamiento\/sanidad-donaciones-de-sangre\/#breadcrumb","itemListElement":[{"@type":"ListItem","position":1,"name":"Inicio","item":"https:\/\/www.caudete.org\/ayuntamiento\/"},{"@type":"ListItem","position":2,"name":"Sanidad &#8211; Donaciones de Sangre"}]},{"@type":"WebSite","@id":"https:\/\/www.caudete.org\/ayuntamiento\/#website","url":"https:\/\/www.caudete.org\/ayuntamiento\/","name":"MI Ayuntamiento de Caudete","description":"P\u00e1gina Oficial del MI Ayuntamiento de Caudete","potentialAction":[{"@type":"SearchAction","target":{"@type":"EntryPoint","urlTemplate":"https:\/\/www.caudete.org\/ayuntamiento\/?s={search_term_string}"},"query-input":{"@type":"PropertyValueSpecification","valueRequired":true,"valueName":"search_term_string"}}],"inLanguage":"es"}]}},"_links":{"self":[{"href":"https:\/\/www.caudete.org\/ayuntamiento\/wp-json\/wp\/v2\/pages\/25460","targetHints":{"allow":["GET"]}}],"collection":[{"href":"https:\/\/www.caudete.org\/ayuntamiento\/wp-json\/wp\/v2\/pages"}],"about":[{"href":"https:\/\/www.caudete.org\/ayuntamiento\/wp-json\/wp\/v2\/types\/page"}],"author":[{"embeddable":true,"href":"https:\/\/www.caudete.org\/ayuntamiento\/wp-json\/wp\/v2\/users\/1"}],"replies":[{"embeddable":true,"href":"https:\/\/www.caudete.org\/ayuntamiento\/wp-json\/wp\/v2\/comments?post=25460"}],"version-history":[{"count":2,"href":"https:\/\/www.caudete.org\/ayuntamiento\/wp-json\/wp\/v2\/pages\/25460\/revisions"}],"predecessor-version":[{"id":25478,"href":"https:\/\/www.caudete.org\/ayuntamiento\/wp-json\/wp\/v2\/pages\/25460\/revisions\/25478"}],"wp:attachment":[{"href":"https:\/\/www.caudete.org\/ayuntamiento\/wp-json\/wp\/v2\/media?parent=25460"}],"wp:term":[{"taxonomy":"category","embeddable":true,"href":"https:\/\/www.caudete.org\/ayuntamiento\/wp-json\/wp\/v2\/categories?post=25460"},{"taxonomy":"post_tag","embeddable":true,"href":"https:\/\/www.caudete.org\/ayuntamiento\/wp-json\/wp\/v2\/tags?post=25460"}],"curies":[{"name":"wp","href":"https:\/\/api.w.org\/{rel}","templated":true}]}}