{"id":25462,"date":"2024-06-21T20:53:57","date_gmt":"2024-06-21T18:53:57","guid":{"rendered":"https:\/\/www.caudete.org\/ayuntamiento\/?page_id=25462"},"modified":"2024-06-21T20:57:02","modified_gmt":"2024-06-21T18:57:02","slug":"sanidad-cardioproteccion","status":"publish","type":"page","link":"https:\/\/www.caudete.org\/ayuntamiento\/sanidad-cardioproteccion\/","title":{"rendered":"Sanidad &#8211; Cardioprotecci\u00f3n"},"content":{"rendered":"<p><img fetchpriority=\"high\" decoding=\"async\" class=\"aligncenter wp-image-25418\" src=\"https:\/\/www.caudete.org\/ayuntamiento\/wp-content\/uploads\/2024\/06\/CARDIOPROTECCION3-1024x341.jpg\" alt=\"\" width=\"600\" height=\"200\" srcset=\"https:\/\/www.caudete.org\/ayuntamiento\/wp-content\/uploads\/2024\/06\/CARDIOPROTECCION3-1024x341.jpg 1024w, https:\/\/www.caudete.org\/ayuntamiento\/wp-content\/uploads\/2024\/06\/CARDIOPROTECCION3-300x100.jpg 300w, https:\/\/www.caudete.org\/ayuntamiento\/wp-content\/uploads\/2024\/06\/CARDIOPROTECCION3-768x256.jpg 768w, https:\/\/www.caudete.org\/ayuntamiento\/wp-content\/uploads\/2024\/06\/CARDIOPROTECCION3.jpg 1200w\" sizes=\"(max-width: 600px) 100vw, 600px\" \/><\/p>\n<p>&nbsp;<\/p>\n<p>Frente a posibles accidentes card\u00edacos en espacios municipales, el Ayuntamiento de Caudete se ha habilitado de diferentes dispositivos DESA (Desfibrilador Externo Semiautom\u00e1tico). Diferentes trabajadoras\/es del Ayuntamiento se forman en el manejo b\u00e1sico de estos aparatos, con conceptos b\u00e1sicos de primeros auxilios, con el objetivo de salvar vidas. En caso de parada card\u00edaca, el DESA revierte la misma, consiguiendo evitar una muerte repentina y as\u00ed salvar vidas.<\/p>\n<p>Los desfibriladores DESA, conectados al t\u00f3rax del\/la paciente por medio de unos electrodos, son capaces de detectar la parada card\u00edaca cuando se debe a una fibrilaci\u00f3n ventricular (FV) y tambi\u00e9n es capaz de identificar las Taquicardias Ventriculares sin pulso, donde igualmente el bombeo de sangre es ineficaz.<\/p>\n<p>En la actualidad existen 6 espacios cardioprotegidos en el municipio:<\/p>\n<ul>\n<li>Casa de Cultura<\/li>\n<li>Centro de Mayores<\/li>\n<li>Polideportivo Municipal (2)<\/li>\n<li>Piscina Cubierta<\/li>\n<li>Polic\u00eda Municipal<\/li>\n<li>Edificio San Crist\u00f3bal &#8211; Protecci\u00f3n Civil<\/li>\n<\/ul>\n<p>&nbsp;<\/p>\n<p><a href=\"https:\/\/www.caudete.org\/ayuntamiento\/wp-content\/uploads\/2024\/06\/CARDIOPROTECCION.jpg\" rel='prettyPhoto'><img decoding=\"async\" class=\"aligncenter size-full wp-image-25416\" src=\"https:\/\/www.caudete.org\/ayuntamiento\/wp-content\/uploads\/2024\/06\/CARDIOPROTECCION.jpg\" alt=\"\" width=\"1131\" height=\"1200\" srcset=\"https:\/\/www.caudete.org\/ayuntamiento\/wp-content\/uploads\/2024\/06\/CARDIOPROTECCION.jpg 1131w, https:\/\/www.caudete.org\/ayuntamiento\/wp-content\/uploads\/2024\/06\/CARDIOPROTECCION-283x300.jpg 283w, https:\/\/www.caudete.org\/ayuntamiento\/wp-content\/uploads\/2024\/06\/CARDIOPROTECCION-965x1024.jpg 965w, https:\/\/www.caudete.org\/ayuntamiento\/wp-content\/uploads\/2024\/06\/CARDIOPROTECCION-768x815.jpg 768w\" sizes=\"(max-width: 1131px) 100vw, 1131px\" \/><\/a><\/p>\n","protected":false},"excerpt":{"rendered":"<p>&nbsp; Frente a posibles accidentes card\u00edacos en espacios municipales, el Ayuntamiento de Caudete se ha habilitado de diferentes dispositivos DESA (Desfibrilador Externo Semiautom\u00e1tico). Diferentes trabajadoras\/es del Ayuntamiento se forman en el manejo b\u00e1sico de estos aparatos, con conceptos b\u00e1sicos de primeros auxilios, con el objetivo de salvar vidas. En caso de parada card\u00edaca, el DESA &hellip;<\/p>\n","protected":false},"author":1,"featured_media":0,"parent":0,"menu_order":0,"comment_status":"closed","ping_status":"closed","template":"","meta":{"ngg_post_thumbnail":0,"footnotes":""},"categories":[868],"tags":[],"class_list":["post-25462","page","type-page","status-publish","hentry","category-sanidad-2"],"yoast_head":"<!-- This site is optimized with the Yoast SEO plugin v27.5 - https:\/\/yoast.com\/product\/yoast-seo-wordpress\/ -->\n<title>Sanidad - Cardioprotecci\u00f3n - MI Ayuntamiento de Caudete<\/title>\n<meta name=\"description\" content=\"P\u00e1gina Oficial del Ayuntamiento de Caudete (Albacete)\" \/>\n<meta name=\"robots\" content=\"index, follow, max-snippet:-1, max-image-preview:large, max-video-preview:-1\" \/>\n<link rel=\"canonical\" href=\"https:\/\/www.caudete.org\/ayuntamiento\/sanidad-cardioproteccion\/\" \/>\n<meta property=\"og:locale\" content=\"es_ES\" \/>\n<meta property=\"og:type\" content=\"article\" \/>\n<meta property=\"og:title\" content=\"Sanidad - Cardioprotecci\u00f3n - MI Ayuntamiento de Caudete\" \/>\n<meta property=\"og:description\" content=\"P\u00e1gina Oficial del Ayuntamiento de Caudete (Albacete)\" \/>\n<meta property=\"og:url\" content=\"https:\/\/www.caudete.org\/ayuntamiento\/sanidad-cardioproteccion\/\" \/>\n<meta property=\"og:site_name\" content=\"MI Ayuntamiento de Caudete\" \/>\n<meta property=\"article:publisher\" content=\"https:\/\/www.facebook.com\/ayuntamientocaudete\/\" \/>\n<meta property=\"article:modified_time\" content=\"2024-06-21T18:57:02+00:00\" \/>\n<meta property=\"og:image\" content=\"https:\/\/www.caudete.org\/ayuntamiento\/wp-content\/uploads\/2024\/06\/CARDIOPROTECCION3-1024x341.jpg\" \/>\n<meta name=\"twitter:card\" content=\"summary_large_image\" \/>\n<meta name=\"twitter:label1\" content=\"Tiempo de lectura\" \/>\n\t<meta name=\"twitter:data1\" content=\"2 minutos\" \/>\n<script type=\"application\/ld+json\" class=\"yoast-schema-graph\">{\"@context\":\"https:\\\/\\\/schema.org\",\"@graph\":[{\"@type\":\"WebPage\",\"@id\":\"https:\\\/\\\/www.caudete.org\\\/ayuntamiento\\\/sanidad-cardioproteccion\\\/\",\"url\":\"https:\\\/\\\/www.caudete.org\\\/ayuntamiento\\\/sanidad-cardioproteccion\\\/\",\"name\":\"Sanidad - Cardioprotecci\u00f3n - MI Ayuntamiento de Caudete\",\"isPartOf\":{\"@id\":\"https:\\\/\\\/www.caudete.org\\\/ayuntamiento\\\/#website\"},\"primaryImageOfPage\":{\"@id\":\"https:\\\/\\\/www.caudete.org\\\/ayuntamiento\\\/sanidad-cardioproteccion\\\/#primaryimage\"},\"image\":{\"@id\":\"https:\\\/\\\/www.caudete.org\\\/ayuntamiento\\\/sanidad-cardioproteccion\\\/#primaryimage\"},\"thumbnailUrl\":\"https:\\\/\\\/www.caudete.org\\\/ayuntamiento\\\/wp-content\\\/uploads\\\/2024\\\/06\\\/CARDIOPROTECCION3-1024x341.jpg\",\"datePublished\":\"2024-06-21T18:53:57+00:00\",\"dateModified\":\"2024-06-21T18:57:02+00:00\",\"description\":\"P\u00e1gina Oficial del Ayuntamiento de Caudete (Albacete)\",\"breadcrumb\":{\"@id\":\"https:\\\/\\\/www.caudete.org\\\/ayuntamiento\\\/sanidad-cardioproteccion\\\/#breadcrumb\"},\"inLanguage\":\"es\",\"potentialAction\":[{\"@type\":\"ReadAction\",\"target\":[\"https:\\\/\\\/www.caudete.org\\\/ayuntamiento\\\/sanidad-cardioproteccion\\\/\"]}]},{\"@type\":\"ImageObject\",\"inLanguage\":\"es\",\"@id\":\"https:\\\/\\\/www.caudete.org\\\/ayuntamiento\\\/sanidad-cardioproteccion\\\/#primaryimage\",\"url\":\"https:\\\/\\\/www.caudete.org\\\/ayuntamiento\\\/wp-content\\\/uploads\\\/2024\\\/06\\\/CARDIOPROTECCION3.jpg\",\"contentUrl\":\"https:\\\/\\\/www.caudete.org\\\/ayuntamiento\\\/wp-content\\\/uploads\\\/2024\\\/06\\\/CARDIOPROTECCION3.jpg\",\"width\":1200,\"height\":400},{\"@type\":\"BreadcrumbList\",\"@id\":\"https:\\\/\\\/www.caudete.org\\\/ayuntamiento\\\/sanidad-cardioproteccion\\\/#breadcrumb\",\"itemListElement\":[{\"@type\":\"ListItem\",\"position\":1,\"name\":\"Inicio\",\"item\":\"https:\\\/\\\/www.caudete.org\\\/ayuntamiento\\\/\"},{\"@type\":\"ListItem\",\"position\":2,\"name\":\"Sanidad &#8211; Cardioprotecci\u00f3n\"}]},{\"@type\":\"WebSite\",\"@id\":\"https:\\\/\\\/www.caudete.org\\\/ayuntamiento\\\/#website\",\"url\":\"https:\\\/\\\/www.caudete.org\\\/ayuntamiento\\\/\",\"name\":\"MI Ayuntamiento de Caudete\",\"description\":\"P\u00e1gina Oficial del MI Ayuntamiento de Caudete\",\"potentialAction\":[{\"@type\":\"SearchAction\",\"target\":{\"@type\":\"EntryPoint\",\"urlTemplate\":\"https:\\\/\\\/www.caudete.org\\\/ayuntamiento\\\/?s={search_term_string}\"},\"query-input\":{\"@type\":\"PropertyValueSpecification\",\"valueRequired\":true,\"valueName\":\"search_term_string\"}}],\"inLanguage\":\"es\"}]}<\/script>\n<!-- \/ Yoast SEO plugin. -->","yoast_head_json":{"title":"Sanidad - Cardioprotecci\u00f3n - MI Ayuntamiento de Caudete","description":"P\u00e1gina Oficial del Ayuntamiento de Caudete (Albacete)","robots":{"index":"index","follow":"follow","max-snippet":"max-snippet:-1","max-image-preview":"max-image-preview:large","max-video-preview":"max-video-preview:-1"},"canonical":"https:\/\/www.caudete.org\/ayuntamiento\/sanidad-cardioproteccion\/","og_locale":"es_ES","og_type":"article","og_title":"Sanidad - Cardioprotecci\u00f3n - MI Ayuntamiento de Caudete","og_description":"P\u00e1gina Oficial del Ayuntamiento de Caudete (Albacete)","og_url":"https:\/\/www.caudete.org\/ayuntamiento\/sanidad-cardioproteccion\/","og_site_name":"MI Ayuntamiento de Caudete","article_publisher":"https:\/\/www.facebook.com\/ayuntamientocaudete\/","article_modified_time":"2024-06-21T18:57:02+00:00","og_image":[{"url":"https:\/\/www.caudete.org\/ayuntamiento\/wp-content\/uploads\/2024\/06\/CARDIOPROTECCION3-1024x341.jpg","type":"","width":"","height":""}],"twitter_card":"summary_large_image","twitter_misc":{"Tiempo de lectura":"2 minutos"},"schema":{"@context":"https:\/\/schema.org","@graph":[{"@type":"WebPage","@id":"https:\/\/www.caudete.org\/ayuntamiento\/sanidad-cardioproteccion\/","url":"https:\/\/www.caudete.org\/ayuntamiento\/sanidad-cardioproteccion\/","name":"Sanidad - Cardioprotecci\u00f3n - MI Ayuntamiento de Caudete","isPartOf":{"@id":"https:\/\/www.caudete.org\/ayuntamiento\/#website"},"primaryImageOfPage":{"@id":"https:\/\/www.caudete.org\/ayuntamiento\/sanidad-cardioproteccion\/#primaryimage"},"image":{"@id":"https:\/\/www.caudete.org\/ayuntamiento\/sanidad-cardioproteccion\/#primaryimage"},"thumbnailUrl":"https:\/\/www.caudete.org\/ayuntamiento\/wp-content\/uploads\/2024\/06\/CARDIOPROTECCION3-1024x341.jpg","datePublished":"2024-06-21T18:53:57+00:00","dateModified":"2024-06-21T18:57:02+00:00","description":"P\u00e1gina Oficial del Ayuntamiento de Caudete (Albacete)","breadcrumb":{"@id":"https:\/\/www.caudete.org\/ayuntamiento\/sanidad-cardioproteccion\/#breadcrumb"},"inLanguage":"es","potentialAction":[{"@type":"ReadAction","target":["https:\/\/www.caudete.org\/ayuntamiento\/sanidad-cardioproteccion\/"]}]},{"@type":"ImageObject","inLanguage":"es","@id":"https:\/\/www.caudete.org\/ayuntamiento\/sanidad-cardioproteccion\/#primaryimage","url":"https:\/\/www.caudete.org\/ayuntamiento\/wp-content\/uploads\/2024\/06\/CARDIOPROTECCION3.jpg","contentUrl":"https:\/\/www.caudete.org\/ayuntamiento\/wp-content\/uploads\/2024\/06\/CARDIOPROTECCION3.jpg","width":1200,"height":400},{"@type":"BreadcrumbList","@id":"https:\/\/www.caudete.org\/ayuntamiento\/sanidad-cardioproteccion\/#breadcrumb","itemListElement":[{"@type":"ListItem","position":1,"name":"Inicio","item":"https:\/\/www.caudete.org\/ayuntamiento\/"},{"@type":"ListItem","position":2,"name":"Sanidad &#8211; Cardioprotecci\u00f3n"}]},{"@type":"WebSite","@id":"https:\/\/www.caudete.org\/ayuntamiento\/#website","url":"https:\/\/www.caudete.org\/ayuntamiento\/","name":"MI Ayuntamiento de Caudete","description":"P\u00e1gina Oficial del MI Ayuntamiento de Caudete","potentialAction":[{"@type":"SearchAction","target":{"@type":"EntryPoint","urlTemplate":"https:\/\/www.caudete.org\/ayuntamiento\/?s={search_term_string}"},"query-input":{"@type":"PropertyValueSpecification","valueRequired":true,"valueName":"search_term_string"}}],"inLanguage":"es"}]}},"_links":{"self":[{"href":"https:\/\/www.caudete.org\/ayuntamiento\/wp-json\/wp\/v2\/pages\/25462","targetHints":{"allow":["GET"]}}],"collection":[{"href":"https:\/\/www.caudete.org\/ayuntamiento\/wp-json\/wp\/v2\/pages"}],"about":[{"href":"https:\/\/www.caudete.org\/ayuntamiento\/wp-json\/wp\/v2\/types\/page"}],"author":[{"embeddable":true,"href":"https:\/\/www.caudete.org\/ayuntamiento\/wp-json\/wp\/v2\/users\/1"}],"replies":[{"embeddable":true,"href":"https:\/\/www.caudete.org\/ayuntamiento\/wp-json\/wp\/v2\/comments?post=25462"}],"version-history":[{"count":3,"href":"https:\/\/www.caudete.org\/ayuntamiento\/wp-json\/wp\/v2\/pages\/25462\/revisions"}],"predecessor-version":[{"id":25494,"href":"https:\/\/www.caudete.org\/ayuntamiento\/wp-json\/wp\/v2\/pages\/25462\/revisions\/25494"}],"wp:attachment":[{"href":"https:\/\/www.caudete.org\/ayuntamiento\/wp-json\/wp\/v2\/media?parent=25462"}],"wp:term":[{"taxonomy":"category","embeddable":true,"href":"https:\/\/www.caudete.org\/ayuntamiento\/wp-json\/wp\/v2\/categories?post=25462"},{"taxonomy":"post_tag","embeddable":true,"href":"https:\/\/www.caudete.org\/ayuntamiento\/wp-json\/wp\/v2\/tags?post=25462"}],"curies":[{"name":"wp","href":"https:\/\/api.w.org\/{rel}","templated":true}]}}