{"id":25465,"date":"2024-06-21T21:11:48","date_gmt":"2024-06-21T19:11:48","guid":{"rendered":"https:\/\/www.caudete.org\/ayuntamiento\/?page_id=25465"},"modified":"2025-12-16T14:13:03","modified_gmt":"2025-12-16T13:13:03","slug":"sanidad-asociaciones-sociosanitarias","status":"publish","type":"page","link":"https:\/\/www.caudete.org\/ayuntamiento\/sanidad-asociaciones-sociosanitarias\/","title":{"rendered":"Sanidad &#8211; Asociaciones Sociosanitarias"},"content":{"rendered":"<p><img fetchpriority=\"high\" decoding=\"async\" class=\"aligncenter wp-image-25415\" src=\"https:\/\/www.caudete.org\/ayuntamiento\/wp-content\/uploads\/2024\/06\/ASOCIACIONES.jpg\" alt=\"\" width=\"600\" height=\"336\" srcset=\"https:\/\/www.caudete.org\/ayuntamiento\/wp-content\/uploads\/2024\/06\/ASOCIACIONES.jpg 1200w, https:\/\/www.caudete.org\/ayuntamiento\/wp-content\/uploads\/2024\/06\/ASOCIACIONES-300x168.jpg 300w, https:\/\/www.caudete.org\/ayuntamiento\/wp-content\/uploads\/2024\/06\/ASOCIACIONES-1024x573.jpg 1024w, https:\/\/www.caudete.org\/ayuntamiento\/wp-content\/uploads\/2024\/06\/ASOCIACIONES-768x430.jpg 768w\" sizes=\"(max-width: 600px) 100vw, 600px\" \/><\/p>\n<p>Existen diversas <strong>asociaciones sociosanitarias locales<\/strong> con las que el Ayuntamiento de Caudete colabora y apoya de formas diversas. Algunas de ellas tambi\u00e9n disponen de convenios espec\u00edficos, o bien se presentan a diferentes convocatorias de subvenciones anuales para obtener ingresos para afrontar sus programaciones.<\/p>\n<p>El objetivo de ellas es mejorar la salud y calidad de vida de personas afectadas por alg\u00fan tipo de enfermedad y\/o realizar actividades de tipo preventivo. Tambi\u00e9n desarrollan una importante labor informativa, as\u00ed como de apoyo emocional para las personas afectadas por alguna patolog\u00eda.<\/p>\n<p>&nbsp;<\/p>\n<table class=\" alignleft\" style=\"width: 100%;\" width=\"100%\">\n<tbody>\n<tr>\n<td style=\"width: 23.6111%;\" width=\"174\"><span style=\"font-size: 12pt;\"><strong>ENTIDAD<\/strong><\/span><\/td>\n<td style=\"width: 36.1111%;\" width=\"306\"><span style=\"font-size: 12pt;\"><strong>FINALIDAD<\/strong><\/span><\/td>\n<td style=\"width: 38.7346%;\" width=\"163\"><span style=\"font-size: 12pt;\"><strong>CONTACTO<\/strong><\/span><\/td>\n<\/tr>\n<tr>\n<td style=\"width: 23.6111%;\" width=\"174\"><span style=\"font-size: 12pt;\">CRUZ ROJA<\/span><\/td>\n<td style=\"width: 36.1111%;\" width=\"306\"><span style=\"font-size: 12pt;\">Es la delegaci\u00f3n local de una entidad nacional e internacional. Su finalidad es proteger la vida y la salud, as\u00ed como garantizar el respeto al ser humano. Promueve el entendimiento mutuo, la amistad, la cooperaci\u00f3n y la paz duradera entre todos los pueblos.<\/span><\/td>\n<td style=\"width: 38.7346%;\" width=\"163\"><span style=\"font-size: 12pt;\"><a href=\"mailto:milancaudete@gmail.com\" target=\"_blank\" rel=\"nofollow\">milancaudete@gmail.com<\/a><\/span><\/p>\n<p><span style=\"font-size: 12pt;\">caudete@cruzroja.es<\/span><\/p>\n<p>&nbsp;<\/p>\n<p><span style=\"font-size: 12pt;\">Tel\u00e9fono: 965 82 80 34<\/span><\/p>\n<p>&nbsp;<\/td>\n<\/tr>\n<tr>\n<td style=\"width: 23.6111%;\" width=\"174\"><span style=\"font-size: 12pt;\">ASPRONA<\/span><\/td>\n<td style=\"width: 36.1111%;\" width=\"306\"><span style=\"font-size: 12pt;\">Es la delegaci\u00f3n local de una entidad regional. \u00a0Su objetivo es dar apoyos y oportunidades a personas con discapacidad intelectual o del desarrollo, promover calidad de vida, as\u00ed como una plena inclusi\u00f3n como ciudadanos\/as de pleno derecho en una sociedad justa y solidaria.<\/span><\/td>\n<td style=\"width: 38.7346%;\" width=\"163\"><span style=\"font-size: 12pt;\">caudete@asprona.org<\/span><\/p>\n<p>&nbsp;<\/p>\n<p><span style=\"font-size: 12pt;\">Tel\u00e9fono: 648 754 742<\/span><\/td>\n<\/tr>\n<tr>\n<td style=\"width: 23.6111%;\" width=\"174\"><span style=\"font-size: 12pt;\">ACAFEM<\/span><\/td>\n<td style=\"width: 36.1111%;\" width=\"306\"><span style=\"font-size: 12pt;\">Es una asociaci\u00f3n que atiende de modo integral a personas con alg\u00fan tipo de malestar ps\u00edquico, as\u00ed como a sus familias. Gestiona el CRPSL, acompa\u00f1ando a personas con dificultades de salud mental, apoyando las fortalezas, fomentando capacidades y proporcionando apoyos de modo individualizado para mejorar en la recuperaci\u00f3n.<\/span><\/td>\n<td style=\"width: 38.7346%;\" width=\"163\"><span style=\"font-size: 12pt;\"><a href=\"mailto:acafem@hotmail.com\" target=\"_blank\" rel=\"nofollow\">acafem@hotmail.com<\/a><\/span><\/p>\n<p>&nbsp;<\/p>\n<p><span style=\"font-size: 12pt;\">Tel\u00e9fono: <a href=\"https:\/\/www.google.com\/search?q=acafem+caudete&amp;sca_esv=d98042194cbb0008&amp;sca_upv=1&amp;rlz=1C1ONGR_esES1007ES1007&amp;sxsrf=ADLYWILYj8yK0wVaWd2hYe4jNM6a0IYoPw:1717591752374&amp;ei=yF5gZsy0Fp2hkdUPmsKNgAE&amp;gs_ssp=eJzj4tFP1zc0KkzLKswuyTZgtFIxqEgxMzRNTU60NDdJMUuzSLMyqEhL\" target=\"_blank\" rel=\"nofollow\">965 82 65 69<\/a><\/span><\/td>\n<\/tr>\n<tr>\n<td style=\"width: 23.6111%;\" width=\"174\"><span style=\"font-size: 12pt;\">ASOCIACI\u00d3N AMIGOS DE ALZHEIMER<\/span><\/td>\n<td style=\"width: 36.1111%;\" width=\"306\"><span style=\"font-size: 12pt;\">Es una entidad local que tiene el prop\u00f3sito de mejorar la calidad de vida del enfermos de alzheimer y otras demencias, mediante una atenci\u00f3n integral a trav\u00e9s de programas de estimulaci\u00f3n f\u00edsica y cognitiva. Gestiona un Centro de D\u00eda, talleres de rehabilitaci\u00f3n, servicios de respiro, ayuda a domicilio, transporte adaptado etc.<\/span><\/td>\n<td style=\"width: 38.7346%;\" width=\"163\"><span style=\"font-size: 12pt;\"><a href=\"mailto:alzheimer@caudete.org\" target=\"_blank\" rel=\"nofollow\">alzheimer@caudete.org<\/a><\/span><\/p>\n<p>&nbsp;<\/p>\n<p><span style=\"font-size: 12pt;\">Tel\u00e9fono: <a href=\"tel:965%20825%20747\" target=\"_blank\" rel=\"nofollow\">965 825 747<\/a><\/span><\/td>\n<\/tr>\n<tr>\n<td style=\"width: 23.6111%;\" width=\"174\"><span style=\"font-size: 12pt;\">ACALUCA<\/span><\/td>\n<td style=\"width: 36.1111%;\" width=\"306\"><span style=\"font-size: 12pt;\">Una asociaci\u00f3n sin \u00e1nimo de lucro, que defiende los derechos de las personas afectadas por el c\u00e1ncer. Luchamos contra el c\u00e1ncer aunando los esfuerzos de nuestra sociedad para disminuir el impacto causado por esta enfermedad y mejorar la calidad de vida del enfermo y sus familias. Prestamos informaci\u00f3n, asesoramiento, apoyo, tareas preventivas y de sensibilizaci\u00f3n etc.<\/span><\/td>\n<td style=\"width: 38.7346%;\" width=\"163\"><span style=\"font-size: 12pt;\"><a href=\"mailto:correo@acaluca.org\" target=\"_blank\" rel=\"nofollow\">correo@acaluca.org<\/a><\/span><\/p>\n<p>&nbsp;<\/p>\n<p><span style=\"font-size: 12pt;\">Tel\u00e9fono: 602 241 686<\/span><\/td>\n<\/tr>\n<tr>\n<td style=\"width: 23.6111%;\" width=\"174\"><span style=\"font-size: 12pt;\">ADICA<\/span><\/td>\n<td style=\"width: 36.1111%;\" width=\"306\"><span style=\"font-size: 12pt;\">La asociaci\u00f3n de diab\u00e9ticos de Caudete es una entidad que trabaja para la mejora de la salud y calidad de vida de sus usuarios\/as. Presta servicios de informaci\u00f3n y asesoramiento, realizando tambi\u00e9n talleres y charlas, as\u00ed como actividades de recaudaci\u00f3n y sensibilizaci\u00f3n como el \u201cGran Prix\u201d.<\/span><\/td>\n<td style=\"width: 38.7346%;\" width=\"163\"><span style=\"font-size: 12pt;\"><a href=\"mailto:raulesteve@hotmail.com\" target=\"_blank\" rel=\"nofollow\">raul-esteve@hotmail.com<\/a><\/span><\/p>\n<p>&nbsp;<\/p>\n<p><span style=\"font-size: 12pt;\">Tel\u00e9fono: 615138537<\/span><\/td>\n<\/tr>\n<tr>\n<td style=\"width: 23.6111%;\" width=\"174\"><span style=\"font-size: 12pt;\">ARCA<\/span><\/td>\n<td style=\"width: 36.1111%;\" width=\"306\"><span style=\"font-size: 12pt;\">La asociaci\u00f3n de alcoh\u00f3licos rehabilitados de Caudete presta apoyo a las personas afectadas por esta adicci\u00f3n, as\u00ed como asesoramiento a sus familias. Realiza actividades de sensibilizaci\u00f3n y concienciaci\u00f3n: charlas, mesas redondas, semanas informativas etc.<\/span><\/td>\n<td style=\"width: 38.7346%;\" width=\"163\"><span style=\"font-size: 12pt;\"><a href=\"mailto:jmanuel334@msn.com\" target=\"_blank\" rel=\"nofollow\">jmanuel334@msn.com<\/a><\/span><\/p>\n<p>&nbsp;<\/p>\n<p><span style=\"font-size: 12pt;\">Tel\u00e9fono 619884624<\/span><\/td>\n<\/tr>\n<tr>\n<td style=\"width: 23.6111%;\" width=\"174\"><span style=\"font-size: 12pt;\">AVANCE<\/span><\/td>\n<td style=\"width: 36.1111%;\" width=\"306\"><span style=\"font-size: 12pt;\">Es una entidad dedicada a atender personas con patolog\u00edas de fibromialgia y fatiga cr\u00f3nica. Realizan talleres de rehabilitaci\u00f3n, apoyo emocional, talleres ocupacionales, actividades divulgativas etc.<\/span><\/td>\n<td style=\"width: 38.7346%;\" width=\"163\"><span style=\"font-size: 12pt;\"><a href=\"mailto:avanceca1@gmail.com\" target=\"_blank\" rel=\"nofollow\">avanceca1@gmail.com<\/a><\/span><\/p>\n<p>&nbsp;<\/p>\n<p><span style=\"font-size: 12pt;\">Tel\u00e9fono 647472762<\/span><\/td>\n<\/tr>\n<tr>\n<td style=\"width: 23.6111%;\" width=\"174\"><span style=\"font-size: 12pt;\">INTEGRATEA-TDAH<\/span><\/td>\n<td style=\"width: 36.1111%;\" width=\"306\"><span style=\"font-size: 12pt;\">Una asociaci\u00f3n con la finalidad de atender dificultades asociadas al autismo y el TDAH. Van a realizar acciones terap\u00e9uticas para las personas afectactadas y sus familias, as\u00ed como\u00a0 actividades divulgativas y de sensibilizaci\u00f3n.<\/span><\/td>\n<td style=\"width: 38.7346%;\" width=\"163\"><span style=\"font-size: 12pt;\">integrateatdahcaudete@gmail.com<\/span><\/p>\n<p>&nbsp;<\/p>\n<p><span style=\"font-size: 12pt;\">Tel\u00e9fono 688944017<\/span><\/td>\n<\/tr>\n<tr>\n<td style=\"width: 23.6111%;\" width=\"174\"><span style=\"font-size: 12pt;\">SOMOS LA LECHE<\/span><\/p>\n<p>&nbsp;<\/td>\n<td style=\"width: 36.1111%;\" width=\"306\"><span style=\"font-size: 12pt;\">La Asociaci\u00f3n &#8220;Somos la Leche&#8221; promociona la lactancia materna, as\u00ed como la educaci\u00f3n y crianza de nuestros hijos\/as con amor, respeto mutuo e igualdad.<\/span><\/td>\n<td style=\"width: 38.7346%;\" width=\"163\"><span style=\"font-size: 12pt;\">somoslaleche@gmail.com<\/span><\/p>\n<p>&nbsp;<\/p>\n<p><span style=\"font-size: 12pt;\">Tel\u00e9fono 620 50 91 54<\/span><\/td>\n<\/tr>\n<\/tbody>\n<\/table>\n<p>&nbsp;<\/p>\n<p>&nbsp;<\/p>\n","protected":false},"excerpt":{"rendered":"<p>Existen diversas asociaciones sociosanitarias locales con las que el Ayuntamiento de Caudete colabora y apoya de formas diversas. Algunas de ellas tambi\u00e9n disponen de convenios espec\u00edficos, o bien se presentan a diferentes convocatorias de subvenciones anuales para obtener ingresos para afrontar sus programaciones. El objetivo de ellas es mejorar la salud y calidad de vida &hellip;<\/p>\n","protected":false},"author":1,"featured_media":0,"parent":0,"menu_order":0,"comment_status":"closed","ping_status":"closed","template":"","meta":{"ngg_post_thumbnail":0,"footnotes":""},"categories":[868],"tags":[],"class_list":["post-25465","page","type-page","status-publish","hentry","category-sanidad-2"],"yoast_head":"<!-- This site is optimized with the Yoast SEO plugin v27.5 - https:\/\/yoast.com\/product\/yoast-seo-wordpress\/ -->\n<title>Sanidad - Asociaciones Sociosanitarias - MI Ayuntamiento de Caudete<\/title>\n<meta name=\"description\" content=\"P\u00e1gina Oficial del Ayuntamiento de Caudete (Albacete)\" \/>\n<meta name=\"robots\" content=\"index, follow, max-snippet:-1, max-image-preview:large, max-video-preview:-1\" \/>\n<link rel=\"canonical\" href=\"https:\/\/www.caudete.org\/ayuntamiento\/sanidad-asociaciones-sociosanitarias\/\" \/>\n<meta property=\"og:locale\" content=\"es_ES\" \/>\n<meta property=\"og:type\" content=\"article\" \/>\n<meta property=\"og:title\" content=\"Sanidad - Asociaciones Sociosanitarias - MI Ayuntamiento de Caudete\" \/>\n<meta property=\"og:description\" content=\"P\u00e1gina Oficial del Ayuntamiento de Caudete (Albacete)\" \/>\n<meta property=\"og:url\" content=\"https:\/\/www.caudete.org\/ayuntamiento\/sanidad-asociaciones-sociosanitarias\/\" \/>\n<meta property=\"og:site_name\" content=\"MI Ayuntamiento de Caudete\" \/>\n<meta property=\"article:publisher\" content=\"https:\/\/www.facebook.com\/ayuntamientocaudete\/\" \/>\n<meta property=\"article:modified_time\" content=\"2025-12-16T13:13:03+00:00\" \/>\n<meta property=\"og:image\" content=\"https:\/\/www.caudete.org\/ayuntamiento\/wp-content\/uploads\/2024\/06\/ASOCIACIONES.jpg\" \/>\n\t<meta property=\"og:image:width\" content=\"1200\" \/>\n\t<meta property=\"og:image:height\" content=\"672\" \/>\n\t<meta property=\"og:image:type\" content=\"image\/jpeg\" \/>\n<meta name=\"twitter:card\" content=\"summary_large_image\" \/>\n<meta name=\"twitter:label1\" content=\"Tiempo de lectura\" \/>\n\t<meta name=\"twitter:data1\" content=\"3 minutos\" \/>\n<script type=\"application\/ld+json\" class=\"yoast-schema-graph\">{\"@context\":\"https:\\\/\\\/schema.org\",\"@graph\":[{\"@type\":\"WebPage\",\"@id\":\"https:\\\/\\\/www.caudete.org\\\/ayuntamiento\\\/sanidad-asociaciones-sociosanitarias\\\/\",\"url\":\"https:\\\/\\\/www.caudete.org\\\/ayuntamiento\\\/sanidad-asociaciones-sociosanitarias\\\/\",\"name\":\"Sanidad - Asociaciones Sociosanitarias - MI Ayuntamiento de Caudete\",\"isPartOf\":{\"@id\":\"https:\\\/\\\/www.caudete.org\\\/ayuntamiento\\\/#website\"},\"primaryImageOfPage\":{\"@id\":\"https:\\\/\\\/www.caudete.org\\\/ayuntamiento\\\/sanidad-asociaciones-sociosanitarias\\\/#primaryimage\"},\"image\":{\"@id\":\"https:\\\/\\\/www.caudete.org\\\/ayuntamiento\\\/sanidad-asociaciones-sociosanitarias\\\/#primaryimage\"},\"thumbnailUrl\":\"https:\\\/\\\/www.caudete.org\\\/ayuntamiento\\\/wp-content\\\/uploads\\\/2024\\\/06\\\/ASOCIACIONES.jpg\",\"datePublished\":\"2024-06-21T19:11:48+00:00\",\"dateModified\":\"2025-12-16T13:13:03+00:00\",\"description\":\"P\u00e1gina Oficial del Ayuntamiento de Caudete (Albacete)\",\"breadcrumb\":{\"@id\":\"https:\\\/\\\/www.caudete.org\\\/ayuntamiento\\\/sanidad-asociaciones-sociosanitarias\\\/#breadcrumb\"},\"inLanguage\":\"es\",\"potentialAction\":[{\"@type\":\"ReadAction\",\"target\":[\"https:\\\/\\\/www.caudete.org\\\/ayuntamiento\\\/sanidad-asociaciones-sociosanitarias\\\/\"]}]},{\"@type\":\"ImageObject\",\"inLanguage\":\"es\",\"@id\":\"https:\\\/\\\/www.caudete.org\\\/ayuntamiento\\\/sanidad-asociaciones-sociosanitarias\\\/#primaryimage\",\"url\":\"https:\\\/\\\/www.caudete.org\\\/ayuntamiento\\\/wp-content\\\/uploads\\\/2024\\\/06\\\/ASOCIACIONES.jpg\",\"contentUrl\":\"https:\\\/\\\/www.caudete.org\\\/ayuntamiento\\\/wp-content\\\/uploads\\\/2024\\\/06\\\/ASOCIACIONES.jpg\",\"width\":1200,\"height\":672},{\"@type\":\"BreadcrumbList\",\"@id\":\"https:\\\/\\\/www.caudete.org\\\/ayuntamiento\\\/sanidad-asociaciones-sociosanitarias\\\/#breadcrumb\",\"itemListElement\":[{\"@type\":\"ListItem\",\"position\":1,\"name\":\"Inicio\",\"item\":\"https:\\\/\\\/www.caudete.org\\\/ayuntamiento\\\/\"},{\"@type\":\"ListItem\",\"position\":2,\"name\":\"Sanidad &#8211; Asociaciones Sociosanitarias\"}]},{\"@type\":\"WebSite\",\"@id\":\"https:\\\/\\\/www.caudete.org\\\/ayuntamiento\\\/#website\",\"url\":\"https:\\\/\\\/www.caudete.org\\\/ayuntamiento\\\/\",\"name\":\"MI Ayuntamiento de Caudete\",\"description\":\"P\u00e1gina Oficial del MI Ayuntamiento de Caudete\",\"potentialAction\":[{\"@type\":\"SearchAction\",\"target\":{\"@type\":\"EntryPoint\",\"urlTemplate\":\"https:\\\/\\\/www.caudete.org\\\/ayuntamiento\\\/?s={search_term_string}\"},\"query-input\":{\"@type\":\"PropertyValueSpecification\",\"valueRequired\":true,\"valueName\":\"search_term_string\"}}],\"inLanguage\":\"es\"}]}<\/script>\n<!-- \/ Yoast SEO plugin. -->","yoast_head_json":{"title":"Sanidad - Asociaciones Sociosanitarias - MI Ayuntamiento de Caudete","description":"P\u00e1gina Oficial del Ayuntamiento de Caudete (Albacete)","robots":{"index":"index","follow":"follow","max-snippet":"max-snippet:-1","max-image-preview":"max-image-preview:large","max-video-preview":"max-video-preview:-1"},"canonical":"https:\/\/www.caudete.org\/ayuntamiento\/sanidad-asociaciones-sociosanitarias\/","og_locale":"es_ES","og_type":"article","og_title":"Sanidad - Asociaciones Sociosanitarias - MI Ayuntamiento de Caudete","og_description":"P\u00e1gina Oficial del Ayuntamiento de Caudete (Albacete)","og_url":"https:\/\/www.caudete.org\/ayuntamiento\/sanidad-asociaciones-sociosanitarias\/","og_site_name":"MI Ayuntamiento de Caudete","article_publisher":"https:\/\/www.facebook.com\/ayuntamientocaudete\/","article_modified_time":"2025-12-16T13:13:03+00:00","og_image":[{"width":1200,"height":672,"url":"https:\/\/www.caudete.org\/ayuntamiento\/wp-content\/uploads\/2024\/06\/ASOCIACIONES.jpg","type":"image\/jpeg"}],"twitter_card":"summary_large_image","twitter_misc":{"Tiempo de lectura":"3 minutos"},"schema":{"@context":"https:\/\/schema.org","@graph":[{"@type":"WebPage","@id":"https:\/\/www.caudete.org\/ayuntamiento\/sanidad-asociaciones-sociosanitarias\/","url":"https:\/\/www.caudete.org\/ayuntamiento\/sanidad-asociaciones-sociosanitarias\/","name":"Sanidad - Asociaciones Sociosanitarias - MI Ayuntamiento de Caudete","isPartOf":{"@id":"https:\/\/www.caudete.org\/ayuntamiento\/#website"},"primaryImageOfPage":{"@id":"https:\/\/www.caudete.org\/ayuntamiento\/sanidad-asociaciones-sociosanitarias\/#primaryimage"},"image":{"@id":"https:\/\/www.caudete.org\/ayuntamiento\/sanidad-asociaciones-sociosanitarias\/#primaryimage"},"thumbnailUrl":"https:\/\/www.caudete.org\/ayuntamiento\/wp-content\/uploads\/2024\/06\/ASOCIACIONES.jpg","datePublished":"2024-06-21T19:11:48+00:00","dateModified":"2025-12-16T13:13:03+00:00","description":"P\u00e1gina Oficial del Ayuntamiento de Caudete (Albacete)","breadcrumb":{"@id":"https:\/\/www.caudete.org\/ayuntamiento\/sanidad-asociaciones-sociosanitarias\/#breadcrumb"},"inLanguage":"es","potentialAction":[{"@type":"ReadAction","target":["https:\/\/www.caudete.org\/ayuntamiento\/sanidad-asociaciones-sociosanitarias\/"]}]},{"@type":"ImageObject","inLanguage":"es","@id":"https:\/\/www.caudete.org\/ayuntamiento\/sanidad-asociaciones-sociosanitarias\/#primaryimage","url":"https:\/\/www.caudete.org\/ayuntamiento\/wp-content\/uploads\/2024\/06\/ASOCIACIONES.jpg","contentUrl":"https:\/\/www.caudete.org\/ayuntamiento\/wp-content\/uploads\/2024\/06\/ASOCIACIONES.jpg","width":1200,"height":672},{"@type":"BreadcrumbList","@id":"https:\/\/www.caudete.org\/ayuntamiento\/sanidad-asociaciones-sociosanitarias\/#breadcrumb","itemListElement":[{"@type":"ListItem","position":1,"name":"Inicio","item":"https:\/\/www.caudete.org\/ayuntamiento\/"},{"@type":"ListItem","position":2,"name":"Sanidad &#8211; Asociaciones Sociosanitarias"}]},{"@type":"WebSite","@id":"https:\/\/www.caudete.org\/ayuntamiento\/#website","url":"https:\/\/www.caudete.org\/ayuntamiento\/","name":"MI Ayuntamiento de Caudete","description":"P\u00e1gina Oficial del MI Ayuntamiento de Caudete","potentialAction":[{"@type":"SearchAction","target":{"@type":"EntryPoint","urlTemplate":"https:\/\/www.caudete.org\/ayuntamiento\/?s={search_term_string}"},"query-input":{"@type":"PropertyValueSpecification","valueRequired":true,"valueName":"search_term_string"}}],"inLanguage":"es"}]}},"_links":{"self":[{"href":"https:\/\/www.caudete.org\/ayuntamiento\/wp-json\/wp\/v2\/pages\/25465","targetHints":{"allow":["GET"]}}],"collection":[{"href":"https:\/\/www.caudete.org\/ayuntamiento\/wp-json\/wp\/v2\/pages"}],"about":[{"href":"https:\/\/www.caudete.org\/ayuntamiento\/wp-json\/wp\/v2\/types\/page"}],"author":[{"embeddable":true,"href":"https:\/\/www.caudete.org\/ayuntamiento\/wp-json\/wp\/v2\/users\/1"}],"replies":[{"embeddable":true,"href":"https:\/\/www.caudete.org\/ayuntamiento\/wp-json\/wp\/v2\/comments?post=25465"}],"version-history":[{"count":5,"href":"https:\/\/www.caudete.org\/ayuntamiento\/wp-json\/wp\/v2\/pages\/25465\/revisions"}],"predecessor-version":[{"id":25514,"href":"https:\/\/www.caudete.org\/ayuntamiento\/wp-json\/wp\/v2\/pages\/25465\/revisions\/25514"}],"wp:attachment":[{"href":"https:\/\/www.caudete.org\/ayuntamiento\/wp-json\/wp\/v2\/media?parent=25465"}],"wp:term":[{"taxonomy":"category","embeddable":true,"href":"https:\/\/www.caudete.org\/ayuntamiento\/wp-json\/wp\/v2\/categories?post=25465"},{"taxonomy":"post_tag","embeddable":true,"href":"https:\/\/www.caudete.org\/ayuntamiento\/wp-json\/wp\/v2\/tags?post=25465"}],"curies":[{"name":"wp","href":"https:\/\/api.w.org\/{rel}","templated":true}]}}