{"id":29234,"date":"2025-06-17T08:35:38","date_gmt":"2025-06-17T06:35:38","guid":{"rendered":"https:\/\/www.caudete.org\/ayuntamiento\/?page_id=29234"},"modified":"2025-06-17T09:05:17","modified_gmt":"2025-06-17T07:05:17","slug":"ejecucion-del-presupuesto-1er-trimestre-de-2024","status":"publish","type":"page","link":"https:\/\/www.caudete.org\/ayuntamiento\/ejecucion-del-presupuesto-1er-trimestre-de-2024\/","title":{"rendered":"Ejecuci\u00f3n del presupuesto 1er trimestre de 2024"},"content":{"rendered":"<p><a href=\"https:\/\/www.caudete.org\/ayuntamiento\/wp-content\/uploads\/2025\/06\/01-RESUMEN-CLASIFICACION-ECONOMICA-1.pdf\" class=\"mtli_attachment mtli_pdf\">01 RESUMEN CLASIFICACI\u00d3N ECON\u00d3MICA<\/a><br \/>\n<a href=\"https:\/\/www.caudete.org\/ayuntamiento\/wp-content\/uploads\/2025\/06\/02-DESGLOSE-INGRESOS-CORRIETES.pdf\" class=\"mtli_attachment mtli_pdf\">02 DESGLOSE INGRESOS CORRIENTES<\/a><br \/>\n<a href=\"https:\/\/www.caudete.org\/ayuntamiento\/wp-content\/uploads\/2025\/06\/03-DESGLOSE-INGRESOS-DE-CAPITAL-Y-FINANCIEROS-2.pdf\" class=\"mtli_attachment mtli_pdf\">03 DESGLOSE INGRESOS DE CAPITAL Y FINANCIEROS<\/a><br \/>\n<a href=\"https:\/\/www.caudete.org\/ayuntamiento\/wp-content\/uploads\/2025\/06\/04-DESGLOSE-GASTOS-CORRIENTES-3.pdf\" class=\"mtli_attachment mtli_pdf\">04 DESGLOSE GASTOS CORRIENTES<\/a><br \/>\n<a href=\"https:\/\/www.caudete.org\/ayuntamiento\/wp-content\/uploads\/2025\/06\/05-DESGLOSE-OPERACIONES-DE-CAPITAL-Y-FINANCIERAS-1.pdf\" class=\"mtli_attachment mtli_pdf\">05 DESGLOSE OPERACIONES DE CAPITAL Y FINANCIERAS<\/a><br \/>\n<a href=\"https:\/\/www.caudete.org\/ayuntamiento\/wp-content\/uploads\/2025\/06\/06-REMANENTE-DE-TESORERIA-3.pdf\" class=\"mtli_attachment mtli_pdf\">06 REMANENTE DE TESORER\u00cdA<\/a><br \/>\n<a href=\"https:\/\/www.caudete.org\/ayuntamiento\/wp-content\/uploads\/2025\/06\/07-01-DOTACION-DE-PLANTILLAS-Y-RETRIBUCIONES-3.pdf\" class=\"mtli_attachment mtli_pdf\">07 01 DOTACI\u00d3N DE PLANTILLAS Y RETRIBUCIONES<\/a><br \/>\n<a href=\"https:\/\/www.caudete.org\/ayuntamiento\/wp-content\/uploads\/2025\/06\/07-02-DOTACION-DE-PLANTILLAS-Y-RETRIBUCIONES-2.pdf\" class=\"mtli_attachment mtli_pdf\">07 02 DOTACI\u00d3N DE PLANTILLAS Y RETRIBUCIONES<\/a><br \/>\n<a href=\"https:\/\/www.caudete.org\/ayuntamiento\/wp-content\/uploads\/2025\/06\/08-DEUDA-VIVA-3.pdf\" class=\"mtli_attachment mtli_pdf\">08 DEUDA VIVA<\/a><br \/>\n<a href=\"https:\/\/www.caudete.org\/ayuntamiento\/wp-content\/uploads\/2025\/06\/09-PERFIL-DE-VENCIMIENTO-DE-LA-DEUDA-EN-LOS-PROXIMOS-10-ANOS-3.pdf\" class=\"mtli_attachment mtli_pdf\">09 PERFIL DE VENCIMIENTO DE LA DEUDA EN LOS PR\u00d3XIMOS 10 A\u00d1OS<\/a><br \/>\n<a href=\"https:\/\/www.caudete.org\/ayuntamiento\/wp-content\/uploads\/2025\/06\/10-INFORME-ACTUALIZADO-DE-EVALUACION-CORPORACION-1.pdf\" class=\"mtli_attachment mtli_pdf\">10 INFORME ACTUALIZADO DE EVALUACI\u00d3N CORPORACI\u00d3N<\/a><br \/>\n<a href=\"https:\/\/www.caudete.org\/ayuntamiento\/wp-content\/uploads\/2025\/06\/11-INFORME-ACTUALIZADO-ESTABILIDAD-PRESUPUESTARIA-1.pdf\" class=\"mtli_attachment mtli_pdf\">11 INFORME ACTUALIZADO ESTABILIDAD PRESUPUESTARIA<\/a><br \/>\n<a href=\"https:\/\/www.caudete.org\/ayuntamiento\/wp-content\/uploads\/2025\/06\/13-INTERESES-DEVENGADOS-EN-EL-TRIMESTRE-2.pdf\" class=\"mtli_attachment mtli_pdf\">13 INTERESES DEVENGADOS EN EL TRIMESTRE<\/a><\/p>\n","protected":false},"excerpt":{"rendered":"<p>01 RESUMEN CLASIFICACI\u00d3N ECON\u00d3MICA 02 DESGLOSE INGRESOS CORRIENTES 03 DESGLOSE INGRESOS DE CAPITAL Y FINANCIEROS 04 DESGLOSE GASTOS CORRIENTES 05 DESGLOSE OPERACIONES DE CAPITAL Y FINANCIERAS 06 REMANENTE DE TESORER\u00cdA 07 01 DOTACI\u00d3N DE PLANTILLAS Y RETRIBUCIONES 07 02 DOTACI\u00d3N DE PLANTILLAS Y RETRIBUCIONES 08 DEUDA VIVA 09 PERFIL DE VENCIMIENTO DE LA DEUDA EN &hellip;<\/p>\n","protected":false},"author":5,"featured_media":0,"parent":0,"menu_order":0,"comment_status":"closed","ping_status":"closed","template":"","meta":{"ngg_post_thumbnail":0,"footnotes":""},"categories":[],"tags":[],"class_list":["post-29234","page","type-page","status-publish","hentry"],"yoast_head":"<!-- This site is optimized with the Yoast SEO plugin v27.5 - https:\/\/yoast.com\/product\/yoast-seo-wordpress\/ -->\n<title>Ejecuci\u00f3n del presupuesto 1er trimestre de 2024 - MI Ayuntamiento de Caudete<\/title>\n<meta name=\"description\" content=\"P\u00e1gina Oficial del Ayuntamiento de Caudete (Albacete)\" \/>\n<meta name=\"robots\" content=\"index, follow, max-snippet:-1, max-image-preview:large, max-video-preview:-1\" \/>\n<link rel=\"canonical\" href=\"https:\/\/www.caudete.org\/ayuntamiento\/ejecucion-del-presupuesto-1er-trimestre-de-2024\/\" \/>\n<meta property=\"og:locale\" content=\"es_ES\" \/>\n<meta property=\"og:type\" content=\"article\" \/>\n<meta property=\"og:title\" content=\"Ejecuci\u00f3n del presupuesto 1er trimestre de 2024 - MI Ayuntamiento de Caudete\" \/>\n<meta property=\"og:description\" content=\"P\u00e1gina Oficial del Ayuntamiento de Caudete (Albacete)\" \/>\n<meta property=\"og:url\" content=\"https:\/\/www.caudete.org\/ayuntamiento\/ejecucion-del-presupuesto-1er-trimestre-de-2024\/\" \/>\n<meta property=\"og:site_name\" content=\"MI Ayuntamiento de Caudete\" \/>\n<meta property=\"article:publisher\" content=\"https:\/\/www.facebook.com\/ayuntamientocaudete\/\" \/>\n<meta property=\"article:modified_time\" content=\"2025-06-17T07:05:17+00:00\" \/>\n<meta name=\"twitter:card\" content=\"summary_large_image\" \/>\n<meta name=\"twitter:label1\" content=\"Tiempo de lectura\" \/>\n\t<meta name=\"twitter:data1\" content=\"1 minuto\" \/>\n<script type=\"application\/ld+json\" class=\"yoast-schema-graph\">{\"@context\":\"https:\\\/\\\/schema.org\",\"@graph\":[{\"@type\":\"WebPage\",\"@id\":\"https:\\\/\\\/www.caudete.org\\\/ayuntamiento\\\/ejecucion-del-presupuesto-1er-trimestre-de-2024\\\/\",\"url\":\"https:\\\/\\\/www.caudete.org\\\/ayuntamiento\\\/ejecucion-del-presupuesto-1er-trimestre-de-2024\\\/\",\"name\":\"Ejecuci\u00f3n del presupuesto 1er trimestre de 2024 - MI Ayuntamiento de Caudete\",\"isPartOf\":{\"@id\":\"https:\\\/\\\/www.caudete.org\\\/ayuntamiento\\\/#website\"},\"datePublished\":\"2025-06-17T06:35:38+00:00\",\"dateModified\":\"2025-06-17T07:05:17+00:00\",\"description\":\"P\u00e1gina Oficial del Ayuntamiento de Caudete (Albacete)\",\"breadcrumb\":{\"@id\":\"https:\\\/\\\/www.caudete.org\\\/ayuntamiento\\\/ejecucion-del-presupuesto-1er-trimestre-de-2024\\\/#breadcrumb\"},\"inLanguage\":\"es\",\"potentialAction\":[{\"@type\":\"ReadAction\",\"target\":[\"https:\\\/\\\/www.caudete.org\\\/ayuntamiento\\\/ejecucion-del-presupuesto-1er-trimestre-de-2024\\\/\"]}]},{\"@type\":\"BreadcrumbList\",\"@id\":\"https:\\\/\\\/www.caudete.org\\\/ayuntamiento\\\/ejecucion-del-presupuesto-1er-trimestre-de-2024\\\/#breadcrumb\",\"itemListElement\":[{\"@type\":\"ListItem\",\"position\":1,\"name\":\"Inicio\",\"item\":\"https:\\\/\\\/www.caudete.org\\\/ayuntamiento\\\/\"},{\"@type\":\"ListItem\",\"position\":2,\"name\":\"Ejecuci\u00f3n del presupuesto 1er trimestre de 2024\"}]},{\"@type\":\"WebSite\",\"@id\":\"https:\\\/\\\/www.caudete.org\\\/ayuntamiento\\\/#website\",\"url\":\"https:\\\/\\\/www.caudete.org\\\/ayuntamiento\\\/\",\"name\":\"MI Ayuntamiento de Caudete\",\"description\":\"P\u00e1gina Oficial del MI Ayuntamiento de Caudete\",\"potentialAction\":[{\"@type\":\"SearchAction\",\"target\":{\"@type\":\"EntryPoint\",\"urlTemplate\":\"https:\\\/\\\/www.caudete.org\\\/ayuntamiento\\\/?s={search_term_string}\"},\"query-input\":{\"@type\":\"PropertyValueSpecification\",\"valueRequired\":true,\"valueName\":\"search_term_string\"}}],\"inLanguage\":\"es\"}]}<\/script>\n<!-- \/ Yoast SEO plugin. -->","yoast_head_json":{"title":"Ejecuci\u00f3n del presupuesto 1er trimestre de 2024 - MI Ayuntamiento de Caudete","description":"P\u00e1gina Oficial del Ayuntamiento de Caudete (Albacete)","robots":{"index":"index","follow":"follow","max-snippet":"max-snippet:-1","max-image-preview":"max-image-preview:large","max-video-preview":"max-video-preview:-1"},"canonical":"https:\/\/www.caudete.org\/ayuntamiento\/ejecucion-del-presupuesto-1er-trimestre-de-2024\/","og_locale":"es_ES","og_type":"article","og_title":"Ejecuci\u00f3n del presupuesto 1er trimestre de 2024 - MI Ayuntamiento de Caudete","og_description":"P\u00e1gina Oficial del Ayuntamiento de Caudete (Albacete)","og_url":"https:\/\/www.caudete.org\/ayuntamiento\/ejecucion-del-presupuesto-1er-trimestre-de-2024\/","og_site_name":"MI Ayuntamiento de Caudete","article_publisher":"https:\/\/www.facebook.com\/ayuntamientocaudete\/","article_modified_time":"2025-06-17T07:05:17+00:00","twitter_card":"summary_large_image","twitter_misc":{"Tiempo de lectura":"1 minuto"},"schema":{"@context":"https:\/\/schema.org","@graph":[{"@type":"WebPage","@id":"https:\/\/www.caudete.org\/ayuntamiento\/ejecucion-del-presupuesto-1er-trimestre-de-2024\/","url":"https:\/\/www.caudete.org\/ayuntamiento\/ejecucion-del-presupuesto-1er-trimestre-de-2024\/","name":"Ejecuci\u00f3n del presupuesto 1er trimestre de 2024 - MI Ayuntamiento de Caudete","isPartOf":{"@id":"https:\/\/www.caudete.org\/ayuntamiento\/#website"},"datePublished":"2025-06-17T06:35:38+00:00","dateModified":"2025-06-17T07:05:17+00:00","description":"P\u00e1gina Oficial del Ayuntamiento de Caudete (Albacete)","breadcrumb":{"@id":"https:\/\/www.caudete.org\/ayuntamiento\/ejecucion-del-presupuesto-1er-trimestre-de-2024\/#breadcrumb"},"inLanguage":"es","potentialAction":[{"@type":"ReadAction","target":["https:\/\/www.caudete.org\/ayuntamiento\/ejecucion-del-presupuesto-1er-trimestre-de-2024\/"]}]},{"@type":"BreadcrumbList","@id":"https:\/\/www.caudete.org\/ayuntamiento\/ejecucion-del-presupuesto-1er-trimestre-de-2024\/#breadcrumb","itemListElement":[{"@type":"ListItem","position":1,"name":"Inicio","item":"https:\/\/www.caudete.org\/ayuntamiento\/"},{"@type":"ListItem","position":2,"name":"Ejecuci\u00f3n del presupuesto 1er trimestre de 2024"}]},{"@type":"WebSite","@id":"https:\/\/www.caudete.org\/ayuntamiento\/#website","url":"https:\/\/www.caudete.org\/ayuntamiento\/","name":"MI Ayuntamiento de Caudete","description":"P\u00e1gina Oficial del MI Ayuntamiento de Caudete","potentialAction":[{"@type":"SearchAction","target":{"@type":"EntryPoint","urlTemplate":"https:\/\/www.caudete.org\/ayuntamiento\/?s={search_term_string}"},"query-input":{"@type":"PropertyValueSpecification","valueRequired":true,"valueName":"search_term_string"}}],"inLanguage":"es"}]}},"_links":{"self":[{"href":"https:\/\/www.caudete.org\/ayuntamiento\/wp-json\/wp\/v2\/pages\/29234","targetHints":{"allow":["GET"]}}],"collection":[{"href":"https:\/\/www.caudete.org\/ayuntamiento\/wp-json\/wp\/v2\/pages"}],"about":[{"href":"https:\/\/www.caudete.org\/ayuntamiento\/wp-json\/wp\/v2\/types\/page"}],"author":[{"embeddable":true,"href":"https:\/\/www.caudete.org\/ayuntamiento\/wp-json\/wp\/v2\/users\/5"}],"replies":[{"embeddable":true,"href":"https:\/\/www.caudete.org\/ayuntamiento\/wp-json\/wp\/v2\/comments?post=29234"}],"version-history":[{"count":2,"href":"https:\/\/www.caudete.org\/ayuntamiento\/wp-json\/wp\/v2\/pages\/29234\/revisions"}],"predecessor-version":[{"id":29310,"href":"https:\/\/www.caudete.org\/ayuntamiento\/wp-json\/wp\/v2\/pages\/29234\/revisions\/29310"}],"wp:attachment":[{"href":"https:\/\/www.caudete.org\/ayuntamiento\/wp-json\/wp\/v2\/media?parent=29234"}],"wp:term":[{"taxonomy":"category","embeddable":true,"href":"https:\/\/www.caudete.org\/ayuntamiento\/wp-json\/wp\/v2\/categories?post=29234"},{"taxonomy":"post_tag","embeddable":true,"href":"https:\/\/www.caudete.org\/ayuntamiento\/wp-json\/wp\/v2\/tags?post=29234"}],"curies":[{"name":"wp","href":"https:\/\/api.w.org\/{rel}","templated":true}]}}