{"id":5288,"date":"2020-11-17T18:21:56","date_gmt":"2020-11-17T17:21:56","guid":{"rendered":"http:\/\/www.caudete.org\/ayuntamiento\/?page_id=5288"},"modified":"2020-11-17T18:25:17","modified_gmt":"2020-11-17T17:25:17","slug":"instrucciones-para-la-instalacion-de-casetas-y-atracciones-en-el-recinto-ferial-del-m-i-ayuntamiento-de-caudete-con-motivo-de-las-fiestas-de-moros-y-cristianos","status":"publish","type":"page","link":"https:\/\/www.caudete.org\/ayuntamiento\/instrucciones-para-la-instalacion-de-casetas-y-atracciones-en-el-recinto-ferial-del-m-i-ayuntamiento-de-caudete-con-motivo-de-las-fiestas-de-moros-y-cristianos\/","title":{"rendered":"Instrucciones para la instalaci\u00f3n de casetas y atracciones en el recinto ferial del M.I. Ayuntamiento de Caudete con motivo de las Fiestas de Moros y Cristianos"},"content":{"rendered":"<p style=\"text-align: justify;\"><b>Primera.- <\/b>El Recinto Ferial estar\u00e1 dividido en zonas, para la mejor distribuci\u00f3n de los aparatos y casetas. Ning\u00fan feriante podr\u00e1 efectuar el montaje de su caseta o atracci\u00f3n fuera de la zona que se le asigne, asegurando de esta forma que todas las v\u00edas de evacuaci\u00f3n quedan expeditas y puede llevarse a cabo el Plan de Emergencia y Evacuaci\u00f3n. En ning\u00fan caso se montar\u00e1n aparatos en la zona asignada a casetas.<\/p>\n<p style=\"text-align: justify;\"><b>Segunda: <\/b>Los feriantes que deseen montar su atracci\u00f3n o caseta, deber\u00e1n presentar en \u00e9ste M.I. Ayuntamiento, antes del inicio de la feria la siguiente documentaci\u00f3n:<\/p>\n<p style=\"text-align: justify;\">Declaraci\u00f3n de Responsable que adjunte la siguiente documentaci\u00f3n:<\/p>\n<ol style=\"text-align: justify;\">\n<li style=\"list-style-type: none;\">\n<ol type=\"a\">\n<li>Aparatos: DNI del solicitante; fotograf\u00eda del aparato; certificado anual de homologaci\u00f3n de la instalaci\u00f3n; bolet\u00edn de instalaci\u00f3n el\u00e9ctrica, debidamente sellado por la Consejer\u00eda de Industria; la p\u00f3liza de seguro de responsabilidad civil que cubra los da\u00f1os a espectadores, p\u00fablico asistente, terceras personas y bienes, por el plazo autorizado de la actividad recreativa, con un importe m\u00ednimo de 300.506 euros por siniestro; el \u00faltimo recibo de pago del seguro de responsabilidad civil; certificado de revisi\u00f3n anual de los extintores contra incendios, emitido por empresa instaladora autorizada; y la certificaci\u00f3n de la Agencia Tributaria y de la Seguridad Social, de estar al corriente en el cumplimiento de sus obligaciones tributarias y de Seguridad Social.<\/li>\n<li>Casetas: la misma documentaci\u00f3n que para los aparatos, adem\u00e1s del carnet de manipulador de alimentos, si se trata de la venta de alimentos comestibles, excepto el certificado anual de homologaci\u00f3n de la instalaci\u00f3n.Toda la documentaci\u00f3n exigida, deber\u00e1 estar presentada en este M.I. Ayuntamiento, con anterioridad al montaje de la caseta o atracci\u00f3n, de lo contrario, quedar\u00e1n autom\u00e1ticamente rechazadas y denegado el montaje de las mismas.<\/li>\n<li>Aquellos feriantes, tanto persona f\u00edsica o jur\u00eddica, que no se encuentren al corriente en sus obligaciones tributarias y de seguridad social, o tenga la condici\u00f3n de deudor frente a este Ayuntamiento, no podr\u00e1n participar en la Feria de Atracciones del presente a\u00f1o.<\/li>\n<\/ol>\n<\/li>\n<\/ol>\n<ol style=\"text-align: justify;\" type=\"a\">\n<li style=\"list-style-type: none;\"><\/li>\n<\/ol>\n<p style=\"text-align: justify;\"><b>Tercera.- <\/b>En el caso de que alguno de los feriantes no pudiera asistir finalmente a la Feria, deber\u00e1 comunicarlo con objeto de poder re-asignar los terrenos que no se ocupen, y proceder a la devoluci\u00f3n de las tasas de ocupaci\u00f3n seg\u00fan establece la Ley.<\/p>\n<p style=\"text-align: justify;\"><b>Cuarta.- <\/b>Previo al montaje, deber\u00e1 acreditarse el pago de la tasa por ocupaci\u00f3n de los terrenos, de lo contrario, no se podr\u00e1 realizar la instalaci\u00f3n de los aparatos y casetas correspondientes, debiendo proceder en todo caso.<\/p>\n<p style=\"text-align: justify;\"><b>Quinta.- <\/b>Las instalaciones, deber\u00e1n reunir como m\u00ednimo las siguientes condiciones de obligado cumplimiento:<\/p>\n<ol style=\"text-align: justify;\" type=\"a\">\n<li style=\"list-style-type: none;\">\n<ol type=\"a\">\n<li>En los terrenos del Recinto Ferial, solamente se instalar\u00e1 el aparato o la caseta por la que se haya acreditado el pago de la Tasa correspondiente.<\/li>\n<li>En las zonas se establecer\u00e1n pasos entre los puestos de 1 metro y de 1,50 metros para los aparatos de movimiento, en n\u00famero suficiente para su utilizaci\u00f3n por los feriantes.<\/li>\n<li>Ning\u00fan tipo de aparato o caseta podr\u00e1 montar de ca\u00f1\u00f3n, excepto aquellos autorizados expresamente por el Ayuntamiento. La fachada se instalar\u00e1 de forma paralela a la calle central del Recinto Ferial. Todo aquel aparato que se montase de forma diferente a lo indicado, tendr\u00e1 que desmontar, perdiendo todos los derechos para ocupar los terrenos.<\/li>\n<li>Medidas contra incendios: Se colocar\u00e1 en cada caseta o aparato, en sitio visible, un extintor como m\u00ednimo con una eficacia de al menos 13A-89B-E (50.000V); comprob\u00e1ndose por el Ayuntamiento su instalaci\u00f3n antes de la puesta en funcionamiento de la actividad.<\/li>\n<li>No se permitir\u00e1 la instalaci\u00f3n de m\u00e1s de una atracci\u00f3n, en una \u00fanica parcela del Recinto Ferial.<\/li>\n<\/ol>\n<\/li>\n<\/ol>\n<ol style=\"text-align: justify;\" type=\"a\">\n<li style=\"list-style-type: none;\"><\/li>\n<\/ol>\n<p style=\"text-align: justify;\"><b>Sexta.- <\/b>Se destinar\u00e1 fuera del Recinto Ferial y anexo a \u00e9ste un espacio para aparcamiento de camiones y veh\u00edculos de carga. Asimismo, se destinar\u00e1 una zona espec\u00edfica para la ubicaci\u00f3n de las caravanas.<\/p>\n<p style=\"text-align: justify;\"><b>S\u00e9ptima.- <\/b>Queda expresa y terminantemente prohibido lo establecido en los siguientes apartados:<\/p>\n<ol style=\"text-align: justify;\" type=\"a\">\n<li style=\"list-style-type: none;\">\n<ol type=\"a\">\n<li>Aparcar veh\u00edculos en lugar distinto de los asignados a tal fin, as\u00ed como las caravanas que no pudieran ubicarse detr\u00e1s de sus respectivos aparatos, a las que se les acondicionar\u00e1 un lugar espec\u00edfico para su localizaci\u00f3n.<\/li>\n<li>Del 4 al 10 de Septiembre a partir de las 5 horas, y el resto de d\u00edas, a partir de las 23 horas los d\u00edas laborables y 2 horas los festivos y v\u00edsperas, queda terminantemente prohibido el uso de altavoces o cualquier otro aparato de sonido para todo el Recinto Ferial, debiendo respetarse los niveles de sonido establecidos en la ordenanza municipal para la protecci\u00f3n contra ruidos y vibraciones.<\/li>\n<li>No se podr\u00e1 vender productos distintos a los espec\u00edficos de las casetas seleccionadas, ni art\u00edculos permitidos en otra zona diferente de la que se instala.<\/li>\n<li>Queda prohibida cualquier tipo de instalaci\u00f3n en los accesos al Recinto Ferial.<\/li>\n<\/ol>\n<\/li>\n<\/ol>\n<p style=\"text-align: justify;\"><b>Octava.- <\/b>Ser\u00e1n obligaciones de los feriantes frente al M.I. Ayuntamiento, las siguientes:<\/p>\n<ol style=\"text-align: justify;\" type=\"1\">\n<li style=\"list-style-type: none;\">\n<ol type=\"1\">\n<li>Cumplir las disposiciones que sobre ornato y seguridad les sean comunicadas por los servicios t\u00e9cnicos municipales, as\u00ed como conservar las instalaciones en perfecto estado de funcionamiento, decoro y limpieza, tanto en el interior, como en sus fronteras, de lo contrario, se podr\u00e1n adoptar por este Ayuntamiento las medidas que se consideren oportunas.<\/li>\n<li>La comprobaci\u00f3n de que toda actividad instalada en la Feria posee los oportunos dict\u00e1menes de los facultativos respecto de los dispositivos de seguridad e higiene exigidos en el Reglamento General de Polic\u00eda y Espect\u00e1culos de Actividades Recreativas y la Ley de Prevenci\u00f3n de Riesgos Laborales.<\/li>\n<li>La comprobaci\u00f3n de que las instalaciones destinadas a la venta de productos alimenticios, cumplan la normativa t\u00e9cnico-sanitaria correspondiente, quedando sometida al cumplimiento del Real Decreto 1.945\/1983, de 22 de junio, por el que se regulan las infracciones y sanciones en materia de defensa del consumidor y de la producci\u00f3n agroalimentaria.<\/li>\n<li>Lo dispuesto en los anteriores apartados, se entender\u00e1 sin perjuicio del cumplimiento de cualesquiera requisitos que resulten, en su caso, exigibles para la actividad que se pretenda realizar.<\/li>\n<\/ol>\n<\/li>\n<\/ol>\n<p><center><b><u>PLAZOS<\/u><\/b><\/center><\/p>\n<p style=\"text-align: justify;\"><b>Primera.- <\/b>El plazo de presentaci\u00f3n de solicitudes finalizar\u00e1 el 18 de Julio de 2014<\/p>\n<p style=\"text-align: justify;\"><b>Segunda.- <\/b>El plazo para el pago de las tasas correspondientes a la instalaci\u00f3n de kioscos y atracciones en la v\u00eda p\u00fablica, finalizara el 28 de agosto de 2014.<\/p>\n<p style=\"text-align: justify;\"><b>Tercera.- <\/b>Todos los feriantes que pretendan asistir a la feria del 2014, deber\u00e1n cumplir con todo lo estipulado en el presente documento.<\/p>\n<p style=\"text-align: justify;\"><b>Cuarta.- <\/b>Los feriantes que el a\u00f1o pasado asistieron a la feria, cumpliendo con todo lo estipulado, y cumplan con las presentes instrucciones, en el plazo anteriormente mencionado, se les reservar\u00e1 el mismo espacio que ocuparon en el 2013 (previo pago de la tasa correspondiente), sin necesidad de que asistan al reparto.<\/p>\n<p style=\"text-align: justify;\"><b>Quinta.- <\/b>El reparto de los espacios libres, se efectuar\u00e1 el d\u00eda 28 de agosto de 2014 a las 9:00 h de la ma\u00f1ana en el recinto ferial de Caudete.<\/p>\n<p style=\"text-align: justify;\"><strong>Ficheros adjuntos<\/strong><\/p>\n<p style=\"text-align: justify;\"><a href=\"http:\/\/www.caudete.org\/ayuntamiento\/eniusimg\/enius146\/2014\/05\/adjuntos_fichero_2379092_7d321bd18fca984d.pdf\" class=\"mtli_attachment mtli_pdf\" target=\"_blank\" rel=\"noopener noreferrer\">Instancia Puestos de Feria 2014 <\/a> (45 Kb)<\/p>\n<p style=\"text-align: justify;\"><a href=\"http:\/\/www.caudete.org\/ayuntamiento\/eniusimg\/enius146\/2014\/05\/adjuntos_fichero_2379093_16244a56d8c9691e.pdf\" class=\"mtli_attachment mtli_pdf\" target=\"_blank\" rel=\"noopener noreferrer\">Declaraci\u00f3n Responsable Feria 2014 <\/a> (45 Kb)<\/p>\n<p style=\"text-align: justify;\"><a href=\"http:\/\/www.caudete.org\/ayuntamiento\/eniusimg\/enius146\/2014\/05\/adjuntos_fichero_2379094_e001244b9a2b6179.pdf\" class=\"mtli_attachment mtli_pdf\" target=\"_blank\" rel=\"noopener noreferrer\">Instrucciones Feria 2014 <\/a> (221 Kb)<\/p>\n","protected":false},"excerpt":{"rendered":"<p>Primera.- El Recinto Ferial estar\u00e1 dividido en zonas, para la mejor distribuci\u00f3n de los aparatos y casetas. Ning\u00fan feriante podr\u00e1 efectuar el montaje de su caseta o atracci\u00f3n fuera de la zona que se le asigne, asegurando de esta forma que todas las v\u00edas de evacuaci\u00f3n quedan expeditas y puede llevarse a cabo el Plan &hellip;<\/p>\n","protected":false},"author":1,"featured_media":0,"parent":0,"menu_order":0,"comment_status":"closed","ping_status":"closed","template":"","meta":{"ngg_post_thumbnail":0,"footnotes":""},"categories":[],"tags":[],"class_list":["post-5288","page","type-page","status-publish","hentry"],"yoast_head":"<!-- This site is optimized with the Yoast SEO plugin v27.5 - https:\/\/yoast.com\/product\/yoast-seo-wordpress\/ -->\n<title>Instrucciones para la instalaci\u00f3n de casetas y atracciones en el recinto ferial del M.I. Ayuntamiento de Caudete con motivo de las Fiestas de Moros y Cristianos - MI Ayuntamiento de Caudete<\/title>\n<meta name=\"description\" content=\"P\u00e1gina Oficial del Ayuntamiento de Caudete (Albacete)\" \/>\n<meta name=\"robots\" content=\"index, follow, max-snippet:-1, max-image-preview:large, max-video-preview:-1\" \/>\n<link rel=\"canonical\" href=\"https:\/\/www.caudete.org\/ayuntamiento\/instrucciones-para-la-instalacion-de-casetas-y-atracciones-en-el-recinto-ferial-del-m-i-ayuntamiento-de-caudete-con-motivo-de-las-fiestas-de-moros-y-cristianos\/\" \/>\n<meta property=\"og:locale\" content=\"es_ES\" \/>\n<meta property=\"og:type\" content=\"article\" \/>\n<meta property=\"og:title\" content=\"Instrucciones para la instalaci\u00f3n de casetas y atracciones en el recinto ferial del M.I. Ayuntamiento de Caudete con motivo de las Fiestas de Moros y Cristianos - MI Ayuntamiento de Caudete\" \/>\n<meta property=\"og:description\" content=\"P\u00e1gina Oficial del Ayuntamiento de Caudete (Albacete)\" \/>\n<meta property=\"og:url\" content=\"https:\/\/www.caudete.org\/ayuntamiento\/instrucciones-para-la-instalacion-de-casetas-y-atracciones-en-el-recinto-ferial-del-m-i-ayuntamiento-de-caudete-con-motivo-de-las-fiestas-de-moros-y-cristianos\/\" \/>\n<meta property=\"og:site_name\" content=\"MI Ayuntamiento de Caudete\" \/>\n<meta property=\"article:publisher\" content=\"https:\/\/www.facebook.com\/ayuntamientocaudete\/\" \/>\n<meta property=\"article:modified_time\" content=\"2020-11-17T17:25:17+00:00\" \/>\n<meta name=\"twitter:card\" content=\"summary_large_image\" \/>\n<meta name=\"twitter:label1\" content=\"Tiempo de lectura\" \/>\n\t<meta name=\"twitter:data1\" content=\"6 minutos\" \/>\n<script type=\"application\/ld+json\" class=\"yoast-schema-graph\">{\"@context\":\"https:\\\/\\\/schema.org\",\"@graph\":[{\"@type\":\"WebPage\",\"@id\":\"https:\\\/\\\/www.caudete.org\\\/ayuntamiento\\\/instrucciones-para-la-instalacion-de-casetas-y-atracciones-en-el-recinto-ferial-del-m-i-ayuntamiento-de-caudete-con-motivo-de-las-fiestas-de-moros-y-cristianos\\\/\",\"url\":\"https:\\\/\\\/www.caudete.org\\\/ayuntamiento\\\/instrucciones-para-la-instalacion-de-casetas-y-atracciones-en-el-recinto-ferial-del-m-i-ayuntamiento-de-caudete-con-motivo-de-las-fiestas-de-moros-y-cristianos\\\/\",\"name\":\"Instrucciones para la instalaci\u00f3n de casetas y atracciones en el recinto ferial del M.I. Ayuntamiento de Caudete con motivo de las Fiestas de Moros y Cristianos - MI Ayuntamiento de Caudete\",\"isPartOf\":{\"@id\":\"https:\\\/\\\/www.caudete.org\\\/ayuntamiento\\\/#website\"},\"datePublished\":\"2020-11-17T17:21:56+00:00\",\"dateModified\":\"2020-11-17T17:25:17+00:00\",\"description\":\"P\u00e1gina Oficial del Ayuntamiento de Caudete (Albacete)\",\"breadcrumb\":{\"@id\":\"https:\\\/\\\/www.caudete.org\\\/ayuntamiento\\\/instrucciones-para-la-instalacion-de-casetas-y-atracciones-en-el-recinto-ferial-del-m-i-ayuntamiento-de-caudete-con-motivo-de-las-fiestas-de-moros-y-cristianos\\\/#breadcrumb\"},\"inLanguage\":\"es\",\"potentialAction\":[{\"@type\":\"ReadAction\",\"target\":[\"https:\\\/\\\/www.caudete.org\\\/ayuntamiento\\\/instrucciones-para-la-instalacion-de-casetas-y-atracciones-en-el-recinto-ferial-del-m-i-ayuntamiento-de-caudete-con-motivo-de-las-fiestas-de-moros-y-cristianos\\\/\"]}]},{\"@type\":\"BreadcrumbList\",\"@id\":\"https:\\\/\\\/www.caudete.org\\\/ayuntamiento\\\/instrucciones-para-la-instalacion-de-casetas-y-atracciones-en-el-recinto-ferial-del-m-i-ayuntamiento-de-caudete-con-motivo-de-las-fiestas-de-moros-y-cristianos\\\/#breadcrumb\",\"itemListElement\":[{\"@type\":\"ListItem\",\"position\":1,\"name\":\"Inicio\",\"item\":\"https:\\\/\\\/www.caudete.org\\\/ayuntamiento\\\/\"},{\"@type\":\"ListItem\",\"position\":2,\"name\":\"Instrucciones para la instalaci\u00f3n de casetas y atracciones en el recinto ferial del M.I. Ayuntamiento de Caudete con motivo de las Fiestas de Moros y Cristianos\"}]},{\"@type\":\"WebSite\",\"@id\":\"https:\\\/\\\/www.caudete.org\\\/ayuntamiento\\\/#website\",\"url\":\"https:\\\/\\\/www.caudete.org\\\/ayuntamiento\\\/\",\"name\":\"MI Ayuntamiento de Caudete\",\"description\":\"P\u00e1gina Oficial del MI Ayuntamiento de Caudete\",\"potentialAction\":[{\"@type\":\"SearchAction\",\"target\":{\"@type\":\"EntryPoint\",\"urlTemplate\":\"https:\\\/\\\/www.caudete.org\\\/ayuntamiento\\\/?s={search_term_string}\"},\"query-input\":{\"@type\":\"PropertyValueSpecification\",\"valueRequired\":true,\"valueName\":\"search_term_string\"}}],\"inLanguage\":\"es\"}]}<\/script>\n<!-- \/ Yoast SEO plugin. -->","yoast_head_json":{"title":"Instrucciones para la instalaci\u00f3n de casetas y atracciones en el recinto ferial del M.I. Ayuntamiento de Caudete con motivo de las Fiestas de Moros y Cristianos - MI Ayuntamiento de Caudete","description":"P\u00e1gina Oficial del Ayuntamiento de Caudete (Albacete)","robots":{"index":"index","follow":"follow","max-snippet":"max-snippet:-1","max-image-preview":"max-image-preview:large","max-video-preview":"max-video-preview:-1"},"canonical":"https:\/\/www.caudete.org\/ayuntamiento\/instrucciones-para-la-instalacion-de-casetas-y-atracciones-en-el-recinto-ferial-del-m-i-ayuntamiento-de-caudete-con-motivo-de-las-fiestas-de-moros-y-cristianos\/","og_locale":"es_ES","og_type":"article","og_title":"Instrucciones para la instalaci\u00f3n de casetas y atracciones en el recinto ferial del M.I. Ayuntamiento de Caudete con motivo de las Fiestas de Moros y Cristianos - MI Ayuntamiento de Caudete","og_description":"P\u00e1gina Oficial del Ayuntamiento de Caudete (Albacete)","og_url":"https:\/\/www.caudete.org\/ayuntamiento\/instrucciones-para-la-instalacion-de-casetas-y-atracciones-en-el-recinto-ferial-del-m-i-ayuntamiento-de-caudete-con-motivo-de-las-fiestas-de-moros-y-cristianos\/","og_site_name":"MI Ayuntamiento de Caudete","article_publisher":"https:\/\/www.facebook.com\/ayuntamientocaudete\/","article_modified_time":"2020-11-17T17:25:17+00:00","twitter_card":"summary_large_image","twitter_misc":{"Tiempo de lectura":"6 minutos"},"schema":{"@context":"https:\/\/schema.org","@graph":[{"@type":"WebPage","@id":"https:\/\/www.caudete.org\/ayuntamiento\/instrucciones-para-la-instalacion-de-casetas-y-atracciones-en-el-recinto-ferial-del-m-i-ayuntamiento-de-caudete-con-motivo-de-las-fiestas-de-moros-y-cristianos\/","url":"https:\/\/www.caudete.org\/ayuntamiento\/instrucciones-para-la-instalacion-de-casetas-y-atracciones-en-el-recinto-ferial-del-m-i-ayuntamiento-de-caudete-con-motivo-de-las-fiestas-de-moros-y-cristianos\/","name":"Instrucciones para la instalaci\u00f3n de casetas y atracciones en el recinto ferial del M.I. Ayuntamiento de Caudete con motivo de las Fiestas de Moros y Cristianos - MI Ayuntamiento de Caudete","isPartOf":{"@id":"https:\/\/www.caudete.org\/ayuntamiento\/#website"},"datePublished":"2020-11-17T17:21:56+00:00","dateModified":"2020-11-17T17:25:17+00:00","description":"P\u00e1gina Oficial del Ayuntamiento de Caudete (Albacete)","breadcrumb":{"@id":"https:\/\/www.caudete.org\/ayuntamiento\/instrucciones-para-la-instalacion-de-casetas-y-atracciones-en-el-recinto-ferial-del-m-i-ayuntamiento-de-caudete-con-motivo-de-las-fiestas-de-moros-y-cristianos\/#breadcrumb"},"inLanguage":"es","potentialAction":[{"@type":"ReadAction","target":["https:\/\/www.caudete.org\/ayuntamiento\/instrucciones-para-la-instalacion-de-casetas-y-atracciones-en-el-recinto-ferial-del-m-i-ayuntamiento-de-caudete-con-motivo-de-las-fiestas-de-moros-y-cristianos\/"]}]},{"@type":"BreadcrumbList","@id":"https:\/\/www.caudete.org\/ayuntamiento\/instrucciones-para-la-instalacion-de-casetas-y-atracciones-en-el-recinto-ferial-del-m-i-ayuntamiento-de-caudete-con-motivo-de-las-fiestas-de-moros-y-cristianos\/#breadcrumb","itemListElement":[{"@type":"ListItem","position":1,"name":"Inicio","item":"https:\/\/www.caudete.org\/ayuntamiento\/"},{"@type":"ListItem","position":2,"name":"Instrucciones para la instalaci\u00f3n de casetas y atracciones en el recinto ferial del M.I. Ayuntamiento de Caudete con motivo de las Fiestas de Moros y Cristianos"}]},{"@type":"WebSite","@id":"https:\/\/www.caudete.org\/ayuntamiento\/#website","url":"https:\/\/www.caudete.org\/ayuntamiento\/","name":"MI Ayuntamiento de Caudete","description":"P\u00e1gina Oficial del MI Ayuntamiento de Caudete","potentialAction":[{"@type":"SearchAction","target":{"@type":"EntryPoint","urlTemplate":"https:\/\/www.caudete.org\/ayuntamiento\/?s={search_term_string}"},"query-input":{"@type":"PropertyValueSpecification","valueRequired":true,"valueName":"search_term_string"}}],"inLanguage":"es"}]}},"_links":{"self":[{"href":"https:\/\/www.caudete.org\/ayuntamiento\/wp-json\/wp\/v2\/pages\/5288","targetHints":{"allow":["GET"]}}],"collection":[{"href":"https:\/\/www.caudete.org\/ayuntamiento\/wp-json\/wp\/v2\/pages"}],"about":[{"href":"https:\/\/www.caudete.org\/ayuntamiento\/wp-json\/wp\/v2\/types\/page"}],"author":[{"embeddable":true,"href":"https:\/\/www.caudete.org\/ayuntamiento\/wp-json\/wp\/v2\/users\/1"}],"replies":[{"embeddable":true,"href":"https:\/\/www.caudete.org\/ayuntamiento\/wp-json\/wp\/v2\/comments?post=5288"}],"version-history":[{"count":5,"href":"https:\/\/www.caudete.org\/ayuntamiento\/wp-json\/wp\/v2\/pages\/5288\/revisions"}],"predecessor-version":[{"id":5292,"href":"https:\/\/www.caudete.org\/ayuntamiento\/wp-json\/wp\/v2\/pages\/5288\/revisions\/5292"}],"wp:attachment":[{"href":"https:\/\/www.caudete.org\/ayuntamiento\/wp-json\/wp\/v2\/media?parent=5288"}],"wp:term":[{"taxonomy":"category","embeddable":true,"href":"https:\/\/www.caudete.org\/ayuntamiento\/wp-json\/wp\/v2\/categories?post=5288"},{"taxonomy":"post_tag","embeddable":true,"href":"https:\/\/www.caudete.org\/ayuntamiento\/wp-json\/wp\/v2\/tags?post=5288"}],"curies":[{"name":"wp","href":"https:\/\/api.w.org\/{rel}","templated":true}]}}