{"id":5394,"date":"2020-11-22T14:03:43","date_gmt":"2020-11-22T13:03:43","guid":{"rendered":"http:\/\/www.caudete.org\/ayuntamiento\/?page_id=5394"},"modified":"2020-11-22T14:04:29","modified_gmt":"2020-11-22T13:04:29","slug":"informacion-general-para-proveedores-respecto-a-la-factura-electronica","status":"publish","type":"page","link":"https:\/\/www.caudete.org\/ayuntamiento\/informacion-general-para-proveedores-respecto-a-la-factura-electronica\/","title":{"rendered":"Informaci\u00f3n general para proveedores respecto a la factura electr\u00f3nica"},"content":{"rendered":"<h5 style=\"text-align: justify;\">INFORMACI\u00d3N GENERAL PARA PROVEEDORES RESPECTO A LA FACTURA ELECTR\u00d3NICA<\/h5>\n<p style=\"text-align: justify;\">La ley 25\/2013 de impulso de la factura electr\u00f3nica modifica la regulaci\u00f3n de la facturaci\u00f3n por los servicios y suministros prestados a las administraciones p\u00fablicas.<\/p>\n<p style=\"text-align: justify;\">El objetivo de la implantaci\u00f3n de la factura electr\u00f3nica es hacer efectivas las m\u00faltiples ventajas que se derivan de las mismas en relaci\u00f3n con los sistemas de facturaci\u00f3n en el soporte tradicional. Entre \u00e9stas pueden destacarse la reducci\u00f3n de tiempos y costes de env\u00edo, la posibilidad de generaci\u00f3n autom\u00e1tica de las facturas, la reducci\u00f3n de plazos en la tramitaci\u00f3n tanto en la empresa como en la administraci\u00f3n.<\/p>\n<p style=\"text-align: justify;\">La propia ley determina que a partir del d\u00eda <b>15 de enero de 2015 los proveedores de las administraciones p\u00fablicas deber\u00e1n facturar obligatoriamente en formato electr\u00f3nico, salvo que se trate de personas f\u00edsicas (art\u00edculo 4).<\/b>Este ayuntamiento ha aprobado una modificaci\u00f3n que permite presentar facturas de importe menor de 5000 Euros a las entidades jur\u00eddicas (BOP &#8211; 16\/01\/2015 &#8211; P\u00e1gina 31).<\/p>\n<p style=\"text-align: justify;\">\n<ul style=\"text-align: justify;\">\n<li style=\"list-style-type: none;\">\n<ul>\n<li><b>Entidad F\u00edsica <\/b>: para <u>cualquier importe<\/u>puede elegir presentaci\u00f3n f\u00edsica de factura en registro, o bien, presentaci\u00f3n telem\u00e1tica a trav\u00e9s de <a href=\"https:\/\/eadmin.dipualba.es\/segex\/procedimiento.aspx?procid=1079&amp;entidad=02025\" target=\"_blank\" rel=\"nofollow\">sede electr\u00f3nica <\/a>o <a href=\"https:\/\/face.gob.es\/\" target=\"_blank\" rel=\"nofollow\">FACE<\/a>.<\/li>\n<\/ul>\n<\/li>\n<\/ul>\n<p style=\"text-align: justify;\">\n<ul style=\"text-align: justify;\">\n<li><b>Entidad Jur\u00eddica <\/b>:\n<ul>\n<li style=\"list-style-type: none;\">\n<ul>\n<li>Si la factura es <u>inferior o igual a 5000 Euros<\/u>: puede elegir entre presentaci\u00f3n telem\u00e1tica por <a href=\"https:\/\/eadmin.dipualba.es\/segex\/procedimiento.aspx?procid=1079&amp;entidad=02025\" target=\"_blank\" rel=\"nofollow\">sede electr\u00f3nica<\/a>, o bien, presentaci\u00f3n telem\u00e1tica con FACE.<\/li>\n<\/ul>\n<\/li>\n<\/ul>\n<ul>\n<li style=\"list-style-type: none;\">\n<ul>\n<li>Si la factura es <u>superior a 5000 Euros<\/u>: es obligatorio la presentaci\u00f3n telem\u00e1tica a trav\u00e9s de <a href=\"https:\/\/face.gob.es\/\" target=\"_blank\" rel=\"nofollow\">FACE<\/a>.<\/li>\n<\/ul>\n<\/li>\n<\/ul>\n<\/li>\n<\/ul>\n<p style=\"text-align: justify;\">Con objeto de facilitar la presentaci\u00f3n de facturas electr\u00f3nicas, el ayuntamiento se ha adherido al Punto General de Entrada de Facturas Electr\u00f3nicas.<\/p>\n<p style=\"text-align: justify;\">Para presentar facturas a trav\u00e9s de FACe, acceda al siguiente enlace:<\/p>\n<p><center><br \/>\n<a href=\"https:\/\/face.gob.es\" target=\"_blank\" rel=\"nofollow\"><img decoding=\"async\" src=\"http:\/\/www.dipualba.es\/Main\/imgs\/logo-face.jpg\" rel='prettyPhoto' \/><\/a><\/center><\/p>\n<p style=\"text-align: justify;\">Con car\u00e1cter general los c\u00f3digos DIR3 que deben contener las facturas electr\u00f3nicas que se remitan al MI Ayuntamiento de Caudete ser\u00e1n :<\/p>\n<table>\n<tbody>\n<tr>\n<td bgcolor=\"#004080\"><center><span style=\"color: white;\">OFICINA CONTABLE<\/span><\/center><\/td>\n<td><\/td>\n<td>L01020254<\/td>\n<\/tr>\n<tr>\n<td bgcolor=\"#004080\"><center><span style=\"color: white;\">ORGANO GESTOR<\/span><\/center><\/td>\n<td><\/td>\n<td>L01020254<\/td>\n<\/tr>\n<tr>\n<td bgcolor=\"#004080\"><center><span style=\"color: white;\">UNIDAD TRAMITADORA<\/span><\/center><\/td>\n<td><\/td>\n<td>L01020254<\/td>\n<\/tr>\n<\/tbody>\n<\/table>\n<p style=\"text-align: justify;\">Adem\u00e1s puede encontrar informaci\u00f3n en la web <a href=\"http:\/\/www.facturae.gob.es\/\" target=\"_blank\" rel=\"nofollow\">http:\/\/www.facturae.gob.es\/ <\/a>y resolver sus dudas en el tel\u00e9fono especial habilitado por la entidad p\u00fablica Red.es para PYMES (900-900-555).<\/p>\n<p style=\"text-align: justify;\">Tambi\u00e9n puede comunicarse con al Ayuntamiento para resolver sus dudas mediante correo electr\u00f3nico en:<\/p>\n<p style=\"text-align: justify;\"><a href=\"mailto:administracion.electronica@caudete.org\" target=\"_blank\" rel=\"nofollow\">administracion.electronica@caudete.org<\/a><\/p>\n<p style=\"text-align: justify;\">Se puede descargar la aplicaci\u00f3n de generaci\u00f3n de facturas electr\u00f3nicas desde la siguiente direcci\u00f3n : <a href=\"http:\/\/www.facturae.gob.es\/formato\/Paginas\/descarga-aplicaciones.aspx\" target=\"_blank\" rel=\"nofollow\">www.facturae.gob.es\/formato\/Paginas\/descarga-aplicaciones.aspx<\/a><\/p>\n<p style=\"text-align: justify;\">En la siguiente direcci\u00f3n web tiene un video explicativo sobre la utilizaci\u00f3n de la factura electr\u00f3nica realizado por la Diputaci\u00f3n de Ciudad Real : <a href=\"https:\/\/www.youtube.com\/watch?v=Vlv-Yyg63mM\" target=\"_blank\" rel=\"nofollow\">https:\/\/www.youtube.com\/watch?v=Vlv-Yyg63mM<\/a><\/p>\n","protected":false},"excerpt":{"rendered":"<p>INFORMACI\u00d3N GENERAL PARA PROVEEDORES RESPECTO A LA FACTURA ELECTR\u00d3NICA La ley 25\/2013 de impulso de la factura electr\u00f3nica modifica la regulaci\u00f3n de la facturaci\u00f3n por los servicios y suministros prestados a las administraciones p\u00fablicas. El objetivo de la implantaci\u00f3n de la factura electr\u00f3nica es hacer efectivas las m\u00faltiples ventajas que se derivan de las mismas &hellip;<\/p>\n","protected":false},"author":1,"featured_media":0,"parent":0,"menu_order":0,"comment_status":"closed","ping_status":"closed","template":"","meta":{"ngg_post_thumbnail":0,"footnotes":""},"categories":[],"tags":[],"class_list":["post-5394","page","type-page","status-publish","hentry"],"yoast_head":"<!-- This site is optimized with the Yoast SEO plugin v27.5 - https:\/\/yoast.com\/product\/yoast-seo-wordpress\/ -->\n<title>Informaci\u00f3n general para proveedores respecto a la factura electr\u00f3nica - MI Ayuntamiento de Caudete<\/title>\n<meta name=\"description\" content=\"P\u00e1gina Oficial del Ayuntamiento de Caudete (Albacete)\" \/>\n<meta name=\"robots\" content=\"index, follow, max-snippet:-1, max-image-preview:large, max-video-preview:-1\" \/>\n<link rel=\"canonical\" href=\"https:\/\/www.caudete.org\/ayuntamiento\/informacion-general-para-proveedores-respecto-a-la-factura-electronica\/\" \/>\n<meta property=\"og:locale\" content=\"es_ES\" \/>\n<meta property=\"og:type\" content=\"article\" \/>\n<meta property=\"og:title\" content=\"Informaci\u00f3n general para proveedores respecto a la factura electr\u00f3nica - MI Ayuntamiento de Caudete\" \/>\n<meta property=\"og:description\" content=\"P\u00e1gina Oficial del Ayuntamiento de Caudete (Albacete)\" \/>\n<meta property=\"og:url\" content=\"https:\/\/www.caudete.org\/ayuntamiento\/informacion-general-para-proveedores-respecto-a-la-factura-electronica\/\" \/>\n<meta property=\"og:site_name\" content=\"MI Ayuntamiento de Caudete\" \/>\n<meta property=\"article:publisher\" content=\"https:\/\/www.facebook.com\/ayuntamientocaudete\/\" \/>\n<meta property=\"article:modified_time\" content=\"2020-11-22T13:04:29+00:00\" \/>\n<meta property=\"og:image\" content=\"http:\/\/www.dipualba.es\/Main\/imgs\/logo-face.jpg\" \/>\n<meta name=\"twitter:card\" content=\"summary_large_image\" \/>\n<meta name=\"twitter:label1\" content=\"Tiempo de lectura\" \/>\n\t<meta name=\"twitter:data1\" content=\"2 minutos\" \/>\n<script type=\"application\/ld+json\" class=\"yoast-schema-graph\">{\"@context\":\"https:\\\/\\\/schema.org\",\"@graph\":[{\"@type\":\"WebPage\",\"@id\":\"https:\\\/\\\/www.caudete.org\\\/ayuntamiento\\\/informacion-general-para-proveedores-respecto-a-la-factura-electronica\\\/\",\"url\":\"https:\\\/\\\/www.caudete.org\\\/ayuntamiento\\\/informacion-general-para-proveedores-respecto-a-la-factura-electronica\\\/\",\"name\":\"Informaci\u00f3n general para proveedores respecto a la factura electr\u00f3nica - MI Ayuntamiento de Caudete\",\"isPartOf\":{\"@id\":\"https:\\\/\\\/www.caudete.org\\\/ayuntamiento\\\/#website\"},\"primaryImageOfPage\":{\"@id\":\"https:\\\/\\\/www.caudete.org\\\/ayuntamiento\\\/informacion-general-para-proveedores-respecto-a-la-factura-electronica\\\/#primaryimage\"},\"image\":{\"@id\":\"https:\\\/\\\/www.caudete.org\\\/ayuntamiento\\\/informacion-general-para-proveedores-respecto-a-la-factura-electronica\\\/#primaryimage\"},\"thumbnailUrl\":\"http:\\\/\\\/www.dipualba.es\\\/Main\\\/imgs\\\/logo-face.jpg\",\"datePublished\":\"2020-11-22T13:03:43+00:00\",\"dateModified\":\"2020-11-22T13:04:29+00:00\",\"description\":\"P\u00e1gina Oficial del Ayuntamiento de Caudete (Albacete)\",\"breadcrumb\":{\"@id\":\"https:\\\/\\\/www.caudete.org\\\/ayuntamiento\\\/informacion-general-para-proveedores-respecto-a-la-factura-electronica\\\/#breadcrumb\"},\"inLanguage\":\"es\",\"potentialAction\":[{\"@type\":\"ReadAction\",\"target\":[\"https:\\\/\\\/www.caudete.org\\\/ayuntamiento\\\/informacion-general-para-proveedores-respecto-a-la-factura-electronica\\\/\"]}]},{\"@type\":\"ImageObject\",\"inLanguage\":\"es\",\"@id\":\"https:\\\/\\\/www.caudete.org\\\/ayuntamiento\\\/informacion-general-para-proveedores-respecto-a-la-factura-electronica\\\/#primaryimage\",\"url\":\"http:\\\/\\\/www.dipualba.es\\\/Main\\\/imgs\\\/logo-face.jpg\",\"contentUrl\":\"http:\\\/\\\/www.dipualba.es\\\/Main\\\/imgs\\\/logo-face.jpg\"},{\"@type\":\"BreadcrumbList\",\"@id\":\"https:\\\/\\\/www.caudete.org\\\/ayuntamiento\\\/informacion-general-para-proveedores-respecto-a-la-factura-electronica\\\/#breadcrumb\",\"itemListElement\":[{\"@type\":\"ListItem\",\"position\":1,\"name\":\"Inicio\",\"item\":\"https:\\\/\\\/www.caudete.org\\\/ayuntamiento\\\/\"},{\"@type\":\"ListItem\",\"position\":2,\"name\":\"Informaci\u00f3n general para proveedores respecto a la factura electr\u00f3nica\"}]},{\"@type\":\"WebSite\",\"@id\":\"https:\\\/\\\/www.caudete.org\\\/ayuntamiento\\\/#website\",\"url\":\"https:\\\/\\\/www.caudete.org\\\/ayuntamiento\\\/\",\"name\":\"MI Ayuntamiento de Caudete\",\"description\":\"P\u00e1gina Oficial del MI Ayuntamiento de Caudete\",\"potentialAction\":[{\"@type\":\"SearchAction\",\"target\":{\"@type\":\"EntryPoint\",\"urlTemplate\":\"https:\\\/\\\/www.caudete.org\\\/ayuntamiento\\\/?s={search_term_string}\"},\"query-input\":{\"@type\":\"PropertyValueSpecification\",\"valueRequired\":true,\"valueName\":\"search_term_string\"}}],\"inLanguage\":\"es\"}]}<\/script>\n<!-- \/ Yoast SEO plugin. -->","yoast_head_json":{"title":"Informaci\u00f3n general para proveedores respecto a la factura electr\u00f3nica - MI Ayuntamiento de Caudete","description":"P\u00e1gina Oficial del Ayuntamiento de Caudete (Albacete)","robots":{"index":"index","follow":"follow","max-snippet":"max-snippet:-1","max-image-preview":"max-image-preview:large","max-video-preview":"max-video-preview:-1"},"canonical":"https:\/\/www.caudete.org\/ayuntamiento\/informacion-general-para-proveedores-respecto-a-la-factura-electronica\/","og_locale":"es_ES","og_type":"article","og_title":"Informaci\u00f3n general para proveedores respecto a la factura electr\u00f3nica - MI Ayuntamiento de Caudete","og_description":"P\u00e1gina Oficial del Ayuntamiento de Caudete (Albacete)","og_url":"https:\/\/www.caudete.org\/ayuntamiento\/informacion-general-para-proveedores-respecto-a-la-factura-electronica\/","og_site_name":"MI Ayuntamiento de Caudete","article_publisher":"https:\/\/www.facebook.com\/ayuntamientocaudete\/","article_modified_time":"2020-11-22T13:04:29+00:00","og_image":[{"url":"http:\/\/www.dipualba.es\/Main\/imgs\/logo-face.jpg","type":"","width":"","height":""}],"twitter_card":"summary_large_image","twitter_misc":{"Tiempo de lectura":"2 minutos"},"schema":{"@context":"https:\/\/schema.org","@graph":[{"@type":"WebPage","@id":"https:\/\/www.caudete.org\/ayuntamiento\/informacion-general-para-proveedores-respecto-a-la-factura-electronica\/","url":"https:\/\/www.caudete.org\/ayuntamiento\/informacion-general-para-proveedores-respecto-a-la-factura-electronica\/","name":"Informaci\u00f3n general para proveedores respecto a la factura electr\u00f3nica - MI Ayuntamiento de Caudete","isPartOf":{"@id":"https:\/\/www.caudete.org\/ayuntamiento\/#website"},"primaryImageOfPage":{"@id":"https:\/\/www.caudete.org\/ayuntamiento\/informacion-general-para-proveedores-respecto-a-la-factura-electronica\/#primaryimage"},"image":{"@id":"https:\/\/www.caudete.org\/ayuntamiento\/informacion-general-para-proveedores-respecto-a-la-factura-electronica\/#primaryimage"},"thumbnailUrl":"http:\/\/www.dipualba.es\/Main\/imgs\/logo-face.jpg","datePublished":"2020-11-22T13:03:43+00:00","dateModified":"2020-11-22T13:04:29+00:00","description":"P\u00e1gina Oficial del Ayuntamiento de Caudete (Albacete)","breadcrumb":{"@id":"https:\/\/www.caudete.org\/ayuntamiento\/informacion-general-para-proveedores-respecto-a-la-factura-electronica\/#breadcrumb"},"inLanguage":"es","potentialAction":[{"@type":"ReadAction","target":["https:\/\/www.caudete.org\/ayuntamiento\/informacion-general-para-proveedores-respecto-a-la-factura-electronica\/"]}]},{"@type":"ImageObject","inLanguage":"es","@id":"https:\/\/www.caudete.org\/ayuntamiento\/informacion-general-para-proveedores-respecto-a-la-factura-electronica\/#primaryimage","url":"http:\/\/www.dipualba.es\/Main\/imgs\/logo-face.jpg","contentUrl":"http:\/\/www.dipualba.es\/Main\/imgs\/logo-face.jpg"},{"@type":"BreadcrumbList","@id":"https:\/\/www.caudete.org\/ayuntamiento\/informacion-general-para-proveedores-respecto-a-la-factura-electronica\/#breadcrumb","itemListElement":[{"@type":"ListItem","position":1,"name":"Inicio","item":"https:\/\/www.caudete.org\/ayuntamiento\/"},{"@type":"ListItem","position":2,"name":"Informaci\u00f3n general para proveedores respecto a la factura electr\u00f3nica"}]},{"@type":"WebSite","@id":"https:\/\/www.caudete.org\/ayuntamiento\/#website","url":"https:\/\/www.caudete.org\/ayuntamiento\/","name":"MI Ayuntamiento de Caudete","description":"P\u00e1gina Oficial del MI Ayuntamiento de Caudete","potentialAction":[{"@type":"SearchAction","target":{"@type":"EntryPoint","urlTemplate":"https:\/\/www.caudete.org\/ayuntamiento\/?s={search_term_string}"},"query-input":{"@type":"PropertyValueSpecification","valueRequired":true,"valueName":"search_term_string"}}],"inLanguage":"es"}]}},"_links":{"self":[{"href":"https:\/\/www.caudete.org\/ayuntamiento\/wp-json\/wp\/v2\/pages\/5394","targetHints":{"allow":["GET"]}}],"collection":[{"href":"https:\/\/www.caudete.org\/ayuntamiento\/wp-json\/wp\/v2\/pages"}],"about":[{"href":"https:\/\/www.caudete.org\/ayuntamiento\/wp-json\/wp\/v2\/types\/page"}],"author":[{"embeddable":true,"href":"https:\/\/www.caudete.org\/ayuntamiento\/wp-json\/wp\/v2\/users\/1"}],"replies":[{"embeddable":true,"href":"https:\/\/www.caudete.org\/ayuntamiento\/wp-json\/wp\/v2\/comments?post=5394"}],"version-history":[{"count":3,"href":"https:\/\/www.caudete.org\/ayuntamiento\/wp-json\/wp\/v2\/pages\/5394\/revisions"}],"predecessor-version":[{"id":5396,"href":"https:\/\/www.caudete.org\/ayuntamiento\/wp-json\/wp\/v2\/pages\/5394\/revisions\/5396"}],"wp:attachment":[{"href":"https:\/\/www.caudete.org\/ayuntamiento\/wp-json\/wp\/v2\/media?parent=5394"}],"wp:term":[{"taxonomy":"category","embeddable":true,"href":"https:\/\/www.caudete.org\/ayuntamiento\/wp-json\/wp\/v2\/categories?post=5394"},{"taxonomy":"post_tag","embeddable":true,"href":"https:\/\/www.caudete.org\/ayuntamiento\/wp-json\/wp\/v2\/tags?post=5394"}],"curies":[{"name":"wp","href":"https:\/\/api.w.org\/{rel}","templated":true}]}}