{"id":5421,"date":"2020-11-22T14:36:16","date_gmt":"2020-11-22T13:36:16","guid":{"rendered":"http:\/\/www.caudete.org\/ayuntamiento\/?page_id=5421"},"modified":"2026-03-20T08:35:33","modified_gmt":"2026-03-20T07:35:33","slug":"consulta-publica-preaprobacion","status":"publish","type":"page","link":"https:\/\/www.caudete.org\/ayuntamiento\/consulta-publica-preaprobacion\/","title":{"rendered":"Consulta P\u00fablica Preaprobaci\u00f3n"},"content":{"rendered":"<p><strong>Ordenanza de reguladora apartamentos o viviendas de uso tur\u00edstico y alojamientos de turismo rural<br \/>\n<\/strong><a href=\"https:\/\/caudete.sedipualba.es\/firma\/documento.aspx?csv=A9AAAPACHT2KPFF9FCMC&amp;modo=abrir\" target=\"_blank\" rel=\"nofollow\">Consulta p\u00fablica ordenanza vivienda uso tur\u00edstico<\/a><\/p>\n<p><strong>Ordenanza reguladora de veh\u00edculos de movilidad personal<br \/>\n<\/strong><a href=\"https:\/\/www.caudete.org\/ayuntamiento\/wp-content\/uploads\/2025\/11\/PROVIDENCIA_IMPULSO_ORDENANZA_REGULADORA_VMP_-_SEFYCU_5677587.pdf\" class=\"mtli_attachment mtli_pdf\">Providencia incoaci\u00f3n ordenanza veh\u00edculos de movilidad personal<\/a><\/p>\n<p><strong>Ordenanzas reguladoras de sedes festeras &#8211; Periodo de consulta 25-09-2025 hasta 21-10-2025<\/strong><br \/>\n<a href=\"https:\/\/caudete.sedipualba.es\/firma\/documento.aspx?csv=A9AAALQUDD7H4F2HEC7E&amp;modo=abrir\" target=\"_blank\" rel=\"nofollow\">Consulta p\u00fablica para modificaci\u00f3n Ordenanza sedes festeras<\/a><\/p>\n<p><strong>Ordenanza reguladora de utilizaci\u00f3n privativa o aprovechamiento especial de bienes de dominio p\u00fablico municipal con vallas, mercanc\u00edas, materiales de construcci\u00f3n, escombros, puntales, anillas, andamios y otras instalaciones an\u00e1logas &#8211; Periodo de consulta 16-01-2025 hasta 29-01-2025<\/strong><br \/>\n<a href=\"https:\/\/www.caudete.org\/ayuntamiento\/wp-content\/uploads\/2025\/01\/CONSULTA_PUBLICA_ORDENANZA_OCUPACION_VIA_PUBLICA_ASIMILABLE_A_OBRAS_Y_SIMILARES_-_SEFYCU_5228792.pdf\" class=\"mtli_attachment mtli_pdf\">Anuncio publicado para Consulta P\u00fablica Ordenanza Reguladora utilizaci\u00f3n bienes de dominio p\u00fablico<\/a><\/p>\n<p><strong>Ordenanza reguladora de uso temporal de espacios p\u00fablicos &#8211; Periodo de consulta 24\/01\/2005 &#8211; 06\/02\/2025<\/strong><br \/>\n<a href=\"https:\/\/www.caudete.org\/ayuntamiento\/wp-content\/uploads\/2025\/01\/CONSULTA-PUBLICA-OR-USO-TEMPORAL-ESPACIOS.pdf\" class=\"mtli_attachment mtli_pdf\">Consulta P\u00fablica por uso temporal de espacios p\u00fablicos<\/a><\/p>\n<p><strong>Reglamento Regulador de la gesti\u00f3n y uso del Ecoparque<br \/>\n<\/strong><a href=\"https:\/\/www.caudete.org\/ayuntamiento\/wp-content\/uploads\/2024\/09\/Ecoparque-Regulacion.pdf\" class=\"mtli_attachment mtli_pdf\">Consulta P\u00fablica Reglamento Regulador Ecoparque<\/a><\/p>\n<p><strong>Ordenanza fiscal N\u00ba1 del Impuesto sobre Bienes Inmuebles<\/strong><br \/>\n<a href=\"https:\/\/www.caudete.org\/ayuntamiento\/wp-content\/uploads\/2022\/07\/PROVIDENCIA-MODIFICACION_ORDENANZA_FISCAL_1_Y_4_-_SEFYCU_3858414.pdf\" class=\"mtli_attachment mtli_pdf\">Providencia modificaci\u00f3n Ordenanza fiscal n\u00ba1<\/a><br \/>\n<a href=\"https:\/\/www.caudete.org\/ayuntamiento\/wp-content\/uploads\/2022\/07\/PROPUESTA_CONCEJALIA_ECONOMIA_Y_HACIENDA_MODIFICACION_OF_N_1_IBI_-_SEFYCU_3860744.pdf\" class=\"mtli_attachment mtli_pdf\">Propuesta modificaci\u00f3n Ordenanza Fiscal n\u00ba1 Concejal\u00eda Econom\u00eda y Hacienda<\/a><\/p>\n<p><strong>Ordenanza fiscal N\u00ba4 del impuesto sobre Construcciones, Instalaciones y Obras<br \/>\n<\/strong><a href=\"https:\/\/www.caudete.org\/ayuntamiento\/wp-content\/uploads\/2022\/07\/PROVIDENCIA-MODIFICACION_ORDENANZA_FISCAL_1_Y_4_-_SEFYCU_3858414.pdf\" class=\"mtli_attachment mtli_pdf\">Providencia modificaci\u00f3n Ordenanza fiscal n\u00ba4<\/a><br \/>\n<a href=\"https:\/\/www.caudete.org\/ayuntamiento\/wp-content\/uploads\/2022\/07\/PROPUESTA_CONCEJALIA_ECONOMIA_Y_HACIENDA_MODIFICACION_OF_N_1_IBI_-_SEFYCU_3860744.pdf\" class=\"mtli_attachment mtli_pdf\">Propuesta modificaci\u00f3n Ordenanza Fiscal n\u00ba4 Concejal\u00eda Econom\u00eda y Hacienda<\/a><\/p>\n<p><strong>Ordenanza Reguladora de la utilizaci\u00f3n privativa o aprovechamiento de bienes de dominio p\u00fablico municipal<br \/>\n<\/strong><a href=\"https:\/\/www.caudete.org\/ayuntamiento\/wp-content\/uploads\/2022\/07\/PROVIDENCIA_CONCEJALIA_MOVILIDAD_URBANA_MODIFICACION_ORDENANZA_REGULADORA_DE_OCUPACION_VIA_PUBLICA_-.pdf\" class=\"mtli_attachment mtli_pdf\">Providencia modificaci\u00f3n Ordenanza Reguladora Bienes Dominio P\u00fablico Concejal\u00eda de Movilidad Urbana<\/a><\/p>\n<p><strong>Ordenanza Reguladora pr\u00e9stamo de material municipal<br \/>\n<\/strong><a href=\"https:\/\/www.caudete.org\/ayuntamiento\/wp-content\/uploads\/2022\/07\/PROVIDENCIA_CONCEJALIA_PARTICIPACION_CIUDADANA_S_MODIFICACION_ODENANZA_REG_PRESTAMO_DE_MATERIAL_-_SE.pdf\" class=\"mtli_attachment mtli_pdf\">Providencia Ordenanza reguladora pr\u00e9stamo de material municipal<\/a><\/p>\n<p><strong>Ordenanza reguladora Registro de Limpieza y Vallados de Solares<br \/>\n<\/strong><a href=\"https:\/\/www.caudete.org\/ayuntamiento\/wp-content\/uploads\/2022\/02\/PROPUESTA_INCOACION_EXPTE_ORDENANZA_REG_LIMPIEZA_Y_VALLADO_SOLARES_-_SEFYCU_1953019.pdf\" class=\"mtli_attachment mtli_pdf\">PROPUESTA Incoaci\u00f3n Ordenanza Registro de Limpieza y Vallado de Solares<\/a><\/p>\n<p><strong>Ordenanza fiscal sobre gastos suntuarios<\/strong><br \/>\n<a href=\"https:\/\/www.caudete.org\/ayuntamiento\/abierta-a-consulta-publica-la-ordenanza-fiscal-de-gastos-suntuarios\/\">Noticia apertura de Consulta P\u00fablica<\/a><br \/>\n<a href=\"https:\/\/www.caudete.org\/ayuntamiento\/wp-content\/uploads\/2021\/09\/PROVIDENCIA_INCOACION_EXPTE_REDACCION_ORDENANZA_FISCAL_GASTOS_SUNTUARIOS.pdf\" class=\"mtli_attachment mtli_pdf\">PROVIDENCIA incoaci\u00f3n ordenanza fiscal Gastos Suntuarios<\/a><\/p>\n<p><strong>Ordenanza fiscal sobre tasa de derechos de examen<\/strong><\/p>\n<p><a href=\"https:\/\/www.caudete.org\/ayuntamiento\/wp-content\/uploads\/2021\/07\/Providencia_inicio_tasa_por_Derechos_de_Examen.pdf\" class=\"mtli_attachment mtli_pdf\">Providencia_inicio_tasa_ordenanza fiscal de tasa por por_Derechos_de_Examen<\/a><\/p>\n<p><strong>Ordenanza reguladora del consumo indebido de bebidas alcoh\u00f3licas en espacios p\u00fablicos<\/strong><\/p>\n<p><a href=\"https:\/\/www.caudete.org\/ayuntamiento\/wp-content\/uploads\/2021\/07\/Providencia-Inicial-Ordenanza-Bebidas.pdf\" class=\"mtli_attachment mtli_pdf\">Providencia de inicio ordenanza reguradora de consumo indebido de bebidas alcoh\u00f3licas en espacios p\u00fablicos<\/a><\/p>\n<p><strong>Ordenanza reguladora de la instalaci\u00f3n de terrazas de establecimientos de hosteler\u00eda y asimilados en la v\u00eda p\u00fablica<br \/>\n<\/strong><\/p>\n<p><strong><a href=\"https:\/\/www.caudete.org\/ayuntamiento\/wp-content\/uploads\/2021\/05\/Providencia_de_inicio_Ordenanza_reguladora_de_la_instalacion_de_terrazas.pdf\" class=\"mtli_attachment mtli_pdf\">Providencia_de_inicio_Ordenanza_reguladora_de_la_instalacion_de_terrazas<\/a><\/strong><\/p>\n<p><strong>Aprobaci\u00f3n Ordenanza Municipal de Tr\u00e1fico de Caudete<\/strong><\/p>\n<p><strong><a href=\"https:\/\/www.caudete.org\/ayuntamiento\/wp-content\/uploads\/2021\/03\/20210128__Informe_legislacion_y_procedimiento_aprobacion_Ordenanza_de_trafico_-_SEFYCU_2508648.pdf\" class=\"mtli_attachment mtli_pdf\">Informe legislacion y procedimiento aprobaci\u00f3n Ordenanza de tr\u00e1fico<\/a> <\/strong><\/p>\n<p><strong><a href=\"https:\/\/www.caudete.org\/ayuntamiento\/wp-content\/uploads\/2021\/03\/PROPUESTA_INCOACION_EXPTE_ORDENANZA_MUNICIPAL_REG_DEL_TRAFICO_-_SEFYCU_2461919.pdf\" class=\"mtli_attachment mtli_pdf\">Propuesta incoaci\u00f3n expediente Ordenanza Municipal Reguladora del Tr\u00e1fico<\/a><\/strong><\/p>\n<p><strong>Ordenanza Reguladora de Ocupaci\u00f3n de Terrenos de Uso P\u00fablico Local con Mercancias, Materiales de Construcci\u00f3n, Escombros, Vallas, Puntales, Anillas, Andamios y Otras Instalaciones<\/strong><\/p>\n<p><strong><a href=\"https:\/\/www.caudete.org\/ayuntamiento\/wp-content\/uploads\/2021\/03\/Providencia_de_inicio_Ordenanzas_Fiscal_y_Reguladora_de_ocupacion_de_terrenos_de_uso_publico_local_-.pdf\" class=\"mtli_attachment mtli_pdf\">Providencia de inicio Ordenanzas Reguladora de ocupacion de terrenos de uso p\u00fablico local<\/a><\/strong><\/p>\n<p><strong>Ordenanza Fiscal n\u00ba 32 por Ocupaci\u00f3n de Terrenos de Uso P\u00fablico Local con Mercancias, Materiales de Construcci\u00f3n, Escombros, Vallas, Puntales, Anillas, Andamios y Otras Instalaciones<\/strong><\/p>\n<p><strong> <a href=\"https:\/\/www.caudete.org\/ayuntamiento\/wp-content\/uploads\/2021\/03\/Providencia_de_inicio_Ordenanzas_Fiscal_y_Reguladora_de_ocupacion_de_terrenos_de_uso_publico_local_-.pdf\" class=\"mtli_attachment mtli_pdf\">Providencia de inicio Ordenanzas Fiscal de ocupacion de terrenos de uso p\u00fablico local<\/a><br \/>\n<\/strong><\/p>\n<p><strong>Reglamento de la Agrupacion Municipal de Voluntarios de Protecci\u00f3n Civil de Caudete<\/strong><\/p>\n<p><a href=\"http:\/\/www.caudete.org\/ayuntamiento\/eniusimg\/enius146\/2020\/07\/adjuntos_fichero_dd11a37034c85ae1.pdf\" class=\"mtli_attachment mtli_pdf\">Borrador Reglamento Agrupaci\u00f3n Voluntarios Protecci\u00f3n Civil<\/a><\/p>\n<p><a href=\"http:\/\/www.caudete.org\/ayuntamiento\/eniusimg\/enius146\/2020\/07\/adjuntos_fichero_cfaf8cddf09429cf.pdf\" class=\"mtli_attachment mtli_pdf\">Providencia Alcald\u00eda para modificaci\u00f3n de reglamento Protecci\u00f3n Civil<\/a><\/p>\n<hr>\n<p><strong>Modificaci\u00f3n Ordenanza Reguladora de Prestaci\u00f3n por Servicios de Matrimonio Civil<\/strong><\/p>\n<p><a href=\"http:\/\/www.caudete.org\/ayuntamiento\/eniusimg\/enius146\/2020\/07\/adjuntos_fichero_eb66e8585ab8f30f.pdf\" class=\"mtli_attachment mtli_pdf\">Providencia Alcald\u00eda Modificaci\u00f3n Ordenanza REGULADORA Matrimonios Civiles<\/a><\/p>\n<p><a href=\"http:\/\/www.caudete.org\/ayuntamiento\/eniusimg\/enius146\/2020\/07\/adjuntos_fichero_fad695668c5534b7.pdf\" class=\"mtli_attachment mtli_pdf\">Providencia Alcald\u00eda Modificaci\u00f3n Fiscal N\u00ba 30 Ordenanza FISCAL Matrimonios Civiles<\/a><\/p>\n<hr>\n<p><strong>Modificaci\u00f3n de Reglamento de Organizaci\u00f3n y Funcionamiento Consejo Escolar<\/strong><\/p>\n<p><a href=\"http:\/\/www.caudete.org\/ayuntamiento\/eniusimg\/enius146\/2020\/07\/adjuntos_fichero_630b083ee5aad520.pdf\" class=\"mtli_attachment mtli_pdf\">Modificaci\u00f3n de Reglamento de Organizaci\u00f3n y Funcionamiento Consejo <\/a><\/p>\n<hr>\n<p><strong>Nueva Ordenanza Fiscal Reguladora de la tasa por otorgamiento de licencia de autotaxi y veh\u00edculos de alquiler en el municipio de Caudete<\/strong><\/p>\n<p><a href=\"http:\/\/www.caudete.org\/ayuntamiento\/eniusimg\/enius146\/2020\/05\/adjuntos_fichero_0bd654d00e6f4069.pdf\" class=\"mtli_attachment mtli_pdf\">Borrador Ordenanza Fiscal N\u00ba 12 &#8211; Licencias autotaxi y veh\u00edculos alquiler<\/a><\/p>\n<p><a href=\"http:\/\/www.caudete.org\/ayuntamiento\/eniusimg\/enius146\/2020\/05\/adjuntos_fichero_adc82c86614b073b.pdf\" class=\"mtli_attachment mtli_pdf\">Providencia de Inicio Ordenanza Fiscal N\u00ba 12 &#8211; Autotxis y alquiler veh\u00edculos<\/a><\/p>\n<hr>\n<p><strong>Nueva Ordenanza Reguladora de los Albergues Municipales<\/strong><\/p>\n<p><a href=\"http:\/\/www.caudete.org\/ayuntamiento\/eniusimg\/enius146\/2020\/05\/adjuntos_fichero_66af1128816a6e95.pdf\" class=\"mtli_attachment mtli_pdf\">Providencia inicio Ordenanza de Albergues Municipales<\/a><\/p>\n<hr>\n<p><strong>Nueva Ordenanza Reguladora de Publicidad, patrocinio y mecenazgo<\/strong><\/p>\n<p><a href=\"http:\/\/www.caudete.org\/ayuntamiento\/eniusimg\/enius146\/2020\/05\/adjuntos_fichero_162502bebd7ff227.pdf\" class=\"mtli_attachment mtli_pdf\">Provicencia de Inicio de Ordenanza de Publicidad, Patrocinio y Mecenazgo<\/a><\/p>\n","protected":false},"excerpt":{"rendered":"<p>Ordenanza de reguladora apartamentos o viviendas de uso tur\u00edstico y alojamientos de turismo rural Consulta p\u00fablica ordenanza vivienda uso tur\u00edstico Ordenanza reguladora de veh\u00edculos de movilidad personal Providencia incoaci\u00f3n ordenanza veh\u00edculos de movilidad personal Ordenanzas reguladoras de sedes festeras &#8211; Periodo de consulta 25-09-2025 hasta 21-10-2025 Consulta p\u00fablica para modificaci\u00f3n Ordenanza sedes festeras Ordenanza reguladora &hellip;<\/p>\n","protected":false},"author":1,"featured_media":0,"parent":0,"menu_order":0,"comment_status":"closed","ping_status":"closed","template":"","meta":{"ngg_post_thumbnail":0,"footnotes":""},"categories":[],"tags":[],"class_list":["post-5421","page","type-page","status-publish","hentry"],"yoast_head":"<!-- This site is optimized with the Yoast SEO plugin v27.5 - https:\/\/yoast.com\/product\/yoast-seo-wordpress\/ -->\n<title>Consulta P\u00fablica Preaprobaci\u00f3n - MI Ayuntamiento de Caudete<\/title>\n<meta name=\"description\" content=\"P\u00e1gina Oficial del Ayuntamiento de Caudete (Albacete)\" \/>\n<meta name=\"robots\" content=\"index, follow, max-snippet:-1, max-image-preview:large, max-video-preview:-1\" \/>\n<link rel=\"canonical\" href=\"https:\/\/www.caudete.org\/ayuntamiento\/consulta-publica-preaprobacion\/\" \/>\n<meta property=\"og:locale\" content=\"es_ES\" \/>\n<meta property=\"og:type\" content=\"article\" \/>\n<meta property=\"og:title\" content=\"Consulta P\u00fablica Preaprobaci\u00f3n - MI Ayuntamiento de Caudete\" \/>\n<meta property=\"og:description\" content=\"P\u00e1gina Oficial del Ayuntamiento de Caudete (Albacete)\" \/>\n<meta property=\"og:url\" content=\"https:\/\/www.caudete.org\/ayuntamiento\/consulta-publica-preaprobacion\/\" \/>\n<meta property=\"og:site_name\" content=\"MI Ayuntamiento de Caudete\" \/>\n<meta property=\"article:publisher\" content=\"https:\/\/www.facebook.com\/ayuntamientocaudete\/\" \/>\n<meta property=\"article:modified_time\" content=\"2026-03-20T07:35:33+00:00\" \/>\n<meta name=\"twitter:card\" content=\"summary_large_image\" \/>\n<meta name=\"twitter:label1\" content=\"Tiempo de lectura\" \/>\n\t<meta name=\"twitter:data1\" content=\"3 minutos\" \/>\n<script type=\"application\/ld+json\" class=\"yoast-schema-graph\">{\"@context\":\"https:\\\/\\\/schema.org\",\"@graph\":[{\"@type\":\"WebPage\",\"@id\":\"https:\\\/\\\/www.caudete.org\\\/ayuntamiento\\\/consulta-publica-preaprobacion\\\/\",\"url\":\"https:\\\/\\\/www.caudete.org\\\/ayuntamiento\\\/consulta-publica-preaprobacion\\\/\",\"name\":\"Consulta P\u00fablica Preaprobaci\u00f3n - MI Ayuntamiento de Caudete\",\"isPartOf\":{\"@id\":\"https:\\\/\\\/www.caudete.org\\\/ayuntamiento\\\/#website\"},\"datePublished\":\"2020-11-22T13:36:16+00:00\",\"dateModified\":\"2026-03-20T07:35:33+00:00\",\"description\":\"P\u00e1gina Oficial del Ayuntamiento de Caudete (Albacete)\",\"breadcrumb\":{\"@id\":\"https:\\\/\\\/www.caudete.org\\\/ayuntamiento\\\/consulta-publica-preaprobacion\\\/#breadcrumb\"},\"inLanguage\":\"es\",\"potentialAction\":[{\"@type\":\"ReadAction\",\"target\":[\"https:\\\/\\\/www.caudete.org\\\/ayuntamiento\\\/consulta-publica-preaprobacion\\\/\"]}]},{\"@type\":\"BreadcrumbList\",\"@id\":\"https:\\\/\\\/www.caudete.org\\\/ayuntamiento\\\/consulta-publica-preaprobacion\\\/#breadcrumb\",\"itemListElement\":[{\"@type\":\"ListItem\",\"position\":1,\"name\":\"Inicio\",\"item\":\"https:\\\/\\\/www.caudete.org\\\/ayuntamiento\\\/\"},{\"@type\":\"ListItem\",\"position\":2,\"name\":\"Consulta P\u00fablica Preaprobaci\u00f3n\"}]},{\"@type\":\"WebSite\",\"@id\":\"https:\\\/\\\/www.caudete.org\\\/ayuntamiento\\\/#website\",\"url\":\"https:\\\/\\\/www.caudete.org\\\/ayuntamiento\\\/\",\"name\":\"MI Ayuntamiento de Caudete\",\"description\":\"P\u00e1gina Oficial del MI Ayuntamiento de Caudete\",\"potentialAction\":[{\"@type\":\"SearchAction\",\"target\":{\"@type\":\"EntryPoint\",\"urlTemplate\":\"https:\\\/\\\/www.caudete.org\\\/ayuntamiento\\\/?s={search_term_string}\"},\"query-input\":{\"@type\":\"PropertyValueSpecification\",\"valueRequired\":true,\"valueName\":\"search_term_string\"}}],\"inLanguage\":\"es\"}]}<\/script>\n<!-- \/ Yoast SEO plugin. -->","yoast_head_json":{"title":"Consulta P\u00fablica Preaprobaci\u00f3n - MI Ayuntamiento de Caudete","description":"P\u00e1gina Oficial del Ayuntamiento de Caudete (Albacete)","robots":{"index":"index","follow":"follow","max-snippet":"max-snippet:-1","max-image-preview":"max-image-preview:large","max-video-preview":"max-video-preview:-1"},"canonical":"https:\/\/www.caudete.org\/ayuntamiento\/consulta-publica-preaprobacion\/","og_locale":"es_ES","og_type":"article","og_title":"Consulta P\u00fablica Preaprobaci\u00f3n - MI Ayuntamiento de Caudete","og_description":"P\u00e1gina Oficial del Ayuntamiento de Caudete (Albacete)","og_url":"https:\/\/www.caudete.org\/ayuntamiento\/consulta-publica-preaprobacion\/","og_site_name":"MI Ayuntamiento de Caudete","article_publisher":"https:\/\/www.facebook.com\/ayuntamientocaudete\/","article_modified_time":"2026-03-20T07:35:33+00:00","twitter_card":"summary_large_image","twitter_misc":{"Tiempo de lectura":"3 minutos"},"schema":{"@context":"https:\/\/schema.org","@graph":[{"@type":"WebPage","@id":"https:\/\/www.caudete.org\/ayuntamiento\/consulta-publica-preaprobacion\/","url":"https:\/\/www.caudete.org\/ayuntamiento\/consulta-publica-preaprobacion\/","name":"Consulta P\u00fablica Preaprobaci\u00f3n - MI Ayuntamiento de Caudete","isPartOf":{"@id":"https:\/\/www.caudete.org\/ayuntamiento\/#website"},"datePublished":"2020-11-22T13:36:16+00:00","dateModified":"2026-03-20T07:35:33+00:00","description":"P\u00e1gina Oficial del Ayuntamiento de Caudete (Albacete)","breadcrumb":{"@id":"https:\/\/www.caudete.org\/ayuntamiento\/consulta-publica-preaprobacion\/#breadcrumb"},"inLanguage":"es","potentialAction":[{"@type":"ReadAction","target":["https:\/\/www.caudete.org\/ayuntamiento\/consulta-publica-preaprobacion\/"]}]},{"@type":"BreadcrumbList","@id":"https:\/\/www.caudete.org\/ayuntamiento\/consulta-publica-preaprobacion\/#breadcrumb","itemListElement":[{"@type":"ListItem","position":1,"name":"Inicio","item":"https:\/\/www.caudete.org\/ayuntamiento\/"},{"@type":"ListItem","position":2,"name":"Consulta P\u00fablica Preaprobaci\u00f3n"}]},{"@type":"WebSite","@id":"https:\/\/www.caudete.org\/ayuntamiento\/#website","url":"https:\/\/www.caudete.org\/ayuntamiento\/","name":"MI Ayuntamiento de Caudete","description":"P\u00e1gina Oficial del MI Ayuntamiento de Caudete","potentialAction":[{"@type":"SearchAction","target":{"@type":"EntryPoint","urlTemplate":"https:\/\/www.caudete.org\/ayuntamiento\/?s={search_term_string}"},"query-input":{"@type":"PropertyValueSpecification","valueRequired":true,"valueName":"search_term_string"}}],"inLanguage":"es"}]}},"_links":{"self":[{"href":"https:\/\/www.caudete.org\/ayuntamiento\/wp-json\/wp\/v2\/pages\/5421","targetHints":{"allow":["GET"]}}],"collection":[{"href":"https:\/\/www.caudete.org\/ayuntamiento\/wp-json\/wp\/v2\/pages"}],"about":[{"href":"https:\/\/www.caudete.org\/ayuntamiento\/wp-json\/wp\/v2\/types\/page"}],"author":[{"embeddable":true,"href":"https:\/\/www.caudete.org\/ayuntamiento\/wp-json\/wp\/v2\/users\/1"}],"replies":[{"embeddable":true,"href":"https:\/\/www.caudete.org\/ayuntamiento\/wp-json\/wp\/v2\/comments?post=5421"}],"version-history":[{"count":45,"href":"https:\/\/www.caudete.org\/ayuntamiento\/wp-json\/wp\/v2\/pages\/5421\/revisions"}],"predecessor-version":[{"id":33160,"href":"https:\/\/www.caudete.org\/ayuntamiento\/wp-json\/wp\/v2\/pages\/5421\/revisions\/33160"}],"wp:attachment":[{"href":"https:\/\/www.caudete.org\/ayuntamiento\/wp-json\/wp\/v2\/media?parent=5421"}],"wp:term":[{"taxonomy":"category","embeddable":true,"href":"https:\/\/www.caudete.org\/ayuntamiento\/wp-json\/wp\/v2\/categories?post=5421"},{"taxonomy":"post_tag","embeddable":true,"href":"https:\/\/www.caudete.org\/ayuntamiento\/wp-json\/wp\/v2\/tags?post=5421"}],"curies":[{"name":"wp","href":"https:\/\/api.w.org\/{rel}","templated":true}]}}