{"id":5476,"date":"2020-11-22T15:48:27","date_gmt":"2020-11-22T14:48:27","guid":{"rendered":"http:\/\/www.caudete.org\/ayuntamiento\/?page_id=5476"},"modified":"2020-11-22T15:48:27","modified_gmt":"2020-11-22T14:48:27","slug":"ejecucion-del-presupuesto-3er-trimestre-de-2019","status":"publish","type":"page","link":"https:\/\/www.caudete.org\/ayuntamiento\/ejecucion-del-presupuesto-3er-trimestre-de-2019\/","title":{"rendered":"Ejecuci\u00f3n del presupuesto 3er trimestre de 2019"},"content":{"rendered":"<p><a href=\"http:\/\/www.caudete.org\/ayuntamiento\/eniusimg\/enius146\/2019\/12\/adjuntos_fichero_0205d4e439a68e20.pdf\" class=\"mtli_attachment mtli_pdf\">Resumen clasificaci\u00f3n econ\u00f3mica<\/a><\/p>\n<p><a href=\"http:\/\/www.caudete.org\/ayuntamiento\/eniusimg\/enius146\/2019\/12\/adjuntos_fichero_ba9e836f1763cabd.pdf\" class=\"mtli_attachment mtli_pdf\">Desglose Ingresos Corrientes<\/a><\/p>\n<p><a href=\"http:\/\/www.caudete.org\/ayuntamiento\/eniusimg\/enius146\/2019\/12\/adjuntos_fichero_dc3a01f3a9a37c33.pdf\" class=\"mtli_attachment mtli_pdf\">Desglose Ingresos Capital y Financieros<\/a><\/p>\n<p><a href=\"http:\/\/www.caudete.org\/ayuntamiento\/eniusimg\/enius146\/2019\/12\/adjuntos_fichero_7c1f08f1054c00ae.pdf\" class=\"mtli_attachment mtli_pdf\">Desglose de Gastos Corrientes<\/a><\/p>\n<p><a href=\"http:\/\/www.caudete.org\/ayuntamiento\/eniusimg\/enius146\/2019\/12\/adjuntos_fichero_62d2412c6873985d.pdf\" class=\"mtli_attachment mtli_pdf\">Desglose de Operaciones de Capital y Financieras<\/a><\/p>\n<p><a href=\"http:\/\/www.caudete.org\/ayuntamiento\/eniusimg\/enius146\/2019\/12\/adjuntos_fichero_aab246bfd6bd3c49.pdf\" class=\"mtli_attachment mtli_pdf\">Remanente de Tesorer\u00eda<\/a><\/p>\n<p><a href=\"http:\/\/www.caudete.org\/ayuntamiento\/eniusimg\/enius146\/2019\/12\/adjuntos_fichero_f2c33e0978d113ec.pdf\" class=\"mtli_attachment mtli_pdf\">Dotaci\u00f3n Plantilla y Retribuciones<\/a><\/p>\n<p><a href=\"http:\/\/www.caudete.org\/ayuntamiento\/eniusimg\/enius146\/2019\/12\/adjuntos_fichero_e9e20a1d1da5aff9.pdf\" class=\"mtli_attachment mtli_pdf\">Dotaci\u00f3n Plantilla y Retribuciones<\/a><\/p>\n<p><a href=\"http:\/\/www.caudete.org\/ayuntamiento\/eniusimg\/enius146\/2019\/12\/adjuntos_fichero_2cd6be026d38124f.pdf\" class=\"mtli_attachment mtli_pdf\">Deuda Viva<\/a><\/p>\n<p><a href=\"http:\/\/www.caudete.org\/ayuntamiento\/eniusimg\/enius146\/2019\/12\/adjuntos_fichero_c31cd3ae154b5347.pdf\" class=\"mtli_attachment mtli_pdf\">Perfil de vencimiento de la deuda en los pr\u00f3ximos 10 a\u00f1os<\/a><\/p>\n<p><a href=\"http:\/\/www.caudete.org\/ayuntamiento\/eniusimg\/enius146\/2019\/12\/adjuntos_fichero_28a2116977c2819d.pdf\" class=\"mtli_attachment mtli_pdf\">Datos generales del Informe Actualizado de Evaluci\u00f3n Corporaci\u00f3n<\/a><\/p>\n<p><a href=\"http:\/\/www.caudete.org\/ayuntamiento\/eniusimg\/enius146\/2019\/12\/adjuntos_fichero_da48d2649af31e23.pdf\" class=\"mtli_attachment mtli_pdf\">Informe Actualizado Evaluaci\u00f3n Resultado Estabilidad Presupuestaria<\/a><\/p>\n<p><a href=\"http:\/\/www.caudete.org\/ayuntamiento\/eniusimg\/enius146\/2019\/12\/adjuntos_fichero_f72ed3b269ec2614.pdf\" class=\"mtli_attachment mtli_pdf\">Anexo A Intereses y rendimiento devengados en el trimestre -Gastos-<\/a><\/p>\n","protected":false},"excerpt":{"rendered":"<p>Resumen clasificaci\u00f3n econ\u00f3mica Desglose Ingresos Corrientes Desglose Ingresos Capital y Financieros Desglose de Gastos Corrientes Desglose de Operaciones de Capital y Financieras Remanente de Tesorer\u00eda Dotaci\u00f3n Plantilla y Retribuciones Dotaci\u00f3n Plantilla y Retribuciones Deuda Viva Perfil de vencimiento de la deuda en los pr\u00f3ximos 10 a\u00f1os Datos generales del Informe Actualizado de Evaluci\u00f3n Corporaci\u00f3n Informe &hellip;<\/p>\n","protected":false},"author":1,"featured_media":0,"parent":0,"menu_order":0,"comment_status":"closed","ping_status":"closed","template":"","meta":{"ngg_post_thumbnail":0,"footnotes":""},"categories":[],"tags":[],"class_list":["post-5476","page","type-page","status-publish","hentry"],"yoast_head":"<!-- This site is optimized with the Yoast SEO plugin v27.5 - https:\/\/yoast.com\/product\/yoast-seo-wordpress\/ -->\n<title>Ejecuci\u00f3n del presupuesto 3er trimestre de 2019 - MI Ayuntamiento de Caudete<\/title>\n<meta name=\"description\" content=\"P\u00e1gina Oficial del Ayuntamiento de Caudete (Albacete)\" \/>\n<meta name=\"robots\" content=\"index, follow, max-snippet:-1, max-image-preview:large, max-video-preview:-1\" \/>\n<link rel=\"canonical\" href=\"https:\/\/www.caudete.org\/ayuntamiento\/ejecucion-del-presupuesto-3er-trimestre-de-2019\/\" \/>\n<meta property=\"og:locale\" content=\"es_ES\" \/>\n<meta property=\"og:type\" content=\"article\" \/>\n<meta property=\"og:title\" content=\"Ejecuci\u00f3n del presupuesto 3er trimestre de 2019 - MI Ayuntamiento de Caudete\" \/>\n<meta property=\"og:description\" content=\"P\u00e1gina Oficial del Ayuntamiento de Caudete (Albacete)\" \/>\n<meta property=\"og:url\" content=\"https:\/\/www.caudete.org\/ayuntamiento\/ejecucion-del-presupuesto-3er-trimestre-de-2019\/\" \/>\n<meta property=\"og:site_name\" content=\"MI Ayuntamiento de Caudete\" \/>\n<meta property=\"article:publisher\" content=\"https:\/\/www.facebook.com\/ayuntamientocaudete\/\" \/>\n<meta name=\"twitter:card\" content=\"summary_large_image\" \/>\n<script type=\"application\/ld+json\" class=\"yoast-schema-graph\">{\"@context\":\"https:\\\/\\\/schema.org\",\"@graph\":[{\"@type\":\"WebPage\",\"@id\":\"https:\\\/\\\/www.caudete.org\\\/ayuntamiento\\\/ejecucion-del-presupuesto-3er-trimestre-de-2019\\\/\",\"url\":\"https:\\\/\\\/www.caudete.org\\\/ayuntamiento\\\/ejecucion-del-presupuesto-3er-trimestre-de-2019\\\/\",\"name\":\"Ejecuci\u00f3n del presupuesto 3er trimestre de 2019 - MI Ayuntamiento de Caudete\",\"isPartOf\":{\"@id\":\"https:\\\/\\\/www.caudete.org\\\/ayuntamiento\\\/#website\"},\"datePublished\":\"2020-11-22T14:48:27+00:00\",\"description\":\"P\u00e1gina Oficial del Ayuntamiento de Caudete (Albacete)\",\"breadcrumb\":{\"@id\":\"https:\\\/\\\/www.caudete.org\\\/ayuntamiento\\\/ejecucion-del-presupuesto-3er-trimestre-de-2019\\\/#breadcrumb\"},\"inLanguage\":\"es\",\"potentialAction\":[{\"@type\":\"ReadAction\",\"target\":[\"https:\\\/\\\/www.caudete.org\\\/ayuntamiento\\\/ejecucion-del-presupuesto-3er-trimestre-de-2019\\\/\"]}]},{\"@type\":\"BreadcrumbList\",\"@id\":\"https:\\\/\\\/www.caudete.org\\\/ayuntamiento\\\/ejecucion-del-presupuesto-3er-trimestre-de-2019\\\/#breadcrumb\",\"itemListElement\":[{\"@type\":\"ListItem\",\"position\":1,\"name\":\"Inicio\",\"item\":\"https:\\\/\\\/www.caudete.org\\\/ayuntamiento\\\/\"},{\"@type\":\"ListItem\",\"position\":2,\"name\":\"Ejecuci\u00f3n del presupuesto 3er trimestre de 2019\"}]},{\"@type\":\"WebSite\",\"@id\":\"https:\\\/\\\/www.caudete.org\\\/ayuntamiento\\\/#website\",\"url\":\"https:\\\/\\\/www.caudete.org\\\/ayuntamiento\\\/\",\"name\":\"MI Ayuntamiento de Caudete\",\"description\":\"P\u00e1gina Oficial del MI Ayuntamiento de Caudete\",\"potentialAction\":[{\"@type\":\"SearchAction\",\"target\":{\"@type\":\"EntryPoint\",\"urlTemplate\":\"https:\\\/\\\/www.caudete.org\\\/ayuntamiento\\\/?s={search_term_string}\"},\"query-input\":{\"@type\":\"PropertyValueSpecification\",\"valueRequired\":true,\"valueName\":\"search_term_string\"}}],\"inLanguage\":\"es\"}]}<\/script>\n<!-- \/ Yoast SEO plugin. -->","yoast_head_json":{"title":"Ejecuci\u00f3n del presupuesto 3er trimestre de 2019 - MI Ayuntamiento de Caudete","description":"P\u00e1gina Oficial del Ayuntamiento de Caudete (Albacete)","robots":{"index":"index","follow":"follow","max-snippet":"max-snippet:-1","max-image-preview":"max-image-preview:large","max-video-preview":"max-video-preview:-1"},"canonical":"https:\/\/www.caudete.org\/ayuntamiento\/ejecucion-del-presupuesto-3er-trimestre-de-2019\/","og_locale":"es_ES","og_type":"article","og_title":"Ejecuci\u00f3n del presupuesto 3er trimestre de 2019 - MI Ayuntamiento de Caudete","og_description":"P\u00e1gina Oficial del Ayuntamiento de Caudete (Albacete)","og_url":"https:\/\/www.caudete.org\/ayuntamiento\/ejecucion-del-presupuesto-3er-trimestre-de-2019\/","og_site_name":"MI Ayuntamiento de Caudete","article_publisher":"https:\/\/www.facebook.com\/ayuntamientocaudete\/","twitter_card":"summary_large_image","schema":{"@context":"https:\/\/schema.org","@graph":[{"@type":"WebPage","@id":"https:\/\/www.caudete.org\/ayuntamiento\/ejecucion-del-presupuesto-3er-trimestre-de-2019\/","url":"https:\/\/www.caudete.org\/ayuntamiento\/ejecucion-del-presupuesto-3er-trimestre-de-2019\/","name":"Ejecuci\u00f3n del presupuesto 3er trimestre de 2019 - MI Ayuntamiento de Caudete","isPartOf":{"@id":"https:\/\/www.caudete.org\/ayuntamiento\/#website"},"datePublished":"2020-11-22T14:48:27+00:00","description":"P\u00e1gina Oficial del Ayuntamiento de Caudete (Albacete)","breadcrumb":{"@id":"https:\/\/www.caudete.org\/ayuntamiento\/ejecucion-del-presupuesto-3er-trimestre-de-2019\/#breadcrumb"},"inLanguage":"es","potentialAction":[{"@type":"ReadAction","target":["https:\/\/www.caudete.org\/ayuntamiento\/ejecucion-del-presupuesto-3er-trimestre-de-2019\/"]}]},{"@type":"BreadcrumbList","@id":"https:\/\/www.caudete.org\/ayuntamiento\/ejecucion-del-presupuesto-3er-trimestre-de-2019\/#breadcrumb","itemListElement":[{"@type":"ListItem","position":1,"name":"Inicio","item":"https:\/\/www.caudete.org\/ayuntamiento\/"},{"@type":"ListItem","position":2,"name":"Ejecuci\u00f3n del presupuesto 3er trimestre de 2019"}]},{"@type":"WebSite","@id":"https:\/\/www.caudete.org\/ayuntamiento\/#website","url":"https:\/\/www.caudete.org\/ayuntamiento\/","name":"MI Ayuntamiento de Caudete","description":"P\u00e1gina Oficial del MI Ayuntamiento de Caudete","potentialAction":[{"@type":"SearchAction","target":{"@type":"EntryPoint","urlTemplate":"https:\/\/www.caudete.org\/ayuntamiento\/?s={search_term_string}"},"query-input":{"@type":"PropertyValueSpecification","valueRequired":true,"valueName":"search_term_string"}}],"inLanguage":"es"}]}},"_links":{"self":[{"href":"https:\/\/www.caudete.org\/ayuntamiento\/wp-json\/wp\/v2\/pages\/5476","targetHints":{"allow":["GET"]}}],"collection":[{"href":"https:\/\/www.caudete.org\/ayuntamiento\/wp-json\/wp\/v2\/pages"}],"about":[{"href":"https:\/\/www.caudete.org\/ayuntamiento\/wp-json\/wp\/v2\/types\/page"}],"author":[{"embeddable":true,"href":"https:\/\/www.caudete.org\/ayuntamiento\/wp-json\/wp\/v2\/users\/1"}],"replies":[{"embeddable":true,"href":"https:\/\/www.caudete.org\/ayuntamiento\/wp-json\/wp\/v2\/comments?post=5476"}],"version-history":[{"count":1,"href":"https:\/\/www.caudete.org\/ayuntamiento\/wp-json\/wp\/v2\/pages\/5476\/revisions"}],"predecessor-version":[{"id":5477,"href":"https:\/\/www.caudete.org\/ayuntamiento\/wp-json\/wp\/v2\/pages\/5476\/revisions\/5477"}],"wp:attachment":[{"href":"https:\/\/www.caudete.org\/ayuntamiento\/wp-json\/wp\/v2\/media?parent=5476"}],"wp:term":[{"taxonomy":"category","embeddable":true,"href":"https:\/\/www.caudete.org\/ayuntamiento\/wp-json\/wp\/v2\/categories?post=5476"},{"taxonomy":"post_tag","embeddable":true,"href":"https:\/\/www.caudete.org\/ayuntamiento\/wp-json\/wp\/v2\/tags?post=5476"}],"curies":[{"name":"wp","href":"https:\/\/api.w.org\/{rel}","templated":true}]}}