{"id":5490,"date":"2020-11-22T16:14:28","date_gmt":"2020-11-22T15:14:28","guid":{"rendered":"http:\/\/www.caudete.org\/ayuntamiento\/?page_id=5490"},"modified":"2020-11-22T16:14:28","modified_gmt":"2020-11-22T15:14:28","slug":"ejecucion-del-presupuesto-3er-trimestre-de-2018","status":"publish","type":"page","link":"https:\/\/www.caudete.org\/ayuntamiento\/ejecucion-del-presupuesto-3er-trimestre-de-2018\/","title":{"rendered":"Ejecuci\u00f3n del presupuesto 3er trimestre de 2018"},"content":{"rendered":"<p><a href=\"http:\/\/www.caudete.org\/ayuntamiento\/eniusimg\/enius146\/2018\/11\/adjuntos_fichero_178fe891750b0644.pdf\" class=\"mtli_attachment mtli_pdf\">01 Resumen clasificaci\u00f3n econ\u00f3mica<\/a><\/p>\n<p><a href=\"http:\/\/www.caudete.org\/ayuntamiento\/eniusimg\/enius146\/2018\/11\/adjuntos_fichero_11e57247e5abfde1.pdf\" class=\"mtli_attachment mtli_pdf\">02 Desglose Ingresos Corrientes<\/a><\/p>\n<p><a href=\"http:\/\/www.caudete.org\/ayuntamiento\/eniusimg\/enius146\/2018\/11\/adjuntos_fichero_4613fa47f520b64d.pdf\" class=\"mtli_attachment mtli_pdf\"> 03 Desglose Ingresos Capital y Financieros<\/a><\/p>\n<p><a href=\"http:\/\/www.caudete.org\/ayuntamiento\/eniusimg\/enius146\/2018\/11\/adjuntos_fichero_823f4773d1ecede3.pdf\" class=\"mtli_attachment mtli_pdf\">04 Desglose de Gastos Corrientes<\/a><\/p>\n<p><a href=\"http:\/\/www.caudete.org\/ayuntamiento\/eniusimg\/enius146\/2018\/11\/adjuntos_fichero_c6439148e35c69cd.pdf\" class=\"mtli_attachment mtli_pdf\"> 05 Desglose de Operaciones de Capital y Financieras<\/a><\/p>\n<p><a href=\"http:\/\/www.caudete.org\/ayuntamiento\/eniusimg\/enius146\/2018\/11\/adjuntos_fichero_d688085b499e5bb1.pdf\" class=\"mtli_attachment mtli_pdf\">06 Remanente de Tesorer\u00eda<\/a><\/p>\n<p><a href=\"http:\/\/www.caudete.org\/ayuntamiento\/eniusimg\/enius146\/2018\/11\/adjuntos_fichero_1f4b193fc9c32900.pdf\" class=\"mtli_attachment mtli_pdf\">07 01 Dotaci\u00f3n Plantilla y Retribuciones<\/a><\/p>\n<p><a href=\"http:\/\/www.caudete.org\/ayuntamiento\/eniusimg\/enius146\/2018\/11\/adjuntos_fichero_f8801db5654c1fd2.pdf\" class=\"mtli_attachment mtli_pdf\">07 02 Dotaci\u00f3n Plantilla y Retribuciones<\/a><\/p>\n<p><a href=\"http:\/\/www.caudete.org\/ayuntamiento\/eniusimg\/enius146\/2018\/11\/adjuntos_fichero_e2efb1f7bbbd4be4.pdf\" class=\"mtli_attachment mtli_pdf\">08 Deuda Viva<\/a><\/p>\n<p><a href=\"http:\/\/www.caudete.org\/ayuntamiento\/eniusimg\/enius146\/2018\/11\/adjuntos_fichero_465541ba7068f4bd.pdf\" class=\"mtli_attachment mtli_pdf\">09 Perfil de vencimiento de la deuda en los pr\u00f3ximos 10 a\u00f1os<\/a><\/p>\n<p><a href=\"http:\/\/www.caudete.org\/ayuntamiento\/eniusimg\/enius146\/2018\/11\/adjuntos_fichero_79d2bca6854d0225.pdf\" class=\"mtli_attachment mtli_pdf\">10 Datos generales del Informe Actualizado de Evaluci\u00f3n Corporaci\u00f3n 3 trimestre<\/a><\/p>\n<p><a href=\"http:\/\/www.caudete.org\/ayuntamiento\/eniusimg\/enius146\/2018\/11\/adjuntos_fichero_98bda7817fa6354a.pdf\" class=\"mtli_attachment mtli_pdf\"> 11 Informe Actualizado Evaluaci\u00f3n Resultado Estabilidad Presupuestaria<\/a><\/p>\n<p><a href=\"http:\/\/www.caudete.org\/ayuntamiento\/eniusimg\/enius146\/2018\/11\/adjuntos_fichero_f1dae717c65d9732.pdf\" class=\"mtli_attachment mtli_pdf\">13 Anexo A Intereses y rendimiento devengados en el 3 trimestre -Gastos-<\/a><\/p>\n","protected":false},"excerpt":{"rendered":"<p>01 Resumen clasificaci\u00f3n econ\u00f3mica 02 Desglose Ingresos Corrientes 03 Desglose Ingresos Capital y Financieros 04 Desglose de Gastos Corrientes 05 Desglose de Operaciones de Capital y Financieras 06 Remanente de Tesorer\u00eda 07 01 Dotaci\u00f3n Plantilla y Retribuciones 07 02 Dotaci\u00f3n Plantilla y Retribuciones 08 Deuda Viva 09 Perfil de vencimiento de la deuda en los &hellip;<\/p>\n","protected":false},"author":1,"featured_media":0,"parent":0,"menu_order":0,"comment_status":"closed","ping_status":"closed","template":"","meta":{"ngg_post_thumbnail":0,"footnotes":""},"categories":[],"tags":[],"class_list":["post-5490","page","type-page","status-publish","hentry"],"yoast_head":"<!-- This site is optimized with the Yoast SEO plugin v27.5 - https:\/\/yoast.com\/product\/yoast-seo-wordpress\/ -->\n<title>Ejecuci\u00f3n del presupuesto 3er trimestre de 2018 - MI Ayuntamiento de Caudete<\/title>\n<meta name=\"description\" content=\"P\u00e1gina Oficial del Ayuntamiento de Caudete (Albacete)\" \/>\n<meta name=\"robots\" content=\"index, follow, max-snippet:-1, max-image-preview:large, max-video-preview:-1\" \/>\n<link rel=\"canonical\" href=\"https:\/\/www.caudete.org\/ayuntamiento\/ejecucion-del-presupuesto-3er-trimestre-de-2018\/\" \/>\n<meta property=\"og:locale\" content=\"es_ES\" \/>\n<meta property=\"og:type\" content=\"article\" \/>\n<meta property=\"og:title\" content=\"Ejecuci\u00f3n del presupuesto 3er trimestre de 2018 - MI Ayuntamiento de Caudete\" \/>\n<meta property=\"og:description\" content=\"P\u00e1gina Oficial del Ayuntamiento de Caudete (Albacete)\" \/>\n<meta property=\"og:url\" content=\"https:\/\/www.caudete.org\/ayuntamiento\/ejecucion-del-presupuesto-3er-trimestre-de-2018\/\" \/>\n<meta property=\"og:site_name\" content=\"MI Ayuntamiento de Caudete\" \/>\n<meta property=\"article:publisher\" content=\"https:\/\/www.facebook.com\/ayuntamientocaudete\/\" \/>\n<meta name=\"twitter:card\" content=\"summary_large_image\" \/>\n<script type=\"application\/ld+json\" class=\"yoast-schema-graph\">{\"@context\":\"https:\\\/\\\/schema.org\",\"@graph\":[{\"@type\":\"WebPage\",\"@id\":\"https:\\\/\\\/www.caudete.org\\\/ayuntamiento\\\/ejecucion-del-presupuesto-3er-trimestre-de-2018\\\/\",\"url\":\"https:\\\/\\\/www.caudete.org\\\/ayuntamiento\\\/ejecucion-del-presupuesto-3er-trimestre-de-2018\\\/\",\"name\":\"Ejecuci\u00f3n del presupuesto 3er trimestre de 2018 - MI Ayuntamiento de Caudete\",\"isPartOf\":{\"@id\":\"https:\\\/\\\/www.caudete.org\\\/ayuntamiento\\\/#website\"},\"datePublished\":\"2020-11-22T15:14:28+00:00\",\"description\":\"P\u00e1gina Oficial del Ayuntamiento de Caudete (Albacete)\",\"breadcrumb\":{\"@id\":\"https:\\\/\\\/www.caudete.org\\\/ayuntamiento\\\/ejecucion-del-presupuesto-3er-trimestre-de-2018\\\/#breadcrumb\"},\"inLanguage\":\"es\",\"potentialAction\":[{\"@type\":\"ReadAction\",\"target\":[\"https:\\\/\\\/www.caudete.org\\\/ayuntamiento\\\/ejecucion-del-presupuesto-3er-trimestre-de-2018\\\/\"]}]},{\"@type\":\"BreadcrumbList\",\"@id\":\"https:\\\/\\\/www.caudete.org\\\/ayuntamiento\\\/ejecucion-del-presupuesto-3er-trimestre-de-2018\\\/#breadcrumb\",\"itemListElement\":[{\"@type\":\"ListItem\",\"position\":1,\"name\":\"Inicio\",\"item\":\"https:\\\/\\\/www.caudete.org\\\/ayuntamiento\\\/\"},{\"@type\":\"ListItem\",\"position\":2,\"name\":\"Ejecuci\u00f3n del presupuesto 3er trimestre de 2018\"}]},{\"@type\":\"WebSite\",\"@id\":\"https:\\\/\\\/www.caudete.org\\\/ayuntamiento\\\/#website\",\"url\":\"https:\\\/\\\/www.caudete.org\\\/ayuntamiento\\\/\",\"name\":\"MI Ayuntamiento de Caudete\",\"description\":\"P\u00e1gina Oficial del MI Ayuntamiento de Caudete\",\"potentialAction\":[{\"@type\":\"SearchAction\",\"target\":{\"@type\":\"EntryPoint\",\"urlTemplate\":\"https:\\\/\\\/www.caudete.org\\\/ayuntamiento\\\/?s={search_term_string}\"},\"query-input\":{\"@type\":\"PropertyValueSpecification\",\"valueRequired\":true,\"valueName\":\"search_term_string\"}}],\"inLanguage\":\"es\"}]}<\/script>\n<!-- \/ Yoast SEO plugin. -->","yoast_head_json":{"title":"Ejecuci\u00f3n del presupuesto 3er trimestre de 2018 - MI Ayuntamiento de Caudete","description":"P\u00e1gina Oficial del Ayuntamiento de Caudete (Albacete)","robots":{"index":"index","follow":"follow","max-snippet":"max-snippet:-1","max-image-preview":"max-image-preview:large","max-video-preview":"max-video-preview:-1"},"canonical":"https:\/\/www.caudete.org\/ayuntamiento\/ejecucion-del-presupuesto-3er-trimestre-de-2018\/","og_locale":"es_ES","og_type":"article","og_title":"Ejecuci\u00f3n del presupuesto 3er trimestre de 2018 - MI Ayuntamiento de Caudete","og_description":"P\u00e1gina Oficial del Ayuntamiento de Caudete (Albacete)","og_url":"https:\/\/www.caudete.org\/ayuntamiento\/ejecucion-del-presupuesto-3er-trimestre-de-2018\/","og_site_name":"MI Ayuntamiento de Caudete","article_publisher":"https:\/\/www.facebook.com\/ayuntamientocaudete\/","twitter_card":"summary_large_image","schema":{"@context":"https:\/\/schema.org","@graph":[{"@type":"WebPage","@id":"https:\/\/www.caudete.org\/ayuntamiento\/ejecucion-del-presupuesto-3er-trimestre-de-2018\/","url":"https:\/\/www.caudete.org\/ayuntamiento\/ejecucion-del-presupuesto-3er-trimestre-de-2018\/","name":"Ejecuci\u00f3n del presupuesto 3er trimestre de 2018 - MI Ayuntamiento de Caudete","isPartOf":{"@id":"https:\/\/www.caudete.org\/ayuntamiento\/#website"},"datePublished":"2020-11-22T15:14:28+00:00","description":"P\u00e1gina Oficial del Ayuntamiento de Caudete (Albacete)","breadcrumb":{"@id":"https:\/\/www.caudete.org\/ayuntamiento\/ejecucion-del-presupuesto-3er-trimestre-de-2018\/#breadcrumb"},"inLanguage":"es","potentialAction":[{"@type":"ReadAction","target":["https:\/\/www.caudete.org\/ayuntamiento\/ejecucion-del-presupuesto-3er-trimestre-de-2018\/"]}]},{"@type":"BreadcrumbList","@id":"https:\/\/www.caudete.org\/ayuntamiento\/ejecucion-del-presupuesto-3er-trimestre-de-2018\/#breadcrumb","itemListElement":[{"@type":"ListItem","position":1,"name":"Inicio","item":"https:\/\/www.caudete.org\/ayuntamiento\/"},{"@type":"ListItem","position":2,"name":"Ejecuci\u00f3n del presupuesto 3er trimestre de 2018"}]},{"@type":"WebSite","@id":"https:\/\/www.caudete.org\/ayuntamiento\/#website","url":"https:\/\/www.caudete.org\/ayuntamiento\/","name":"MI Ayuntamiento de Caudete","description":"P\u00e1gina Oficial del MI Ayuntamiento de Caudete","potentialAction":[{"@type":"SearchAction","target":{"@type":"EntryPoint","urlTemplate":"https:\/\/www.caudete.org\/ayuntamiento\/?s={search_term_string}"},"query-input":{"@type":"PropertyValueSpecification","valueRequired":true,"valueName":"search_term_string"}}],"inLanguage":"es"}]}},"_links":{"self":[{"href":"https:\/\/www.caudete.org\/ayuntamiento\/wp-json\/wp\/v2\/pages\/5490","targetHints":{"allow":["GET"]}}],"collection":[{"href":"https:\/\/www.caudete.org\/ayuntamiento\/wp-json\/wp\/v2\/pages"}],"about":[{"href":"https:\/\/www.caudete.org\/ayuntamiento\/wp-json\/wp\/v2\/types\/page"}],"author":[{"embeddable":true,"href":"https:\/\/www.caudete.org\/ayuntamiento\/wp-json\/wp\/v2\/users\/1"}],"replies":[{"embeddable":true,"href":"https:\/\/www.caudete.org\/ayuntamiento\/wp-json\/wp\/v2\/comments?post=5490"}],"version-history":[{"count":1,"href":"https:\/\/www.caudete.org\/ayuntamiento\/wp-json\/wp\/v2\/pages\/5490\/revisions"}],"predecessor-version":[{"id":5491,"href":"https:\/\/www.caudete.org\/ayuntamiento\/wp-json\/wp\/v2\/pages\/5490\/revisions\/5491"}],"wp:attachment":[{"href":"https:\/\/www.caudete.org\/ayuntamiento\/wp-json\/wp\/v2\/media?parent=5490"}],"wp:term":[{"taxonomy":"category","embeddable":true,"href":"https:\/\/www.caudete.org\/ayuntamiento\/wp-json\/wp\/v2\/categories?post=5490"},{"taxonomy":"post_tag","embeddable":true,"href":"https:\/\/www.caudete.org\/ayuntamiento\/wp-json\/wp\/v2\/tags?post=5490"}],"curies":[{"name":"wp","href":"https:\/\/api.w.org\/{rel}","templated":true}]}}