{"id":5496,"date":"2020-11-22T16:37:58","date_gmt":"2020-11-22T15:37:58","guid":{"rendered":"http:\/\/www.caudete.org\/ayuntamiento\/?page_id=5496"},"modified":"2020-11-22T16:37:58","modified_gmt":"2020-11-22T15:37:58","slug":"ejecucion-del-presupuesto-1er-trimestre-de-2018","status":"publish","type":"page","link":"https:\/\/www.caudete.org\/ayuntamiento\/ejecucion-del-presupuesto-1er-trimestre-de-2018\/","title":{"rendered":"Ejecuci\u00f3n del presupuesto 1er trimestre de 2018"},"content":{"rendered":"<p><a href=\"http:\/\/www.caudete.org\/ayuntamiento\/eniusimg\/enius146\/2018\/05\/adjuntos_fichero_5f33935ac7b0dd4e.pdf\" class=\"mtli_attachment mtli_pdf\">01 Resumen Clasificaci\u00f3n Econ\u00f3mica<\/a><\/p>\n<p><a href=\"http:\/\/www.caudete.org\/ayuntamiento\/eniusimg\/enius146\/2018\/05\/adjuntos_fichero_cee783195a1f4bca.pdf\" class=\"mtli_attachment mtli_pdf\">02 Desglose de Ingresos Corrientes<\/a><\/p>\n<p><a href=\"http:\/\/www.caudete.org\/ayuntamiento\/eniusimg\/enius146\/2018\/05\/adjuntos_fichero_a0d432f0aa087464.pdf\" class=\"mtli_attachment mtli_pdf\">03 Desglose de Ingresos de Capital y Financieros<\/a><\/p>\n<p><a href=\"http:\/\/www.caudete.org\/ayuntamiento\/eniusimg\/enius146\/2018\/05\/adjuntos_fichero_35cc9e5e87ec2b6c.pdf\" class=\"mtli_attachment mtli_pdf\">04 Desglose de Gastos Corrientes<\/a><\/p>\n<p><a href=\"http:\/\/www.caudete.org\/ayuntamiento\/eniusimg\/enius146\/2018\/05\/adjuntos_fichero_8a0b5cdce2f722a1.pdf\" class=\"mtli_attachment mtli_pdf\">05 Desglose de Operaciones de Capital y Financieras<\/a><\/p>\n<p><a href=\"http:\/\/www.caudete.org\/ayuntamiento\/eniusimg\/enius146\/2018\/05\/adjuntos_fichero_616eb8379ed740cc.pdf\" class=\"mtli_attachment mtli_pdf\">06 Remanente de Tesorer\u00eda<\/a><\/p>\n<p><a href=\"http:\/\/www.caudete.org\/ayuntamiento\/eniusimg\/enius146\/2018\/05\/adjuntos_fichero_771cc48002042d9c.pdf\" class=\"mtli_attachment mtli_pdf\">07 01 Dotaci\u00f3n de Plantillas y Retribuciones<\/a><\/p>\n<p><a href=\"http:\/\/www.caudete.org\/ayuntamiento\/eniusimg\/enius146\/2018\/05\/adjuntos_fichero_1f850d4e0b8ff667.pdf\" class=\"mtli_attachment mtli_pdf\">07 02 Dotaci\u00f3n de Plantillas y Retribuciones<\/a><\/p>\n<p><a href=\"http:\/\/www.caudete.org\/ayuntamiento\/eniusimg\/enius146\/2018\/05\/adjuntos_fichero_3605b54cc48bff7a.pdf\" class=\"mtli_attachment mtli_pdf\">08 Deuda Viva<\/a><\/p>\n<p><a href=\"http:\/\/www.caudete.org\/ayuntamiento\/eniusimg\/enius146\/2018\/05\/adjuntos_fichero_7ecbd49fc911c140.pdf\" class=\"mtli_attachment mtli_pdf\">09 Perfil de vencimiento de la deuda en los pr\u00f3ximos 10 a\u00f1os<\/a><\/p>\n<p><a href=\"http:\/\/www.caudete.org\/ayuntamiento\/eniusimg\/enius146\/2018\/05\/adjuntos_fichero_48b6f924c0c855f5.pdf\" class=\"mtli_attachment mtli_pdf\">10 Datos generales del Infome Actualizado de Evaluacion Corporaci\u00f3n 1er Trimestre<\/a><\/p>\n<p><a href=\"http:\/\/www.caudete.org\/ayuntamiento\/eniusimg\/enius146\/2018\/05\/adjuntos_fichero_fcb46bae223e45c8.pdf\" class=\"mtli_attachment mtli_pdf\">11 Informe Actualizado Evaluaci\u00f3n Resultado Estabilidad Presupuestaria<\/a><\/p>\n<p><a href=\"http:\/\/www.caudete.org\/ayuntamiento\/eniusimg\/enius146\/2018\/05\/adjuntos_fichero_90924e267b9db612.pdf\" class=\"mtli_attachment mtli_pdf\">13 Anexo A Interes y rendimientos devengados en el trimestre -gastos-<\/a><\/p>\n","protected":false},"excerpt":{"rendered":"<p>01 Resumen Clasificaci\u00f3n Econ\u00f3mica 02 Desglose de Ingresos Corrientes 03 Desglose de Ingresos de Capital y Financieros 04 Desglose de Gastos Corrientes 05 Desglose de Operaciones de Capital y Financieras 06 Remanente de Tesorer\u00eda 07 01 Dotaci\u00f3n de Plantillas y Retribuciones 07 02 Dotaci\u00f3n de Plantillas y Retribuciones 08 Deuda Viva 09 Perfil de vencimiento &hellip;<\/p>\n","protected":false},"author":1,"featured_media":0,"parent":0,"menu_order":0,"comment_status":"closed","ping_status":"closed","template":"","meta":{"ngg_post_thumbnail":0,"footnotes":""},"categories":[],"tags":[],"class_list":["post-5496","page","type-page","status-publish","hentry"],"yoast_head":"<!-- This site is optimized with the Yoast SEO plugin v27.5 - https:\/\/yoast.com\/product\/yoast-seo-wordpress\/ -->\n<title>Ejecuci\u00f3n del presupuesto 1er trimestre de 2018 - MI Ayuntamiento de Caudete<\/title>\n<meta name=\"description\" content=\"P\u00e1gina Oficial del Ayuntamiento de Caudete (Albacete)\" \/>\n<meta name=\"robots\" content=\"index, follow, max-snippet:-1, max-image-preview:large, max-video-preview:-1\" \/>\n<link rel=\"canonical\" href=\"https:\/\/www.caudete.org\/ayuntamiento\/ejecucion-del-presupuesto-1er-trimestre-de-2018\/\" \/>\n<meta property=\"og:locale\" content=\"es_ES\" \/>\n<meta property=\"og:type\" content=\"article\" \/>\n<meta property=\"og:title\" content=\"Ejecuci\u00f3n del presupuesto 1er trimestre de 2018 - MI Ayuntamiento de Caudete\" \/>\n<meta property=\"og:description\" content=\"P\u00e1gina Oficial del Ayuntamiento de Caudete (Albacete)\" \/>\n<meta property=\"og:url\" content=\"https:\/\/www.caudete.org\/ayuntamiento\/ejecucion-del-presupuesto-1er-trimestre-de-2018\/\" \/>\n<meta property=\"og:site_name\" content=\"MI Ayuntamiento de Caudete\" \/>\n<meta property=\"article:publisher\" content=\"https:\/\/www.facebook.com\/ayuntamientocaudete\/\" \/>\n<meta name=\"twitter:card\" content=\"summary_large_image\" \/>\n<script type=\"application\/ld+json\" class=\"yoast-schema-graph\">{\"@context\":\"https:\\\/\\\/schema.org\",\"@graph\":[{\"@type\":\"WebPage\",\"@id\":\"https:\\\/\\\/www.caudete.org\\\/ayuntamiento\\\/ejecucion-del-presupuesto-1er-trimestre-de-2018\\\/\",\"url\":\"https:\\\/\\\/www.caudete.org\\\/ayuntamiento\\\/ejecucion-del-presupuesto-1er-trimestre-de-2018\\\/\",\"name\":\"Ejecuci\u00f3n del presupuesto 1er trimestre de 2018 - MI Ayuntamiento de Caudete\",\"isPartOf\":{\"@id\":\"https:\\\/\\\/www.caudete.org\\\/ayuntamiento\\\/#website\"},\"datePublished\":\"2020-11-22T15:37:58+00:00\",\"description\":\"P\u00e1gina Oficial del Ayuntamiento de Caudete (Albacete)\",\"breadcrumb\":{\"@id\":\"https:\\\/\\\/www.caudete.org\\\/ayuntamiento\\\/ejecucion-del-presupuesto-1er-trimestre-de-2018\\\/#breadcrumb\"},\"inLanguage\":\"es\",\"potentialAction\":[{\"@type\":\"ReadAction\",\"target\":[\"https:\\\/\\\/www.caudete.org\\\/ayuntamiento\\\/ejecucion-del-presupuesto-1er-trimestre-de-2018\\\/\"]}]},{\"@type\":\"BreadcrumbList\",\"@id\":\"https:\\\/\\\/www.caudete.org\\\/ayuntamiento\\\/ejecucion-del-presupuesto-1er-trimestre-de-2018\\\/#breadcrumb\",\"itemListElement\":[{\"@type\":\"ListItem\",\"position\":1,\"name\":\"Inicio\",\"item\":\"https:\\\/\\\/www.caudete.org\\\/ayuntamiento\\\/\"},{\"@type\":\"ListItem\",\"position\":2,\"name\":\"Ejecuci\u00f3n del presupuesto 1er trimestre de 2018\"}]},{\"@type\":\"WebSite\",\"@id\":\"https:\\\/\\\/www.caudete.org\\\/ayuntamiento\\\/#website\",\"url\":\"https:\\\/\\\/www.caudete.org\\\/ayuntamiento\\\/\",\"name\":\"MI Ayuntamiento de Caudete\",\"description\":\"P\u00e1gina Oficial del MI Ayuntamiento de Caudete\",\"potentialAction\":[{\"@type\":\"SearchAction\",\"target\":{\"@type\":\"EntryPoint\",\"urlTemplate\":\"https:\\\/\\\/www.caudete.org\\\/ayuntamiento\\\/?s={search_term_string}\"},\"query-input\":{\"@type\":\"PropertyValueSpecification\",\"valueRequired\":true,\"valueName\":\"search_term_string\"}}],\"inLanguage\":\"es\"}]}<\/script>\n<!-- \/ Yoast SEO plugin. -->","yoast_head_json":{"title":"Ejecuci\u00f3n del presupuesto 1er trimestre de 2018 - MI Ayuntamiento de Caudete","description":"P\u00e1gina Oficial del Ayuntamiento de Caudete (Albacete)","robots":{"index":"index","follow":"follow","max-snippet":"max-snippet:-1","max-image-preview":"max-image-preview:large","max-video-preview":"max-video-preview:-1"},"canonical":"https:\/\/www.caudete.org\/ayuntamiento\/ejecucion-del-presupuesto-1er-trimestre-de-2018\/","og_locale":"es_ES","og_type":"article","og_title":"Ejecuci\u00f3n del presupuesto 1er trimestre de 2018 - MI Ayuntamiento de Caudete","og_description":"P\u00e1gina Oficial del Ayuntamiento de Caudete (Albacete)","og_url":"https:\/\/www.caudete.org\/ayuntamiento\/ejecucion-del-presupuesto-1er-trimestre-de-2018\/","og_site_name":"MI Ayuntamiento de Caudete","article_publisher":"https:\/\/www.facebook.com\/ayuntamientocaudete\/","twitter_card":"summary_large_image","schema":{"@context":"https:\/\/schema.org","@graph":[{"@type":"WebPage","@id":"https:\/\/www.caudete.org\/ayuntamiento\/ejecucion-del-presupuesto-1er-trimestre-de-2018\/","url":"https:\/\/www.caudete.org\/ayuntamiento\/ejecucion-del-presupuesto-1er-trimestre-de-2018\/","name":"Ejecuci\u00f3n del presupuesto 1er trimestre de 2018 - MI Ayuntamiento de Caudete","isPartOf":{"@id":"https:\/\/www.caudete.org\/ayuntamiento\/#website"},"datePublished":"2020-11-22T15:37:58+00:00","description":"P\u00e1gina Oficial del Ayuntamiento de Caudete (Albacete)","breadcrumb":{"@id":"https:\/\/www.caudete.org\/ayuntamiento\/ejecucion-del-presupuesto-1er-trimestre-de-2018\/#breadcrumb"},"inLanguage":"es","potentialAction":[{"@type":"ReadAction","target":["https:\/\/www.caudete.org\/ayuntamiento\/ejecucion-del-presupuesto-1er-trimestre-de-2018\/"]}]},{"@type":"BreadcrumbList","@id":"https:\/\/www.caudete.org\/ayuntamiento\/ejecucion-del-presupuesto-1er-trimestre-de-2018\/#breadcrumb","itemListElement":[{"@type":"ListItem","position":1,"name":"Inicio","item":"https:\/\/www.caudete.org\/ayuntamiento\/"},{"@type":"ListItem","position":2,"name":"Ejecuci\u00f3n del presupuesto 1er trimestre de 2018"}]},{"@type":"WebSite","@id":"https:\/\/www.caudete.org\/ayuntamiento\/#website","url":"https:\/\/www.caudete.org\/ayuntamiento\/","name":"MI Ayuntamiento de Caudete","description":"P\u00e1gina Oficial del MI Ayuntamiento de Caudete","potentialAction":[{"@type":"SearchAction","target":{"@type":"EntryPoint","urlTemplate":"https:\/\/www.caudete.org\/ayuntamiento\/?s={search_term_string}"},"query-input":{"@type":"PropertyValueSpecification","valueRequired":true,"valueName":"search_term_string"}}],"inLanguage":"es"}]}},"_links":{"self":[{"href":"https:\/\/www.caudete.org\/ayuntamiento\/wp-json\/wp\/v2\/pages\/5496","targetHints":{"allow":["GET"]}}],"collection":[{"href":"https:\/\/www.caudete.org\/ayuntamiento\/wp-json\/wp\/v2\/pages"}],"about":[{"href":"https:\/\/www.caudete.org\/ayuntamiento\/wp-json\/wp\/v2\/types\/page"}],"author":[{"embeddable":true,"href":"https:\/\/www.caudete.org\/ayuntamiento\/wp-json\/wp\/v2\/users\/1"}],"replies":[{"embeddable":true,"href":"https:\/\/www.caudete.org\/ayuntamiento\/wp-json\/wp\/v2\/comments?post=5496"}],"version-history":[{"count":1,"href":"https:\/\/www.caudete.org\/ayuntamiento\/wp-json\/wp\/v2\/pages\/5496\/revisions"}],"predecessor-version":[{"id":5497,"href":"https:\/\/www.caudete.org\/ayuntamiento\/wp-json\/wp\/v2\/pages\/5496\/revisions\/5497"}],"wp:attachment":[{"href":"https:\/\/www.caudete.org\/ayuntamiento\/wp-json\/wp\/v2\/media?parent=5496"}],"wp:term":[{"taxonomy":"category","embeddable":true,"href":"https:\/\/www.caudete.org\/ayuntamiento\/wp-json\/wp\/v2\/categories?post=5496"},{"taxonomy":"post_tag","embeddable":true,"href":"https:\/\/www.caudete.org\/ayuntamiento\/wp-json\/wp\/v2\/tags?post=5496"}],"curies":[{"name":"wp","href":"https:\/\/api.w.org\/{rel}","templated":true}]}}