{"id":5507,"date":"2020-11-22T16:47:20","date_gmt":"2020-11-22T15:47:20","guid":{"rendered":"http:\/\/www.caudete.org\/ayuntamiento\/?page_id=5507"},"modified":"2020-11-22T16:47:20","modified_gmt":"2020-11-22T15:47:20","slug":"ejecucion-del-presupuesto-2o-trimestre-de-2017","status":"publish","type":"page","link":"https:\/\/www.caudete.org\/ayuntamiento\/ejecucion-del-presupuesto-2o-trimestre-de-2017\/","title":{"rendered":"Ejecuci\u00f3n del presupuesto 2\u00ba trimestre de 2017"},"content":{"rendered":"<p><a href=\"http:\/\/www.caudete.org\/ayuntamiento\/eniusimg\/enius146\/2017\/11\/adjuntos_fichero_d2a7e239155a305c.pdf\" class=\"mtli_attachment mtli_pdf\">Resumen Clasificacion Economica<\/a><\/p>\n<p><a href=\"http:\/\/www.caudete.org\/ayuntamiento\/eniusimg\/enius146\/2017\/11\/adjuntos_fichero_3df59e54685f7694.pdf\" class=\"mtli_attachment mtli_pdf\">Desglose de Ingresos corrientes<\/a><\/p>\n<p><a href=\"http:\/\/www.caudete.org\/ayuntamiento\/eniusimg\/enius146\/2017\/11\/adjuntos_fichero_52890b85bdee2e67.pdf\" class=\"mtli_attachment mtli_pdf\">Desglose de Ingresos de capital y financieros<\/a><\/p>\n<p><a href=\"http:\/\/www.caudete.org\/ayuntamiento\/eniusimg\/enius146\/2017\/11\/adjuntos_fichero_6141618978fa1aa6.pdf\" class=\"mtli_attachment mtli_pdf\">Desglose de Gastos corrientes<\/a><\/p>\n<p><a href=\"http:\/\/www.caudete.org\/ayuntamiento\/eniusimg\/enius146\/2017\/11\/adjuntos_fichero_1d8843720fb6b53f.pdf\" class=\"mtli_attachment mtli_pdf\">Desglose de Operaciones de capital y financieras<\/a><\/p>\n<p><a href=\"http:\/\/www.caudete.org\/ayuntamiento\/eniusimg\/enius146\/2017\/11\/adjuntos_fichero_2a59814c3562ae0b.pdf\" class=\"mtli_attachment mtli_pdf\">Remanente de Tesorer\u00eda<\/a><\/p>\n<p><a href=\"http:\/\/www.caudete.org\/ayuntamiento\/eniusimg\/enius146\/2017\/11\/adjuntos_fichero_b94fdb2ebe574867.pdf\" class=\"mtli_attachment mtli_pdf\">Dotacion de plantillas y retribuciones<\/a><\/p>\n<p><a href=\"http:\/\/www.caudete.org\/ayuntamiento\/eniusimg\/enius146\/2017\/11\/adjuntos_fichero_3b0cc4809e33d4f8.pdf\" class=\"mtli_attachment mtli_pdf\">Deuda viva y vencimiento mensual previsto en pr\u00f3ximo trimestre<\/a><\/p>\n<p><a href=\"http:\/\/www.caudete.org\/ayuntamiento\/eniusimg\/enius146\/2017\/11\/adjuntos_fichero_d38bfb9a9e1d774a.pdf\" class=\"mtli_attachment mtli_pdf\">Perfil de vencimiento de la deuda en los pr\u00f3ximos 10 a\u00f1os<\/a><\/p>\n<p><a href=\"http:\/\/www.caudete.org\/ayuntamiento\/eniusimg\/enius146\/2017\/11\/adjuntos_fichero_34609f03d46b8545.pdf\" class=\"mtli_attachment mtli_pdf\">Datos generales del informe actualizado de Evaluacion Corporaci\u00f3n<\/a><\/p>\n<p><a href=\"http:\/\/www.caudete.org\/ayuntamiento\/eniusimg\/enius146\/2017\/11\/adjuntos_fichero_9c188a3195f0d4b0.pdf\" class=\"mtli_attachment mtli_pdf\">Informe actualizado evaluaci\u00f3n<\/a><\/p>\n<p><a href=\"http:\/\/www.caudete.org\/ayuntamiento\/eniusimg\/enius146\/2017\/11\/adjuntos_fichero_8112025e6c9e1e4b.pdf\" class=\"mtli_attachment mtli_pdf\">Anexo A &#8211; Intereses y rendimientos devengados en el trimestre (gastos)<\/a><\/p>\n<p><a href=\"http:\/\/www.caudete.org\/ayuntamiento\/eniusimg\/enius146\/2017\/11\/adjuntos_fichero_a5320649b4a88591.pdf\" class=\"mtli_attachment mtli_pdf\">Anexo B &#8211; Movimientos de la cuenta Acreedores por devoluci\u00f3n de Ingresos<\/a><\/p>\n","protected":false},"excerpt":{"rendered":"<p>Resumen Clasificacion Economica Desglose de Ingresos corrientes Desglose de Ingresos de capital y financieros Desglose de Gastos corrientes Desglose de Operaciones de capital y financieras Remanente de Tesorer\u00eda Dotacion de plantillas y retribuciones Deuda viva y vencimiento mensual previsto en pr\u00f3ximo trimestre Perfil de vencimiento de la deuda en los pr\u00f3ximos 10 a\u00f1os Datos generales &hellip;<\/p>\n","protected":false},"author":1,"featured_media":0,"parent":0,"menu_order":0,"comment_status":"closed","ping_status":"closed","template":"","meta":{"ngg_post_thumbnail":0,"footnotes":""},"categories":[],"tags":[],"class_list":["post-5507","page","type-page","status-publish","hentry"],"yoast_head":"<!-- This site is optimized with the Yoast SEO plugin v27.5 - https:\/\/yoast.com\/product\/yoast-seo-wordpress\/ -->\n<title>Ejecuci\u00f3n del presupuesto 2\u00ba trimestre de 2017 - MI Ayuntamiento de Caudete<\/title>\n<meta name=\"description\" content=\"P\u00e1gina Oficial del Ayuntamiento de Caudete (Albacete)\" \/>\n<meta name=\"robots\" content=\"index, follow, max-snippet:-1, max-image-preview:large, max-video-preview:-1\" \/>\n<link rel=\"canonical\" href=\"https:\/\/www.caudete.org\/ayuntamiento\/ejecucion-del-presupuesto-2o-trimestre-de-2017\/\" \/>\n<meta property=\"og:locale\" content=\"es_ES\" \/>\n<meta property=\"og:type\" content=\"article\" \/>\n<meta property=\"og:title\" content=\"Ejecuci\u00f3n del presupuesto 2\u00ba trimestre de 2017 - MI Ayuntamiento de Caudete\" \/>\n<meta property=\"og:description\" content=\"P\u00e1gina Oficial del Ayuntamiento de Caudete (Albacete)\" \/>\n<meta property=\"og:url\" content=\"https:\/\/www.caudete.org\/ayuntamiento\/ejecucion-del-presupuesto-2o-trimestre-de-2017\/\" \/>\n<meta property=\"og:site_name\" content=\"MI Ayuntamiento de Caudete\" \/>\n<meta property=\"article:publisher\" content=\"https:\/\/www.facebook.com\/ayuntamientocaudete\/\" \/>\n<meta name=\"twitter:card\" content=\"summary_large_image\" \/>\n<script type=\"application\/ld+json\" class=\"yoast-schema-graph\">{\"@context\":\"https:\\\/\\\/schema.org\",\"@graph\":[{\"@type\":\"WebPage\",\"@id\":\"https:\\\/\\\/www.caudete.org\\\/ayuntamiento\\\/ejecucion-del-presupuesto-2o-trimestre-de-2017\\\/\",\"url\":\"https:\\\/\\\/www.caudete.org\\\/ayuntamiento\\\/ejecucion-del-presupuesto-2o-trimestre-de-2017\\\/\",\"name\":\"Ejecuci\u00f3n del presupuesto 2\u00ba trimestre de 2017 - MI Ayuntamiento de Caudete\",\"isPartOf\":{\"@id\":\"https:\\\/\\\/www.caudete.org\\\/ayuntamiento\\\/#website\"},\"datePublished\":\"2020-11-22T15:47:20+00:00\",\"description\":\"P\u00e1gina Oficial del Ayuntamiento de Caudete (Albacete)\",\"breadcrumb\":{\"@id\":\"https:\\\/\\\/www.caudete.org\\\/ayuntamiento\\\/ejecucion-del-presupuesto-2o-trimestre-de-2017\\\/#breadcrumb\"},\"inLanguage\":\"es\",\"potentialAction\":[{\"@type\":\"ReadAction\",\"target\":[\"https:\\\/\\\/www.caudete.org\\\/ayuntamiento\\\/ejecucion-del-presupuesto-2o-trimestre-de-2017\\\/\"]}]},{\"@type\":\"BreadcrumbList\",\"@id\":\"https:\\\/\\\/www.caudete.org\\\/ayuntamiento\\\/ejecucion-del-presupuesto-2o-trimestre-de-2017\\\/#breadcrumb\",\"itemListElement\":[{\"@type\":\"ListItem\",\"position\":1,\"name\":\"Inicio\",\"item\":\"https:\\\/\\\/www.caudete.org\\\/ayuntamiento\\\/\"},{\"@type\":\"ListItem\",\"position\":2,\"name\":\"Ejecuci\u00f3n del presupuesto 2\u00ba trimestre de 2017\"}]},{\"@type\":\"WebSite\",\"@id\":\"https:\\\/\\\/www.caudete.org\\\/ayuntamiento\\\/#website\",\"url\":\"https:\\\/\\\/www.caudete.org\\\/ayuntamiento\\\/\",\"name\":\"MI Ayuntamiento de Caudete\",\"description\":\"P\u00e1gina Oficial del MI Ayuntamiento de Caudete\",\"potentialAction\":[{\"@type\":\"SearchAction\",\"target\":{\"@type\":\"EntryPoint\",\"urlTemplate\":\"https:\\\/\\\/www.caudete.org\\\/ayuntamiento\\\/?s={search_term_string}\"},\"query-input\":{\"@type\":\"PropertyValueSpecification\",\"valueRequired\":true,\"valueName\":\"search_term_string\"}}],\"inLanguage\":\"es\"}]}<\/script>\n<!-- \/ Yoast SEO plugin. -->","yoast_head_json":{"title":"Ejecuci\u00f3n del presupuesto 2\u00ba trimestre de 2017 - MI Ayuntamiento de Caudete","description":"P\u00e1gina Oficial del Ayuntamiento de Caudete (Albacete)","robots":{"index":"index","follow":"follow","max-snippet":"max-snippet:-1","max-image-preview":"max-image-preview:large","max-video-preview":"max-video-preview:-1"},"canonical":"https:\/\/www.caudete.org\/ayuntamiento\/ejecucion-del-presupuesto-2o-trimestre-de-2017\/","og_locale":"es_ES","og_type":"article","og_title":"Ejecuci\u00f3n del presupuesto 2\u00ba trimestre de 2017 - MI Ayuntamiento de Caudete","og_description":"P\u00e1gina Oficial del Ayuntamiento de Caudete (Albacete)","og_url":"https:\/\/www.caudete.org\/ayuntamiento\/ejecucion-del-presupuesto-2o-trimestre-de-2017\/","og_site_name":"MI Ayuntamiento de Caudete","article_publisher":"https:\/\/www.facebook.com\/ayuntamientocaudete\/","twitter_card":"summary_large_image","schema":{"@context":"https:\/\/schema.org","@graph":[{"@type":"WebPage","@id":"https:\/\/www.caudete.org\/ayuntamiento\/ejecucion-del-presupuesto-2o-trimestre-de-2017\/","url":"https:\/\/www.caudete.org\/ayuntamiento\/ejecucion-del-presupuesto-2o-trimestre-de-2017\/","name":"Ejecuci\u00f3n del presupuesto 2\u00ba trimestre de 2017 - MI Ayuntamiento de Caudete","isPartOf":{"@id":"https:\/\/www.caudete.org\/ayuntamiento\/#website"},"datePublished":"2020-11-22T15:47:20+00:00","description":"P\u00e1gina Oficial del Ayuntamiento de Caudete (Albacete)","breadcrumb":{"@id":"https:\/\/www.caudete.org\/ayuntamiento\/ejecucion-del-presupuesto-2o-trimestre-de-2017\/#breadcrumb"},"inLanguage":"es","potentialAction":[{"@type":"ReadAction","target":["https:\/\/www.caudete.org\/ayuntamiento\/ejecucion-del-presupuesto-2o-trimestre-de-2017\/"]}]},{"@type":"BreadcrumbList","@id":"https:\/\/www.caudete.org\/ayuntamiento\/ejecucion-del-presupuesto-2o-trimestre-de-2017\/#breadcrumb","itemListElement":[{"@type":"ListItem","position":1,"name":"Inicio","item":"https:\/\/www.caudete.org\/ayuntamiento\/"},{"@type":"ListItem","position":2,"name":"Ejecuci\u00f3n del presupuesto 2\u00ba trimestre de 2017"}]},{"@type":"WebSite","@id":"https:\/\/www.caudete.org\/ayuntamiento\/#website","url":"https:\/\/www.caudete.org\/ayuntamiento\/","name":"MI Ayuntamiento de Caudete","description":"P\u00e1gina Oficial del MI Ayuntamiento de Caudete","potentialAction":[{"@type":"SearchAction","target":{"@type":"EntryPoint","urlTemplate":"https:\/\/www.caudete.org\/ayuntamiento\/?s={search_term_string}"},"query-input":{"@type":"PropertyValueSpecification","valueRequired":true,"valueName":"search_term_string"}}],"inLanguage":"es"}]}},"_links":{"self":[{"href":"https:\/\/www.caudete.org\/ayuntamiento\/wp-json\/wp\/v2\/pages\/5507","targetHints":{"allow":["GET"]}}],"collection":[{"href":"https:\/\/www.caudete.org\/ayuntamiento\/wp-json\/wp\/v2\/pages"}],"about":[{"href":"https:\/\/www.caudete.org\/ayuntamiento\/wp-json\/wp\/v2\/types\/page"}],"author":[{"embeddable":true,"href":"https:\/\/www.caudete.org\/ayuntamiento\/wp-json\/wp\/v2\/users\/1"}],"replies":[{"embeddable":true,"href":"https:\/\/www.caudete.org\/ayuntamiento\/wp-json\/wp\/v2\/comments?post=5507"}],"version-history":[{"count":2,"href":"https:\/\/www.caudete.org\/ayuntamiento\/wp-json\/wp\/v2\/pages\/5507\/revisions"}],"predecessor-version":[{"id":5509,"href":"https:\/\/www.caudete.org\/ayuntamiento\/wp-json\/wp\/v2\/pages\/5507\/revisions\/5509"}],"wp:attachment":[{"href":"https:\/\/www.caudete.org\/ayuntamiento\/wp-json\/wp\/v2\/media?parent=5507"}],"wp:term":[{"taxonomy":"category","embeddable":true,"href":"https:\/\/www.caudete.org\/ayuntamiento\/wp-json\/wp\/v2\/categories?post=5507"},{"taxonomy":"post_tag","embeddable":true,"href":"https:\/\/www.caudete.org\/ayuntamiento\/wp-json\/wp\/v2\/tags?post=5507"}],"curies":[{"name":"wp","href":"https:\/\/api.w.org\/{rel}","templated":true}]}}