{"id":5602,"date":"2020-11-22T19:17:46","date_gmt":"2020-11-22T18:17:46","guid":{"rendered":"http:\/\/www.caudete.org\/ayuntamiento\/?page_id=5602"},"modified":"2026-04-21T12:37:49","modified_gmt":"2026-04-21T10:37:49","slug":"plenos-y-mociones-municipales-2017","status":"publish","type":"page","link":"https:\/\/www.caudete.org\/ayuntamiento\/plenos-y-mociones-municipales-2017\/","title":{"rendered":"Plenos y Mociones Municipales 2017"},"content":{"rendered":"<table style=\"border-collapse: collapse; border-style: hidden; border-color: #ffffff;\">\n<tbody>\n<tr>\n<td style=\"width: 50%; border-style: hidden; border-color: #ffffff;\"><span style=\"font-size: 18pt;\">Pleno Ordinario 26-01-2017<\/span><\/td>\n<td style=\"width: 50%; border-style: hidden; border-color: #ffffff;\"><a class=\"fasc-button fasc-size-medium fasc-type-glossy ico-fa fasc-ico-before fa-file-text mtli_attachment mtli_pdf\" style=\"background-color: #33809e; color: #ffffff;\" href=\"http:\/\/caudete.org\/ayuntamiento\/eniusimg\/enius146\/2017\/10\/adjuntos_fichero_2a0c5c0199eee029.pdf\" target=\"_blank\" rel=\"nofollow\">ACTA<\/a>&nbsp;<a class=\"fasc-button fasc-size-medium fasc-type-glossy ico-fa fasc-ico-before fa-youtube-play\" style=\"background-color: #33809e; color: #ffffff;\" href=\"https:\/\/www.youtube.com\/watch?v=OdncgsRCQhM&amp;list=PL7xLCXxTL3tMO-3ubuZ6oLrI1LZVCEIir\" target=\"_blank\" rel=\"nofollow\">VIDEO<\/a><\/td>\n<\/tr>\n<tr>\n<td style=\"width: 50%; border-style: hidden; border-color: #ffffff;\"><span style=\"font-size: 18pt;\">Pleno Extraordinario 08-02-2017<\/span><\/td>\n<td style=\"width: 50%; border-style: hidden; border-color: #ffffff;\"><a class=\"fasc-button fasc-size-medium fasc-type-glossy ico-fa fasc-ico-before fa-file-text mtli_attachment mtli_pdf\" style=\"background-color: #33809e; color: #ffffff;\" href=\"http:\/\/caudete.org\/ayuntamiento\/eniusimg\/enius146\/2017\/10\/adjuntos_fichero_f0b99129ebdfba3d.pdf\" target=\"_blank\" rel=\"nofollow\">ACTA<\/a>&nbsp;<a class=\"fasc-button fasc-size-medium fasc-type-flat ico-fa fasc-ico-before fa-youtube-play\" style=\"background-color: #33809e; color: #ffffff;\" href=\"https:\/\/www.youtube.com\/watch?v=eFUB-14MihI&amp;list=PL7xLCXxTL3tMO-3ubuZ6oLrI1LZVCEIir\" target=\"_blank\" rel=\"nofollow\">VIDEO<\/a><\/td>\n<\/tr>\n<tr>\n<td style=\"width: 50%; border-style: hidden; border-color: #ffffff;\"><span style=\"font-size: 18pt;\">Pleno Ordinario 30-03-2017<\/span><\/td>\n<td style=\"width: 50%; border-style: hidden; border-color: #ffffff;\"><a class=\"fasc-button fasc-size-medium fasc-type-glossy ico-fa fasc-ico-before fa-file-text mtli_attachment mtli_pdf\" style=\"background-color: #33809e; color: #ffffff;\" href=\"http:\/\/caudete.org\/ayuntamiento\/eniusimg\/enius146\/2017\/11\/adjuntos_fichero_34649bac48c082e3.pdf\" target=\"_blank\" rel=\"nofollow\">ACTA<\/a>&nbsp;<a class=\"fasc-button fasc-size-medium fasc-type-glossy ico-fa fasc-ico-before fa-youtube-play\" style=\"background-color: #33809e; color: #ffffff;\" href=\"https:\/\/www.youtube.com\/watch?v=PmTnnBPzpes&amp;list=PL7xLCXxTL3tMO-3ubuZ6oLrI1LZVCEIir\" target=\"_blank\" rel=\"nofollow\">VIDEO<\/a><\/td>\n<\/tr>\n<tr>\n<td style=\"width: 50%; border-style: hidden; border-color: #ffffff;\"><span style=\"font-size: 18pt;\">Pleno Extraordinario 12-04-2017<\/span><\/td>\n<td style=\"width: 50%; border-style: hidden; border-color: #ffffff;\"><a class=\"fasc-button fasc-size-medium fasc-type-glossy ico-fa fasc-ico-before fa-file-text mtli_attachment mtli_pdf\" style=\"background-color: #33809e; color: #ffffff;\" href=\"http:\/\/caudete.org\/ayuntamiento\/eniusimg\/enius146\/2017\/11\/adjuntos_fichero_2001f7a8c282f312.pdf\" target=\"_blank\" rel=\"nofollow\">ACTA<\/a>&nbsp;<a class=\"fasc-button fasc-size-medium fasc-type-glossy ico-fa fasc-ico-before fa-youtube-play\" style=\"background-color: #33809e; color: #ffffff;\" href=\"https:\/\/www.youtube.com\/watch?v=ZB3TK_fNcy4&amp;list=PL7xLCXxTL3tMO-3ubuZ6oLrI1LZVCEIir\" target=\"_blank\" rel=\"nofollow\">VIDEO<\/a><\/td>\n<\/tr>\n<tr>\n<td style=\"width: 50%; border-style: hidden; border-color: #ffffff;\"><span style=\"font-size: 18pt;\">Pleno Ordinario 08-06-2017<\/span><\/td>\n<td style=\"width: 50%; border-style: hidden; border-color: #ffffff;\"><a class=\"fasc-button fasc-size-medium fasc-type-glossy ico-fa fasc-ico-before fa-file-text mtli_attachment mtli_pdf\" style=\"background-color: #33809e; color: #ffffff;\" href=\"http:\/\/caudete.org\/ayuntamiento\/eniusimg\/enius146\/2018\/01\/adjuntos_fichero_edb441a5b4d6dae9.pdf\" target=\"_blank\" rel=\"nofollow\">ACTA<\/a>&nbsp;<a class=\"fasc-button fasc-size-medium fasc-type-glossy ico-fa fasc-ico-before fa-youtube-play\" style=\"background-color: #33809e; color: #ffffff;\" href=\"https:\/\/www.youtube.com\/watch?v=kxwRWvHt6cA&amp;list=PL7xLCXxTL3tMO-3ubuZ6oLrI1LZVCEIir\" target=\"_blank\" rel=\"nofollow\">VIDEO<\/a><\/td>\n<\/tr>\n<tr>\n<td style=\"width: 50%; border-style: hidden; border-color: #ffffff;\"><span style=\"font-size: 18pt;\">Pleno Extraordinario Urgente 23-06-2017<\/span><\/td>\n<td style=\"width: 50%; border-style: hidden; border-color: #ffffff;\"><a class=\"fasc-button fasc-size-medium fasc-type-glossy ico-fa fasc-ico-before fa-file-text mtli_attachment mtli_pdf\" style=\"background-color: #33809e; color: #ffffff;\" href=\"http:\/\/caudete.org\/ayuntamiento\/eniusimg\/enius146\/2018\/01\/adjuntos_fichero_bb12c3a0fa7b3a61.pdf\" target=\"_blank\" rel=\"nofollow\">ACTA<\/a>&nbsp;<a class=\"fasc-button fasc-size-medium fasc-type-glossy ico-fa fasc-ico-before fa-youtube-play\" style=\"background-color: #33809e; color: #ffffff;\" href=\"https:\/\/www.youtube.com\/watch?v=bOGd2oVuUbU&amp;list=PL7xLCXxTL3tMO-3ubuZ6oLrI1LZVCEIir\" target=\"_blank\" rel=\"nofollow\">VIDEO<\/a><\/td>\n<\/tr>\n<tr>\n<td style=\"width: 50%; border-style: hidden; border-color: #ffffff;\"><span style=\"font-size: 18pt;\">Pleno Extraordinario 27-06-2017<\/span><\/td>\n<td style=\"width: 50%; border-style: hidden; border-color: #ffffff;\"><a class=\"fasc-button fasc-size-medium fasc-type-glossy ico-fa fasc-ico-before fa-file-text mtli_attachment mtli_pdf\" style=\"background-color: #33809e; color: #ffffff;\" href=\"http:\/\/caudete.org\/ayuntamiento\/eniusimg\/enius146\/2018\/01\/adjuntos_fichero_a5cd3fec712ca0f5.pdf\" target=\"_blank\" rel=\"nofollow\">ACTA<\/a>&nbsp;<a class=\"fasc-button fasc-size-medium fasc-type-glossy ico-fa fasc-ico-before fa-youtube-play\" style=\"background-color: #33809e; color: #ffffff;\" href=\"https:\/\/www.youtube.com\/watch?v=Y80UFECD5jc&amp;list=PL7xLCXxTL3tMO-3ubuZ6oLrI1LZVCEIir\" target=\"_blank\" rel=\"nofollow\">VIDEO<\/a><\/td>\n<\/tr>\n<tr>\n<td style=\"width: 50%; border-style: hidden; border-color: #ffffff;\"><span style=\"font-size: 18pt;\">Pleno Extraordinario 07-07-2017<\/span><\/td>\n<td style=\"width: 50%; border-style: hidden; border-color: #ffffff;\"><a class=\"fasc-button fasc-size-medium fasc-type-glossy ico-fa fasc-ico-before fa-file-text mtli_attachment mtli_pdf\" style=\"background-color: #33809e; color: #ffffff;\" href=\"http:\/\/caudete.org\/ayuntamiento\/eniusimg\/enius146\/2018\/01\/adjuntos_fichero_e7368c941756174b.pdf\" target=\"_blank\" rel=\"nofollow\">ACTA<\/a>&nbsp;<a class=\"fasc-button fasc-size-medium fasc-type-glossy ico-fa fasc-ico-before fa-youtube-play\" style=\"background-color: #33809e; color: #ffffff;\" href=\"https:\/\/www.youtube.com\/watch?v=9I60FLNqrZ8&amp;list=PL7xLCXxTL3tMO-3ubuZ6oLrI1LZVCEIir\" target=\"_blank\" rel=\"nofollow\">VIDEO<\/a><\/td>\n<\/tr>\n<tr>\n<td style=\"width: 50%; border-style: hidden; border-color: #ffffff;\"><span style=\"font-size: 18pt;\">Pleno Ordinario 27-07-2017<\/span><\/td>\n<td style=\"width: 50%; border-style: hidden; border-color: #ffffff;\"><a class=\"fasc-button fasc-size-medium fasc-type-glossy ico-fa fasc-ico-before fa-file-text mtli_attachment mtli_pdf\" style=\"background-color: #33809e; color: #ffffff;\" href=\"http:\/\/caudete.org\/ayuntamiento\/eniusimg\/enius146\/2018\/01\/adjuntos_fichero_70996b712d816025.pdf\" target=\"_blank\" rel=\"nofollow\">ACTA<\/a>&nbsp;<a class=\"fasc-button fasc-size-medium fasc-type-glossy ico-fa fasc-ico-before fa-youtube-play\" style=\"background-color: #33809e; color: #ffffff;\" href=\"https:\/\/www.youtube.com\/watch?v=0c_2O6p6Zk0&amp;list=PL7xLCXxTL3tMO-3ubuZ6oLrI1LZVCEIir\" target=\"_blank\" rel=\"nofollow\">VIDEO<\/a><\/td>\n<\/tr>\n<tr>\n<td style=\"width: 50%; border-style: hidden; border-color: #ffffff;\"><span style=\"font-size: 18pt;\">Pleno Extraordinario 22-08-2017<\/span><\/td>\n<td style=\"width: 50%; border-style: hidden; border-color: #ffffff;\"><a class=\"fasc-button fasc-size-medium fasc-type-glossy ico-fa fasc-ico-before fa-file-text mtli_attachment mtli_pdf\" style=\"background-color: #33809e; color: #ffffff;\" href=\"https:\/\/www.caudete.org\/ayuntamiento\/wp-content\/uploads\/2025\/10\/ACTA-PLENO-2017-08-22.pdf\">ACTA<\/a>&nbsp;<a class=\"fasc-button fasc-size-medium fasc-type-glossy ico-fa fasc-ico-before fa-youtube-play\" style=\"background-color: #33809e; color: #ffffff;\" href=\"https:\/\/www.youtube.com\/watch?v=1gZoAKdvg6M&amp;list=PL7xLCXxTL3tMO-3ubuZ6oLrI1LZVCEIir\" target=\"_blank\" rel=\"nofollow\">VIDEO<\/a><\/td>\n<\/tr>\n<tr>\n<td style=\"width: 50%; border-style: hidden; border-color: #ffffff;\"><span style=\"font-size: 18pt;\">Pleno Ordinario 28-09-2017<\/span><\/td>\n<td style=\"width: 50%; border-style: hidden; border-color: #ffffff;\"><a class=\"fasc-button fasc-size-medium fasc-type-glossy ico-fa fasc-ico-before fa-file-text mtli_attachment mtli_pdf\" style=\"background-color: #33809e; color: #ffffff;\" href=\"https:\/\/www.caudete.org\/ayuntamiento\/wp-content\/uploads\/2025\/10\/ACTA-PLENO-2017-09-28.pdf\">ACTA<\/a>&nbsp;<a class=\"fasc-button fasc-size-medium fasc-type-glossy ico-fa fasc-ico-before fa-youtube-play\" style=\"background-color: #33809e; color: #ffffff;\" href=\"https:\/\/www.youtube.com\/watch?v=UBaxCb1O1dI&amp;list=PL7xLCXxTL3tMO-3ubuZ6oLrI1LZVCEIir\" target=\"_blank\" rel=\"nofollow\">VIDEO<\/a><\/td>\n<\/tr>\n<tr>\n<td style=\"width: 50%; border-style: hidden; border-color: #ffffff;\"><span style=\"font-size: 18pt;\">Pleno Ordinario 20-11-2017<\/span><\/td>\n<td style=\"width: 50%; border-style: hidden; border-color: #ffffff;\"><a class=\"fasc-button fasc-size-medium fasc-type-glossy ico-fa fasc-ico-before fa-file-text mtli_attachment mtli_pdf\" style=\"background-color: #33809e; color: #ffffff;\" href=\"https:\/\/www.caudete.org\/ayuntamiento\/wp-content\/uploads\/2025\/10\/ACTA-PLENO-2017-11-20.pdf\">ACTA<\/a>&nbsp;<a class=\"fasc-button fasc-size-medium fasc-type-glossy ico-fa fasc-ico-before fa-youtube-play\" style=\"background-color: #33809e; color: #ffffff;\" href=\"https:\/\/www.youtube.com\/watch?v=onEtfx_nxO8&amp;list=PL7xLCXxTL3tMO-3ubuZ6oLrI1LZVCEIir\" target=\"_blank\" rel=\"nofollow\">VIDEO<\/a><\/td>\n<\/tr>\n<tr>\n<td style=\"width: 50%; border-style: hidden; border-color: #ffffff;\"><span style=\"font-size: 18pt;\">Pleno Extraordinario 30-11-2017<\/span><\/td>\n<td style=\"width: 50%; border-style: hidden; border-color: #ffffff;\"><a class=\"fasc-button fasc-size-medium fasc-type-glossy ico-fa fasc-ico-before fa-file-text mtli_attachment mtli_pdf\" style=\"background-color: #33809e; color: #ffffff;\" href=\"https:\/\/www.caudete.org\/ayuntamiento\/wp-content\/uploads\/2025\/10\/ACTA-PLENO-2017-11-30.pdf\">ACTA<\/a>&nbsp;<a class=\"fasc-button fasc-size-medium fasc-type-glossy ico-fa fasc-ico-before fa-youtube-play\" style=\"background-color: #33809e; color: #ffffff;\" href=\"https:\/\/www.youtube.com\/watch?v=kh-iNGCGoEI&amp;list=PL7xLCXxTL3tMO-3ubuZ6oLrI1LZVCEIir\" target=\"_blank\" rel=\"nofollow\">VIDEO<\/a><\/td>\n<\/tr>\n<tr>\n<td style=\"width: 50%; border-style: hidden; border-color: #ffffff;\"><span style=\"font-size: 18pt;\">Pleno Extraordinario 20-12-2017<\/span><\/td>\n<td style=\"width: 50%; border-style: hidden; border-color: #ffffff;\"><a class=\"fasc-button fasc-size-medium fasc-type-glossy ico-fa fasc-ico-before fa-file-text mtli_attachment mtli_pdf\" style=\"background-color: #33809e; color: #ffffff;\" href=\"http:\/\/caudete.org\/ayuntamiento\/eniusimg\/enius146\/2018\/01\/adjuntos_fichero_8a0742d2f8bd579d.pdf\" target=\"_blank\" rel=\"nofollow\">ACTA<\/a>&nbsp;<a class=\"fasc-button fasc-size-medium fasc-type-glossy ico-fa fasc-ico-before fa-youtube-play\" style=\"background-color: #33809e; color: #ffffff;\" href=\"https:\/\/www.youtube.com\/watch?v=SlaT36djLWU&amp;list=PL7xLCXxTL3tMO-3ubuZ6oLrI1LZVCEIir\" target=\"_blank\" rel=\"nofollow\">VIDEO<\/a><\/td>\n<\/tr>\n<tr>\n<td style=\"width: 50%; border-style: hidden; border-color: #ffffff;\"><span style=\"font-size: 18pt;\">Pleno Extraordinario Urgente 22-12-2017<\/span><\/td>\n<td style=\"width: 50%; border-style: hidden; border-color: #ffffff;\"><a class=\"fasc-button fasc-size-medium fasc-type-glossy ico-fa fasc-ico-before fa-file-text mtli_attachment mtli_pdf\" style=\"background-color: #33809e; color: #ffffff;\" href=\"http:\/\/caudete.org\/ayuntamiento\/eniusimg\/enius146\/2018\/01\/adjuntos_fichero_0946442ba83f12f6.pdf\" target=\"_blank\" rel=\"nofollow\">ACTA<\/a>&nbsp;<a class=\"fasc-button fasc-size-medium fasc-type-glossy ico-fa fasc-ico-before fa-youtube-play\" style=\"background-color: #33809e; color: #ffffff;\" href=\"https:\/\/www.youtube.com\/watch?v=1VC0MXY5zrM&amp;list=PL7xLCXxTL3tMO-3ubuZ6oLrI1LZVCEIir\" target=\"_blank\" rel=\"nofollow\">VIDEO<\/a><\/td>\n<\/tr>\n<\/tbody>\n<\/table>\n<hr>\n<p><strong>FINALIZADA &#8211; MOCI\u00d3N PARA MEJORA DEL PROYECTO DE LA AUTOV\u00cdA A-33 CIEZA-FUENTE LA HIGUERA, TRAMO N-344 &#8211; CIUDADANOS- 20-11-2017<\/strong><\/p>\n<p><a href=\"http:\/\/caudete.org\/ayuntamiento\/eniusimg\/enius146\/2018\/02\/adjuntos_fichero_d79438361aa652c3.pdf\" class=\"mtli_attachment mtli_pdf\" target=\"_blank\" rel=\"nofollow\">Mocion_para_la_mejora_del_proyecto_de_la_autovia_A_33<\/a><\/p>\n<p><a href=\"http:\/\/caudete.org\/ayuntamiento\/eniusimg\/enius146\/2018\/02\/adjuntos_fichero_5175c905d2162bf0.pdf\" class=\"mtli_attachment mtli_pdf\" target=\"_blank\" rel=\"nofollow\">Oficio_de_remision_DEMARCACION_DE_CARRETERAS_MURCIA___NOTIFIC__ACUERDO_PLENO_20_11_2017_9____MOCION_<\/a><\/p>\n<p><a href=\"http:\/\/caudete.org\/ayuntamiento\/eniusimg\/enius146\/2018\/02\/adjuntos_fichero_384707e11887b4b1.pdf\" class=\"mtli_attachment mtli_pdf\" target=\"_blank\" rel=\"nofollow\">Oficio_de_remision_MINISTERIO_FOMENTO___NOTIFIC__ACUERDO_PLENO_20_11_2017_9____MOCION_PARA_MEJORA_PR<\/a><\/p>\n<p><a href=\"http:\/\/caudete.org\/ayuntamiento\/eniusimg\/enius146\/2018\/02\/adjuntos_fichero_6262c7899a0c6fc9.pdf\" class=\"mtli_attachment mtli_pdf\" target=\"_blank\" rel=\"nofollow\">CERTIFICADO_ACUERDO_PLENO_20_11_2017_9___MOCION_PARA_MEJORA_DEL_PROYECTO_DE_AUTOVIA_A_33_FIRMADO <\/a><\/p>\n<p><a href=\"http:\/\/caudete.org\/ayuntamiento\/eniusimg\/enius146\/2018\/02\/adjuntos_fichero_31a469dd776e71a7.pdf\" class=\"mtli_attachment mtli_pdf\" target=\"_blank\" rel=\"nofollow\">18-02-23 CONTESTACION MINISTERIO DE FOMENTO sobre Mocion <\/a><\/p>\n<hr>\n<p><strong>FINALIZADA &#8211; MOCI\u00d3N SOBRE NOTA INFORMATIVA DE NO ENV\u00cdO DE FACTURACI\u00d3N DE RECIBO DE AGUA EN PAPEL A LOS USUARIOS &#8211; INICIATIVA INDEPENDIENTE- 27-07-2017<\/strong><\/p>\n<p><a href=\"http:\/\/caudete.org\/ayuntamiento\/eniusimg\/enius146\/2018\/01\/adjuntos_fichero_172fcabd3f55e0a2.pdf\" class=\"mtli_attachment mtli_pdf\" target=\"_blank\" rel=\"nofollow\">Moci\u00f3n recibo agua 1<\/a><\/p>\n<p><a href=\"http:\/\/caudete.org\/ayuntamiento\/eniusimg\/enius146\/2018\/01\/adjuntos_fichero_eab005913ba51253.pdf\" class=\"mtli_attachment mtli_pdf\" target=\"_blank\" rel=\"nofollow\">Moci\u00f3n recibo agua 2<\/a><\/p>\n<hr>\n<p><strong>FINALIZADA &#8211; MOCION PETICION EFECTIVOS GUARDIA CIVIL Y POLICIA NACIONAL &#8211; PSOE &#8211; 30-3-2017<\/strong><\/p>\n<p><a href=\"http:\/\/caudete.org\/ayuntamiento\/eniusimg\/enius146\/2017\/04\/adjuntos_fichero_b1dff568f79b655e.pdf\" class=\"mtli_attachment mtli_pdf\" target=\"_blank\" rel=\"nofollow\">MOCI\u00d3N PSOE PETICI\u00d3N M\u00c1S EFECTIVOS GUARDIA CIVIL Y POLICIA NACIONAL<\/a><\/p>\n<p><a href=\"http:\/\/caudete.org\/ayuntamiento\/eniusimg\/enius146\/2017\/04\/adjuntos_fichero_c660801a152cf88a.pdf\" class=\"mtli_attachment mtli_pdf\" target=\"_blank\" rel=\"nofollow\">ACUERDO PLENO 30-03-2017 &#8211; MOCION PSOE PETICION MAS EFECTIVOS DE GUARDIA CIVIL Y POLIC NAC<\/a><\/p>\n<p><a href=\"http:\/\/caudete.org\/ayuntamiento\/eniusimg\/enius146\/2017\/04\/adjuntos_fichero_9599a0197b4d0abd.pdf\" class=\"mtli_attachment mtli_pdf\" target=\"_blank\" rel=\"nofollow\">Notificaciones acuerdo pleno 30-03-2017 mocion PSOE PETICION EFECTIVOS GC Y PN<\/a><\/p>\n<hr>\n<p><strong>FINALIZADA &#8211; MOCI\u00d3N MODIFICACI\u00d3N COMPOSICI\u00d3N COMISIONES INFORMATIVAS &#8211; GANEMOS &#8211; 30-3-2017<\/strong><\/p>\n<p><a href=\"http:\/\/caudete.org\/ayuntamiento\/eniusimg\/enius146\/2017\/04\/adjuntos_fichero_f0a4ac409dfc11e6.pdf\" class=\"mtli_attachment mtli_pdf\" target=\"_blank\" rel=\"nofollow\">MOCION GANEMOS MODIF COM INFORMATIVAS<\/a><\/p>\n<p><a href=\"http:\/\/caudete.org\/ayuntamiento\/eniusimg\/enius146\/2017\/04\/adjuntos_fichero_efc26ac34b365185.pdf\" class=\"mtli_attachment mtli_pdf\" target=\"_blank\" rel=\"nofollow\">ACUERDO PLENO 30-03-2017 &#8211; MOCION GANEMOS CAUDETE MODIFIC COMPOSICION <\/a><\/p>\n<hr>\n<p><strong>FINALIZADA &#8211; MOCION PUBLICACION DECLARACION ACTIVIDADES Y RENTA DE CONCEJALES &#8211; PSOE &#8211; 30-3-2017<\/strong><\/p>\n<p><a href=\"http:\/\/caudete.org\/ayuntamiento\/eniusimg\/enius146\/2017\/04\/adjuntos_fichero_7e6280637c6aa987.pdf\" class=\"mtli_attachment mtli_pdf\" target=\"_blank\" rel=\"nofollow\">MOCION PSOE PUBLICACION DECLARACION INTERESES Y RENTA CONCEJALES<\/a><\/p>\n<p><a href=\"http:\/\/caudete.org\/ayuntamiento\/eniusimg\/enius146\/2017\/04\/adjuntos_fichero_af97a289eb0ab6b3.pdf\" class=\"mtli_attachment mtli_pdf\" target=\"_blank\" rel=\"nofollow\">ACUERDO PLENO 30-03-2017 &#8211; MOCION PSOE PUBLICACION DECLARAC ACTIVIDADES Y <\/a><\/p>\n<hr>\n<p><strong>FINALIZADA &#8211; MOCI\u00d3N PETICI\u00d3N DEROGACI\u00d3N DEL LLAMADO IMPUESTO AL SOL &#8211; PSOE &#8211; 30-3-2017<\/strong><\/p>\n<div id=\"adjuntos2\">\n<p><a href=\"http:\/\/caudete.org\/ayuntamiento\/eniusimg\/enius146\/2017\/04\/adjuntos_fichero_23f5a9c9ac4ea4be.pdf\" class=\"mtli_attachment mtli_pdf\" target=\"_blank\" rel=\"nofollow\">MOCI\u00d3N PSOE PETICI\u00d3N DEROGACION IMPUESTO SOL<\/a><\/p>\n<p><a href=\"http:\/\/caudete.org\/ayuntamiento\/eniusimg\/enius146\/2017\/04\/adjuntos_fichero_bd2b3a27611e8e3b.pdf\" class=\"mtli_attachment mtli_pdf\" target=\"_blank\" rel=\"nofollow\">ACUERDO PLENO 30-03-2017 16\u00ba-MOCION PSOE SUPRESION DEL LLAMADO IMPTO AL SOL<\/a><\/p>\n<p><a href=\"http:\/\/caudete.org\/ayuntamiento\/eniusimg\/enius146\/2017\/04\/adjuntos_fichero_120bcc569953d029.pdf\" class=\"mtli_attachment mtli_pdf\" target=\"_blank\" rel=\"nofollow\">REMISION MINISTERIO INDUSTRIA ACUERDO PLENO 30-03-2017 16.- MOCION PSOE <\/a><\/p>\n<hr>\n<p><a class=\"fasc-button fasc-size-medium fasc-type-glossy\" style=\"background-color: #33809e; color: #ffffff;\" href=\"https:\/\/www.caudete.org\/ayuntamiento\/plenos-municipales\/\">Volver<\/a><\/p>\n<\/div>\n","protected":false},"excerpt":{"rendered":"<p>Pleno Ordinario 26-01-2017 ACTA&nbsp;VIDEO Pleno Extraordinario 08-02-2017 ACTA&nbsp;VIDEO Pleno Ordinario 30-03-2017 ACTA&nbsp;VIDEO Pleno Extraordinario 12-04-2017 ACTA&nbsp;VIDEO Pleno Ordinario 08-06-2017 ACTA&nbsp;VIDEO Pleno Extraordinario Urgente 23-06-2017 ACTA&nbsp;VIDEO Pleno Extraordinario 27-06-2017 ACTA&nbsp;VIDEO Pleno Extraordinario 07-07-2017 ACTA&nbsp;VIDEO Pleno Ordinario 27-07-2017 ACTA&nbsp;VIDEO Pleno Extraordinario 22-08-2017 ACTA&nbsp;VIDEO Pleno Ordinario 28-09-2017 ACTA&nbsp;VIDEO Pleno Ordinario 20-11-2017 ACTA&nbsp;VIDEO Pleno Extraordinario 30-11-2017 ACTA&nbsp;VIDEO Pleno Extraordinario &hellip;<\/p>\n","protected":false},"author":1,"featured_media":0,"parent":0,"menu_order":0,"comment_status":"closed","ping_status":"closed","template":"","meta":{"ngg_post_thumbnail":0,"footnotes":""},"categories":[],"tags":[],"class_list":["post-5602","page","type-page","status-publish","hentry"],"yoast_head":"<!-- This site is optimized with the Yoast SEO plugin v27.5 - https:\/\/yoast.com\/product\/yoast-seo-wordpress\/ -->\n<title>Plenos y Mociones Municipales 2017 - MI Ayuntamiento de Caudete<\/title>\n<meta name=\"description\" content=\"P\u00e1gina Oficial del Ayuntamiento de Caudete (Albacete)\" \/>\n<meta name=\"robots\" content=\"index, follow, max-snippet:-1, max-image-preview:large, max-video-preview:-1\" \/>\n<link rel=\"canonical\" href=\"https:\/\/www.caudete.org\/ayuntamiento\/plenos-y-mociones-municipales-2017\/\" \/>\n<meta property=\"og:locale\" content=\"es_ES\" \/>\n<meta property=\"og:type\" content=\"article\" \/>\n<meta property=\"og:title\" content=\"Plenos y Mociones Municipales 2017 - MI Ayuntamiento de Caudete\" \/>\n<meta property=\"og:description\" content=\"P\u00e1gina Oficial del Ayuntamiento de Caudete (Albacete)\" \/>\n<meta property=\"og:url\" content=\"https:\/\/www.caudete.org\/ayuntamiento\/plenos-y-mociones-municipales-2017\/\" \/>\n<meta property=\"og:site_name\" content=\"MI Ayuntamiento de Caudete\" \/>\n<meta property=\"article:publisher\" content=\"https:\/\/www.facebook.com\/ayuntamientocaudete\/\" \/>\n<meta property=\"article:modified_time\" content=\"2026-04-21T10:37:49+00:00\" \/>\n<meta name=\"twitter:card\" content=\"summary_large_image\" \/>\n<meta name=\"twitter:label1\" content=\"Tiempo de lectura\" \/>\n\t<meta name=\"twitter:data1\" content=\"2 minutos\" \/>\n<script type=\"application\/ld+json\" class=\"yoast-schema-graph\">{\"@context\":\"https:\\\/\\\/schema.org\",\"@graph\":[{\"@type\":\"WebPage\",\"@id\":\"https:\\\/\\\/www.caudete.org\\\/ayuntamiento\\\/plenos-y-mociones-municipales-2017\\\/\",\"url\":\"https:\\\/\\\/www.caudete.org\\\/ayuntamiento\\\/plenos-y-mociones-municipales-2017\\\/\",\"name\":\"Plenos y Mociones Municipales 2017 - MI Ayuntamiento de Caudete\",\"isPartOf\":{\"@id\":\"https:\\\/\\\/www.caudete.org\\\/ayuntamiento\\\/#website\"},\"datePublished\":\"2020-11-22T18:17:46+00:00\",\"dateModified\":\"2026-04-21T10:37:49+00:00\",\"description\":\"P\u00e1gina Oficial del Ayuntamiento de Caudete (Albacete)\",\"breadcrumb\":{\"@id\":\"https:\\\/\\\/www.caudete.org\\\/ayuntamiento\\\/plenos-y-mociones-municipales-2017\\\/#breadcrumb\"},\"inLanguage\":\"es\",\"potentialAction\":[{\"@type\":\"ReadAction\",\"target\":[\"https:\\\/\\\/www.caudete.org\\\/ayuntamiento\\\/plenos-y-mociones-municipales-2017\\\/\"]}]},{\"@type\":\"BreadcrumbList\",\"@id\":\"https:\\\/\\\/www.caudete.org\\\/ayuntamiento\\\/plenos-y-mociones-municipales-2017\\\/#breadcrumb\",\"itemListElement\":[{\"@type\":\"ListItem\",\"position\":1,\"name\":\"Inicio\",\"item\":\"https:\\\/\\\/www.caudete.org\\\/ayuntamiento\\\/\"},{\"@type\":\"ListItem\",\"position\":2,\"name\":\"Plenos y Mociones Municipales 2017\"}]},{\"@type\":\"WebSite\",\"@id\":\"https:\\\/\\\/www.caudete.org\\\/ayuntamiento\\\/#website\",\"url\":\"https:\\\/\\\/www.caudete.org\\\/ayuntamiento\\\/\",\"name\":\"MI Ayuntamiento de Caudete\",\"description\":\"P\u00e1gina Oficial del MI Ayuntamiento de Caudete\",\"potentialAction\":[{\"@type\":\"SearchAction\",\"target\":{\"@type\":\"EntryPoint\",\"urlTemplate\":\"https:\\\/\\\/www.caudete.org\\\/ayuntamiento\\\/?s={search_term_string}\"},\"query-input\":{\"@type\":\"PropertyValueSpecification\",\"valueRequired\":true,\"valueName\":\"search_term_string\"}}],\"inLanguage\":\"es\"}]}<\/script>\n<!-- \/ Yoast SEO plugin. -->","yoast_head_json":{"title":"Plenos y Mociones Municipales 2017 - MI Ayuntamiento de Caudete","description":"P\u00e1gina Oficial del Ayuntamiento de Caudete (Albacete)","robots":{"index":"index","follow":"follow","max-snippet":"max-snippet:-1","max-image-preview":"max-image-preview:large","max-video-preview":"max-video-preview:-1"},"canonical":"https:\/\/www.caudete.org\/ayuntamiento\/plenos-y-mociones-municipales-2017\/","og_locale":"es_ES","og_type":"article","og_title":"Plenos y Mociones Municipales 2017 - MI Ayuntamiento de Caudete","og_description":"P\u00e1gina Oficial del Ayuntamiento de Caudete (Albacete)","og_url":"https:\/\/www.caudete.org\/ayuntamiento\/plenos-y-mociones-municipales-2017\/","og_site_name":"MI Ayuntamiento de Caudete","article_publisher":"https:\/\/www.facebook.com\/ayuntamientocaudete\/","article_modified_time":"2026-04-21T10:37:49+00:00","twitter_card":"summary_large_image","twitter_misc":{"Tiempo de lectura":"2 minutos"},"schema":{"@context":"https:\/\/schema.org","@graph":[{"@type":"WebPage","@id":"https:\/\/www.caudete.org\/ayuntamiento\/plenos-y-mociones-municipales-2017\/","url":"https:\/\/www.caudete.org\/ayuntamiento\/plenos-y-mociones-municipales-2017\/","name":"Plenos y Mociones Municipales 2017 - MI Ayuntamiento de Caudete","isPartOf":{"@id":"https:\/\/www.caudete.org\/ayuntamiento\/#website"},"datePublished":"2020-11-22T18:17:46+00:00","dateModified":"2026-04-21T10:37:49+00:00","description":"P\u00e1gina Oficial del Ayuntamiento de Caudete (Albacete)","breadcrumb":{"@id":"https:\/\/www.caudete.org\/ayuntamiento\/plenos-y-mociones-municipales-2017\/#breadcrumb"},"inLanguage":"es","potentialAction":[{"@type":"ReadAction","target":["https:\/\/www.caudete.org\/ayuntamiento\/plenos-y-mociones-municipales-2017\/"]}]},{"@type":"BreadcrumbList","@id":"https:\/\/www.caudete.org\/ayuntamiento\/plenos-y-mociones-municipales-2017\/#breadcrumb","itemListElement":[{"@type":"ListItem","position":1,"name":"Inicio","item":"https:\/\/www.caudete.org\/ayuntamiento\/"},{"@type":"ListItem","position":2,"name":"Plenos y Mociones Municipales 2017"}]},{"@type":"WebSite","@id":"https:\/\/www.caudete.org\/ayuntamiento\/#website","url":"https:\/\/www.caudete.org\/ayuntamiento\/","name":"MI Ayuntamiento de Caudete","description":"P\u00e1gina Oficial del MI Ayuntamiento de Caudete","potentialAction":[{"@type":"SearchAction","target":{"@type":"EntryPoint","urlTemplate":"https:\/\/www.caudete.org\/ayuntamiento\/?s={search_term_string}"},"query-input":{"@type":"PropertyValueSpecification","valueRequired":true,"valueName":"search_term_string"}}],"inLanguage":"es"}]}},"_links":{"self":[{"href":"https:\/\/www.caudete.org\/ayuntamiento\/wp-json\/wp\/v2\/pages\/5602","targetHints":{"allow":["GET"]}}],"collection":[{"href":"https:\/\/www.caudete.org\/ayuntamiento\/wp-json\/wp\/v2\/pages"}],"about":[{"href":"https:\/\/www.caudete.org\/ayuntamiento\/wp-json\/wp\/v2\/types\/page"}],"author":[{"embeddable":true,"href":"https:\/\/www.caudete.org\/ayuntamiento\/wp-json\/wp\/v2\/users\/1"}],"replies":[{"embeddable":true,"href":"https:\/\/www.caudete.org\/ayuntamiento\/wp-json\/wp\/v2\/comments?post=5602"}],"version-history":[{"count":7,"href":"https:\/\/www.caudete.org\/ayuntamiento\/wp-json\/wp\/v2\/pages\/5602\/revisions"}],"predecessor-version":[{"id":33735,"href":"https:\/\/www.caudete.org\/ayuntamiento\/wp-json\/wp\/v2\/pages\/5602\/revisions\/33735"}],"wp:attachment":[{"href":"https:\/\/www.caudete.org\/ayuntamiento\/wp-json\/wp\/v2\/media?parent=5602"}],"wp:term":[{"taxonomy":"category","embeddable":true,"href":"https:\/\/www.caudete.org\/ayuntamiento\/wp-json\/wp\/v2\/categories?post=5602"},{"taxonomy":"post_tag","embeddable":true,"href":"https:\/\/www.caudete.org\/ayuntamiento\/wp-json\/wp\/v2\/tags?post=5602"}],"curies":[{"name":"wp","href":"https:\/\/api.w.org\/{rel}","templated":true}]}}