{"id":5669,"date":"2020-11-24T17:17:36","date_gmt":"2020-11-24T16:17:36","guid":{"rendered":"http:\/\/www.caudete.org\/ayuntamiento\/?page_id=5669"},"modified":"2023-10-17T14:39:49","modified_gmt":"2023-10-17T12:39:49","slug":"transportes","status":"publish","type":"page","link":"https:\/\/www.caudete.org\/ayuntamiento\/transportes\/","title":{"rendered":"Transportes"},"content":{"rendered":"<div id=\"recuadro_not\">\n<p style=\"text-align: justify;\">Caudete posee unas excelentes comunicaciones por carretera. La poblaci\u00f3n se sit\u00faa a s\u00f3lo 5 km de la A-31, autov\u00eda de Albacete a Alicante, y junto al trazado de la N-344, carretera nacional que une Valencia con Murcia. Caudete dista 105 Km de Albacete, 75 de Alicante, 116 de Valencia y 118 de Murcia.<\/p>\n<h2 style=\"text-align: center;\"><span style=\"color: #336699;\">Horarios Renfe<\/span><b><br \/>\n<\/b><\/h2>\n<p><a href=\"https:\/\/www.caudete.org\/ayuntamiento\/wp-content\/uploads\/2021\/06\/trenes_190421_1.jpg\" rel='prettyPhoto'><img fetchpriority=\"high\" decoding=\"async\" class=\"aligncenter size-full wp-image-14849\" src=\"https:\/\/www.caudete.org\/ayuntamiento\/wp-content\/uploads\/2021\/06\/trenes_190421_1.jpg\" alt=\"\" width=\"1008\" height=\"819\" srcset=\"https:\/\/www.caudete.org\/ayuntamiento\/wp-content\/uploads\/2021\/06\/trenes_190421_1.jpg 1008w, https:\/\/www.caudete.org\/ayuntamiento\/wp-content\/uploads\/2021\/06\/trenes_190421_1-300x244.jpg 300w, https:\/\/www.caudete.org\/ayuntamiento\/wp-content\/uploads\/2021\/06\/trenes_190421_1-768x624.jpg 768w\" sizes=\"(max-width: 1008px) 100vw, 1008px\" \/><\/a><\/p>\n<h2 style=\"text-align: center;\"><span style=\"color: #336699;\"><a href=\"https:\/\/www.caudete.org\/ayuntamiento\/wp-content\/uploads\/2021\/06\/trenes_190421_2.jpg\" rel='prettyPhoto'><img decoding=\"async\" class=\"aligncenter size-full wp-image-14850\" src=\"https:\/\/www.caudete.org\/ayuntamiento\/wp-content\/uploads\/2021\/06\/trenes_190421_2.jpg\" alt=\"\" width=\"928\" height=\"797\" srcset=\"https:\/\/www.caudete.org\/ayuntamiento\/wp-content\/uploads\/2021\/06\/trenes_190421_2.jpg 928w, https:\/\/www.caudete.org\/ayuntamiento\/wp-content\/uploads\/2021\/06\/trenes_190421_2-300x258.jpg 300w, https:\/\/www.caudete.org\/ayuntamiento\/wp-content\/uploads\/2021\/06\/trenes_190421_2-768x660.jpg 768w\" sizes=\"(max-width: 928px) 100vw, 928px\" \/><\/a><\/span><\/h2>\n<h2 style=\"text-align: center;\"><span style=\"color: #336699;\">Servicio de Autobuses<\/span><\/h2>\n<p><b>HORARIO DE AUTOBUSES 2023 (actualizados 17\/10\/2023)<\/b><br \/>\n<strong>Caudete \u2013 Albacete<\/strong><br \/>\n7:45 horas y 15.30 horas \u2013 de lunes a viernes<br \/>\n8:45 horas s\u00e1bado<\/p>\n<p><strong>Albacete \u2013 Caudete<\/strong><br \/>\n13:00 horas y 19:15 horas (de lunes a viernes)<br \/>\n17:00 horas s\u00e1bado<br \/>\nServicio prestado por: Autocares Pelot\u00f3n<\/p>\n<hr>\n<p><strong>Caudete \u2013 Alicante<br \/>\n<\/strong>10:25 horas. Servicio disponible s\u00f3lo lunes y viernes.<\/p>\n<p><strong>Alicante &#8211; Caudete<br \/>\n<\/strong>17:30 horas. Servicio disponible s\u00f3lo lunes y viernes.<br \/>\nServicio prestado por: Enatcar<\/p>\n<hr>\n<p><strong>Caudete \u2013 Valencia<br \/>\n<\/strong>13:05 horas (de lunes a s\u00e1bado)<br \/>\n18:30 horas (solo lunes y viernes)<br \/>\n17:35 horas (domingo)<br \/>\n17:36 horas (domingo)<\/p>\n<p><strong>Valencia \u2013 Caudete<br \/>\n<\/strong>11:15 (solo lunes y viernes)<br \/>\n16:15 (de lunes a s\u00e1bado)<br \/>\n10:30 horas (domingo)<br \/>\n20:15 horas (domingo)<\/p>\n<p>Servicio prestado por: Alsa<\/p>\n<hr>\n<p>Parada oficial de Autobuses Alsa en Caudete: Av. Valencia, delante Bar El Chato. Los horarios de Alsa suelen variar sin notificarlo previamente al administrador de este p\u00e1gina. Antes de emprender su viaje consulte horario en La web de la empresa.<br \/>\nHorarios seg\u00fan informaci\u00f3n suministrada por las compa\u00f1\u00edas. \u00daltima actualizaci\u00f3n: 17\/10\/23<\/p>\n<p><b>Tel\u00e9fonos de inter\u00e9s:<\/b><br \/>\nAlsina, Grupo Monbus: 967-21-03-99, 967-24-52-28, 902-29-29-00<br \/>\nTel\u00e9fono de Informaci\u00f3n de Alsa 902 42 22 42<br \/>\nEstaci\u00f3n autobuses Albacete: 967-216-012<br \/>\nEstaci\u00f3n autobuses Valencia: 963-497-222<br \/>\nRenfe Villena: 96-582-25-94<br \/>\nRenfe Almansa: 967-34-16-72<\/p>\n<p><b>TAXIS EN CAUDETE<\/b><\/p>\n<p>&#8211; Antonio Cantos Solera | <strong>629 050 170<\/strong> | Calle el Molino, 37 | taxicantos@hotmail.com<\/p>\n<p>&#8211; Purificaci\u00f3n S\u00e1nchez Vicente | <strong>634 260 293<\/strong> | Calle el Molino, 37 | taxipuricaudete@hotmail.com<\/p>\n<p>&#8211; Mar\u00eda del Mar Garc\u00eda Garc\u00eda | <strong>669 536 583 <\/strong> | Camino Molino 185 | adaptadocaudete@hotmail.com | Veh\u00edculo adaptado para personas con movilidad reducida<\/p>\n<p>Cualquier destino previa concertaci\u00f3n del servicio.<\/p>\n<p>Texto: Oficina Municipal de Turismo de Caudete.<\/p>\n<p>Si constata error u omisi\u00f3n en la informaci\u00f3n suministrada, por favor, rep\u00f3rtelo a la Oficina de Turismo. Correo electr\u00f3nico: turismo@caudete.org<\/p>\n<\/div>\n<div id=\"enlaces\">\n<p><strong>Enlaces relacionados<\/strong><\/p>\n<hr>\n<ul>\n<li><a href=\"http:\/\/www.alsa.es\/\" target=\"_blank\" rel=\"noopener noreferrer nofollow\">P\u00e1gina oficial de Autobuses Alsa<\/a><\/li>\n<li><a href=\"http:\/\/www.monbus.es\/es\/rutas-puntos-de-venta\/411\/viajar-caudete-almansa\/\" target=\"_blank\" rel=\"noopener noreferrer nofollow\">P\u00e1gina oficial MONBUS trayectos Caudete-Albacete<\/a><\/li>\n<\/ul>\n<\/div>\n","protected":false},"excerpt":{"rendered":"<p>Caudete posee unas excelentes comunicaciones por carretera. La poblaci\u00f3n se sit\u00faa a s\u00f3lo 5 km de la A-31, autov\u00eda de Albacete a Alicante, y junto al trazado de la N-344, carretera nacional que une Valencia con Murcia. Caudete dista 105 Km de Albacete, 75 de Alicante, 116 de Valencia y 118 de Murcia. Horarios Renfe &hellip;<\/p>\n","protected":false},"author":1,"featured_media":0,"parent":0,"menu_order":0,"comment_status":"closed","ping_status":"closed","template":"","meta":{"ngg_post_thumbnail":0,"footnotes":""},"categories":[],"tags":[],"class_list":["post-5669","page","type-page","status-publish","hentry"],"yoast_head":"<!-- This site is optimized with the Yoast SEO plugin v27.5 - https:\/\/yoast.com\/product\/yoast-seo-wordpress\/ -->\n<title>Transportes - MI Ayuntamiento de Caudete<\/title>\n<meta name=\"description\" content=\"P\u00e1gina Oficial del Ayuntamiento de Caudete (Albacete)\" \/>\n<meta name=\"robots\" content=\"index, follow, max-snippet:-1, max-image-preview:large, max-video-preview:-1\" \/>\n<link rel=\"canonical\" href=\"https:\/\/www.caudete.org\/ayuntamiento\/transportes\/\" \/>\n<meta property=\"og:locale\" content=\"es_ES\" \/>\n<meta property=\"og:type\" content=\"article\" \/>\n<meta property=\"og:title\" content=\"Transportes - MI Ayuntamiento de Caudete\" \/>\n<meta property=\"og:description\" content=\"P\u00e1gina Oficial del Ayuntamiento de Caudete (Albacete)\" \/>\n<meta property=\"og:url\" content=\"https:\/\/www.caudete.org\/ayuntamiento\/transportes\/\" \/>\n<meta property=\"og:site_name\" content=\"MI Ayuntamiento de Caudete\" \/>\n<meta property=\"article:publisher\" content=\"https:\/\/www.facebook.com\/ayuntamientocaudete\/\" \/>\n<meta property=\"article:modified_time\" content=\"2023-10-17T12:39:49+00:00\" \/>\n<meta property=\"og:image\" content=\"https:\/\/www.caudete.org\/ayuntamiento\/wp-content\/uploads\/2021\/06\/trenes_190421_1.jpg\" \/>\n<meta name=\"twitter:card\" content=\"summary_large_image\" \/>\n<meta name=\"twitter:label1\" content=\"Tiempo de lectura\" \/>\n\t<meta name=\"twitter:data1\" content=\"2 minutos\" \/>\n<script type=\"application\/ld+json\" class=\"yoast-schema-graph\">{\"@context\":\"https:\\\/\\\/schema.org\",\"@graph\":[{\"@type\":\"WebPage\",\"@id\":\"https:\\\/\\\/www.caudete.org\\\/ayuntamiento\\\/transportes\\\/\",\"url\":\"https:\\\/\\\/www.caudete.org\\\/ayuntamiento\\\/transportes\\\/\",\"name\":\"Transportes - MI Ayuntamiento de Caudete\",\"isPartOf\":{\"@id\":\"https:\\\/\\\/www.caudete.org\\\/ayuntamiento\\\/#website\"},\"primaryImageOfPage\":{\"@id\":\"https:\\\/\\\/www.caudete.org\\\/ayuntamiento\\\/transportes\\\/#primaryimage\"},\"image\":{\"@id\":\"https:\\\/\\\/www.caudete.org\\\/ayuntamiento\\\/transportes\\\/#primaryimage\"},\"thumbnailUrl\":\"https:\\\/\\\/www.caudete.org\\\/ayuntamiento\\\/wp-content\\\/uploads\\\/2021\\\/06\\\/trenes_190421_1.jpg\",\"datePublished\":\"2020-11-24T16:17:36+00:00\",\"dateModified\":\"2023-10-17T12:39:49+00:00\",\"description\":\"P\u00e1gina Oficial del Ayuntamiento de Caudete (Albacete)\",\"breadcrumb\":{\"@id\":\"https:\\\/\\\/www.caudete.org\\\/ayuntamiento\\\/transportes\\\/#breadcrumb\"},\"inLanguage\":\"es\",\"potentialAction\":[{\"@type\":\"ReadAction\",\"target\":[\"https:\\\/\\\/www.caudete.org\\\/ayuntamiento\\\/transportes\\\/\"]}]},{\"@type\":\"ImageObject\",\"inLanguage\":\"es\",\"@id\":\"https:\\\/\\\/www.caudete.org\\\/ayuntamiento\\\/transportes\\\/#primaryimage\",\"url\":\"https:\\\/\\\/www.caudete.org\\\/ayuntamiento\\\/wp-content\\\/uploads\\\/2021\\\/06\\\/trenes_190421_1.jpg\",\"contentUrl\":\"https:\\\/\\\/www.caudete.org\\\/ayuntamiento\\\/wp-content\\\/uploads\\\/2021\\\/06\\\/trenes_190421_1.jpg\",\"width\":1008,\"height\":819},{\"@type\":\"BreadcrumbList\",\"@id\":\"https:\\\/\\\/www.caudete.org\\\/ayuntamiento\\\/transportes\\\/#breadcrumb\",\"itemListElement\":[{\"@type\":\"ListItem\",\"position\":1,\"name\":\"Inicio\",\"item\":\"https:\\\/\\\/www.caudete.org\\\/ayuntamiento\\\/\"},{\"@type\":\"ListItem\",\"position\":2,\"name\":\"Transportes\"}]},{\"@type\":\"WebSite\",\"@id\":\"https:\\\/\\\/www.caudete.org\\\/ayuntamiento\\\/#website\",\"url\":\"https:\\\/\\\/www.caudete.org\\\/ayuntamiento\\\/\",\"name\":\"MI Ayuntamiento de Caudete\",\"description\":\"P\u00e1gina Oficial del MI Ayuntamiento de Caudete\",\"potentialAction\":[{\"@type\":\"SearchAction\",\"target\":{\"@type\":\"EntryPoint\",\"urlTemplate\":\"https:\\\/\\\/www.caudete.org\\\/ayuntamiento\\\/?s={search_term_string}\"},\"query-input\":{\"@type\":\"PropertyValueSpecification\",\"valueRequired\":true,\"valueName\":\"search_term_string\"}}],\"inLanguage\":\"es\"}]}<\/script>\n<!-- \/ Yoast SEO plugin. -->","yoast_head_json":{"title":"Transportes - MI Ayuntamiento de Caudete","description":"P\u00e1gina Oficial del Ayuntamiento de Caudete (Albacete)","robots":{"index":"index","follow":"follow","max-snippet":"max-snippet:-1","max-image-preview":"max-image-preview:large","max-video-preview":"max-video-preview:-1"},"canonical":"https:\/\/www.caudete.org\/ayuntamiento\/transportes\/","og_locale":"es_ES","og_type":"article","og_title":"Transportes - MI Ayuntamiento de Caudete","og_description":"P\u00e1gina Oficial del Ayuntamiento de Caudete (Albacete)","og_url":"https:\/\/www.caudete.org\/ayuntamiento\/transportes\/","og_site_name":"MI Ayuntamiento de Caudete","article_publisher":"https:\/\/www.facebook.com\/ayuntamientocaudete\/","article_modified_time":"2023-10-17T12:39:49+00:00","og_image":[{"url":"https:\/\/www.caudete.org\/ayuntamiento\/wp-content\/uploads\/2021\/06\/trenes_190421_1.jpg","type":"","width":"","height":""}],"twitter_card":"summary_large_image","twitter_misc":{"Tiempo de lectura":"2 minutos"},"schema":{"@context":"https:\/\/schema.org","@graph":[{"@type":"WebPage","@id":"https:\/\/www.caudete.org\/ayuntamiento\/transportes\/","url":"https:\/\/www.caudete.org\/ayuntamiento\/transportes\/","name":"Transportes - MI Ayuntamiento de Caudete","isPartOf":{"@id":"https:\/\/www.caudete.org\/ayuntamiento\/#website"},"primaryImageOfPage":{"@id":"https:\/\/www.caudete.org\/ayuntamiento\/transportes\/#primaryimage"},"image":{"@id":"https:\/\/www.caudete.org\/ayuntamiento\/transportes\/#primaryimage"},"thumbnailUrl":"https:\/\/www.caudete.org\/ayuntamiento\/wp-content\/uploads\/2021\/06\/trenes_190421_1.jpg","datePublished":"2020-11-24T16:17:36+00:00","dateModified":"2023-10-17T12:39:49+00:00","description":"P\u00e1gina Oficial del Ayuntamiento de Caudete (Albacete)","breadcrumb":{"@id":"https:\/\/www.caudete.org\/ayuntamiento\/transportes\/#breadcrumb"},"inLanguage":"es","potentialAction":[{"@type":"ReadAction","target":["https:\/\/www.caudete.org\/ayuntamiento\/transportes\/"]}]},{"@type":"ImageObject","inLanguage":"es","@id":"https:\/\/www.caudete.org\/ayuntamiento\/transportes\/#primaryimage","url":"https:\/\/www.caudete.org\/ayuntamiento\/wp-content\/uploads\/2021\/06\/trenes_190421_1.jpg","contentUrl":"https:\/\/www.caudete.org\/ayuntamiento\/wp-content\/uploads\/2021\/06\/trenes_190421_1.jpg","width":1008,"height":819},{"@type":"BreadcrumbList","@id":"https:\/\/www.caudete.org\/ayuntamiento\/transportes\/#breadcrumb","itemListElement":[{"@type":"ListItem","position":1,"name":"Inicio","item":"https:\/\/www.caudete.org\/ayuntamiento\/"},{"@type":"ListItem","position":2,"name":"Transportes"}]},{"@type":"WebSite","@id":"https:\/\/www.caudete.org\/ayuntamiento\/#website","url":"https:\/\/www.caudete.org\/ayuntamiento\/","name":"MI Ayuntamiento de Caudete","description":"P\u00e1gina Oficial del MI Ayuntamiento de Caudete","potentialAction":[{"@type":"SearchAction","target":{"@type":"EntryPoint","urlTemplate":"https:\/\/www.caudete.org\/ayuntamiento\/?s={search_term_string}"},"query-input":{"@type":"PropertyValueSpecification","valueRequired":true,"valueName":"search_term_string"}}],"inLanguage":"es"}]}},"_links":{"self":[{"href":"https:\/\/www.caudete.org\/ayuntamiento\/wp-json\/wp\/v2\/pages\/5669","targetHints":{"allow":["GET"]}}],"collection":[{"href":"https:\/\/www.caudete.org\/ayuntamiento\/wp-json\/wp\/v2\/pages"}],"about":[{"href":"https:\/\/www.caudete.org\/ayuntamiento\/wp-json\/wp\/v2\/types\/page"}],"author":[{"embeddable":true,"href":"https:\/\/www.caudete.org\/ayuntamiento\/wp-json\/wp\/v2\/users\/1"}],"replies":[{"embeddable":true,"href":"https:\/\/www.caudete.org\/ayuntamiento\/wp-json\/wp\/v2\/comments?post=5669"}],"version-history":[{"count":15,"href":"https:\/\/www.caudete.org\/ayuntamiento\/wp-json\/wp\/v2\/pages\/5669\/revisions"}],"predecessor-version":[{"id":23555,"href":"https:\/\/www.caudete.org\/ayuntamiento\/wp-json\/wp\/v2\/pages\/5669\/revisions\/23555"}],"wp:attachment":[{"href":"https:\/\/www.caudete.org\/ayuntamiento\/wp-json\/wp\/v2\/media?parent=5669"}],"wp:term":[{"taxonomy":"category","embeddable":true,"href":"https:\/\/www.caudete.org\/ayuntamiento\/wp-json\/wp\/v2\/categories?post=5669"},{"taxonomy":"post_tag","embeddable":true,"href":"https:\/\/www.caudete.org\/ayuntamiento\/wp-json\/wp\/v2\/tags?post=5669"}],"curies":[{"name":"wp","href":"https:\/\/api.w.org\/{rel}","templated":true}]}}