{"id":5681,"date":"2020-11-24T17:45:23","date_gmt":"2020-11-24T16:45:23","guid":{"rendered":"http:\/\/www.caudete.org\/ayuntamiento\/?page_id=5681"},"modified":"2020-11-24T17:45:23","modified_gmt":"2020-11-24T16:45:23","slug":"restaurantes","status":"publish","type":"page","link":"https:\/\/www.caudete.org\/ayuntamiento\/restaurantes\/","title":{"rendered":"Restaurantes"},"content":{"rendered":"<div id=\"recuadro_not\">\n<p style=\"text-align: justify;\">Caudete posee una amplia y atractiva oferta de restauraci\u00f3n. Especialidades t\u00edpicas de los restaurantes locales son: gazpachos caudetanos, gachamiga, pelotas de relleno, habas con jam\u00f3n, arroz caldoso con verduras, y paella con conejo y caracoles.<\/p>\n<p style=\"text-align: justify;\">Tambi\u00e9n encontraremos aqu\u00ed otras especialidades de la gastronom\u00eda manchega en general: atascaburras, ajo de mataero, carnes a la brasa, lomo de orza y embutidos.<\/p>\n<p>Listado de restaurantes con men\u00fa diario:<\/p>\n<p><b>Restaurante El Leng\u00fcetero<\/b><br \/>\nAvda. de Valencia, 116<br \/>\nCategor\u00eda: 2 tenedores<br \/>\nD\u00eda de cierre: domingo. Resto de d\u00edas, abierto de 7\u00b400 a 23\u00b400 h.<br \/>\nCapacidad: 350 comensales<br \/>\nEspecialidades:cocina caudetana y manchega, pescados frescos. Eventos<br \/>\nTelf.: 96-582-55-80<\/p>\n<p><b>Restaurante Miami<\/b><br \/>\nC\/ Joan Mir\u00f3, 4<br \/>\nD\u00eda de cierre: lunes. Horario: L-V: 9\u00b400-16\u00b400 \/ 18\u00b430-24\u00b400h. S-D: 9\u00b400-24\u00b400h.<br \/>\nCapacidad: 42 comensales<br \/>\nEspecialidades:pelotas de relleno, comida casera<br \/>\nTelf.: 96-582-59-99<\/p>\n<p><b>Braser\u00eda Picola<\/b><br \/>\nC\/General Lasala, 17<br \/>\nHorario, L-J: 9\u00b430 a 12\u00b400h. V-D: 9\u00b430 a 15\u00b430 y 20\u00b400 a 24\u00b400h.<br \/>\nCapacidad: 168 comensales. Terraza de verano<br \/>\nEspecialidades: carnes a la brasa, paella y gazpacho manchego. Eventos.<br \/>\nTelf.: 96-582-50-56<\/p>\n<p><b>Asador G\u00f3ndola<\/b><br \/>\nC\/ Corona de Arag\u00f3n, 17<br \/>\nHorario, L-J: 8\u00b430 a 16\u00b400hrs. V-D: 8\u00b430 a 23\u00b400hrs.<br \/>\nCapacidad: 150 comensales<br \/>\nEspecialidades:asados, carnes, comida casera y cocina italiana<br \/>\nTelf.: 96-582-78-71<\/p>\n<p><b>Los Naranjos<\/b><br \/>\nC\/ Corona de Arag\u00f3n, 10<br \/>\nCapacidad: 60 comensales<br \/>\nEspecialidades: comida casera de temporada, men\u00fas para grupos.<br \/>\nTel\u00e9fono:96-582-78-05<\/p>\n<p><b>Nuevo Cruce<\/b><br \/>\nCtra. Alicante-Madrid km 69<br \/>\nCapacidad: 100 comensales<br \/>\nHorario: de lunes a domingo<br \/>\nEspecialidades: carnes a la brasa, gaspachos,comida casera de temporada.<br \/>\nTel\u00e9fono: 96-582-59-35<\/p>\n<p><b>Vilmar <\/b><br \/>\nPol\u00edgono Los Villares, 4<br \/>\nHorario: de lunes a domingo<br \/>\nCapacidad:60 comensales. Dispone de terraza de verano<br \/>\nEspecialidades: almuerzos, men\u00fas especiales grupos, cenas fin de semana. Facilidad de aparcamiento.<br \/>\nTelf.: 96-582-71-58<\/p>\n<p><b>El Roc\u00edn II<\/b><br \/>\nAutov\u00eda A-31 salida 168<br \/>\nHorario: de lunes a domingo<br \/>\nEspecialidades: aperitivos, men\u00fa del d\u00eda.<br \/>\nDispone de terraza.Facilidad de aparcamiento.<br \/>\nTel\u00e9fono: 965-979-226<\/p>\n<p><b>Gastrobar La Notar\u00eda<\/b><br \/>\nPlaza del Carmen,3<br \/>\nEspecialidades: men\u00fa del d\u00eda, aperitivos y c\u00f3cteles en un espacio diferente (la planta baja y bodegas de una casa de principios del s. XX). Dispone de terraza.<br \/>\nTel\u00e9fono: 967-08-15-32<\/p>\n<p style=\"text-align: justify;\"><strong>Enlaces relacionados<\/strong><\/p>\n<\/div>\n<div id=\"enlaces\">\n<hr \/>\n<ul>\n<li style=\"text-align: justify;\"><a href=\"http:\/\/www.braseriapicola.com\/\" target=\"_blank\" rel=\"noopener noreferrer nofollow\">www.braseriapicola.com\/<\/a><\/li>\n<li style=\"text-align: justify;\"><a href=\"http:\/\/www.lenguetero.com\/\" target=\"_blank\" rel=\"noopener noreferrer nofollow\">www.lenguetero.com\/<\/a><\/li>\n<\/ul>\n<\/div>\n","protected":false},"excerpt":{"rendered":"<p>Caudete posee una amplia y atractiva oferta de restauraci\u00f3n. Especialidades t\u00edpicas de los restaurantes locales son: gazpachos caudetanos, gachamiga, pelotas de relleno, habas con jam\u00f3n, arroz caldoso con verduras, y paella con conejo y caracoles. Tambi\u00e9n encontraremos aqu\u00ed otras especialidades de la gastronom\u00eda manchega en general: atascaburras, ajo de mataero, carnes a la brasa, lomo &hellip;<\/p>\n","protected":false},"author":1,"featured_media":0,"parent":0,"menu_order":0,"comment_status":"closed","ping_status":"closed","template":"","meta":{"ngg_post_thumbnail":0,"footnotes":""},"categories":[],"tags":[],"class_list":["post-5681","page","type-page","status-publish","hentry"],"yoast_head":"<!-- This site is optimized with the Yoast SEO plugin v27.5 - https:\/\/yoast.com\/product\/yoast-seo-wordpress\/ -->\n<title>Restaurantes - MI Ayuntamiento de Caudete<\/title>\n<meta name=\"description\" content=\"P\u00e1gina Oficial del Ayuntamiento de Caudete (Albacete)\" \/>\n<meta name=\"robots\" content=\"index, follow, max-snippet:-1, max-image-preview:large, max-video-preview:-1\" \/>\n<link rel=\"canonical\" href=\"https:\/\/www.caudete.org\/ayuntamiento\/restaurantes\/\" \/>\n<meta property=\"og:locale\" content=\"es_ES\" \/>\n<meta property=\"og:type\" content=\"article\" \/>\n<meta property=\"og:title\" content=\"Restaurantes - MI Ayuntamiento de Caudete\" \/>\n<meta property=\"og:description\" content=\"P\u00e1gina Oficial del Ayuntamiento de Caudete (Albacete)\" \/>\n<meta property=\"og:url\" content=\"https:\/\/www.caudete.org\/ayuntamiento\/restaurantes\/\" \/>\n<meta property=\"og:site_name\" content=\"MI Ayuntamiento de Caudete\" \/>\n<meta property=\"article:publisher\" content=\"https:\/\/www.facebook.com\/ayuntamientocaudete\/\" \/>\n<meta name=\"twitter:card\" content=\"summary_large_image\" \/>\n<meta name=\"twitter:label1\" content=\"Tiempo de lectura\" \/>\n\t<meta name=\"twitter:data1\" content=\"2 minutos\" \/>\n<script type=\"application\/ld+json\" class=\"yoast-schema-graph\">{\"@context\":\"https:\\\/\\\/schema.org\",\"@graph\":[{\"@type\":\"WebPage\",\"@id\":\"https:\\\/\\\/www.caudete.org\\\/ayuntamiento\\\/restaurantes\\\/\",\"url\":\"https:\\\/\\\/www.caudete.org\\\/ayuntamiento\\\/restaurantes\\\/\",\"name\":\"Restaurantes - MI Ayuntamiento de Caudete\",\"isPartOf\":{\"@id\":\"https:\\\/\\\/www.caudete.org\\\/ayuntamiento\\\/#website\"},\"datePublished\":\"2020-11-24T16:45:23+00:00\",\"description\":\"P\u00e1gina Oficial del Ayuntamiento de Caudete (Albacete)\",\"breadcrumb\":{\"@id\":\"https:\\\/\\\/www.caudete.org\\\/ayuntamiento\\\/restaurantes\\\/#breadcrumb\"},\"inLanguage\":\"es\",\"potentialAction\":[{\"@type\":\"ReadAction\",\"target\":[\"https:\\\/\\\/www.caudete.org\\\/ayuntamiento\\\/restaurantes\\\/\"]}]},{\"@type\":\"BreadcrumbList\",\"@id\":\"https:\\\/\\\/www.caudete.org\\\/ayuntamiento\\\/restaurantes\\\/#breadcrumb\",\"itemListElement\":[{\"@type\":\"ListItem\",\"position\":1,\"name\":\"Inicio\",\"item\":\"https:\\\/\\\/www.caudete.org\\\/ayuntamiento\\\/\"},{\"@type\":\"ListItem\",\"position\":2,\"name\":\"Restaurantes\"}]},{\"@type\":\"WebSite\",\"@id\":\"https:\\\/\\\/www.caudete.org\\\/ayuntamiento\\\/#website\",\"url\":\"https:\\\/\\\/www.caudete.org\\\/ayuntamiento\\\/\",\"name\":\"MI Ayuntamiento de Caudete\",\"description\":\"P\u00e1gina Oficial del MI Ayuntamiento de Caudete\",\"potentialAction\":[{\"@type\":\"SearchAction\",\"target\":{\"@type\":\"EntryPoint\",\"urlTemplate\":\"https:\\\/\\\/www.caudete.org\\\/ayuntamiento\\\/?s={search_term_string}\"},\"query-input\":{\"@type\":\"PropertyValueSpecification\",\"valueRequired\":true,\"valueName\":\"search_term_string\"}}],\"inLanguage\":\"es\"}]}<\/script>\n<!-- \/ Yoast SEO plugin. -->","yoast_head_json":{"title":"Restaurantes - MI Ayuntamiento de Caudete","description":"P\u00e1gina Oficial del Ayuntamiento de Caudete (Albacete)","robots":{"index":"index","follow":"follow","max-snippet":"max-snippet:-1","max-image-preview":"max-image-preview:large","max-video-preview":"max-video-preview:-1"},"canonical":"https:\/\/www.caudete.org\/ayuntamiento\/restaurantes\/","og_locale":"es_ES","og_type":"article","og_title":"Restaurantes - MI Ayuntamiento de Caudete","og_description":"P\u00e1gina Oficial del Ayuntamiento de Caudete (Albacete)","og_url":"https:\/\/www.caudete.org\/ayuntamiento\/restaurantes\/","og_site_name":"MI Ayuntamiento de Caudete","article_publisher":"https:\/\/www.facebook.com\/ayuntamientocaudete\/","twitter_card":"summary_large_image","twitter_misc":{"Tiempo de lectura":"2 minutos"},"schema":{"@context":"https:\/\/schema.org","@graph":[{"@type":"WebPage","@id":"https:\/\/www.caudete.org\/ayuntamiento\/restaurantes\/","url":"https:\/\/www.caudete.org\/ayuntamiento\/restaurantes\/","name":"Restaurantes - MI Ayuntamiento de Caudete","isPartOf":{"@id":"https:\/\/www.caudete.org\/ayuntamiento\/#website"},"datePublished":"2020-11-24T16:45:23+00:00","description":"P\u00e1gina Oficial del Ayuntamiento de Caudete (Albacete)","breadcrumb":{"@id":"https:\/\/www.caudete.org\/ayuntamiento\/restaurantes\/#breadcrumb"},"inLanguage":"es","potentialAction":[{"@type":"ReadAction","target":["https:\/\/www.caudete.org\/ayuntamiento\/restaurantes\/"]}]},{"@type":"BreadcrumbList","@id":"https:\/\/www.caudete.org\/ayuntamiento\/restaurantes\/#breadcrumb","itemListElement":[{"@type":"ListItem","position":1,"name":"Inicio","item":"https:\/\/www.caudete.org\/ayuntamiento\/"},{"@type":"ListItem","position":2,"name":"Restaurantes"}]},{"@type":"WebSite","@id":"https:\/\/www.caudete.org\/ayuntamiento\/#website","url":"https:\/\/www.caudete.org\/ayuntamiento\/","name":"MI Ayuntamiento de Caudete","description":"P\u00e1gina Oficial del MI Ayuntamiento de Caudete","potentialAction":[{"@type":"SearchAction","target":{"@type":"EntryPoint","urlTemplate":"https:\/\/www.caudete.org\/ayuntamiento\/?s={search_term_string}"},"query-input":{"@type":"PropertyValueSpecification","valueRequired":true,"valueName":"search_term_string"}}],"inLanguage":"es"}]}},"_links":{"self":[{"href":"https:\/\/www.caudete.org\/ayuntamiento\/wp-json\/wp\/v2\/pages\/5681","targetHints":{"allow":["GET"]}}],"collection":[{"href":"https:\/\/www.caudete.org\/ayuntamiento\/wp-json\/wp\/v2\/pages"}],"about":[{"href":"https:\/\/www.caudete.org\/ayuntamiento\/wp-json\/wp\/v2\/types\/page"}],"author":[{"embeddable":true,"href":"https:\/\/www.caudete.org\/ayuntamiento\/wp-json\/wp\/v2\/users\/1"}],"replies":[{"embeddable":true,"href":"https:\/\/www.caudete.org\/ayuntamiento\/wp-json\/wp\/v2\/comments?post=5681"}],"version-history":[{"count":1,"href":"https:\/\/www.caudete.org\/ayuntamiento\/wp-json\/wp\/v2\/pages\/5681\/revisions"}],"predecessor-version":[{"id":5682,"href":"https:\/\/www.caudete.org\/ayuntamiento\/wp-json\/wp\/v2\/pages\/5681\/revisions\/5682"}],"wp:attachment":[{"href":"https:\/\/www.caudete.org\/ayuntamiento\/wp-json\/wp\/v2\/media?parent=5681"}],"wp:term":[{"taxonomy":"category","embeddable":true,"href":"https:\/\/www.caudete.org\/ayuntamiento\/wp-json\/wp\/v2\/categories?post=5681"},{"taxonomy":"post_tag","embeddable":true,"href":"https:\/\/www.caudete.org\/ayuntamiento\/wp-json\/wp\/v2\/tags?post=5681"}],"curies":[{"name":"wp","href":"https:\/\/api.w.org\/{rel}","templated":true}]}}