{"id":5684,"date":"2020-11-24T17:53:10","date_gmt":"2020-11-24T16:53:10","guid":{"rendered":"http:\/\/www.caudete.org\/ayuntamiento\/?page_id=5684"},"modified":"2020-11-24T17:53:31","modified_gmt":"2020-11-24T16:53:31","slug":"comprar-en-caudete","status":"publish","type":"page","link":"https:\/\/www.caudete.org\/ayuntamiento\/comprar-en-caudete\/","title":{"rendered":"Comprar en Caudete"},"content":{"rendered":"<p>La oferta comercial es muy amplia, pero si se trata de optar por algo tradicional de este municipio y de producci\u00f3n local, las sugerencias son estas:<\/p>\n<ul>\n<li><b>Pastas y dulces t\u00edpicos: <\/b>machacos (la especialidad local por excelencia), almendrados, mantecados, rollos de vino, pastas de aguardiente, monas de Pascua<\/li>\n<li><b>Tortas de Gazpachos <\/b>reci\u00e9n hechas elaboradas en los hornos locales. (Hay que encargarlas)<\/li>\n<li><b>Aceite de oliva virgen <\/b>extra y virgen extra ecol\u00f3gico. El aceite de Caudete es ampliamente valorado por su calidad, siendo muy vendido en las provincias lim\u00edtrofes<\/li>\n<li><b>Vinos de la zona. <\/b>Caudete cuenta con cuatro bodegas; todas ellas ofrecen visitas guiadas y degustaciones. Para m\u00e1s informaci\u00f3n, visite las direcciones web que figuran a pie de p\u00e1gina<\/li>\n<li><strong>T<\/strong><b>odo tipo de embutidos. <\/b>Varias carnicer\u00edas locales elaboran sus propios productos, siendo incluso posible solicitar una degustaci\u00f3n para grupo mediante la oficina local de turismo<\/li>\n<li><b>Armas decorativas y de avancarga <\/b>para fiestas de Moros y Cristianos, reproducciones de todo tipo de armas de \u00e9poca y recreaciones hist\u00f3ricas, fabricadas por Artesan\u00edas y Trabucos &#8220;El Rojo&#8221;<\/li>\n<li><b>Trajes para las diferentes comparsas de fiestas de moros y cristianos, <\/b>y accesorios en cuero o metal, &#8220;Mantones de Manila&#8221; para bailes tradicionales del Ni\u00f1o y mantos religiosos, elaborados por varios talleres locales<\/li>\n<li><b>Objeto decorativos <\/b>realizados en resina, cer\u00e1mica policromada, madera y porcelana, elaborados por el taller ocupacional del centro de Asprona de Caudete<\/li>\n<\/ul>\n<p><strong>Enlaces relacionados<\/strong><\/p>\n<div id=\"enlaces\">\n<ul>\n<li><a href=\"http:\/\/elrojo-mabel.com\/index.php\" target=\"_blank\" rel=\"noopener noreferrer nofollow\">elrojo-mabel.com\/index.php<\/a><\/li>\n<li><a href=\"http:\/\/www.santamargarita.es\/\" target=\"_blank\" rel=\"noopener noreferrer nofollow\">www.santamargarita.es\/<\/a><\/li>\n<li><a href=\"http:\/\/casalarcon.com\" target=\"_blank\" rel=\"noopener noreferrer nofollow\">casalarcon.com<\/a><\/li>\n<li><a href=\"http:\/\/casacorredor.com\" target=\"_blank\" rel=\"noopener noreferrer nofollow\">casacorredor.com<\/a><\/li>\n<li><a href=\"http:\/\/cooperativadelcamposanisidro.com\/\" target=\"_blank\" rel=\"noopener noreferrer nofollow\">cooperativadelcamposanisidro.com\/<\/a><\/li>\n<li><a href=\"http:\/\/www.almazaraagullo.com\" target=\"_blank\" rel=\"noopener noreferrer nofollow\">www.almazaraagullo.com<\/a><\/li>\n<\/ul>\n<\/div>\n","protected":false},"excerpt":{"rendered":"<p>La oferta comercial es muy amplia, pero si se trata de optar por algo tradicional de este municipio y de producci\u00f3n local, las sugerencias son estas: Pastas y dulces t\u00edpicos: machacos (la especialidad local por excelencia), almendrados, mantecados, rollos de vino, pastas de aguardiente, monas de Pascua Tortas de Gazpachos reci\u00e9n hechas elaboradas en los &hellip;<\/p>\n","protected":false},"author":1,"featured_media":0,"parent":0,"menu_order":0,"comment_status":"closed","ping_status":"closed","template":"","meta":{"ngg_post_thumbnail":0,"footnotes":""},"categories":[],"tags":[],"class_list":["post-5684","page","type-page","status-publish","hentry"],"yoast_head":"<!-- This site is optimized with the Yoast SEO plugin v27.5 - https:\/\/yoast.com\/product\/yoast-seo-wordpress\/ -->\n<title>Comprar en Caudete - MI Ayuntamiento de Caudete<\/title>\n<meta name=\"description\" content=\"P\u00e1gina Oficial del Ayuntamiento de Caudete (Albacete)\" \/>\n<meta name=\"robots\" content=\"index, follow, max-snippet:-1, max-image-preview:large, max-video-preview:-1\" \/>\n<link rel=\"canonical\" href=\"https:\/\/www.caudete.org\/ayuntamiento\/comprar-en-caudete\/\" \/>\n<meta property=\"og:locale\" content=\"es_ES\" \/>\n<meta property=\"og:type\" content=\"article\" \/>\n<meta property=\"og:title\" content=\"Comprar en Caudete - MI Ayuntamiento de Caudete\" \/>\n<meta property=\"og:description\" content=\"P\u00e1gina Oficial del Ayuntamiento de Caudete (Albacete)\" \/>\n<meta property=\"og:url\" content=\"https:\/\/www.caudete.org\/ayuntamiento\/comprar-en-caudete\/\" \/>\n<meta property=\"og:site_name\" content=\"MI Ayuntamiento de Caudete\" \/>\n<meta property=\"article:publisher\" content=\"https:\/\/www.facebook.com\/ayuntamientocaudete\/\" \/>\n<meta property=\"article:modified_time\" content=\"2020-11-24T16:53:31+00:00\" \/>\n<meta name=\"twitter:card\" content=\"summary_large_image\" \/>\n<meta name=\"twitter:label1\" content=\"Tiempo de lectura\" \/>\n\t<meta name=\"twitter:data1\" content=\"1 minuto\" \/>\n<script type=\"application\/ld+json\" class=\"yoast-schema-graph\">{\"@context\":\"https:\\\/\\\/schema.org\",\"@graph\":[{\"@type\":\"WebPage\",\"@id\":\"https:\\\/\\\/www.caudete.org\\\/ayuntamiento\\\/comprar-en-caudete\\\/\",\"url\":\"https:\\\/\\\/www.caudete.org\\\/ayuntamiento\\\/comprar-en-caudete\\\/\",\"name\":\"Comprar en Caudete - MI Ayuntamiento de Caudete\",\"isPartOf\":{\"@id\":\"https:\\\/\\\/www.caudete.org\\\/ayuntamiento\\\/#website\"},\"datePublished\":\"2020-11-24T16:53:10+00:00\",\"dateModified\":\"2020-11-24T16:53:31+00:00\",\"description\":\"P\u00e1gina Oficial del Ayuntamiento de Caudete (Albacete)\",\"breadcrumb\":{\"@id\":\"https:\\\/\\\/www.caudete.org\\\/ayuntamiento\\\/comprar-en-caudete\\\/#breadcrumb\"},\"inLanguage\":\"es\",\"potentialAction\":[{\"@type\":\"ReadAction\",\"target\":[\"https:\\\/\\\/www.caudete.org\\\/ayuntamiento\\\/comprar-en-caudete\\\/\"]}]},{\"@type\":\"BreadcrumbList\",\"@id\":\"https:\\\/\\\/www.caudete.org\\\/ayuntamiento\\\/comprar-en-caudete\\\/#breadcrumb\",\"itemListElement\":[{\"@type\":\"ListItem\",\"position\":1,\"name\":\"Inicio\",\"item\":\"https:\\\/\\\/www.caudete.org\\\/ayuntamiento\\\/\"},{\"@type\":\"ListItem\",\"position\":2,\"name\":\"Comprar en Caudete\"}]},{\"@type\":\"WebSite\",\"@id\":\"https:\\\/\\\/www.caudete.org\\\/ayuntamiento\\\/#website\",\"url\":\"https:\\\/\\\/www.caudete.org\\\/ayuntamiento\\\/\",\"name\":\"MI Ayuntamiento de Caudete\",\"description\":\"P\u00e1gina Oficial del MI Ayuntamiento de Caudete\",\"potentialAction\":[{\"@type\":\"SearchAction\",\"target\":{\"@type\":\"EntryPoint\",\"urlTemplate\":\"https:\\\/\\\/www.caudete.org\\\/ayuntamiento\\\/?s={search_term_string}\"},\"query-input\":{\"@type\":\"PropertyValueSpecification\",\"valueRequired\":true,\"valueName\":\"search_term_string\"}}],\"inLanguage\":\"es\"}]}<\/script>\n<!-- \/ Yoast SEO plugin. -->","yoast_head_json":{"title":"Comprar en Caudete - MI Ayuntamiento de Caudete","description":"P\u00e1gina Oficial del Ayuntamiento de Caudete (Albacete)","robots":{"index":"index","follow":"follow","max-snippet":"max-snippet:-1","max-image-preview":"max-image-preview:large","max-video-preview":"max-video-preview:-1"},"canonical":"https:\/\/www.caudete.org\/ayuntamiento\/comprar-en-caudete\/","og_locale":"es_ES","og_type":"article","og_title":"Comprar en Caudete - MI Ayuntamiento de Caudete","og_description":"P\u00e1gina Oficial del Ayuntamiento de Caudete (Albacete)","og_url":"https:\/\/www.caudete.org\/ayuntamiento\/comprar-en-caudete\/","og_site_name":"MI Ayuntamiento de Caudete","article_publisher":"https:\/\/www.facebook.com\/ayuntamientocaudete\/","article_modified_time":"2020-11-24T16:53:31+00:00","twitter_card":"summary_large_image","twitter_misc":{"Tiempo de lectura":"1 minuto"},"schema":{"@context":"https:\/\/schema.org","@graph":[{"@type":"WebPage","@id":"https:\/\/www.caudete.org\/ayuntamiento\/comprar-en-caudete\/","url":"https:\/\/www.caudete.org\/ayuntamiento\/comprar-en-caudete\/","name":"Comprar en Caudete - MI Ayuntamiento de Caudete","isPartOf":{"@id":"https:\/\/www.caudete.org\/ayuntamiento\/#website"},"datePublished":"2020-11-24T16:53:10+00:00","dateModified":"2020-11-24T16:53:31+00:00","description":"P\u00e1gina Oficial del Ayuntamiento de Caudete (Albacete)","breadcrumb":{"@id":"https:\/\/www.caudete.org\/ayuntamiento\/comprar-en-caudete\/#breadcrumb"},"inLanguage":"es","potentialAction":[{"@type":"ReadAction","target":["https:\/\/www.caudete.org\/ayuntamiento\/comprar-en-caudete\/"]}]},{"@type":"BreadcrumbList","@id":"https:\/\/www.caudete.org\/ayuntamiento\/comprar-en-caudete\/#breadcrumb","itemListElement":[{"@type":"ListItem","position":1,"name":"Inicio","item":"https:\/\/www.caudete.org\/ayuntamiento\/"},{"@type":"ListItem","position":2,"name":"Comprar en Caudete"}]},{"@type":"WebSite","@id":"https:\/\/www.caudete.org\/ayuntamiento\/#website","url":"https:\/\/www.caudete.org\/ayuntamiento\/","name":"MI Ayuntamiento de Caudete","description":"P\u00e1gina Oficial del MI Ayuntamiento de Caudete","potentialAction":[{"@type":"SearchAction","target":{"@type":"EntryPoint","urlTemplate":"https:\/\/www.caudete.org\/ayuntamiento\/?s={search_term_string}"},"query-input":{"@type":"PropertyValueSpecification","valueRequired":true,"valueName":"search_term_string"}}],"inLanguage":"es"}]}},"_links":{"self":[{"href":"https:\/\/www.caudete.org\/ayuntamiento\/wp-json\/wp\/v2\/pages\/5684","targetHints":{"allow":["GET"]}}],"collection":[{"href":"https:\/\/www.caudete.org\/ayuntamiento\/wp-json\/wp\/v2\/pages"}],"about":[{"href":"https:\/\/www.caudete.org\/ayuntamiento\/wp-json\/wp\/v2\/types\/page"}],"author":[{"embeddable":true,"href":"https:\/\/www.caudete.org\/ayuntamiento\/wp-json\/wp\/v2\/users\/1"}],"replies":[{"embeddable":true,"href":"https:\/\/www.caudete.org\/ayuntamiento\/wp-json\/wp\/v2\/comments?post=5684"}],"version-history":[{"count":3,"href":"https:\/\/www.caudete.org\/ayuntamiento\/wp-json\/wp\/v2\/pages\/5684\/revisions"}],"predecessor-version":[{"id":5687,"href":"https:\/\/www.caudete.org\/ayuntamiento\/wp-json\/wp\/v2\/pages\/5684\/revisions\/5687"}],"wp:attachment":[{"href":"https:\/\/www.caudete.org\/ayuntamiento\/wp-json\/wp\/v2\/media?parent=5684"}],"wp:term":[{"taxonomy":"category","embeddable":true,"href":"https:\/\/www.caudete.org\/ayuntamiento\/wp-json\/wp\/v2\/categories?post=5684"},{"taxonomy":"post_tag","embeddable":true,"href":"https:\/\/www.caudete.org\/ayuntamiento\/wp-json\/wp\/v2\/tags?post=5684"}],"curies":[{"name":"wp","href":"https:\/\/api.w.org\/{rel}","templated":true}]}}