{"id":5873,"date":"2020-11-30T14:18:21","date_gmt":"2020-11-30T13:18:21","guid":{"rendered":"http:\/\/www.caudete.org\/ayuntamiento\/?page_id=5873"},"modified":"2025-07-22T09:18:45","modified_gmt":"2025-07-22T07:18:45","slug":"presentacion","status":"publish","type":"page","link":"https:\/\/www.caudete.org\/ayuntamiento\/presentacion\/","title":{"rendered":"Desarrollo Local &#8211; Presentaci\u00f3n"},"content":{"rendered":"<p style=\"text-align: justify;\"><strong>Sobre la Agencia<\/strong><\/p>\n<p style=\"text-align: justify;\">La Agencia de Empleo y Desarrollo Local del Ayuntamiento de Caudete es un servicio municipal que, desde su implantaci\u00f3n en 1998, se ha consolidado y es de constante y creciente utilizaci\u00f3n por parte de la ciudadan\u00eda.<\/p>\n<p style=\"text-align: justify;\">Entre sus funciones cabe rese\u00f1ar las siguientes:<\/p>\n<p style=\"text-align: justify;\">\u2022 Es un servicio local para la implementaci\u00f3n de las pol\u00edticas activas de empleo desarrolladas por las distintas administraciones con competencias en la materia, de \u00e1mbito provincial, auton\u00f3mico o estatal.<br \/>\n\u2022 Dado el valor de las entidades locales como agentes dinamizadores de la econom\u00eda por su estrecha vinculaci\u00f3n con el tejido empresarial local, colabora en la aplicaci\u00f3n de pol\u00edticas y medidas que favorezcan la creaci\u00f3n de empresas, la inversi\u00f3n, la contrataci\u00f3n y el desarrollo econ\u00f3mico local.<br \/>\n\u2022 Asimismo, contribuye a la prospecci\u00f3n de recursos ociosos e infrautilizados y a la difusi\u00f3n y est\u00edmulo de potenciales oportunidades de actividad y de desarrollo local en sentido amplio.<\/p>\n<p style=\"text-align: justify;\">Todo ello se lleva a cabo a trav\u00e9s de actuaciones como las siguientes:<\/p>\n<p style=\"text-align: justify;\">\u2022 Asesoramiento a personas que quieran iniciar una actividad empresarial (tr\u00e1mites, formas jur\u00eddicas, ayudas por inicio de actividad, inversi\u00f3n, capitalizaci\u00f3n de la prestaci\u00f3n de desempleo, contrataci\u00f3n, etc&#8230;)<br \/>\n\u2022 Tramitaci\u00f3n de ayudas p\u00fablicas por inicio de actividad de nuevos emprendedores.<br \/>\n\u2022 Informaci\u00f3n y tramitaci\u00f3n de ayudas p\u00fablicas a empresas que quieran realizar una inversi\u00f3n o que quieran contratar trabajadores.<br \/>\n\u2022 Apoyo a las empresas en la b\u00fasqueda de trabajadores, en colaboraci\u00f3n con la Oficina de Empleo y Emprendedores de la Junta de Comunidades de Castilla-La Mancha.<br \/>\n\u2022 Orientaci\u00f3n a los desempleados para la mejora de su formaci\u00f3n o la b\u00fasqueda de empleo.<br \/>\n\u2022 Gesti\u00f3n y tramitaci\u00f3n de planes de empleo locales, auton\u00f3micos o estatales.<br \/>\n\u2022 Difusi\u00f3n de iniciativas, jornadas o actuaciones que redunden en el desarrollo local en sentido amplio.<br \/>\n\u2022 Cualesquiera otras que contribuyan al desarrollo econ\u00f3mico del municipio.<\/p>\n<div id=\"metaslider-id-29886\" style=\"width: 100%; margin: 0 auto;\" class=\"ml-slider-3-108-0 metaslider metaslider-flex metaslider-29886 ml-slider has-dots-nav ms-theme-default-base\" role=\"region\" aria-label=\"Desarrollo banner fondos europeos\" data-height=\"400\" data-width=\"1024\">\n    <div id=\"metaslider_container_29886\">\n        <div id=\"metaslider_29886\">\n            <ul aria-live='off' class='slides'>\n                <li style=\"display: block; width: 100%;\" class=\"slide-29895 ms-image \" aria-roledescription=\"slide\" data-date=\"2025-07-22 09:09:30\" data-filename=\"Logotipos-Fondos-Estructurales.gif\" data-slide-type=\"image\"><img fetchpriority=\"high\" decoding=\"async\" width=\"1128\" height=\"150\" src=\"https:\/\/www.caudete.org\/ayuntamiento\/wp-content\/uploads\/2025\/07\/Logotipos-Fondos-Estructurales.gif\" class=\"slider-29886 slide-29895 msDefaultImage\" alt=\"\" rel=\"\" title=\"Logotipos Fondos Estructurales\" \/><\/li>\n            <\/ul>\n        <\/div>\n        \n    <\/div>\n<\/div>\n","protected":false},"excerpt":{"rendered":"<p>Sobre la Agencia La Agencia de Empleo y Desarrollo Local del Ayuntamiento de Caudete es un servicio municipal que, desde su implantaci\u00f3n en 1998, se ha consolidado y es de constante y creciente utilizaci\u00f3n por parte de la ciudadan\u00eda. Entre sus funciones cabe rese\u00f1ar las siguientes: \u2022 Es un servicio local para la implementaci\u00f3n de &hellip;<\/p>\n","protected":false},"author":1,"featured_media":0,"parent":0,"menu_order":0,"comment_status":"closed","ping_status":"closed","template":"","meta":{"ngg_post_thumbnail":0,"footnotes":""},"categories":[87,98],"tags":[],"class_list":["post-5873","page","type-page","status-publish","hentry","category-desarrollo-local","category-desarrollo-local-2"],"yoast_head":"<!-- This site is optimized with the Yoast SEO plugin v27.5 - https:\/\/yoast.com\/product\/yoast-seo-wordpress\/ -->\n<title>Desarrollo Local - Presentaci\u00f3n - MI Ayuntamiento de Caudete<\/title>\n<meta name=\"description\" content=\"P\u00e1gina Oficial del Ayuntamiento de Caudete (Albacete)\" \/>\n<meta name=\"robots\" content=\"index, follow, max-snippet:-1, max-image-preview:large, max-video-preview:-1\" \/>\n<link rel=\"canonical\" href=\"https:\/\/www.caudete.org\/ayuntamiento\/presentacion\/\" \/>\n<meta property=\"og:locale\" content=\"es_ES\" \/>\n<meta property=\"og:type\" content=\"article\" \/>\n<meta property=\"og:title\" content=\"Desarrollo Local - Presentaci\u00f3n - MI Ayuntamiento de Caudete\" \/>\n<meta property=\"og:description\" content=\"P\u00e1gina Oficial del Ayuntamiento de Caudete (Albacete)\" \/>\n<meta property=\"og:url\" content=\"https:\/\/www.caudete.org\/ayuntamiento\/presentacion\/\" \/>\n<meta property=\"og:site_name\" content=\"MI Ayuntamiento de Caudete\" \/>\n<meta property=\"article:publisher\" content=\"https:\/\/www.facebook.com\/ayuntamientocaudete\/\" \/>\n<meta property=\"article:modified_time\" content=\"2025-07-22T07:18:45+00:00\" \/>\n<meta name=\"twitter:card\" content=\"summary_large_image\" \/>\n<meta name=\"twitter:label1\" content=\"Tiempo de lectura\" \/>\n\t<meta name=\"twitter:data1\" content=\"2 minutos\" \/>\n<script type=\"application\/ld+json\" class=\"yoast-schema-graph\">{\"@context\":\"https:\\\/\\\/schema.org\",\"@graph\":[{\"@type\":\"WebPage\",\"@id\":\"https:\\\/\\\/www.caudete.org\\\/ayuntamiento\\\/presentacion\\\/\",\"url\":\"https:\\\/\\\/www.caudete.org\\\/ayuntamiento\\\/presentacion\\\/\",\"name\":\"Desarrollo Local - Presentaci\u00f3n - MI Ayuntamiento de Caudete\",\"isPartOf\":{\"@id\":\"https:\\\/\\\/www.caudete.org\\\/ayuntamiento\\\/#website\"},\"datePublished\":\"2020-11-30T13:18:21+00:00\",\"dateModified\":\"2025-07-22T07:18:45+00:00\",\"description\":\"P\u00e1gina Oficial del Ayuntamiento de Caudete (Albacete)\",\"breadcrumb\":{\"@id\":\"https:\\\/\\\/www.caudete.org\\\/ayuntamiento\\\/presentacion\\\/#breadcrumb\"},\"inLanguage\":\"es\",\"potentialAction\":[{\"@type\":\"ReadAction\",\"target\":[\"https:\\\/\\\/www.caudete.org\\\/ayuntamiento\\\/presentacion\\\/\"]}]},{\"@type\":\"BreadcrumbList\",\"@id\":\"https:\\\/\\\/www.caudete.org\\\/ayuntamiento\\\/presentacion\\\/#breadcrumb\",\"itemListElement\":[{\"@type\":\"ListItem\",\"position\":1,\"name\":\"Inicio\",\"item\":\"https:\\\/\\\/www.caudete.org\\\/ayuntamiento\\\/\"},{\"@type\":\"ListItem\",\"position\":2,\"name\":\"Desarrollo Local &#8211; Presentaci\u00f3n\"}]},{\"@type\":\"WebSite\",\"@id\":\"https:\\\/\\\/www.caudete.org\\\/ayuntamiento\\\/#website\",\"url\":\"https:\\\/\\\/www.caudete.org\\\/ayuntamiento\\\/\",\"name\":\"MI Ayuntamiento de Caudete\",\"description\":\"P\u00e1gina Oficial del MI Ayuntamiento de Caudete\",\"potentialAction\":[{\"@type\":\"SearchAction\",\"target\":{\"@type\":\"EntryPoint\",\"urlTemplate\":\"https:\\\/\\\/www.caudete.org\\\/ayuntamiento\\\/?s={search_term_string}\"},\"query-input\":{\"@type\":\"PropertyValueSpecification\",\"valueRequired\":true,\"valueName\":\"search_term_string\"}}],\"inLanguage\":\"es\"}]}<\/script>\n<!-- \/ Yoast SEO plugin. -->","yoast_head_json":{"title":"Desarrollo Local - Presentaci\u00f3n - MI Ayuntamiento de Caudete","description":"P\u00e1gina Oficial del Ayuntamiento de Caudete (Albacete)","robots":{"index":"index","follow":"follow","max-snippet":"max-snippet:-1","max-image-preview":"max-image-preview:large","max-video-preview":"max-video-preview:-1"},"canonical":"https:\/\/www.caudete.org\/ayuntamiento\/presentacion\/","og_locale":"es_ES","og_type":"article","og_title":"Desarrollo Local - Presentaci\u00f3n - MI Ayuntamiento de Caudete","og_description":"P\u00e1gina Oficial del Ayuntamiento de Caudete (Albacete)","og_url":"https:\/\/www.caudete.org\/ayuntamiento\/presentacion\/","og_site_name":"MI Ayuntamiento de Caudete","article_publisher":"https:\/\/www.facebook.com\/ayuntamientocaudete\/","article_modified_time":"2025-07-22T07:18:45+00:00","twitter_card":"summary_large_image","twitter_misc":{"Tiempo de lectura":"2 minutos"},"schema":{"@context":"https:\/\/schema.org","@graph":[{"@type":"WebPage","@id":"https:\/\/www.caudete.org\/ayuntamiento\/presentacion\/","url":"https:\/\/www.caudete.org\/ayuntamiento\/presentacion\/","name":"Desarrollo Local - Presentaci\u00f3n - MI Ayuntamiento de Caudete","isPartOf":{"@id":"https:\/\/www.caudete.org\/ayuntamiento\/#website"},"datePublished":"2020-11-30T13:18:21+00:00","dateModified":"2025-07-22T07:18:45+00:00","description":"P\u00e1gina Oficial del Ayuntamiento de Caudete (Albacete)","breadcrumb":{"@id":"https:\/\/www.caudete.org\/ayuntamiento\/presentacion\/#breadcrumb"},"inLanguage":"es","potentialAction":[{"@type":"ReadAction","target":["https:\/\/www.caudete.org\/ayuntamiento\/presentacion\/"]}]},{"@type":"BreadcrumbList","@id":"https:\/\/www.caudete.org\/ayuntamiento\/presentacion\/#breadcrumb","itemListElement":[{"@type":"ListItem","position":1,"name":"Inicio","item":"https:\/\/www.caudete.org\/ayuntamiento\/"},{"@type":"ListItem","position":2,"name":"Desarrollo Local &#8211; Presentaci\u00f3n"}]},{"@type":"WebSite","@id":"https:\/\/www.caudete.org\/ayuntamiento\/#website","url":"https:\/\/www.caudete.org\/ayuntamiento\/","name":"MI Ayuntamiento de Caudete","description":"P\u00e1gina Oficial del MI Ayuntamiento de Caudete","potentialAction":[{"@type":"SearchAction","target":{"@type":"EntryPoint","urlTemplate":"https:\/\/www.caudete.org\/ayuntamiento\/?s={search_term_string}"},"query-input":{"@type":"PropertyValueSpecification","valueRequired":true,"valueName":"search_term_string"}}],"inLanguage":"es"}]}},"_links":{"self":[{"href":"https:\/\/www.caudete.org\/ayuntamiento\/wp-json\/wp\/v2\/pages\/5873","targetHints":{"allow":["GET"]}}],"collection":[{"href":"https:\/\/www.caudete.org\/ayuntamiento\/wp-json\/wp\/v2\/pages"}],"about":[{"href":"https:\/\/www.caudete.org\/ayuntamiento\/wp-json\/wp\/v2\/types\/page"}],"author":[{"embeddable":true,"href":"https:\/\/www.caudete.org\/ayuntamiento\/wp-json\/wp\/v2\/users\/1"}],"replies":[{"embeddable":true,"href":"https:\/\/www.caudete.org\/ayuntamiento\/wp-json\/wp\/v2\/comments?post=5873"}],"version-history":[{"count":6,"href":"https:\/\/www.caudete.org\/ayuntamiento\/wp-json\/wp\/v2\/pages\/5873\/revisions"}],"predecessor-version":[{"id":29897,"href":"https:\/\/www.caudete.org\/ayuntamiento\/wp-json\/wp\/v2\/pages\/5873\/revisions\/29897"}],"wp:attachment":[{"href":"https:\/\/www.caudete.org\/ayuntamiento\/wp-json\/wp\/v2\/media?parent=5873"}],"wp:term":[{"taxonomy":"category","embeddable":true,"href":"https:\/\/www.caudete.org\/ayuntamiento\/wp-json\/wp\/v2\/categories?post=5873"},{"taxonomy":"post_tag","embeddable":true,"href":"https:\/\/www.caudete.org\/ayuntamiento\/wp-json\/wp\/v2\/tags?post=5873"}],"curies":[{"name":"wp","href":"https:\/\/api.w.org\/{rel}","templated":true}]}}