{"id":6061,"date":"2020-12-02T15:40:41","date_gmt":"2020-12-02T14:40:41","guid":{"rendered":"http:\/\/www.caudete.org\/ayuntamiento\/?page_id=6061"},"modified":"2023-05-04T12:37:25","modified_gmt":"2023-05-04T10:37:25","slug":"ptec-presentacion","status":"publish","type":"page","link":"https:\/\/www.caudete.org\/ayuntamiento\/ptec-presentacion\/","title":{"rendered":"PTEC &#8211; Presentaci\u00f3n"},"content":{"rendered":"<p style=\"text-align: center;\"><strong>Parque tecnol\u00f3gico empresarial de Caudete: una apuesta de futuro<\/strong><\/p>\n<p style=\"text-align: center;\"><img fetchpriority=\"high\" decoding=\"async\" class=\"aligncenter size-full wp-image-6065\" src=\"http:\/\/www.caudete.org\/ayuntamiento\/wp-content\/uploads\/2020\/12\/ptec-cabecera-caudete.jpg\" alt=\"\" width=\"760\" height=\"600\" srcset=\"https:\/\/www.caudete.org\/ayuntamiento\/wp-content\/uploads\/2020\/12\/ptec-cabecera-caudete.jpg 760w, https:\/\/www.caudete.org\/ayuntamiento\/wp-content\/uploads\/2020\/12\/ptec-cabecera-caudete-300x237.jpg 300w\" sizes=\"(max-width: 760px) 100vw, 760px\" \/><\/p>\n<p style=\"text-align: justify;\">El Parque Tecnol\u00f3gico Empresarial de Caudete es una realidad. Supone la mayor iniciativa para el futuro de la ciudad de toda su historia.<\/p>\n<p>El Parque Tecnol\u00f3gico se ha desarrollado en tres fases. El conjunto de la actuaci\u00f3n representa un total de dos millones de metros cuadrados brutos. La primera fase cuenta con 420.870 metros cuadrados netos. En la actualidad se est\u00e1 desarrollando la segunda fase, que supondr\u00e1 la puesta en el mercado de 545.688,06 metros cuadrados netos de suelo industrial, lo que permitir\u00e1 atender la demanda industrial y la consolidaci\u00f3n progresiva del Parque Tecnol\u00f3gico Empresarial de Caudete como una de las mayores zonas industriales de Castilla-La Mancha.<\/p>\n<p><b>Una apuesta de futuro<\/b><br \/>\nEl Parque Tecnol\u00f3gico Empresarial cuenta con unos recursos y posibilidades excelentes para las empresas que quieren crecer y que apuestan por el futuro, una excelente ubicaci\u00f3n, una urbanizaci\u00f3n de calidad y una dotaci\u00f3n de servicios extraordinaria.<\/p>\n<p>La innovaci\u00f3n tecnol\u00f3gica, la investigaci\u00f3n, el desarrollo de proyectos de vanguardia, la apuesta por el dise\u00f1o y la calidad tienen cabida en el Parque Tecnol\u00f3gico Empresarial de Caudete, que se configura como un espacio productivo diversificado que acoge empresas de sectores tan diversos como la industria agroalimentaria, el vidrio, la industria farmac\u00e9utica, log\u00edstica, mueble y energ\u00edas alternativas.<\/p>\n<p style=\"text-align: center;\"><img decoding=\"async\" class=\"aligncenter size-full wp-image-6066\" src=\"http:\/\/www.caudete.org\/ayuntamiento\/wp-content\/uploads\/2020\/12\/ptec-caudete.jpg\" alt=\"\" width=\"800\" height=\"582\" srcset=\"https:\/\/www.caudete.org\/ayuntamiento\/wp-content\/uploads\/2020\/12\/ptec-caudete.jpg 800w, https:\/\/www.caudete.org\/ayuntamiento\/wp-content\/uploads\/2020\/12\/ptec-caudete-300x218.jpg 300w, https:\/\/www.caudete.org\/ayuntamiento\/wp-content\/uploads\/2020\/12\/ptec-caudete-768x559.jpg 768w\" sizes=\"(max-width: 800px) 100vw, 800px\" \/><\/p>\n<p style=\"text-align: justify;\"><b>Modernidad e innovaci\u00f3n<\/b><br \/>\nEl Parque Tecnol\u00f3gico presenta una urbanizaci\u00f3n de calidad, con grandes avenidas y rotondas de distribuci\u00f3n del tr\u00e1fico, pensadas para la circulaci\u00f3n de veh\u00edculos de gran volumen. Cuenta adem\u00e1s con amplias zonas de aparcamiento.<\/p>\n<p>M\u00e1s de 250.000 metros cuadrados de zonas verdes con espacios ajardinados y 130.000 metros cuadrados de uso dotacional completan el Parque Tecnol\u00f3gico Empresarial, un espacio innovador, moderno e id\u00f3neo para las empresas y su desarrollo.<\/p>\n<p><b>Estrat\u00e9gicamente perfecto<\/b><br \/>\nEl Parque Tecnol\u00f3gico Empresarial de Caudete es una opci\u00f3n inmejorable para la industria en general y en especial para la implantaci\u00f3n de actividades log\u00edsticas y para aquellos sectores industriales que requieren proximidad a las v\u00edas de comunicaci\u00f3n terrestres, mar\u00edtimas (puerto de Valencia, Cartagena y Alicante) o por ferrocarril.<\/p>\n<p>Caudete est\u00e1 situado en uno de los m\u00e1s importantes nudos de comunicaciones del sureste de Espa\u00f1a, junto a dos autov\u00edas principales que unen zonas que presentan un alto grado de desarrollo econ\u00f3mico, como son las autov\u00edas Madrid-Alicante y Valencia-Murcia. A ello se une la ventaja de la posici\u00f3n geogr\u00e1fica de Caudete, que pr\u00e1cticamente equidista de cuatro capitales de provincia como son Albacete (105 km), Alicante (70 km.), Murcia (120 km) y Valencia (115 km).<\/p>\n<p>&nbsp;<\/p>\n<p style=\"text-align: center;\"><iframe src=\"\/\/www.youtube.com\/embed\/Hn7EExVvVds\" allowfullscreen=\"allowfullscreen\" width=\"560\" height=\"314\"><\/iframe><\/p>\n<p style=\"text-align: center;\"><iframe src=\"\/\/www.youtube.com\/embed\/JqSDz2GhYXU\" allowfullscreen=\"allowfullscreen\" width=\"560\" height=\"314\"><\/iframe><\/p>\n<p style=\"text-align: center;\"><iframe src=\"https:\/\/www.youtube.com\/embed\/_KiA63yVb3E\" allowfullscreen=\"allowfullscreen\" width=\"560\" height=\"315\" frameborder=\"0\"><\/iframe><\/p>\n<p style=\"text-align: center;\"><iframe src=\"https:\/\/www.youtube.com\/embed\/8NPYtWa8bxI\" allowfullscreen=\"allowfullscreen\" width=\"560\" height=\"315\" frameborder=\"0\"><\/iframe><\/p>\n<p>&nbsp;<\/p>\n","protected":false},"excerpt":{"rendered":"<p>Parque tecnol\u00f3gico empresarial de Caudete: una apuesta de futuro El Parque Tecnol\u00f3gico Empresarial de Caudete es una realidad. Supone la mayor iniciativa para el futuro de la ciudad de toda su historia. El Parque Tecnol\u00f3gico se ha desarrollado en tres fases. El conjunto de la actuaci\u00f3n representa un total de dos millones de metros cuadrados &hellip;<\/p>\n","protected":false},"author":1,"featured_media":0,"parent":0,"menu_order":0,"comment_status":"closed","ping_status":"closed","template":"","meta":{"ngg_post_thumbnail":0,"footnotes":""},"categories":[88,101],"tags":[],"class_list":["post-6061","page","type-page","status-publish","hentry","category-ptec","category-ptec-2"],"yoast_head":"<!-- This site is optimized with the Yoast SEO plugin v27.5 - https:\/\/yoast.com\/product\/yoast-seo-wordpress\/ -->\n<title>PTEC - Presentaci\u00f3n - MI Ayuntamiento de Caudete<\/title>\n<meta name=\"description\" content=\"P\u00e1gina Oficial del Ayuntamiento de Caudete (Albacete)\" \/>\n<meta name=\"robots\" content=\"index, follow, max-snippet:-1, max-image-preview:large, max-video-preview:-1\" \/>\n<link rel=\"canonical\" href=\"https:\/\/www.caudete.org\/ayuntamiento\/ptec-presentacion\/\" \/>\n<meta property=\"og:locale\" content=\"es_ES\" \/>\n<meta property=\"og:type\" content=\"article\" \/>\n<meta property=\"og:title\" content=\"PTEC - Presentaci\u00f3n - MI Ayuntamiento de Caudete\" \/>\n<meta property=\"og:description\" content=\"P\u00e1gina Oficial del Ayuntamiento de Caudete (Albacete)\" \/>\n<meta property=\"og:url\" content=\"https:\/\/www.caudete.org\/ayuntamiento\/ptec-presentacion\/\" \/>\n<meta property=\"og:site_name\" content=\"MI Ayuntamiento de Caudete\" \/>\n<meta property=\"article:publisher\" content=\"https:\/\/www.facebook.com\/ayuntamientocaudete\/\" \/>\n<meta property=\"article:modified_time\" content=\"2023-05-04T10:37:25+00:00\" \/>\n<meta property=\"og:image\" content=\"http:\/\/www.caudete.org\/ayuntamiento\/wp-content\/uploads\/2020\/12\/ptec-cabecera-caudete.jpg\" \/>\n<meta name=\"twitter:card\" content=\"summary_large_image\" \/>\n<meta name=\"twitter:label1\" content=\"Tiempo de lectura\" \/>\n\t<meta name=\"twitter:data1\" content=\"3 minutos\" \/>\n<script type=\"application\/ld+json\" class=\"yoast-schema-graph\">{\"@context\":\"https:\\\/\\\/schema.org\",\"@graph\":[{\"@type\":\"WebPage\",\"@id\":\"https:\\\/\\\/www.caudete.org\\\/ayuntamiento\\\/ptec-presentacion\\\/\",\"url\":\"https:\\\/\\\/www.caudete.org\\\/ayuntamiento\\\/ptec-presentacion\\\/\",\"name\":\"PTEC - Presentaci\u00f3n - MI Ayuntamiento de Caudete\",\"isPartOf\":{\"@id\":\"https:\\\/\\\/www.caudete.org\\\/ayuntamiento\\\/#website\"},\"primaryImageOfPage\":{\"@id\":\"https:\\\/\\\/www.caudete.org\\\/ayuntamiento\\\/ptec-presentacion\\\/#primaryimage\"},\"image\":{\"@id\":\"https:\\\/\\\/www.caudete.org\\\/ayuntamiento\\\/ptec-presentacion\\\/#primaryimage\"},\"thumbnailUrl\":\"http:\\\/\\\/www.caudete.org\\\/ayuntamiento\\\/wp-content\\\/uploads\\\/2020\\\/12\\\/ptec-cabecera-caudete.jpg\",\"datePublished\":\"2020-12-02T14:40:41+00:00\",\"dateModified\":\"2023-05-04T10:37:25+00:00\",\"description\":\"P\u00e1gina Oficial del Ayuntamiento de Caudete (Albacete)\",\"breadcrumb\":{\"@id\":\"https:\\\/\\\/www.caudete.org\\\/ayuntamiento\\\/ptec-presentacion\\\/#breadcrumb\"},\"inLanguage\":\"es\",\"potentialAction\":[{\"@type\":\"ReadAction\",\"target\":[\"https:\\\/\\\/www.caudete.org\\\/ayuntamiento\\\/ptec-presentacion\\\/\"]}]},{\"@type\":\"ImageObject\",\"inLanguage\":\"es\",\"@id\":\"https:\\\/\\\/www.caudete.org\\\/ayuntamiento\\\/ptec-presentacion\\\/#primaryimage\",\"url\":\"https:\\\/\\\/www.caudete.org\\\/ayuntamiento\\\/wp-content\\\/uploads\\\/2020\\\/12\\\/ptec-cabecera-caudete.jpg\",\"contentUrl\":\"https:\\\/\\\/www.caudete.org\\\/ayuntamiento\\\/wp-content\\\/uploads\\\/2020\\\/12\\\/ptec-cabecera-caudete.jpg\",\"width\":760,\"height\":600},{\"@type\":\"BreadcrumbList\",\"@id\":\"https:\\\/\\\/www.caudete.org\\\/ayuntamiento\\\/ptec-presentacion\\\/#breadcrumb\",\"itemListElement\":[{\"@type\":\"ListItem\",\"position\":1,\"name\":\"Inicio\",\"item\":\"https:\\\/\\\/www.caudete.org\\\/ayuntamiento\\\/\"},{\"@type\":\"ListItem\",\"position\":2,\"name\":\"PTEC &#8211; Presentaci\u00f3n\"}]},{\"@type\":\"WebSite\",\"@id\":\"https:\\\/\\\/www.caudete.org\\\/ayuntamiento\\\/#website\",\"url\":\"https:\\\/\\\/www.caudete.org\\\/ayuntamiento\\\/\",\"name\":\"MI Ayuntamiento de Caudete\",\"description\":\"P\u00e1gina Oficial del MI Ayuntamiento de Caudete\",\"potentialAction\":[{\"@type\":\"SearchAction\",\"target\":{\"@type\":\"EntryPoint\",\"urlTemplate\":\"https:\\\/\\\/www.caudete.org\\\/ayuntamiento\\\/?s={search_term_string}\"},\"query-input\":{\"@type\":\"PropertyValueSpecification\",\"valueRequired\":true,\"valueName\":\"search_term_string\"}}],\"inLanguage\":\"es\"}]}<\/script>\n<!-- \/ Yoast SEO plugin. -->","yoast_head_json":{"title":"PTEC - Presentaci\u00f3n - MI Ayuntamiento de Caudete","description":"P\u00e1gina Oficial del Ayuntamiento de Caudete (Albacete)","robots":{"index":"index","follow":"follow","max-snippet":"max-snippet:-1","max-image-preview":"max-image-preview:large","max-video-preview":"max-video-preview:-1"},"canonical":"https:\/\/www.caudete.org\/ayuntamiento\/ptec-presentacion\/","og_locale":"es_ES","og_type":"article","og_title":"PTEC - Presentaci\u00f3n - MI Ayuntamiento de Caudete","og_description":"P\u00e1gina Oficial del Ayuntamiento de Caudete (Albacete)","og_url":"https:\/\/www.caudete.org\/ayuntamiento\/ptec-presentacion\/","og_site_name":"MI Ayuntamiento de Caudete","article_publisher":"https:\/\/www.facebook.com\/ayuntamientocaudete\/","article_modified_time":"2023-05-04T10:37:25+00:00","og_image":[{"url":"http:\/\/www.caudete.org\/ayuntamiento\/wp-content\/uploads\/2020\/12\/ptec-cabecera-caudete.jpg","type":"","width":"","height":""}],"twitter_card":"summary_large_image","twitter_misc":{"Tiempo de lectura":"3 minutos"},"schema":{"@context":"https:\/\/schema.org","@graph":[{"@type":"WebPage","@id":"https:\/\/www.caudete.org\/ayuntamiento\/ptec-presentacion\/","url":"https:\/\/www.caudete.org\/ayuntamiento\/ptec-presentacion\/","name":"PTEC - Presentaci\u00f3n - MI Ayuntamiento de Caudete","isPartOf":{"@id":"https:\/\/www.caudete.org\/ayuntamiento\/#website"},"primaryImageOfPage":{"@id":"https:\/\/www.caudete.org\/ayuntamiento\/ptec-presentacion\/#primaryimage"},"image":{"@id":"https:\/\/www.caudete.org\/ayuntamiento\/ptec-presentacion\/#primaryimage"},"thumbnailUrl":"http:\/\/www.caudete.org\/ayuntamiento\/wp-content\/uploads\/2020\/12\/ptec-cabecera-caudete.jpg","datePublished":"2020-12-02T14:40:41+00:00","dateModified":"2023-05-04T10:37:25+00:00","description":"P\u00e1gina Oficial del Ayuntamiento de Caudete (Albacete)","breadcrumb":{"@id":"https:\/\/www.caudete.org\/ayuntamiento\/ptec-presentacion\/#breadcrumb"},"inLanguage":"es","potentialAction":[{"@type":"ReadAction","target":["https:\/\/www.caudete.org\/ayuntamiento\/ptec-presentacion\/"]}]},{"@type":"ImageObject","inLanguage":"es","@id":"https:\/\/www.caudete.org\/ayuntamiento\/ptec-presentacion\/#primaryimage","url":"https:\/\/www.caudete.org\/ayuntamiento\/wp-content\/uploads\/2020\/12\/ptec-cabecera-caudete.jpg","contentUrl":"https:\/\/www.caudete.org\/ayuntamiento\/wp-content\/uploads\/2020\/12\/ptec-cabecera-caudete.jpg","width":760,"height":600},{"@type":"BreadcrumbList","@id":"https:\/\/www.caudete.org\/ayuntamiento\/ptec-presentacion\/#breadcrumb","itemListElement":[{"@type":"ListItem","position":1,"name":"Inicio","item":"https:\/\/www.caudete.org\/ayuntamiento\/"},{"@type":"ListItem","position":2,"name":"PTEC &#8211; Presentaci\u00f3n"}]},{"@type":"WebSite","@id":"https:\/\/www.caudete.org\/ayuntamiento\/#website","url":"https:\/\/www.caudete.org\/ayuntamiento\/","name":"MI Ayuntamiento de Caudete","description":"P\u00e1gina Oficial del MI Ayuntamiento de Caudete","potentialAction":[{"@type":"SearchAction","target":{"@type":"EntryPoint","urlTemplate":"https:\/\/www.caudete.org\/ayuntamiento\/?s={search_term_string}"},"query-input":{"@type":"PropertyValueSpecification","valueRequired":true,"valueName":"search_term_string"}}],"inLanguage":"es"}]}},"_links":{"self":[{"href":"https:\/\/www.caudete.org\/ayuntamiento\/wp-json\/wp\/v2\/pages\/6061","targetHints":{"allow":["GET"]}}],"collection":[{"href":"https:\/\/www.caudete.org\/ayuntamiento\/wp-json\/wp\/v2\/pages"}],"about":[{"href":"https:\/\/www.caudete.org\/ayuntamiento\/wp-json\/wp\/v2\/types\/page"}],"author":[{"embeddable":true,"href":"https:\/\/www.caudete.org\/ayuntamiento\/wp-json\/wp\/v2\/users\/1"}],"replies":[{"embeddable":true,"href":"https:\/\/www.caudete.org\/ayuntamiento\/wp-json\/wp\/v2\/comments?post=6061"}],"version-history":[{"count":13,"href":"https:\/\/www.caudete.org\/ayuntamiento\/wp-json\/wp\/v2\/pages\/6061\/revisions"}],"predecessor-version":[{"id":22115,"href":"https:\/\/www.caudete.org\/ayuntamiento\/wp-json\/wp\/v2\/pages\/6061\/revisions\/22115"}],"wp:attachment":[{"href":"https:\/\/www.caudete.org\/ayuntamiento\/wp-json\/wp\/v2\/media?parent=6061"}],"wp:term":[{"taxonomy":"category","embeddable":true,"href":"https:\/\/www.caudete.org\/ayuntamiento\/wp-json\/wp\/v2\/categories?post=6061"},{"taxonomy":"post_tag","embeddable":true,"href":"https:\/\/www.caudete.org\/ayuntamiento\/wp-json\/wp\/v2\/tags?post=6061"}],"curies":[{"name":"wp","href":"https:\/\/api.w.org\/{rel}","templated":true}]}}