{"id":6072,"date":"2020-12-02T16:08:03","date_gmt":"2020-12-02T15:08:03","guid":{"rendered":"http:\/\/www.caudete.org\/ayuntamiento\/?page_id=6072"},"modified":"2020-12-05T13:54:14","modified_gmt":"2020-12-05T12:54:14","slug":"ptec-datos-tecnicos","status":"publish","type":"page","link":"https:\/\/www.caudete.org\/ayuntamiento\/ptec-datos-tecnicos\/","title":{"rendered":"PTEC &#8211; Datos t\u00e9cnicos"},"content":{"rendered":"<p style=\"text-align: center;\"><strong>El parque tecnol\u00f3gico empresarial en cifras<\/strong><\/p>\n<p style=\"text-align: center;\"><big>DATOS T\u00c9CNICOS DE LA UNIDAD DE ACTUACI\u00d3N 1<\/big><\/p>\n<table border=\"0\" cellspacing=\"0\" cellpadding=\"0\">\n<tbody>\n<tr>\n<td>&nbsp;<\/td>\n<td>PRESUPUESTO DE LICITACI\u00d3N<\/td>\n<td>10.391.140,75 Euros<\/td>\n<td>&nbsp;<\/td>\n<\/tr>\n<tr>\n<td>&nbsp;<\/td>\n<td>SUPERFICIE DE ACTUACI\u00d3N<\/td>\n<td>674.653,97 M<sup>2<\/sup><\/td>\n<td>&nbsp;<\/td>\n<\/tr>\n<tr>\n<td>&nbsp;<\/td>\n<td>M<sup>3<\/sup>DE TERRAPLEN<\/td>\n<td>595.165 M<sup>3<\/sup><\/td>\n<td>&nbsp;<\/td>\n<\/tr>\n<tr>\n<td>&nbsp;<\/td>\n<td>M<sup>3<\/sup>DE DESMONTE<\/td>\n<td>614.628 M<sup>3<\/sup><\/td>\n<td>&nbsp;<\/td>\n<\/tr>\n<tr>\n<td>&nbsp;<\/td>\n<td>M<sup>2<\/sup>DE ZONAS AJARDINADAS<\/td>\n<td>112.952 M<sup>2<\/sup><\/td>\n<td>&nbsp;<\/td>\n<\/tr>\n<tr>\n<td>&nbsp;<\/td>\n<td>M<sup>2<\/sup>DE SUELO DE USO INDUSTRIAL<\/td>\n<td>420.870,31 M<sup>2<\/sup><\/td>\n<td>&nbsp;<\/td>\n<\/tr>\n<tr>\n<td>&nbsp;<\/td>\n<td>M<sup>2<\/sup>DE SUELO DE USO DOTACIONAL<\/td>\n<td>55.894,12 M<sup>2<\/sup><\/td>\n<\/tr>\n<\/tbody>\n<\/table>\n<p style=\"text-align: center;\"><big>DOTACI\u00d3N DE SERVICIOS<\/big><\/p>\n<table style=\"width: 94.0241%;\" border=\"0\" cellspacing=\"0\" cellpadding=\"0\">\n<tbody>\n<tr>\n<td style=\"width: 0.49505%;\">&nbsp;<\/td>\n<td style=\"width: 79.2079%;\">LONGITUD DE VIALES<\/td>\n<td style=\"width: 19.3069%;\">4.800 ML<\/td>\n<td style=\"width: 92.5743%;\">&nbsp;<\/td>\n<\/tr>\n<tr>\n<td style=\"width: 0.49505%;\">&nbsp;<\/td>\n<td style=\"width: 79.2079%;\">SUPERFICIE DE ACERAS<\/td>\n<td style=\"width: 19.3069%;\">16.692 ML<\/td>\n<td style=\"width: 92.5743%;\">&nbsp;<\/td>\n<\/tr>\n<tr>\n<td style=\"width: 0.49505%;\">&nbsp;<\/td>\n<td style=\"width: 79.2079%;\">COLECTORES DE PLUVIALES<\/td>\n<td style=\"width: 19.3069%;\">4.400 ML<\/td>\n<td style=\"width: 92.5743%;\">&nbsp;<\/td>\n<\/tr>\n<tr>\n<td style=\"width: 0.49505%;\">&nbsp;<\/td>\n<td style=\"width: 79.2079%;\">COLECTORES DE RESIDUALES<\/td>\n<td style=\"width: 19.3069%;\">3.700 ML<\/td>\n<td style=\"width: 92.5743%;\">&nbsp;<\/td>\n<\/tr>\n<tr>\n<td style=\"width: 0.49505%;\">&nbsp;<\/td>\n<td style=\"width: 79.2079%;\">CONDUCCI\u00d3N DE AGUA POTABLE<\/td>\n<td style=\"width: 19.3069%;\">9.500 ML<\/td>\n<td style=\"width: 92.5743%;\">&nbsp;<\/td>\n<\/tr>\n<tr>\n<td style=\"width: 0.49505%;\">&nbsp;<\/td>\n<td style=\"width: 79.2079%;\">CANALIZACIONES DE BAJA TENSI\u00d3N<\/td>\n<td style=\"width: 19.3069%;\">2.298 ML<\/td>\n<td style=\"width: 92.5743%;\">&nbsp;<\/td>\n<\/tr>\n<tr>\n<td style=\"width: 0.49505%;\">&nbsp;<\/td>\n<td style=\"width: 79.2079%;\">DESVIOS DE L\u00cdNEAS DE MEDIA TENSI\u00d3N<\/td>\n<td style=\"width: 19.3069%;\">6.796 ML<\/td>\n<td style=\"width: 92.5743%;\">&nbsp;<\/td>\n<\/tr>\n<tr>\n<td style=\"width: 0.49505%;\">&nbsp;<\/td>\n<td style=\"width: 79.2079%;\">CANALIZACIONES DE TELEFON\u00cdA<\/td>\n<td style=\"width: 19.3069%;\">10.160 ML<\/td>\n<td style=\"width: 92.5743%;\">&nbsp;<\/td>\n<\/tr>\n<tr>\n<td style=\"width: 0.49505%;\">&nbsp;<\/td>\n<td style=\"width: 79.2079%;\">CANALIZACIONES PARA EL ALUMBRADO<\/td>\n<td style=\"width: 19.3069%;\">19.044 ML<\/td>\n<td style=\"width: 92.5743%;\">&nbsp;<\/td>\n<\/tr>\n<\/tbody>\n<\/table>\n<p style=\"text-align: center;\"><big>ZONAS VERDES<\/big><\/p>\n<p>&nbsp;<\/p>\n<table style=\"width: 54.9271%;\" border=\"0\" cellspacing=\"0\" cellpadding=\"0\">\n<tbody>\n<tr>\n<td style=\"width: 29.54%; text-align: center;\">&nbsp;<\/td>\n<td style=\"width: 51.0896%;\">ZONAS VERDES<\/td>\n<td style=\"width: 18.1598%;\">112.952 M<sup>2<\/sup><\/td>\n<\/tr>\n<tr>\n<td style=\"width: 29.54%;\">&nbsp;<\/td>\n<td style=\"width: 51.0896%;\">CONDUCCIONES DE RIEGO<\/td>\n<td style=\"width: 18.1598%;\">5.013 ML<\/td>\n<td style=\"width: 10.9721%;\">&nbsp;<\/td>\n<\/tr>\n<tr>\n<td style=\"width: 29.54%;\">&nbsp;<\/td>\n<td style=\"width: 51.0896%;\">TELA DE RAFIA<\/td>\n<td style=\"width: 18.1598%;\">13.216 ML<\/td>\n<td style=\"width: 10.9721%;\">&nbsp;<\/td>\n<\/tr>\n<tr>\n<td style=\"width: 29.54%;\">&nbsp;<\/td>\n<td style=\"width: 51.0896%;\">UNIDADES ARB\u00d3REAS<\/td>\n<td style=\"width: 18.1598%;\">450 UD<\/td>\n<td style=\"width: 10.9721%;\">&nbsp;<\/td>\n<\/tr>\n<tr>\n<td style=\"width: 29.54%;\">&nbsp;<\/td>\n<td style=\"width: 51.0896%;\">UNIDADES ARBUSTIVAS<\/td>\n<td style=\"width: 18.1598%;\">1.200 UD<\/td>\n<td style=\"width: 10.9721%;\">&nbsp;<\/td>\n<\/tr>\n<tr>\n<td style=\"width: 29.54%;\">&nbsp;<\/td>\n<td style=\"width: 51.0896%;\">AROM\u00c1TICAS<\/td>\n<td style=\"width: 18.1598%;\">1.000 UD<\/td>\n<td style=\"width: 10.9721%;\">&nbsp;<\/td>\n<\/tr>\n<\/tbody>\n<\/table>\n<div id=\"adjuntos\">\n<h5>&nbsp;<\/h5>\n<p><a href=\"http:\/\/caudete.org\/ayuntamiento\/eniusimg\/enius146\/2008\/06\/adjuntos_fichero_60498_1adb1503acca0075.pdf\" class=\"mtli_attachment mtli_pdf\" target=\"_blank\" rel=\"noopener noreferrer nofollow\">Normas Urban\u00edsticas<\/a><\/p>\n<\/div>\n<h5>&nbsp;<\/h5>\n<p>&nbsp;<\/p>\n<p>&nbsp;<\/p>\n","protected":false},"excerpt":{"rendered":"<p>El parque tecnol\u00f3gico empresarial en cifras DATOS T\u00c9CNICOS DE LA UNIDAD DE ACTUACI\u00d3N 1 &nbsp; PRESUPUESTO DE LICITACI\u00d3N 10.391.140,75 Euros &nbsp; &nbsp; SUPERFICIE DE ACTUACI\u00d3N 674.653,97 M2 &nbsp; &nbsp; M3DE TERRAPLEN 595.165 M3 &nbsp; &nbsp; M3DE DESMONTE 614.628 M3 &nbsp; &nbsp; M2DE ZONAS AJARDINADAS 112.952 M2 &nbsp; &nbsp; M2DE SUELO DE USO INDUSTRIAL 420.870,31 M2 &hellip;<\/p>\n","protected":false},"author":1,"featured_media":0,"parent":0,"menu_order":0,"comment_status":"closed","ping_status":"closed","template":"","meta":{"ngg_post_thumbnail":0,"footnotes":""},"categories":[88,101],"tags":[],"class_list":["post-6072","page","type-page","status-publish","hentry","category-ptec","category-ptec-2"],"yoast_head":"<!-- This site is optimized with the Yoast SEO plugin v27.5 - https:\/\/yoast.com\/product\/yoast-seo-wordpress\/ -->\n<title>PTEC - Datos t\u00e9cnicos - MI Ayuntamiento de Caudete<\/title>\n<meta name=\"description\" content=\"P\u00e1gina Oficial del Ayuntamiento de Caudete (Albacete)\" \/>\n<meta name=\"robots\" content=\"index, follow, max-snippet:-1, max-image-preview:large, max-video-preview:-1\" \/>\n<link rel=\"canonical\" href=\"https:\/\/www.caudete.org\/ayuntamiento\/ptec-datos-tecnicos\/\" \/>\n<meta property=\"og:locale\" content=\"es_ES\" \/>\n<meta property=\"og:type\" content=\"article\" \/>\n<meta property=\"og:title\" content=\"PTEC - Datos t\u00e9cnicos - MI Ayuntamiento de Caudete\" \/>\n<meta property=\"og:description\" content=\"P\u00e1gina Oficial del Ayuntamiento de Caudete (Albacete)\" \/>\n<meta property=\"og:url\" content=\"https:\/\/www.caudete.org\/ayuntamiento\/ptec-datos-tecnicos\/\" \/>\n<meta property=\"og:site_name\" content=\"MI Ayuntamiento de Caudete\" \/>\n<meta property=\"article:publisher\" content=\"https:\/\/www.facebook.com\/ayuntamientocaudete\/\" \/>\n<meta property=\"article:modified_time\" content=\"2020-12-05T12:54:14+00:00\" \/>\n<meta name=\"twitter:card\" content=\"summary_large_image\" \/>\n<meta name=\"twitter:label1\" content=\"Tiempo de lectura\" \/>\n\t<meta name=\"twitter:data1\" content=\"1 minuto\" \/>\n<script type=\"application\/ld+json\" class=\"yoast-schema-graph\">{\"@context\":\"https:\\\/\\\/schema.org\",\"@graph\":[{\"@type\":\"WebPage\",\"@id\":\"https:\\\/\\\/www.caudete.org\\\/ayuntamiento\\\/ptec-datos-tecnicos\\\/\",\"url\":\"https:\\\/\\\/www.caudete.org\\\/ayuntamiento\\\/ptec-datos-tecnicos\\\/\",\"name\":\"PTEC - Datos t\u00e9cnicos - MI Ayuntamiento de Caudete\",\"isPartOf\":{\"@id\":\"https:\\\/\\\/www.caudete.org\\\/ayuntamiento\\\/#website\"},\"datePublished\":\"2020-12-02T15:08:03+00:00\",\"dateModified\":\"2020-12-05T12:54:14+00:00\",\"description\":\"P\u00e1gina Oficial del Ayuntamiento de Caudete (Albacete)\",\"breadcrumb\":{\"@id\":\"https:\\\/\\\/www.caudete.org\\\/ayuntamiento\\\/ptec-datos-tecnicos\\\/#breadcrumb\"},\"inLanguage\":\"es\",\"potentialAction\":[{\"@type\":\"ReadAction\",\"target\":[\"https:\\\/\\\/www.caudete.org\\\/ayuntamiento\\\/ptec-datos-tecnicos\\\/\"]}]},{\"@type\":\"BreadcrumbList\",\"@id\":\"https:\\\/\\\/www.caudete.org\\\/ayuntamiento\\\/ptec-datos-tecnicos\\\/#breadcrumb\",\"itemListElement\":[{\"@type\":\"ListItem\",\"position\":1,\"name\":\"Inicio\",\"item\":\"https:\\\/\\\/www.caudete.org\\\/ayuntamiento\\\/\"},{\"@type\":\"ListItem\",\"position\":2,\"name\":\"PTEC &#8211; Datos t\u00e9cnicos\"}]},{\"@type\":\"WebSite\",\"@id\":\"https:\\\/\\\/www.caudete.org\\\/ayuntamiento\\\/#website\",\"url\":\"https:\\\/\\\/www.caudete.org\\\/ayuntamiento\\\/\",\"name\":\"MI Ayuntamiento de Caudete\",\"description\":\"P\u00e1gina Oficial del MI Ayuntamiento de Caudete\",\"potentialAction\":[{\"@type\":\"SearchAction\",\"target\":{\"@type\":\"EntryPoint\",\"urlTemplate\":\"https:\\\/\\\/www.caudete.org\\\/ayuntamiento\\\/?s={search_term_string}\"},\"query-input\":{\"@type\":\"PropertyValueSpecification\",\"valueRequired\":true,\"valueName\":\"search_term_string\"}}],\"inLanguage\":\"es\"}]}<\/script>\n<!-- \/ Yoast SEO plugin. -->","yoast_head_json":{"title":"PTEC - Datos t\u00e9cnicos - MI Ayuntamiento de Caudete","description":"P\u00e1gina Oficial del Ayuntamiento de Caudete (Albacete)","robots":{"index":"index","follow":"follow","max-snippet":"max-snippet:-1","max-image-preview":"max-image-preview:large","max-video-preview":"max-video-preview:-1"},"canonical":"https:\/\/www.caudete.org\/ayuntamiento\/ptec-datos-tecnicos\/","og_locale":"es_ES","og_type":"article","og_title":"PTEC - Datos t\u00e9cnicos - MI Ayuntamiento de Caudete","og_description":"P\u00e1gina Oficial del Ayuntamiento de Caudete (Albacete)","og_url":"https:\/\/www.caudete.org\/ayuntamiento\/ptec-datos-tecnicos\/","og_site_name":"MI Ayuntamiento de Caudete","article_publisher":"https:\/\/www.facebook.com\/ayuntamientocaudete\/","article_modified_time":"2020-12-05T12:54:14+00:00","twitter_card":"summary_large_image","twitter_misc":{"Tiempo de lectura":"1 minuto"},"schema":{"@context":"https:\/\/schema.org","@graph":[{"@type":"WebPage","@id":"https:\/\/www.caudete.org\/ayuntamiento\/ptec-datos-tecnicos\/","url":"https:\/\/www.caudete.org\/ayuntamiento\/ptec-datos-tecnicos\/","name":"PTEC - Datos t\u00e9cnicos - MI Ayuntamiento de Caudete","isPartOf":{"@id":"https:\/\/www.caudete.org\/ayuntamiento\/#website"},"datePublished":"2020-12-02T15:08:03+00:00","dateModified":"2020-12-05T12:54:14+00:00","description":"P\u00e1gina Oficial del Ayuntamiento de Caudete (Albacete)","breadcrumb":{"@id":"https:\/\/www.caudete.org\/ayuntamiento\/ptec-datos-tecnicos\/#breadcrumb"},"inLanguage":"es","potentialAction":[{"@type":"ReadAction","target":["https:\/\/www.caudete.org\/ayuntamiento\/ptec-datos-tecnicos\/"]}]},{"@type":"BreadcrumbList","@id":"https:\/\/www.caudete.org\/ayuntamiento\/ptec-datos-tecnicos\/#breadcrumb","itemListElement":[{"@type":"ListItem","position":1,"name":"Inicio","item":"https:\/\/www.caudete.org\/ayuntamiento\/"},{"@type":"ListItem","position":2,"name":"PTEC &#8211; Datos t\u00e9cnicos"}]},{"@type":"WebSite","@id":"https:\/\/www.caudete.org\/ayuntamiento\/#website","url":"https:\/\/www.caudete.org\/ayuntamiento\/","name":"MI Ayuntamiento de Caudete","description":"P\u00e1gina Oficial del MI Ayuntamiento de Caudete","potentialAction":[{"@type":"SearchAction","target":{"@type":"EntryPoint","urlTemplate":"https:\/\/www.caudete.org\/ayuntamiento\/?s={search_term_string}"},"query-input":{"@type":"PropertyValueSpecification","valueRequired":true,"valueName":"search_term_string"}}],"inLanguage":"es"}]}},"_links":{"self":[{"href":"https:\/\/www.caudete.org\/ayuntamiento\/wp-json\/wp\/v2\/pages\/6072","targetHints":{"allow":["GET"]}}],"collection":[{"href":"https:\/\/www.caudete.org\/ayuntamiento\/wp-json\/wp\/v2\/pages"}],"about":[{"href":"https:\/\/www.caudete.org\/ayuntamiento\/wp-json\/wp\/v2\/types\/page"}],"author":[{"embeddable":true,"href":"https:\/\/www.caudete.org\/ayuntamiento\/wp-json\/wp\/v2\/users\/1"}],"replies":[{"embeddable":true,"href":"https:\/\/www.caudete.org\/ayuntamiento\/wp-json\/wp\/v2\/comments?post=6072"}],"version-history":[{"count":15,"href":"https:\/\/www.caudete.org\/ayuntamiento\/wp-json\/wp\/v2\/pages\/6072\/revisions"}],"predecessor-version":[{"id":6172,"href":"https:\/\/www.caudete.org\/ayuntamiento\/wp-json\/wp\/v2\/pages\/6072\/revisions\/6172"}],"wp:attachment":[{"href":"https:\/\/www.caudete.org\/ayuntamiento\/wp-json\/wp\/v2\/media?parent=6072"}],"wp:term":[{"taxonomy":"category","embeddable":true,"href":"https:\/\/www.caudete.org\/ayuntamiento\/wp-json\/wp\/v2\/categories?post=6072"},{"taxonomy":"post_tag","embeddable":true,"href":"https:\/\/www.caudete.org\/ayuntamiento\/wp-json\/wp\/v2\/tags?post=6072"}],"curies":[{"name":"wp","href":"https:\/\/api.w.org\/{rel}","templated":true}]}}