{"id":6085,"date":"2020-12-02T16:34:24","date_gmt":"2020-12-02T15:34:24","guid":{"rendered":"http:\/\/www.caudete.org\/ayuntamiento\/?page_id=6085"},"modified":"2020-12-05T13:54:14","modified_gmt":"2020-12-05T12:54:14","slug":"ptec-localizacion","status":"publish","type":"page","link":"https:\/\/www.caudete.org\/ayuntamiento\/ptec-localizacion\/","title":{"rendered":"PTEC &#8211; Localizaci\u00f3n"},"content":{"rendered":"<p style=\"text-align: center;\"><strong>GEOGRAFICAMENTE PERFECTO<\/strong><\/p>\n<hr>\n<p style=\"text-align: center;\"><img fetchpriority=\"high\" decoding=\"async\" class=\"aligncenter size-full wp-image-6086\" src=\"http:\/\/www.caudete.org\/ayuntamiento\/wp-content\/uploads\/2020\/12\/ptec-localizacion-caudete.jpg\" alt=\"\" width=\"555\" height=\"331\" srcset=\"https:\/\/www.caudete.org\/ayuntamiento\/wp-content\/uploads\/2020\/12\/ptec-localizacion-caudete.jpg 555w, https:\/\/www.caudete.org\/ayuntamiento\/wp-content\/uploads\/2020\/12\/ptec-localizacion-caudete-300x179.jpg 300w\" sizes=\"(max-width: 555px) 100vw, 555px\" \/><\/p>\n<p><b>DISTANCIAS PRINCIPALES CIUDADES<\/b><\/p>\n<p>Caudete est\u00e1 situada en el punto de confluencia de cuatro: Albacete, Alicante, Valencia y Murcia, como nexo de uni\u00f3n de Levante con Castilla-La Mancha, y Madrid y pr\u00f3ximo a capitales de provincias de gran desarrollo en los \u00faltimos a\u00f1os.<big><big><\/big><\/big><\/p>\n<ul>\n<li>Alicante 70 km<\/li>\n<li>Albacete 105 km<\/li>\n<li>Valencia 115 km<\/li>\n<li>Murcia 120 km<\/li>\n<\/ul>\n<p><b>INFRAESTRUCTURAS<\/b><\/p>\n<p>Las infraestructuras de comunicaciones favorecen la demanda de suelo en nuestro municipio: la Autov\u00eda Madrid-Alicante, la proyectada autov\u00eda Valencia-Murcia, la red de ferrocarril, el futuro trazado del Ave, la pr\u00f3ximidad de aeropuertos (Alicante, Valencia y Albacete) y puertos (Alicante y Valencia), hacen de Caudete un municipio estrat\u00e9gicamente perfecto.<\/p>\n","protected":false},"excerpt":{"rendered":"<p>GEOGRAFICAMENTE PERFECTO DISTANCIAS PRINCIPALES CIUDADES Caudete est\u00e1 situada en el punto de confluencia de cuatro: Albacete, Alicante, Valencia y Murcia, como nexo de uni\u00f3n de Levante con Castilla-La Mancha, y Madrid y pr\u00f3ximo a capitales de provincias de gran desarrollo en los \u00faltimos a\u00f1os. Alicante 70 km Albacete 105 km Valencia 115 km Murcia 120 &hellip;<\/p>\n","protected":false},"author":1,"featured_media":0,"parent":0,"menu_order":0,"comment_status":"closed","ping_status":"closed","template":"","meta":{"ngg_post_thumbnail":0,"footnotes":""},"categories":[88,101],"tags":[],"class_list":["post-6085","page","type-page","status-publish","hentry","category-ptec","category-ptec-2"],"yoast_head":"<!-- This site is optimized with the Yoast SEO plugin v27.5 - https:\/\/yoast.com\/product\/yoast-seo-wordpress\/ -->\n<title>PTEC - Localizaci\u00f3n - MI Ayuntamiento de Caudete<\/title>\n<meta name=\"description\" content=\"P\u00e1gina Oficial del Ayuntamiento de Caudete (Albacete)\" \/>\n<meta name=\"robots\" content=\"index, follow, max-snippet:-1, max-image-preview:large, max-video-preview:-1\" \/>\n<link rel=\"canonical\" href=\"https:\/\/www.caudete.org\/ayuntamiento\/ptec-localizacion\/\" \/>\n<meta property=\"og:locale\" content=\"es_ES\" \/>\n<meta property=\"og:type\" content=\"article\" \/>\n<meta property=\"og:title\" content=\"PTEC - Localizaci\u00f3n - MI Ayuntamiento de Caudete\" \/>\n<meta property=\"og:description\" content=\"P\u00e1gina Oficial del Ayuntamiento de Caudete (Albacete)\" \/>\n<meta property=\"og:url\" content=\"https:\/\/www.caudete.org\/ayuntamiento\/ptec-localizacion\/\" \/>\n<meta property=\"og:site_name\" content=\"MI Ayuntamiento de Caudete\" \/>\n<meta property=\"article:publisher\" content=\"https:\/\/www.facebook.com\/ayuntamientocaudete\/\" \/>\n<meta property=\"article:modified_time\" content=\"2020-12-05T12:54:14+00:00\" \/>\n<meta property=\"og:image\" content=\"http:\/\/www.caudete.org\/ayuntamiento\/wp-content\/uploads\/2020\/12\/ptec-localizacion-caudete.jpg\" \/>\n<meta name=\"twitter:card\" content=\"summary_large_image\" \/>\n<meta name=\"twitter:label1\" content=\"Tiempo de lectura\" \/>\n\t<meta name=\"twitter:data1\" content=\"1 minuto\" \/>\n<script type=\"application\/ld+json\" class=\"yoast-schema-graph\">{\"@context\":\"https:\\\/\\\/schema.org\",\"@graph\":[{\"@type\":\"WebPage\",\"@id\":\"https:\\\/\\\/www.caudete.org\\\/ayuntamiento\\\/ptec-localizacion\\\/\",\"url\":\"https:\\\/\\\/www.caudete.org\\\/ayuntamiento\\\/ptec-localizacion\\\/\",\"name\":\"PTEC - Localizaci\u00f3n - MI Ayuntamiento de Caudete\",\"isPartOf\":{\"@id\":\"https:\\\/\\\/www.caudete.org\\\/ayuntamiento\\\/#website\"},\"primaryImageOfPage\":{\"@id\":\"https:\\\/\\\/www.caudete.org\\\/ayuntamiento\\\/ptec-localizacion\\\/#primaryimage\"},\"image\":{\"@id\":\"https:\\\/\\\/www.caudete.org\\\/ayuntamiento\\\/ptec-localizacion\\\/#primaryimage\"},\"thumbnailUrl\":\"http:\\\/\\\/www.caudete.org\\\/ayuntamiento\\\/wp-content\\\/uploads\\\/2020\\\/12\\\/ptec-localizacion-caudete.jpg\",\"datePublished\":\"2020-12-02T15:34:24+00:00\",\"dateModified\":\"2020-12-05T12:54:14+00:00\",\"description\":\"P\u00e1gina Oficial del Ayuntamiento de Caudete (Albacete)\",\"breadcrumb\":{\"@id\":\"https:\\\/\\\/www.caudete.org\\\/ayuntamiento\\\/ptec-localizacion\\\/#breadcrumb\"},\"inLanguage\":\"es\",\"potentialAction\":[{\"@type\":\"ReadAction\",\"target\":[\"https:\\\/\\\/www.caudete.org\\\/ayuntamiento\\\/ptec-localizacion\\\/\"]}]},{\"@type\":\"ImageObject\",\"inLanguage\":\"es\",\"@id\":\"https:\\\/\\\/www.caudete.org\\\/ayuntamiento\\\/ptec-localizacion\\\/#primaryimage\",\"url\":\"https:\\\/\\\/www.caudete.org\\\/ayuntamiento\\\/wp-content\\\/uploads\\\/2020\\\/12\\\/ptec-localizacion-caudete.jpg\",\"contentUrl\":\"https:\\\/\\\/www.caudete.org\\\/ayuntamiento\\\/wp-content\\\/uploads\\\/2020\\\/12\\\/ptec-localizacion-caudete.jpg\",\"width\":555,\"height\":331},{\"@type\":\"BreadcrumbList\",\"@id\":\"https:\\\/\\\/www.caudete.org\\\/ayuntamiento\\\/ptec-localizacion\\\/#breadcrumb\",\"itemListElement\":[{\"@type\":\"ListItem\",\"position\":1,\"name\":\"Inicio\",\"item\":\"https:\\\/\\\/www.caudete.org\\\/ayuntamiento\\\/\"},{\"@type\":\"ListItem\",\"position\":2,\"name\":\"PTEC &#8211; Localizaci\u00f3n\"}]},{\"@type\":\"WebSite\",\"@id\":\"https:\\\/\\\/www.caudete.org\\\/ayuntamiento\\\/#website\",\"url\":\"https:\\\/\\\/www.caudete.org\\\/ayuntamiento\\\/\",\"name\":\"MI Ayuntamiento de Caudete\",\"description\":\"P\u00e1gina Oficial del MI Ayuntamiento de Caudete\",\"potentialAction\":[{\"@type\":\"SearchAction\",\"target\":{\"@type\":\"EntryPoint\",\"urlTemplate\":\"https:\\\/\\\/www.caudete.org\\\/ayuntamiento\\\/?s={search_term_string}\"},\"query-input\":{\"@type\":\"PropertyValueSpecification\",\"valueRequired\":true,\"valueName\":\"search_term_string\"}}],\"inLanguage\":\"es\"}]}<\/script>\n<!-- \/ Yoast SEO plugin. -->","yoast_head_json":{"title":"PTEC - Localizaci\u00f3n - MI Ayuntamiento de Caudete","description":"P\u00e1gina Oficial del Ayuntamiento de Caudete (Albacete)","robots":{"index":"index","follow":"follow","max-snippet":"max-snippet:-1","max-image-preview":"max-image-preview:large","max-video-preview":"max-video-preview:-1"},"canonical":"https:\/\/www.caudete.org\/ayuntamiento\/ptec-localizacion\/","og_locale":"es_ES","og_type":"article","og_title":"PTEC - Localizaci\u00f3n - MI Ayuntamiento de Caudete","og_description":"P\u00e1gina Oficial del Ayuntamiento de Caudete (Albacete)","og_url":"https:\/\/www.caudete.org\/ayuntamiento\/ptec-localizacion\/","og_site_name":"MI Ayuntamiento de Caudete","article_publisher":"https:\/\/www.facebook.com\/ayuntamientocaudete\/","article_modified_time":"2020-12-05T12:54:14+00:00","og_image":[{"url":"http:\/\/www.caudete.org\/ayuntamiento\/wp-content\/uploads\/2020\/12\/ptec-localizacion-caudete.jpg","type":"","width":"","height":""}],"twitter_card":"summary_large_image","twitter_misc":{"Tiempo de lectura":"1 minuto"},"schema":{"@context":"https:\/\/schema.org","@graph":[{"@type":"WebPage","@id":"https:\/\/www.caudete.org\/ayuntamiento\/ptec-localizacion\/","url":"https:\/\/www.caudete.org\/ayuntamiento\/ptec-localizacion\/","name":"PTEC - Localizaci\u00f3n - MI Ayuntamiento de Caudete","isPartOf":{"@id":"https:\/\/www.caudete.org\/ayuntamiento\/#website"},"primaryImageOfPage":{"@id":"https:\/\/www.caudete.org\/ayuntamiento\/ptec-localizacion\/#primaryimage"},"image":{"@id":"https:\/\/www.caudete.org\/ayuntamiento\/ptec-localizacion\/#primaryimage"},"thumbnailUrl":"http:\/\/www.caudete.org\/ayuntamiento\/wp-content\/uploads\/2020\/12\/ptec-localizacion-caudete.jpg","datePublished":"2020-12-02T15:34:24+00:00","dateModified":"2020-12-05T12:54:14+00:00","description":"P\u00e1gina Oficial del Ayuntamiento de Caudete (Albacete)","breadcrumb":{"@id":"https:\/\/www.caudete.org\/ayuntamiento\/ptec-localizacion\/#breadcrumb"},"inLanguage":"es","potentialAction":[{"@type":"ReadAction","target":["https:\/\/www.caudete.org\/ayuntamiento\/ptec-localizacion\/"]}]},{"@type":"ImageObject","inLanguage":"es","@id":"https:\/\/www.caudete.org\/ayuntamiento\/ptec-localizacion\/#primaryimage","url":"https:\/\/www.caudete.org\/ayuntamiento\/wp-content\/uploads\/2020\/12\/ptec-localizacion-caudete.jpg","contentUrl":"https:\/\/www.caudete.org\/ayuntamiento\/wp-content\/uploads\/2020\/12\/ptec-localizacion-caudete.jpg","width":555,"height":331},{"@type":"BreadcrumbList","@id":"https:\/\/www.caudete.org\/ayuntamiento\/ptec-localizacion\/#breadcrumb","itemListElement":[{"@type":"ListItem","position":1,"name":"Inicio","item":"https:\/\/www.caudete.org\/ayuntamiento\/"},{"@type":"ListItem","position":2,"name":"PTEC &#8211; Localizaci\u00f3n"}]},{"@type":"WebSite","@id":"https:\/\/www.caudete.org\/ayuntamiento\/#website","url":"https:\/\/www.caudete.org\/ayuntamiento\/","name":"MI Ayuntamiento de Caudete","description":"P\u00e1gina Oficial del MI Ayuntamiento de Caudete","potentialAction":[{"@type":"SearchAction","target":{"@type":"EntryPoint","urlTemplate":"https:\/\/www.caudete.org\/ayuntamiento\/?s={search_term_string}"},"query-input":{"@type":"PropertyValueSpecification","valueRequired":true,"valueName":"search_term_string"}}],"inLanguage":"es"}]}},"_links":{"self":[{"href":"https:\/\/www.caudete.org\/ayuntamiento\/wp-json\/wp\/v2\/pages\/6085","targetHints":{"allow":["GET"]}}],"collection":[{"href":"https:\/\/www.caudete.org\/ayuntamiento\/wp-json\/wp\/v2\/pages"}],"about":[{"href":"https:\/\/www.caudete.org\/ayuntamiento\/wp-json\/wp\/v2\/types\/page"}],"author":[{"embeddable":true,"href":"https:\/\/www.caudete.org\/ayuntamiento\/wp-json\/wp\/v2\/users\/1"}],"replies":[{"embeddable":true,"href":"https:\/\/www.caudete.org\/ayuntamiento\/wp-json\/wp\/v2\/comments?post=6085"}],"version-history":[{"count":5,"href":"https:\/\/www.caudete.org\/ayuntamiento\/wp-json\/wp\/v2\/pages\/6085\/revisions"}],"predecessor-version":[{"id":6092,"href":"https:\/\/www.caudete.org\/ayuntamiento\/wp-json\/wp\/v2\/pages\/6085\/revisions\/6092"}],"wp:attachment":[{"href":"https:\/\/www.caudete.org\/ayuntamiento\/wp-json\/wp\/v2\/media?parent=6085"}],"wp:term":[{"taxonomy":"category","embeddable":true,"href":"https:\/\/www.caudete.org\/ayuntamiento\/wp-json\/wp\/v2\/categories?post=6085"},{"taxonomy":"post_tag","embeddable":true,"href":"https:\/\/www.caudete.org\/ayuntamiento\/wp-json\/wp\/v2\/tags?post=6085"}],"curies":[{"name":"wp","href":"https:\/\/api.w.org\/{rel}","templated":true}]}}