{"id":6315,"date":"2020-12-04T19:13:02","date_gmt":"2020-12-04T18:13:02","guid":{"rendered":"http:\/\/www.caudete.org\/ayuntamiento\/?page_id=6315"},"modified":"2020-12-05T13:46:33","modified_gmt":"2020-12-05T12:46:33","slug":"desarrollo-local-programa-garantia-55-anos","status":"publish","type":"page","link":"https:\/\/www.caudete.org\/ayuntamiento\/desarrollo-local-programa-garantia-55-anos\/","title":{"rendered":"Desarrollo Local &#8211; Programa &#8220;Garant\u00eda +55 a\u00f1os&#8221;"},"content":{"rendered":"<p><img fetchpriority=\"high\" decoding=\"async\" class=\"aligncenter size-full wp-image-6318\" src=\"http:\/\/www.caudete.org\/ayuntamiento\/wp-content\/uploads\/2020\/12\/55.jpg\" alt=\"\" width=\"794\" height=\"487\" srcset=\"https:\/\/www.caudete.org\/ayuntamiento\/wp-content\/uploads\/2020\/12\/55.jpg 794w, https:\/\/www.caudete.org\/ayuntamiento\/wp-content\/uploads\/2020\/12\/55-300x184.jpg 300w, https:\/\/www.caudete.org\/ayuntamiento\/wp-content\/uploads\/2020\/12\/55-768x471.jpg 768w\" sizes=\"(max-width: 794px) 100vw, 794px\" \/><\/p>\n<p style=\"text-align: justify;\">Desde mediados de febrero hasta mediados de agosto de 2018, 10 personas beneficiarias del subsidio de mayores de 55 a\u00f1os participar\u00e1n en el programa promovido por la Junta de Comunidades de Castilla-La Mancha y el Ayuntamiento de Caudete, en colaboraci\u00f3n con el Servicio P\u00fablico de Empleo Estatal, y que incluye 3 proyectos de apoyo en diferentes \u00e1reas de actuaci\u00f3n municipales.<\/p>\n<p style=\"text-align: justify;\">En el Proyecto de Colaboraci\u00f3n para la Adecuaci\u00f3n y Mantenimiento de Infraestructuras Urbanas participar\u00e1n 7 personas del colectivo indicado, que trabajar\u00e1n en la mejora y adecuaci\u00f3n de instalaciones de juego infantil en parques municipales, adem\u00e1s de realizar peque\u00f1os arreglos de alba\u00f1iler\u00eda en aceras, pavimentos, y otras infraestructuras viarias.<\/p>\n<p>En el Proyecto de Colaboraci\u00f3n en Tareas de Mantenimiento de Zonas Verdes Municipales participar\u00e1n 2 personas del colectivo indicado que trabajar\u00e1n en la limpieza y mantenimiento de zonas verdes del Parque Tecnol\u00f3gico Empresarial de Caudete y otras zonas verdes urbanas.<\/p>\n<p>En el Proyecto de Colaboraci\u00f3n en la Organizaci\u00f3n de Actividades del Centro de Mayores participar\u00e1 1 persona en tareas de apoyo en el centro.<\/p>\n<p style=\"text-align: justify;\">El programa permite que estas personas participen en un programa de trabajo colaborando en tareas de inter\u00e9s social mientras siguen cobrando el subsidio de +55 adem\u00e1s de un complemento a cargo del ayuntamiento de un importe equivalente a la base de cotizaci\u00f3n que ten\u00edan antes de pasar a la situaci\u00f3n de desempleo.<\/p>\n<p>La Junta de Comunidades de Castilla-La Mancha subvenciona el programa con 30.000 euros.<\/p>\n","protected":false},"excerpt":{"rendered":"<p>Desde mediados de febrero hasta mediados de agosto de 2018, 10 personas beneficiarias del subsidio de mayores de 55 a\u00f1os participar\u00e1n en el programa promovido por la Junta de Comunidades de Castilla-La Mancha y el Ayuntamiento de Caudete, en colaboraci\u00f3n con el Servicio P\u00fablico de Empleo Estatal, y que incluye 3 proyectos de apoyo en &hellip;<\/p>\n","protected":false},"author":1,"featured_media":0,"parent":0,"menu_order":0,"comment_status":"closed","ping_status":"closed","template":"","meta":{"ngg_post_thumbnail":0,"footnotes":""},"categories":[87,98],"tags":[],"class_list":["post-6315","page","type-page","status-publish","hentry","category-desarrollo-local","category-desarrollo-local-2"],"yoast_head":"<!-- This site is optimized with the Yoast SEO plugin v27.4 - https:\/\/yoast.com\/product\/yoast-seo-wordpress\/ -->\n<title>Desarrollo Local - Programa &quot;Garant\u00eda +55 a\u00f1os&quot; - MI Ayuntamiento de Caudete<\/title>\n<meta name=\"description\" content=\"P\u00e1gina Oficial del Ayuntamiento de Caudete (Albacete)\" \/>\n<meta name=\"robots\" content=\"index, follow, max-snippet:-1, max-image-preview:large, max-video-preview:-1\" \/>\n<link rel=\"canonical\" href=\"https:\/\/www.caudete.org\/ayuntamiento\/desarrollo-local-programa-garantia-55-anos\/\" \/>\n<meta property=\"og:locale\" content=\"es_ES\" \/>\n<meta property=\"og:type\" content=\"article\" \/>\n<meta property=\"og:title\" content=\"Desarrollo Local - Programa &quot;Garant\u00eda +55 a\u00f1os&quot; - MI Ayuntamiento de Caudete\" \/>\n<meta property=\"og:description\" content=\"P\u00e1gina Oficial del Ayuntamiento de Caudete (Albacete)\" \/>\n<meta property=\"og:url\" content=\"https:\/\/www.caudete.org\/ayuntamiento\/desarrollo-local-programa-garantia-55-anos\/\" \/>\n<meta property=\"og:site_name\" content=\"MI Ayuntamiento de Caudete\" \/>\n<meta property=\"article:publisher\" content=\"https:\/\/www.facebook.com\/ayuntamientocaudete\/\" \/>\n<meta property=\"article:modified_time\" content=\"2020-12-05T12:46:33+00:00\" \/>\n<meta property=\"og:image\" content=\"http:\/\/www.caudete.org\/ayuntamiento\/wp-content\/uploads\/2020\/12\/55.jpg\" \/>\n<meta name=\"twitter:card\" content=\"summary_large_image\" \/>\n<meta name=\"twitter:label1\" content=\"Tiempo de lectura\" \/>\n\t<meta name=\"twitter:data1\" content=\"1 minuto\" \/>\n<script type=\"application\/ld+json\" class=\"yoast-schema-graph\">{\"@context\":\"https:\\\/\\\/schema.org\",\"@graph\":[{\"@type\":\"WebPage\",\"@id\":\"https:\\\/\\\/www.caudete.org\\\/ayuntamiento\\\/desarrollo-local-programa-garantia-55-anos\\\/\",\"url\":\"https:\\\/\\\/www.caudete.org\\\/ayuntamiento\\\/desarrollo-local-programa-garantia-55-anos\\\/\",\"name\":\"Desarrollo Local - Programa \\\"Garant\u00eda +55 a\u00f1os\\\" - MI Ayuntamiento de Caudete\",\"isPartOf\":{\"@id\":\"https:\\\/\\\/www.caudete.org\\\/ayuntamiento\\\/#website\"},\"primaryImageOfPage\":{\"@id\":\"https:\\\/\\\/www.caudete.org\\\/ayuntamiento\\\/desarrollo-local-programa-garantia-55-anos\\\/#primaryimage\"},\"image\":{\"@id\":\"https:\\\/\\\/www.caudete.org\\\/ayuntamiento\\\/desarrollo-local-programa-garantia-55-anos\\\/#primaryimage\"},\"thumbnailUrl\":\"http:\\\/\\\/www.caudete.org\\\/ayuntamiento\\\/wp-content\\\/uploads\\\/2020\\\/12\\\/55.jpg\",\"datePublished\":\"2020-12-04T18:13:02+00:00\",\"dateModified\":\"2020-12-05T12:46:33+00:00\",\"description\":\"P\u00e1gina Oficial del Ayuntamiento de Caudete (Albacete)\",\"breadcrumb\":{\"@id\":\"https:\\\/\\\/www.caudete.org\\\/ayuntamiento\\\/desarrollo-local-programa-garantia-55-anos\\\/#breadcrumb\"},\"inLanguage\":\"es\",\"potentialAction\":[{\"@type\":\"ReadAction\",\"target\":[\"https:\\\/\\\/www.caudete.org\\\/ayuntamiento\\\/desarrollo-local-programa-garantia-55-anos\\\/\"]}]},{\"@type\":\"ImageObject\",\"inLanguage\":\"es\",\"@id\":\"https:\\\/\\\/www.caudete.org\\\/ayuntamiento\\\/desarrollo-local-programa-garantia-55-anos\\\/#primaryimage\",\"url\":\"https:\\\/\\\/www.caudete.org\\\/ayuntamiento\\\/wp-content\\\/uploads\\\/2020\\\/12\\\/55.jpg\",\"contentUrl\":\"https:\\\/\\\/www.caudete.org\\\/ayuntamiento\\\/wp-content\\\/uploads\\\/2020\\\/12\\\/55.jpg\",\"width\":794,\"height\":487},{\"@type\":\"BreadcrumbList\",\"@id\":\"https:\\\/\\\/www.caudete.org\\\/ayuntamiento\\\/desarrollo-local-programa-garantia-55-anos\\\/#breadcrumb\",\"itemListElement\":[{\"@type\":\"ListItem\",\"position\":1,\"name\":\"Inicio\",\"item\":\"https:\\\/\\\/www.caudete.org\\\/ayuntamiento\\\/\"},{\"@type\":\"ListItem\",\"position\":2,\"name\":\"Desarrollo Local &#8211; Programa &#8220;Garant\u00eda +55 a\u00f1os&#8221;\"}]},{\"@type\":\"WebSite\",\"@id\":\"https:\\\/\\\/www.caudete.org\\\/ayuntamiento\\\/#website\",\"url\":\"https:\\\/\\\/www.caudete.org\\\/ayuntamiento\\\/\",\"name\":\"MI Ayuntamiento de Caudete\",\"description\":\"P\u00e1gina Oficial del MI Ayuntamiento de Caudete\",\"publisher\":{\"@id\":\"https:\\\/\\\/www.caudete.org\\\/ayuntamiento\\\/#organization\"},\"potentialAction\":[{\"@type\":\"SearchAction\",\"target\":{\"@type\":\"EntryPoint\",\"urlTemplate\":\"https:\\\/\\\/www.caudete.org\\\/ayuntamiento\\\/?s={search_term_string}\"},\"query-input\":{\"@type\":\"PropertyValueSpecification\",\"valueRequired\":true,\"valueName\":\"search_term_string\"}}],\"inLanguage\":\"es\"},{\"@type\":\"Organization\",\"@id\":\"https:\\\/\\\/www.caudete.org\\\/ayuntamiento\\\/#organization\",\"name\":\"Ayuntamiento de Caudete\",\"url\":\"https:\\\/\\\/www.caudete.org\\\/ayuntamiento\\\/\",\"logo\":{\"@type\":\"ImageObject\",\"inLanguage\":\"es\",\"@id\":\"https:\\\/\\\/www.caudete.org\\\/ayuntamiento\\\/#\\\/schema\\\/logo\\\/image\\\/\",\"url\":\"https:\\\/\\\/www.caudete.org\\\/ayuntamiento\\\/wp-content\\\/uploads\\\/2020\\\/11\\\/logo_ayuntamiento_caudete.jpg\",\"contentUrl\":\"https:\\\/\\\/www.caudete.org\\\/ayuntamiento\\\/wp-content\\\/uploads\\\/2020\\\/11\\\/logo_ayuntamiento_caudete.jpg\",\"width\":600,\"height\":150,\"caption\":\"Ayuntamiento de Caudete\"},\"image\":{\"@id\":\"https:\\\/\\\/www.caudete.org\\\/ayuntamiento\\\/#\\\/schema\\\/logo\\\/image\\\/\"},\"sameAs\":[\"https:\\\/\\\/www.facebook.com\\\/ayuntamientocaudete\\\/\",\"https:\\\/\\\/www.youtube.com\\\/channel\\\/UC6VztHaooNsGpw-tNoBEFnQ\"]}]}<\/script>\n<!-- \/ Yoast SEO plugin. -->","yoast_head_json":{"title":"Desarrollo Local - Programa \"Garant\u00eda +55 a\u00f1os\" - MI Ayuntamiento de Caudete","description":"P\u00e1gina Oficial del Ayuntamiento de Caudete (Albacete)","robots":{"index":"index","follow":"follow","max-snippet":"max-snippet:-1","max-image-preview":"max-image-preview:large","max-video-preview":"max-video-preview:-1"},"canonical":"https:\/\/www.caudete.org\/ayuntamiento\/desarrollo-local-programa-garantia-55-anos\/","og_locale":"es_ES","og_type":"article","og_title":"Desarrollo Local - Programa \"Garant\u00eda +55 a\u00f1os\" - MI Ayuntamiento de Caudete","og_description":"P\u00e1gina Oficial del Ayuntamiento de Caudete (Albacete)","og_url":"https:\/\/www.caudete.org\/ayuntamiento\/desarrollo-local-programa-garantia-55-anos\/","og_site_name":"MI Ayuntamiento de Caudete","article_publisher":"https:\/\/www.facebook.com\/ayuntamientocaudete\/","article_modified_time":"2020-12-05T12:46:33+00:00","og_image":[{"url":"http:\/\/www.caudete.org\/ayuntamiento\/wp-content\/uploads\/2020\/12\/55.jpg","type":"","width":"","height":""}],"twitter_card":"summary_large_image","twitter_misc":{"Tiempo de lectura":"1 minuto"},"schema":{"@context":"https:\/\/schema.org","@graph":[{"@type":"WebPage","@id":"https:\/\/www.caudete.org\/ayuntamiento\/desarrollo-local-programa-garantia-55-anos\/","url":"https:\/\/www.caudete.org\/ayuntamiento\/desarrollo-local-programa-garantia-55-anos\/","name":"Desarrollo Local - Programa \"Garant\u00eda +55 a\u00f1os\" - MI Ayuntamiento de Caudete","isPartOf":{"@id":"https:\/\/www.caudete.org\/ayuntamiento\/#website"},"primaryImageOfPage":{"@id":"https:\/\/www.caudete.org\/ayuntamiento\/desarrollo-local-programa-garantia-55-anos\/#primaryimage"},"image":{"@id":"https:\/\/www.caudete.org\/ayuntamiento\/desarrollo-local-programa-garantia-55-anos\/#primaryimage"},"thumbnailUrl":"http:\/\/www.caudete.org\/ayuntamiento\/wp-content\/uploads\/2020\/12\/55.jpg","datePublished":"2020-12-04T18:13:02+00:00","dateModified":"2020-12-05T12:46:33+00:00","description":"P\u00e1gina Oficial del Ayuntamiento de Caudete (Albacete)","breadcrumb":{"@id":"https:\/\/www.caudete.org\/ayuntamiento\/desarrollo-local-programa-garantia-55-anos\/#breadcrumb"},"inLanguage":"es","potentialAction":[{"@type":"ReadAction","target":["https:\/\/www.caudete.org\/ayuntamiento\/desarrollo-local-programa-garantia-55-anos\/"]}]},{"@type":"ImageObject","inLanguage":"es","@id":"https:\/\/www.caudete.org\/ayuntamiento\/desarrollo-local-programa-garantia-55-anos\/#primaryimage","url":"https:\/\/www.caudete.org\/ayuntamiento\/wp-content\/uploads\/2020\/12\/55.jpg","contentUrl":"https:\/\/www.caudete.org\/ayuntamiento\/wp-content\/uploads\/2020\/12\/55.jpg","width":794,"height":487},{"@type":"BreadcrumbList","@id":"https:\/\/www.caudete.org\/ayuntamiento\/desarrollo-local-programa-garantia-55-anos\/#breadcrumb","itemListElement":[{"@type":"ListItem","position":1,"name":"Inicio","item":"https:\/\/www.caudete.org\/ayuntamiento\/"},{"@type":"ListItem","position":2,"name":"Desarrollo Local &#8211; Programa &#8220;Garant\u00eda +55 a\u00f1os&#8221;"}]},{"@type":"WebSite","@id":"https:\/\/www.caudete.org\/ayuntamiento\/#website","url":"https:\/\/www.caudete.org\/ayuntamiento\/","name":"MI Ayuntamiento de Caudete","description":"P\u00e1gina Oficial del MI Ayuntamiento de Caudete","publisher":{"@id":"https:\/\/www.caudete.org\/ayuntamiento\/#organization"},"potentialAction":[{"@type":"SearchAction","target":{"@type":"EntryPoint","urlTemplate":"https:\/\/www.caudete.org\/ayuntamiento\/?s={search_term_string}"},"query-input":{"@type":"PropertyValueSpecification","valueRequired":true,"valueName":"search_term_string"}}],"inLanguage":"es"},{"@type":"Organization","@id":"https:\/\/www.caudete.org\/ayuntamiento\/#organization","name":"Ayuntamiento de Caudete","url":"https:\/\/www.caudete.org\/ayuntamiento\/","logo":{"@type":"ImageObject","inLanguage":"es","@id":"https:\/\/www.caudete.org\/ayuntamiento\/#\/schema\/logo\/image\/","url":"https:\/\/www.caudete.org\/ayuntamiento\/wp-content\/uploads\/2020\/11\/logo_ayuntamiento_caudete.jpg","contentUrl":"https:\/\/www.caudete.org\/ayuntamiento\/wp-content\/uploads\/2020\/11\/logo_ayuntamiento_caudete.jpg","width":600,"height":150,"caption":"Ayuntamiento de Caudete"},"image":{"@id":"https:\/\/www.caudete.org\/ayuntamiento\/#\/schema\/logo\/image\/"},"sameAs":["https:\/\/www.facebook.com\/ayuntamientocaudete\/","https:\/\/www.youtube.com\/channel\/UC6VztHaooNsGpw-tNoBEFnQ"]}]}},"_links":{"self":[{"href":"https:\/\/www.caudete.org\/ayuntamiento\/wp-json\/wp\/v2\/pages\/6315","targetHints":{"allow":["GET"]}}],"collection":[{"href":"https:\/\/www.caudete.org\/ayuntamiento\/wp-json\/wp\/v2\/pages"}],"about":[{"href":"https:\/\/www.caudete.org\/ayuntamiento\/wp-json\/wp\/v2\/types\/page"}],"author":[{"embeddable":true,"href":"https:\/\/www.caudete.org\/ayuntamiento\/wp-json\/wp\/v2\/users\/1"}],"replies":[{"embeddable":true,"href":"https:\/\/www.caudete.org\/ayuntamiento\/wp-json\/wp\/v2\/comments?post=6315"}],"version-history":[{"count":1,"href":"https:\/\/www.caudete.org\/ayuntamiento\/wp-json\/wp\/v2\/pages\/6315\/revisions"}],"predecessor-version":[{"id":6319,"href":"https:\/\/www.caudete.org\/ayuntamiento\/wp-json\/wp\/v2\/pages\/6315\/revisions\/6319"}],"wp:attachment":[{"href":"https:\/\/www.caudete.org\/ayuntamiento\/wp-json\/wp\/v2\/media?parent=6315"}],"wp:term":[{"taxonomy":"category","embeddable":true,"href":"https:\/\/www.caudete.org\/ayuntamiento\/wp-json\/wp\/v2\/categories?post=6315"},{"taxonomy":"post_tag","embeddable":true,"href":"https:\/\/www.caudete.org\/ayuntamiento\/wp-json\/wp\/v2\/tags?post=6315"}],"curies":[{"name":"wp","href":"https:\/\/api.w.org\/{rel}","templated":true}]}}