{"id":6375,"date":"2020-12-04T20:18:43","date_gmt":"2020-12-04T19:18:43","guid":{"rendered":"http:\/\/www.caudete.org\/ayuntamiento\/?page_id=6375"},"modified":"2020-12-05T13:51:54","modified_gmt":"2020-12-05T12:51:54","slug":"obras-y-urbanismo-presentacion","status":"publish","type":"page","link":"https:\/\/www.caudete.org\/ayuntamiento\/obras-y-urbanismo-presentacion\/","title":{"rendered":"Obras y Urbanismo &#8211; Presentaci\u00f3n"},"content":{"rendered":"<p style=\"text-align: justify;\">Los Servicios T\u00e9cnicos de Obras y Urbanismo han sido, son y ser\u00e1n uno de los pilares de la actividad municipal. En esta \u00faltima d\u00e9cada, nuestra ciudad ha sido protagonista de una transformaci\u00f3n sin precedentes que nos ha permitido: completar y ampliar el casco urbano con nuevas urbanizaciones pl\u00e9namente desarrolladas, realizar edificaciones destinadas a albergar servicios p\u00fablicos, proteger nuestro patrimonio y reconvertir buena parte de su callejero en un lugar apacible y transitable, abierto al comercio y por \u00faltimo y no menos importante esas \u201cpeque\u00f1as obras\u201d demandadas por los ciudadanos.<\/p>\n<p style=\"text-align: justify;\">Ahora, desde esta \u00e1rea el reto no es otro que mantener este ritmo de crecimiento en una ciudad como la nuestra que ya ha percibido el efecto dinamizador fruto de la combinaci\u00f3n de la potenciaci\u00f3n de su casco urbano consolidado y las nuevas urbanizaciones.<\/p>\n<p style=\"text-align: center;\"><strong>PRINCIPALES FUNCIONES DE LOS SERVICIOS T\u00c9CNICOS<\/strong><\/p>\n<h2 style=\"text-align: justify;\">LICENCIAS<\/h2>\n<p style=\"text-align: justify;\">Licencias de obra mayor.<\/p>\n<p style=\"text-align: justify;\">Licencias de obra menor.<\/p>\n<p style=\"text-align: justify;\">Licencias de parcelaci\u00f3n: segregaciones, agrupaciones, etc.<\/p>\n<p style=\"text-align: justify;\">Licencias de primera ocupaci\u00f3n.<\/p>\n<p style=\"text-align: justify;\">Licencias de apertura de actividades, tanto inocuas como clasificadas.<\/p>\n<h2 style=\"text-align: justify;\">URBANISMO<\/h2>\n<p style=\"text-align: justify;\">Tramitaci\u00f3n de modificaciones puntuales a las NNSS de Caudete.<\/p>\n<p style=\"text-align: justify;\">Tramitaci\u00f3n de expedientes de planeamiento y de desarrollo como: planes parciales, estudios de detalle, planes especiales, proyectos de urbanizaci\u00f3n, delimitaciones de unidades de actuaci\u00f3n, etc.<\/p>\n<p style=\"text-align: justify;\">Reparcelaci\u00f3n.<\/p>\n<p style=\"text-align: justify;\">Urbanizaci\u00f3n.<\/p>\n<p style=\"text-align: justify;\">Obras P\u00fablicas Ordinarias.<\/p>\n<p style=\"text-align: justify;\">Contribuciones especiales.<\/p>\n<h2 style=\"text-align: justify;\">PROYECTOS<\/h2>\n<p style=\"text-align: justify;\">Proyectos de edificaciones de uso p\u00fablico.<\/p>\n<p style=\"text-align: justify;\">Proyectos de urbanizaci\u00f3n.<\/p>\n<p style=\"text-align: justify;\">Proyectos de Obras P\u00fablicas Ordinarias.<\/p>\n<p style=\"text-align: justify;\">Proyectos de contribuciones especiales.<\/p>\n<p style=\"text-align: justify;\">Memorias valoradas.<\/p>\n<h2 style=\"text-align: justify;\">INSPECCI\u00d3N<\/h2>\n<p style=\"text-align: justify;\">Infracciones urban\u00edsticas.<\/p>\n<p style=\"text-align: justify;\">Inspecciones de licencias de primera ocupaci\u00f3n.<\/p>\n<p style=\"text-align: justify;\">Expedientes de legalizaci\u00f3n.<\/p>\n<h2 style=\"text-align: justify;\">SERVICIO DE OBRAS<\/h2>\n<p style=\"text-align: justify;\">Obras urgentes, de mantenimiento, de conservaci\u00f3n y de menor cuant\u00eda desarrolladas por el personal dependiente de esta Concejal\u00eda.<\/p>\n<p style=\"text-align: justify;\">Mantenimiento de edificaciones y v\u00eda p\u00fablica.<\/p>\n<p style=\"text-align: justify;\">Mantenimiento y nuevas instalaciones de alumbrado p\u00fablico.<\/p>\n<p style=\"text-align: justify;\">Coordinaci\u00f3n con las restantes \u00e1reas municipales para la prestaci\u00f3n de servicios.<\/p>\n<p style=\"text-align: justify;\">Intervenci\u00f3n y apoyo a servicios de protecci\u00f3n civil extinci\u00f3n de incendios, etc.<\/p>\n<p style=\"text-align: justify;\">Preparaci\u00f3n de escenarios, luces, etc. en los actos festivos y\/o protocolarios.<\/p>\n<h2 style=\"text-align: justify;\">VARIOS<\/h2>\n<p style=\"text-align: justify;\">Atenci\u00f3n al p\u00fablico.<\/p>\n<p style=\"text-align: justify;\">Redacci\u00f3n de informes a requerimiento de otras Administraciones, Concejal\u00edas, al p\u00fablico, etc.<\/p>\n","protected":false},"excerpt":{"rendered":"<p>Los Servicios T\u00e9cnicos de Obras y Urbanismo han sido, son y ser\u00e1n uno de los pilares de la actividad municipal. En esta \u00faltima d\u00e9cada, nuestra ciudad ha sido protagonista de una transformaci\u00f3n sin precedentes que nos ha permitido: completar y ampliar el casco urbano con nuevas urbanizaciones pl\u00e9namente desarrolladas, realizar edificaciones destinadas a albergar servicios &hellip;<\/p>\n","protected":false},"author":1,"featured_media":0,"parent":0,"menu_order":0,"comment_status":"closed","ping_status":"closed","template":"","meta":{"ngg_post_thumbnail":0,"footnotes":""},"categories":[92,99],"tags":[],"class_list":["post-6375","page","type-page","status-publish","hentry","category-obras-y-urbanismo","category-obras-y-urbanismo-2"],"yoast_head":"<!-- This site is optimized with the Yoast SEO plugin v27.5 - https:\/\/yoast.com\/product\/yoast-seo-wordpress\/ -->\n<title>Obras y Urbanismo - Presentaci\u00f3n - MI Ayuntamiento de Caudete<\/title>\n<meta name=\"description\" content=\"P\u00e1gina Oficial del Ayuntamiento de Caudete (Albacete)\" \/>\n<meta name=\"robots\" content=\"index, follow, max-snippet:-1, max-image-preview:large, max-video-preview:-1\" \/>\n<link rel=\"canonical\" href=\"https:\/\/www.caudete.org\/ayuntamiento\/obras-y-urbanismo-presentacion\/\" \/>\n<meta property=\"og:locale\" content=\"es_ES\" \/>\n<meta property=\"og:type\" content=\"article\" \/>\n<meta property=\"og:title\" content=\"Obras y Urbanismo - Presentaci\u00f3n - MI Ayuntamiento de Caudete\" \/>\n<meta property=\"og:description\" content=\"P\u00e1gina Oficial del Ayuntamiento de Caudete (Albacete)\" \/>\n<meta property=\"og:url\" content=\"https:\/\/www.caudete.org\/ayuntamiento\/obras-y-urbanismo-presentacion\/\" \/>\n<meta property=\"og:site_name\" content=\"MI Ayuntamiento de Caudete\" \/>\n<meta property=\"article:publisher\" content=\"https:\/\/www.facebook.com\/ayuntamientocaudete\/\" \/>\n<meta property=\"article:modified_time\" content=\"2020-12-05T12:51:54+00:00\" \/>\n<meta name=\"twitter:card\" content=\"summary_large_image\" \/>\n<meta name=\"twitter:label1\" content=\"Tiempo de lectura\" \/>\n\t<meta name=\"twitter:data1\" content=\"2 minutos\" \/>\n<script type=\"application\/ld+json\" class=\"yoast-schema-graph\">{\"@context\":\"https:\\\/\\\/schema.org\",\"@graph\":[{\"@type\":\"WebPage\",\"@id\":\"https:\\\/\\\/www.caudete.org\\\/ayuntamiento\\\/obras-y-urbanismo-presentacion\\\/\",\"url\":\"https:\\\/\\\/www.caudete.org\\\/ayuntamiento\\\/obras-y-urbanismo-presentacion\\\/\",\"name\":\"Obras y Urbanismo - Presentaci\u00f3n - MI Ayuntamiento de Caudete\",\"isPartOf\":{\"@id\":\"https:\\\/\\\/www.caudete.org\\\/ayuntamiento\\\/#website\"},\"datePublished\":\"2020-12-04T19:18:43+00:00\",\"dateModified\":\"2020-12-05T12:51:54+00:00\",\"description\":\"P\u00e1gina Oficial del Ayuntamiento de Caudete (Albacete)\",\"breadcrumb\":{\"@id\":\"https:\\\/\\\/www.caudete.org\\\/ayuntamiento\\\/obras-y-urbanismo-presentacion\\\/#breadcrumb\"},\"inLanguage\":\"es\",\"potentialAction\":[{\"@type\":\"ReadAction\",\"target\":[\"https:\\\/\\\/www.caudete.org\\\/ayuntamiento\\\/obras-y-urbanismo-presentacion\\\/\"]}]},{\"@type\":\"BreadcrumbList\",\"@id\":\"https:\\\/\\\/www.caudete.org\\\/ayuntamiento\\\/obras-y-urbanismo-presentacion\\\/#breadcrumb\",\"itemListElement\":[{\"@type\":\"ListItem\",\"position\":1,\"name\":\"Inicio\",\"item\":\"https:\\\/\\\/www.caudete.org\\\/ayuntamiento\\\/\"},{\"@type\":\"ListItem\",\"position\":2,\"name\":\"Obras y Urbanismo &#8211; Presentaci\u00f3n\"}]},{\"@type\":\"WebSite\",\"@id\":\"https:\\\/\\\/www.caudete.org\\\/ayuntamiento\\\/#website\",\"url\":\"https:\\\/\\\/www.caudete.org\\\/ayuntamiento\\\/\",\"name\":\"MI Ayuntamiento de Caudete\",\"description\":\"P\u00e1gina Oficial del MI Ayuntamiento de Caudete\",\"potentialAction\":[{\"@type\":\"SearchAction\",\"target\":{\"@type\":\"EntryPoint\",\"urlTemplate\":\"https:\\\/\\\/www.caudete.org\\\/ayuntamiento\\\/?s={search_term_string}\"},\"query-input\":{\"@type\":\"PropertyValueSpecification\",\"valueRequired\":true,\"valueName\":\"search_term_string\"}}],\"inLanguage\":\"es\"}]}<\/script>\n<!-- \/ Yoast SEO plugin. -->","yoast_head_json":{"title":"Obras y Urbanismo - Presentaci\u00f3n - MI Ayuntamiento de Caudete","description":"P\u00e1gina Oficial del Ayuntamiento de Caudete (Albacete)","robots":{"index":"index","follow":"follow","max-snippet":"max-snippet:-1","max-image-preview":"max-image-preview:large","max-video-preview":"max-video-preview:-1"},"canonical":"https:\/\/www.caudete.org\/ayuntamiento\/obras-y-urbanismo-presentacion\/","og_locale":"es_ES","og_type":"article","og_title":"Obras y Urbanismo - Presentaci\u00f3n - MI Ayuntamiento de Caudete","og_description":"P\u00e1gina Oficial del Ayuntamiento de Caudete (Albacete)","og_url":"https:\/\/www.caudete.org\/ayuntamiento\/obras-y-urbanismo-presentacion\/","og_site_name":"MI Ayuntamiento de Caudete","article_publisher":"https:\/\/www.facebook.com\/ayuntamientocaudete\/","article_modified_time":"2020-12-05T12:51:54+00:00","twitter_card":"summary_large_image","twitter_misc":{"Tiempo de lectura":"2 minutos"},"schema":{"@context":"https:\/\/schema.org","@graph":[{"@type":"WebPage","@id":"https:\/\/www.caudete.org\/ayuntamiento\/obras-y-urbanismo-presentacion\/","url":"https:\/\/www.caudete.org\/ayuntamiento\/obras-y-urbanismo-presentacion\/","name":"Obras y Urbanismo - Presentaci\u00f3n - MI Ayuntamiento de Caudete","isPartOf":{"@id":"https:\/\/www.caudete.org\/ayuntamiento\/#website"},"datePublished":"2020-12-04T19:18:43+00:00","dateModified":"2020-12-05T12:51:54+00:00","description":"P\u00e1gina Oficial del Ayuntamiento de Caudete (Albacete)","breadcrumb":{"@id":"https:\/\/www.caudete.org\/ayuntamiento\/obras-y-urbanismo-presentacion\/#breadcrumb"},"inLanguage":"es","potentialAction":[{"@type":"ReadAction","target":["https:\/\/www.caudete.org\/ayuntamiento\/obras-y-urbanismo-presentacion\/"]}]},{"@type":"BreadcrumbList","@id":"https:\/\/www.caudete.org\/ayuntamiento\/obras-y-urbanismo-presentacion\/#breadcrumb","itemListElement":[{"@type":"ListItem","position":1,"name":"Inicio","item":"https:\/\/www.caudete.org\/ayuntamiento\/"},{"@type":"ListItem","position":2,"name":"Obras y Urbanismo &#8211; Presentaci\u00f3n"}]},{"@type":"WebSite","@id":"https:\/\/www.caudete.org\/ayuntamiento\/#website","url":"https:\/\/www.caudete.org\/ayuntamiento\/","name":"MI Ayuntamiento de Caudete","description":"P\u00e1gina Oficial del MI Ayuntamiento de Caudete","potentialAction":[{"@type":"SearchAction","target":{"@type":"EntryPoint","urlTemplate":"https:\/\/www.caudete.org\/ayuntamiento\/?s={search_term_string}"},"query-input":{"@type":"PropertyValueSpecification","valueRequired":true,"valueName":"search_term_string"}}],"inLanguage":"es"}]}},"_links":{"self":[{"href":"https:\/\/www.caudete.org\/ayuntamiento\/wp-json\/wp\/v2\/pages\/6375","targetHints":{"allow":["GET"]}}],"collection":[{"href":"https:\/\/www.caudete.org\/ayuntamiento\/wp-json\/wp\/v2\/pages"}],"about":[{"href":"https:\/\/www.caudete.org\/ayuntamiento\/wp-json\/wp\/v2\/types\/page"}],"author":[{"embeddable":true,"href":"https:\/\/www.caudete.org\/ayuntamiento\/wp-json\/wp\/v2\/users\/1"}],"replies":[{"embeddable":true,"href":"https:\/\/www.caudete.org\/ayuntamiento\/wp-json\/wp\/v2\/comments?post=6375"}],"version-history":[{"count":6,"href":"https:\/\/www.caudete.org\/ayuntamiento\/wp-json\/wp\/v2\/pages\/6375\/revisions"}],"predecessor-version":[{"id":6390,"href":"https:\/\/www.caudete.org\/ayuntamiento\/wp-json\/wp\/v2\/pages\/6375\/revisions\/6390"}],"wp:attachment":[{"href":"https:\/\/www.caudete.org\/ayuntamiento\/wp-json\/wp\/v2\/media?parent=6375"}],"wp:term":[{"taxonomy":"category","embeddable":true,"href":"https:\/\/www.caudete.org\/ayuntamiento\/wp-json\/wp\/v2\/categories?post=6375"},{"taxonomy":"post_tag","embeddable":true,"href":"https:\/\/www.caudete.org\/ayuntamiento\/wp-json\/wp\/v2\/tags?post=6375"}],"curies":[{"name":"wp","href":"https:\/\/api.w.org\/{rel}","templated":true}]}}