{"id":6391,"date":"2020-12-04T20:37:56","date_gmt":"2020-12-04T19:37:56","guid":{"rendered":"http:\/\/www.caudete.org\/ayuntamiento\/?page_id=6391"},"modified":"2024-11-13T10:02:14","modified_gmt":"2024-11-13T09:02:14","slug":"obras-y-urbanismo-tramites","status":"publish","type":"page","link":"https:\/\/www.caudete.org\/ayuntamiento\/obras-y-urbanismo-tramites\/","title":{"rendered":"Obras y Urbanismo &#8211; Tr\u00e1mites"},"content":{"rendered":"<h2>DOCUMENTACI\u00d3N DESCARGABLE<\/h2>\n<p><a href=\"https:\/\/www.caudete.org\/ayuntamiento\/wp-content\/uploads\/2024\/11\/Soliciud-Licencia-Segregacion-Parcelacion.pdf\" class=\"mtli_attachment mtli_pdf\">Solicitud Licencia Segregaci\u00f3n Parcelaci\u00f3n<\/a><br \/>\n<a href=\"https:\/\/www.caudete.org\/ayuntamiento\/wp-content\/uploads\/2024\/11\/Declaracion-responsable-OBRAS-MENORES.pdf\" class=\"mtli_attachment mtli_pdf\">Declaraci\u00f3n responsable OBRAS MENORES<\/a><br \/>\n<a href=\"https:\/\/www.caudete.org\/ayuntamiento\/wp-content\/uploads\/2024\/11\/Declaracion-responsable-OCUPACION-edificios.pdf\" class=\"mtli_attachment mtli_pdf\">Declaraci\u00f3n responsable OCUPACI\u00d3N edificios<\/a><br \/>\n<a href=\"https:\/\/www.caudete.org\/ayuntamiento\/wp-content\/uploads\/2024\/11\/Declaracion-responsable-OCUPACION.pdf\" class=\"mtli_attachment mtli_pdf\">Declaraci\u00f3n responsable OCUPACI\u00d3N<\/a><br \/>\n<a href=\"https:\/\/www.caudete.org\/ayuntamiento\/wp-content\/uploads\/2024\/11\/Devolucion-fianza-aval-obras.pdf\" class=\"mtli_attachment mtli_pdf\">Devoluci\u00f3n fianza aval obras<\/a><br \/>\n<a href=\"https:\/\/www.caudete.org\/ayuntamiento\/wp-content\/uploads\/2024\/11\/Solicitud-Cedula-urbanistica.pdf\" class=\"mtli_attachment mtli_pdf\">Solicitud C\u00e9dula urban\u00edstica<\/a><br \/>\n<a href=\"https:\/\/www.caudete.org\/ayuntamiento\/wp-content\/uploads\/2024\/11\/Solicitud-licencia-obra-mayor.pdf\" class=\"mtli_attachment mtli_pdf\">Solicitud licencia obra mayor<\/a><br \/>\n<a href=\"https:\/\/www.caudete.org\/ayuntamiento\/wp-content\/uploads\/2024\/11\/Solicitud-Licencia-obra-menor.pdf\" class=\"mtli_attachment mtli_pdf\">Solicitud Licencia obra menor<\/a><br \/>\n<a href=\"https:\/\/www.caudete.org\/ayuntamiento\/wp-content\/uploads\/2024\/11\/Solicitud-ocupacion-corte-via-publica.pdf\" class=\"mtli_attachment mtli_pdf\">Solicitud ocupaci\u00f3n corte v\u00eda publica<\/a><\/p>\n<h2 style=\"text-align: justify;\">OBRA MENOR<\/h2>\n<ul style=\"text-align: justify;\">\n<li style=\"list-style-type: none;\">\n<ul>\n<li>Documentaci\u00f3n con car\u00e1cter general a aportar en todo caso:<\/li>\n<\/ul>\n<\/li>\n<\/ul>\n<ul style=\"text-align: justify;\">\n<li style=\"list-style-type: none;\">\n<ul>\n<li style=\"list-style-type: none;\">\n<ul>\n<li>Solicitud firmada por el\/los propietarios, o sus representantes legales.<\/li>\n<\/ul>\n<\/li>\n<\/ul>\n<\/li>\n<\/ul>\n<ul style=\"text-align: justify;\">\n<li style=\"list-style-type: none;\">\n<ul>\n<li style=\"list-style-type: none;\">\n<ul>\n<li>Acreditaci\u00f3n de derecho bastante de propiedad del inmueble (escrituras de propiedad, contrato de arrendamiento, etc.)<\/li>\n<\/ul>\n<\/li>\n<\/ul>\n<\/li>\n<\/ul>\n<ul style=\"text-align: justify;\">\n<li style=\"list-style-type: none;\">\n<ul>\n<li style=\"list-style-type: none;\">\n<ul>\n<li>Poderes de representaci\u00f3n, en su caso de la mercantil promotora.<\/li>\n<\/ul>\n<\/li>\n<\/ul>\n<\/li>\n<\/ul>\n<ul style=\"text-align: justify;\">\n<li style=\"list-style-type: none;\">\n<ul>\n<li style=\"list-style-type: none;\">\n<ul>\n<li>Presupuesto firmado por constructor, legalmente establecido para poder construir en Caudete.<\/li>\n<\/ul>\n<\/li>\n<\/ul>\n<\/li>\n<\/ul>\n<ul style=\"text-align: justify;\">\n<li style=\"list-style-type: none;\">\n<ul>\n<li style=\"list-style-type: none;\">\n<ul>\n<li>Plano catastral o certificaci\u00f3n catastral descriptiva y gr\u00e1fica.<\/li>\n<\/ul>\n<\/li>\n<\/ul>\n<\/li>\n<\/ul>\n<ul style=\"text-align: justify;\">\n<li style=\"list-style-type: none;\">\n<ul>\n<li>Documentaci\u00f3n a aportar para vallados de parcelas:<\/li>\n<\/ul>\n<\/li>\n<\/ul>\n<ul style=\"text-align: justify;\">\n<li style=\"list-style-type: none;\">\n<ul>\n<li style=\"list-style-type: none;\">\n<ul>\n<li>Informe sobre no riesgo de zona inundable, emitido por la confederaci\u00f3n hidrogr\u00e1fica del J\u00facar. (descargar modelo).<\/li>\n<\/ul>\n<\/li>\n<\/ul>\n<\/li>\n<\/ul>\n<ul style=\"text-align: justify;\">\n<li style=\"list-style-type: none;\">\n<ul>\n<li style=\"list-style-type: none;\">\n<ul>\n<li>Si la parcela linda con vereda, informe de deslinde emitido por la Consejer\u00eda de Medio Ambiente, Servicio de V\u00edas Pecuarias. (descargar modelo).<\/li>\n<\/ul>\n<\/li>\n<\/ul>\n<\/li>\n<\/ul>\n<ul>\n<li style=\"list-style-type: none;\">\n<ul>\n<li>Si la parcela linda con carretera, autorizaci\u00f3n del Ministerio de Fomento, Diputaci\u00f3n Provincial, etc.<\/li>\n<\/ul>\n<\/li>\n<\/ul>\n<h2 style=\"text-align: justify;\">OBRA MAYOR<\/h2>\n<ul>\n<li style=\"list-style-type: none;\">\n<ul>\n<li>Documentaci\u00f3n con car\u00e1cter general a aportar en todo caso:<\/li>\n<\/ul>\n<\/li>\n<\/ul>\n<ul style=\"text-align: justify;\">\n<li style=\"list-style-type: none;\">\n<ul>\n<li style=\"list-style-type: none;\">\n<ul>\n<li style=\"list-style-type: none;\">\n<ul>\n<li>Solicitud firmada por el\/los propietarios, o sus representantes legales.<\/li>\n<\/ul>\n<\/li>\n<\/ul>\n<\/li>\n<\/ul>\n<\/li>\n<\/ul>\n<ul style=\"text-align: justify;\">\n<li style=\"list-style-type: none;\">\n<ul>\n<li style=\"list-style-type: none;\">\n<ul>\n<li style=\"list-style-type: none;\">\n<ul>\n<li>Acreditaci\u00f3n de derecho bastante de propiedad del inmueble (escrituras de propiedad, contrato de arrendamiento, etc.)<\/li>\n<\/ul>\n<\/li>\n<\/ul>\n<\/li>\n<\/ul>\n<\/li>\n<\/ul>\n<ul style=\"text-align: justify;\">\n<li style=\"list-style-type: none;\">\n<ul>\n<li style=\"list-style-type: none;\">\n<ul>\n<li style=\"list-style-type: none;\">\n<ul>\n<li>Poderes de representaci\u00f3n, en su caso de la mercantil promotora.<\/li>\n<\/ul>\n<\/li>\n<\/ul>\n<\/li>\n<\/ul>\n<\/li>\n<\/ul>\n<ul style=\"text-align: justify;\">\n<li style=\"list-style-type: none;\">\n<ul>\n<li style=\"list-style-type: none;\">\n<ul>\n<li style=\"list-style-type: none;\">\n<ul>\n<li>Proyecto por duplicado ejemplar visado por el Colegio Oficial correspondiente. (una copia en papel, y otra en soporte digital)<\/li>\n<\/ul>\n<\/li>\n<\/ul>\n<\/li>\n<\/ul>\n<\/li>\n<\/ul>\n<ul style=\"text-align: justify;\">\n<li style=\"list-style-type: none;\">\n<ul>\n<li style=\"list-style-type: none;\">\n<ul>\n<li style=\"list-style-type: none;\">\n<ul>\n<li>Informe favorable del Colegio Oficial correspondiente.<\/li>\n<\/ul>\n<\/li>\n<\/ul>\n<\/li>\n<\/ul>\n<\/li>\n<\/ul>\n<ul style=\"text-align: justify;\">\n<li style=\"list-style-type: none;\">\n<ul>\n<li style=\"list-style-type: none;\">\n<ul>\n<li style=\"list-style-type: none;\">\n<ul>\n<li>Impresos estad\u00edsticos oficiales.<\/li>\n<\/ul>\n<\/li>\n<\/ul>\n<\/li>\n<\/ul>\n<\/li>\n<\/ul>\n<ul style=\"text-align: justify;\">\n<li style=\"list-style-type: none;\">\n<ul>\n<li style=\"list-style-type: none;\">\n<ul>\n<li style=\"list-style-type: none;\">\n<ul>\n<li>C\u00e9dula urban\u00edstica. (descargar solicitud)<\/li>\n<\/ul>\n<\/li>\n<\/ul>\n<\/li>\n<\/ul>\n<\/li>\n<\/ul>\n<ul style=\"text-align: justify;\">\n<li style=\"list-style-type: none;\">\n<ul>\n<li style=\"list-style-type: none;\">\n<ul>\n<li style=\"list-style-type: none;\">\n<ul>\n<li>Plano catastral o certificaci\u00f3n catastral descriptiva y gr\u00e1fica.<\/li>\n<\/ul>\n<\/li>\n<\/ul>\n<\/li>\n<\/ul>\n<\/li>\n<\/ul>\n<ul style=\"text-align: justify;\">\n<li style=\"list-style-type: none;\">\n<ul>\n<li style=\"list-style-type: none;\">\n<ul>\n<li style=\"list-style-type: none;\">\n<ul>\n<li>Autorizaciones previas y concurrentes otorgadas por otras administraciones p\u00fablicas (Fomento, Confederaci\u00f3n Hidrogr\u00e1fica del J\u00facar, Patrimonio, ect.)<\/li>\n<\/ul>\n<\/li>\n<\/ul>\n<\/li>\n<\/ul>\n<\/li>\n<\/ul>\n<ul>\n<li style=\"list-style-type: none;\">\n<ul>\n<li>Documentaci\u00f3n a aportar en caso de licencias con actividad.<\/li>\n<\/ul>\n<\/li>\n<\/ul>\n<ul style=\"text-align: justify;\">\n<li style=\"list-style-type: none;\">\n<ul>\n<li style=\"list-style-type: none;\">\n<ul>\n<li style=\"list-style-type: none;\">\n<ul>\n<li>Solicitud de concesi\u00f3n de licencia de apertura.<\/li>\n<\/ul>\n<\/li>\n<\/ul>\n<\/li>\n<\/ul>\n<\/li>\n<\/ul>\n<ul style=\"text-align: justify;\">\n<li style=\"list-style-type: none;\">\n<ul>\n<li style=\"list-style-type: none;\">\n<ul>\n<li style=\"list-style-type: none;\">\n<ul>\n<li>Informe de la Delegaci\u00f3n Provincial de Medio Ambiente sobre la necesidad o no de evaluaci\u00f3n de impacto ambiental.<\/li>\n<\/ul>\n<\/li>\n<\/ul>\n<\/li>\n<\/ul>\n<\/li>\n<\/ul>\n<h2 style=\"text-align: justify;\">C\u00c9DULA URBAN\u00cdSTICA<\/h2>\n<ul>\n<li style=\"list-style-type: none;\">\n<ul>\n<li>Documentaci\u00f3n a aportar:<\/li>\n<\/ul>\n<\/li>\n<\/ul>\n<ul style=\"text-align: justify;\">\n<li style=\"list-style-type: none;\">\n<ul>\n<li style=\"list-style-type: none;\">\n<ul>\n<li style=\"list-style-type: none;\">\n<ul>\n<li>Plano catastral o certificaci\u00f3n catastral descriptiva y gr\u00e1fica.<\/li>\n<\/ul>\n<\/li>\n<\/ul>\n<\/li>\n<\/ul>\n<\/li>\n<\/ul>\n<ul style=\"text-align: justify;\">\n<li style=\"list-style-type: none;\">\n<ul>\n<li style=\"list-style-type: none;\">\n<ul>\n<li style=\"list-style-type: none;\">\n<ul>\n<li>Fotocopia de escritura de propiedad o autorizaci\u00f3n del propietario.<\/li>\n<\/ul>\n<\/li>\n<\/ul>\n<\/li>\n<\/ul>\n<\/li>\n<\/ul>\n<h2 style=\"text-align: justify;\">LICENCIA DE PRIMERA OCUPACI\u00d3N<\/h2>\n<ul>\n<li style=\"list-style-type: none;\">\n<ul>\n<li>Documentaci\u00f3n a aportar:<\/li>\n<\/ul>\n<\/li>\n<\/ul>\n<ul style=\"text-align: justify;\">\n<li style=\"list-style-type: none;\">\n<ul>\n<li style=\"list-style-type: none;\">\n<ul>\n<li style=\"list-style-type: none;\">\n<ul>\n<li>Fotocopia D.N.I. del solicitante.<\/li>\n<\/ul>\n<\/li>\n<\/ul>\n<\/li>\n<\/ul>\n<\/li>\n<\/ul>\n<ul style=\"text-align: justify;\">\n<li style=\"list-style-type: none;\">\n<ul>\n<li style=\"list-style-type: none;\">\n<ul>\n<li style=\"list-style-type: none;\">\n<ul>\n<li>Certificaci\u00f3n final de obra expedida por el Arquitecto Superior y T\u00e9cnico Directores de la obra, visado por los respectivos colegios profesionales.<\/li>\n<\/ul>\n<\/li>\n<\/ul>\n<\/li>\n<\/ul>\n<\/li>\n<\/ul>\n<ul style=\"text-align: justify;\">\n<li style=\"list-style-type: none;\">\n<ul>\n<li style=\"list-style-type: none;\">\n<ul>\n<li style=\"list-style-type: none;\">\n<ul>\n<li>Licencia municipal de edificaci\u00f3n.<\/li>\n<\/ul>\n<\/li>\n<\/ul>\n<\/li>\n<\/ul>\n<\/li>\n<\/ul>\n<ul style=\"text-align: justify;\">\n<li style=\"list-style-type: none;\">\n<ul>\n<li style=\"list-style-type: none;\">\n<ul>\n<li style=\"list-style-type: none;\">\n<ul>\n<li>Certificaci\u00f3n expedida por la Direcci\u00f3n facultativa que acredite que las obras terminadas se adecuan a la legalidad urban\u00edstica.<\/li>\n<\/ul>\n<\/li>\n<\/ul>\n<\/li>\n<\/ul>\n<\/li>\n<\/ul>\n<ul style=\"text-align: justify;\">\n<li style=\"list-style-type: none;\">\n<ul>\n<li style=\"list-style-type: none;\">\n<ul>\n<li style=\"list-style-type: none;\">\n<ul>\n<li>Impresos de alta en la contribuci\u00f3n territorial urbana o tributo que la sustituya.<\/li>\n<\/ul>\n<\/li>\n<\/ul>\n<\/li>\n<\/ul>\n<\/li>\n<\/ul>\n<ul style=\"text-align: justify;\">\n<li style=\"list-style-type: none;\">\n<ul>\n<li style=\"list-style-type: none;\">\n<ul>\n<li style=\"list-style-type: none;\">\n<ul>\n<li>Documentaci\u00f3n acreditativa de la propiedad u ocupaci\u00f3n de la vivienda, escritura de propiedad, contrato de compraventa o de arrendamiento.<\/li>\n<\/ul>\n<\/li>\n<\/ul>\n<\/li>\n<\/ul>\n<\/li>\n<\/ul>\n<ul style=\"text-align: justify;\">\n<li style=\"list-style-type: none;\">\n<ul>\n<li style=\"list-style-type: none;\">\n<ul>\n<li style=\"list-style-type: none;\">\n<ul>\n<li>Certificaci\u00f3n de las compa\u00f1\u00edas y entidades suministradoras acreditativa de haber abonado los derechos de las acometidas generales y que dichos servicios est\u00e1n en disposici\u00f3n de ser contratados.<\/li>\n<\/ul>\n<\/li>\n<\/ul>\n<\/li>\n<\/ul>\n<\/li>\n<\/ul>\n<ul style=\"text-align: justify;\">\n<li style=\"list-style-type: none;\">\n<ul>\n<li style=\"list-style-type: none;\">\n<ul>\n<li style=\"list-style-type: none;\">\n<ul>\n<li>Certificaci\u00f3n de instalaci\u00f3n de antena colectiva de TV, cuando as\u00ed proceda.<\/li>\n<li>Documento acreditativo del abono de los Seguros decenales de da\u00f1os materiales y de cauci\u00f3n (para proyectos redactados con posterioridad al 6 de mayo de 2.000).<\/li>\n<\/ul>\n<\/li>\n<\/ul>\n<\/li>\n<\/ul>\n<\/li>\n<\/ul>\n<ul style=\"text-align: justify;\">\n<li style=\"list-style-type: none;\">\n<ul>\n<li style=\"list-style-type: none;\">\n<ul>\n<li style=\"list-style-type: none;\">\n<ul>\n<li>En caso de viviendas de Protecci\u00f3n Oficial, C\u00e9dula de Calificaci\u00f3n definitiva.<\/li>\n<\/ul>\n<\/li>\n<\/ul>\n<\/li>\n<\/ul>\n<\/li>\n<\/ul>\n<ul style=\"text-align: justify;\">\n<li style=\"list-style-type: none;\">\n<ul>\n<li style=\"list-style-type: none;\">\n<ul>\n<li style=\"list-style-type: none;\">\n<ul>\n<li>Proyecto obra real ejecutado.<\/li>\n<\/ul>\n<\/li>\n<\/ul>\n<\/li>\n<\/ul>\n<\/li>\n<\/ul>\n<h2 style=\"text-align: justify;\">LICENCIA DE SEGUNDA O POSTERIORES OCUPACIONES<\/h2>\n<ul>\n<li style=\"list-style-type: none;\">\n<ul>\n<li>Documentaci\u00f3n a aportar:<\/li>\n<\/ul>\n<\/li>\n<\/ul>\n<ul style=\"text-align: justify;\">\n<li style=\"list-style-type: none;\">\n<ul>\n<li style=\"list-style-type: none;\">\n<ul>\n<li style=\"list-style-type: none;\">\n<ul>\n<li>Fotocopia D.N.I. del solicitante.<\/li>\n<\/ul>\n<\/li>\n<\/ul>\n<\/li>\n<\/ul>\n<\/li>\n<\/ul>\n<ul style=\"text-align: justify;\">\n<li style=\"list-style-type: none;\">\n<ul>\n<li style=\"list-style-type: none;\">\n<ul>\n<li style=\"list-style-type: none;\">\n<ul>\n<li>Documentaci\u00f3n acreditativa de la propiedad u ocupaci\u00f3n de la vivienda, escritura de propiedad, contrato de compraventa o de arrendamiento.<\/li>\n<\/ul>\n<\/li>\n<\/ul>\n<\/li>\n<\/ul>\n<\/li>\n<\/ul>\n<ul style=\"text-align: justify;\">\n<li style=\"list-style-type: none;\">\n<ul>\n<li style=\"list-style-type: none;\">\n<ul>\n<li style=\"list-style-type: none;\">\n<ul>\n<li>Documentaci\u00f3n acreditativa de la antig\u00fcedad de la vivienda si no resultara de la escritura o contrato, mediante certificado final de obra, certificaci\u00f3n o nota del registro de la propiedad o alta en la contribuci\u00f3n territorial urbana.<\/li>\n<\/ul>\n<\/li>\n<\/ul>\n<\/li>\n<\/ul>\n<\/li>\n<\/ul>\n<ul style=\"text-align: justify;\">\n<li style=\"list-style-type: none;\">\n<ul>\n<li style=\"list-style-type: none;\">\n<ul>\n<li style=\"list-style-type: none;\">\n<ul>\n<li>Recibo de la contribuci\u00f3n territorial urbana del per\u00edodo inmediatamente anterior a la fecha de solicitud.<\/li>\n<\/ul>\n<\/li>\n<\/ul>\n<\/li>\n<\/ul>\n<\/li>\n<\/ul>\n<ul style=\"text-align: justify;\">\n<li style=\"list-style-type: none;\">\n<ul>\n<li style=\"list-style-type: none;\">\n<ul>\n<li style=\"list-style-type: none;\">\n<ul>\n<li>Certificaci\u00f3n T\u00e9cnica expedida por T\u00e9cnico competente, visada por el colegio profesional, que acredite el cumplimiento de la Normativa de Habitabilidad y Dise\u00f1o vigente y que no se trata de vivienda de nueva planta, especificando la clase de suelo en que la vivienda se ubica.<\/li>\n<\/ul>\n<\/li>\n<\/ul>\n<\/li>\n<\/ul>\n<\/li>\n<\/ul>\n<ul style=\"text-align: justify;\">\n<li style=\"list-style-type: none;\">\n<ul>\n<li style=\"list-style-type: none;\">\n<ul>\n<li style=\"list-style-type: none;\">\n<ul>\n<li>Recibo del abono de los servicios de agua y luz del per\u00edodo anterior o en su defecto certificaci\u00f3n de las compa\u00f1\u00edas suministradoras sobre la contrataci\u00f3n anterior de los servicios.<\/li>\n<\/ul>\n<\/li>\n<\/ul>\n<\/li>\n<\/ul>\n<\/li>\n<\/ul>\n<h2 style=\"text-align: justify;\">LICENCIA DE PARCELACI\u00d3N O SEGREGACI\u00d3N<\/h2>\n<ul>\n<li style=\"list-style-type: none;\">\n<ul>\n<li>Documentaci\u00f3n a aportar:<\/li>\n<\/ul>\n<\/li>\n<\/ul>\n<ul style=\"text-align: justify;\">\n<li style=\"list-style-type: none;\">\n<ul>\n<li style=\"list-style-type: none;\">\n<ul>\n<li style=\"list-style-type: none;\">\n<ul>\n<li>C\u00e9dula catastral.<\/li>\n<\/ul>\n<\/li>\n<\/ul>\n<\/li>\n<\/ul>\n<\/li>\n<\/ul>\n<ul style=\"text-align: justify;\">\n<li style=\"list-style-type: none;\">\n<ul>\n<li style=\"list-style-type: none;\">\n<ul>\n<li style=\"list-style-type: none;\">\n<ul>\n<li>Fotocopia escritura (indicar n\u00famero de finca registral)<\/li>\n<\/ul>\n<\/li>\n<\/ul>\n<\/li>\n<\/ul>\n<\/li>\n<\/ul>\n<ul style=\"text-align: justify;\">\n<li style=\"list-style-type: none;\">\n<ul>\n<li style=\"list-style-type: none;\">\n<ul>\n<li style=\"list-style-type: none;\">\n<ul>\n<li>Plano de parcela indicando la divisi\u00f3n solicitada.<\/li>\n<\/ul>\n<\/li>\n<\/ul>\n<\/li>\n<\/ul>\n<\/li>\n<\/ul>\n<ul style=\"text-align: justify;\">\n<li style=\"list-style-type: none;\">\n<ul>\n<li style=\"list-style-type: none;\">\n<ul>\n<li style=\"list-style-type: none;\">\n<ul>\n<li>Plano de emplazamiento (en caso de suelo r\u00fastico, indicar pol\u00edgono y parcela)<\/li>\n<\/ul>\n<\/li>\n<\/ul>\n<\/li>\n<\/ul>\n<\/li>\n<\/ul>\n<ul style=\"text-align: justify;\">\n<li style=\"list-style-type: none;\">\n<ul>\n<li style=\"list-style-type: none;\">\n<ul>\n<li style=\"list-style-type: none;\">\n<ul>\n<li>En caso de no existir edificaci\u00f3n en la parcela: declaraci\u00f3n jurada del titular indicando este extremo.<\/li>\n<\/ul>\n<\/li>\n<\/ul>\n<\/li>\n<\/ul>\n<\/li>\n<\/ul>\n<ul>\n<li style=\"list-style-type: none;\">\n<ul>\n<li style=\"list-style-type: none;\">\n<ul>\n<li style=\"text-align: justify;\">En caso de existir edificaci\u00f3n: licencia de obras y certificado t\u00e9cnico en que se manifieste que la edificaci\u00f3n verifica la ordenanza de aplicaci\u00f3n.<\/li>\n<\/ul>\n<\/li>\n<\/ul>\n<\/li>\n<\/ul>\n","protected":false},"excerpt":{"rendered":"<p>DOCUMENTACI\u00d3N DESCARGABLE Solicitud Licencia Segregaci\u00f3n Parcelaci\u00f3n Declaraci\u00f3n responsable OBRAS MENORES Declaraci\u00f3n responsable OCUPACI\u00d3N edificios Declaraci\u00f3n responsable OCUPACI\u00d3N Devoluci\u00f3n fianza aval obras Solicitud C\u00e9dula urban\u00edstica Solicitud licencia obra mayor Solicitud Licencia obra menor Solicitud ocupaci\u00f3n corte v\u00eda publica OBRA MENOR Documentaci\u00f3n con car\u00e1cter general a aportar en todo caso: Solicitud firmada por el\/los propietarios, o sus &hellip;<\/p>\n","protected":false},"author":1,"featured_media":0,"parent":0,"menu_order":0,"comment_status":"closed","ping_status":"closed","template":"","meta":{"ngg_post_thumbnail":0,"footnotes":""},"categories":[92,99],"tags":[],"class_list":["post-6391","page","type-page","status-publish","hentry","category-obras-y-urbanismo","category-obras-y-urbanismo-2"],"yoast_head":"<!-- This site is optimized with the Yoast SEO plugin v27.5 - https:\/\/yoast.com\/product\/yoast-seo-wordpress\/ -->\n<title>Obras y Urbanismo - Tr\u00e1mites - MI Ayuntamiento de Caudete<\/title>\n<meta name=\"description\" content=\"P\u00e1gina Oficial del Ayuntamiento de Caudete (Albacete)\" \/>\n<meta name=\"robots\" content=\"index, follow, max-snippet:-1, max-image-preview:large, max-video-preview:-1\" \/>\n<link rel=\"canonical\" href=\"https:\/\/www.caudete.org\/ayuntamiento\/obras-y-urbanismo-tramites\/\" \/>\n<meta property=\"og:locale\" content=\"es_ES\" \/>\n<meta property=\"og:type\" content=\"article\" \/>\n<meta property=\"og:title\" content=\"Obras y Urbanismo - Tr\u00e1mites - MI Ayuntamiento de Caudete\" \/>\n<meta property=\"og:description\" content=\"P\u00e1gina Oficial del Ayuntamiento de Caudete (Albacete)\" \/>\n<meta property=\"og:url\" content=\"https:\/\/www.caudete.org\/ayuntamiento\/obras-y-urbanismo-tramites\/\" \/>\n<meta property=\"og:site_name\" content=\"MI Ayuntamiento de Caudete\" \/>\n<meta property=\"article:publisher\" content=\"https:\/\/www.facebook.com\/ayuntamientocaudete\/\" \/>\n<meta property=\"article:modified_time\" content=\"2024-11-13T09:02:14+00:00\" \/>\n<meta name=\"twitter:card\" content=\"summary_large_image\" \/>\n<meta name=\"twitter:label1\" content=\"Tiempo de lectura\" \/>\n\t<meta name=\"twitter:data1\" content=\"4 minutos\" \/>\n<script type=\"application\/ld+json\" class=\"yoast-schema-graph\">{\"@context\":\"https:\\\/\\\/schema.org\",\"@graph\":[{\"@type\":\"WebPage\",\"@id\":\"https:\\\/\\\/www.caudete.org\\\/ayuntamiento\\\/obras-y-urbanismo-tramites\\\/\",\"url\":\"https:\\\/\\\/www.caudete.org\\\/ayuntamiento\\\/obras-y-urbanismo-tramites\\\/\",\"name\":\"Obras y Urbanismo - Tr\u00e1mites - MI Ayuntamiento de Caudete\",\"isPartOf\":{\"@id\":\"https:\\\/\\\/www.caudete.org\\\/ayuntamiento\\\/#website\"},\"datePublished\":\"2020-12-04T19:37:56+00:00\",\"dateModified\":\"2024-11-13T09:02:14+00:00\",\"description\":\"P\u00e1gina Oficial del Ayuntamiento de Caudete (Albacete)\",\"breadcrumb\":{\"@id\":\"https:\\\/\\\/www.caudete.org\\\/ayuntamiento\\\/obras-y-urbanismo-tramites\\\/#breadcrumb\"},\"inLanguage\":\"es\",\"potentialAction\":[{\"@type\":\"ReadAction\",\"target\":[\"https:\\\/\\\/www.caudete.org\\\/ayuntamiento\\\/obras-y-urbanismo-tramites\\\/\"]}]},{\"@type\":\"BreadcrumbList\",\"@id\":\"https:\\\/\\\/www.caudete.org\\\/ayuntamiento\\\/obras-y-urbanismo-tramites\\\/#breadcrumb\",\"itemListElement\":[{\"@type\":\"ListItem\",\"position\":1,\"name\":\"Inicio\",\"item\":\"https:\\\/\\\/www.caudete.org\\\/ayuntamiento\\\/\"},{\"@type\":\"ListItem\",\"position\":2,\"name\":\"Obras y Urbanismo &#8211; Tr\u00e1mites\"}]},{\"@type\":\"WebSite\",\"@id\":\"https:\\\/\\\/www.caudete.org\\\/ayuntamiento\\\/#website\",\"url\":\"https:\\\/\\\/www.caudete.org\\\/ayuntamiento\\\/\",\"name\":\"MI Ayuntamiento de Caudete\",\"description\":\"P\u00e1gina Oficial del MI Ayuntamiento de Caudete\",\"potentialAction\":[{\"@type\":\"SearchAction\",\"target\":{\"@type\":\"EntryPoint\",\"urlTemplate\":\"https:\\\/\\\/www.caudete.org\\\/ayuntamiento\\\/?s={search_term_string}\"},\"query-input\":{\"@type\":\"PropertyValueSpecification\",\"valueRequired\":true,\"valueName\":\"search_term_string\"}}],\"inLanguage\":\"es\"}]}<\/script>\n<!-- \/ Yoast SEO plugin. -->","yoast_head_json":{"title":"Obras y Urbanismo - Tr\u00e1mites - MI Ayuntamiento de Caudete","description":"P\u00e1gina Oficial del Ayuntamiento de Caudete (Albacete)","robots":{"index":"index","follow":"follow","max-snippet":"max-snippet:-1","max-image-preview":"max-image-preview:large","max-video-preview":"max-video-preview:-1"},"canonical":"https:\/\/www.caudete.org\/ayuntamiento\/obras-y-urbanismo-tramites\/","og_locale":"es_ES","og_type":"article","og_title":"Obras y Urbanismo - Tr\u00e1mites - MI Ayuntamiento de Caudete","og_description":"P\u00e1gina Oficial del Ayuntamiento de Caudete (Albacete)","og_url":"https:\/\/www.caudete.org\/ayuntamiento\/obras-y-urbanismo-tramites\/","og_site_name":"MI Ayuntamiento de Caudete","article_publisher":"https:\/\/www.facebook.com\/ayuntamientocaudete\/","article_modified_time":"2024-11-13T09:02:14+00:00","twitter_card":"summary_large_image","twitter_misc":{"Tiempo de lectura":"4 minutos"},"schema":{"@context":"https:\/\/schema.org","@graph":[{"@type":"WebPage","@id":"https:\/\/www.caudete.org\/ayuntamiento\/obras-y-urbanismo-tramites\/","url":"https:\/\/www.caudete.org\/ayuntamiento\/obras-y-urbanismo-tramites\/","name":"Obras y Urbanismo - Tr\u00e1mites - MI Ayuntamiento de Caudete","isPartOf":{"@id":"https:\/\/www.caudete.org\/ayuntamiento\/#website"},"datePublished":"2020-12-04T19:37:56+00:00","dateModified":"2024-11-13T09:02:14+00:00","description":"P\u00e1gina Oficial del Ayuntamiento de Caudete (Albacete)","breadcrumb":{"@id":"https:\/\/www.caudete.org\/ayuntamiento\/obras-y-urbanismo-tramites\/#breadcrumb"},"inLanguage":"es","potentialAction":[{"@type":"ReadAction","target":["https:\/\/www.caudete.org\/ayuntamiento\/obras-y-urbanismo-tramites\/"]}]},{"@type":"BreadcrumbList","@id":"https:\/\/www.caudete.org\/ayuntamiento\/obras-y-urbanismo-tramites\/#breadcrumb","itemListElement":[{"@type":"ListItem","position":1,"name":"Inicio","item":"https:\/\/www.caudete.org\/ayuntamiento\/"},{"@type":"ListItem","position":2,"name":"Obras y Urbanismo &#8211; Tr\u00e1mites"}]},{"@type":"WebSite","@id":"https:\/\/www.caudete.org\/ayuntamiento\/#website","url":"https:\/\/www.caudete.org\/ayuntamiento\/","name":"MI Ayuntamiento de Caudete","description":"P\u00e1gina Oficial del MI Ayuntamiento de Caudete","potentialAction":[{"@type":"SearchAction","target":{"@type":"EntryPoint","urlTemplate":"https:\/\/www.caudete.org\/ayuntamiento\/?s={search_term_string}"},"query-input":{"@type":"PropertyValueSpecification","valueRequired":true,"valueName":"search_term_string"}}],"inLanguage":"es"}]}},"_links":{"self":[{"href":"https:\/\/www.caudete.org\/ayuntamiento\/wp-json\/wp\/v2\/pages\/6391","targetHints":{"allow":["GET"]}}],"collection":[{"href":"https:\/\/www.caudete.org\/ayuntamiento\/wp-json\/wp\/v2\/pages"}],"about":[{"href":"https:\/\/www.caudete.org\/ayuntamiento\/wp-json\/wp\/v2\/types\/page"}],"author":[{"embeddable":true,"href":"https:\/\/www.caudete.org\/ayuntamiento\/wp-json\/wp\/v2\/users\/1"}],"replies":[{"embeddable":true,"href":"https:\/\/www.caudete.org\/ayuntamiento\/wp-json\/wp\/v2\/comments?post=6391"}],"version-history":[{"count":11,"href":"https:\/\/www.caudete.org\/ayuntamiento\/wp-json\/wp\/v2\/pages\/6391\/revisions"}],"predecessor-version":[{"id":26633,"href":"https:\/\/www.caudete.org\/ayuntamiento\/wp-json\/wp\/v2\/pages\/6391\/revisions\/26633"}],"wp:attachment":[{"href":"https:\/\/www.caudete.org\/ayuntamiento\/wp-json\/wp\/v2\/media?parent=6391"}],"wp:term":[{"taxonomy":"category","embeddable":true,"href":"https:\/\/www.caudete.org\/ayuntamiento\/wp-json\/wp\/v2\/categories?post=6391"},{"taxonomy":"post_tag","embeddable":true,"href":"https:\/\/www.caudete.org\/ayuntamiento\/wp-json\/wp\/v2\/tags?post=6391"}],"curies":[{"name":"wp","href":"https:\/\/api.w.org\/{rel}","templated":true}]}}