{"id":6406,"date":"2020-12-04T20:49:30","date_gmt":"2020-12-04T19:49:30","guid":{"rendered":"http:\/\/www.caudete.org\/ayuntamiento\/?page_id=6406"},"modified":"2024-11-26T13:09:10","modified_gmt":"2024-11-26T12:09:10","slug":"obras-y-urbanismo-legislacion","status":"publish","type":"page","link":"https:\/\/www.caudete.org\/ayuntamiento\/obras-y-urbanismo-legislacion\/","title":{"rendered":"Obras y Urbanismo &#8211; Legislaci\u00f3n"},"content":{"rendered":"<ul>\n<li style=\"list-style-type: none;\">\n<ul>\n<li>\n<h2>ESTATAL<\/h2>\n<\/li>\n<\/ul>\n<\/li>\n<\/ul>\n<ul>\n<li style=\"list-style-type: none;\">\n<ul>\n<li style=\"list-style-type: none;\">\n<ul>\n<li><strong>Ley de Ordenaci\u00f3n de la Edificaci\u00f3n<\/strong>. Ley 38\/1999, de 5 noviembre (<a href=\"http:\/\/www.caudete.org\/urbanismo\/LOE.pdf\" class=\"mtli_attachment mtli_pdf\">Pulse aqu\u00ed<\/a>).<\/li>\n<li><strong>C\u00f3digo T\u00e9cnico de la Edificaci\u00f3n<\/strong>. R. D. 314\/2006, de 17 marzo. (<a href=\"http:\/\/www.caudete.org\/urbanismo\/RD CTE.pdf\" class=\"mtli_attachment mtli_pdf\">Pulse aqu\u00ed<\/a>). <a href=\"http:\/\/www.codigotecnico.org\" target=\"_blank\" rel=\"nofollow\">www.codigotecnico.org<\/a><\/li>\n<li>REAL DECRETO 105\/2008, de 1 de febrero, por el que se regula la <strong>producci\u00f3n y gesti\u00f3n de los residuos de construcci\u00f3n y demolici\u00f3n<\/strong>.(<a href=\"http:\/\/www.caudete.org\/urbanismo\/residuos.pdf\" class=\"mtli_attachment mtli_pdf\">Pulse aqu\u00ed<\/a>)<\/li>\n<\/ul>\n<\/li>\n<\/ul>\n<\/li>\n<\/ul>\n<ul>\n<li style=\"list-style-type: none;\">\n<ul>\n<li style=\"list-style-type: none;\"><\/li>\n<\/ul>\n<\/li>\n<\/ul>\n<ul>\n<li style=\"list-style-type: none;\">\n<ul>\n<li style=\"list-style-type: none;\"><\/li>\n<\/ul>\n<\/li>\n<\/ul>\n<ul>\n<li style=\"list-style-type: none;\">\n<ul>\n<li>\n<h2>AUTON\u00d3MICA CASTILLA-LA MANCHA<\/h2>\n<\/li>\n<\/ul>\n<\/li>\n<\/ul>\n<ul>\n<li style=\"list-style-type: none;\">\n<ul>\n<li style=\"list-style-type: none;\"><\/li>\n<\/ul>\n<\/li>\n<\/ul>\n<ul>\n<li style=\"list-style-type: none;\">\n<ul>\n<li style=\"list-style-type: none;\">\n<ul>\n<li><strong>Normativa e Instrucciones<\/strong> (<a href=\"https:\/\/urbanismo.castillalamancha.es\/legislacion\" target=\"_blank\" rel=\"nofollow\">pulse aqu\u00ed<\/a>)<\/li>\n<\/ul>\n<\/li>\n<\/ul>\n<\/li>\n<\/ul>\n<ul>\n<li style=\"list-style-type: none;\">\n<ul>\n<li>\n<h2>LOCAL<\/h2>\n<\/li>\n<\/ul>\n<\/li>\n<\/ul>\n<ul>\n<li style=\"list-style-type: none;\">\n<ul>\n<li style=\"list-style-type: none;\">\n<ul>\n<li>Texto de <strong>Normas Subsidiarias de Planeamiento de Caudete<\/strong>. No incluyen modificaciones puntuales ni estudios de detalle. (<a href=\"http:\/\/www.caudete.org\/urbanismo\/TEXTO NNSS 29_05_96.pdf\" class=\"mtli_attachment mtli_pdf\">Pulse aqu\u00ed<\/a>).<\/li>\n<li><strong>Planos de Alineaciones y Rasantes<\/strong> de Normas Subsidiarias de Planeamiento de Caudete. No incluyen modificaciones puntuales ni estudios de detalle. Imagen en (<a href=\"http:\/\/www.caudete.org\/urbanismo\/NNSS.jpg\" rel='prettyPhoto'>Alta resoluci\u00f3n<\/a>). (<a href=\"http:\/\/www.caudete.org\/urbanismo\/NNSS2.jpg\" rel='prettyPhoto'>Baja resoluci\u00f3n<\/a>).<\/li>\n<li><strong>Planos agrupados<\/strong>. No incluyen modificaciones puntuales ni estudios de detalle. <a href=\"http:\/\/www.caudete.org\/urbanismo\/PLANOS AGRUPADOS NNSS.pdf\" class=\"mtli_attachment mtli_pdf\">Pulse aqu\u00ed<\/a><\/li>\n<li>Acuerdo de la Comisi\u00f3n Provincial de Urbanismo de Aprobaci\u00f3n del <strong>Proyecto de Revisi\u00f3n de Normas Subsidiarias<\/strong> No incluyen modificaciones puntuales ni estudios de detalle. (<a href=\"https:\/\/docm.jccm.es\/docm\/descargarDisposicionAntigua.do?ruta=1996\/06\/28&amp;idDisposicion=123062364268520714\" target=\"_blank\" rel=\"nofollow\">Pulse aqu\u00ed<\/a>)<\/li>\n<li>Aprobaci\u00f3n definitiva <strong>Texto Refundido de las Normas Subsidiarias de Caudete<\/strong>. No incluyen modificaciones puntuales ni estudios de detalle. (<a href=\"http:\/\/www.caudete.org\/urbanismo\/PUBLICACION NNSS BOP CAUDETE.pdf\" class=\"mtli_attachment mtli_pdf\">Pulse aqu\u00ed<\/a>)<\/li>\n<li><strong>Ordenanza Fiscal N\u00ba 4<\/strong> del impuesto de construcciones, instalaciones y obras. (<a href=\"http:\/\/www.caudete.org\/urbanismo\/OF4.pdf\" class=\"mtli_attachment mtli_pdf\">Pulse aqu\u00ed<\/a>).<\/li>\n<li><strong>Ordenanza Fiscal N\u00ba 7<\/strong> reguladora de la tasa por otorgamiento de las licencias urban\u00edsticas exigidas por la legislaci\u00f3n del suelo y ordenaci\u00f3n urbana. (<a href=\"http:\/\/www.caudete.org\/urbanismo\/OF7.pdf\" class=\"mtli_attachment mtli_pdf\">Pulse aqu\u00ed<\/a>).<\/li>\n<li><strong>Ordenanza Fiscal N\u00ba 16<\/strong>. Reguladora de la tasa por la utilizaci\u00f3n privatuva o aprovechamiento especial de bienes de dominio p\u00fablico municipal con vallas, mercanc\u00edas, materiales de construcci\u00f3n, escombros, puntales, asnillas, andamios y otras instalaciones an\u00e1logas. (<a href=\"https:\/\/www.caudete.org\/ayuntamiento\/wp-content\/uploads\/2022\/02\/BOP-24-22-P-29.ORDENANZA-FISCAL-No-16-REGULADORA-DE-LA-TASA-POR-LA-UTILIZACION-DE-BIENES-DE-DOMINIO-PUBLICO.pdf\" class=\"mtli_attachment mtli_pdf\">Pulse aqu\u00ed<\/a>)<\/li>\n<li>Ordenanza Reguladora utilizaci\u00f3n de bienes de dominio p\u00fablico con vallas, mercancias y materiales. (<a href=\"http:\/\/www.caudete.org\/ordenanzas\/ORDENANZAS%20REGULADORAS\/ORDENANZA%20REGULADORA%20UTILIZACION%20DOMINIO%20PUBLICO%20CON%20VALLAS,%20MERCANCIAS,%20MATERIALES%202022.pdf\" class=\"mtli_attachment mtli_pdf\">Pulse aqu\u00ed<\/a>)<\/li>\n<li>Ordenanza Reguladora de limpieza y vallado de solares y parcelas. (<a href=\"https:\/\/www.caudete.org\/ayuntamiento\/wp-content\/uploads\/2022\/07\/Ordenanza-reguladora-limpieza-y-vallado-de-solares-y-parcelas.pdf\" class=\"mtli_attachment mtli_pdf\">Pulse aqu\u00ed<\/a>)<\/li>\n<\/ul>\n<\/li>\n<\/ul>\n<\/li>\n<\/ul>\n<ul>\n<li style=\"list-style-type: none;\">\n<ul>\n<li style=\"list-style-type: none;\"><\/li>\n<\/ul>\n<\/li>\n<\/ul>\n","protected":false},"excerpt":{"rendered":"<p>ESTATAL Ley de Ordenaci\u00f3n de la Edificaci\u00f3n. Ley 38\/1999, de 5 noviembre (Pulse aqu\u00ed). C\u00f3digo T\u00e9cnico de la Edificaci\u00f3n. R. D. 314\/2006, de 17 marzo. (Pulse aqu\u00ed). www.codigotecnico.org REAL DECRETO 105\/2008, de 1 de febrero, por el que se regula la producci\u00f3n y gesti\u00f3n de los residuos de construcci\u00f3n y demolici\u00f3n.(Pulse aqu\u00ed) AUTON\u00d3MICA CASTILLA-LA MANCHA &hellip;<\/p>\n","protected":false},"author":1,"featured_media":0,"parent":0,"menu_order":0,"comment_status":"closed","ping_status":"closed","template":"","meta":{"ngg_post_thumbnail":0,"footnotes":""},"categories":[92,99],"tags":[],"class_list":["post-6406","page","type-page","status-publish","hentry","category-obras-y-urbanismo","category-obras-y-urbanismo-2"],"yoast_head":"<!-- This site is optimized with the Yoast SEO plugin v27.5 - https:\/\/yoast.com\/product\/yoast-seo-wordpress\/ -->\n<title>Obras y Urbanismo - Legislaci\u00f3n - MI Ayuntamiento de Caudete<\/title>\n<meta name=\"description\" content=\"P\u00e1gina Oficial del Ayuntamiento de Caudete (Albacete)\" \/>\n<meta name=\"robots\" content=\"index, follow, max-snippet:-1, max-image-preview:large, max-video-preview:-1\" \/>\n<link rel=\"canonical\" href=\"https:\/\/www.caudete.org\/ayuntamiento\/obras-y-urbanismo-legislacion\/\" \/>\n<meta property=\"og:locale\" content=\"es_ES\" \/>\n<meta property=\"og:type\" content=\"article\" \/>\n<meta property=\"og:title\" content=\"Obras y Urbanismo - Legislaci\u00f3n - MI Ayuntamiento de Caudete\" \/>\n<meta property=\"og:description\" content=\"P\u00e1gina Oficial del Ayuntamiento de Caudete (Albacete)\" \/>\n<meta property=\"og:url\" content=\"https:\/\/www.caudete.org\/ayuntamiento\/obras-y-urbanismo-legislacion\/\" \/>\n<meta property=\"og:site_name\" content=\"MI Ayuntamiento de Caudete\" \/>\n<meta property=\"article:publisher\" content=\"https:\/\/www.facebook.com\/ayuntamientocaudete\/\" \/>\n<meta property=\"article:modified_time\" content=\"2024-11-26T12:09:10+00:00\" \/>\n<meta name=\"twitter:card\" content=\"summary_large_image\" \/>\n<meta name=\"twitter:label1\" content=\"Tiempo de lectura\" \/>\n\t<meta name=\"twitter:data1\" content=\"2 minutos\" \/>\n<script type=\"application\/ld+json\" class=\"yoast-schema-graph\">{\"@context\":\"https:\\\/\\\/schema.org\",\"@graph\":[{\"@type\":\"WebPage\",\"@id\":\"https:\\\/\\\/www.caudete.org\\\/ayuntamiento\\\/obras-y-urbanismo-legislacion\\\/\",\"url\":\"https:\\\/\\\/www.caudete.org\\\/ayuntamiento\\\/obras-y-urbanismo-legislacion\\\/\",\"name\":\"Obras y Urbanismo - Legislaci\u00f3n - MI Ayuntamiento de Caudete\",\"isPartOf\":{\"@id\":\"https:\\\/\\\/www.caudete.org\\\/ayuntamiento\\\/#website\"},\"datePublished\":\"2020-12-04T19:49:30+00:00\",\"dateModified\":\"2024-11-26T12:09:10+00:00\",\"description\":\"P\u00e1gina Oficial del Ayuntamiento de Caudete (Albacete)\",\"breadcrumb\":{\"@id\":\"https:\\\/\\\/www.caudete.org\\\/ayuntamiento\\\/obras-y-urbanismo-legislacion\\\/#breadcrumb\"},\"inLanguage\":\"es\",\"potentialAction\":[{\"@type\":\"ReadAction\",\"target\":[\"https:\\\/\\\/www.caudete.org\\\/ayuntamiento\\\/obras-y-urbanismo-legislacion\\\/\"]}]},{\"@type\":\"BreadcrumbList\",\"@id\":\"https:\\\/\\\/www.caudete.org\\\/ayuntamiento\\\/obras-y-urbanismo-legislacion\\\/#breadcrumb\",\"itemListElement\":[{\"@type\":\"ListItem\",\"position\":1,\"name\":\"Inicio\",\"item\":\"https:\\\/\\\/www.caudete.org\\\/ayuntamiento\\\/\"},{\"@type\":\"ListItem\",\"position\":2,\"name\":\"Obras y Urbanismo &#8211; Legislaci\u00f3n\"}]},{\"@type\":\"WebSite\",\"@id\":\"https:\\\/\\\/www.caudete.org\\\/ayuntamiento\\\/#website\",\"url\":\"https:\\\/\\\/www.caudete.org\\\/ayuntamiento\\\/\",\"name\":\"MI Ayuntamiento de Caudete\",\"description\":\"P\u00e1gina Oficial del MI Ayuntamiento de Caudete\",\"potentialAction\":[{\"@type\":\"SearchAction\",\"target\":{\"@type\":\"EntryPoint\",\"urlTemplate\":\"https:\\\/\\\/www.caudete.org\\\/ayuntamiento\\\/?s={search_term_string}\"},\"query-input\":{\"@type\":\"PropertyValueSpecification\",\"valueRequired\":true,\"valueName\":\"search_term_string\"}}],\"inLanguage\":\"es\"}]}<\/script>\n<!-- \/ Yoast SEO plugin. -->","yoast_head_json":{"title":"Obras y Urbanismo - Legislaci\u00f3n - MI Ayuntamiento de Caudete","description":"P\u00e1gina Oficial del Ayuntamiento de Caudete (Albacete)","robots":{"index":"index","follow":"follow","max-snippet":"max-snippet:-1","max-image-preview":"max-image-preview:large","max-video-preview":"max-video-preview:-1"},"canonical":"https:\/\/www.caudete.org\/ayuntamiento\/obras-y-urbanismo-legislacion\/","og_locale":"es_ES","og_type":"article","og_title":"Obras y Urbanismo - Legislaci\u00f3n - MI Ayuntamiento de Caudete","og_description":"P\u00e1gina Oficial del Ayuntamiento de Caudete (Albacete)","og_url":"https:\/\/www.caudete.org\/ayuntamiento\/obras-y-urbanismo-legislacion\/","og_site_name":"MI Ayuntamiento de Caudete","article_publisher":"https:\/\/www.facebook.com\/ayuntamientocaudete\/","article_modified_time":"2024-11-26T12:09:10+00:00","twitter_card":"summary_large_image","twitter_misc":{"Tiempo de lectura":"2 minutos"},"schema":{"@context":"https:\/\/schema.org","@graph":[{"@type":"WebPage","@id":"https:\/\/www.caudete.org\/ayuntamiento\/obras-y-urbanismo-legislacion\/","url":"https:\/\/www.caudete.org\/ayuntamiento\/obras-y-urbanismo-legislacion\/","name":"Obras y Urbanismo - Legislaci\u00f3n - MI Ayuntamiento de Caudete","isPartOf":{"@id":"https:\/\/www.caudete.org\/ayuntamiento\/#website"},"datePublished":"2020-12-04T19:49:30+00:00","dateModified":"2024-11-26T12:09:10+00:00","description":"P\u00e1gina Oficial del Ayuntamiento de Caudete (Albacete)","breadcrumb":{"@id":"https:\/\/www.caudete.org\/ayuntamiento\/obras-y-urbanismo-legislacion\/#breadcrumb"},"inLanguage":"es","potentialAction":[{"@type":"ReadAction","target":["https:\/\/www.caudete.org\/ayuntamiento\/obras-y-urbanismo-legislacion\/"]}]},{"@type":"BreadcrumbList","@id":"https:\/\/www.caudete.org\/ayuntamiento\/obras-y-urbanismo-legislacion\/#breadcrumb","itemListElement":[{"@type":"ListItem","position":1,"name":"Inicio","item":"https:\/\/www.caudete.org\/ayuntamiento\/"},{"@type":"ListItem","position":2,"name":"Obras y Urbanismo &#8211; Legislaci\u00f3n"}]},{"@type":"WebSite","@id":"https:\/\/www.caudete.org\/ayuntamiento\/#website","url":"https:\/\/www.caudete.org\/ayuntamiento\/","name":"MI Ayuntamiento de Caudete","description":"P\u00e1gina Oficial del MI Ayuntamiento de Caudete","potentialAction":[{"@type":"SearchAction","target":{"@type":"EntryPoint","urlTemplate":"https:\/\/www.caudete.org\/ayuntamiento\/?s={search_term_string}"},"query-input":{"@type":"PropertyValueSpecification","valueRequired":true,"valueName":"search_term_string"}}],"inLanguage":"es"}]}},"_links":{"self":[{"href":"https:\/\/www.caudete.org\/ayuntamiento\/wp-json\/wp\/v2\/pages\/6406","targetHints":{"allow":["GET"]}}],"collection":[{"href":"https:\/\/www.caudete.org\/ayuntamiento\/wp-json\/wp\/v2\/pages"}],"about":[{"href":"https:\/\/www.caudete.org\/ayuntamiento\/wp-json\/wp\/v2\/types\/page"}],"author":[{"embeddable":true,"href":"https:\/\/www.caudete.org\/ayuntamiento\/wp-json\/wp\/v2\/users\/1"}],"replies":[{"embeddable":true,"href":"https:\/\/www.caudete.org\/ayuntamiento\/wp-json\/wp\/v2\/comments?post=6406"}],"version-history":[{"count":20,"href":"https:\/\/www.caudete.org\/ayuntamiento\/wp-json\/wp\/v2\/pages\/6406\/revisions"}],"predecessor-version":[{"id":26744,"href":"https:\/\/www.caudete.org\/ayuntamiento\/wp-json\/wp\/v2\/pages\/6406\/revisions\/26744"}],"wp:attachment":[{"href":"https:\/\/www.caudete.org\/ayuntamiento\/wp-json\/wp\/v2\/media?parent=6406"}],"wp:term":[{"taxonomy":"category","embeddable":true,"href":"https:\/\/www.caudete.org\/ayuntamiento\/wp-json\/wp\/v2\/categories?post=6406"},{"taxonomy":"post_tag","embeddable":true,"href":"https:\/\/www.caudete.org\/ayuntamiento\/wp-json\/wp\/v2\/tags?post=6406"}],"curies":[{"name":"wp","href":"https:\/\/api.w.org\/{rel}","templated":true}]}}