{"id":6410,"date":"2020-12-04T20:52:42","date_gmt":"2020-12-04T19:52:42","guid":{"rendered":"http:\/\/www.caudete.org\/ayuntamiento\/?page_id=6410"},"modified":"2020-12-05T13:51:54","modified_gmt":"2020-12-05T12:51:54","slug":"obras-y-urbanismo-enlaces","status":"publish","type":"page","link":"https:\/\/www.caudete.org\/ayuntamiento\/obras-y-urbanismo-enlaces\/","title":{"rendered":"Obras y Urbanismo &#8211; Enlaces"},"content":{"rendered":"<ul>\n<li><a href=\"https:\/\/www.mapa.gob.es\/es\/agricultura\/temas\/sistema-de-informacion-geografica-de-parcelas-agricolas-sigpac-\/default.aspx\" target=\"_blank\" rel=\"noopener noreferrer nofollow\">SIGPAC. Ortofotos parcelas agr\u00edcolas<\/a><\/li>\n<li><a href=\"https:\/\/www.mapa.gob.es\/es\/agricultura\/temas\/producciones-agricolas\/aceite-oliva-y-aceituna-mesa\/aceite.aspx\" target=\"_blank\" rel=\"noopener noreferrer nofollow\">SISTEMA INFORMACI\u00d3N GEOGR\u00c1FICA OLE\u00cdCOLA. Ortofotos y censo de olivos<\/a><\/li>\n<li><a href=\"https:\/\/www.sedecatastro.gob.es\/\" target=\"_blank\" rel=\"noopener noreferrer nofollow\">OFICINA VIRTUAL DEL CATASTRO. Planimetr\u00eda y consultas catastrales<\/a><\/li>\n<li><a href=\"http:\/\/www.codigotecnico.org\" target=\"_blank\" rel=\"noopener noreferrer nofollow\">CODIGO T\u00c9CNICO DE LA EDIFICACI\u00d3N<\/a><\/li>\n<li><a href=\"https:\/\/www.mitma.gob.es\/arquitectura-vivienda-y-suelo\/programas-de-ayudas-a-la-vivienda\" target=\"_blank\" rel=\"noopener noreferrer nofollow\">MINISTERIO DE VIVIENDA. Ayudas y subvenciones a viviendas<\/a><\/li>\n<li><a href=\"http:\/\/docm.jccm.es\" target=\"_blank\" rel=\"noopener noreferrer nofollow\">DIARIO OFICIAL DE CASTILLA-LA MANCHA<\/a><\/li>\n<li><a href=\"http:\/\/www.dipualba.es\/WebBop\/?s=i\" target=\"_blank\" rel=\"noopener noreferrer nofollow\">BOLET\u00cdN OFICIAL DE LA PROVINCIA DE ALBACETE<\/a><\/li>\n<li><a href=\"http:\/\/www.boe.es\" target=\"_blank\" rel=\"noopener noreferrer nofollow\">BOLETIN OFICIAL DEL ESTADO<\/a><\/li>\n<\/ul>\n","protected":false},"excerpt":{"rendered":"<p>SIGPAC. Ortofotos parcelas agr\u00edcolas SISTEMA INFORMACI\u00d3N GEOGR\u00c1FICA OLE\u00cdCOLA. Ortofotos y censo de olivos OFICINA VIRTUAL DEL CATASTRO. Planimetr\u00eda y consultas catastrales CODIGO T\u00c9CNICO DE LA EDIFICACI\u00d3N MINISTERIO DE VIVIENDA. Ayudas y subvenciones a viviendas DIARIO OFICIAL DE CASTILLA-LA MANCHA BOLET\u00cdN OFICIAL DE LA PROVINCIA DE ALBACETE BOLETIN OFICIAL DEL ESTADO<\/p>\n","protected":false},"author":1,"featured_media":0,"parent":0,"menu_order":0,"comment_status":"closed","ping_status":"closed","template":"","meta":{"ngg_post_thumbnail":0,"footnotes":""},"categories":[92,99],"tags":[],"class_list":["post-6410","page","type-page","status-publish","hentry","category-obras-y-urbanismo","category-obras-y-urbanismo-2"],"yoast_head":"<!-- This site is optimized with the Yoast SEO plugin v27.5 - https:\/\/yoast.com\/product\/yoast-seo-wordpress\/ -->\n<title>Obras y Urbanismo - Enlaces - MI Ayuntamiento de Caudete<\/title>\n<meta name=\"description\" content=\"P\u00e1gina Oficial del Ayuntamiento de Caudete (Albacete)\" \/>\n<meta name=\"robots\" content=\"index, follow, max-snippet:-1, max-image-preview:large, max-video-preview:-1\" \/>\n<link rel=\"canonical\" href=\"https:\/\/www.caudete.org\/ayuntamiento\/obras-y-urbanismo-enlaces\/\" \/>\n<meta property=\"og:locale\" content=\"es_ES\" \/>\n<meta property=\"og:type\" content=\"article\" \/>\n<meta property=\"og:title\" content=\"Obras y Urbanismo - Enlaces - MI Ayuntamiento de Caudete\" \/>\n<meta property=\"og:description\" content=\"P\u00e1gina Oficial del Ayuntamiento de Caudete (Albacete)\" \/>\n<meta property=\"og:url\" content=\"https:\/\/www.caudete.org\/ayuntamiento\/obras-y-urbanismo-enlaces\/\" \/>\n<meta property=\"og:site_name\" content=\"MI Ayuntamiento de Caudete\" \/>\n<meta property=\"article:publisher\" content=\"https:\/\/www.facebook.com\/ayuntamientocaudete\/\" \/>\n<meta property=\"article:modified_time\" content=\"2020-12-05T12:51:54+00:00\" \/>\n<meta name=\"twitter:card\" content=\"summary_large_image\" \/>\n<script type=\"application\/ld+json\" class=\"yoast-schema-graph\">{\"@context\":\"https:\\\/\\\/schema.org\",\"@graph\":[{\"@type\":\"WebPage\",\"@id\":\"https:\\\/\\\/www.caudete.org\\\/ayuntamiento\\\/obras-y-urbanismo-enlaces\\\/\",\"url\":\"https:\\\/\\\/www.caudete.org\\\/ayuntamiento\\\/obras-y-urbanismo-enlaces\\\/\",\"name\":\"Obras y Urbanismo - Enlaces - MI Ayuntamiento de Caudete\",\"isPartOf\":{\"@id\":\"https:\\\/\\\/www.caudete.org\\\/ayuntamiento\\\/#website\"},\"datePublished\":\"2020-12-04T19:52:42+00:00\",\"dateModified\":\"2020-12-05T12:51:54+00:00\",\"description\":\"P\u00e1gina Oficial del Ayuntamiento de Caudete (Albacete)\",\"breadcrumb\":{\"@id\":\"https:\\\/\\\/www.caudete.org\\\/ayuntamiento\\\/obras-y-urbanismo-enlaces\\\/#breadcrumb\"},\"inLanguage\":\"es\",\"potentialAction\":[{\"@type\":\"ReadAction\",\"target\":[\"https:\\\/\\\/www.caudete.org\\\/ayuntamiento\\\/obras-y-urbanismo-enlaces\\\/\"]}]},{\"@type\":\"BreadcrumbList\",\"@id\":\"https:\\\/\\\/www.caudete.org\\\/ayuntamiento\\\/obras-y-urbanismo-enlaces\\\/#breadcrumb\",\"itemListElement\":[{\"@type\":\"ListItem\",\"position\":1,\"name\":\"Inicio\",\"item\":\"https:\\\/\\\/www.caudete.org\\\/ayuntamiento\\\/\"},{\"@type\":\"ListItem\",\"position\":2,\"name\":\"Obras y Urbanismo &#8211; Enlaces\"}]},{\"@type\":\"WebSite\",\"@id\":\"https:\\\/\\\/www.caudete.org\\\/ayuntamiento\\\/#website\",\"url\":\"https:\\\/\\\/www.caudete.org\\\/ayuntamiento\\\/\",\"name\":\"MI Ayuntamiento de Caudete\",\"description\":\"P\u00e1gina Oficial del MI Ayuntamiento de Caudete\",\"potentialAction\":[{\"@type\":\"SearchAction\",\"target\":{\"@type\":\"EntryPoint\",\"urlTemplate\":\"https:\\\/\\\/www.caudete.org\\\/ayuntamiento\\\/?s={search_term_string}\"},\"query-input\":{\"@type\":\"PropertyValueSpecification\",\"valueRequired\":true,\"valueName\":\"search_term_string\"}}],\"inLanguage\":\"es\"}]}<\/script>\n<!-- \/ Yoast SEO plugin. -->","yoast_head_json":{"title":"Obras y Urbanismo - Enlaces - MI Ayuntamiento de Caudete","description":"P\u00e1gina Oficial del Ayuntamiento de Caudete (Albacete)","robots":{"index":"index","follow":"follow","max-snippet":"max-snippet:-1","max-image-preview":"max-image-preview:large","max-video-preview":"max-video-preview:-1"},"canonical":"https:\/\/www.caudete.org\/ayuntamiento\/obras-y-urbanismo-enlaces\/","og_locale":"es_ES","og_type":"article","og_title":"Obras y Urbanismo - Enlaces - MI Ayuntamiento de Caudete","og_description":"P\u00e1gina Oficial del Ayuntamiento de Caudete (Albacete)","og_url":"https:\/\/www.caudete.org\/ayuntamiento\/obras-y-urbanismo-enlaces\/","og_site_name":"MI Ayuntamiento de Caudete","article_publisher":"https:\/\/www.facebook.com\/ayuntamientocaudete\/","article_modified_time":"2020-12-05T12:51:54+00:00","twitter_card":"summary_large_image","schema":{"@context":"https:\/\/schema.org","@graph":[{"@type":"WebPage","@id":"https:\/\/www.caudete.org\/ayuntamiento\/obras-y-urbanismo-enlaces\/","url":"https:\/\/www.caudete.org\/ayuntamiento\/obras-y-urbanismo-enlaces\/","name":"Obras y Urbanismo - Enlaces - MI Ayuntamiento de Caudete","isPartOf":{"@id":"https:\/\/www.caudete.org\/ayuntamiento\/#website"},"datePublished":"2020-12-04T19:52:42+00:00","dateModified":"2020-12-05T12:51:54+00:00","description":"P\u00e1gina Oficial del Ayuntamiento de Caudete (Albacete)","breadcrumb":{"@id":"https:\/\/www.caudete.org\/ayuntamiento\/obras-y-urbanismo-enlaces\/#breadcrumb"},"inLanguage":"es","potentialAction":[{"@type":"ReadAction","target":["https:\/\/www.caudete.org\/ayuntamiento\/obras-y-urbanismo-enlaces\/"]}]},{"@type":"BreadcrumbList","@id":"https:\/\/www.caudete.org\/ayuntamiento\/obras-y-urbanismo-enlaces\/#breadcrumb","itemListElement":[{"@type":"ListItem","position":1,"name":"Inicio","item":"https:\/\/www.caudete.org\/ayuntamiento\/"},{"@type":"ListItem","position":2,"name":"Obras y Urbanismo &#8211; Enlaces"}]},{"@type":"WebSite","@id":"https:\/\/www.caudete.org\/ayuntamiento\/#website","url":"https:\/\/www.caudete.org\/ayuntamiento\/","name":"MI Ayuntamiento de Caudete","description":"P\u00e1gina Oficial del MI Ayuntamiento de Caudete","potentialAction":[{"@type":"SearchAction","target":{"@type":"EntryPoint","urlTemplate":"https:\/\/www.caudete.org\/ayuntamiento\/?s={search_term_string}"},"query-input":{"@type":"PropertyValueSpecification","valueRequired":true,"valueName":"search_term_string"}}],"inLanguage":"es"}]}},"_links":{"self":[{"href":"https:\/\/www.caudete.org\/ayuntamiento\/wp-json\/wp\/v2\/pages\/6410","targetHints":{"allow":["GET"]}}],"collection":[{"href":"https:\/\/www.caudete.org\/ayuntamiento\/wp-json\/wp\/v2\/pages"}],"about":[{"href":"https:\/\/www.caudete.org\/ayuntamiento\/wp-json\/wp\/v2\/types\/page"}],"author":[{"embeddable":true,"href":"https:\/\/www.caudete.org\/ayuntamiento\/wp-json\/wp\/v2\/users\/1"}],"replies":[{"embeddable":true,"href":"https:\/\/www.caudete.org\/ayuntamiento\/wp-json\/wp\/v2\/comments?post=6410"}],"version-history":[{"count":7,"href":"https:\/\/www.caudete.org\/ayuntamiento\/wp-json\/wp\/v2\/pages\/6410\/revisions"}],"predecessor-version":[{"id":6415,"href":"https:\/\/www.caudete.org\/ayuntamiento\/wp-json\/wp\/v2\/pages\/6410\/revisions\/6415"}],"wp:attachment":[{"href":"https:\/\/www.caudete.org\/ayuntamiento\/wp-json\/wp\/v2\/media?parent=6410"}],"wp:term":[{"taxonomy":"category","embeddable":true,"href":"https:\/\/www.caudete.org\/ayuntamiento\/wp-json\/wp\/v2\/categories?post=6410"},{"taxonomy":"post_tag","embeddable":true,"href":"https:\/\/www.caudete.org\/ayuntamiento\/wp-json\/wp\/v2\/tags?post=6410"}],"curies":[{"name":"wp","href":"https:\/\/api.w.org\/{rel}","templated":true}]}}