{"id":6431,"date":"2020-12-04T21:24:02","date_gmt":"2020-12-04T20:24:02","guid":{"rendered":"http:\/\/www.caudete.org\/ayuntamiento\/?page_id=6431"},"modified":"2020-12-04T21:29:50","modified_gmt":"2020-12-04T20:29:50","slug":"omic-enlaces-de-interes","status":"publish","type":"page","link":"https:\/\/www.caudete.org\/ayuntamiento\/omic-enlaces-de-interes\/","title":{"rendered":"OMIC &#8211; Enlaces de inter\u00e9s"},"content":{"rendered":"<div id=\"recuadro_not\">\n<p>Estos son los enlaces que se recomiendan desde esta Oficina de Informaci\u00f3n al Consumidor.<\/p>\n<\/div>\n<div id=\"enlaces\">\n<p><strong>Enlaces relacionados<\/strong><\/p>\n<ul>\n<li><a href=\"https:\/\/www.mscbs.gob.es\/servCiudadanos\/consumo\/home.htm\" target=\"_blank\" rel=\"noopener noreferrer nofollow\">Instituto Nacional de Consumo<\/a><\/li>\n<li><a href=\"http:\/\/www.jccm.es\" target=\"_blank\" rel=\"noopener noreferrer nofollow\">Junta de Comunidades de Castilla La Mancha<\/a><\/li>\n<li><a href=\"https:\/\/www.aepd.es\/es\" target=\"_blank\" rel=\"noopener noreferrer nofollow\">Agencia de Protecci\u00f3n de Datos<\/a><\/li>\n<li><a href=\"http:\/\/www.aena.es\" target=\"_blank\" rel=\"noopener noreferrer nofollow\">Agencia Espa\u00f1ola y Navegaci\u00f3n a\u00e9rea AENA<\/a><\/li>\n<li><a href=\"http:\/\/www.usuariosteleco.es\" target=\"_blank\" rel=\"noopener noreferrer nofollow\">Usuarios de Telecomunicaciones<\/a><\/li>\n<li><a href=\"http:\/\/www.fomento.es\" target=\"_blank\" rel=\"noopener noreferrer nofollow\">Ministerio de Fomento<\/a><\/li>\n<li><a href=\"http:\/\/www.bde.es\/clientebanca\" target=\"_blank\" rel=\"noopener noreferrer nofollow\">Banco de Espa\u00f1a<\/a><\/li>\n<li><a href=\"https:\/\/www.castillalamancha.es\/tema\/industria-y-tecnolog%C3%ADa\/industria-y-energ%C3%ADa\" target=\"_blank\" rel=\"noopener noreferrer nofollow\">Agencia de la Energ\u00eda de Castilla La Mancha<\/a><\/li>\n<li><a href=\"https:\/\/consumo.castillalamancha.es\/\" target=\"_blank\" rel=\"noopener noreferrer nofollow\">Consumo-JCCM<\/a><\/li>\n<\/ul>\n<\/div>\n","protected":false},"excerpt":{"rendered":"<p>Estos son los enlaces que se recomiendan desde esta Oficina de Informaci\u00f3n al Consumidor. Enlaces relacionados Instituto Nacional de Consumo Junta de Comunidades de Castilla La Mancha Agencia de Protecci\u00f3n de Datos Agencia Espa\u00f1ola y Navegaci\u00f3n a\u00e9rea AENA Usuarios de Telecomunicaciones Ministerio de Fomento Banco de Espa\u00f1a Agencia de la Energ\u00eda de Castilla La Mancha &hellip;<\/p>\n","protected":false},"author":1,"featured_media":0,"parent":0,"menu_order":0,"comment_status":"closed","ping_status":"closed","template":"","meta":{"ngg_post_thumbnail":0,"footnotes":""},"categories":[93],"tags":[],"class_list":["post-6431","page","type-page","status-publish","hentry","category-omic"],"yoast_head":"<!-- This site is optimized with the Yoast SEO plugin v27.5 - https:\/\/yoast.com\/product\/yoast-seo-wordpress\/ -->\n<title>OMIC - Enlaces de inter\u00e9s - MI Ayuntamiento de Caudete<\/title>\n<meta name=\"description\" content=\"P\u00e1gina Oficial del Ayuntamiento de Caudete (Albacete)\" \/>\n<meta name=\"robots\" content=\"index, follow, max-snippet:-1, max-image-preview:large, max-video-preview:-1\" \/>\n<link rel=\"canonical\" href=\"https:\/\/www.caudete.org\/ayuntamiento\/omic-enlaces-de-interes\/\" \/>\n<meta property=\"og:locale\" content=\"es_ES\" \/>\n<meta property=\"og:type\" content=\"article\" \/>\n<meta property=\"og:title\" content=\"OMIC - Enlaces de inter\u00e9s - MI Ayuntamiento de Caudete\" \/>\n<meta property=\"og:description\" content=\"P\u00e1gina Oficial del Ayuntamiento de Caudete (Albacete)\" \/>\n<meta property=\"og:url\" content=\"https:\/\/www.caudete.org\/ayuntamiento\/omic-enlaces-de-interes\/\" \/>\n<meta property=\"og:site_name\" content=\"MI Ayuntamiento de Caudete\" \/>\n<meta property=\"article:publisher\" content=\"https:\/\/www.facebook.com\/ayuntamientocaudete\/\" \/>\n<meta property=\"article:modified_time\" content=\"2020-12-04T20:29:50+00:00\" \/>\n<meta name=\"twitter:card\" content=\"summary_large_image\" \/>\n<script type=\"application\/ld+json\" class=\"yoast-schema-graph\">{\"@context\":\"https:\\\/\\\/schema.org\",\"@graph\":[{\"@type\":\"WebPage\",\"@id\":\"https:\\\/\\\/www.caudete.org\\\/ayuntamiento\\\/omic-enlaces-de-interes\\\/\",\"url\":\"https:\\\/\\\/www.caudete.org\\\/ayuntamiento\\\/omic-enlaces-de-interes\\\/\",\"name\":\"OMIC - Enlaces de inter\u00e9s - MI Ayuntamiento de Caudete\",\"isPartOf\":{\"@id\":\"https:\\\/\\\/www.caudete.org\\\/ayuntamiento\\\/#website\"},\"datePublished\":\"2020-12-04T20:24:02+00:00\",\"dateModified\":\"2020-12-04T20:29:50+00:00\",\"description\":\"P\u00e1gina Oficial del Ayuntamiento de Caudete (Albacete)\",\"breadcrumb\":{\"@id\":\"https:\\\/\\\/www.caudete.org\\\/ayuntamiento\\\/omic-enlaces-de-interes\\\/#breadcrumb\"},\"inLanguage\":\"es\",\"potentialAction\":[{\"@type\":\"ReadAction\",\"target\":[\"https:\\\/\\\/www.caudete.org\\\/ayuntamiento\\\/omic-enlaces-de-interes\\\/\"]}]},{\"@type\":\"BreadcrumbList\",\"@id\":\"https:\\\/\\\/www.caudete.org\\\/ayuntamiento\\\/omic-enlaces-de-interes\\\/#breadcrumb\",\"itemListElement\":[{\"@type\":\"ListItem\",\"position\":1,\"name\":\"Inicio\",\"item\":\"https:\\\/\\\/www.caudete.org\\\/ayuntamiento\\\/\"},{\"@type\":\"ListItem\",\"position\":2,\"name\":\"OMIC &#8211; Enlaces de inter\u00e9s\"}]},{\"@type\":\"WebSite\",\"@id\":\"https:\\\/\\\/www.caudete.org\\\/ayuntamiento\\\/#website\",\"url\":\"https:\\\/\\\/www.caudete.org\\\/ayuntamiento\\\/\",\"name\":\"MI Ayuntamiento de Caudete\",\"description\":\"P\u00e1gina Oficial del MI Ayuntamiento de Caudete\",\"potentialAction\":[{\"@type\":\"SearchAction\",\"target\":{\"@type\":\"EntryPoint\",\"urlTemplate\":\"https:\\\/\\\/www.caudete.org\\\/ayuntamiento\\\/?s={search_term_string}\"},\"query-input\":{\"@type\":\"PropertyValueSpecification\",\"valueRequired\":true,\"valueName\":\"search_term_string\"}}],\"inLanguage\":\"es\"}]}<\/script>\n<!-- \/ Yoast SEO plugin. -->","yoast_head_json":{"title":"OMIC - Enlaces de inter\u00e9s - MI Ayuntamiento de Caudete","description":"P\u00e1gina Oficial del Ayuntamiento de Caudete (Albacete)","robots":{"index":"index","follow":"follow","max-snippet":"max-snippet:-1","max-image-preview":"max-image-preview:large","max-video-preview":"max-video-preview:-1"},"canonical":"https:\/\/www.caudete.org\/ayuntamiento\/omic-enlaces-de-interes\/","og_locale":"es_ES","og_type":"article","og_title":"OMIC - Enlaces de inter\u00e9s - MI Ayuntamiento de Caudete","og_description":"P\u00e1gina Oficial del Ayuntamiento de Caudete (Albacete)","og_url":"https:\/\/www.caudete.org\/ayuntamiento\/omic-enlaces-de-interes\/","og_site_name":"MI Ayuntamiento de Caudete","article_publisher":"https:\/\/www.facebook.com\/ayuntamientocaudete\/","article_modified_time":"2020-12-04T20:29:50+00:00","twitter_card":"summary_large_image","schema":{"@context":"https:\/\/schema.org","@graph":[{"@type":"WebPage","@id":"https:\/\/www.caudete.org\/ayuntamiento\/omic-enlaces-de-interes\/","url":"https:\/\/www.caudete.org\/ayuntamiento\/omic-enlaces-de-interes\/","name":"OMIC - Enlaces de inter\u00e9s - MI Ayuntamiento de Caudete","isPartOf":{"@id":"https:\/\/www.caudete.org\/ayuntamiento\/#website"},"datePublished":"2020-12-04T20:24:02+00:00","dateModified":"2020-12-04T20:29:50+00:00","description":"P\u00e1gina Oficial del Ayuntamiento de Caudete (Albacete)","breadcrumb":{"@id":"https:\/\/www.caudete.org\/ayuntamiento\/omic-enlaces-de-interes\/#breadcrumb"},"inLanguage":"es","potentialAction":[{"@type":"ReadAction","target":["https:\/\/www.caudete.org\/ayuntamiento\/omic-enlaces-de-interes\/"]}]},{"@type":"BreadcrumbList","@id":"https:\/\/www.caudete.org\/ayuntamiento\/omic-enlaces-de-interes\/#breadcrumb","itemListElement":[{"@type":"ListItem","position":1,"name":"Inicio","item":"https:\/\/www.caudete.org\/ayuntamiento\/"},{"@type":"ListItem","position":2,"name":"OMIC &#8211; Enlaces de inter\u00e9s"}]},{"@type":"WebSite","@id":"https:\/\/www.caudete.org\/ayuntamiento\/#website","url":"https:\/\/www.caudete.org\/ayuntamiento\/","name":"MI Ayuntamiento de Caudete","description":"P\u00e1gina Oficial del MI Ayuntamiento de Caudete","potentialAction":[{"@type":"SearchAction","target":{"@type":"EntryPoint","urlTemplate":"https:\/\/www.caudete.org\/ayuntamiento\/?s={search_term_string}"},"query-input":{"@type":"PropertyValueSpecification","valueRequired":true,"valueName":"search_term_string"}}],"inLanguage":"es"}]}},"_links":{"self":[{"href":"https:\/\/www.caudete.org\/ayuntamiento\/wp-json\/wp\/v2\/pages\/6431","targetHints":{"allow":["GET"]}}],"collection":[{"href":"https:\/\/www.caudete.org\/ayuntamiento\/wp-json\/wp\/v2\/pages"}],"about":[{"href":"https:\/\/www.caudete.org\/ayuntamiento\/wp-json\/wp\/v2\/types\/page"}],"author":[{"embeddable":true,"href":"https:\/\/www.caudete.org\/ayuntamiento\/wp-json\/wp\/v2\/users\/1"}],"replies":[{"embeddable":true,"href":"https:\/\/www.caudete.org\/ayuntamiento\/wp-json\/wp\/v2\/comments?post=6431"}],"version-history":[{"count":3,"href":"https:\/\/www.caudete.org\/ayuntamiento\/wp-json\/wp\/v2\/pages\/6431\/revisions"}],"predecessor-version":[{"id":6433,"href":"https:\/\/www.caudete.org\/ayuntamiento\/wp-json\/wp\/v2\/pages\/6431\/revisions\/6433"}],"wp:attachment":[{"href":"https:\/\/www.caudete.org\/ayuntamiento\/wp-json\/wp\/v2\/media?parent=6431"}],"wp:term":[{"taxonomy":"category","embeddable":true,"href":"https:\/\/www.caudete.org\/ayuntamiento\/wp-json\/wp\/v2\/categories?post=6431"},{"taxonomy":"post_tag","embeddable":true,"href":"https:\/\/www.caudete.org\/ayuntamiento\/wp-json\/wp\/v2\/tags?post=6431"}],"curies":[{"name":"wp","href":"https:\/\/api.w.org\/{rel}","templated":true}]}}