{"id":6442,"date":"2020-12-05T11:33:01","date_gmt":"2020-12-05T10:33:01","guid":{"rendered":"http:\/\/www.caudete.org\/ayuntamiento\/?page_id=6442"},"modified":"2020-12-05T13:47:27","modified_gmt":"2020-12-05T12:47:27","slug":"policia-local-presentacion","status":"publish","type":"page","link":"https:\/\/www.caudete.org\/ayuntamiento\/policia-local-presentacion\/","title":{"rendered":"Polic\u00eda Local &#8211; Presentaci\u00f3n"},"content":{"rendered":"<div id=\"recuadro_not\">\n<div style=\"text-align: justify;\">Tel\u00e9fono: 96 582 70 34 | Fax: 96 582 82 71<br \/>\nC\/ El Mercado, 4 &#8211; <strong>Caudete<\/strong><\/div>\n<div style=\"text-align: justify;\">\n<hr>\n<\/div>\n<p style=\"text-align: justify;\">Les presentamos en esta web a la Polic\u00eda Local de Caudete con el fin de mejorar el servicio que este Cuerpo presta a la ciudadan\u00eda.<\/p>\n<p style=\"text-align: justify;\">La Polic\u00eda Local de Caudete es hoy un colectivo de profesionales en contacto directo con los vecinos del municipio que, a trav\u00e9s de esta p\u00e1gina, pretende profundizar en esas relaciones, propiciando que cada vez exista una mayor proximidad entre el ciudadano y su Polic\u00eda.<\/p>\n<p style=\"text-align: justify;\">La presente pagina Web ha sido creada con el objetivo de informar al mayor n\u00famero de ciudadanos de los servicios que presta la Polic\u00eda Local, y a la vez ser utilizada tambi\u00e9n como soporte en el que se vaya recogiendo el d\u00eda a d\u00eda del Cuerpo. Es por lo tanto, un punto de encuentro de todos los componentes que integran este colectivo con el que se trata de establecer, de forma moderna y con el empleo adecuado de las nuevas tecnolog\u00edas, un nexo de uni\u00f3n entre \u00e9stos y los ciudadanos.<\/p>\n<p style=\"text-align: justify;\">La red permite hoy en d\u00eda ofrecer servicios, informar, emprender tr\u00e1mites o realizar consultas a cualquier hora del d\u00eda. Por esa raz\u00f3n, desde el Equipo de Gobierno ponemos en valor la importancia de que la Polic\u00eda Local de Caudete est\u00e9 presente en Internet, poniendo a disposici\u00f3n de sus vecinos su ayuda y protecci\u00f3n.<\/p>\n<p style=\"text-align: justify;\">Desde esta herramienta que nos ofrece el ciberespacio para estar en permanente contacto con los vecinos, les mando un saludo y les invito a conocer esta p\u00e1gina y, sobre todo, sacar el m\u00e1ximo provecho de las oportunidades que ofrece.<\/p>\n<div class=\"clear\">&nbsp;<\/div>\n<\/div>\n<div id=\"enlaces\">\n<p><strong>Enlaces relacionados<\/strong><\/p>\n<hr>\n<ul>\n<li><a href=\"http:\/\/www.interior.gob.es\/\" target=\"_blank\" rel=\"noopener noreferrer nofollow\">Ministerio del Interior<\/a><\/li>\n<\/ul>\n<\/div>\n","protected":false},"excerpt":{"rendered":"<p>Tel\u00e9fono: 96 582 70 34 | Fax: 96 582 82 71 C\/ El Mercado, 4 &#8211; Caudete Les presentamos en esta web a la Polic\u00eda Local de Caudete con el fin de mejorar el servicio que este Cuerpo presta a la ciudadan\u00eda. La Polic\u00eda Local de Caudete es hoy un colectivo de profesionales en contacto &hellip;<\/p>\n","protected":false},"author":1,"featured_media":0,"parent":0,"menu_order":0,"comment_status":"closed","ping_status":"closed","template":"","meta":{"ngg_post_thumbnail":0,"footnotes":""},"categories":[35,97],"tags":[],"class_list":["post-6442","page","type-page","status-publish","hentry","category-policia-local","category-policia-local-2"],"yoast_head":"<!-- This site is optimized with the Yoast SEO plugin v27.5 - https:\/\/yoast.com\/product\/yoast-seo-wordpress\/ -->\n<title>Polic\u00eda Local - Presentaci\u00f3n - MI Ayuntamiento de Caudete<\/title>\n<meta name=\"description\" content=\"P\u00e1gina Oficial del Ayuntamiento de Caudete (Albacete)\" \/>\n<meta name=\"robots\" content=\"index, follow, max-snippet:-1, max-image-preview:large, max-video-preview:-1\" \/>\n<link rel=\"canonical\" href=\"https:\/\/www.caudete.org\/ayuntamiento\/policia-local-presentacion\/\" \/>\n<meta property=\"og:locale\" content=\"es_ES\" \/>\n<meta property=\"og:type\" content=\"article\" \/>\n<meta property=\"og:title\" content=\"Polic\u00eda Local - Presentaci\u00f3n - MI Ayuntamiento de Caudete\" \/>\n<meta property=\"og:description\" content=\"P\u00e1gina Oficial del Ayuntamiento de Caudete (Albacete)\" \/>\n<meta property=\"og:url\" content=\"https:\/\/www.caudete.org\/ayuntamiento\/policia-local-presentacion\/\" \/>\n<meta property=\"og:site_name\" content=\"MI Ayuntamiento de Caudete\" \/>\n<meta property=\"article:publisher\" content=\"https:\/\/www.facebook.com\/ayuntamientocaudete\/\" \/>\n<meta property=\"article:modified_time\" content=\"2020-12-05T12:47:27+00:00\" \/>\n<meta name=\"twitter:card\" content=\"summary_large_image\" \/>\n<meta name=\"twitter:label1\" content=\"Tiempo de lectura\" \/>\n\t<meta name=\"twitter:data1\" content=\"1 minuto\" \/>\n<script type=\"application\/ld+json\" class=\"yoast-schema-graph\">{\"@context\":\"https:\\\/\\\/schema.org\",\"@graph\":[{\"@type\":\"WebPage\",\"@id\":\"https:\\\/\\\/www.caudete.org\\\/ayuntamiento\\\/policia-local-presentacion\\\/\",\"url\":\"https:\\\/\\\/www.caudete.org\\\/ayuntamiento\\\/policia-local-presentacion\\\/\",\"name\":\"Polic\u00eda Local - Presentaci\u00f3n - MI Ayuntamiento de Caudete\",\"isPartOf\":{\"@id\":\"https:\\\/\\\/www.caudete.org\\\/ayuntamiento\\\/#website\"},\"datePublished\":\"2020-12-05T10:33:01+00:00\",\"dateModified\":\"2020-12-05T12:47:27+00:00\",\"description\":\"P\u00e1gina Oficial del Ayuntamiento de Caudete (Albacete)\",\"breadcrumb\":{\"@id\":\"https:\\\/\\\/www.caudete.org\\\/ayuntamiento\\\/policia-local-presentacion\\\/#breadcrumb\"},\"inLanguage\":\"es\",\"potentialAction\":[{\"@type\":\"ReadAction\",\"target\":[\"https:\\\/\\\/www.caudete.org\\\/ayuntamiento\\\/policia-local-presentacion\\\/\"]}]},{\"@type\":\"BreadcrumbList\",\"@id\":\"https:\\\/\\\/www.caudete.org\\\/ayuntamiento\\\/policia-local-presentacion\\\/#breadcrumb\",\"itemListElement\":[{\"@type\":\"ListItem\",\"position\":1,\"name\":\"Inicio\",\"item\":\"https:\\\/\\\/www.caudete.org\\\/ayuntamiento\\\/\"},{\"@type\":\"ListItem\",\"position\":2,\"name\":\"Polic\u00eda Local &#8211; Presentaci\u00f3n\"}]},{\"@type\":\"WebSite\",\"@id\":\"https:\\\/\\\/www.caudete.org\\\/ayuntamiento\\\/#website\",\"url\":\"https:\\\/\\\/www.caudete.org\\\/ayuntamiento\\\/\",\"name\":\"MI Ayuntamiento de Caudete\",\"description\":\"P\u00e1gina Oficial del MI Ayuntamiento de Caudete\",\"potentialAction\":[{\"@type\":\"SearchAction\",\"target\":{\"@type\":\"EntryPoint\",\"urlTemplate\":\"https:\\\/\\\/www.caudete.org\\\/ayuntamiento\\\/?s={search_term_string}\"},\"query-input\":{\"@type\":\"PropertyValueSpecification\",\"valueRequired\":true,\"valueName\":\"search_term_string\"}}],\"inLanguage\":\"es\"}]}<\/script>\n<!-- \/ Yoast SEO plugin. -->","yoast_head_json":{"title":"Polic\u00eda Local - Presentaci\u00f3n - MI Ayuntamiento de Caudete","description":"P\u00e1gina Oficial del Ayuntamiento de Caudete (Albacete)","robots":{"index":"index","follow":"follow","max-snippet":"max-snippet:-1","max-image-preview":"max-image-preview:large","max-video-preview":"max-video-preview:-1"},"canonical":"https:\/\/www.caudete.org\/ayuntamiento\/policia-local-presentacion\/","og_locale":"es_ES","og_type":"article","og_title":"Polic\u00eda Local - Presentaci\u00f3n - MI Ayuntamiento de Caudete","og_description":"P\u00e1gina Oficial del Ayuntamiento de Caudete (Albacete)","og_url":"https:\/\/www.caudete.org\/ayuntamiento\/policia-local-presentacion\/","og_site_name":"MI Ayuntamiento de Caudete","article_publisher":"https:\/\/www.facebook.com\/ayuntamientocaudete\/","article_modified_time":"2020-12-05T12:47:27+00:00","twitter_card":"summary_large_image","twitter_misc":{"Tiempo de lectura":"1 minuto"},"schema":{"@context":"https:\/\/schema.org","@graph":[{"@type":"WebPage","@id":"https:\/\/www.caudete.org\/ayuntamiento\/policia-local-presentacion\/","url":"https:\/\/www.caudete.org\/ayuntamiento\/policia-local-presentacion\/","name":"Polic\u00eda Local - Presentaci\u00f3n - MI Ayuntamiento de Caudete","isPartOf":{"@id":"https:\/\/www.caudete.org\/ayuntamiento\/#website"},"datePublished":"2020-12-05T10:33:01+00:00","dateModified":"2020-12-05T12:47:27+00:00","description":"P\u00e1gina Oficial del Ayuntamiento de Caudete (Albacete)","breadcrumb":{"@id":"https:\/\/www.caudete.org\/ayuntamiento\/policia-local-presentacion\/#breadcrumb"},"inLanguage":"es","potentialAction":[{"@type":"ReadAction","target":["https:\/\/www.caudete.org\/ayuntamiento\/policia-local-presentacion\/"]}]},{"@type":"BreadcrumbList","@id":"https:\/\/www.caudete.org\/ayuntamiento\/policia-local-presentacion\/#breadcrumb","itemListElement":[{"@type":"ListItem","position":1,"name":"Inicio","item":"https:\/\/www.caudete.org\/ayuntamiento\/"},{"@type":"ListItem","position":2,"name":"Polic\u00eda Local &#8211; Presentaci\u00f3n"}]},{"@type":"WebSite","@id":"https:\/\/www.caudete.org\/ayuntamiento\/#website","url":"https:\/\/www.caudete.org\/ayuntamiento\/","name":"MI Ayuntamiento de Caudete","description":"P\u00e1gina Oficial del MI Ayuntamiento de Caudete","potentialAction":[{"@type":"SearchAction","target":{"@type":"EntryPoint","urlTemplate":"https:\/\/www.caudete.org\/ayuntamiento\/?s={search_term_string}"},"query-input":{"@type":"PropertyValueSpecification","valueRequired":true,"valueName":"search_term_string"}}],"inLanguage":"es"}]}},"_links":{"self":[{"href":"https:\/\/www.caudete.org\/ayuntamiento\/wp-json\/wp\/v2\/pages\/6442","targetHints":{"allow":["GET"]}}],"collection":[{"href":"https:\/\/www.caudete.org\/ayuntamiento\/wp-json\/wp\/v2\/pages"}],"about":[{"href":"https:\/\/www.caudete.org\/ayuntamiento\/wp-json\/wp\/v2\/types\/page"}],"author":[{"embeddable":true,"href":"https:\/\/www.caudete.org\/ayuntamiento\/wp-json\/wp\/v2\/users\/1"}],"replies":[{"embeddable":true,"href":"https:\/\/www.caudete.org\/ayuntamiento\/wp-json\/wp\/v2\/comments?post=6442"}],"version-history":[{"count":3,"href":"https:\/\/www.caudete.org\/ayuntamiento\/wp-json\/wp\/v2\/pages\/6442\/revisions"}],"predecessor-version":[{"id":6447,"href":"https:\/\/www.caudete.org\/ayuntamiento\/wp-json\/wp\/v2\/pages\/6442\/revisions\/6447"}],"wp:attachment":[{"href":"https:\/\/www.caudete.org\/ayuntamiento\/wp-json\/wp\/v2\/media?parent=6442"}],"wp:term":[{"taxonomy":"category","embeddable":true,"href":"https:\/\/www.caudete.org\/ayuntamiento\/wp-json\/wp\/v2\/categories?post=6442"},{"taxonomy":"post_tag","embeddable":true,"href":"https:\/\/www.caudete.org\/ayuntamiento\/wp-json\/wp\/v2\/tags?post=6442"}],"curies":[{"name":"wp","href":"https:\/\/api.w.org\/{rel}","templated":true}]}}