{"id":6448,"date":"2020-12-05T11:41:44","date_gmt":"2020-12-05T10:41:44","guid":{"rendered":"http:\/\/www.caudete.org\/ayuntamiento\/?page_id=6448"},"modified":"2020-12-05T13:47:27","modified_gmt":"2020-12-05T12:47:27","slug":"policia-local-prevencion-de-la-drogadiccionl","status":"publish","type":"page","link":"https:\/\/www.caudete.org\/ayuntamiento\/policia-local-prevencion-de-la-drogadiccionl\/","title":{"rendered":"Polic\u00eda Local &#8211; Prevenci\u00f3n de la drogadicci\u00f3n"},"content":{"rendered":"<h2 style=\"text-align: justify;\">\u00bfQU\u00c9 SON LAS DROGAS?<\/h2>\n<p style=\"text-align: justify;\">La Ley 15\/2002 de 11 de julio de 2002 sobre Drogodependencias y otros Trastornos Adictivos de Castilla La Mancha, define el t\u00e9rmino Droga como aquellas sustancias que suministradas al organismo son capaces de generar dependencia y puden provocar cambios en el comportamiento y efectos nocivos para la salud y el bienestar de las personas.<\/p>\n<p style=\"text-align: justify;\">La Drogodependencia se define como una enfermedad cr\u00f3nica y recidivante que afecta al estado f\u00edsico, psicol\u00f3gico y social del individuo, caracterizada por una tendencia compulsiva al consumo de drogas.<\/p>\n<p style=\"text-align: justify;\">En la localidad de Caudete, en Septiembre del a\u00f1o 2006 se aprueba el I Plan Local de Drogas donde aparecen las actuaciones a desarrollar en el \u00e1mbito de las drogodependencias a trav\u00e9s de distintos programas:<\/p>\n<p style=\"text-align: justify;\">1. Programa de Prevenci\u00f3n, Formaci\u00f3n y Educaci\u00f3n.<br \/>\n2. Programa de Asistencia y Reinserci\u00f3n Social.<br \/>\n3. Programa de Promoci\u00f3n del Asociacionismo.<br \/>\n4. Programa de Medidas Legales y Policiales.<br \/>\n5. Programa de Coordinaci\u00f3n de Actuaciones Municipales.<\/p>\n<p style=\"text-align: justify;\">Para m\u00e1s informaci\u00f3n podr\u00e1n dirigirse al Centro Social Madre Elisea de Caudete, en Calle Paracuellos de la Vega n\u00ba 3, \u00f3 llamar el tel\u00e9fono 965 82 79 33<\/p>\n<h2 style=\"text-align: justify;\">Y SI TENGO UN PROBLEMA DE DROGADICCI\u00d3N \u00bfD\u00d3NDE ACUDIR?<\/h2>\n<p style=\"text-align: justify;\">La adicci\u00f3n a las drogas es una enfermedad y por tanto se puede tratar. Esta enfermedad se caracteriza por la p\u00e9rdida de control del uso de alcohol o drogas. Se comporta como cualquier otra enfermedad, es evolutiva y graduable, se inicia con el uso, avanza al abuso y termina en la dependencia; lo m\u00e1s importante es que en el individuo se establece una relaci\u00f3n patol\u00f3gica cada vez m\u00e1s fuerte con la sustancia y deriva en problemas de nivel personal, familiar, laboral y\/o social.<\/p>\n<p style=\"text-align: justify;\">Para recibir tratamiento y asistencia en drogodependencias puedes acudir a los siguientes Centros:<\/p>\n<p style=\"text-align: justify;\">1. Unidad de Conductas Adictivas (UCA): son unidades de tratamiento de tipo ambulatorio y est\u00e1 situado en Almansa, en la Calle Ru\u00edz de Alarc\u00f3n 1-bajo. El n\u00famero de tel\u00e9fono es el 967 31 32 79.<br \/>\n2. Desde los Servicios Sociales de Caudete mantenemos una coordinaci\u00f3n permanente con la UCA de Almansa. Informamos de todas aquellas prestaciones y recursos para lograr la socializaci\u00f3n e integraci\u00f3n de la persona en su entorno cultural, econ\u00f3mico y social, de manera que pueda participar de forma activa en su comunidad, desde una posici\u00f3n de plena autonom\u00eda social<\/p>\n<h2 style=\"text-align: justify;\">Y LOS FAMILIARES \u00bfRECIBEN ALG\u00daN TIPO DE APOYO?<\/h2>\n<p style=\"text-align: justify;\">En Caudete, dos son las Asociaciones que desarrollan actuaciones relacionadoas en el \u00e1mbito de las drogodependencias:<br \/>\nAsociaci\u00f3n de Alcoh\u00f3licos Rehabilitados de Caudete- ARCA: Los encontrar\u00e1s en la C\/Las Eras, n\u00ba 67 Tfno: 965 82 74 32<br \/>\nAsociaci\u00f3n Caudetana de Familiares Afectados por las Drogodependencias \u2013 ACAFAD, ubicados en El Centro Social Madre Elisea. Tfno.: 691860841<\/p>\n<h2 style=\"text-align: justify;\">VENTA Y CONSUMO IL\u00cdCITO DE DROGAS<\/h2>\n<p style=\"text-align: justify;\">Las drogas son sustancias que han existido en todos los periodos hist\u00f3ricos y en todas las culturas. Pese a los esfuerzos de extinguirlas para su fin m\u00e1s l\u00fadico, \u00e9stas siguen estando presentes en mayor o menor medida. Aunque en estas dos \u00faltimas d\u00e9cadas las actuaciones se han orientado prioritariamente a los temas preventivos y educativos, hoy existe acuerdo en la necesidad de abordar esta problem\u00e1tica desde un punto de vista integral. El \u00e1rea legal y policial no es por s\u00ed sola la panacea para la soluci\u00f3n del problema, m\u00e1xime cuando las drogas est\u00e1n siendo sustancias fuertemente demandadas por un sector importante de la poblaci\u00f3n. No obstante, y junto a fuertes medidas de otra \u00edndole, debemos articular medidas legislativas y de control por parte de las fuerzas de seguridad, que contribuyan a impedir y dificultar la circulaci\u00f3n y el f\u00e1cil acceso a estas sustancias, las cuales est\u00e1n desencadenando un problema importante de salud p\u00fablica.<\/p>\n<p style=\"text-align: justify;\">Es importante colaborar con las fuerzas de seguridad para poder limitar la presencia y venta de drogas en la localidad. Por este motivo si observas cualquier situaci\u00f3n relacionada con la venta ilegal y el consumo il\u00edcito de drogas podr\u00e1s dirigirte a:<\/p>\n<p style=\"text-align: justify;\">Polic\u00eda Local de Caudete: C\/ del Mercado, n\u00ba 4 Tfno: 965 82 70 34<br \/>\nGuardia Civil de Caudete: Avenida de Villena n\u00ba 1, Tfno: 965 82 70 04<\/p>\n<h2 style=\"text-align: justify;\">INFORMACI\u00d3N IMPORTANTE<\/h2>\n<p style=\"text-align: justify;\">Aunque la soluci\u00f3n al problema de las drogas nos corresponde a todos, son los padres quienes podr\u00e1n conocer, con mayor facilidad, si sus hijos han iniciado una etapa en que la convivencia con su \u00e1mbito cotidiano (relaci\u00f3n familiar, colegio, amigos, etc.) puede deslizarse por una pendiente peligrosa en la que las drogas aparezcan como una &#8220;v\u00eda de escape&#8221;.<\/p>\n<p style=\"text-align: justify;\">Si su hijo tiene un problema con las drogas, preste especial atenci\u00f3n a estos consejos:<\/p>\n<ul style=\"text-align: justify;\">\n<li>Mantenga la calma y no se alarme.<\/li>\n<li>No le amoneste. Converse y g\u00e1nese su confianza. Trate de conocer su situaci\u00f3n real y pr\u00e9stele todo su apoyo.<\/li>\n<li>No le condene sin escucharle. Trate de conseguir que se vuelva a interesar por algo; incluso, que le ayude en su trabajo. Cualquier tarea que se le encomiende, le har\u00e1 sentirse \u00fatil.<\/li>\n<li>Tenga paciencia. Cambiar su comportamiento no ser\u00e1 f\u00e1cil. Trate de estimularle para iniciar su recuperaci\u00f3n.<\/li>\n<li>P\u00f3ngase en contacto con los centros oficiales de orientaci\u00f3n sobre toxicoman\u00edas que funcionen en su localidad, provincia o comunidad aut\u00f3noma.<\/li>\n<li>Cuando el joven est\u00e9 sometido a tratamiento observe estrictamente las indicaciones del terapeuta y no ceda a las presiones a las que su hijo le someter\u00e1. Que encuentre un aliciente respecto a lo que puede obtener de su familia si \u00e9l asume un papel activo en su recuperaci\u00f3n.<\/li>\n<\/ul>\n<p style=\"text-align: justify;\"><strong>En su mano tambi\u00e9n est\u00e1, en colaboraci\u00f3n con otros sectores sociales, que sus hijos, y todos los suyos, no se inicien en el camino de la droga<\/strong><\/p>\n<ul style=\"text-align: justify;\">\n<li>Procur\u00e1ndoles un hogar acogedor.<\/li>\n<li>Siempre es bueno que sus hijos tengan libertad para invitar a casa a sus amigos, y usted podr\u00e1 conocer as\u00ed sus intereses, sus problemas, sus proyectos de futuro, etc.<\/li>\n<li>Manteniendo abiertos los canales de comunicaci\u00f3n con sus hijos y respetando su enfrentamiento con el mundo que les rodea.<\/li>\n<li>No consumiendo en el hogar drogas legales (medicamentos, alcohol, tabaco, etc.) de una forma que constituya el &#8220;recurso en el que se ahoga&#8221; cualquier problema.<\/li>\n<\/ul>\n<p style=\"text-align: justify;\"><strong>Ficheros adjuntos<\/strong><\/p>\n<hr>\n<p style=\"text-align: justify;\"><a href=\"http:\/\/caudete.org\/ayuntamiento\/eniusimg\/enius146\/2012\/10\/adjuntos_fichero_2238902_c6477237e8c51126.pdf\" class=\"mtli_attachment mtli_pdf\" target=\"_blank\" rel=\"noopener noreferrer nofollow\">\u00bfEstas preparado para cuando tus hijos empiecen con las drogas?<\/a><\/p>\n<p style=\"text-align: justify;\"><a href=\"http:\/\/caudete.org\/ayuntamiento\/eniusimg\/enius146\/2012\/10\/adjuntos_fichero_2238903_f855796a721c3aea.pdf\" class=\"mtli_attachment mtli_pdf\" target=\"_blank\" rel=\"noopener noreferrer nofollow\">Estilos Educativos y consumo de drogas<\/a><\/p>\n<p style=\"text-align: justify;\"><a href=\"http:\/\/caudete.org\/ayuntamiento\/eniusimg\/enius146\/2012\/10\/adjuntos_fichero_2238904_191ddf0a67a50842.pdf\" class=\"mtli_attachment mtli_pdf\" target=\"_blank\" rel=\"noopener noreferrer nofollow\">Los padres frente al botell\u00f3n<\/a><\/p>\n","protected":false},"excerpt":{"rendered":"<p>\u00bfQU\u00c9 SON LAS DROGAS? La Ley 15\/2002 de 11 de julio de 2002 sobre Drogodependencias y otros Trastornos Adictivos de Castilla La Mancha, define el t\u00e9rmino Droga como aquellas sustancias que suministradas al organismo son capaces de generar dependencia y puden provocar cambios en el comportamiento y efectos nocivos para la salud y el bienestar &hellip;<\/p>\n","protected":false},"author":1,"featured_media":0,"parent":0,"menu_order":0,"comment_status":"closed","ping_status":"closed","template":"","meta":{"ngg_post_thumbnail":0,"footnotes":""},"categories":[35,97],"tags":[],"class_list":["post-6448","page","type-page","status-publish","hentry","category-policia-local","category-policia-local-2"],"yoast_head":"<!-- This site is optimized with the Yoast SEO plugin v27.5 - https:\/\/yoast.com\/product\/yoast-seo-wordpress\/ -->\n<title>Polic\u00eda Local - Prevenci\u00f3n de la drogadicci\u00f3n - MI Ayuntamiento de Caudete<\/title>\n<meta name=\"description\" content=\"P\u00e1gina Oficial del Ayuntamiento de Caudete (Albacete)\" \/>\n<meta name=\"robots\" content=\"index, follow, max-snippet:-1, max-image-preview:large, max-video-preview:-1\" \/>\n<link rel=\"canonical\" href=\"https:\/\/www.caudete.org\/ayuntamiento\/policia-local-prevencion-de-la-drogadiccionl\/\" \/>\n<meta property=\"og:locale\" content=\"es_ES\" \/>\n<meta property=\"og:type\" content=\"article\" \/>\n<meta property=\"og:title\" content=\"Polic\u00eda Local - Prevenci\u00f3n de la drogadicci\u00f3n - MI Ayuntamiento de Caudete\" \/>\n<meta property=\"og:description\" content=\"P\u00e1gina Oficial del Ayuntamiento de Caudete (Albacete)\" \/>\n<meta property=\"og:url\" content=\"https:\/\/www.caudete.org\/ayuntamiento\/policia-local-prevencion-de-la-drogadiccionl\/\" \/>\n<meta property=\"og:site_name\" content=\"MI Ayuntamiento de Caudete\" \/>\n<meta property=\"article:publisher\" content=\"https:\/\/www.facebook.com\/ayuntamientocaudete\/\" \/>\n<meta property=\"article:modified_time\" content=\"2020-12-05T12:47:27+00:00\" \/>\n<meta name=\"twitter:card\" content=\"summary_large_image\" \/>\n<meta name=\"twitter:label1\" content=\"Tiempo de lectura\" \/>\n\t<meta name=\"twitter:data1\" content=\"5 minutos\" \/>\n<script type=\"application\/ld+json\" class=\"yoast-schema-graph\">{\"@context\":\"https:\\\/\\\/schema.org\",\"@graph\":[{\"@type\":\"WebPage\",\"@id\":\"https:\\\/\\\/www.caudete.org\\\/ayuntamiento\\\/policia-local-prevencion-de-la-drogadiccionl\\\/\",\"url\":\"https:\\\/\\\/www.caudete.org\\\/ayuntamiento\\\/policia-local-prevencion-de-la-drogadiccionl\\\/\",\"name\":\"Polic\u00eda Local - Prevenci\u00f3n de la drogadicci\u00f3n - MI Ayuntamiento de Caudete\",\"isPartOf\":{\"@id\":\"https:\\\/\\\/www.caudete.org\\\/ayuntamiento\\\/#website\"},\"datePublished\":\"2020-12-05T10:41:44+00:00\",\"dateModified\":\"2020-12-05T12:47:27+00:00\",\"description\":\"P\u00e1gina Oficial del Ayuntamiento de Caudete (Albacete)\",\"breadcrumb\":{\"@id\":\"https:\\\/\\\/www.caudete.org\\\/ayuntamiento\\\/policia-local-prevencion-de-la-drogadiccionl\\\/#breadcrumb\"},\"inLanguage\":\"es\",\"potentialAction\":[{\"@type\":\"ReadAction\",\"target\":[\"https:\\\/\\\/www.caudete.org\\\/ayuntamiento\\\/policia-local-prevencion-de-la-drogadiccionl\\\/\"]}]},{\"@type\":\"BreadcrumbList\",\"@id\":\"https:\\\/\\\/www.caudete.org\\\/ayuntamiento\\\/policia-local-prevencion-de-la-drogadiccionl\\\/#breadcrumb\",\"itemListElement\":[{\"@type\":\"ListItem\",\"position\":1,\"name\":\"Inicio\",\"item\":\"https:\\\/\\\/www.caudete.org\\\/ayuntamiento\\\/\"},{\"@type\":\"ListItem\",\"position\":2,\"name\":\"Polic\u00eda Local &#8211; Prevenci\u00f3n de la drogadicci\u00f3n\"}]},{\"@type\":\"WebSite\",\"@id\":\"https:\\\/\\\/www.caudete.org\\\/ayuntamiento\\\/#website\",\"url\":\"https:\\\/\\\/www.caudete.org\\\/ayuntamiento\\\/\",\"name\":\"MI Ayuntamiento de Caudete\",\"description\":\"P\u00e1gina Oficial del MI Ayuntamiento de Caudete\",\"publisher\":{\"@id\":\"https:\\\/\\\/www.caudete.org\\\/ayuntamiento\\\/#organization\"},\"potentialAction\":[{\"@type\":\"SearchAction\",\"target\":{\"@type\":\"EntryPoint\",\"urlTemplate\":\"https:\\\/\\\/www.caudete.org\\\/ayuntamiento\\\/?s={search_term_string}\"},\"query-input\":{\"@type\":\"PropertyValueSpecification\",\"valueRequired\":true,\"valueName\":\"search_term_string\"}}],\"inLanguage\":\"es\"},{\"@type\":\"Organization\",\"@id\":\"https:\\\/\\\/www.caudete.org\\\/ayuntamiento\\\/#organization\",\"name\":\"Ayuntamiento de Caudete\",\"url\":\"https:\\\/\\\/www.caudete.org\\\/ayuntamiento\\\/\",\"logo\":{\"@type\":\"ImageObject\",\"inLanguage\":\"es\",\"@id\":\"https:\\\/\\\/www.caudete.org\\\/ayuntamiento\\\/#\\\/schema\\\/logo\\\/image\\\/\",\"url\":\"https:\\\/\\\/www.caudete.org\\\/ayuntamiento\\\/wp-content\\\/uploads\\\/2020\\\/11\\\/logo_ayuntamiento_caudete.jpg\",\"contentUrl\":\"https:\\\/\\\/www.caudete.org\\\/ayuntamiento\\\/wp-content\\\/uploads\\\/2020\\\/11\\\/logo_ayuntamiento_caudete.jpg\",\"width\":600,\"height\":150,\"caption\":\"Ayuntamiento de Caudete\"},\"image\":{\"@id\":\"https:\\\/\\\/www.caudete.org\\\/ayuntamiento\\\/#\\\/schema\\\/logo\\\/image\\\/\"},\"sameAs\":[\"https:\\\/\\\/www.facebook.com\\\/ayuntamientocaudete\\\/\",\"https:\\\/\\\/www.youtube.com\\\/channel\\\/UC6VztHaooNsGpw-tNoBEFnQ\"]}]}<\/script>\n<!-- \/ Yoast SEO plugin. -->","yoast_head_json":{"title":"Polic\u00eda Local - Prevenci\u00f3n de la drogadicci\u00f3n - MI Ayuntamiento de Caudete","description":"P\u00e1gina Oficial del Ayuntamiento de Caudete (Albacete)","robots":{"index":"index","follow":"follow","max-snippet":"max-snippet:-1","max-image-preview":"max-image-preview:large","max-video-preview":"max-video-preview:-1"},"canonical":"https:\/\/www.caudete.org\/ayuntamiento\/policia-local-prevencion-de-la-drogadiccionl\/","og_locale":"es_ES","og_type":"article","og_title":"Polic\u00eda Local - Prevenci\u00f3n de la drogadicci\u00f3n - MI Ayuntamiento de Caudete","og_description":"P\u00e1gina Oficial del Ayuntamiento de Caudete (Albacete)","og_url":"https:\/\/www.caudete.org\/ayuntamiento\/policia-local-prevencion-de-la-drogadiccionl\/","og_site_name":"MI Ayuntamiento de Caudete","article_publisher":"https:\/\/www.facebook.com\/ayuntamientocaudete\/","article_modified_time":"2020-12-05T12:47:27+00:00","twitter_card":"summary_large_image","twitter_misc":{"Tiempo de lectura":"5 minutos"},"schema":{"@context":"https:\/\/schema.org","@graph":[{"@type":"WebPage","@id":"https:\/\/www.caudete.org\/ayuntamiento\/policia-local-prevencion-de-la-drogadiccionl\/","url":"https:\/\/www.caudete.org\/ayuntamiento\/policia-local-prevencion-de-la-drogadiccionl\/","name":"Polic\u00eda Local - Prevenci\u00f3n de la drogadicci\u00f3n - MI Ayuntamiento de Caudete","isPartOf":{"@id":"https:\/\/www.caudete.org\/ayuntamiento\/#website"},"datePublished":"2020-12-05T10:41:44+00:00","dateModified":"2020-12-05T12:47:27+00:00","description":"P\u00e1gina Oficial del Ayuntamiento de Caudete (Albacete)","breadcrumb":{"@id":"https:\/\/www.caudete.org\/ayuntamiento\/policia-local-prevencion-de-la-drogadiccionl\/#breadcrumb"},"inLanguage":"es","potentialAction":[{"@type":"ReadAction","target":["https:\/\/www.caudete.org\/ayuntamiento\/policia-local-prevencion-de-la-drogadiccionl\/"]}]},{"@type":"BreadcrumbList","@id":"https:\/\/www.caudete.org\/ayuntamiento\/policia-local-prevencion-de-la-drogadiccionl\/#breadcrumb","itemListElement":[{"@type":"ListItem","position":1,"name":"Inicio","item":"https:\/\/www.caudete.org\/ayuntamiento\/"},{"@type":"ListItem","position":2,"name":"Polic\u00eda Local &#8211; Prevenci\u00f3n de la drogadicci\u00f3n"}]},{"@type":"WebSite","@id":"https:\/\/www.caudete.org\/ayuntamiento\/#website","url":"https:\/\/www.caudete.org\/ayuntamiento\/","name":"MI Ayuntamiento de Caudete","description":"P\u00e1gina Oficial del MI Ayuntamiento de Caudete","publisher":{"@id":"https:\/\/www.caudete.org\/ayuntamiento\/#organization"},"potentialAction":[{"@type":"SearchAction","target":{"@type":"EntryPoint","urlTemplate":"https:\/\/www.caudete.org\/ayuntamiento\/?s={search_term_string}"},"query-input":{"@type":"PropertyValueSpecification","valueRequired":true,"valueName":"search_term_string"}}],"inLanguage":"es"},{"@type":"Organization","@id":"https:\/\/www.caudete.org\/ayuntamiento\/#organization","name":"Ayuntamiento de Caudete","url":"https:\/\/www.caudete.org\/ayuntamiento\/","logo":{"@type":"ImageObject","inLanguage":"es","@id":"https:\/\/www.caudete.org\/ayuntamiento\/#\/schema\/logo\/image\/","url":"https:\/\/www.caudete.org\/ayuntamiento\/wp-content\/uploads\/2020\/11\/logo_ayuntamiento_caudete.jpg","contentUrl":"https:\/\/www.caudete.org\/ayuntamiento\/wp-content\/uploads\/2020\/11\/logo_ayuntamiento_caudete.jpg","width":600,"height":150,"caption":"Ayuntamiento de Caudete"},"image":{"@id":"https:\/\/www.caudete.org\/ayuntamiento\/#\/schema\/logo\/image\/"},"sameAs":["https:\/\/www.facebook.com\/ayuntamientocaudete\/","https:\/\/www.youtube.com\/channel\/UC6VztHaooNsGpw-tNoBEFnQ"]}]}},"_links":{"self":[{"href":"https:\/\/www.caudete.org\/ayuntamiento\/wp-json\/wp\/v2\/pages\/6448","targetHints":{"allow":["GET"]}}],"collection":[{"href":"https:\/\/www.caudete.org\/ayuntamiento\/wp-json\/wp\/v2\/pages"}],"about":[{"href":"https:\/\/www.caudete.org\/ayuntamiento\/wp-json\/wp\/v2\/types\/page"}],"author":[{"embeddable":true,"href":"https:\/\/www.caudete.org\/ayuntamiento\/wp-json\/wp\/v2\/users\/1"}],"replies":[{"embeddable":true,"href":"https:\/\/www.caudete.org\/ayuntamiento\/wp-json\/wp\/v2\/comments?post=6448"}],"version-history":[{"count":5,"href":"https:\/\/www.caudete.org\/ayuntamiento\/wp-json\/wp\/v2\/pages\/6448\/revisions"}],"predecessor-version":[{"id":6451,"href":"https:\/\/www.caudete.org\/ayuntamiento\/wp-json\/wp\/v2\/pages\/6448\/revisions\/6451"}],"wp:attachment":[{"href":"https:\/\/www.caudete.org\/ayuntamiento\/wp-json\/wp\/v2\/media?parent=6448"}],"wp:term":[{"taxonomy":"category","embeddable":true,"href":"https:\/\/www.caudete.org\/ayuntamiento\/wp-json\/wp\/v2\/categories?post=6448"},{"taxonomy":"post_tag","embeddable":true,"href":"https:\/\/www.caudete.org\/ayuntamiento\/wp-json\/wp\/v2\/tags?post=6448"}],"curies":[{"name":"wp","href":"https:\/\/api.w.org\/{rel}","templated":true}]}}