{"id":6900,"date":"2020-12-06T13:10:28","date_gmt":"2020-12-06T12:10:28","guid":{"rendered":"http:\/\/www.caudete.org\/ayuntamiento\/?page_id=6900"},"modified":"2024-06-21T19:18:05","modified_gmt":"2024-06-21T17:18:05","slug":"biblioteca-presentacion","status":"publish","type":"page","link":"https:\/\/www.caudete.org\/ayuntamiento\/biblioteca-presentacion\/","title":{"rendered":"Biblioteca &#8211; Presentaci\u00f3n"},"content":{"rendered":"<div id=\"recuadro_not\">\n<div><img fetchpriority=\"high\" decoding=\"async\" class=\"aligncenter size-full wp-image-9906\" src=\"http:\/\/www.caudete.org\/ayuntamiento\/wp-content\/uploads\/2020\/12\/3p.jpg\" alt=\"\" width=\"1200\" height=\"449\" srcset=\"https:\/\/www.caudete.org\/ayuntamiento\/wp-content\/uploads\/2020\/12\/3p.jpg 1200w, https:\/\/www.caudete.org\/ayuntamiento\/wp-content\/uploads\/2020\/12\/3p-300x112.jpg 300w, https:\/\/www.caudete.org\/ayuntamiento\/wp-content\/uploads\/2020\/12\/3p-1024x383.jpg 1024w, https:\/\/www.caudete.org\/ayuntamiento\/wp-content\/uploads\/2020\/12\/3p-768x287.jpg 768w\" sizes=\"(max-width: 1200px) 100vw, 1200px\" \/><\/div>\n<div><\/div>\n<div style=\"text-align: justify;\"><em>Tel\u00e9fono\/Whatsapp : 96 582 81 31 <\/em><br \/>\n<em>Calle Las Eras, 33 &#8211; Caudete<\/em><\/div>\n<div style=\"text-align: justify;\">\n<hr \/>\n<p class=\"tm9\"><strong><span class=\"tm11\">La Biblioteca P\u00fablica Municipal de Caudete, \u201cAna Mar\u00eda Matute\u201d <\/span><\/strong><span class=\"tm10\">se constituye en un punto de informaci\u00f3n para toda la poblaci\u00f3n de la localidad y desarrolla una labor de acercamiento de la cultura. Permite el acceso a todo tipo de conocimiento, independientemente de su ubicaci\u00f3n f\u00edsica, ya sea escrito (a trav\u00e9s de sus fondos bibliogr\u00e1ficos) o multimedia (a trav\u00e9s de las nuevas tecnolog\u00edas). Pero hoy en d\u00eda nuestra Biblioteca es algo m\u00e1s que acceso al conocimiento, es un lugar de encuentro ente los ciudadanos y es generadora de actividades culturales.<\/span><\/p>\n<p class=\"tm9\"><span class=\"tm10\"><a href=\"https:\/\/www.caudete.org\/ayuntamiento\/wp-content\/uploads\/2022\/02\/biblioteca.jpg\" rel='prettyPhoto'><img decoding=\"async\" class=\"size-full wp-image-18037 alignleft\" src=\"https:\/\/www.caudete.org\/ayuntamiento\/wp-content\/uploads\/2022\/02\/biblioteca.jpg\" alt=\"\" width=\"300\" height=\"300\" srcset=\"https:\/\/www.caudete.org\/ayuntamiento\/wp-content\/uploads\/2022\/02\/biblioteca.jpg 300w, https:\/\/www.caudete.org\/ayuntamiento\/wp-content\/uploads\/2022\/02\/biblioteca-150x150.jpg 150w, https:\/\/www.caudete.org\/ayuntamiento\/wp-content\/uploads\/2022\/02\/biblioteca-60x60.jpg 60w\" sizes=\"(max-width: 300px) 100vw, 300px\" \/><\/a>Prueba de ello es el reciente <\/span><a href=\"https:\/\/www.caudete.org\/ayuntamiento\/3-premio-maria-moliner-a-la-biblioteca-de-caudete\/\"><span class=\"tm10\">Premio Mar\u00eda Moliner<\/span> <\/a><span class=\"tm10\">de la XXI <\/span><span class=\"tm10\">Campa\u00f1a de Animaci\u00f3n a la Lectura <\/span><span class=\"tm10\">Mar\u00eda Moliner <\/span><span class=\"tm10\">para municipios de menos de 50.000 habitantes y <\/span><span class=\"tm10\"> est\u00e1 organizada por el Ministerio de Cultura y Deporte junto con la Federaci\u00f3n Espa\u00f1ola de Municipios y Provincias. Nuestro proyecto de animaci\u00f3n lectora est\u00e1 entre los diez mejores proyectos premiados a nivel nacional. Un premio que viene a respaldar el <\/span><span class=\"tm10\">programa de animaci\u00f3n a la lectura <\/span><span class=\"tm10\">que desde esta Biblioteca se desarrolla en todo el municipio de Caudete, tanto a nivel <\/span><span class=\"tm10\">presencial como <\/span><span class=\"tm10\">a <\/span><span class=\"tm12\">nivel <\/span><span class=\"tm12\">virtual <\/span><span class=\"tm12\">a trav\u00e9s de todas sus redes sociales<\/span><span class=\"tm10\">, no en vano el proyecto premiado se llama: La Biblioteca de Caudete, una biblioteca En(red)ada para ti. <\/span> <span class=\"tm12\">Aqu\u00ed poner un enlace a la parte inferior donde est\u00e1n todas las redes sociales) <\/span><span class=\"tm10\"><br \/>\n<\/span><\/p>\n<p class=\"tm9\"><span class=\"tm10\">Desde su inauguraci\u00f3n en 1963, la biblioteca de Caudete ha pasado por determinadas circunstancias como su cambio de ubicaci\u00f3n, que se produjo en 1993, todo ello con la finalidad de mejorar sus servicios a toda la poblaci\u00f3n.<\/span><\/p>\n<p>Hoy en d\u00eda la biblioteca de Caudete pretende ser un referente cultural de primer orden, donde la adaptaci\u00f3n a las necesidades de la poblaci\u00f3n a la que sirve son patentes con <strong><em><span class=\"tm13\">la informatizaci\u00f3n de todos sus fondos bibliogr\u00e1ficos y audiovisuales, <\/span><a href=\"https:\/\/www.caudete.org\/ayuntamiento\/biblioteca-prestamo\/\"><span class=\"tm11\">el pr\u00e9stamo de todo tipo de material<\/span><\/a><span class=\"tm11\">, <\/span><a href=\"https:\/\/www.caudete.org\/ayuntamiento\/biblioteca-consulta-de-fondos\/\"><span class=\"tm11\">la consulta y el libre acceso de los mismos<\/span><\/a><span class=\"tm11\">, <\/span><a href=\"https:\/\/www.caudete.org\/ayuntamiento\/biblioteca-informacion-bibliografica\/\"><span class=\"tm11\">el servicio de informaci\u00f3n bibliogr\u00e1fica<\/span><\/a><span class=\"tm11\"> y <\/span><a href=\"https:\/\/www.caudete.org\/ayuntamiento\/biblioteca-informacion-especial-covid-19\/\"><span class=\"tm11\">de informaci\u00f3n a la comunidad,<\/span><\/a> <a href=\"https:\/\/www.caudete.org\/ayuntamiento\/biblioteca-actividades-de-animacion-a-la-lectura-y-mas\/\"><span class=\"tm11\">una oferta variada de actividades de animaci\u00f3n a la lectura<\/span><\/a><span class=\"tm11\">, las visitas concertadas con centros educativos y asociaciones locales, <\/span><a href=\"https:\/\/www.caudete.org\/ayuntamiento\/biblioteca-acceso-a-internet\/\"><span class=\"tm11\"> el acceso WIFI en toda la superficie de la biblioteca, el acceso gratuito a internet desde puestos de ordenador,<\/span><\/a><span class=\"tm11\"> e<\/span><a href=\"https:\/\/www.caudete.org\/ayuntamiento\/biblioteca-desideratas\/\"><span class=\"tm11\">l servicio de desideratas o\u00a0Pide lo que quieras,<\/span><\/a><span class=\"tm11\"> el pr\u00e9stamo interbibliotecario, <\/span><a href=\"https:\/\/www.caudete.org\/ayuntamiento\/biblioteca-secciones\/\"><span class=\"tm11\">la sala de estudio, la secci\u00f3n local,<\/span><\/a><span class=\"tm11\"> la <\/span><a href=\"https:\/\/www.caudete.org\/ayuntamiento\/biblioteca-f-j-domenech-mira\/\"><span class=\"tm11\">Colecci\u00f3n Francisco Jos\u00e9 Dom\u00e9nech Mira <\/span><\/a><span class=\"tm11\">y la digitalizaci\u00f3n de parte de sus fondos locales, como los programas de fiestas (accesibles desde la web\u00a0<\/span><a href=\"https:\/\/www.caudete.org\/ayuntamiento\/biblioteca-digital-presentacion\/\"><span class=\"tm11\">Biblioteca Digital).<\/span><u> <\/u><\/a><\/em><\/strong><\/p>\n<p class=\"tm9\"><span class=\"tm10\">Entre las actividades realizadas destacan las <\/span><a href=\"https:\/\/youtu.be\/YFHwKCBKtH4\" target=\"_blank\" rel=\"nofollow\"><span class=\"tm10\">Presentaciones de libros<\/span><\/a><span class=\"tm10\">, <\/span><a href=\"https:\/\/youtu.be\/2-H6dTqgwm4\" target=\"_blank\" rel=\"nofollow\"><span class=\"tm10\">Encuentros con autor<\/span><\/a><span class=\"tm10\">, Exposiciones, <\/span><a href=\"https:\/\/youtu.be\/tYG6yNlTqak\" target=\"_blank\" rel=\"nofollow\"><span class=\"tm10\">Hora del cuento<\/span><\/a><span class=\"tm10\">, <\/span><a href=\"https:\/\/issuu.com\/caudetebiblioteca\" target=\"_blank\" rel=\"nofollow\"><span class=\"tm10\">Gu\u00edas de lectura<\/span><\/a><span class=\"tm10\">, Centros de inter\u00e9s, <\/span><a href=\"https:\/\/youtu.be\/TGFONxXQLHY\" target=\"_blank\" rel=\"nofollow\"><span class=\"tm10\">Recitales literarios<\/span><\/a><span class=\"tm10\">, Certamen Literario Evaristo Ba\u00f1\u00f3n, Concurso de Tarjetas Navide\u00f1as, Feria del libro, <\/span><a href=\"https:\/\/www.youtube.com\/watch?v=fV1htUsQg7o&amp;list=PL7he1e8gt5QchzA0lwjwcOGOTNwafDjfH&amp;index=18\" target=\"_blank\" rel=\"nofollow\"><span class=\"tm10\">Teatro<\/span><\/a><span class=\"tm10\">, Cuentacuentos, <\/span><a href=\"https:\/\/youtu.be\/npY7agAF9nM\" target=\"_blank\" rel=\"nofollow\"><span class=\"tm10\">Semana del Libro,<\/span><\/a><span class=\"tm10\"> Talleres literarios, <\/span><a href=\"https:\/\/youtu.be\/vylAMZb0y6A\" target=\"_blank\" rel=\"nofollow\"><span class=\"tm10\">Bebecuentos<\/span><\/a><span class=\"tm10\">\u2026 De entre la variada oferta de actividades que se desarrollan en la Biblioteca, destacamos en may\u00fasculas el <\/span><a href=\"https:\/\/www.caudete.org\/ayuntamiento\/biblioteca-clubes-de-lectura\/\"><span class=\"tm10\">PROYECTO DE LOS CLUBES DE LECTURA\u00a0<\/span><u><span class=\"tm10\">.<\/span><\/u><\/a><u> <\/u><span class=\"tm10\">En este proyecto participan una media de 300 personas, desde los 3 a\u00f1os a los 99 a\u00f1os, en 19 clubes de lectura de diferente tem\u00e1tica y diferentes colectivos.<\/span> <span class=\"tm10\"> Dentro de estos clubes de lectura, participamos con un club de lectura juvenil en un proyecto europeo, el club de lectura <\/span><u><a href=\"http:\/\/lectibe.eu\/\" target=\"_blank\" rel=\"nofollow\"><span class=\"tm10\">LECTIBE<\/span><\/a><\/u><span class=\"tm10\">.<\/span><\/p>\n<p>Nuestra Biblioteca participa en la <a href=\"https:\/\/www.culturaydeporte.gob.es\/cultura\/libro\/maria-moliner\/presentacion.html\" target=\"_blank\" rel=\"nofollow\"><span class=\"tm10\">Campa\u00f1a de Animaci\u00f3n a la Lectura Maria Moliner<\/span><u><span class=\"tm10\">.<\/span><\/u><\/a><u> <\/u><span class=\"tm10\">Desarrollada desde 1998 y dirigida a bibliotecas p\u00fablicas de municipios de menos de 50.000 habitantes, es un concurso con el que se trata de premiar los mejores proyectos o actividades para promover la lectura, tanto entre ni\u00f1os y j\u00f3venes como entre otros colectivos sociales. Para esta campa\u00f1a ha quedado seleccionada en quince ocasiones entre los 300 proyectos clasificados, siendo dos veces finalistas y el a\u00f1o 2021 por fin hemos obtenido el m\u00e1ximo galard\u00f3n estando en <\/span><a href=\"http:\/\/reddebibliotecas.jccm.es\/intrabibl\/index.php\/informacion-general\/noticias\/item\/11518-la-biblioteca-publica-municipal-ana-maria-matute-de-caudete-obtiene-el-maximo-galardon-de-los-premios-maria-moliner-2021\" target=\"_blank\" rel=\"nofollow\">tercera posici\u00f3n entre los diez mejores<\/a><span class=\"tm10\"> proyectos presentados a nivel nacional. Adem\u00e1s nuestro proyecto \u201c<\/span><a href=\"https:\/\/youtu.be\/9cSBiYiARKw\" target=\"_blank\" rel=\"nofollow\">Clubes de lectura Motor de la Biblioteca<\/a><span class=\"tm10\">\u201d ha recibido la <\/span><a href=\"http:\/\/www.iberbibliotecas.org\/beca-internacional-iberbibliotecas-2018\/\" target=\"_blank\" rel=\"nofollow\"><span class=\"tm10\">1\u00ba Beca Internacional en el programa Iberbibliotecas <\/span><\/a><span class=\"tm10\">(Programa Iberoamericano de Bibliotecas P\u00fablica) para asistir al IX Congreso Nacional de Bibliotecas P\u00fablicas en Logro\u00f1o (Espa\u00f1a) 2018, donde tuvimos la oportunidad de dar a conocer nuestro proyecto en este Congreso. Por \u00faltimo con este mismo proyecto, participamos en el <\/span><a href=\"https:\/\/www.alonsoquijano.org\/actividades\/f-biblioteca-social\" target=\"_blank\" rel=\"nofollow\"><span class=\"tm10\">Premio &#8220;Biblioteca P\u00fablica y compromiso social\u201d de la Fundaci\u00f3n Biblioteca Social<\/span><\/a><span class=\"tm10\"> donde nuestro proyecto fue seleccionado y aparece en el <\/span><strong><span class=\"tm11\">Mapa de proyectos de bibliotecas p\u00fablicas para la inclusi\u00f3n social. <\/span><\/strong><\/p>\n<p class=\"tm9\"><span class=\"tm10\">En cuanto proyectos de animaci\u00f3n con otras entidades, nuestra Biblioteca participa en el programa de <\/span><a href=\"https:\/\/www.caudete.org\/ayuntamiento\/erasmus\/\"><span class=\"tm10\">Erasmus + <\/span> <\/a><span class=\"tm10\">dentro del proyecto \u201c+Cultura +Inclusi\u00f3n,\u201d un proyecto Erasmus+ de movilidad con fines de formaci\u00f3n dirigido a personal que trabaja en la educaci\u00f3n de adultos. Actualmente est\u00e1 dentro de otro proyecto Erasmus + junto con la Casa de Cultura del Ayuntamiento de Caudete y la Agencia de Desarrollo Local de la entidad, este proyecto se llama <\/span><a href=\"https:\/\/www.caudete.org\/ayuntamiento\/erasmus-cross\/\"><span class=\"tm10\">\u201cCROSS-Creando Otros Entornos de Aprendizaje\u201d<\/span><\/a><span class=\"tm10\">, y es una asociaci\u00f3n estrat\u00e9gica para el intercambio de buenas pr\u00e1cticas, en la que participan un total de 7 instituciones (bibliotecas p\u00fablicas europeas y entidades p\u00fablicas y privadas activas en la educaci\u00f3n no formal de adultos). <\/span><\/p>\n<p class=\"tm9\"><span class=\"tm10\">Las bibliotecas contribuyen a cambiar el mundo y desde nuestra biblioteca nos sumamos a la campa\u00f1a de las Naciones Unidas y su cumplimiento para el a\u00f1o 2030 de los<\/span><a href=\"https:\/\/www.ifla.org\/wp-content\/uploads\/2019\/05\/assets\/hq\/topics\/libraries-development\/images\/ifla-iap-this-library-supports-the-sdgs-es.pdf\" class=\"mtli_attachment mtli_pdf\" target=\"_blank\" rel=\"nofollow\"> <span class=\"tm10\">17 Objetivos para el Desarrollo Sostenible<\/span><\/a><a href=\"https:\/\/www.agenda2030.gob.es\/es\/objetivos\" target=\"_blank\" rel=\"nofollow\">.<\/a><span class=\"tm10\">Los objetivos persiguen la igualdad entre las PERSONAS, proteger el PLANETA y asegurar la PROSPERIDAD como parte de una nueva agenda de desarrollo sostenible. Un nuevo contrato social global que NO DEJE A NADIE ATR\u00c1S. Y <\/span><a href=\"https:\/\/www.ifla.org\/wp-content\/uploads\/2019\/05\/assets\/hq\/topics\/libraries-development\/documents\/sdgs-insert-es.pdf\" class=\"mtli_attachment mtli_pdf\" target=\"_blank\" rel=\"nofollow\"><span class=\"tm10\">nuestra Biblioteca<\/span><\/a><span class=\"tm10\"> como servicio p\u00fablico y garante del acceso a la informaci\u00f3n para todos, contribuir\u00e1 con su trabajo al cumplimento de estos objetivos. <\/span><\/p>\n<p class=\"tm9\"><span class=\"tm10\">Desde el 1 de Julio de 2009 trabajamos en red con las Bibliotecas de Castilla La Mancha, y nuestro cat\u00e1logo ya est\u00e1 accesible en tiempo real, tanto en el OPAC de nuestra Biblioteca como en internet a trav\u00e9s de la direcci\u00f3n web: <a href=\"https:\/\/reddebibliotecas.jccm.es\/cgi-bin\/abnetopac\/O7948\/ID06362915?ACC=101\" target=\"_blank\" rel=\"nofollow\">Cat\u00e1logo colectivo de la Biblioteca P\u00fablica Municipal Ana Mar\u00eda Matute de Caudete<\/a><\/span>. El Cat\u00e1logo colectivo de la Red es la plataforma que permite la unificaci\u00f3n de los servicios ofrecidos por las distintas bibliotecas p\u00fablicas, a trav\u00e9s de la existencia de un carn\u00e9 \u00fanico v\u00e1lido para todas las bibliotecas adscritas al mismo y un \u00fanico cat\u00e1logo consultable a trav\u00e9s de internet.<\/p>\n<p class=\"tm9\"><span class=\"tm10\">D\u00eda a d\u00eda vamos creciendo para ofrecer los mejores servicios a nuestros usuarios y hacer de la biblioteca un servicio de todos y para todos.<\/span><\/p>\n<p class=\"tm9\"><strong><span class=\"tm11\">Te invitamos a seguirnos por nuestras diferentes redes sociales: <\/span><a href=\"https:\/\/www.facebook.com\/caudetebiblio\/\" target=\"_blank\" rel=\"nofollow\"><span class=\"tm11\">Facebook<\/span><\/a><span class=\"tm11\">, <\/span><a href=\"https:\/\/twitter.com\/caudetebiblio\" target=\"_blank\" rel=\"nofollow\"><span class=\"tm11\">Twitter,<\/span><\/a> <a href=\"https:\/\/www.youtube.com\/user\/caudetebiblioteca\" target=\"_blank\" rel=\"nofollow\"><span class=\"tm11\">Youtube<\/span><\/a><span class=\"tm11\">, <\/span><a href=\"https:\/\/www.instagram.com\/caudetebiblio\/?hl=es\" target=\"_blank\" rel=\"nofollow\"><span class=\"tm11\">Instagram<\/span><\/a><span class=\"tm11\"> y <\/span><a href=\"https:\/\/www.tiktok.com\/@caudetebiblio\" target=\"_blank\" rel=\"nofollow\"><span class=\"tm11\">Tik ToK<\/span><\/a><span class=\"tm11\"> y contactarnos para cualquier consulta por estos medios como son WhatsApp, tel\u00e9fono 965828131 o correo electr\u00f3nico <\/span><a href=\"mailto:biblioteca@caudete.org\" target=\"_blank\" rel=\"nofollow\"><span class=\"tm11\">biblioteca@caudete.org<\/span><\/a><span class=\"tm11\"> .<\/span><\/strong><\/p>\n<p class=\"tm9\"><strong><span class=\"tm11\">As\u00ed nuestra Biblioteca intenta desarrollar su m\u00e1xima de&#8221;abierta a todos&#8221;. <\/span><\/strong><\/p>\n<\/div>\n<\/div>\n<div id=\"enlaces\"><\/div>\n<hr \/>\n<p>&nbsp;<\/p>\nngg_shortcode_0_placeholder\n<hr \/>\n<p><img decoding=\"async\" class=\"aligncenter size-full wp-image-9908\" src=\"http:\/\/www.caudete.org\/ayuntamiento\/wp-content\/uploads\/2020\/12\/1-2.jpg\" alt=\"\" width=\"579\" height=\"579\" srcset=\"https:\/\/www.caudete.org\/ayuntamiento\/wp-content\/uploads\/2020\/12\/1-2.jpg 579w, https:\/\/www.caudete.org\/ayuntamiento\/wp-content\/uploads\/2020\/12\/1-2-300x300.jpg 300w, https:\/\/www.caudete.org\/ayuntamiento\/wp-content\/uploads\/2020\/12\/1-2-150x150.jpg 150w, https:\/\/www.caudete.org\/ayuntamiento\/wp-content\/uploads\/2020\/12\/1-2-60x60.jpg 60w\" sizes=\"(max-width: 579px) 100vw, 579px\" \/><\/p>\n","protected":false},"excerpt":{"rendered":"<p>Tel\u00e9fono\/Whatsapp : 96 582 81 31 Calle Las Eras, 33 &#8211; Caudete La Biblioteca P\u00fablica Municipal de Caudete, \u201cAna Mar\u00eda Matute\u201d se constituye en un punto de informaci\u00f3n para toda la poblaci\u00f3n de la localidad y desarrolla una labor de acercamiento de la cultura. Permite el acceso a todo tipo de conocimiento, independientemente de su &hellip;<\/p>\n","protected":false},"author":1,"featured_media":0,"parent":0,"menu_order":0,"comment_status":"closed","ping_status":"closed","template":"","meta":{"ngg_post_thumbnail":0,"footnotes":""},"categories":[105],"tags":[],"class_list":["post-6900","page","type-page","status-publish","hentry","category-biblioteca"],"yoast_head":"<!-- This site is optimized with the Yoast SEO plugin v27.5 - https:\/\/yoast.com\/product\/yoast-seo-wordpress\/ -->\n<title>Biblioteca - Presentaci\u00f3n - MI Ayuntamiento de Caudete<\/title>\n<meta name=\"description\" content=\"P\u00e1gina Oficial del Ayuntamiento de Caudete (Albacete)\" \/>\n<meta name=\"robots\" content=\"index, follow, max-snippet:-1, max-image-preview:large, max-video-preview:-1\" \/>\n<link rel=\"canonical\" href=\"https:\/\/www.caudete.org\/ayuntamiento\/biblioteca-presentacion\/\" \/>\n<meta property=\"og:locale\" content=\"es_ES\" \/>\n<meta property=\"og:type\" content=\"article\" \/>\n<meta property=\"og:title\" content=\"Biblioteca - Presentaci\u00f3n - MI Ayuntamiento de Caudete\" \/>\n<meta property=\"og:description\" content=\"P\u00e1gina Oficial del Ayuntamiento de Caudete (Albacete)\" \/>\n<meta property=\"og:url\" content=\"https:\/\/www.caudete.org\/ayuntamiento\/biblioteca-presentacion\/\" \/>\n<meta property=\"og:site_name\" content=\"MI Ayuntamiento de Caudete\" \/>\n<meta property=\"article:publisher\" content=\"https:\/\/www.facebook.com\/ayuntamientocaudete\/\" \/>\n<meta property=\"article:modified_time\" content=\"2024-06-21T17:18:05+00:00\" \/>\n<meta property=\"og:image\" content=\"http:\/\/www.caudete.org\/ayuntamiento\/wp-content\/uploads\/2020\/12\/3p.jpg\" \/>\n<meta name=\"twitter:card\" content=\"summary_large_image\" \/>\n<meta name=\"twitter:label1\" content=\"Tiempo de lectura\" \/>\n\t<meta name=\"twitter:data1\" content=\"6 minutos\" \/>\n<script type=\"application\/ld+json\" class=\"yoast-schema-graph\">{\"@context\":\"https:\\\/\\\/schema.org\",\"@graph\":[{\"@type\":\"WebPage\",\"@id\":\"https:\\\/\\\/www.caudete.org\\\/ayuntamiento\\\/biblioteca-presentacion\\\/\",\"url\":\"https:\\\/\\\/www.caudete.org\\\/ayuntamiento\\\/biblioteca-presentacion\\\/\",\"name\":\"Biblioteca - Presentaci\u00f3n - MI Ayuntamiento de Caudete\",\"isPartOf\":{\"@id\":\"https:\\\/\\\/www.caudete.org\\\/ayuntamiento\\\/#website\"},\"primaryImageOfPage\":{\"@id\":\"https:\\\/\\\/www.caudete.org\\\/ayuntamiento\\\/biblioteca-presentacion\\\/#primaryimage\"},\"image\":{\"@id\":\"https:\\\/\\\/www.caudete.org\\\/ayuntamiento\\\/biblioteca-presentacion\\\/#primaryimage\"},\"thumbnailUrl\":\"http:\\\/\\\/www.caudete.org\\\/ayuntamiento\\\/wp-content\\\/uploads\\\/2020\\\/12\\\/3p.jpg\",\"datePublished\":\"2020-12-06T12:10:28+00:00\",\"dateModified\":\"2024-06-21T17:18:05+00:00\",\"description\":\"P\u00e1gina Oficial del Ayuntamiento de Caudete (Albacete)\",\"breadcrumb\":{\"@id\":\"https:\\\/\\\/www.caudete.org\\\/ayuntamiento\\\/biblioteca-presentacion\\\/#breadcrumb\"},\"inLanguage\":\"es\",\"potentialAction\":[{\"@type\":\"ReadAction\",\"target\":[\"https:\\\/\\\/www.caudete.org\\\/ayuntamiento\\\/biblioteca-presentacion\\\/\"]}]},{\"@type\":\"ImageObject\",\"inLanguage\":\"es\",\"@id\":\"https:\\\/\\\/www.caudete.org\\\/ayuntamiento\\\/biblioteca-presentacion\\\/#primaryimage\",\"url\":\"https:\\\/\\\/www.caudete.org\\\/ayuntamiento\\\/wp-content\\\/uploads\\\/2020\\\/12\\\/3p.jpg\",\"contentUrl\":\"https:\\\/\\\/www.caudete.org\\\/ayuntamiento\\\/wp-content\\\/uploads\\\/2020\\\/12\\\/3p.jpg\",\"width\":1200,\"height\":449},{\"@type\":\"BreadcrumbList\",\"@id\":\"https:\\\/\\\/www.caudete.org\\\/ayuntamiento\\\/biblioteca-presentacion\\\/#breadcrumb\",\"itemListElement\":[{\"@type\":\"ListItem\",\"position\":1,\"name\":\"Inicio\",\"item\":\"https:\\\/\\\/www.caudete.org\\\/ayuntamiento\\\/\"},{\"@type\":\"ListItem\",\"position\":2,\"name\":\"Biblioteca &#8211; Presentaci\u00f3n\"}]},{\"@type\":\"WebSite\",\"@id\":\"https:\\\/\\\/www.caudete.org\\\/ayuntamiento\\\/#website\",\"url\":\"https:\\\/\\\/www.caudete.org\\\/ayuntamiento\\\/\",\"name\":\"MI Ayuntamiento de Caudete\",\"description\":\"P\u00e1gina Oficial del MI Ayuntamiento de Caudete\",\"potentialAction\":[{\"@type\":\"SearchAction\",\"target\":{\"@type\":\"EntryPoint\",\"urlTemplate\":\"https:\\\/\\\/www.caudete.org\\\/ayuntamiento\\\/?s={search_term_string}\"},\"query-input\":{\"@type\":\"PropertyValueSpecification\",\"valueRequired\":true,\"valueName\":\"search_term_string\"}}],\"inLanguage\":\"es\"}]}<\/script>\n<!-- \/ Yoast SEO plugin. -->","yoast_head_json":{"title":"Biblioteca - Presentaci\u00f3n - MI Ayuntamiento de Caudete","description":"P\u00e1gina Oficial del Ayuntamiento de Caudete (Albacete)","robots":{"index":"index","follow":"follow","max-snippet":"max-snippet:-1","max-image-preview":"max-image-preview:large","max-video-preview":"max-video-preview:-1"},"canonical":"https:\/\/www.caudete.org\/ayuntamiento\/biblioteca-presentacion\/","og_locale":"es_ES","og_type":"article","og_title":"Biblioteca - Presentaci\u00f3n - MI Ayuntamiento de Caudete","og_description":"P\u00e1gina Oficial del Ayuntamiento de Caudete (Albacete)","og_url":"https:\/\/www.caudete.org\/ayuntamiento\/biblioteca-presentacion\/","og_site_name":"MI Ayuntamiento de Caudete","article_publisher":"https:\/\/www.facebook.com\/ayuntamientocaudete\/","article_modified_time":"2024-06-21T17:18:05+00:00","og_image":[{"url":"http:\/\/www.caudete.org\/ayuntamiento\/wp-content\/uploads\/2020\/12\/3p.jpg","type":"","width":"","height":""}],"twitter_card":"summary_large_image","twitter_misc":{"Tiempo de lectura":"6 minutos"},"schema":{"@context":"https:\/\/schema.org","@graph":[{"@type":"WebPage","@id":"https:\/\/www.caudete.org\/ayuntamiento\/biblioteca-presentacion\/","url":"https:\/\/www.caudete.org\/ayuntamiento\/biblioteca-presentacion\/","name":"Biblioteca - Presentaci\u00f3n - MI Ayuntamiento de Caudete","isPartOf":{"@id":"https:\/\/www.caudete.org\/ayuntamiento\/#website"},"primaryImageOfPage":{"@id":"https:\/\/www.caudete.org\/ayuntamiento\/biblioteca-presentacion\/#primaryimage"},"image":{"@id":"https:\/\/www.caudete.org\/ayuntamiento\/biblioteca-presentacion\/#primaryimage"},"thumbnailUrl":"http:\/\/www.caudete.org\/ayuntamiento\/wp-content\/uploads\/2020\/12\/3p.jpg","datePublished":"2020-12-06T12:10:28+00:00","dateModified":"2024-06-21T17:18:05+00:00","description":"P\u00e1gina Oficial del Ayuntamiento de Caudete (Albacete)","breadcrumb":{"@id":"https:\/\/www.caudete.org\/ayuntamiento\/biblioteca-presentacion\/#breadcrumb"},"inLanguage":"es","potentialAction":[{"@type":"ReadAction","target":["https:\/\/www.caudete.org\/ayuntamiento\/biblioteca-presentacion\/"]}]},{"@type":"ImageObject","inLanguage":"es","@id":"https:\/\/www.caudete.org\/ayuntamiento\/biblioteca-presentacion\/#primaryimage","url":"https:\/\/www.caudete.org\/ayuntamiento\/wp-content\/uploads\/2020\/12\/3p.jpg","contentUrl":"https:\/\/www.caudete.org\/ayuntamiento\/wp-content\/uploads\/2020\/12\/3p.jpg","width":1200,"height":449},{"@type":"BreadcrumbList","@id":"https:\/\/www.caudete.org\/ayuntamiento\/biblioteca-presentacion\/#breadcrumb","itemListElement":[{"@type":"ListItem","position":1,"name":"Inicio","item":"https:\/\/www.caudete.org\/ayuntamiento\/"},{"@type":"ListItem","position":2,"name":"Biblioteca &#8211; Presentaci\u00f3n"}]},{"@type":"WebSite","@id":"https:\/\/www.caudete.org\/ayuntamiento\/#website","url":"https:\/\/www.caudete.org\/ayuntamiento\/","name":"MI Ayuntamiento de Caudete","description":"P\u00e1gina Oficial del MI Ayuntamiento de Caudete","potentialAction":[{"@type":"SearchAction","target":{"@type":"EntryPoint","urlTemplate":"https:\/\/www.caudete.org\/ayuntamiento\/?s={search_term_string}"},"query-input":{"@type":"PropertyValueSpecification","valueRequired":true,"valueName":"search_term_string"}}],"inLanguage":"es"}]}},"_links":{"self":[{"href":"https:\/\/www.caudete.org\/ayuntamiento\/wp-json\/wp\/v2\/pages\/6900","targetHints":{"allow":["GET"]}}],"collection":[{"href":"https:\/\/www.caudete.org\/ayuntamiento\/wp-json\/wp\/v2\/pages"}],"about":[{"href":"https:\/\/www.caudete.org\/ayuntamiento\/wp-json\/wp\/v2\/types\/page"}],"author":[{"embeddable":true,"href":"https:\/\/www.caudete.org\/ayuntamiento\/wp-json\/wp\/v2\/users\/1"}],"replies":[{"embeddable":true,"href":"https:\/\/www.caudete.org\/ayuntamiento\/wp-json\/wp\/v2\/comments?post=6900"}],"version-history":[{"count":19,"href":"https:\/\/www.caudete.org\/ayuntamiento\/wp-json\/wp\/v2\/pages\/6900\/revisions"}],"predecessor-version":[{"id":24399,"href":"https:\/\/www.caudete.org\/ayuntamiento\/wp-json\/wp\/v2\/pages\/6900\/revisions\/24399"}],"wp:attachment":[{"href":"https:\/\/www.caudete.org\/ayuntamiento\/wp-json\/wp\/v2\/media?parent=6900"}],"wp:term":[{"taxonomy":"category","embeddable":true,"href":"https:\/\/www.caudete.org\/ayuntamiento\/wp-json\/wp\/v2\/categories?post=6900"},{"taxonomy":"post_tag","embeddable":true,"href":"https:\/\/www.caudete.org\/ayuntamiento\/wp-json\/wp\/v2\/tags?post=6900"}],"curies":[{"name":"wp","href":"https:\/\/api.w.org\/{rel}","templated":true}]}}