{"id":7002,"date":"2020-12-06T14:21:41","date_gmt":"2020-12-06T13:21:41","guid":{"rendered":"http:\/\/www.caudete.org\/ayuntamiento\/?page_id=7002"},"modified":"2024-06-21T19:14:38","modified_gmt":"2024-06-21T17:14:38","slug":"biblioteca-acceso-a-internet","status":"publish","type":"page","link":"https:\/\/www.caudete.org\/ayuntamiento\/biblioteca-acceso-a-internet\/","title":{"rendered":"Biblioteca &#8211; Acceso a Internet"},"content":{"rendered":"<p><img fetchpriority=\"high\" decoding=\"async\" class=\"aligncenter size-full wp-image-9906\" src=\"http:\/\/www.caudete.org\/ayuntamiento\/wp-content\/uploads\/2020\/12\/3p.jpg\" alt=\"\" width=\"1200\" height=\"449\" srcset=\"https:\/\/www.caudete.org\/ayuntamiento\/wp-content\/uploads\/2020\/12\/3p.jpg 1200w, https:\/\/www.caudete.org\/ayuntamiento\/wp-content\/uploads\/2020\/12\/3p-300x112.jpg 300w, https:\/\/www.caudete.org\/ayuntamiento\/wp-content\/uploads\/2020\/12\/3p-1024x383.jpg 1024w, https:\/\/www.caudete.org\/ayuntamiento\/wp-content\/uploads\/2020\/12\/3p-768x287.jpg 768w\" sizes=\"(max-width: 1200px) 100vw, 1200px\" \/><\/p>\n<p>&nbsp;<\/p>\n<p style=\"text-align: justify;\">Este servicio ofrece a todos los ciudadanos acceso a la informaci\u00f3n, cultura, pensamiento,&#8230; fomentando el uso de las nuevas tecnolog\u00edas de la informaci\u00f3n y la comunicaci\u00f3n.<\/p>\n<p style=\"text-align: justify;\">En nuestra biblioteca se puede consultar Internet de forma gratuita, adem\u00e1s los usuarios pueden hacer uso tambi\u00e9n de la conexi\u00f3n a Internet desde sus port\u00e1tiles al ser la Biblioteca TERRITORIO WI-FI.<\/p>\n<p style=\"text-align: justify;\">Para ello s\u00f3lo es necesario presentar el carnet de socio de la biblioteca.<\/p>\n<p style=\"text-align: justify;\">Existen 5 puestos inform\u00e1ticos con hardware y software de \u00faltima generaci\u00f3n para la navegaci\u00f3n mediante una l\u00ednea ADSL PREMIUM que da una velocidad y rendimiento para la navegaci\u00f3n muy por encima de lo habitual. Estos puestos tambi\u00e9n cuentan con monitores de 17 pulgadas para un c\u00f3modo y correcto visionado. Adem\u00e1s tambi\u00e9n podr\u00e1s si lo deseas usar el servicio de impresi\u00f3n, que tiene un coste de 5 c\u00e9ntimos por p\u00e1gina en blanco y negro.<\/p>\n<p style=\"text-align: justify;\">Estos puestos est\u00e1n distribuidos en :<\/p>\n<p style=\"text-align: justify;\">&#8211; 1 puesto infantil, para menores de 14 a\u00f1os.<br \/>\n&#8211; 4 puestos de adultos.<\/p>\n<p style=\"text-align: justify;\"><b>CONDICIONES DE USO<\/b><\/p>\n<ul>\n<li>El tiempo m\u00e1ximo de la sesi\u00f3n ser\u00e1 de 1 hora, no prorrogable.<\/li>\n<li>El coste del uso de este servicio es totalmente gratuito, excepto la impresi\u00f3n de documentos.<\/li>\n<li>Pueden acceder a este servicio todos los socios de la biblioteca con la presentaci\u00f3n previa del carnet que lo acredite.<\/li>\n<li>Para acceder a este servicio, hay que tener en cuenta las normas de acceso a Internet, puedes consultarlas en la Biblioteca, en el enlace de esta p\u00e1gina.<\/li>\n<\/ul>\n<p><b>RECURSOS INFANTILES<\/b><\/p>\n<ul>\n<li><a href=\"http:\/\/www.juegaspeque.com\/Juegos-Colorear-1.html\" target=\"_blank\" rel=\"noopener noreferrer nofollow\">Juegas Peque<\/a><\/li>\n<li><a href=\"http:\/\/dibujalia.net\/\" target=\"_blank\" rel=\"noopener noreferrer nofollow\">Dibujalia<\/a><\/li>\n<li><a href=\"http:\/\/www.internenes.com\/enlinea\" target=\"_blank\" rel=\"noopener noreferrer nofollow\">Internenes<\/a><\/li>\n<li><a href=\"http:\/\/www.mundolatino.org\/rinconcito\" target=\"_blank\" rel=\"noopener noreferrer nofollow\">Mundo latino<\/a><\/li>\n<li><a href=\"http:\/\/www.lapandilladeleo.com\" target=\"_blank\" rel=\"noopener noreferrer nofollow\">La pandilla de Leo<\/a><\/li>\n<li><a href=\"http:\/\/www.pequenet.com\" target=\"_blank\" rel=\"noopener noreferrer nofollow\">Pequenet<\/a><\/li>\n<li><a href=\"http:\/\/http:\/\/www.chicos.net\" target=\"_blank\" rel=\"noopener noreferrer nofollow\">Chicos<\/a><\/li>\n<\/ul>\n<p><b>P\u00c1GINAS DE PERSONAJES INFANTILES Y COMICS<\/b><\/p>\n<ul>\n<li><a href=\"http:\/\/mortadeloyfilemon.com\" target=\"_blank\" rel=\"noopener noreferrer nofollow\">Mortadelo y Filem\u00f3n<\/a><\/li>\n<li><a href=\"http:\/\/www.capitan-trueno.com\/\" target=\"_blank\" rel=\"noopener noreferrer nofollow\">Capit\u00e1n Trueno<\/a><\/li>\n<li><a href=\"http:\/\/www.guiadelcomic.com\/humor\/titeuf.htm\" target=\"_blank\" rel=\"noopener noreferrer nofollow\">Titeuf<\/a><\/li>\n<li><a href=\"http:\/\/www.rtve.es\/tve\/b\/loslunnis\/index.htm\" target=\"_blank\" rel=\"noopener noreferrer nofollow\">Los lunnis<\/a><\/li>\n<li><a href=\"http:\/\/www.guiadelcomic.es\/\" target=\"_blank\" rel=\"noopener noreferrer nofollow\">Guia del Comice<\/a><\/li>\n<li><a href=\"http:\/\/geronimostilton.com\/\" target=\"_blank\" rel=\"noopener noreferrer nofollow\">Ger\u00f3nimo Stilton<\/a><\/li>\n<li><a href=\"http:\/\/www.eragons.com\/\" target=\"_blank\" rel=\"noopener noreferrer nofollow\">Eragons<\/a><\/li>\n<li><a href=\"https:\/\/garfield.com\/\" target=\"_blank\" rel=\"noopener noreferrer nofollow\">Garfield<\/a><\/li>\n<li><a href=\"http:\/\/es.bratz.com\/\" target=\"_blank\" rel=\"noopener noreferrer nofollow\">Bratz<\/a><\/li>\n<li><a href=\"http:\/\/www.disney.es\" target=\"_blank\" rel=\"noopener noreferrer nofollow\">Disney<\/a><\/li>\n<li><a href=\"http:\/\/www.pipoclub.net\" target=\"_blank\" rel=\"noopener noreferrer nofollow\">El club de Pipo<\/a><\/li>\n<li><a href=\"http:\/\/es.barbie.com\/\" target=\"_blank\" rel=\"noopener noreferrer nofollow\">Barbie<\/a><\/li>\n<li><a href=\"http:\/\/es.asterix.com\" target=\"_blank\" rel=\"noopener noreferrer nofollow\">Asterix<\/a><\/li>\n<\/ul>\n<p><b>P\u00c1GINAS PARA APRENDER<\/b><\/p>\n<ul>\n<li><a href=\"http:\/\/www.santillana.es\/\" target=\"_blank\" rel=\"noopener noreferrer nofollow\">Santillana<\/a><\/li>\n<li><a href=\"http:\/\/www.supersaber.com\/\" target=\"_blank\" rel=\"noopener noreferrer nofollow\">Supersaber<\/a><\/li>\n<li><a href=\"http:\/\/www.sheppardsoftware.com\/preschool\/preschool.htm\" target=\"_blank\" rel=\"noopener noreferrer nofollow\">Preschool<\/a><\/li>\n<li><a href=\"http:\/\/www.bbc.co.uk\/schools\/laac\/menu.shtml\" target=\"_blank\" rel=\"noopener noreferrer nofollow\">BBC<\/a><\/li>\n<li><a href=\"http:\/\/www.poissonrouge.com\/free\/\" target=\"_blank\" rel=\"noopener noreferrer nofollow\">Poisson rouge<\/a><\/li>\n<li><a href=\"http:\/\/www.bosquedefantasias.com\/\" target=\"_blank\" rel=\"noopener noreferrer nofollow\">Bosque de fantasias<\/a><\/li>\n<li><a href=\"http:\/\/www.caudete.telemaco.es\/www.bme.es\/peques\/index.html\" target=\"_blank\" rel=\"noopener noreferrer nofollow\">La guarderia<\/a><\/li>\n<li><a href=\"http:\/\/www.aprendejugando.com\" target=\"_blank\" rel=\"noopener noreferrer nofollow\">Aprende jugando<\/a><\/li>\n<\/ul>\n<p><b>LIBROS INFANTILES Y CUENTOS <\/b><\/p>\n<ul>\n<li><a href=\"http:\/\/www.nocuentos.com\/\" target=\"_blank\" rel=\"noopener noreferrer nofollow\">Cuentos por categor\u00edas<\/a><\/li>\n<li><a href=\"http:\/\/cuentosparadormir.com\/\" target=\"_blank\" rel=\"noopener noreferrer nofollow\">Cuentos para dormir<\/a><\/li>\n<li><a href=\"http:\/\/www.cuentosinfantiles.net\/\" target=\"_blank\" rel=\"noopener noreferrer nofollow\">Cuentos infantiles<\/a><\/li>\n<li><a href=\"http:\/\/www.oya-es.net\/infantil.htm\" target=\"_blank\" rel=\"noopener noreferrer nofollow\">Cuentos de Milagros Oy\u00e1<\/a><\/li>\n<li><a href=\"http:\/\/www.getxoweb.com\/Principito\" target=\"_blank\" rel=\"noopener noreferrer nofollow\">El principito<\/a><\/li>\n<\/ul>\n<p><b>ARTE Y M\u00daSICA <\/b><\/p>\n<ul>\n<li><a href=\"https:\/\/www.guggenheim-bilbao.es\/src\/uploads\/flash\/aventura-en-el-museo\/?idioma=es\" target=\"_blank\" rel=\"noopener noreferrer nofollow\">Visita virtual al museo Guggenheim<\/a><\/li>\n<li><a href=\"http:\/\/mncn.s3.amazonaws.com\/mncnexpo\/scb\/mncnexpoES_standalone.html\" target=\"_blank\" rel=\"noopener noreferrer nofollow\">Visita virtual al museo de historia natural<\/a><\/li>\n<li><a href=\"http:\/\/www.musicainfantiles.es\/2010\/07\/musica-infantiles.html\" target=\"_blank\" rel=\"noopener noreferrer nofollow\">M\u00fasica infantil<\/a><\/li>\n<\/ul>\n<p><b>ENCICLOPEDIAS Y DICCIONARIOS<\/b><\/p>\n<ul>\n<li><a href=\"http:\/\/www.enciclonet.com\" target=\"_blank\" rel=\"noopener noreferrer nofollow\">Enciclonet<\/a><\/li>\n<li><a href=\"http:\/\/www.rae.es\/\" target=\"_blank\" rel=\"noopener noreferrer nofollow\">Diccionario de la RAE<\/a><\/li>\n<li><a href=\"http:\/\/www.biografiasyvidas.com\/\" target=\"_blank\" rel=\"noopener noreferrer nofollow\">Biografias y vidas<\/a><\/li>\n<li><a href=\"http:\/\/www.diccionarios.com\/\" target=\"_blank\" rel=\"noopener noreferrer nofollow\">Diccionarios<\/a><\/li>\n<li><a href=\"http:\/\/www.elcastellano.org\/diccio.html\" target=\"_blank\" rel=\"noopener noreferrer nofollow\">Diccionario de Castellano<\/a><\/li>\n<li><a href=\"http:\/\/www.glosarium.com\/\" target=\"_blank\" rel=\"noopener noreferrer nofollow\">Glosario<\/a><\/li>\n<li><a href=\"http:\/\/www.wordreference.com\/\" target=\"_blank\" rel=\"noopener noreferrer nofollow\">Diccionario Multiling\u00fce<\/a><\/li>\n<li><a href=\"http:\/\/www.mediosmedios.com.ar\/Diccionarios.htm\" target=\"_blank\" rel=\"noopener noreferrer nofollow\">Diccionarios Varios<\/a><\/li>\n<\/ul>\n<p><b>VARIOS<\/b><\/p>\n<ul>\n<li><a href=\"http:\/\/www.idhun.net\/\" target=\"_blank\" rel=\"noopener noreferrer nofollow\">Fans de Laura Gallego<\/a><\/li>\n<li><a href=\"http:\/\/www.megustaleer.com\/infantil\/\" target=\"_blank\" rel=\"noopener noreferrer nofollow\">Me gusta leer<\/a><\/li>\n<\/ul>\n<p><b>PARA PADRES<\/b><\/p>\n<ul>\n<li><a href=\"http:\/\/www.solohijos.com\/web\/\" target=\"_blank\" rel=\"noopener noreferrer nofollow\">Solo hijos<\/a><\/li>\n<li><a href=\"http:\/\/www.cyberpadres.com\/\" target=\"_blank\" rel=\"noopener noreferrer nofollow\">Cyberpadres<\/a><\/li>\n<li><a href=\"http:\/\/www.chaval.es\/chavales\/\" target=\"_blank\" rel=\"noopener noreferrer nofollow\">Chavales<\/a><\/li>\n<li><a href=\"http:\/\/www.elbebe.com\/\" target=\"_blank\" rel=\"noopener noreferrer nofollow\">El bebe<\/a><\/li>\n<li><a href=\"http:\/\/www.protecciondemenores.org\/\" target=\"_blank\" rel=\"noopener noreferrer nofollow\">Protecci\u00f3n de menores<\/a><\/li>\n<li><a href=\"http:\/\/pediatraldia.cl\/\" target=\"_blank\" rel=\"noopener noreferrer nofollow\">Pedriatra al dia<\/a><\/li>\n<\/ul>\n<p><strong>Ficheros adjuntos<\/strong><\/p>\n<hr>\n<p><a href=\"http:\/\/www.caudete.telemaco.es\/eniusimg\/enius146\/2011\/02\/adjuntos_fichero_128209_e78d94046ed014cc.pdf\" class=\"mtli_attachment mtli_pdf\" target=\"_blank\" rel=\"noopener noreferrer nofollow\">Normas internet biblioteca<\/a><\/p>\n<p><a href=\"http:\/\/www.caudete.telemaco.es\/eniusimg\/enius146\/2011\/02\/adjuntos_fichero_128210_93afa94362af989a.pdf\" class=\"mtli_attachment mtli_pdf\" target=\"_blank\" rel=\"noopener noreferrer nofollow\">Cartel internet biblioteca<\/a><\/p>\n<p><a href=\"http:\/\/www.caudete.telemaco.es\/eniusimg\/enius146\/2011\/02\/adjuntos_fichero_128380_6baadd01d74f997c.pdf\" class=\"mtli_attachment mtli_pdf\" target=\"_blank\" rel=\"noopener noreferrer nofollow\">Guia internet menores<\/a><\/p>\n<p>&nbsp;<\/p>\n<p><img decoding=\"async\" class=\"aligncenter size-full wp-image-7013\" src=\"http:\/\/www.caudete.org\/ayuntamiento\/wp-content\/uploads\/2020\/12\/internet.jpg\" alt=\"\" width=\"794\" height=\"460\" srcset=\"https:\/\/www.caudete.org\/ayuntamiento\/wp-content\/uploads\/2020\/12\/internet.jpg 794w, https:\/\/www.caudete.org\/ayuntamiento\/wp-content\/uploads\/2020\/12\/internet-300x174.jpg 300w, https:\/\/www.caudete.org\/ayuntamiento\/wp-content\/uploads\/2020\/12\/internet-768x445.jpg 768w\" sizes=\"(max-width: 794px) 100vw, 794px\" \/><\/p>\n","protected":false},"excerpt":{"rendered":"<p>&nbsp; Este servicio ofrece a todos los ciudadanos acceso a la informaci\u00f3n, cultura, pensamiento,&#8230; fomentando el uso de las nuevas tecnolog\u00edas de la informaci\u00f3n y la comunicaci\u00f3n. En nuestra biblioteca se puede consultar Internet de forma gratuita, adem\u00e1s los usuarios pueden hacer uso tambi\u00e9n de la conexi\u00f3n a Internet desde sus port\u00e1tiles al ser la &hellip;<\/p>\n","protected":false},"author":1,"featured_media":0,"parent":0,"menu_order":0,"comment_status":"closed","ping_status":"closed","template":"","meta":{"ngg_post_thumbnail":0,"footnotes":""},"categories":[105],"tags":[],"class_list":["post-7002","page","type-page","status-publish","hentry","category-biblioteca"],"yoast_head":"<!-- This site is optimized with the Yoast SEO plugin v27.5 - https:\/\/yoast.com\/product\/yoast-seo-wordpress\/ -->\n<title>Biblioteca - Acceso a Internet - MI Ayuntamiento de Caudete<\/title>\n<meta name=\"description\" content=\"P\u00e1gina Oficial del Ayuntamiento de Caudete (Albacete)\" \/>\n<meta name=\"robots\" content=\"index, follow, max-snippet:-1, max-image-preview:large, max-video-preview:-1\" \/>\n<link rel=\"canonical\" href=\"https:\/\/www.caudete.org\/ayuntamiento\/biblioteca-acceso-a-internet\/\" \/>\n<meta property=\"og:locale\" content=\"es_ES\" \/>\n<meta property=\"og:type\" content=\"article\" \/>\n<meta property=\"og:title\" content=\"Biblioteca - Acceso a Internet - MI Ayuntamiento de Caudete\" \/>\n<meta property=\"og:description\" content=\"P\u00e1gina Oficial del Ayuntamiento de Caudete (Albacete)\" \/>\n<meta property=\"og:url\" content=\"https:\/\/www.caudete.org\/ayuntamiento\/biblioteca-acceso-a-internet\/\" \/>\n<meta property=\"og:site_name\" content=\"MI Ayuntamiento de Caudete\" \/>\n<meta property=\"article:publisher\" content=\"https:\/\/www.facebook.com\/ayuntamientocaudete\/\" \/>\n<meta property=\"article:modified_time\" content=\"2024-06-21T17:14:38+00:00\" \/>\n<meta property=\"og:image\" content=\"http:\/\/www.caudete.org\/ayuntamiento\/wp-content\/uploads\/2020\/12\/3p.jpg\" \/>\n<meta name=\"twitter:card\" content=\"summary_large_image\" \/>\n<meta name=\"twitter:label1\" content=\"Tiempo de lectura\" \/>\n\t<meta name=\"twitter:data1\" content=\"2 minutos\" \/>\n<script type=\"application\/ld+json\" class=\"yoast-schema-graph\">{\"@context\":\"https:\\\/\\\/schema.org\",\"@graph\":[{\"@type\":\"WebPage\",\"@id\":\"https:\\\/\\\/www.caudete.org\\\/ayuntamiento\\\/biblioteca-acceso-a-internet\\\/\",\"url\":\"https:\\\/\\\/www.caudete.org\\\/ayuntamiento\\\/biblioteca-acceso-a-internet\\\/\",\"name\":\"Biblioteca - Acceso a Internet - MI Ayuntamiento de Caudete\",\"isPartOf\":{\"@id\":\"https:\\\/\\\/www.caudete.org\\\/ayuntamiento\\\/#website\"},\"primaryImageOfPage\":{\"@id\":\"https:\\\/\\\/www.caudete.org\\\/ayuntamiento\\\/biblioteca-acceso-a-internet\\\/#primaryimage\"},\"image\":{\"@id\":\"https:\\\/\\\/www.caudete.org\\\/ayuntamiento\\\/biblioteca-acceso-a-internet\\\/#primaryimage\"},\"thumbnailUrl\":\"http:\\\/\\\/www.caudete.org\\\/ayuntamiento\\\/wp-content\\\/uploads\\\/2020\\\/12\\\/3p.jpg\",\"datePublished\":\"2020-12-06T13:21:41+00:00\",\"dateModified\":\"2024-06-21T17:14:38+00:00\",\"description\":\"P\u00e1gina Oficial del Ayuntamiento de Caudete (Albacete)\",\"breadcrumb\":{\"@id\":\"https:\\\/\\\/www.caudete.org\\\/ayuntamiento\\\/biblioteca-acceso-a-internet\\\/#breadcrumb\"},\"inLanguage\":\"es\",\"potentialAction\":[{\"@type\":\"ReadAction\",\"target\":[\"https:\\\/\\\/www.caudete.org\\\/ayuntamiento\\\/biblioteca-acceso-a-internet\\\/\"]}]},{\"@type\":\"ImageObject\",\"inLanguage\":\"es\",\"@id\":\"https:\\\/\\\/www.caudete.org\\\/ayuntamiento\\\/biblioteca-acceso-a-internet\\\/#primaryimage\",\"url\":\"https:\\\/\\\/www.caudete.org\\\/ayuntamiento\\\/wp-content\\\/uploads\\\/2020\\\/12\\\/3p.jpg\",\"contentUrl\":\"https:\\\/\\\/www.caudete.org\\\/ayuntamiento\\\/wp-content\\\/uploads\\\/2020\\\/12\\\/3p.jpg\",\"width\":1200,\"height\":449},{\"@type\":\"BreadcrumbList\",\"@id\":\"https:\\\/\\\/www.caudete.org\\\/ayuntamiento\\\/biblioteca-acceso-a-internet\\\/#breadcrumb\",\"itemListElement\":[{\"@type\":\"ListItem\",\"position\":1,\"name\":\"Inicio\",\"item\":\"https:\\\/\\\/www.caudete.org\\\/ayuntamiento\\\/\"},{\"@type\":\"ListItem\",\"position\":2,\"name\":\"Biblioteca &#8211; Acceso a Internet\"}]},{\"@type\":\"WebSite\",\"@id\":\"https:\\\/\\\/www.caudete.org\\\/ayuntamiento\\\/#website\",\"url\":\"https:\\\/\\\/www.caudete.org\\\/ayuntamiento\\\/\",\"name\":\"MI Ayuntamiento de Caudete\",\"description\":\"P\u00e1gina Oficial del MI Ayuntamiento de Caudete\",\"potentialAction\":[{\"@type\":\"SearchAction\",\"target\":{\"@type\":\"EntryPoint\",\"urlTemplate\":\"https:\\\/\\\/www.caudete.org\\\/ayuntamiento\\\/?s={search_term_string}\"},\"query-input\":{\"@type\":\"PropertyValueSpecification\",\"valueRequired\":true,\"valueName\":\"search_term_string\"}}],\"inLanguage\":\"es\"}]}<\/script>\n<!-- \/ Yoast SEO plugin. -->","yoast_head_json":{"title":"Biblioteca - Acceso a Internet - MI Ayuntamiento de Caudete","description":"P\u00e1gina Oficial del Ayuntamiento de Caudete (Albacete)","robots":{"index":"index","follow":"follow","max-snippet":"max-snippet:-1","max-image-preview":"max-image-preview:large","max-video-preview":"max-video-preview:-1"},"canonical":"https:\/\/www.caudete.org\/ayuntamiento\/biblioteca-acceso-a-internet\/","og_locale":"es_ES","og_type":"article","og_title":"Biblioteca - Acceso a Internet - MI Ayuntamiento de Caudete","og_description":"P\u00e1gina Oficial del Ayuntamiento de Caudete (Albacete)","og_url":"https:\/\/www.caudete.org\/ayuntamiento\/biblioteca-acceso-a-internet\/","og_site_name":"MI Ayuntamiento de Caudete","article_publisher":"https:\/\/www.facebook.com\/ayuntamientocaudete\/","article_modified_time":"2024-06-21T17:14:38+00:00","og_image":[{"url":"http:\/\/www.caudete.org\/ayuntamiento\/wp-content\/uploads\/2020\/12\/3p.jpg","type":"","width":"","height":""}],"twitter_card":"summary_large_image","twitter_misc":{"Tiempo de lectura":"2 minutos"},"schema":{"@context":"https:\/\/schema.org","@graph":[{"@type":"WebPage","@id":"https:\/\/www.caudete.org\/ayuntamiento\/biblioteca-acceso-a-internet\/","url":"https:\/\/www.caudete.org\/ayuntamiento\/biblioteca-acceso-a-internet\/","name":"Biblioteca - Acceso a Internet - MI Ayuntamiento de Caudete","isPartOf":{"@id":"https:\/\/www.caudete.org\/ayuntamiento\/#website"},"primaryImageOfPage":{"@id":"https:\/\/www.caudete.org\/ayuntamiento\/biblioteca-acceso-a-internet\/#primaryimage"},"image":{"@id":"https:\/\/www.caudete.org\/ayuntamiento\/biblioteca-acceso-a-internet\/#primaryimage"},"thumbnailUrl":"http:\/\/www.caudete.org\/ayuntamiento\/wp-content\/uploads\/2020\/12\/3p.jpg","datePublished":"2020-12-06T13:21:41+00:00","dateModified":"2024-06-21T17:14:38+00:00","description":"P\u00e1gina Oficial del Ayuntamiento de Caudete (Albacete)","breadcrumb":{"@id":"https:\/\/www.caudete.org\/ayuntamiento\/biblioteca-acceso-a-internet\/#breadcrumb"},"inLanguage":"es","potentialAction":[{"@type":"ReadAction","target":["https:\/\/www.caudete.org\/ayuntamiento\/biblioteca-acceso-a-internet\/"]}]},{"@type":"ImageObject","inLanguage":"es","@id":"https:\/\/www.caudete.org\/ayuntamiento\/biblioteca-acceso-a-internet\/#primaryimage","url":"https:\/\/www.caudete.org\/ayuntamiento\/wp-content\/uploads\/2020\/12\/3p.jpg","contentUrl":"https:\/\/www.caudete.org\/ayuntamiento\/wp-content\/uploads\/2020\/12\/3p.jpg","width":1200,"height":449},{"@type":"BreadcrumbList","@id":"https:\/\/www.caudete.org\/ayuntamiento\/biblioteca-acceso-a-internet\/#breadcrumb","itemListElement":[{"@type":"ListItem","position":1,"name":"Inicio","item":"https:\/\/www.caudete.org\/ayuntamiento\/"},{"@type":"ListItem","position":2,"name":"Biblioteca &#8211; Acceso a Internet"}]},{"@type":"WebSite","@id":"https:\/\/www.caudete.org\/ayuntamiento\/#website","url":"https:\/\/www.caudete.org\/ayuntamiento\/","name":"MI Ayuntamiento de Caudete","description":"P\u00e1gina Oficial del MI Ayuntamiento de Caudete","potentialAction":[{"@type":"SearchAction","target":{"@type":"EntryPoint","urlTemplate":"https:\/\/www.caudete.org\/ayuntamiento\/?s={search_term_string}"},"query-input":{"@type":"PropertyValueSpecification","valueRequired":true,"valueName":"search_term_string"}}],"inLanguage":"es"}]}},"_links":{"self":[{"href":"https:\/\/www.caudete.org\/ayuntamiento\/wp-json\/wp\/v2\/pages\/7002","targetHints":{"allow":["GET"]}}],"collection":[{"href":"https:\/\/www.caudete.org\/ayuntamiento\/wp-json\/wp\/v2\/pages"}],"about":[{"href":"https:\/\/www.caudete.org\/ayuntamiento\/wp-json\/wp\/v2\/types\/page"}],"author":[{"embeddable":true,"href":"https:\/\/www.caudete.org\/ayuntamiento\/wp-json\/wp\/v2\/users\/1"}],"replies":[{"embeddable":true,"href":"https:\/\/www.caudete.org\/ayuntamiento\/wp-json\/wp\/v2\/comments?post=7002"}],"version-history":[{"count":10,"href":"https:\/\/www.caudete.org\/ayuntamiento\/wp-json\/wp\/v2\/pages\/7002\/revisions"}],"predecessor-version":[{"id":9912,"href":"https:\/\/www.caudete.org\/ayuntamiento\/wp-json\/wp\/v2\/pages\/7002\/revisions\/9912"}],"wp:attachment":[{"href":"https:\/\/www.caudete.org\/ayuntamiento\/wp-json\/wp\/v2\/media?parent=7002"}],"wp:term":[{"taxonomy":"category","embeddable":true,"href":"https:\/\/www.caudete.org\/ayuntamiento\/wp-json\/wp\/v2\/categories?post=7002"},{"taxonomy":"post_tag","embeddable":true,"href":"https:\/\/www.caudete.org\/ayuntamiento\/wp-json\/wp\/v2\/tags?post=7002"}],"curies":[{"name":"wp","href":"https:\/\/api.w.org\/{rel}","templated":true}]}}