{"id":7015,"date":"2020-12-06T14:33:09","date_gmt":"2020-12-06T13:33:09","guid":{"rendered":"http:\/\/www.caudete.org\/ayuntamiento\/?page_id=7015"},"modified":"2024-06-21T19:17:31","modified_gmt":"2024-06-21T17:17:31","slug":"biblioteca-informacion-bibliografica","status":"publish","type":"page","link":"https:\/\/www.caudete.org\/ayuntamiento\/biblioteca-informacion-bibliografica\/","title":{"rendered":"Biblioteca &#8211; Informaci\u00f3n bibliogr\u00e1fica"},"content":{"rendered":"<div id=\"recuadro_not\">\n<p style=\"text-align: justify;\">La <strong>Biblioteca P\u00fablica Municipal &#8220;Ana Mar\u00eda Matute&#8221;<\/strong> ofrece a sus usuarios un servicio de informaci\u00f3n que atiende las peticiones de informaci\u00f3n bibliogr\u00e1fica, y las consultas sobre la organizaci\u00f3n y el funcionamiento de \u00e9sta. La biblioteca pone igualmente a disposici\u00f3n de sus usuarios la consulta del cat\u00e1logo de la Biblioteca informatizado mediante un ordenador de consulta u OPAC.<\/p>\n<p style=\"text-align: justify;\">Adem\u00e1s actualizamos constantemente el tabl\u00f3n de anuncios ofreciendo informaci\u00f3n de noticias locales, eventos, concursos, &#8230;<\/p>\n<p style=\"text-align: justify;\">As\u00ed, la biblioteca facilita todo tipo de informaci\u00f3n, tanto de tipo puntual como bibliogr\u00e1fica, que necesite el usuario. Para ello cuenta con la atenci\u00f3n directa del personal de la Biblioteca y de otras fuentes de informaci\u00f3n: secci\u00f3n de referencia, acceso a nuestro cat\u00e1logo o al de otras bibliotecas y acceso a Internet.<\/p>\n<p style=\"text-align: justify;\">Adem\u00e1s puntualmente creamos centros de inter\u00e9s tanto adultos como infantiles sobre temas de actualidad y efem\u00e9rides, de los que adem\u00e1s hacemos gu\u00edas de lectura.<\/p>\n<p style=\"text-align: justify;\">Desde la Biblioteca nos preocupamos por facilitar a nuestros usuarios los documentos que nos demandan, por lo que si \u00e9stos necesitan un material que no tenemos en nuestro fondo, localizamos el documento en otra biblioteca para tramitarlo por pr\u00e9stamo interbibliotecario o bien si est\u00e1 disponible en el mercado e interesa incorporarlo a la biblioteca, lo adquirimos para que forme parte de nuestro fondo documental.<\/p>\n<p style=\"text-align: justify;\">El pasado a\u00f1o 2010 tramitamos un total de 116 desideratas y de 198 pr\u00e9stamos interbibliotecarios.<\/p>\n<p style=\"text-align: justify;\">Adem\u00e1s puntualmente actualizamos nuestros centros de inter\u00e9s, tanto de adultos como de infantil, son expositores para libros donde seg\u00fan las noticias y efem\u00e9rides colocamos libros en exposici\u00f3n para hacerlos m\u00e1s visibles y atractivos a nuestros usuarios. Adem\u00e1s muchas veces los acompa\u00f1amos de gu\u00edas de lectura donde van referenciados los t\u00edtulos.<\/p>\n<p style=\"text-align: justify;\"><a href=\"http:\/\/www.caudete.org\/ayuntamiento\/biblioteca-guias-de-lectura\/\">Puedes consultarlas en este enlace<\/a><\/p>\n<\/div>\n<div id=\"enlaces\">\n<p style=\"text-align: justify;\"><strong>Enlaces relacionados<\/strong><\/p>\n<hr>\n<ul>\n<li style=\"text-align: justify;\"><a href=\"http:\/\/reddebibliotecas.jccm.es\/cgi-bin\/abnetopac?SUBC=AB\/AB0254\" target=\"_blank\" rel=\"noopener noreferrer nofollow\">Enlace al cat\u00e1logo de la Biblioteca Ana Mar\u00eda Matute de Caudete<\/a><\/li>\n<\/ul>\n<\/div>\n","protected":false},"excerpt":{"rendered":"<p>La Biblioteca P\u00fablica Municipal &#8220;Ana Mar\u00eda Matute&#8221; ofrece a sus usuarios un servicio de informaci\u00f3n que atiende las peticiones de informaci\u00f3n bibliogr\u00e1fica, y las consultas sobre la organizaci\u00f3n y el funcionamiento de \u00e9sta. La biblioteca pone igualmente a disposici\u00f3n de sus usuarios la consulta del cat\u00e1logo de la Biblioteca informatizado mediante un ordenador de consulta &hellip;<\/p>\n","protected":false},"author":1,"featured_media":0,"parent":0,"menu_order":0,"comment_status":"closed","ping_status":"closed","template":"","meta":{"ngg_post_thumbnail":0,"footnotes":""},"categories":[105],"tags":[],"class_list":["post-7015","page","type-page","status-publish","hentry","category-biblioteca"],"yoast_head":"<!-- This site is optimized with the Yoast SEO plugin v27.5 - https:\/\/yoast.com\/product\/yoast-seo-wordpress\/ -->\n<title>Biblioteca - Informaci\u00f3n bibliogr\u00e1fica - MI Ayuntamiento de Caudete<\/title>\n<meta name=\"description\" content=\"P\u00e1gina Oficial del Ayuntamiento de Caudete (Albacete)\" \/>\n<meta name=\"robots\" content=\"index, follow, max-snippet:-1, max-image-preview:large, max-video-preview:-1\" \/>\n<link rel=\"canonical\" href=\"https:\/\/www.caudete.org\/ayuntamiento\/biblioteca-informacion-bibliografica\/\" \/>\n<meta property=\"og:locale\" content=\"es_ES\" \/>\n<meta property=\"og:type\" content=\"article\" \/>\n<meta property=\"og:title\" content=\"Biblioteca - Informaci\u00f3n bibliogr\u00e1fica - MI Ayuntamiento de Caudete\" \/>\n<meta property=\"og:description\" content=\"P\u00e1gina Oficial del Ayuntamiento de Caudete (Albacete)\" \/>\n<meta property=\"og:url\" content=\"https:\/\/www.caudete.org\/ayuntamiento\/biblioteca-informacion-bibliografica\/\" \/>\n<meta property=\"og:site_name\" content=\"MI Ayuntamiento de Caudete\" \/>\n<meta property=\"article:publisher\" content=\"https:\/\/www.facebook.com\/ayuntamientocaudete\/\" \/>\n<meta property=\"article:modified_time\" content=\"2024-06-21T17:17:31+00:00\" \/>\n<meta name=\"twitter:card\" content=\"summary_large_image\" \/>\n<meta name=\"twitter:label1\" content=\"Tiempo de lectura\" \/>\n\t<meta name=\"twitter:data1\" content=\"2 minutos\" \/>\n<script type=\"application\/ld+json\" class=\"yoast-schema-graph\">{\"@context\":\"https:\\\/\\\/schema.org\",\"@graph\":[{\"@type\":\"WebPage\",\"@id\":\"https:\\\/\\\/www.caudete.org\\\/ayuntamiento\\\/biblioteca-informacion-bibliografica\\\/\",\"url\":\"https:\\\/\\\/www.caudete.org\\\/ayuntamiento\\\/biblioteca-informacion-bibliografica\\\/\",\"name\":\"Biblioteca - Informaci\u00f3n bibliogr\u00e1fica - MI Ayuntamiento de Caudete\",\"isPartOf\":{\"@id\":\"https:\\\/\\\/www.caudete.org\\\/ayuntamiento\\\/#website\"},\"datePublished\":\"2020-12-06T13:33:09+00:00\",\"dateModified\":\"2024-06-21T17:17:31+00:00\",\"description\":\"P\u00e1gina Oficial del Ayuntamiento de Caudete (Albacete)\",\"breadcrumb\":{\"@id\":\"https:\\\/\\\/www.caudete.org\\\/ayuntamiento\\\/biblioteca-informacion-bibliografica\\\/#breadcrumb\"},\"inLanguage\":\"es\",\"potentialAction\":[{\"@type\":\"ReadAction\",\"target\":[\"https:\\\/\\\/www.caudete.org\\\/ayuntamiento\\\/biblioteca-informacion-bibliografica\\\/\"]}]},{\"@type\":\"BreadcrumbList\",\"@id\":\"https:\\\/\\\/www.caudete.org\\\/ayuntamiento\\\/biblioteca-informacion-bibliografica\\\/#breadcrumb\",\"itemListElement\":[{\"@type\":\"ListItem\",\"position\":1,\"name\":\"Inicio\",\"item\":\"https:\\\/\\\/www.caudete.org\\\/ayuntamiento\\\/\"},{\"@type\":\"ListItem\",\"position\":2,\"name\":\"Biblioteca &#8211; Informaci\u00f3n bibliogr\u00e1fica\"}]},{\"@type\":\"WebSite\",\"@id\":\"https:\\\/\\\/www.caudete.org\\\/ayuntamiento\\\/#website\",\"url\":\"https:\\\/\\\/www.caudete.org\\\/ayuntamiento\\\/\",\"name\":\"MI Ayuntamiento de Caudete\",\"description\":\"P\u00e1gina Oficial del MI Ayuntamiento de Caudete\",\"potentialAction\":[{\"@type\":\"SearchAction\",\"target\":{\"@type\":\"EntryPoint\",\"urlTemplate\":\"https:\\\/\\\/www.caudete.org\\\/ayuntamiento\\\/?s={search_term_string}\"},\"query-input\":{\"@type\":\"PropertyValueSpecification\",\"valueRequired\":true,\"valueName\":\"search_term_string\"}}],\"inLanguage\":\"es\"}]}<\/script>\n<!-- \/ Yoast SEO plugin. -->","yoast_head_json":{"title":"Biblioteca - Informaci\u00f3n bibliogr\u00e1fica - MI Ayuntamiento de Caudete","description":"P\u00e1gina Oficial del Ayuntamiento de Caudete (Albacete)","robots":{"index":"index","follow":"follow","max-snippet":"max-snippet:-1","max-image-preview":"max-image-preview:large","max-video-preview":"max-video-preview:-1"},"canonical":"https:\/\/www.caudete.org\/ayuntamiento\/biblioteca-informacion-bibliografica\/","og_locale":"es_ES","og_type":"article","og_title":"Biblioteca - Informaci\u00f3n bibliogr\u00e1fica - MI Ayuntamiento de Caudete","og_description":"P\u00e1gina Oficial del Ayuntamiento de Caudete (Albacete)","og_url":"https:\/\/www.caudete.org\/ayuntamiento\/biblioteca-informacion-bibliografica\/","og_site_name":"MI Ayuntamiento de Caudete","article_publisher":"https:\/\/www.facebook.com\/ayuntamientocaudete\/","article_modified_time":"2024-06-21T17:17:31+00:00","twitter_card":"summary_large_image","twitter_misc":{"Tiempo de lectura":"2 minutos"},"schema":{"@context":"https:\/\/schema.org","@graph":[{"@type":"WebPage","@id":"https:\/\/www.caudete.org\/ayuntamiento\/biblioteca-informacion-bibliografica\/","url":"https:\/\/www.caudete.org\/ayuntamiento\/biblioteca-informacion-bibliografica\/","name":"Biblioteca - Informaci\u00f3n bibliogr\u00e1fica - MI Ayuntamiento de Caudete","isPartOf":{"@id":"https:\/\/www.caudete.org\/ayuntamiento\/#website"},"datePublished":"2020-12-06T13:33:09+00:00","dateModified":"2024-06-21T17:17:31+00:00","description":"P\u00e1gina Oficial del Ayuntamiento de Caudete (Albacete)","breadcrumb":{"@id":"https:\/\/www.caudete.org\/ayuntamiento\/biblioteca-informacion-bibliografica\/#breadcrumb"},"inLanguage":"es","potentialAction":[{"@type":"ReadAction","target":["https:\/\/www.caudete.org\/ayuntamiento\/biblioteca-informacion-bibliografica\/"]}]},{"@type":"BreadcrumbList","@id":"https:\/\/www.caudete.org\/ayuntamiento\/biblioteca-informacion-bibliografica\/#breadcrumb","itemListElement":[{"@type":"ListItem","position":1,"name":"Inicio","item":"https:\/\/www.caudete.org\/ayuntamiento\/"},{"@type":"ListItem","position":2,"name":"Biblioteca &#8211; Informaci\u00f3n bibliogr\u00e1fica"}]},{"@type":"WebSite","@id":"https:\/\/www.caudete.org\/ayuntamiento\/#website","url":"https:\/\/www.caudete.org\/ayuntamiento\/","name":"MI Ayuntamiento de Caudete","description":"P\u00e1gina Oficial del MI Ayuntamiento de Caudete","potentialAction":[{"@type":"SearchAction","target":{"@type":"EntryPoint","urlTemplate":"https:\/\/www.caudete.org\/ayuntamiento\/?s={search_term_string}"},"query-input":{"@type":"PropertyValueSpecification","valueRequired":true,"valueName":"search_term_string"}}],"inLanguage":"es"}]}},"_links":{"self":[{"href":"https:\/\/www.caudete.org\/ayuntamiento\/wp-json\/wp\/v2\/pages\/7015","targetHints":{"allow":["GET"]}}],"collection":[{"href":"https:\/\/www.caudete.org\/ayuntamiento\/wp-json\/wp\/v2\/pages"}],"about":[{"href":"https:\/\/www.caudete.org\/ayuntamiento\/wp-json\/wp\/v2\/types\/page"}],"author":[{"embeddable":true,"href":"https:\/\/www.caudete.org\/ayuntamiento\/wp-json\/wp\/v2\/users\/1"}],"replies":[{"embeddable":true,"href":"https:\/\/www.caudete.org\/ayuntamiento\/wp-json\/wp\/v2\/comments?post=7015"}],"version-history":[{"count":5,"href":"https:\/\/www.caudete.org\/ayuntamiento\/wp-json\/wp\/v2\/pages\/7015\/revisions"}],"predecessor-version":[{"id":7025,"href":"https:\/\/www.caudete.org\/ayuntamiento\/wp-json\/wp\/v2\/pages\/7015\/revisions\/7025"}],"wp:attachment":[{"href":"https:\/\/www.caudete.org\/ayuntamiento\/wp-json\/wp\/v2\/media?parent=7015"}],"wp:term":[{"taxonomy":"category","embeddable":true,"href":"https:\/\/www.caudete.org\/ayuntamiento\/wp-json\/wp\/v2\/categories?post=7015"},{"taxonomy":"post_tag","embeddable":true,"href":"https:\/\/www.caudete.org\/ayuntamiento\/wp-json\/wp\/v2\/tags?post=7015"}],"curies":[{"name":"wp","href":"https:\/\/api.w.org\/{rel}","templated":true}]}}