{"id":7125,"date":"2020-12-06T18:30:00","date_gmt":"2020-12-06T17:30:00","guid":{"rendered":"http:\/\/www.caudete.org\/ayuntamiento\/?page_id=7125"},"modified":"2024-06-21T19:16:45","modified_gmt":"2024-06-21T17:16:45","slug":"biblioteca-consulta-de-fondos","status":"publish","type":"page","link":"https:\/\/www.caudete.org\/ayuntamiento\/biblioteca-consulta-de-fondos\/","title":{"rendered":"Biblioteca &#8211; Consulta de Fondos"},"content":{"rendered":"<div id=\"recuadro_not\">\n<p style=\"text-align: justify;\">El usuario tendr\u00e1 acceso libre a toda la colecci\u00f3n en la propia biblioteca.<\/p>\n<p style=\"text-align: justify;\">La Biblioteca posee diferentes secciones de libre acceso : hemeroteca, sala infantil, secci\u00f3n juvenil, secci\u00f3n multimedia, secci\u00f3n de referencia, sala de adultos y secci\u00f3n local.<\/p>\n<p style=\"text-align: justify;\">La Biblioteca P\u00fablica Municipal Ana Mar\u00eda Matute de Caudete se ha incorporado al proyecto de la Red de Bibliotecas P\u00fablicas de Castilla-La Mancha. Se trata de la puesta en marcha del Cat\u00e1logo Colectivo, a trav\u00e9s de una base de datos \u00fanica, donde los ciudadanos y podr\u00e1n tener acceso al conjunto de servicios ofrecidos por las Bibliotecas P\u00fablicas de la regi\u00f3n que se incorporan en esta primera fase.<\/p>\n<p style=\"text-align: justify;\">Desde el 1 de Julio de 2009 trabajamos en red con las Bibliotecas de Castilla La Mancha, y nuestro cat\u00e1logo ya est\u00e1 accesible en tiempo real, tanto en el OPAC de nuestra Biblioteca como en internet a trav\u00e9s de la direcci\u00f3n web: <a href=\"http:\/\/reddebibliotecas.jccm.es\/cgi-bin\/abnetopac?SUBC=AB\/AB0254\" target=\"_blank\" rel=\"noopener noreferrer nofollow\">http:\/\/reddebibliotecas.jccm.es<\/a><\/p>\n<p style=\"text-align: justify;\">La incorporaci\u00f3n de la biblioteca a esta red supone numerosas ventajas a los usuarios, ya que la informaci\u00f3n de nuestro fondo es m\u00e1s completa, est\u00e1 actualizada, permite el uso de un carn\u00e9 \u00fanico para todas las Bibliotecas de la red de Castilla La Mancha, es decir se podr\u00e1 usar para las 325 restantes.<br \/>\nAdem\u00e1s permite al usuario disfrutar de servicios a trav\u00e9s de la web de la red, como:<\/p>\n<p style=\"text-align: justify;\">&#8211; Consultar los fondos de la red de bibliotecas.<br \/>\n&#8211; Solicitar pr\u00e9stamos o reservas.<br \/>\n&#8211; Hacer sugerencias.<br \/>\n&#8211; Consultar sus pr\u00e9stamos.<\/p>\n<\/div>\n<div id=\"enlaces\">\n<p style=\"text-align: justify;\"><strong>Enlaces relacionados<\/strong><\/p>\n<hr>\n<ul>\n<li style=\"text-align: justify;\"><a href=\"http:\/\/reddebibliotecas.jccm.es\/cgi-bin\/abnetopac?SUBC=AB\/AB0254\" target=\"_blank\" rel=\"noopener noreferrer nofollow\">Cat\u00e1logo de la Biblioteca Ana Mar\u00eda Matute de Caudete<\/a><\/li>\n<li style=\"text-align: justify;\"><a href=\"http:\/\/reddebibliotecas.jccm.es\/cgi-bin\/infa?SUBC=AB\/AB0254\" target=\"_blank\" rel=\"noopener noreferrer nofollow\">Cat\u00e1logo infantil de la Biblioteca de Caudete<\/a><\/li>\n<li style=\"text-align: justify;\"><a href=\"http:\/\/reddebibliotecas.jccm.es\" target=\"_blank\" rel=\"noopener noreferrer nofollow\">Cat\u00e1logo colectivo de las Bibliotecas de Castilla La Mancha<\/a><\/li>\n<\/ul>\n<\/div>\n","protected":false},"excerpt":{"rendered":"<p>El usuario tendr\u00e1 acceso libre a toda la colecci\u00f3n en la propia biblioteca. La Biblioteca posee diferentes secciones de libre acceso : hemeroteca, sala infantil, secci\u00f3n juvenil, secci\u00f3n multimedia, secci\u00f3n de referencia, sala de adultos y secci\u00f3n local. La Biblioteca P\u00fablica Municipal Ana Mar\u00eda Matute de Caudete se ha incorporado al proyecto de la Red &hellip;<\/p>\n","protected":false},"author":1,"featured_media":0,"parent":0,"menu_order":0,"comment_status":"closed","ping_status":"closed","template":"","meta":{"ngg_post_thumbnail":0,"footnotes":""},"categories":[105],"tags":[],"class_list":["post-7125","page","type-page","status-publish","hentry","category-biblioteca"],"yoast_head":"<!-- This site is optimized with the Yoast SEO plugin v27.5 - https:\/\/yoast.com\/product\/yoast-seo-wordpress\/ -->\n<title>Biblioteca - Consulta de Fondos - MI Ayuntamiento de Caudete<\/title>\n<meta name=\"description\" content=\"P\u00e1gina Oficial del Ayuntamiento de Caudete (Albacete)\" \/>\n<meta name=\"robots\" content=\"index, follow, max-snippet:-1, max-image-preview:large, max-video-preview:-1\" \/>\n<link rel=\"canonical\" href=\"https:\/\/www.caudete.org\/ayuntamiento\/biblioteca-consulta-de-fondos\/\" \/>\n<meta property=\"og:locale\" content=\"es_ES\" \/>\n<meta property=\"og:type\" content=\"article\" \/>\n<meta property=\"og:title\" content=\"Biblioteca - Consulta de Fondos - MI Ayuntamiento de Caudete\" \/>\n<meta property=\"og:description\" content=\"P\u00e1gina Oficial del Ayuntamiento de Caudete (Albacete)\" \/>\n<meta property=\"og:url\" content=\"https:\/\/www.caudete.org\/ayuntamiento\/biblioteca-consulta-de-fondos\/\" \/>\n<meta property=\"og:site_name\" content=\"MI Ayuntamiento de Caudete\" \/>\n<meta property=\"article:publisher\" content=\"https:\/\/www.facebook.com\/ayuntamientocaudete\/\" \/>\n<meta property=\"article:modified_time\" content=\"2024-06-21T17:16:45+00:00\" \/>\n<meta name=\"twitter:card\" content=\"summary_large_image\" \/>\n<meta name=\"twitter:label1\" content=\"Tiempo de lectura\" \/>\n\t<meta name=\"twitter:data1\" content=\"1 minuto\" \/>\n<script type=\"application\/ld+json\" class=\"yoast-schema-graph\">{\"@context\":\"https:\\\/\\\/schema.org\",\"@graph\":[{\"@type\":\"WebPage\",\"@id\":\"https:\\\/\\\/www.caudete.org\\\/ayuntamiento\\\/biblioteca-consulta-de-fondos\\\/\",\"url\":\"https:\\\/\\\/www.caudete.org\\\/ayuntamiento\\\/biblioteca-consulta-de-fondos\\\/\",\"name\":\"Biblioteca - Consulta de Fondos - MI Ayuntamiento de Caudete\",\"isPartOf\":{\"@id\":\"https:\\\/\\\/www.caudete.org\\\/ayuntamiento\\\/#website\"},\"datePublished\":\"2020-12-06T17:30:00+00:00\",\"dateModified\":\"2024-06-21T17:16:45+00:00\",\"description\":\"P\u00e1gina Oficial del Ayuntamiento de Caudete (Albacete)\",\"breadcrumb\":{\"@id\":\"https:\\\/\\\/www.caudete.org\\\/ayuntamiento\\\/biblioteca-consulta-de-fondos\\\/#breadcrumb\"},\"inLanguage\":\"es\",\"potentialAction\":[{\"@type\":\"ReadAction\",\"target\":[\"https:\\\/\\\/www.caudete.org\\\/ayuntamiento\\\/biblioteca-consulta-de-fondos\\\/\"]}]},{\"@type\":\"BreadcrumbList\",\"@id\":\"https:\\\/\\\/www.caudete.org\\\/ayuntamiento\\\/biblioteca-consulta-de-fondos\\\/#breadcrumb\",\"itemListElement\":[{\"@type\":\"ListItem\",\"position\":1,\"name\":\"Inicio\",\"item\":\"https:\\\/\\\/www.caudete.org\\\/ayuntamiento\\\/\"},{\"@type\":\"ListItem\",\"position\":2,\"name\":\"Biblioteca &#8211; Consulta de Fondos\"}]},{\"@type\":\"WebSite\",\"@id\":\"https:\\\/\\\/www.caudete.org\\\/ayuntamiento\\\/#website\",\"url\":\"https:\\\/\\\/www.caudete.org\\\/ayuntamiento\\\/\",\"name\":\"MI Ayuntamiento de Caudete\",\"description\":\"P\u00e1gina Oficial del MI Ayuntamiento de Caudete\",\"potentialAction\":[{\"@type\":\"SearchAction\",\"target\":{\"@type\":\"EntryPoint\",\"urlTemplate\":\"https:\\\/\\\/www.caudete.org\\\/ayuntamiento\\\/?s={search_term_string}\"},\"query-input\":{\"@type\":\"PropertyValueSpecification\",\"valueRequired\":true,\"valueName\":\"search_term_string\"}}],\"inLanguage\":\"es\"}]}<\/script>\n<!-- \/ Yoast SEO plugin. -->","yoast_head_json":{"title":"Biblioteca - Consulta de Fondos - MI Ayuntamiento de Caudete","description":"P\u00e1gina Oficial del Ayuntamiento de Caudete (Albacete)","robots":{"index":"index","follow":"follow","max-snippet":"max-snippet:-1","max-image-preview":"max-image-preview:large","max-video-preview":"max-video-preview:-1"},"canonical":"https:\/\/www.caudete.org\/ayuntamiento\/biblioteca-consulta-de-fondos\/","og_locale":"es_ES","og_type":"article","og_title":"Biblioteca - Consulta de Fondos - MI Ayuntamiento de Caudete","og_description":"P\u00e1gina Oficial del Ayuntamiento de Caudete (Albacete)","og_url":"https:\/\/www.caudete.org\/ayuntamiento\/biblioteca-consulta-de-fondos\/","og_site_name":"MI Ayuntamiento de Caudete","article_publisher":"https:\/\/www.facebook.com\/ayuntamientocaudete\/","article_modified_time":"2024-06-21T17:16:45+00:00","twitter_card":"summary_large_image","twitter_misc":{"Tiempo de lectura":"1 minuto"},"schema":{"@context":"https:\/\/schema.org","@graph":[{"@type":"WebPage","@id":"https:\/\/www.caudete.org\/ayuntamiento\/biblioteca-consulta-de-fondos\/","url":"https:\/\/www.caudete.org\/ayuntamiento\/biblioteca-consulta-de-fondos\/","name":"Biblioteca - Consulta de Fondos - MI Ayuntamiento de Caudete","isPartOf":{"@id":"https:\/\/www.caudete.org\/ayuntamiento\/#website"},"datePublished":"2020-12-06T17:30:00+00:00","dateModified":"2024-06-21T17:16:45+00:00","description":"P\u00e1gina Oficial del Ayuntamiento de Caudete (Albacete)","breadcrumb":{"@id":"https:\/\/www.caudete.org\/ayuntamiento\/biblioteca-consulta-de-fondos\/#breadcrumb"},"inLanguage":"es","potentialAction":[{"@type":"ReadAction","target":["https:\/\/www.caudete.org\/ayuntamiento\/biblioteca-consulta-de-fondos\/"]}]},{"@type":"BreadcrumbList","@id":"https:\/\/www.caudete.org\/ayuntamiento\/biblioteca-consulta-de-fondos\/#breadcrumb","itemListElement":[{"@type":"ListItem","position":1,"name":"Inicio","item":"https:\/\/www.caudete.org\/ayuntamiento\/"},{"@type":"ListItem","position":2,"name":"Biblioteca &#8211; Consulta de Fondos"}]},{"@type":"WebSite","@id":"https:\/\/www.caudete.org\/ayuntamiento\/#website","url":"https:\/\/www.caudete.org\/ayuntamiento\/","name":"MI Ayuntamiento de Caudete","description":"P\u00e1gina Oficial del MI Ayuntamiento de Caudete","potentialAction":[{"@type":"SearchAction","target":{"@type":"EntryPoint","urlTemplate":"https:\/\/www.caudete.org\/ayuntamiento\/?s={search_term_string}"},"query-input":{"@type":"PropertyValueSpecification","valueRequired":true,"valueName":"search_term_string"}}],"inLanguage":"es"}]}},"_links":{"self":[{"href":"https:\/\/www.caudete.org\/ayuntamiento\/wp-json\/wp\/v2\/pages\/7125","targetHints":{"allow":["GET"]}}],"collection":[{"href":"https:\/\/www.caudete.org\/ayuntamiento\/wp-json\/wp\/v2\/pages"}],"about":[{"href":"https:\/\/www.caudete.org\/ayuntamiento\/wp-json\/wp\/v2\/types\/page"}],"author":[{"embeddable":true,"href":"https:\/\/www.caudete.org\/ayuntamiento\/wp-json\/wp\/v2\/users\/1"}],"replies":[{"embeddable":true,"href":"https:\/\/www.caudete.org\/ayuntamiento\/wp-json\/wp\/v2\/comments?post=7125"}],"version-history":[{"count":3,"href":"https:\/\/www.caudete.org\/ayuntamiento\/wp-json\/wp\/v2\/pages\/7125\/revisions"}],"predecessor-version":[{"id":7127,"href":"https:\/\/www.caudete.org\/ayuntamiento\/wp-json\/wp\/v2\/pages\/7125\/revisions\/7127"}],"wp:attachment":[{"href":"https:\/\/www.caudete.org\/ayuntamiento\/wp-json\/wp\/v2\/media?parent=7125"}],"wp:term":[{"taxonomy":"category","embeddable":true,"href":"https:\/\/www.caudete.org\/ayuntamiento\/wp-json\/wp\/v2\/categories?post=7125"},{"taxonomy":"post_tag","embeddable":true,"href":"https:\/\/www.caudete.org\/ayuntamiento\/wp-json\/wp\/v2\/tags?post=7125"}],"curies":[{"name":"wp","href":"https:\/\/api.w.org\/{rel}","templated":true}]}}